{"id":28481,"date":"2022-08-23T16:02:13","date_gmt":"2022-08-23T14:02:13","guid":{"rendered":"https:\/\/hundtgroup.com\/produkt\/edding-plnici-pero-3000-s-kulatym-hrotem-zelene-barvy\/"},"modified":"2025-07-29T12:02:43","modified_gmt":"2025-07-29T10:02:43","slug":"edding-plnici-pero-3000-s-kulatym-hrotem-zelene-barvy","status":"publish","type":"product","link":"https:\/\/hundtgroup.com\/cs\/produkt\/edding-plnici-pero-3000-s-kulatym-hrotem-zelene-barvy\/","title":{"rendered":"Edding plnic\u00ed pero 3000 s kulat\u00fdm hrotem zelen\u00e9 barvy"},"content":{"rendered":"<p>Permanentn\u00ed popisova\u010d Odoln\u00fd v\u016f\u010di sv\u011btlu, rychleschnouc\u00ed inkoust s n\u00edzk\u00fdm z\u00e1pachem, odoln\u00fd proti rozmaz\u00e1n\u00ed a vod\u011b, hlin\u00edkov\u00e9 pouzdro, ide\u00e1ln\u00ed pro ozna\u010dov\u00e1n\u00ed t\u00e9m\u011b\u0159 v\u0161ech materi\u00e1l\u016f v\u010detn\u011b skla, kovu a plastu, tlou\u0161\u0165ka p\u00edsma 1,5 &#8211; 3,0 mm.<\/p>\n","protected":false},"excerpt":{"rendered":"<p>Permanentn\u00ed popisova\u010d Odoln\u00fd v\u016f\u010di sv\u011btlu, rychleschnouc\u00ed inkoust s n\u00edzk\u00fdm z\u00e1pachem, odoln\u00fd proti rozmaz\u00e1n\u00ed a vod\u011b, hlin\u00edkov\u00e9 pouzdro, ide\u00e1ln\u00ed pro ozna\u010dov\u00e1n\u00ed t\u00e9m\u011b\u0159 v\u0161ech materi\u00e1l\u016f v\u010detn\u011b skla, kovu a plastu, tlou\u0161\u0165ka p\u00edsma 1,5 &#8211; 3,0 mm.<\/p>\n","protected":false},"featured_media":0,"template":"","meta":{"_acf_changed":false,"inline_featured_image":false},"product_cat":[1563,1562],"product_tag":[],"class_list":{"0":"post-28481","1":"product","2":"type-product","3":"status-publish","5":"brand-edding","6":"product_cat-oznacovani","7":"product_cat-zarizeni-staveniste","9":"first","10":"instock","11":"taxable","12":"shipping-taxable","13":"purchasable","14":"product-type-simple","15":"add-to-wishlist-before_image"},"acf":[],"yoast_head":"<!-- This site is optimized with the Yoast SEO plugin v27.3 - https:\/\/yoast.com\/product\/yoast-seo-wordpress\/ -->\n<title>Edding plnic\u00ed pero 3000 s kulat\u00fdm hrotem zelen\u00e9 barvy - Wilhelm Hundt GmbH<\/title>\n<meta name=\"robots\" content=\"index, follow, max-snippet:-1, max-image-preview:large, max-video-preview:-1\" \/>\n<link rel=\"canonical\" href=\"https:\/\/hundtgroup.com\/cs\/produkt\/edding-plnici-pero-3000-s-kulatym-hrotem-zelene-barvy\/\" \/>\n<meta property=\"og:locale\" content=\"cs_CZ\" \/>\n<meta property=\"og:type\" content=\"article\" \/>\n<meta property=\"og:title\" content=\"Edding plnic\u00ed pero 3000 s kulat\u00fdm hrotem zelen\u00e9 barvy - Wilhelm Hundt GmbH\" \/>\n<meta property=\"og:description\" content=\"Permanentn\u00ed popisova\u010d Odoln\u00fd v\u016f\u010di sv\u011btlu, rychleschnouc\u00ed inkoust s n\u00edzk\u00fdm z\u00e1pachem, odoln\u00fd proti rozmaz\u00e1n\u00ed a vod\u011b, hlin\u00edkov\u00e9 pouzdro, ide\u00e1ln\u00ed pro ozna\u010dov\u00e1n\u00ed t\u00e9m\u011b\u0159 v\u0161ech materi\u00e1l\u016f v\u010detn\u011b skla, kovu a plastu, tlou\u0161\u0165ka p\u00edsma 1,5 &#8211; 3,0 mm.\" \/>\n<meta property=\"og:url\" content=\"https:\/\/hundtgroup.com\/cs\/produkt\/edding-plnici-pero-3000-s-kulatym-hrotem-zelene-barvy\/\" \/>\n<meta property=\"og:site_name\" content=\"Wilhelm Hundt GmbH\" \/>\n<meta property=\"article:modified_time\" content=\"2025-07-29T10:02:43+00:00\" \/>\n<meta name=\"twitter:card\" content=\"summary_large_image\" \/>\n<script type=\"application\/ld+json\" class=\"yoast-schema-graph\">{\"@context\":\"https:\\\/\\\/schema.org\",\"@graph\":[{\"@type\":\"WebPage\",\"@id\":\"https:\\\/\\\/hundtgroup.com\\\/cs\\\/produkt\\\/edding-plnici-pero-3000-s-kulatym-hrotem-zelene-barvy\\\/\",\"url\":\"https:\\\/\\\/hundtgroup.com\\\/cs\\\/produkt\\\/edding-plnici-pero-3000-s-kulatym-hrotem-zelene-barvy\\\/\",\"name\":\"Edding plnic\u00ed pero 3000 s kulat\u00fdm hrotem zelen\u00e9 barvy - Wilhelm Hundt GmbH\",\"isPartOf\":{\"@id\":\"https:\\\/\\\/hundtgroup.com\\\/cs\\\/#website\"},\"datePublished\":\"2022-08-23T14:02:13+00:00\",\"dateModified\":\"2025-07-29T10:02:43+00:00\",\"breadcrumb\":{\"@id\":\"https:\\\/\\\/hundtgroup.com\\\/cs\\\/produkt\\\/edding-plnici-pero-3000-s-kulatym-hrotem-zelene-barvy\\\/#breadcrumb\"},\"inLanguage\":\"cs\",\"potentialAction\":[{\"@type\":\"ReadAction\",\"target\":[\"https:\\\/\\\/hundtgroup.com\\\/cs\\\/produkt\\\/edding-plnici-pero-3000-s-kulatym-hrotem-zelene-barvy\\\/\"]}]},{\"@type\":\"BreadcrumbList\",\"@id\":\"https:\\\/\\\/hundtgroup.com\\\/cs\\\/produkt\\\/edding-plnici-pero-3000-s-kulatym-hrotem-zelene-barvy\\\/#breadcrumb\",\"itemListElement\":[{\"@type\":\"ListItem\",\"position\":1,\"name\":\"Startseite\",\"item\":\"https:\\\/\\\/hundtgroup.com\\\/cs\\\/home-nove\\\/\"},{\"@type\":\"ListItem\",\"position\":2,\"name\":\"Obchod\",\"item\":\"https:\\\/\\\/hundtgroup.com\\\/obchod\\\/\"},{\"@type\":\"ListItem\",\"position\":3,\"name\":\"Edding plnic\u00ed pero 3000 s kulat\u00fdm hrotem zelen\u00e9 barvy\"}]},{\"@type\":\"WebSite\",\"@id\":\"https:\\\/\\\/hundtgroup.com\\\/cs\\\/#website\",\"url\":\"https:\\\/\\\/hundtgroup.com\\\/cs\\\/\",\"name\":\"Wilhelm Hundt GmbH\",\"description\":\"V\u00e1\u0161 specialista na stroje a n\u00e1stroje pro zpracov\u00e1n\u00ed plechu\",\"potentialAction\":[{\"@type\":\"SearchAction\",\"target\":{\"@type\":\"EntryPoint\",\"urlTemplate\":\"https:\\\/\\\/hundtgroup.com\\\/cs\\\/?s={search_term_string}\"},\"query-input\":{\"@type\":\"PropertyValueSpecification\",\"valueRequired\":true,\"valueName\":\"search_term_string\"}}],\"inLanguage\":\"cs\"}]}<\/script>\n<!-- \/ Yoast SEO plugin. -->","yoast_head_json":{"title":"Edding plnic\u00ed pero 3000 s kulat\u00fdm hrotem zelen\u00e9 barvy - Wilhelm Hundt GmbH","robots":{"index":"index","follow":"follow","max-snippet":"max-snippet:-1","max-image-preview":"max-image-preview:large","max-video-preview":"max-video-preview:-1"},"canonical":"https:\/\/hundtgroup.com\/cs\/produkt\/edding-plnici-pero-3000-s-kulatym-hrotem-zelene-barvy\/","og_locale":"cs_CZ","og_type":"article","og_title":"Edding plnic\u00ed pero 3000 s kulat\u00fdm hrotem zelen\u00e9 barvy - Wilhelm Hundt GmbH","og_description":"Permanentn\u00ed popisova\u010d Odoln\u00fd v\u016f\u010di sv\u011btlu, rychleschnouc\u00ed inkoust s n\u00edzk\u00fdm z\u00e1pachem, odoln\u00fd proti rozmaz\u00e1n\u00ed a vod\u011b, hlin\u00edkov\u00e9 pouzdro, ide\u00e1ln\u00ed pro ozna\u010dov\u00e1n\u00ed t\u00e9m\u011b\u0159 v\u0161ech materi\u00e1l\u016f v\u010detn\u011b skla, kovu a plastu, tlou\u0161\u0165ka p\u00edsma 1,5 &#8211; 3,0 mm.","og_url":"https:\/\/hundtgroup.com\/cs\/produkt\/edding-plnici-pero-3000-s-kulatym-hrotem-zelene-barvy\/","og_site_name":"Wilhelm Hundt GmbH","article_modified_time":"2025-07-29T10:02:43+00:00","twitter_card":"summary_large_image","schema":{"@context":"https:\/\/schema.org","@graph":[{"@type":"WebPage","@id":"https:\/\/hundtgroup.com\/cs\/produkt\/edding-plnici-pero-3000-s-kulatym-hrotem-zelene-barvy\/","url":"https:\/\/hundtgroup.com\/cs\/produkt\/edding-plnici-pero-3000-s-kulatym-hrotem-zelene-barvy\/","name":"Edding plnic\u00ed pero 3000 s kulat\u00fdm hrotem zelen\u00e9 barvy - Wilhelm Hundt GmbH","isPartOf":{"@id":"https:\/\/hundtgroup.com\/cs\/#website"},"datePublished":"2022-08-23T14:02:13+00:00","dateModified":"2025-07-29T10:02:43+00:00","breadcrumb":{"@id":"https:\/\/hundtgroup.com\/cs\/produkt\/edding-plnici-pero-3000-s-kulatym-hrotem-zelene-barvy\/#breadcrumb"},"inLanguage":"cs","potentialAction":[{"@type":"ReadAction","target":["https:\/\/hundtgroup.com\/cs\/produkt\/edding-plnici-pero-3000-s-kulatym-hrotem-zelene-barvy\/"]}]},{"@type":"BreadcrumbList","@id":"https:\/\/hundtgroup.com\/cs\/produkt\/edding-plnici-pero-3000-s-kulatym-hrotem-zelene-barvy\/#breadcrumb","itemListElement":[{"@type":"ListItem","position":1,"name":"Startseite","item":"https:\/\/hundtgroup.com\/cs\/home-nove\/"},{"@type":"ListItem","position":2,"name":"Obchod","item":"https:\/\/hundtgroup.com\/obchod\/"},{"@type":"ListItem","position":3,"name":"Edding plnic\u00ed pero 3000 s kulat\u00fdm hrotem zelen\u00e9 barvy"}]},{"@type":"WebSite","@id":"https:\/\/hundtgroup.com\/cs\/#website","url":"https:\/\/hundtgroup.com\/cs\/","name":"Wilhelm Hundt GmbH","description":"V\u00e1\u0161 specialista na stroje a n\u00e1stroje pro zpracov\u00e1n\u00ed plechu","potentialAction":[{"@type":"SearchAction","target":{"@type":"EntryPoint","urlTemplate":"https:\/\/hundtgroup.com\/cs\/?s={search_term_string}"},"query-input":{"@type":"PropertyValueSpecification","valueRequired":true,"valueName":"search_term_string"}}],"inLanguage":"cs"}]}},"_links":{"self":[{"href":"https:\/\/hundtgroup.com\/cs\/wp-json\/wp\/v2\/product\/28481","targetHints":{"allow":["GET"]}}],"collection":[{"href":"https:\/\/hundtgroup.com\/cs\/wp-json\/wp\/v2\/product"}],"about":[{"href":"https:\/\/hundtgroup.com\/cs\/wp-json\/wp\/v2\/types\/product"}],"wp:attachment":[{"href":"https:\/\/hundtgroup.com\/cs\/wp-json\/wp\/v2\/media?parent=28481"}],"wp:term":[{"taxonomy":"product_cat","embeddable":true,"href":"https:\/\/hundtgroup.com\/cs\/wp-json\/wp\/v2\/product_cat?post=28481"},{"taxonomy":"product_tag","embeddable":true,"href":"https:\/\/hundtgroup.com\/cs\/wp-json\/wp\/v2\/product_tag?post=28481"}],"curies":[{"name":"wp","href":"https:\/\/api.w.org\/{rel}","templated":true}]}}