{"id":28655,"date":"2022-10-26T15:59:20","date_gmt":"2022-10-26T13:59:20","guid":{"rendered":"https:\/\/hundtgroup.com\/produkt\/nastrcny-klic-hundt-s-magnetem-sw-10\/"},"modified":"2025-07-29T13:18:26","modified_gmt":"2025-07-29T11:18:26","slug":"nastrcny-klic-hundt-s-magnetem-sw-10","status":"publish","type":"product","link":"https:\/\/hundtgroup.com\/cs\/produkt\/nastrcny-klic-hundt-s-magnetem-sw-10\/","title":{"rendered":"N\u00e1str\u010dn\u00fd kl\u00ed\u010d Hundt s magnetem SW 10"},"content":{"rendered":"<p>1\/4&#8243; pohon, tvar E6.3, pro p\u0159\u00edm\u00e9 p\u0159ipojen\u00ed stroje, siln\u00fd permanentn\u00ed magnet upev\u0148uje \u0161roub, bezpe\u010dn\u00e1 mont\u00e1\u017e jednou rukou, vysok\u00fd p\u0159enos<br \/>\nhodnot to\u010div\u00e9ho momentu.<\/p>\n","protected":false},"excerpt":{"rendered":"<p>1\/4&#8243; pohon, tvar E6.3, pro p\u0159\u00edm\u00e9 p\u0159ipojen\u00ed stroje, siln\u00fd permanentn\u00ed magnet upev\u0148uje \u0161roub, bezpe\u010dn\u00e1 mont\u00e1\u017e jednou rukou, vysok\u00fd p\u0159enos hodnot to\u010div\u00e9ho momentu.<\/p>\n","protected":false},"featured_media":28618,"template":"","meta":{"_acf_changed":false,"inline_featured_image":false},"product_cat":[1630,1670,1549],"product_tag":[],"class_list":{"0":"post-28655","1":"product","2":"type-product","3":"status-publish","4":"has-post-thumbnail","6":"brand-hundt","7":"product_cat-nasazeni","8":"product_cat-magnet-na-nastrcne-klice","9":"product_cat-baterie-elektricke-prislusenstvi","11":"first","12":"instock","13":"taxable","14":"shipping-taxable","15":"purchasable","16":"product-type-simple","17":"add-to-wishlist-before_image"},"acf":[],"yoast_head":"<!-- This site is optimized with the Yoast SEO plugin v27.3 - https:\/\/yoast.com\/product\/yoast-seo-wordpress\/ -->\n<title>N\u00e1str\u010dn\u00fd kl\u00ed\u010d Hundt s magnetem SW 10 - Wilhelm Hundt GmbH<\/title>\n<meta name=\"robots\" content=\"index, follow, max-snippet:-1, max-image-preview:large, max-video-preview:-1\" \/>\n<link rel=\"canonical\" href=\"https:\/\/hundtgroup.com\/cs\/produkt\/nastrcny-klic-hundt-s-magnetem-sw-10\/\" \/>\n<meta property=\"og:locale\" content=\"cs_CZ\" \/>\n<meta property=\"og:type\" content=\"article\" \/>\n<meta property=\"og:title\" content=\"N\u00e1str\u010dn\u00fd kl\u00ed\u010d Hundt s magnetem SW 10 - Wilhelm Hundt GmbH\" \/>\n<meta property=\"og:description\" content=\"1\/4&#8243; pohon, tvar E6.3, pro p\u0159\u00edm\u00e9 p\u0159ipojen\u00ed stroje, siln\u00fd permanentn\u00ed magnet upev\u0148uje \u0161roub, bezpe\u010dn\u00e1 mont\u00e1\u017e jednou rukou, vysok\u00fd p\u0159enos hodnot to\u010div\u00e9ho momentu.\" \/>\n<meta property=\"og:url\" content=\"https:\/\/hundtgroup.com\/cs\/produkt\/nastrcny-klic-hundt-s-magnetem-sw-10\/\" \/>\n<meta property=\"og:site_name\" content=\"Wilhelm Hundt GmbH\" \/>\n<meta property=\"article:modified_time\" content=\"2025-07-29T11:18:26+00:00\" \/>\n<meta property=\"og:image\" content=\"https:\/\/hundtgroup.com\/wp-content\/uploads\/355001.png\" \/>\n\t<meta property=\"og:image:width\" content=\"536\" \/>\n\t<meta property=\"og:image:height\" content=\"191\" \/>\n\t<meta property=\"og:image:type\" content=\"image\/png\" \/>\n<meta name=\"twitter:card\" content=\"summary_large_image\" \/>\n<script type=\"application\/ld+json\" class=\"yoast-schema-graph\">{\"@context\":\"https:\\\/\\\/schema.org\",\"@graph\":[{\"@type\":\"WebPage\",\"@id\":\"https:\\\/\\\/hundtgroup.com\\\/cs\\\/produkt\\\/nastrcny-klic-hundt-s-magnetem-sw-10\\\/\",\"url\":\"https:\\\/\\\/hundtgroup.com\\\/cs\\\/produkt\\\/nastrcny-klic-hundt-s-magnetem-sw-10\\\/\",\"name\":\"N\u00e1str\u010dn\u00fd kl\u00ed\u010d Hundt s magnetem SW 10 - Wilhelm Hundt GmbH\",\"isPartOf\":{\"@id\":\"https:\\\/\\\/hundtgroup.com\\\/cs\\\/#website\"},\"primaryImageOfPage\":{\"@id\":\"https:\\\/\\\/hundtgroup.com\\\/cs\\\/produkt\\\/nastrcny-klic-hundt-s-magnetem-sw-10\\\/#primaryimage\"},\"image\":{\"@id\":\"https:\\\/\\\/hundtgroup.com\\\/cs\\\/produkt\\\/nastrcny-klic-hundt-s-magnetem-sw-10\\\/#primaryimage\"},\"thumbnailUrl\":\"https:\\\/\\\/hundtgroup.com\\\/wp-content\\\/uploads\\\/355001.png\",\"datePublished\":\"2022-10-26T13:59:20+00:00\",\"dateModified\":\"2025-07-29T11:18:26+00:00\",\"breadcrumb\":{\"@id\":\"https:\\\/\\\/hundtgroup.com\\\/cs\\\/produkt\\\/nastrcny-klic-hundt-s-magnetem-sw-10\\\/#breadcrumb\"},\"inLanguage\":\"cs\",\"potentialAction\":[{\"@type\":\"ReadAction\",\"target\":[\"https:\\\/\\\/hundtgroup.com\\\/cs\\\/produkt\\\/nastrcny-klic-hundt-s-magnetem-sw-10\\\/\"]}]},{\"@type\":\"ImageObject\",\"inLanguage\":\"cs\",\"@id\":\"https:\\\/\\\/hundtgroup.com\\\/cs\\\/produkt\\\/nastrcny-klic-hundt-s-magnetem-sw-10\\\/#primaryimage\",\"url\":\"https:\\\/\\\/hundtgroup.com\\\/wp-content\\\/uploads\\\/355001.png\",\"contentUrl\":\"https:\\\/\\\/hundtgroup.com\\\/wp-content\\\/uploads\\\/355001.png\",\"width\":536,\"height\":191},{\"@type\":\"BreadcrumbList\",\"@id\":\"https:\\\/\\\/hundtgroup.com\\\/cs\\\/produkt\\\/nastrcny-klic-hundt-s-magnetem-sw-10\\\/#breadcrumb\",\"itemListElement\":[{\"@type\":\"ListItem\",\"position\":1,\"name\":\"Startseite\",\"item\":\"https:\\\/\\\/hundtgroup.com\\\/cs\\\/home-nove\\\/\"},{\"@type\":\"ListItem\",\"position\":2,\"name\":\"Obchod\",\"item\":\"https:\\\/\\\/hundtgroup.com\\\/obchod\\\/\"},{\"@type\":\"ListItem\",\"position\":3,\"name\":\"N\u00e1str\u010dn\u00fd kl\u00ed\u010d Hundt s magnetem SW 10\"}]},{\"@type\":\"WebSite\",\"@id\":\"https:\\\/\\\/hundtgroup.com\\\/cs\\\/#website\",\"url\":\"https:\\\/\\\/hundtgroup.com\\\/cs\\\/\",\"name\":\"Wilhelm Hundt GmbH\",\"description\":\"V\u00e1\u0161 specialista na stroje a n\u00e1stroje pro zpracov\u00e1n\u00ed plechu\",\"potentialAction\":[{\"@type\":\"SearchAction\",\"target\":{\"@type\":\"EntryPoint\",\"urlTemplate\":\"https:\\\/\\\/hundtgroup.com\\\/cs\\\/?s={search_term_string}\"},\"query-input\":{\"@type\":\"PropertyValueSpecification\",\"valueRequired\":true,\"valueName\":\"search_term_string\"}}],\"inLanguage\":\"cs\"}]}<\/script>\n<!-- \/ Yoast SEO plugin. -->","yoast_head_json":{"title":"N\u00e1str\u010dn\u00fd kl\u00ed\u010d Hundt s magnetem SW 10 - Wilhelm Hundt GmbH","robots":{"index":"index","follow":"follow","max-snippet":"max-snippet:-1","max-image-preview":"max-image-preview:large","max-video-preview":"max-video-preview:-1"},"canonical":"https:\/\/hundtgroup.com\/cs\/produkt\/nastrcny-klic-hundt-s-magnetem-sw-10\/","og_locale":"cs_CZ","og_type":"article","og_title":"N\u00e1str\u010dn\u00fd kl\u00ed\u010d Hundt s magnetem SW 10 - Wilhelm Hundt GmbH","og_description":"1\/4&#8243; pohon, tvar E6.3, pro p\u0159\u00edm\u00e9 p\u0159ipojen\u00ed stroje, siln\u00fd permanentn\u00ed magnet upev\u0148uje \u0161roub, bezpe\u010dn\u00e1 mont\u00e1\u017e jednou rukou, vysok\u00fd p\u0159enos hodnot to\u010div\u00e9ho momentu.","og_url":"https:\/\/hundtgroup.com\/cs\/produkt\/nastrcny-klic-hundt-s-magnetem-sw-10\/","og_site_name":"Wilhelm Hundt GmbH","article_modified_time":"2025-07-29T11:18:26+00:00","og_image":[{"width":536,"height":191,"url":"https:\/\/hundtgroup.com\/wp-content\/uploads\/355001.png","type":"image\/png"}],"twitter_card":"summary_large_image","schema":{"@context":"https:\/\/schema.org","@graph":[{"@type":"WebPage","@id":"https:\/\/hundtgroup.com\/cs\/produkt\/nastrcny-klic-hundt-s-magnetem-sw-10\/","url":"https:\/\/hundtgroup.com\/cs\/produkt\/nastrcny-klic-hundt-s-magnetem-sw-10\/","name":"N\u00e1str\u010dn\u00fd kl\u00ed\u010d Hundt s magnetem SW 10 - Wilhelm Hundt GmbH","isPartOf":{"@id":"https:\/\/hundtgroup.com\/cs\/#website"},"primaryImageOfPage":{"@id":"https:\/\/hundtgroup.com\/cs\/produkt\/nastrcny-klic-hundt-s-magnetem-sw-10\/#primaryimage"},"image":{"@id":"https:\/\/hundtgroup.com\/cs\/produkt\/nastrcny-klic-hundt-s-magnetem-sw-10\/#primaryimage"},"thumbnailUrl":"https:\/\/hundtgroup.com\/wp-content\/uploads\/355001.png","datePublished":"2022-10-26T13:59:20+00:00","dateModified":"2025-07-29T11:18:26+00:00","breadcrumb":{"@id":"https:\/\/hundtgroup.com\/cs\/produkt\/nastrcny-klic-hundt-s-magnetem-sw-10\/#breadcrumb"},"inLanguage":"cs","potentialAction":[{"@type":"ReadAction","target":["https:\/\/hundtgroup.com\/cs\/produkt\/nastrcny-klic-hundt-s-magnetem-sw-10\/"]}]},{"@type":"ImageObject","inLanguage":"cs","@id":"https:\/\/hundtgroup.com\/cs\/produkt\/nastrcny-klic-hundt-s-magnetem-sw-10\/#primaryimage","url":"https:\/\/hundtgroup.com\/wp-content\/uploads\/355001.png","contentUrl":"https:\/\/hundtgroup.com\/wp-content\/uploads\/355001.png","width":536,"height":191},{"@type":"BreadcrumbList","@id":"https:\/\/hundtgroup.com\/cs\/produkt\/nastrcny-klic-hundt-s-magnetem-sw-10\/#breadcrumb","itemListElement":[{"@type":"ListItem","position":1,"name":"Startseite","item":"https:\/\/hundtgroup.com\/cs\/home-nove\/"},{"@type":"ListItem","position":2,"name":"Obchod","item":"https:\/\/hundtgroup.com\/obchod\/"},{"@type":"ListItem","position":3,"name":"N\u00e1str\u010dn\u00fd kl\u00ed\u010d Hundt s magnetem SW 10"}]},{"@type":"WebSite","@id":"https:\/\/hundtgroup.com\/cs\/#website","url":"https:\/\/hundtgroup.com\/cs\/","name":"Wilhelm Hundt GmbH","description":"V\u00e1\u0161 specialista na stroje a n\u00e1stroje pro zpracov\u00e1n\u00ed plechu","potentialAction":[{"@type":"SearchAction","target":{"@type":"EntryPoint","urlTemplate":"https:\/\/hundtgroup.com\/cs\/?s={search_term_string}"},"query-input":{"@type":"PropertyValueSpecification","valueRequired":true,"valueName":"search_term_string"}}],"inLanguage":"cs"}]}},"_links":{"self":[{"href":"https:\/\/hundtgroup.com\/cs\/wp-json\/wp\/v2\/product\/28655","targetHints":{"allow":["GET"]}}],"collection":[{"href":"https:\/\/hundtgroup.com\/cs\/wp-json\/wp\/v2\/product"}],"about":[{"href":"https:\/\/hundtgroup.com\/cs\/wp-json\/wp\/v2\/types\/product"}],"wp:featuredmedia":[{"embeddable":true,"href":"https:\/\/hundtgroup.com\/cs\/wp-json\/wp\/v2\/media\/28618"}],"wp:attachment":[{"href":"https:\/\/hundtgroup.com\/cs\/wp-json\/wp\/v2\/media?parent=28655"}],"wp:term":[{"taxonomy":"product_cat","embeddable":true,"href":"https:\/\/hundtgroup.com\/cs\/wp-json\/wp\/v2\/product_cat?post=28655"},{"taxonomy":"product_tag","embeddable":true,"href":"https:\/\/hundtgroup.com\/cs\/wp-json\/wp\/v2\/product_tag?post=28655"}],"curies":[{"name":"wp","href":"https:\/\/api.w.org\/{rel}","templated":true}]}}