{"id":29493,"date":"2022-08-23T16:00:58","date_gmt":"2022-08-23T14:00:58","guid":{"rendered":"https:\/\/hundtgroup.com\/produkt\/d27ah-tin-idealni-nuzky-hss-leve\/"},"modified":"2025-07-29T11:48:48","modified_gmt":"2025-07-29T09:48:48","slug":"d27ah-tin-idealni-nuzky-hss-leve","status":"publish","type":"product","link":"https:\/\/hundtgroup.com\/cs\/produkt\/d27ah-tin-idealni-nuzky-hss-leve\/","title":{"rendered":"D27AH-TIN Ide\u00e1ln\u00ed n\u016f\u017eky HSS lev\u00e9"},"content":{"rendered":"<p>S p\u00e1kov\u00fdm p\u0159evodem.<br \/>\nPro plynul\u00e9 rovn\u00e9 a figurovan\u00e9 \u0159ezy.<br \/>\nSt\u0159i\u017en\u00e1 hlava s TiN povlakem pro je\u0161t\u011b del\u0161\u00ed \u017eivotnost i u tvrd\u00fdch materi\u00e1l\u016f.<br \/>\nVlo\u017een\u00e9 b\u0159ity z HSS.<\/p>\n","protected":false},"excerpt":{"rendered":"<p>S p\u00e1kov\u00fdm p\u0159evodem. Pro plynul\u00e9 rovn\u00e9 a figurovan\u00e9 \u0159ezy. St\u0159i\u017en\u00e1 hlava s TiN povlakem pro je\u0161t\u011b del\u0161\u00ed \u017eivotnost i u tvrd\u00fdch materi\u00e1l\u016f. Vlo\u017een\u00e9 b\u0159ity z HSS.<\/p>\n","protected":false},"featured_media":29494,"template":"","meta":{"_acf_changed":false,"inline_featured_image":false},"product_cat":[1589,715,1594,1559],"product_tag":[],"class_list":{"0":"post-29493","1":"product","2":"type-product","3":"status-publish","4":"has-post-thumbnail","6":"brand-erdi","7":"product_cat-idealni-nuzky","8":"product_cat-rucni-naradi","9":"product_cat-prelozena-paka","10":"product_cat-nuzky-na-plech-cs-3","12":"first","13":"instock","14":"taxable","15":"shipping-taxable","16":"purchasable","17":"product-type-simple","18":"add-to-wishlist-before_image"},"acf":[],"yoast_head":"<!-- This site is optimized with the Yoast SEO plugin v27.3 - https:\/\/yoast.com\/product\/yoast-seo-wordpress\/ -->\n<title>D27AH-TIN Ide\u00e1ln\u00ed n\u016f\u017eky HSS lev\u00e9 - Wilhelm Hundt GmbH<\/title>\n<meta name=\"robots\" content=\"index, follow, max-snippet:-1, max-image-preview:large, max-video-preview:-1\" \/>\n<link rel=\"canonical\" href=\"https:\/\/hundtgroup.com\/cs\/produkt\/d27ah-tin-idealni-nuzky-hss-leve\/\" \/>\n<meta property=\"og:locale\" content=\"cs_CZ\" \/>\n<meta property=\"og:type\" content=\"article\" \/>\n<meta property=\"og:title\" content=\"D27AH-TIN Ide\u00e1ln\u00ed n\u016f\u017eky HSS lev\u00e9 - Wilhelm Hundt GmbH\" \/>\n<meta property=\"og:description\" content=\"S p\u00e1kov\u00fdm p\u0159evodem. Pro plynul\u00e9 rovn\u00e9 a figurovan\u00e9 \u0159ezy. St\u0159i\u017en\u00e1 hlava s TiN povlakem pro je\u0161t\u011b del\u0161\u00ed \u017eivotnost i u tvrd\u00fdch materi\u00e1l\u016f. Vlo\u017een\u00e9 b\u0159ity z HSS.\" \/>\n<meta property=\"og:url\" content=\"https:\/\/hundtgroup.com\/cs\/produkt\/d27ah-tin-idealni-nuzky-hss-leve\/\" \/>\n<meta property=\"og:site_name\" content=\"Wilhelm Hundt GmbH\" \/>\n<meta property=\"article:modified_time\" content=\"2025-07-29T09:48:48+00:00\" \/>\n<meta property=\"og:image\" content=\"https:\/\/hundtgroup.com\/wp-content\/uploads\/400149.png\" \/>\n\t<meta property=\"og:image:width\" content=\"759\" \/>\n\t<meta property=\"og:image:height\" content=\"222\" \/>\n\t<meta property=\"og:image:type\" content=\"image\/png\" \/>\n<meta name=\"twitter:card\" content=\"summary_large_image\" \/>\n<script type=\"application\/ld+json\" class=\"yoast-schema-graph\">{\"@context\":\"https:\\\/\\\/schema.org\",\"@graph\":[{\"@type\":\"WebPage\",\"@id\":\"https:\\\/\\\/hundtgroup.com\\\/cs\\\/produkt\\\/d27ah-tin-idealni-nuzky-hss-leve\\\/\",\"url\":\"https:\\\/\\\/hundtgroup.com\\\/cs\\\/produkt\\\/d27ah-tin-idealni-nuzky-hss-leve\\\/\",\"name\":\"D27AH-TIN Ide\u00e1ln\u00ed n\u016f\u017eky HSS lev\u00e9 - Wilhelm Hundt GmbH\",\"isPartOf\":{\"@id\":\"https:\\\/\\\/hundtgroup.com\\\/cs\\\/#website\"},\"primaryImageOfPage\":{\"@id\":\"https:\\\/\\\/hundtgroup.com\\\/cs\\\/produkt\\\/d27ah-tin-idealni-nuzky-hss-leve\\\/#primaryimage\"},\"image\":{\"@id\":\"https:\\\/\\\/hundtgroup.com\\\/cs\\\/produkt\\\/d27ah-tin-idealni-nuzky-hss-leve\\\/#primaryimage\"},\"thumbnailUrl\":\"https:\\\/\\\/hundtgroup.com\\\/wp-content\\\/uploads\\\/400149.png\",\"datePublished\":\"2022-08-23T14:00:58+00:00\",\"dateModified\":\"2025-07-29T09:48:48+00:00\",\"breadcrumb\":{\"@id\":\"https:\\\/\\\/hundtgroup.com\\\/cs\\\/produkt\\\/d27ah-tin-idealni-nuzky-hss-leve\\\/#breadcrumb\"},\"inLanguage\":\"cs\",\"potentialAction\":[{\"@type\":\"ReadAction\",\"target\":[\"https:\\\/\\\/hundtgroup.com\\\/cs\\\/produkt\\\/d27ah-tin-idealni-nuzky-hss-leve\\\/\"]}]},{\"@type\":\"ImageObject\",\"inLanguage\":\"cs\",\"@id\":\"https:\\\/\\\/hundtgroup.com\\\/cs\\\/produkt\\\/d27ah-tin-idealni-nuzky-hss-leve\\\/#primaryimage\",\"url\":\"https:\\\/\\\/hundtgroup.com\\\/wp-content\\\/uploads\\\/400149.png\",\"contentUrl\":\"https:\\\/\\\/hundtgroup.com\\\/wp-content\\\/uploads\\\/400149.png\",\"width\":759,\"height\":222},{\"@type\":\"BreadcrumbList\",\"@id\":\"https:\\\/\\\/hundtgroup.com\\\/cs\\\/produkt\\\/d27ah-tin-idealni-nuzky-hss-leve\\\/#breadcrumb\",\"itemListElement\":[{\"@type\":\"ListItem\",\"position\":1,\"name\":\"Startseite\",\"item\":\"https:\\\/\\\/hundtgroup.com\\\/cs\\\/home-nove\\\/\"},{\"@type\":\"ListItem\",\"position\":2,\"name\":\"Obchod\",\"item\":\"https:\\\/\\\/hundtgroup.com\\\/obchod\\\/\"},{\"@type\":\"ListItem\",\"position\":3,\"name\":\"D27AH-TIN Ide\u00e1ln\u00ed n\u016f\u017eky HSS lev\u00e9\"}]},{\"@type\":\"WebSite\",\"@id\":\"https:\\\/\\\/hundtgroup.com\\\/cs\\\/#website\",\"url\":\"https:\\\/\\\/hundtgroup.com\\\/cs\\\/\",\"name\":\"Wilhelm Hundt GmbH\",\"description\":\"V\u00e1\u0161 specialista na stroje a n\u00e1stroje pro zpracov\u00e1n\u00ed plechu\",\"potentialAction\":[{\"@type\":\"SearchAction\",\"target\":{\"@type\":\"EntryPoint\",\"urlTemplate\":\"https:\\\/\\\/hundtgroup.com\\\/cs\\\/?s={search_term_string}\"},\"query-input\":{\"@type\":\"PropertyValueSpecification\",\"valueRequired\":true,\"valueName\":\"search_term_string\"}}],\"inLanguage\":\"cs\"}]}<\/script>\n<!-- \/ Yoast SEO plugin. -->","yoast_head_json":{"title":"D27AH-TIN Ide\u00e1ln\u00ed n\u016f\u017eky HSS lev\u00e9 - Wilhelm Hundt GmbH","robots":{"index":"index","follow":"follow","max-snippet":"max-snippet:-1","max-image-preview":"max-image-preview:large","max-video-preview":"max-video-preview:-1"},"canonical":"https:\/\/hundtgroup.com\/cs\/produkt\/d27ah-tin-idealni-nuzky-hss-leve\/","og_locale":"cs_CZ","og_type":"article","og_title":"D27AH-TIN Ide\u00e1ln\u00ed n\u016f\u017eky HSS lev\u00e9 - Wilhelm Hundt GmbH","og_description":"S p\u00e1kov\u00fdm p\u0159evodem. Pro plynul\u00e9 rovn\u00e9 a figurovan\u00e9 \u0159ezy. St\u0159i\u017en\u00e1 hlava s TiN povlakem pro je\u0161t\u011b del\u0161\u00ed \u017eivotnost i u tvrd\u00fdch materi\u00e1l\u016f. Vlo\u017een\u00e9 b\u0159ity z HSS.","og_url":"https:\/\/hundtgroup.com\/cs\/produkt\/d27ah-tin-idealni-nuzky-hss-leve\/","og_site_name":"Wilhelm Hundt GmbH","article_modified_time":"2025-07-29T09:48:48+00:00","og_image":[{"width":759,"height":222,"url":"https:\/\/hundtgroup.com\/wp-content\/uploads\/400149.png","type":"image\/png"}],"twitter_card":"summary_large_image","schema":{"@context":"https:\/\/schema.org","@graph":[{"@type":"WebPage","@id":"https:\/\/hundtgroup.com\/cs\/produkt\/d27ah-tin-idealni-nuzky-hss-leve\/","url":"https:\/\/hundtgroup.com\/cs\/produkt\/d27ah-tin-idealni-nuzky-hss-leve\/","name":"D27AH-TIN Ide\u00e1ln\u00ed n\u016f\u017eky HSS lev\u00e9 - Wilhelm Hundt GmbH","isPartOf":{"@id":"https:\/\/hundtgroup.com\/cs\/#website"},"primaryImageOfPage":{"@id":"https:\/\/hundtgroup.com\/cs\/produkt\/d27ah-tin-idealni-nuzky-hss-leve\/#primaryimage"},"image":{"@id":"https:\/\/hundtgroup.com\/cs\/produkt\/d27ah-tin-idealni-nuzky-hss-leve\/#primaryimage"},"thumbnailUrl":"https:\/\/hundtgroup.com\/wp-content\/uploads\/400149.png","datePublished":"2022-08-23T14:00:58+00:00","dateModified":"2025-07-29T09:48:48+00:00","breadcrumb":{"@id":"https:\/\/hundtgroup.com\/cs\/produkt\/d27ah-tin-idealni-nuzky-hss-leve\/#breadcrumb"},"inLanguage":"cs","potentialAction":[{"@type":"ReadAction","target":["https:\/\/hundtgroup.com\/cs\/produkt\/d27ah-tin-idealni-nuzky-hss-leve\/"]}]},{"@type":"ImageObject","inLanguage":"cs","@id":"https:\/\/hundtgroup.com\/cs\/produkt\/d27ah-tin-idealni-nuzky-hss-leve\/#primaryimage","url":"https:\/\/hundtgroup.com\/wp-content\/uploads\/400149.png","contentUrl":"https:\/\/hundtgroup.com\/wp-content\/uploads\/400149.png","width":759,"height":222},{"@type":"BreadcrumbList","@id":"https:\/\/hundtgroup.com\/cs\/produkt\/d27ah-tin-idealni-nuzky-hss-leve\/#breadcrumb","itemListElement":[{"@type":"ListItem","position":1,"name":"Startseite","item":"https:\/\/hundtgroup.com\/cs\/home-nove\/"},{"@type":"ListItem","position":2,"name":"Obchod","item":"https:\/\/hundtgroup.com\/obchod\/"},{"@type":"ListItem","position":3,"name":"D27AH-TIN Ide\u00e1ln\u00ed n\u016f\u017eky HSS lev\u00e9"}]},{"@type":"WebSite","@id":"https:\/\/hundtgroup.com\/cs\/#website","url":"https:\/\/hundtgroup.com\/cs\/","name":"Wilhelm Hundt GmbH","description":"V\u00e1\u0161 specialista na stroje a n\u00e1stroje pro zpracov\u00e1n\u00ed plechu","potentialAction":[{"@type":"SearchAction","target":{"@type":"EntryPoint","urlTemplate":"https:\/\/hundtgroup.com\/cs\/?s={search_term_string}"},"query-input":{"@type":"PropertyValueSpecification","valueRequired":true,"valueName":"search_term_string"}}],"inLanguage":"cs"}]}},"_links":{"self":[{"href":"https:\/\/hundtgroup.com\/cs\/wp-json\/wp\/v2\/product\/29493","targetHints":{"allow":["GET"]}}],"collection":[{"href":"https:\/\/hundtgroup.com\/cs\/wp-json\/wp\/v2\/product"}],"about":[{"href":"https:\/\/hundtgroup.com\/cs\/wp-json\/wp\/v2\/types\/product"}],"wp:featuredmedia":[{"embeddable":true,"href":"https:\/\/hundtgroup.com\/cs\/wp-json\/wp\/v2\/media\/29494"}],"wp:attachment":[{"href":"https:\/\/hundtgroup.com\/cs\/wp-json\/wp\/v2\/media?parent=29493"}],"wp:term":[{"taxonomy":"product_cat","embeddable":true,"href":"https:\/\/hundtgroup.com\/cs\/wp-json\/wp\/v2\/product_cat?post=29493"},{"taxonomy":"product_tag","embeddable":true,"href":"https:\/\/hundtgroup.com\/cs\/wp-json\/wp\/v2\/product_tag?post=29493"}],"curies":[{"name":"wp","href":"https:\/\/api.w.org\/{rel}","templated":true}]}}