{"id":29643,"date":"2022-08-23T16:01:18","date_gmt":"2022-08-23T14:01:18","guid":{"rendered":"https:\/\/hundtgroup.com\/produkt\/sablona-pro-oznacovani\/"},"modified":"2025-07-29T11:53:15","modified_gmt":"2025-07-29T09:53:15","slug":"sablona-pro-oznacovani","status":"publish","type":"product","link":"https:\/\/hundtgroup.com\/cs\/produkt\/sablona-pro-oznacovani\/","title":{"rendered":"\u0160ablona pro ozna\u010dov\u00e1n\u00ed"},"content":{"rendered":"<p>Robustn\u00ed zna\u010dkovac\u00ed \u0161ablona z nerezov\u00e9 oceli<br \/>\nSnadn\u00e1, rychl\u00e1 a p\u0159esn\u00e1 manipulace<br \/>\nS p\u0159esnou stupnic\u00ed od 5 do 100 mm, zv\u011bt\u0161uj\u00edc\u00ed se o 5 mm<br \/>\nPro \u017elabov\u00e9 li\u0161ty 15 mm pod \u00fahlem 45\u00b0<br \/>\n\u0160ablonu lze pou\u017e\u00edt i pro odjehlov\u00e1n\u00ed.<\/p>\n","protected":false},"excerpt":{"rendered":"<p>Robustn\u00ed zna\u010dkovac\u00ed \u0161ablona z nerezov\u00e9 oceli Snadn\u00e1, rychl\u00e1 a p\u0159esn\u00e1 manipulace S p\u0159esnou stupnic\u00ed od 5 do 100 mm, zv\u011bt\u0161uj\u00edc\u00ed se o 5 mm Pro \u017elabov\u00e9 li\u0161ty 15 mm pod \u00fahlem 45\u00b0 \u0160ablonu lze pou\u017e\u00edt i pro odjehlov\u00e1n\u00ed.<\/p>\n","protected":false},"featured_media":29644,"template":"","meta":{"_acf_changed":false,"inline_featured_image":false},"product_cat":[715,1689,1560],"product_tag":[],"class_list":{"0":"post-29643","1":"product","2":"type-product","3":"status-publish","4":"has-post-thumbnail","6":"brand-hundt","7":"product_cat-rucni-naradi","8":"product_cat-sablona-pro-oznacovani","9":"product_cat-nastroje-pro-znaceni","11":"first","12":"instock","13":"taxable","14":"shipping-taxable","15":"purchasable","16":"product-type-simple","17":"add-to-wishlist-before_image"},"acf":[],"yoast_head":"<!-- This site is optimized with the Yoast SEO plugin v27.3 - https:\/\/yoast.com\/product\/yoast-seo-wordpress\/ -->\n<title>\u0160ablona pro ozna\u010dov\u00e1n\u00ed - Wilhelm Hundt GmbH<\/title>\n<meta name=\"robots\" content=\"index, follow, max-snippet:-1, max-image-preview:large, max-video-preview:-1\" \/>\n<link rel=\"canonical\" href=\"https:\/\/hundtgroup.com\/cs\/produkt\/sablona-pro-oznacovani\/\" \/>\n<meta property=\"og:locale\" content=\"cs_CZ\" \/>\n<meta property=\"og:type\" content=\"article\" \/>\n<meta property=\"og:title\" content=\"\u0160ablona pro ozna\u010dov\u00e1n\u00ed - Wilhelm Hundt GmbH\" \/>\n<meta property=\"og:description\" content=\"Robustn\u00ed zna\u010dkovac\u00ed \u0161ablona z nerezov\u00e9 oceli Snadn\u00e1, rychl\u00e1 a p\u0159esn\u00e1 manipulace S p\u0159esnou stupnic\u00ed od 5 do 100 mm, zv\u011bt\u0161uj\u00edc\u00ed se o 5 mm Pro \u017elabov\u00e9 li\u0161ty 15 mm pod \u00fahlem 45\u00b0 \u0160ablonu lze pou\u017e\u00edt i pro odjehlov\u00e1n\u00ed.\" \/>\n<meta property=\"og:url\" content=\"https:\/\/hundtgroup.com\/cs\/produkt\/sablona-pro-oznacovani\/\" \/>\n<meta property=\"og:site_name\" content=\"Wilhelm Hundt GmbH\" \/>\n<meta property=\"article:modified_time\" content=\"2025-07-29T09:53:15+00:00\" \/>\n<meta property=\"og:image\" content=\"https:\/\/hundtgroup.com\/wp-content\/uploads\/420450.png\" \/>\n\t<meta property=\"og:image:width\" content=\"306\" \/>\n\t<meta property=\"og:image:height\" content=\"372\" \/>\n\t<meta property=\"og:image:type\" content=\"image\/png\" \/>\n<meta name=\"twitter:card\" content=\"summary_large_image\" \/>\n<script type=\"application\/ld+json\" class=\"yoast-schema-graph\">{\"@context\":\"https:\\\/\\\/schema.org\",\"@graph\":[{\"@type\":\"WebPage\",\"@id\":\"https:\\\/\\\/hundtgroup.com\\\/cs\\\/produkt\\\/sablona-pro-oznacovani\\\/\",\"url\":\"https:\\\/\\\/hundtgroup.com\\\/cs\\\/produkt\\\/sablona-pro-oznacovani\\\/\",\"name\":\"\u0160ablona pro ozna\u010dov\u00e1n\u00ed - Wilhelm Hundt GmbH\",\"isPartOf\":{\"@id\":\"https:\\\/\\\/hundtgroup.com\\\/cs\\\/#website\"},\"primaryImageOfPage\":{\"@id\":\"https:\\\/\\\/hundtgroup.com\\\/cs\\\/produkt\\\/sablona-pro-oznacovani\\\/#primaryimage\"},\"image\":{\"@id\":\"https:\\\/\\\/hundtgroup.com\\\/cs\\\/produkt\\\/sablona-pro-oznacovani\\\/#primaryimage\"},\"thumbnailUrl\":\"https:\\\/\\\/hundtgroup.com\\\/wp-content\\\/uploads\\\/420450.png\",\"datePublished\":\"2022-08-23T14:01:18+00:00\",\"dateModified\":\"2025-07-29T09:53:15+00:00\",\"breadcrumb\":{\"@id\":\"https:\\\/\\\/hundtgroup.com\\\/cs\\\/produkt\\\/sablona-pro-oznacovani\\\/#breadcrumb\"},\"inLanguage\":\"cs\",\"potentialAction\":[{\"@type\":\"ReadAction\",\"target\":[\"https:\\\/\\\/hundtgroup.com\\\/cs\\\/produkt\\\/sablona-pro-oznacovani\\\/\"]}]},{\"@type\":\"ImageObject\",\"inLanguage\":\"cs\",\"@id\":\"https:\\\/\\\/hundtgroup.com\\\/cs\\\/produkt\\\/sablona-pro-oznacovani\\\/#primaryimage\",\"url\":\"https:\\\/\\\/hundtgroup.com\\\/wp-content\\\/uploads\\\/420450.png\",\"contentUrl\":\"https:\\\/\\\/hundtgroup.com\\\/wp-content\\\/uploads\\\/420450.png\",\"width\":306,\"height\":372},{\"@type\":\"BreadcrumbList\",\"@id\":\"https:\\\/\\\/hundtgroup.com\\\/cs\\\/produkt\\\/sablona-pro-oznacovani\\\/#breadcrumb\",\"itemListElement\":[{\"@type\":\"ListItem\",\"position\":1,\"name\":\"Startseite\",\"item\":\"https:\\\/\\\/hundtgroup.com\\\/cs\\\/home-nove\\\/\"},{\"@type\":\"ListItem\",\"position\":2,\"name\":\"Obchod\",\"item\":\"https:\\\/\\\/hundtgroup.com\\\/obchod\\\/\"},{\"@type\":\"ListItem\",\"position\":3,\"name\":\"\u0160ablona pro ozna\u010dov\u00e1n\u00ed\"}]},{\"@type\":\"WebSite\",\"@id\":\"https:\\\/\\\/hundtgroup.com\\\/cs\\\/#website\",\"url\":\"https:\\\/\\\/hundtgroup.com\\\/cs\\\/\",\"name\":\"Wilhelm Hundt GmbH\",\"description\":\"V\u00e1\u0161 specialista na stroje a n\u00e1stroje pro zpracov\u00e1n\u00ed plechu\",\"potentialAction\":[{\"@type\":\"SearchAction\",\"target\":{\"@type\":\"EntryPoint\",\"urlTemplate\":\"https:\\\/\\\/hundtgroup.com\\\/cs\\\/?s={search_term_string}\"},\"query-input\":{\"@type\":\"PropertyValueSpecification\",\"valueRequired\":true,\"valueName\":\"search_term_string\"}}],\"inLanguage\":\"cs\"}]}<\/script>\n<!-- \/ Yoast SEO plugin. -->","yoast_head_json":{"title":"\u0160ablona pro ozna\u010dov\u00e1n\u00ed - Wilhelm Hundt GmbH","robots":{"index":"index","follow":"follow","max-snippet":"max-snippet:-1","max-image-preview":"max-image-preview:large","max-video-preview":"max-video-preview:-1"},"canonical":"https:\/\/hundtgroup.com\/cs\/produkt\/sablona-pro-oznacovani\/","og_locale":"cs_CZ","og_type":"article","og_title":"\u0160ablona pro ozna\u010dov\u00e1n\u00ed - Wilhelm Hundt GmbH","og_description":"Robustn\u00ed zna\u010dkovac\u00ed \u0161ablona z nerezov\u00e9 oceli Snadn\u00e1, rychl\u00e1 a p\u0159esn\u00e1 manipulace S p\u0159esnou stupnic\u00ed od 5 do 100 mm, zv\u011bt\u0161uj\u00edc\u00ed se o 5 mm Pro \u017elabov\u00e9 li\u0161ty 15 mm pod \u00fahlem 45\u00b0 \u0160ablonu lze pou\u017e\u00edt i pro odjehlov\u00e1n\u00ed.","og_url":"https:\/\/hundtgroup.com\/cs\/produkt\/sablona-pro-oznacovani\/","og_site_name":"Wilhelm Hundt GmbH","article_modified_time":"2025-07-29T09:53:15+00:00","og_image":[{"width":306,"height":372,"url":"https:\/\/hundtgroup.com\/wp-content\/uploads\/420450.png","type":"image\/png"}],"twitter_card":"summary_large_image","schema":{"@context":"https:\/\/schema.org","@graph":[{"@type":"WebPage","@id":"https:\/\/hundtgroup.com\/cs\/produkt\/sablona-pro-oznacovani\/","url":"https:\/\/hundtgroup.com\/cs\/produkt\/sablona-pro-oznacovani\/","name":"\u0160ablona pro ozna\u010dov\u00e1n\u00ed - Wilhelm Hundt GmbH","isPartOf":{"@id":"https:\/\/hundtgroup.com\/cs\/#website"},"primaryImageOfPage":{"@id":"https:\/\/hundtgroup.com\/cs\/produkt\/sablona-pro-oznacovani\/#primaryimage"},"image":{"@id":"https:\/\/hundtgroup.com\/cs\/produkt\/sablona-pro-oznacovani\/#primaryimage"},"thumbnailUrl":"https:\/\/hundtgroup.com\/wp-content\/uploads\/420450.png","datePublished":"2022-08-23T14:01:18+00:00","dateModified":"2025-07-29T09:53:15+00:00","breadcrumb":{"@id":"https:\/\/hundtgroup.com\/cs\/produkt\/sablona-pro-oznacovani\/#breadcrumb"},"inLanguage":"cs","potentialAction":[{"@type":"ReadAction","target":["https:\/\/hundtgroup.com\/cs\/produkt\/sablona-pro-oznacovani\/"]}]},{"@type":"ImageObject","inLanguage":"cs","@id":"https:\/\/hundtgroup.com\/cs\/produkt\/sablona-pro-oznacovani\/#primaryimage","url":"https:\/\/hundtgroup.com\/wp-content\/uploads\/420450.png","contentUrl":"https:\/\/hundtgroup.com\/wp-content\/uploads\/420450.png","width":306,"height":372},{"@type":"BreadcrumbList","@id":"https:\/\/hundtgroup.com\/cs\/produkt\/sablona-pro-oznacovani\/#breadcrumb","itemListElement":[{"@type":"ListItem","position":1,"name":"Startseite","item":"https:\/\/hundtgroup.com\/cs\/home-nove\/"},{"@type":"ListItem","position":2,"name":"Obchod","item":"https:\/\/hundtgroup.com\/obchod\/"},{"@type":"ListItem","position":3,"name":"\u0160ablona pro ozna\u010dov\u00e1n\u00ed"}]},{"@type":"WebSite","@id":"https:\/\/hundtgroup.com\/cs\/#website","url":"https:\/\/hundtgroup.com\/cs\/","name":"Wilhelm Hundt GmbH","description":"V\u00e1\u0161 specialista na stroje a n\u00e1stroje pro zpracov\u00e1n\u00ed plechu","potentialAction":[{"@type":"SearchAction","target":{"@type":"EntryPoint","urlTemplate":"https:\/\/hundtgroup.com\/cs\/?s={search_term_string}"},"query-input":{"@type":"PropertyValueSpecification","valueRequired":true,"valueName":"search_term_string"}}],"inLanguage":"cs"}]}},"_links":{"self":[{"href":"https:\/\/hundtgroup.com\/cs\/wp-json\/wp\/v2\/product\/29643","targetHints":{"allow":["GET"]}}],"collection":[{"href":"https:\/\/hundtgroup.com\/cs\/wp-json\/wp\/v2\/product"}],"about":[{"href":"https:\/\/hundtgroup.com\/cs\/wp-json\/wp\/v2\/types\/product"}],"wp:featuredmedia":[{"embeddable":true,"href":"https:\/\/hundtgroup.com\/cs\/wp-json\/wp\/v2\/media\/29644"}],"wp:attachment":[{"href":"https:\/\/hundtgroup.com\/cs\/wp-json\/wp\/v2\/media?parent=29643"}],"wp:term":[{"taxonomy":"product_cat","embeddable":true,"href":"https:\/\/hundtgroup.com\/cs\/wp-json\/wp\/v2\/product_cat?post=29643"},{"taxonomy":"product_tag","embeddable":true,"href":"https:\/\/hundtgroup.com\/cs\/wp-json\/wp\/v2\/product_tag?post=29643"}],"curies":[{"name":"wp","href":"https:\/\/api.w.org\/{rel}","templated":true}]}}