{"id":29886,"date":"2022-08-23T16:00:41","date_gmt":"2022-08-23T14:00:41","guid":{"rendered":"https:\/\/hundtgroup.com\/produkt\/d15a-idealni-nuzky-male-prave\/"},"modified":"2025-07-29T11:44:22","modified_gmt":"2025-07-29T09:44:22","slug":"d15a-idealni-nuzky-male-prave","status":"publish","type":"product","link":"https:\/\/hundtgroup.com\/cs\/produkt\/d15a-idealni-nuzky-male-prave\/","title":{"rendered":"D15A Ide\u00e1ln\u00ed n\u016f\u017eky mal\u00e9 prav\u00e9"},"content":{"rendered":"<p>S p\u00e1kov\u00fdm p\u0159evodem.<br \/>\nPro souvisl\u00e9 rovn\u00e9 a tvarov\u00e9 \u0159ezy.<br \/>\nExtr\u00e9mn\u011b obratn\u00e9 d\u00edky speci\u00e1ln\u00ed geometrii st\u0159i\u017en\u00e9 hlavy &#8211; ide\u00e1ln\u00ed pro zvl\u00e1\u0161t\u011b mal\u00e9 polom\u011bry a t\u011b\u017eko p\u0159\u00edstupn\u00e1 m\u00edsta.<br \/>\nPraktick\u00e1 kombinace z\u00e1padka-stopka.<br \/>\nRukoje\u0165 ERGO pro pr\u00e1ci bez \u00fanavy.<\/p>\n","protected":false},"excerpt":{"rendered":"<p>S p\u00e1kov\u00fdm p\u0159evodem. Pro souvisl\u00e9 rovn\u00e9 a tvarov\u00e9 \u0159ezy. Extr\u00e9mn\u011b obratn\u00e9 d\u00edky speci\u00e1ln\u00ed geometrii st\u0159i\u017en\u00e9 hlavy &#8211; ide\u00e1ln\u00ed pro zvl\u00e1\u0161t\u011b mal\u00e9 polom\u011bry a t\u011b\u017eko p\u0159\u00edstupn\u00e1 m\u00edsta. Praktick\u00e1 kombinace z\u00e1padka-stopka. Rukoje\u0165 ERGO pro pr\u00e1ci bez \u00fanavy.<\/p>\n","protected":false},"featured_media":29887,"template":"","meta":{"_acf_changed":false,"inline_featured_image":false},"product_cat":[715,1589,1559,1594],"product_tag":[],"class_list":{"0":"post-29886","1":"product","2":"type-product","3":"status-publish","4":"has-post-thumbnail","6":"brand-erdi","7":"product_cat-rucni-naradi","8":"product_cat-idealni-nuzky","9":"product_cat-nuzky-na-plech-cs-3","10":"product_cat-prelozena-paka","12":"first","13":"instock","14":"taxable","15":"shipping-taxable","16":"purchasable","17":"product-type-simple","18":"add-to-wishlist-before_image"},"acf":[],"yoast_head":"<!-- This site is optimized with the Yoast SEO plugin v27.3 - https:\/\/yoast.com\/product\/yoast-seo-wordpress\/ -->\n<title>D15A Ide\u00e1ln\u00ed n\u016f\u017eky mal\u00e9 prav\u00e9 - Wilhelm Hundt GmbH<\/title>\n<meta name=\"robots\" content=\"index, follow, max-snippet:-1, max-image-preview:large, max-video-preview:-1\" \/>\n<link rel=\"canonical\" href=\"https:\/\/hundtgroup.com\/cs\/produkt\/d15a-idealni-nuzky-male-prave\/\" \/>\n<meta property=\"og:locale\" content=\"cs_CZ\" \/>\n<meta property=\"og:type\" content=\"article\" \/>\n<meta property=\"og:title\" content=\"D15A Ide\u00e1ln\u00ed n\u016f\u017eky mal\u00e9 prav\u00e9 - Wilhelm Hundt GmbH\" \/>\n<meta property=\"og:description\" content=\"S p\u00e1kov\u00fdm p\u0159evodem. Pro souvisl\u00e9 rovn\u00e9 a tvarov\u00e9 \u0159ezy. Extr\u00e9mn\u011b obratn\u00e9 d\u00edky speci\u00e1ln\u00ed geometrii st\u0159i\u017en\u00e9 hlavy &#8211; ide\u00e1ln\u00ed pro zvl\u00e1\u0161t\u011b mal\u00e9 polom\u011bry a t\u011b\u017eko p\u0159\u00edstupn\u00e1 m\u00edsta. Praktick\u00e1 kombinace z\u00e1padka-stopka. Rukoje\u0165 ERGO pro pr\u00e1ci bez \u00fanavy.\" \/>\n<meta property=\"og:url\" content=\"https:\/\/hundtgroup.com\/cs\/produkt\/d15a-idealni-nuzky-male-prave\/\" \/>\n<meta property=\"og:site_name\" content=\"Wilhelm Hundt GmbH\" \/>\n<meta property=\"article:modified_time\" content=\"2025-07-29T09:44:22+00:00\" \/>\n<meta property=\"og:image\" content=\"https:\/\/hundtgroup.com\/wp-content\/uploads\/400037.png\" \/>\n\t<meta property=\"og:image:width\" content=\"708\" \/>\n\t<meta property=\"og:image:height\" content=\"216\" \/>\n\t<meta property=\"og:image:type\" content=\"image\/png\" \/>\n<meta name=\"twitter:card\" content=\"summary_large_image\" \/>\n<script type=\"application\/ld+json\" class=\"yoast-schema-graph\">{\"@context\":\"https:\\\/\\\/schema.org\",\"@graph\":[{\"@type\":\"WebPage\",\"@id\":\"https:\\\/\\\/hundtgroup.com\\\/cs\\\/produkt\\\/d15a-idealni-nuzky-male-prave\\\/\",\"url\":\"https:\\\/\\\/hundtgroup.com\\\/cs\\\/produkt\\\/d15a-idealni-nuzky-male-prave\\\/\",\"name\":\"D15A Ide\u00e1ln\u00ed n\u016f\u017eky mal\u00e9 prav\u00e9 - Wilhelm Hundt GmbH\",\"isPartOf\":{\"@id\":\"https:\\\/\\\/hundtgroup.com\\\/cs\\\/#website\"},\"primaryImageOfPage\":{\"@id\":\"https:\\\/\\\/hundtgroup.com\\\/cs\\\/produkt\\\/d15a-idealni-nuzky-male-prave\\\/#primaryimage\"},\"image\":{\"@id\":\"https:\\\/\\\/hundtgroup.com\\\/cs\\\/produkt\\\/d15a-idealni-nuzky-male-prave\\\/#primaryimage\"},\"thumbnailUrl\":\"https:\\\/\\\/hundtgroup.com\\\/wp-content\\\/uploads\\\/400037.png\",\"datePublished\":\"2022-08-23T14:00:41+00:00\",\"dateModified\":\"2025-07-29T09:44:22+00:00\",\"breadcrumb\":{\"@id\":\"https:\\\/\\\/hundtgroup.com\\\/cs\\\/produkt\\\/d15a-idealni-nuzky-male-prave\\\/#breadcrumb\"},\"inLanguage\":\"cs\",\"potentialAction\":[{\"@type\":\"ReadAction\",\"target\":[\"https:\\\/\\\/hundtgroup.com\\\/cs\\\/produkt\\\/d15a-idealni-nuzky-male-prave\\\/\"]}]},{\"@type\":\"ImageObject\",\"inLanguage\":\"cs\",\"@id\":\"https:\\\/\\\/hundtgroup.com\\\/cs\\\/produkt\\\/d15a-idealni-nuzky-male-prave\\\/#primaryimage\",\"url\":\"https:\\\/\\\/hundtgroup.com\\\/wp-content\\\/uploads\\\/400037.png\",\"contentUrl\":\"https:\\\/\\\/hundtgroup.com\\\/wp-content\\\/uploads\\\/400037.png\",\"width\":708,\"height\":216},{\"@type\":\"BreadcrumbList\",\"@id\":\"https:\\\/\\\/hundtgroup.com\\\/cs\\\/produkt\\\/d15a-idealni-nuzky-male-prave\\\/#breadcrumb\",\"itemListElement\":[{\"@type\":\"ListItem\",\"position\":1,\"name\":\"Startseite\",\"item\":\"https:\\\/\\\/hundtgroup.com\\\/cs\\\/home-nove\\\/\"},{\"@type\":\"ListItem\",\"position\":2,\"name\":\"Obchod\",\"item\":\"https:\\\/\\\/hundtgroup.com\\\/obchod\\\/\"},{\"@type\":\"ListItem\",\"position\":3,\"name\":\"D15A Ide\u00e1ln\u00ed n\u016f\u017eky mal\u00e9 prav\u00e9\"}]},{\"@type\":\"WebSite\",\"@id\":\"https:\\\/\\\/hundtgroup.com\\\/cs\\\/#website\",\"url\":\"https:\\\/\\\/hundtgroup.com\\\/cs\\\/\",\"name\":\"Wilhelm Hundt GmbH\",\"description\":\"V\u00e1\u0161 specialista na stroje a n\u00e1stroje pro zpracov\u00e1n\u00ed plechu\",\"potentialAction\":[{\"@type\":\"SearchAction\",\"target\":{\"@type\":\"EntryPoint\",\"urlTemplate\":\"https:\\\/\\\/hundtgroup.com\\\/cs\\\/?s={search_term_string}\"},\"query-input\":{\"@type\":\"PropertyValueSpecification\",\"valueRequired\":true,\"valueName\":\"search_term_string\"}}],\"inLanguage\":\"cs\"}]}<\/script>\n<!-- \/ Yoast SEO plugin. -->","yoast_head_json":{"title":"D15A Ide\u00e1ln\u00ed n\u016f\u017eky mal\u00e9 prav\u00e9 - Wilhelm Hundt GmbH","robots":{"index":"index","follow":"follow","max-snippet":"max-snippet:-1","max-image-preview":"max-image-preview:large","max-video-preview":"max-video-preview:-1"},"canonical":"https:\/\/hundtgroup.com\/cs\/produkt\/d15a-idealni-nuzky-male-prave\/","og_locale":"cs_CZ","og_type":"article","og_title":"D15A Ide\u00e1ln\u00ed n\u016f\u017eky mal\u00e9 prav\u00e9 - Wilhelm Hundt GmbH","og_description":"S p\u00e1kov\u00fdm p\u0159evodem. Pro souvisl\u00e9 rovn\u00e9 a tvarov\u00e9 \u0159ezy. Extr\u00e9mn\u011b obratn\u00e9 d\u00edky speci\u00e1ln\u00ed geometrii st\u0159i\u017en\u00e9 hlavy &#8211; ide\u00e1ln\u00ed pro zvl\u00e1\u0161t\u011b mal\u00e9 polom\u011bry a t\u011b\u017eko p\u0159\u00edstupn\u00e1 m\u00edsta. Praktick\u00e1 kombinace z\u00e1padka-stopka. Rukoje\u0165 ERGO pro pr\u00e1ci bez \u00fanavy.","og_url":"https:\/\/hundtgroup.com\/cs\/produkt\/d15a-idealni-nuzky-male-prave\/","og_site_name":"Wilhelm Hundt GmbH","article_modified_time":"2025-07-29T09:44:22+00:00","og_image":[{"width":708,"height":216,"url":"https:\/\/hundtgroup.com\/wp-content\/uploads\/400037.png","type":"image\/png"}],"twitter_card":"summary_large_image","schema":{"@context":"https:\/\/schema.org","@graph":[{"@type":"WebPage","@id":"https:\/\/hundtgroup.com\/cs\/produkt\/d15a-idealni-nuzky-male-prave\/","url":"https:\/\/hundtgroup.com\/cs\/produkt\/d15a-idealni-nuzky-male-prave\/","name":"D15A Ide\u00e1ln\u00ed n\u016f\u017eky mal\u00e9 prav\u00e9 - Wilhelm Hundt GmbH","isPartOf":{"@id":"https:\/\/hundtgroup.com\/cs\/#website"},"primaryImageOfPage":{"@id":"https:\/\/hundtgroup.com\/cs\/produkt\/d15a-idealni-nuzky-male-prave\/#primaryimage"},"image":{"@id":"https:\/\/hundtgroup.com\/cs\/produkt\/d15a-idealni-nuzky-male-prave\/#primaryimage"},"thumbnailUrl":"https:\/\/hundtgroup.com\/wp-content\/uploads\/400037.png","datePublished":"2022-08-23T14:00:41+00:00","dateModified":"2025-07-29T09:44:22+00:00","breadcrumb":{"@id":"https:\/\/hundtgroup.com\/cs\/produkt\/d15a-idealni-nuzky-male-prave\/#breadcrumb"},"inLanguage":"cs","potentialAction":[{"@type":"ReadAction","target":["https:\/\/hundtgroup.com\/cs\/produkt\/d15a-idealni-nuzky-male-prave\/"]}]},{"@type":"ImageObject","inLanguage":"cs","@id":"https:\/\/hundtgroup.com\/cs\/produkt\/d15a-idealni-nuzky-male-prave\/#primaryimage","url":"https:\/\/hundtgroup.com\/wp-content\/uploads\/400037.png","contentUrl":"https:\/\/hundtgroup.com\/wp-content\/uploads\/400037.png","width":708,"height":216},{"@type":"BreadcrumbList","@id":"https:\/\/hundtgroup.com\/cs\/produkt\/d15a-idealni-nuzky-male-prave\/#breadcrumb","itemListElement":[{"@type":"ListItem","position":1,"name":"Startseite","item":"https:\/\/hundtgroup.com\/cs\/home-nove\/"},{"@type":"ListItem","position":2,"name":"Obchod","item":"https:\/\/hundtgroup.com\/obchod\/"},{"@type":"ListItem","position":3,"name":"D15A Ide\u00e1ln\u00ed n\u016f\u017eky mal\u00e9 prav\u00e9"}]},{"@type":"WebSite","@id":"https:\/\/hundtgroup.com\/cs\/#website","url":"https:\/\/hundtgroup.com\/cs\/","name":"Wilhelm Hundt GmbH","description":"V\u00e1\u0161 specialista na stroje a n\u00e1stroje pro zpracov\u00e1n\u00ed plechu","potentialAction":[{"@type":"SearchAction","target":{"@type":"EntryPoint","urlTemplate":"https:\/\/hundtgroup.com\/cs\/?s={search_term_string}"},"query-input":{"@type":"PropertyValueSpecification","valueRequired":true,"valueName":"search_term_string"}}],"inLanguage":"cs"}]}},"_links":{"self":[{"href":"https:\/\/hundtgroup.com\/cs\/wp-json\/wp\/v2\/product\/29886","targetHints":{"allow":["GET"]}}],"collection":[{"href":"https:\/\/hundtgroup.com\/cs\/wp-json\/wp\/v2\/product"}],"about":[{"href":"https:\/\/hundtgroup.com\/cs\/wp-json\/wp\/v2\/types\/product"}],"wp:featuredmedia":[{"embeddable":true,"href":"https:\/\/hundtgroup.com\/cs\/wp-json\/wp\/v2\/media\/29887"}],"wp:attachment":[{"href":"https:\/\/hundtgroup.com\/cs\/wp-json\/wp\/v2\/media?parent=29886"}],"wp:term":[{"taxonomy":"product_cat","embeddable":true,"href":"https:\/\/hundtgroup.com\/cs\/wp-json\/wp\/v2\/product_cat?post=29886"},{"taxonomy":"product_tag","embeddable":true,"href":"https:\/\/hundtgroup.com\/cs\/wp-json\/wp\/v2\/product_tag?post=29886"}],"curies":[{"name":"wp","href":"https:\/\/api.w.org\/{rel}","templated":true}]}}