{"id":30038,"date":"2022-08-23T16:00:58","date_gmt":"2022-08-23T14:00:58","guid":{"rendered":"https:\/\/hundtgroup.com\/produkt\/specialni-nuzky-m2x-vpravo\/"},"modified":"2025-07-29T11:51:13","modified_gmt":"2025-07-29T09:51:13","slug":"specialni-nuzky-m2x-vpravo","status":"publish","type":"product","link":"https:\/\/hundtgroup.com\/cs\/produkt\/specialni-nuzky-m2x-vpravo\/","title":{"rendered":"Speci\u00e1ln\u00ed n\u016f\u017eky M2X vpravo"},"content":{"rendered":"<p>S p\u00e1kov\u00fdm p\u0159evodem.<br \/>\nPro t\u011bsn\u00e9 zak\u0159iven\u00e9 st\u0159ihy a\u017e po rovn\u00e9 st\u0159ihy.<br \/>\nSamo\u010dinn\u00e9 otev\u00edr\u00e1n\u00ed pro rychlou pr\u00e1ci bez n\u00e1mahy.<br \/>\nSpeci\u00e1ln\u011b kalen\u00e9 n\u016f\u017eky pro st\u0159\u00edh\u00e1n\u00ed kov\u016f, jako je Tutan a nerezov\u00e1 ocel.<br \/>\nProtiskluzov\u00e9 rukojeti z vysoce odoln\u00e9 oceli.<br \/>\nPraktick\u00e1 bezpe\u010dnostn\u00ed ty\u010d.<\/p>\n","protected":false},"excerpt":{"rendered":"<p>S p\u00e1kov\u00fdm p\u0159evodem. Pro t\u011bsn\u00e9 zak\u0159iven\u00e9 st\u0159ihy a\u017e po rovn\u00e9 st\u0159ihy. Samo\u010dinn\u00e9 otev\u00edr\u00e1n\u00ed pro rychlou pr\u00e1ci bez n\u00e1mahy. Speci\u00e1ln\u011b kalen\u00e9 n\u016f\u017eky pro st\u0159\u00edh\u00e1n\u00ed kov\u016f, jako je Tutan a nerezov\u00e1 ocel. Protiskluzov\u00e9 rukojeti z vysoce odoln\u00e9 oceli. Praktick\u00e1 bezpe\u010dnostn\u00ed ty\u010d.<\/p>\n","protected":false},"featured_media":30040,"template":"","meta":{"_acf_changed":false,"inline_featured_image":false},"product_cat":[715,1559,1594,1597],"product_tag":[],"class_list":{"0":"post-30038","1":"product","2":"type-product","3":"status-publish","4":"has-post-thumbnail","6":"product_cat-rucni-naradi","7":"product_cat-nuzky-na-plech-cs-3","8":"product_cat-prelozena-paka","9":"product_cat-specialni-nuzky","11":"first","12":"instock","13":"taxable","14":"shipping-taxable","15":"purchasable","16":"product-type-simple","17":"add-to-wishlist-before_image"},"acf":[],"yoast_head":"<!-- This site is optimized with the Yoast SEO plugin v27.3 - https:\/\/yoast.com\/product\/yoast-seo-wordpress\/ -->\n<title>Speci\u00e1ln\u00ed n\u016f\u017eky M2X vpravo - Wilhelm Hundt GmbH<\/title>\n<meta name=\"robots\" content=\"index, follow, max-snippet:-1, max-image-preview:large, max-video-preview:-1\" \/>\n<link rel=\"canonical\" href=\"https:\/\/hundtgroup.com\/cs\/produkt\/specialni-nuzky-m2x-vpravo\/\" \/>\n<meta property=\"og:locale\" content=\"cs_CZ\" \/>\n<meta property=\"og:type\" content=\"article\" \/>\n<meta property=\"og:title\" content=\"Speci\u00e1ln\u00ed n\u016f\u017eky M2X vpravo - Wilhelm Hundt GmbH\" \/>\n<meta property=\"og:description\" content=\"S p\u00e1kov\u00fdm p\u0159evodem. Pro t\u011bsn\u00e9 zak\u0159iven\u00e9 st\u0159ihy a\u017e po rovn\u00e9 st\u0159ihy. Samo\u010dinn\u00e9 otev\u00edr\u00e1n\u00ed pro rychlou pr\u00e1ci bez n\u00e1mahy. Speci\u00e1ln\u011b kalen\u00e9 n\u016f\u017eky pro st\u0159\u00edh\u00e1n\u00ed kov\u016f, jako je Tutan a nerezov\u00e1 ocel. Protiskluzov\u00e9 rukojeti z vysoce odoln\u00e9 oceli. Praktick\u00e1 bezpe\u010dnostn\u00ed ty\u010d.\" \/>\n<meta property=\"og:url\" content=\"https:\/\/hundtgroup.com\/cs\/produkt\/specialni-nuzky-m2x-vpravo\/\" \/>\n<meta property=\"og:site_name\" content=\"Wilhelm Hundt GmbH\" \/>\n<meta property=\"article:modified_time\" content=\"2025-07-29T09:51:13+00:00\" \/>\n<meta property=\"og:image\" content=\"https:\/\/hundtgroup.com\/wp-content\/uploads\/400183.png\" \/>\n\t<meta property=\"og:image:width\" content=\"460\" \/>\n\t<meta property=\"og:image:height\" content=\"460\" \/>\n\t<meta property=\"og:image:type\" content=\"image\/png\" \/>\n<meta name=\"twitter:card\" content=\"summary_large_image\" \/>\n<script type=\"application\/ld+json\" class=\"yoast-schema-graph\">{\"@context\":\"https:\\\/\\\/schema.org\",\"@graph\":[{\"@type\":\"WebPage\",\"@id\":\"https:\\\/\\\/hundtgroup.com\\\/cs\\\/produkt\\\/specialni-nuzky-m2x-vpravo\\\/\",\"url\":\"https:\\\/\\\/hundtgroup.com\\\/cs\\\/produkt\\\/specialni-nuzky-m2x-vpravo\\\/\",\"name\":\"Speci\u00e1ln\u00ed n\u016f\u017eky M2X vpravo - Wilhelm Hundt GmbH\",\"isPartOf\":{\"@id\":\"https:\\\/\\\/hundtgroup.com\\\/cs\\\/#website\"},\"primaryImageOfPage\":{\"@id\":\"https:\\\/\\\/hundtgroup.com\\\/cs\\\/produkt\\\/specialni-nuzky-m2x-vpravo\\\/#primaryimage\"},\"image\":{\"@id\":\"https:\\\/\\\/hundtgroup.com\\\/cs\\\/produkt\\\/specialni-nuzky-m2x-vpravo\\\/#primaryimage\"},\"thumbnailUrl\":\"https:\\\/\\\/hundtgroup.com\\\/wp-content\\\/uploads\\\/400183.png\",\"datePublished\":\"2022-08-23T14:00:58+00:00\",\"dateModified\":\"2025-07-29T09:51:13+00:00\",\"breadcrumb\":{\"@id\":\"https:\\\/\\\/hundtgroup.com\\\/cs\\\/produkt\\\/specialni-nuzky-m2x-vpravo\\\/#breadcrumb\"},\"inLanguage\":\"cs\",\"potentialAction\":[{\"@type\":\"ReadAction\",\"target\":[\"https:\\\/\\\/hundtgroup.com\\\/cs\\\/produkt\\\/specialni-nuzky-m2x-vpravo\\\/\"]}]},{\"@type\":\"ImageObject\",\"inLanguage\":\"cs\",\"@id\":\"https:\\\/\\\/hundtgroup.com\\\/cs\\\/produkt\\\/specialni-nuzky-m2x-vpravo\\\/#primaryimage\",\"url\":\"https:\\\/\\\/hundtgroup.com\\\/wp-content\\\/uploads\\\/400183.png\",\"contentUrl\":\"https:\\\/\\\/hundtgroup.com\\\/wp-content\\\/uploads\\\/400183.png\",\"width\":460,\"height\":460},{\"@type\":\"BreadcrumbList\",\"@id\":\"https:\\\/\\\/hundtgroup.com\\\/cs\\\/produkt\\\/specialni-nuzky-m2x-vpravo\\\/#breadcrumb\",\"itemListElement\":[{\"@type\":\"ListItem\",\"position\":1,\"name\":\"Startseite\",\"item\":\"https:\\\/\\\/hundtgroup.com\\\/cs\\\/home-nove\\\/\"},{\"@type\":\"ListItem\",\"position\":2,\"name\":\"Obchod\",\"item\":\"https:\\\/\\\/hundtgroup.com\\\/obchod\\\/\"},{\"@type\":\"ListItem\",\"position\":3,\"name\":\"Speci\u00e1ln\u00ed n\u016f\u017eky M2X vpravo\"}]},{\"@type\":\"WebSite\",\"@id\":\"https:\\\/\\\/hundtgroup.com\\\/cs\\\/#website\",\"url\":\"https:\\\/\\\/hundtgroup.com\\\/cs\\\/\",\"name\":\"Wilhelm Hundt GmbH\",\"description\":\"V\u00e1\u0161 specialista na stroje a n\u00e1stroje pro zpracov\u00e1n\u00ed plechu\",\"potentialAction\":[{\"@type\":\"SearchAction\",\"target\":{\"@type\":\"EntryPoint\",\"urlTemplate\":\"https:\\\/\\\/hundtgroup.com\\\/cs\\\/?s={search_term_string}\"},\"query-input\":{\"@type\":\"PropertyValueSpecification\",\"valueRequired\":true,\"valueName\":\"search_term_string\"}}],\"inLanguage\":\"cs\"}]}<\/script>\n<!-- \/ Yoast SEO plugin. -->","yoast_head_json":{"title":"Speci\u00e1ln\u00ed n\u016f\u017eky M2X vpravo - Wilhelm Hundt GmbH","robots":{"index":"index","follow":"follow","max-snippet":"max-snippet:-1","max-image-preview":"max-image-preview:large","max-video-preview":"max-video-preview:-1"},"canonical":"https:\/\/hundtgroup.com\/cs\/produkt\/specialni-nuzky-m2x-vpravo\/","og_locale":"cs_CZ","og_type":"article","og_title":"Speci\u00e1ln\u00ed n\u016f\u017eky M2X vpravo - Wilhelm Hundt GmbH","og_description":"S p\u00e1kov\u00fdm p\u0159evodem. Pro t\u011bsn\u00e9 zak\u0159iven\u00e9 st\u0159ihy a\u017e po rovn\u00e9 st\u0159ihy. Samo\u010dinn\u00e9 otev\u00edr\u00e1n\u00ed pro rychlou pr\u00e1ci bez n\u00e1mahy. Speci\u00e1ln\u011b kalen\u00e9 n\u016f\u017eky pro st\u0159\u00edh\u00e1n\u00ed kov\u016f, jako je Tutan a nerezov\u00e1 ocel. Protiskluzov\u00e9 rukojeti z vysoce odoln\u00e9 oceli. Praktick\u00e1 bezpe\u010dnostn\u00ed ty\u010d.","og_url":"https:\/\/hundtgroup.com\/cs\/produkt\/specialni-nuzky-m2x-vpravo\/","og_site_name":"Wilhelm Hundt GmbH","article_modified_time":"2025-07-29T09:51:13+00:00","og_image":[{"width":460,"height":460,"url":"https:\/\/hundtgroup.com\/wp-content\/uploads\/400183.png","type":"image\/png"}],"twitter_card":"summary_large_image","schema":{"@context":"https:\/\/schema.org","@graph":[{"@type":"WebPage","@id":"https:\/\/hundtgroup.com\/cs\/produkt\/specialni-nuzky-m2x-vpravo\/","url":"https:\/\/hundtgroup.com\/cs\/produkt\/specialni-nuzky-m2x-vpravo\/","name":"Speci\u00e1ln\u00ed n\u016f\u017eky M2X vpravo - Wilhelm Hundt GmbH","isPartOf":{"@id":"https:\/\/hundtgroup.com\/cs\/#website"},"primaryImageOfPage":{"@id":"https:\/\/hundtgroup.com\/cs\/produkt\/specialni-nuzky-m2x-vpravo\/#primaryimage"},"image":{"@id":"https:\/\/hundtgroup.com\/cs\/produkt\/specialni-nuzky-m2x-vpravo\/#primaryimage"},"thumbnailUrl":"https:\/\/hundtgroup.com\/wp-content\/uploads\/400183.png","datePublished":"2022-08-23T14:00:58+00:00","dateModified":"2025-07-29T09:51:13+00:00","breadcrumb":{"@id":"https:\/\/hundtgroup.com\/cs\/produkt\/specialni-nuzky-m2x-vpravo\/#breadcrumb"},"inLanguage":"cs","potentialAction":[{"@type":"ReadAction","target":["https:\/\/hundtgroup.com\/cs\/produkt\/specialni-nuzky-m2x-vpravo\/"]}]},{"@type":"ImageObject","inLanguage":"cs","@id":"https:\/\/hundtgroup.com\/cs\/produkt\/specialni-nuzky-m2x-vpravo\/#primaryimage","url":"https:\/\/hundtgroup.com\/wp-content\/uploads\/400183.png","contentUrl":"https:\/\/hundtgroup.com\/wp-content\/uploads\/400183.png","width":460,"height":460},{"@type":"BreadcrumbList","@id":"https:\/\/hundtgroup.com\/cs\/produkt\/specialni-nuzky-m2x-vpravo\/#breadcrumb","itemListElement":[{"@type":"ListItem","position":1,"name":"Startseite","item":"https:\/\/hundtgroup.com\/cs\/home-nove\/"},{"@type":"ListItem","position":2,"name":"Obchod","item":"https:\/\/hundtgroup.com\/obchod\/"},{"@type":"ListItem","position":3,"name":"Speci\u00e1ln\u00ed n\u016f\u017eky M2X vpravo"}]},{"@type":"WebSite","@id":"https:\/\/hundtgroup.com\/cs\/#website","url":"https:\/\/hundtgroup.com\/cs\/","name":"Wilhelm Hundt GmbH","description":"V\u00e1\u0161 specialista na stroje a n\u00e1stroje pro zpracov\u00e1n\u00ed plechu","potentialAction":[{"@type":"SearchAction","target":{"@type":"EntryPoint","urlTemplate":"https:\/\/hundtgroup.com\/cs\/?s={search_term_string}"},"query-input":{"@type":"PropertyValueSpecification","valueRequired":true,"valueName":"search_term_string"}}],"inLanguage":"cs"}]}},"_links":{"self":[{"href":"https:\/\/hundtgroup.com\/cs\/wp-json\/wp\/v2\/product\/30038","targetHints":{"allow":["GET"]}}],"collection":[{"href":"https:\/\/hundtgroup.com\/cs\/wp-json\/wp\/v2\/product"}],"about":[{"href":"https:\/\/hundtgroup.com\/cs\/wp-json\/wp\/v2\/types\/product"}],"wp:featuredmedia":[{"embeddable":true,"href":"https:\/\/hundtgroup.com\/cs\/wp-json\/wp\/v2\/media\/30040"}],"wp:attachment":[{"href":"https:\/\/hundtgroup.com\/cs\/wp-json\/wp\/v2\/media?parent=30038"}],"wp:term":[{"taxonomy":"product_cat","embeddable":true,"href":"https:\/\/hundtgroup.com\/cs\/wp-json\/wp\/v2\/product_cat?post=30038"},{"taxonomy":"product_tag","embeddable":true,"href":"https:\/\/hundtgroup.com\/cs\/wp-json\/wp\/v2\/product_tag?post=30038"}],"curies":[{"name":"wp","href":"https:\/\/api.w.org\/{rel}","templated":true}]}}