{"id":31154,"date":"2022-08-23T15:59:42","date_gmt":"2022-08-23T13:59:42","guid":{"rendered":"https:\/\/hundtgroup.com\/produkt\/olej-na-derovani-a-vykrajovani-oceli-trumpf-500-ml-ve-spreji-pro-vykrajovace-trutool\/"},"modified":"2025-07-29T11:35:43","modified_gmt":"2025-07-29T09:35:43","slug":"olej-na-derovani-a-vykrajovani-oceli-trumpf-500-ml-ve-spreji-pro-vykrajovace-trutool","status":"publish","type":"product","link":"https:\/\/hundtgroup.com\/cs\/produkt\/olej-na-derovani-a-vykrajovani-oceli-trumpf-500-ml-ve-spreji-pro-vykrajovace-trutool\/","title":{"rendered":"Olej na d\u011brov\u00e1n\u00ed a vykrajov\u00e1n\u00ed oceli Trumpf (500 ml ve spreji) pro vykrajova\u010de TruTool"},"content":{"rendered":"<p>Olej na d\u011brov\u00e1n\u00ed a vykrajov\u00e1n\u00ed oceli Trumpf (500 ml ve spreji) pro vykrajova\u010de TruTool.<\/p>\n","protected":false},"excerpt":{"rendered":"<p>Olej na d\u011brov\u00e1n\u00ed a vykrajov\u00e1n\u00ed oceli Trumpf (500 ml ve spreji) pro vykrajova\u010de TruTool.<\/p>\n","protected":false},"featured_media":31157,"template":"","meta":{"_acf_changed":false,"inline_featured_image":false},"product_cat":[1571,1572,1573,1551,1574,1575,1549,1576,1577,1578],"product_tag":[],"class_list":{"0":"post-31154","1":"product","2":"type-product","3":"status-publish","4":"has-post-thumbnail","6":"brand-trumpf","7":"product_cat-trutool-n-160-cs","8":"product_cat-trutool-n-200-cs","9":"product_cat-trutool-pn-200-cs","10":"product_cat-nibbler-cs-3","11":"product_cat-trutool-pn-201-cs","12":"product_cat-trutool-n-350-cs","13":"product_cat-baterie-elektricke-prislusenstvi","14":"product_cat-trutool-n-500-cs","15":"product_cat-trutool-n-700-cs","16":"product_cat-trutool-n-1000-cs","18":"first","19":"instock","20":"taxable","21":"shipping-taxable","22":"purchasable","23":"product-type-simple","24":"add-to-wishlist-before_image"},"acf":[],"yoast_head":"<!-- This site is optimized with the Yoast SEO plugin v27.3 - https:\/\/yoast.com\/product\/yoast-seo-wordpress\/ -->\n<title>Olej na d\u011brov\u00e1n\u00ed a vykrajov\u00e1n\u00ed oceli Trumpf (500 ml ve spreji) pro vykrajova\u010de TruTool - Wilhelm Hundt GmbH<\/title>\n<meta name=\"robots\" content=\"index, follow, max-snippet:-1, max-image-preview:large, max-video-preview:-1\" \/>\n<link rel=\"canonical\" href=\"https:\/\/hundtgroup.com\/cs\/produkt\/olej-na-derovani-a-vykrajovani-oceli-trumpf-500-ml-ve-spreji-pro-vykrajovace-trutool\/\" \/>\n<meta property=\"og:locale\" content=\"cs_CZ\" \/>\n<meta property=\"og:type\" content=\"article\" \/>\n<meta property=\"og:title\" content=\"Olej na d\u011brov\u00e1n\u00ed a vykrajov\u00e1n\u00ed oceli Trumpf (500 ml ve spreji) pro vykrajova\u010de TruTool - Wilhelm Hundt GmbH\" \/>\n<meta property=\"og:description\" content=\"Olej na d\u011brov\u00e1n\u00ed a vykrajov\u00e1n\u00ed oceli Trumpf (500 ml ve spreji) pro vykrajova\u010de TruTool.\" \/>\n<meta property=\"og:url\" content=\"https:\/\/hundtgroup.com\/cs\/produkt\/olej-na-derovani-a-vykrajovani-oceli-trumpf-500-ml-ve-spreji-pro-vykrajovace-trutool\/\" \/>\n<meta property=\"og:site_name\" content=\"Wilhelm Hundt GmbH\" \/>\n<meta property=\"article:modified_time\" content=\"2025-07-29T09:35:43+00:00\" \/>\n<meta name=\"twitter:card\" content=\"summary_large_image\" \/>\n<script type=\"application\/ld+json\" class=\"yoast-schema-graph\">{\"@context\":\"https:\\\/\\\/schema.org\",\"@graph\":[{\"@type\":\"WebPage\",\"@id\":\"https:\\\/\\\/hundtgroup.com\\\/cs\\\/produkt\\\/olej-na-derovani-a-vykrajovani-oceli-trumpf-500-ml-ve-spreji-pro-vykrajovace-trutool\\\/\",\"url\":\"https:\\\/\\\/hundtgroup.com\\\/cs\\\/produkt\\\/olej-na-derovani-a-vykrajovani-oceli-trumpf-500-ml-ve-spreji-pro-vykrajovace-trutool\\\/\",\"name\":\"Olej na d\u011brov\u00e1n\u00ed a vykrajov\u00e1n\u00ed oceli Trumpf (500 ml ve spreji) pro vykrajova\u010de TruTool - Wilhelm Hundt GmbH\",\"isPartOf\":{\"@id\":\"https:\\\/\\\/hundtgroup.com\\\/cs\\\/#website\"},\"primaryImageOfPage\":{\"@id\":\"https:\\\/\\\/hundtgroup.com\\\/cs\\\/produkt\\\/olej-na-derovani-a-vykrajovani-oceli-trumpf-500-ml-ve-spreji-pro-vykrajovace-trutool\\\/#primaryimage\"},\"image\":{\"@id\":\"https:\\\/\\\/hundtgroup.com\\\/cs\\\/produkt\\\/olej-na-derovani-a-vykrajovani-oceli-trumpf-500-ml-ve-spreji-pro-vykrajovace-trutool\\\/#primaryimage\"},\"thumbnailUrl\":\"https:\\\/\\\/hundtgroup.com\\\/wp-content\\\/uploads\\\/345038.avif\",\"datePublished\":\"2022-08-23T13:59:42+00:00\",\"dateModified\":\"2025-07-29T09:35:43+00:00\",\"breadcrumb\":{\"@id\":\"https:\\\/\\\/hundtgroup.com\\\/cs\\\/produkt\\\/olej-na-derovani-a-vykrajovani-oceli-trumpf-500-ml-ve-spreji-pro-vykrajovace-trutool\\\/#breadcrumb\"},\"inLanguage\":\"cs\",\"potentialAction\":[{\"@type\":\"ReadAction\",\"target\":[\"https:\\\/\\\/hundtgroup.com\\\/cs\\\/produkt\\\/olej-na-derovani-a-vykrajovani-oceli-trumpf-500-ml-ve-spreji-pro-vykrajovace-trutool\\\/\"]}]},{\"@type\":\"ImageObject\",\"inLanguage\":\"cs\",\"@id\":\"https:\\\/\\\/hundtgroup.com\\\/cs\\\/produkt\\\/olej-na-derovani-a-vykrajovani-oceli-trumpf-500-ml-ve-spreji-pro-vykrajovace-trutool\\\/#primaryimage\",\"url\":\"https:\\\/\\\/hundtgroup.com\\\/wp-content\\\/uploads\\\/345038.avif\",\"contentUrl\":\"https:\\\/\\\/hundtgroup.com\\\/wp-content\\\/uploads\\\/345038.avif\",\"width\":1440,\"height\":810},{\"@type\":\"BreadcrumbList\",\"@id\":\"https:\\\/\\\/hundtgroup.com\\\/cs\\\/produkt\\\/olej-na-derovani-a-vykrajovani-oceli-trumpf-500-ml-ve-spreji-pro-vykrajovace-trutool\\\/#breadcrumb\",\"itemListElement\":[{\"@type\":\"ListItem\",\"position\":1,\"name\":\"Startseite\",\"item\":\"https:\\\/\\\/hundtgroup.com\\\/cs\\\/home-nove\\\/\"},{\"@type\":\"ListItem\",\"position\":2,\"name\":\"Obchod\",\"item\":\"https:\\\/\\\/hundtgroup.com\\\/obchod\\\/\"},{\"@type\":\"ListItem\",\"position\":3,\"name\":\"Olej na d\u011brov\u00e1n\u00ed a vykrajov\u00e1n\u00ed oceli Trumpf (500 ml ve spreji) pro vykrajova\u010de TruTool\"}]},{\"@type\":\"WebSite\",\"@id\":\"https:\\\/\\\/hundtgroup.com\\\/cs\\\/#website\",\"url\":\"https:\\\/\\\/hundtgroup.com\\\/cs\\\/\",\"name\":\"Wilhelm Hundt GmbH\",\"description\":\"V\u00e1\u0161 specialista na stroje a n\u00e1stroje pro zpracov\u00e1n\u00ed plechu\",\"potentialAction\":[{\"@type\":\"SearchAction\",\"target\":{\"@type\":\"EntryPoint\",\"urlTemplate\":\"https:\\\/\\\/hundtgroup.com\\\/cs\\\/?s={search_term_string}\"},\"query-input\":{\"@type\":\"PropertyValueSpecification\",\"valueRequired\":true,\"valueName\":\"search_term_string\"}}],\"inLanguage\":\"cs\"}]}<\/script>\n<!-- \/ Yoast SEO plugin. -->","yoast_head_json":{"title":"Olej na d\u011brov\u00e1n\u00ed a vykrajov\u00e1n\u00ed oceli Trumpf (500 ml ve spreji) pro vykrajova\u010de TruTool - Wilhelm Hundt GmbH","robots":{"index":"index","follow":"follow","max-snippet":"max-snippet:-1","max-image-preview":"max-image-preview:large","max-video-preview":"max-video-preview:-1"},"canonical":"https:\/\/hundtgroup.com\/cs\/produkt\/olej-na-derovani-a-vykrajovani-oceli-trumpf-500-ml-ve-spreji-pro-vykrajovace-trutool\/","og_locale":"cs_CZ","og_type":"article","og_title":"Olej na d\u011brov\u00e1n\u00ed a vykrajov\u00e1n\u00ed oceli Trumpf (500 ml ve spreji) pro vykrajova\u010de TruTool - Wilhelm Hundt GmbH","og_description":"Olej na d\u011brov\u00e1n\u00ed a vykrajov\u00e1n\u00ed oceli Trumpf (500 ml ve spreji) pro vykrajova\u010de TruTool.","og_url":"https:\/\/hundtgroup.com\/cs\/produkt\/olej-na-derovani-a-vykrajovani-oceli-trumpf-500-ml-ve-spreji-pro-vykrajovace-trutool\/","og_site_name":"Wilhelm Hundt GmbH","article_modified_time":"2025-07-29T09:35:43+00:00","twitter_card":"summary_large_image","schema":{"@context":"https:\/\/schema.org","@graph":[{"@type":"WebPage","@id":"https:\/\/hundtgroup.com\/cs\/produkt\/olej-na-derovani-a-vykrajovani-oceli-trumpf-500-ml-ve-spreji-pro-vykrajovace-trutool\/","url":"https:\/\/hundtgroup.com\/cs\/produkt\/olej-na-derovani-a-vykrajovani-oceli-trumpf-500-ml-ve-spreji-pro-vykrajovace-trutool\/","name":"Olej na d\u011brov\u00e1n\u00ed a vykrajov\u00e1n\u00ed oceli Trumpf (500 ml ve spreji) pro vykrajova\u010de TruTool - Wilhelm Hundt GmbH","isPartOf":{"@id":"https:\/\/hundtgroup.com\/cs\/#website"},"primaryImageOfPage":{"@id":"https:\/\/hundtgroup.com\/cs\/produkt\/olej-na-derovani-a-vykrajovani-oceli-trumpf-500-ml-ve-spreji-pro-vykrajovace-trutool\/#primaryimage"},"image":{"@id":"https:\/\/hundtgroup.com\/cs\/produkt\/olej-na-derovani-a-vykrajovani-oceli-trumpf-500-ml-ve-spreji-pro-vykrajovace-trutool\/#primaryimage"},"thumbnailUrl":"https:\/\/hundtgroup.com\/wp-content\/uploads\/345038.avif","datePublished":"2022-08-23T13:59:42+00:00","dateModified":"2025-07-29T09:35:43+00:00","breadcrumb":{"@id":"https:\/\/hundtgroup.com\/cs\/produkt\/olej-na-derovani-a-vykrajovani-oceli-trumpf-500-ml-ve-spreji-pro-vykrajovace-trutool\/#breadcrumb"},"inLanguage":"cs","potentialAction":[{"@type":"ReadAction","target":["https:\/\/hundtgroup.com\/cs\/produkt\/olej-na-derovani-a-vykrajovani-oceli-trumpf-500-ml-ve-spreji-pro-vykrajovace-trutool\/"]}]},{"@type":"ImageObject","inLanguage":"cs","@id":"https:\/\/hundtgroup.com\/cs\/produkt\/olej-na-derovani-a-vykrajovani-oceli-trumpf-500-ml-ve-spreji-pro-vykrajovace-trutool\/#primaryimage","url":"https:\/\/hundtgroup.com\/wp-content\/uploads\/345038.avif","contentUrl":"https:\/\/hundtgroup.com\/wp-content\/uploads\/345038.avif","width":1440,"height":810},{"@type":"BreadcrumbList","@id":"https:\/\/hundtgroup.com\/cs\/produkt\/olej-na-derovani-a-vykrajovani-oceli-trumpf-500-ml-ve-spreji-pro-vykrajovace-trutool\/#breadcrumb","itemListElement":[{"@type":"ListItem","position":1,"name":"Startseite","item":"https:\/\/hundtgroup.com\/cs\/home-nove\/"},{"@type":"ListItem","position":2,"name":"Obchod","item":"https:\/\/hundtgroup.com\/obchod\/"},{"@type":"ListItem","position":3,"name":"Olej na d\u011brov\u00e1n\u00ed a vykrajov\u00e1n\u00ed oceli Trumpf (500 ml ve spreji) pro vykrajova\u010de TruTool"}]},{"@type":"WebSite","@id":"https:\/\/hundtgroup.com\/cs\/#website","url":"https:\/\/hundtgroup.com\/cs\/","name":"Wilhelm Hundt GmbH","description":"V\u00e1\u0161 specialista na stroje a n\u00e1stroje pro zpracov\u00e1n\u00ed plechu","potentialAction":[{"@type":"SearchAction","target":{"@type":"EntryPoint","urlTemplate":"https:\/\/hundtgroup.com\/cs\/?s={search_term_string}"},"query-input":{"@type":"PropertyValueSpecification","valueRequired":true,"valueName":"search_term_string"}}],"inLanguage":"cs"}]}},"_links":{"self":[{"href":"https:\/\/hundtgroup.com\/cs\/wp-json\/wp\/v2\/product\/31154","targetHints":{"allow":["GET"]}}],"collection":[{"href":"https:\/\/hundtgroup.com\/cs\/wp-json\/wp\/v2\/product"}],"about":[{"href":"https:\/\/hundtgroup.com\/cs\/wp-json\/wp\/v2\/types\/product"}],"wp:featuredmedia":[{"embeddable":true,"href":"https:\/\/hundtgroup.com\/cs\/wp-json\/wp\/v2\/media\/31157"}],"wp:attachment":[{"href":"https:\/\/hundtgroup.com\/cs\/wp-json\/wp\/v2\/media?parent=31154"}],"wp:term":[{"taxonomy":"product_cat","embeddable":true,"href":"https:\/\/hundtgroup.com\/cs\/wp-json\/wp\/v2\/product_cat?post=31154"},{"taxonomy":"product_tag","embeddable":true,"href":"https:\/\/hundtgroup.com\/cs\/wp-json\/wp\/v2\/product_tag?post=31154"}],"curies":[{"name":"wp","href":"https:\/\/api.w.org\/{rel}","templated":true}]}}