{"id":31235,"date":"2022-08-23T15:59:42","date_gmt":"2022-08-23T13:59:42","guid":{"rendered":"https:\/\/hundtgroup.com\/produkt\/sada-posuvnych-kotoucu-trumpf-4x-posuvne-kotouce-1x-tesneni-1x-tesneni-s-kontrolou-funkce-pro-tsc-100\/"},"modified":"2025-07-29T11:37:15","modified_gmt":"2025-07-29T09:37:15","slug":"sada-posuvnych-kotoucu-trumpf-4x-posuvne-kotouce-1x-tesneni-1x-tesneni-s-kontrolou-funkce-pro-tsc-100","status":"publish","type":"product","link":"https:\/\/hundtgroup.com\/cs\/produkt\/sada-posuvnych-kotoucu-trumpf-4x-posuvne-kotouce-1x-tesneni-1x-tesneni-s-kontrolou-funkce-pro-tsc-100\/","title":{"rendered":"Sada posuvn\u00fdch kotou\u010d\u016f TRUMPF (4x posuvn\u00e9 kotou\u010de, 1x t\u011bsn\u011bn\u00ed, 1x t\u011bsn\u011bn\u00ed s kontrolou funkce) pro TSC 100"},"content":{"rendered":"<p>Sada posuvn\u00fdch kotou\u010d\u016f TRUMPF (4x posuvn\u00e9 kotou\u010de, 1x t\u011bsn\u011bn\u00ed, 1x t\u011bsn\u011bn\u00ed s kontrolou funkce) pro \u010disti\u010d nosn\u00fdch p\u00e1s\u016f TSC 100. <\/p>\n","protected":false},"excerpt":{"rendered":"<p>Sada posuvn\u00fdch kotou\u010d\u016f TRUMPF (4x posuvn\u00e9 kotou\u010de, 1x t\u011bsn\u011bn\u00ed, 1x t\u011bsn\u011bn\u00ed s kontrolou funkce) pro \u010disti\u010d nosn\u00fdch p\u00e1s\u016f TSC 100.<\/p>\n","protected":false},"featured_media":0,"template":"","meta":{"_acf_changed":false,"inline_featured_image":false},"product_cat":[1588,1549,1556],"product_tag":[],"class_list":{"0":"post-31235","1":"product","2":"type-product","3":"status-publish","5":"brand-trumpf","6":"product_cat-tsc-100-cs","7":"product_cat-baterie-elektricke-prislusenstvi","8":"product_cat-cistic-podpurnych-pasu","10":"first","11":"instock","12":"taxable","13":"shipping-taxable","14":"purchasable","15":"product-type-simple","16":"add-to-wishlist-before_image"},"acf":[],"yoast_head":"<!-- This site is optimized with the Yoast SEO plugin v27.3 - https:\/\/yoast.com\/product\/yoast-seo-wordpress\/ -->\n<title>Sada posuvn\u00fdch kotou\u010d\u016f TRUMPF (4x posuvn\u00e9 kotou\u010de, 1x t\u011bsn\u011bn\u00ed, 1x t\u011bsn\u011bn\u00ed s kontrolou funkce) pro TSC 100 - Wilhelm Hundt GmbH<\/title>\n<meta name=\"robots\" content=\"index, follow, max-snippet:-1, max-image-preview:large, max-video-preview:-1\" \/>\n<link rel=\"canonical\" href=\"https:\/\/hundtgroup.com\/cs\/produkt\/sada-posuvnych-kotoucu-trumpf-4x-posuvne-kotouce-1x-tesneni-1x-tesneni-s-kontrolou-funkce-pro-tsc-100\/\" \/>\n<meta property=\"og:locale\" content=\"cs_CZ\" \/>\n<meta property=\"og:type\" content=\"article\" \/>\n<meta property=\"og:title\" content=\"Sada posuvn\u00fdch kotou\u010d\u016f TRUMPF (4x posuvn\u00e9 kotou\u010de, 1x t\u011bsn\u011bn\u00ed, 1x t\u011bsn\u011bn\u00ed s kontrolou funkce) pro TSC 100 - Wilhelm Hundt GmbH\" \/>\n<meta property=\"og:description\" content=\"Sada posuvn\u00fdch kotou\u010d\u016f TRUMPF (4x posuvn\u00e9 kotou\u010de, 1x t\u011bsn\u011bn\u00ed, 1x t\u011bsn\u011bn\u00ed s kontrolou funkce) pro \u010disti\u010d nosn\u00fdch p\u00e1s\u016f TSC 100.\" \/>\n<meta property=\"og:url\" content=\"https:\/\/hundtgroup.com\/cs\/produkt\/sada-posuvnych-kotoucu-trumpf-4x-posuvne-kotouce-1x-tesneni-1x-tesneni-s-kontrolou-funkce-pro-tsc-100\/\" \/>\n<meta property=\"og:site_name\" content=\"Wilhelm Hundt GmbH\" \/>\n<meta property=\"article:modified_time\" content=\"2025-07-29T09:37:15+00:00\" \/>\n<meta name=\"twitter:card\" content=\"summary_large_image\" \/>\n<script type=\"application\/ld+json\" class=\"yoast-schema-graph\">{\"@context\":\"https:\\\/\\\/schema.org\",\"@graph\":[{\"@type\":\"WebPage\",\"@id\":\"https:\\\/\\\/hundtgroup.com\\\/cs\\\/produkt\\\/sada-posuvnych-kotoucu-trumpf-4x-posuvne-kotouce-1x-tesneni-1x-tesneni-s-kontrolou-funkce-pro-tsc-100\\\/\",\"url\":\"https:\\\/\\\/hundtgroup.com\\\/cs\\\/produkt\\\/sada-posuvnych-kotoucu-trumpf-4x-posuvne-kotouce-1x-tesneni-1x-tesneni-s-kontrolou-funkce-pro-tsc-100\\\/\",\"name\":\"Sada posuvn\u00fdch kotou\u010d\u016f TRUMPF (4x posuvn\u00e9 kotou\u010de, 1x t\u011bsn\u011bn\u00ed, 1x t\u011bsn\u011bn\u00ed s kontrolou funkce) pro TSC 100 - Wilhelm Hundt GmbH\",\"isPartOf\":{\"@id\":\"https:\\\/\\\/hundtgroup.com\\\/cs\\\/#website\"},\"datePublished\":\"2022-08-23T13:59:42+00:00\",\"dateModified\":\"2025-07-29T09:37:15+00:00\",\"breadcrumb\":{\"@id\":\"https:\\\/\\\/hundtgroup.com\\\/cs\\\/produkt\\\/sada-posuvnych-kotoucu-trumpf-4x-posuvne-kotouce-1x-tesneni-1x-tesneni-s-kontrolou-funkce-pro-tsc-100\\\/#breadcrumb\"},\"inLanguage\":\"cs\",\"potentialAction\":[{\"@type\":\"ReadAction\",\"target\":[\"https:\\\/\\\/hundtgroup.com\\\/cs\\\/produkt\\\/sada-posuvnych-kotoucu-trumpf-4x-posuvne-kotouce-1x-tesneni-1x-tesneni-s-kontrolou-funkce-pro-tsc-100\\\/\"]}]},{\"@type\":\"BreadcrumbList\",\"@id\":\"https:\\\/\\\/hundtgroup.com\\\/cs\\\/produkt\\\/sada-posuvnych-kotoucu-trumpf-4x-posuvne-kotouce-1x-tesneni-1x-tesneni-s-kontrolou-funkce-pro-tsc-100\\\/#breadcrumb\",\"itemListElement\":[{\"@type\":\"ListItem\",\"position\":1,\"name\":\"Startseite\",\"item\":\"https:\\\/\\\/hundtgroup.com\\\/cs\\\/home-nove\\\/\"},{\"@type\":\"ListItem\",\"position\":2,\"name\":\"Obchod\",\"item\":\"https:\\\/\\\/hundtgroup.com\\\/obchod\\\/\"},{\"@type\":\"ListItem\",\"position\":3,\"name\":\"Sada posuvn\u00fdch kotou\u010d\u016f TRUMPF (4x posuvn\u00e9 kotou\u010de, 1x t\u011bsn\u011bn\u00ed, 1x t\u011bsn\u011bn\u00ed s kontrolou funkce) pro TSC 100\"}]},{\"@type\":\"WebSite\",\"@id\":\"https:\\\/\\\/hundtgroup.com\\\/cs\\\/#website\",\"url\":\"https:\\\/\\\/hundtgroup.com\\\/cs\\\/\",\"name\":\"Wilhelm Hundt GmbH\",\"description\":\"V\u00e1\u0161 specialista na stroje a n\u00e1stroje pro zpracov\u00e1n\u00ed plechu\",\"potentialAction\":[{\"@type\":\"SearchAction\",\"target\":{\"@type\":\"EntryPoint\",\"urlTemplate\":\"https:\\\/\\\/hundtgroup.com\\\/cs\\\/?s={search_term_string}\"},\"query-input\":{\"@type\":\"PropertyValueSpecification\",\"valueRequired\":true,\"valueName\":\"search_term_string\"}}],\"inLanguage\":\"cs\"}]}<\/script>\n<!-- \/ Yoast SEO plugin. -->","yoast_head_json":{"title":"Sada posuvn\u00fdch kotou\u010d\u016f TRUMPF (4x posuvn\u00e9 kotou\u010de, 1x t\u011bsn\u011bn\u00ed, 1x t\u011bsn\u011bn\u00ed s kontrolou funkce) pro TSC 100 - Wilhelm Hundt GmbH","robots":{"index":"index","follow":"follow","max-snippet":"max-snippet:-1","max-image-preview":"max-image-preview:large","max-video-preview":"max-video-preview:-1"},"canonical":"https:\/\/hundtgroup.com\/cs\/produkt\/sada-posuvnych-kotoucu-trumpf-4x-posuvne-kotouce-1x-tesneni-1x-tesneni-s-kontrolou-funkce-pro-tsc-100\/","og_locale":"cs_CZ","og_type":"article","og_title":"Sada posuvn\u00fdch kotou\u010d\u016f TRUMPF (4x posuvn\u00e9 kotou\u010de, 1x t\u011bsn\u011bn\u00ed, 1x t\u011bsn\u011bn\u00ed s kontrolou funkce) pro TSC 100 - Wilhelm Hundt GmbH","og_description":"Sada posuvn\u00fdch kotou\u010d\u016f TRUMPF (4x posuvn\u00e9 kotou\u010de, 1x t\u011bsn\u011bn\u00ed, 1x t\u011bsn\u011bn\u00ed s kontrolou funkce) pro \u010disti\u010d nosn\u00fdch p\u00e1s\u016f TSC 100.","og_url":"https:\/\/hundtgroup.com\/cs\/produkt\/sada-posuvnych-kotoucu-trumpf-4x-posuvne-kotouce-1x-tesneni-1x-tesneni-s-kontrolou-funkce-pro-tsc-100\/","og_site_name":"Wilhelm Hundt GmbH","article_modified_time":"2025-07-29T09:37:15+00:00","twitter_card":"summary_large_image","schema":{"@context":"https:\/\/schema.org","@graph":[{"@type":"WebPage","@id":"https:\/\/hundtgroup.com\/cs\/produkt\/sada-posuvnych-kotoucu-trumpf-4x-posuvne-kotouce-1x-tesneni-1x-tesneni-s-kontrolou-funkce-pro-tsc-100\/","url":"https:\/\/hundtgroup.com\/cs\/produkt\/sada-posuvnych-kotoucu-trumpf-4x-posuvne-kotouce-1x-tesneni-1x-tesneni-s-kontrolou-funkce-pro-tsc-100\/","name":"Sada posuvn\u00fdch kotou\u010d\u016f TRUMPF (4x posuvn\u00e9 kotou\u010de, 1x t\u011bsn\u011bn\u00ed, 1x t\u011bsn\u011bn\u00ed s kontrolou funkce) pro TSC 100 - Wilhelm Hundt GmbH","isPartOf":{"@id":"https:\/\/hundtgroup.com\/cs\/#website"},"datePublished":"2022-08-23T13:59:42+00:00","dateModified":"2025-07-29T09:37:15+00:00","breadcrumb":{"@id":"https:\/\/hundtgroup.com\/cs\/produkt\/sada-posuvnych-kotoucu-trumpf-4x-posuvne-kotouce-1x-tesneni-1x-tesneni-s-kontrolou-funkce-pro-tsc-100\/#breadcrumb"},"inLanguage":"cs","potentialAction":[{"@type":"ReadAction","target":["https:\/\/hundtgroup.com\/cs\/produkt\/sada-posuvnych-kotoucu-trumpf-4x-posuvne-kotouce-1x-tesneni-1x-tesneni-s-kontrolou-funkce-pro-tsc-100\/"]}]},{"@type":"BreadcrumbList","@id":"https:\/\/hundtgroup.com\/cs\/produkt\/sada-posuvnych-kotoucu-trumpf-4x-posuvne-kotouce-1x-tesneni-1x-tesneni-s-kontrolou-funkce-pro-tsc-100\/#breadcrumb","itemListElement":[{"@type":"ListItem","position":1,"name":"Startseite","item":"https:\/\/hundtgroup.com\/cs\/home-nove\/"},{"@type":"ListItem","position":2,"name":"Obchod","item":"https:\/\/hundtgroup.com\/obchod\/"},{"@type":"ListItem","position":3,"name":"Sada posuvn\u00fdch kotou\u010d\u016f TRUMPF (4x posuvn\u00e9 kotou\u010de, 1x t\u011bsn\u011bn\u00ed, 1x t\u011bsn\u011bn\u00ed s kontrolou funkce) pro TSC 100"}]},{"@type":"WebSite","@id":"https:\/\/hundtgroup.com\/cs\/#website","url":"https:\/\/hundtgroup.com\/cs\/","name":"Wilhelm Hundt GmbH","description":"V\u00e1\u0161 specialista na stroje a n\u00e1stroje pro zpracov\u00e1n\u00ed plechu","potentialAction":[{"@type":"SearchAction","target":{"@type":"EntryPoint","urlTemplate":"https:\/\/hundtgroup.com\/cs\/?s={search_term_string}"},"query-input":{"@type":"PropertyValueSpecification","valueRequired":true,"valueName":"search_term_string"}}],"inLanguage":"cs"}]}},"_links":{"self":[{"href":"https:\/\/hundtgroup.com\/cs\/wp-json\/wp\/v2\/product\/31235","targetHints":{"allow":["GET"]}}],"collection":[{"href":"https:\/\/hundtgroup.com\/cs\/wp-json\/wp\/v2\/product"}],"about":[{"href":"https:\/\/hundtgroup.com\/cs\/wp-json\/wp\/v2\/types\/product"}],"wp:attachment":[{"href":"https:\/\/hundtgroup.com\/cs\/wp-json\/wp\/v2\/media?parent=31235"}],"wp:term":[{"taxonomy":"product_cat","embeddable":true,"href":"https:\/\/hundtgroup.com\/cs\/wp-json\/wp\/v2\/product_cat?post=31235"},{"taxonomy":"product_tag","embeddable":true,"href":"https:\/\/hundtgroup.com\/cs\/wp-json\/wp\/v2\/product_tag?post=31235"}],"curies":[{"name":"wp","href":"https:\/\/api.w.org\/{rel}","templated":true}]}}