{"id":35971,"date":"2022-08-23T15:56:03","date_gmt":"2022-08-23T13:56:03","guid":{"rendered":"https:\/\/hundtgroup.com\/produkt\/trutool-tka-1500-freza-na-hrany-s-45-nastrojem\/"},"modified":"2025-07-29T10:27:13","modified_gmt":"2025-07-29T08:27:13","slug":"trutool-tka-1500-freza-na-hrany-s-45-nastrojem","status":"publish","type":"product","link":"https:\/\/hundtgroup.com\/cs\/produkt\/trutool-tka-1500-freza-na-hrany-s-45-nastrojem\/","title":{"rendered":"TruTool TKA 1500 fr\u00e9za na hrany s 45\u00b0 n\u00e1strojem"},"content":{"rendered":"<p>Robustn\u00ed TruTool TKA 1500 vytv\u00e1\u0159\u00ed p\u0159esn\u011b padnouc\u00ed \u00fakosy o d\u00e9lce a\u017e 15 mm pod \u00fahly 30\u00b0, 45\u00b0 a 60\u00b0. Po\u017eadovanou d\u00e9lku \u00fakosu m\u016f\u017eete nastavit plynule a bez pou\u017eit\u00ed n\u00e1\u0159ad\u00ed. Okam\u017eit\u011b dos\u00e1hnete vysoce kvalitn\u00edch, opakovateln\u00fdch hran bez nutnosti dodate\u010dn\u00e9ho opracov\u00e1n\u00ed. S TruTool TKA 1500 m\u016f\u017eete vytv\u00e1\u0159et \u010dist\u00e9 viditeln\u00e9 hrany, l\u00e1mat ostr\u00e9 hrany, aplikovat r\u00e1dius nebo p\u0159ipravovat svarov\u00fd spoj. Efektivn\u00ed proces fr\u00e9zov\u00e1n\u00ed je a\u017e p\u011btkr\u00e1t rychlej\u0161\u00ed ne\u017e u konkuren\u010dn\u00edch postup\u016f. Nedoch\u00e1z\u00ed p\u0159itom k \u017e\u00e1dn\u00e9 oxidaci nebo deformaci materi\u00e1lu. D\u00edky ergonomick\u00e9mu veden\u00ed a motorizovan\u00e9 rukojeti se stroj bezkonkuren\u010dn\u011b snadno ovl\u00e1d\u00e1.      <\/p>\n","protected":false},"excerpt":{"rendered":"<p>Robustn\u00ed TruTool TKA 1500 vytv\u00e1\u0159\u00ed p\u0159esn\u011b padnouc\u00ed \u00fakosy o d\u00e9lce a\u017e 15 mm pod \u00fahly 30\u00b0, 45\u00b0 a 60\u00b0. Po\u017eadovanou d\u00e9lku \u00fakosu m\u016f\u017eete nastavit plynule a bez pou\u017eit\u00ed n\u00e1\u0159ad\u00ed. Okam\u017eit\u011b dos\u00e1hnete vysoce kvalitn\u00edch, opakovateln\u00fdch hran bez nutnosti dodate\u010dn\u00e9ho opracov\u00e1n\u00ed. S TruTool TKA 1500 m\u016f\u017eete vytv\u00e1\u0159et \u010dist\u00e9 viditeln\u00e9 hrany, l\u00e1mat ostr\u00e9 hrany, aplikovat r\u00e1dius nebo p\u0159ipravovat [&hellip;]<\/p>\n","protected":false},"featured_media":33610,"template":"","meta":{"_acf_changed":false,"inline_featured_image":false},"product_cat":[664,714],"product_tag":[],"class_list":{"0":"post-35971","1":"product","2":"type-product","3":"status-publish","4":"has-post-thumbnail","6":"brand-trumpf","7":"product_cat-elektricke-naradi","8":"product_cat-smerovac-edge","10":"first","11":"instock","12":"sale","13":"taxable","14":"shipping-taxable","15":"purchasable","16":"product-type-simple","17":"add-to-wishlist-before_image"},"acf":[],"yoast_head":"<!-- This site is optimized with the Yoast SEO plugin v27.3 - https:\/\/yoast.com\/product\/yoast-seo-wordpress\/ -->\n<title>TruTool TKA 1500 fr\u00e9za na hrany s 45\u00b0 n\u00e1strojem - Wilhelm Hundt GmbH<\/title>\n<meta name=\"robots\" content=\"index, follow, max-snippet:-1, max-image-preview:large, max-video-preview:-1\" \/>\n<link rel=\"canonical\" href=\"https:\/\/hundtgroup.com\/cs\/produkt\/trutool-tka-1500-freza-na-hrany-s-45-nastrojem\/\" \/>\n<meta property=\"og:locale\" content=\"cs_CZ\" \/>\n<meta property=\"og:type\" content=\"article\" \/>\n<meta property=\"og:title\" content=\"TruTool TKA 1500 fr\u00e9za na hrany s 45\u00b0 n\u00e1strojem - Wilhelm Hundt GmbH\" \/>\n<meta property=\"og:description\" content=\"Robustn\u00ed TruTool TKA 1500 vytv\u00e1\u0159\u00ed p\u0159esn\u011b padnouc\u00ed \u00fakosy o d\u00e9lce a\u017e 15 mm pod \u00fahly 30\u00b0, 45\u00b0 a 60\u00b0. Po\u017eadovanou d\u00e9lku \u00fakosu m\u016f\u017eete nastavit plynule a bez pou\u017eit\u00ed n\u00e1\u0159ad\u00ed. Okam\u017eit\u011b dos\u00e1hnete vysoce kvalitn\u00edch, opakovateln\u00fdch hran bez nutnosti dodate\u010dn\u00e9ho opracov\u00e1n\u00ed. S TruTool TKA 1500 m\u016f\u017eete vytv\u00e1\u0159et \u010dist\u00e9 viditeln\u00e9 hrany, l\u00e1mat ostr\u00e9 hrany, aplikovat r\u00e1dius nebo p\u0159ipravovat [&hellip;]\" \/>\n<meta property=\"og:url\" content=\"https:\/\/hundtgroup.com\/cs\/produkt\/trutool-tka-1500-freza-na-hrany-s-45-nastrojem\/\" \/>\n<meta property=\"og:site_name\" content=\"Wilhelm Hundt GmbH\" \/>\n<meta property=\"article:modified_time\" content=\"2025-07-29T08:27:13+00:00\" \/>\n<meta property=\"og:image\" content=\"https:\/\/hundtgroup.com\/wp-content\/uploads\/345262-scaled.jpg\" \/>\n\t<meta property=\"og:image:width\" content=\"2560\" \/>\n\t<meta property=\"og:image:height\" content=\"1463\" \/>\n\t<meta property=\"og:image:type\" content=\"image\/jpeg\" \/>\n<meta name=\"twitter:card\" content=\"summary_large_image\" \/>\n<meta name=\"twitter:label1\" content=\"Odhadovan\u00e1 doba \u010dten\u00ed\" \/>\n\t<meta name=\"twitter:data1\" content=\"1 minuta\" \/>\n<script type=\"application\/ld+json\" class=\"yoast-schema-graph\">{\"@context\":\"https:\\\/\\\/schema.org\",\"@graph\":[{\"@type\":\"WebPage\",\"@id\":\"https:\\\/\\\/hundtgroup.com\\\/cs\\\/produkt\\\/trutool-tka-1500-freza-na-hrany-s-45-nastrojem\\\/\",\"url\":\"https:\\\/\\\/hundtgroup.com\\\/cs\\\/produkt\\\/trutool-tka-1500-freza-na-hrany-s-45-nastrojem\\\/\",\"name\":\"TruTool TKA 1500 fr\u00e9za na hrany s 45\u00b0 n\u00e1strojem - Wilhelm Hundt GmbH\",\"isPartOf\":{\"@id\":\"https:\\\/\\\/hundtgroup.com\\\/cs\\\/#website\"},\"primaryImageOfPage\":{\"@id\":\"https:\\\/\\\/hundtgroup.com\\\/cs\\\/produkt\\\/trutool-tka-1500-freza-na-hrany-s-45-nastrojem\\\/#primaryimage\"},\"image\":{\"@id\":\"https:\\\/\\\/hundtgroup.com\\\/cs\\\/produkt\\\/trutool-tka-1500-freza-na-hrany-s-45-nastrojem\\\/#primaryimage\"},\"thumbnailUrl\":\"https:\\\/\\\/hundtgroup.com\\\/wp-content\\\/uploads\\\/345262-scaled.jpg\",\"datePublished\":\"2022-08-23T13:56:03+00:00\",\"dateModified\":\"2025-07-29T08:27:13+00:00\",\"breadcrumb\":{\"@id\":\"https:\\\/\\\/hundtgroup.com\\\/cs\\\/produkt\\\/trutool-tka-1500-freza-na-hrany-s-45-nastrojem\\\/#breadcrumb\"},\"inLanguage\":\"cs\",\"potentialAction\":[{\"@type\":\"ReadAction\",\"target\":[\"https:\\\/\\\/hundtgroup.com\\\/cs\\\/produkt\\\/trutool-tka-1500-freza-na-hrany-s-45-nastrojem\\\/\"]}]},{\"@type\":\"ImageObject\",\"inLanguage\":\"cs\",\"@id\":\"https:\\\/\\\/hundtgroup.com\\\/cs\\\/produkt\\\/trutool-tka-1500-freza-na-hrany-s-45-nastrojem\\\/#primaryimage\",\"url\":\"https:\\\/\\\/hundtgroup.com\\\/wp-content\\\/uploads\\\/345262-scaled.jpg\",\"contentUrl\":\"https:\\\/\\\/hundtgroup.com\\\/wp-content\\\/uploads\\\/345262-scaled.jpg\",\"width\":2560,\"height\":1463},{\"@type\":\"BreadcrumbList\",\"@id\":\"https:\\\/\\\/hundtgroup.com\\\/cs\\\/produkt\\\/trutool-tka-1500-freza-na-hrany-s-45-nastrojem\\\/#breadcrumb\",\"itemListElement\":[{\"@type\":\"ListItem\",\"position\":1,\"name\":\"Startseite\",\"item\":\"https:\\\/\\\/hundtgroup.com\\\/cs\\\/home-nove\\\/\"},{\"@type\":\"ListItem\",\"position\":2,\"name\":\"Obchod\",\"item\":\"https:\\\/\\\/hundtgroup.com\\\/obchod\\\/\"},{\"@type\":\"ListItem\",\"position\":3,\"name\":\"TruTool TKA 1500 fr\u00e9za na hrany s 45\u00b0 n\u00e1strojem\"}]},{\"@type\":\"WebSite\",\"@id\":\"https:\\\/\\\/hundtgroup.com\\\/cs\\\/#website\",\"url\":\"https:\\\/\\\/hundtgroup.com\\\/cs\\\/\",\"name\":\"Wilhelm Hundt GmbH\",\"description\":\"V\u00e1\u0161 specialista na stroje a n\u00e1stroje pro zpracov\u00e1n\u00ed plechu\",\"potentialAction\":[{\"@type\":\"SearchAction\",\"target\":{\"@type\":\"EntryPoint\",\"urlTemplate\":\"https:\\\/\\\/hundtgroup.com\\\/cs\\\/?s={search_term_string}\"},\"query-input\":{\"@type\":\"PropertyValueSpecification\",\"valueRequired\":true,\"valueName\":\"search_term_string\"}}],\"inLanguage\":\"cs\"}]}<\/script>\n<!-- \/ Yoast SEO plugin. -->","yoast_head_json":{"title":"TruTool TKA 1500 fr\u00e9za na hrany s 45\u00b0 n\u00e1strojem - Wilhelm Hundt GmbH","robots":{"index":"index","follow":"follow","max-snippet":"max-snippet:-1","max-image-preview":"max-image-preview:large","max-video-preview":"max-video-preview:-1"},"canonical":"https:\/\/hundtgroup.com\/cs\/produkt\/trutool-tka-1500-freza-na-hrany-s-45-nastrojem\/","og_locale":"cs_CZ","og_type":"article","og_title":"TruTool TKA 1500 fr\u00e9za na hrany s 45\u00b0 n\u00e1strojem - Wilhelm Hundt GmbH","og_description":"Robustn\u00ed TruTool TKA 1500 vytv\u00e1\u0159\u00ed p\u0159esn\u011b padnouc\u00ed \u00fakosy o d\u00e9lce a\u017e 15 mm pod \u00fahly 30\u00b0, 45\u00b0 a 60\u00b0. Po\u017eadovanou d\u00e9lku \u00fakosu m\u016f\u017eete nastavit plynule a bez pou\u017eit\u00ed n\u00e1\u0159ad\u00ed. Okam\u017eit\u011b dos\u00e1hnete vysoce kvalitn\u00edch, opakovateln\u00fdch hran bez nutnosti dodate\u010dn\u00e9ho opracov\u00e1n\u00ed. S TruTool TKA 1500 m\u016f\u017eete vytv\u00e1\u0159et \u010dist\u00e9 viditeln\u00e9 hrany, l\u00e1mat ostr\u00e9 hrany, aplikovat r\u00e1dius nebo p\u0159ipravovat [&hellip;]","og_url":"https:\/\/hundtgroup.com\/cs\/produkt\/trutool-tka-1500-freza-na-hrany-s-45-nastrojem\/","og_site_name":"Wilhelm Hundt GmbH","article_modified_time":"2025-07-29T08:27:13+00:00","og_image":[{"width":2560,"height":1463,"url":"https:\/\/hundtgroup.com\/wp-content\/uploads\/345262-scaled.jpg","type":"image\/jpeg"}],"twitter_card":"summary_large_image","twitter_misc":{"Odhadovan\u00e1 doba \u010dten\u00ed":"1 minuta"},"schema":{"@context":"https:\/\/schema.org","@graph":[{"@type":"WebPage","@id":"https:\/\/hundtgroup.com\/cs\/produkt\/trutool-tka-1500-freza-na-hrany-s-45-nastrojem\/","url":"https:\/\/hundtgroup.com\/cs\/produkt\/trutool-tka-1500-freza-na-hrany-s-45-nastrojem\/","name":"TruTool TKA 1500 fr\u00e9za na hrany s 45\u00b0 n\u00e1strojem - Wilhelm Hundt GmbH","isPartOf":{"@id":"https:\/\/hundtgroup.com\/cs\/#website"},"primaryImageOfPage":{"@id":"https:\/\/hundtgroup.com\/cs\/produkt\/trutool-tka-1500-freza-na-hrany-s-45-nastrojem\/#primaryimage"},"image":{"@id":"https:\/\/hundtgroup.com\/cs\/produkt\/trutool-tka-1500-freza-na-hrany-s-45-nastrojem\/#primaryimage"},"thumbnailUrl":"https:\/\/hundtgroup.com\/wp-content\/uploads\/345262-scaled.jpg","datePublished":"2022-08-23T13:56:03+00:00","dateModified":"2025-07-29T08:27:13+00:00","breadcrumb":{"@id":"https:\/\/hundtgroup.com\/cs\/produkt\/trutool-tka-1500-freza-na-hrany-s-45-nastrojem\/#breadcrumb"},"inLanguage":"cs","potentialAction":[{"@type":"ReadAction","target":["https:\/\/hundtgroup.com\/cs\/produkt\/trutool-tka-1500-freza-na-hrany-s-45-nastrojem\/"]}]},{"@type":"ImageObject","inLanguage":"cs","@id":"https:\/\/hundtgroup.com\/cs\/produkt\/trutool-tka-1500-freza-na-hrany-s-45-nastrojem\/#primaryimage","url":"https:\/\/hundtgroup.com\/wp-content\/uploads\/345262-scaled.jpg","contentUrl":"https:\/\/hundtgroup.com\/wp-content\/uploads\/345262-scaled.jpg","width":2560,"height":1463},{"@type":"BreadcrumbList","@id":"https:\/\/hundtgroup.com\/cs\/produkt\/trutool-tka-1500-freza-na-hrany-s-45-nastrojem\/#breadcrumb","itemListElement":[{"@type":"ListItem","position":1,"name":"Startseite","item":"https:\/\/hundtgroup.com\/cs\/home-nove\/"},{"@type":"ListItem","position":2,"name":"Obchod","item":"https:\/\/hundtgroup.com\/obchod\/"},{"@type":"ListItem","position":3,"name":"TruTool TKA 1500 fr\u00e9za na hrany s 45\u00b0 n\u00e1strojem"}]},{"@type":"WebSite","@id":"https:\/\/hundtgroup.com\/cs\/#website","url":"https:\/\/hundtgroup.com\/cs\/","name":"Wilhelm Hundt GmbH","description":"V\u00e1\u0161 specialista na stroje a n\u00e1stroje pro zpracov\u00e1n\u00ed plechu","potentialAction":[{"@type":"SearchAction","target":{"@type":"EntryPoint","urlTemplate":"https:\/\/hundtgroup.com\/cs\/?s={search_term_string}"},"query-input":{"@type":"PropertyValueSpecification","valueRequired":true,"valueName":"search_term_string"}}],"inLanguage":"cs"}]}},"_links":{"self":[{"href":"https:\/\/hundtgroup.com\/cs\/wp-json\/wp\/v2\/product\/35971","targetHints":{"allow":["GET"]}}],"collection":[{"href":"https:\/\/hundtgroup.com\/cs\/wp-json\/wp\/v2\/product"}],"about":[{"href":"https:\/\/hundtgroup.com\/cs\/wp-json\/wp\/v2\/types\/product"}],"wp:featuredmedia":[{"embeddable":true,"href":"https:\/\/hundtgroup.com\/cs\/wp-json\/wp\/v2\/media\/33610"}],"wp:attachment":[{"href":"https:\/\/hundtgroup.com\/cs\/wp-json\/wp\/v2\/media?parent=35971"}],"wp:term":[{"taxonomy":"product_cat","embeddable":true,"href":"https:\/\/hundtgroup.com\/cs\/wp-json\/wp\/v2\/product_cat?post=35971"},{"taxonomy":"product_tag","embeddable":true,"href":"https:\/\/hundtgroup.com\/cs\/wp-json\/wp\/v2\/product_tag?post=35971"}],"curies":[{"name":"wp","href":"https:\/\/api.w.org\/{rel}","templated":true}]}}