{"id":35982,"date":"2022-08-23T15:56:03","date_gmt":"2022-08-23T13:56:03","guid":{"rendered":"https:\/\/hundtgroup.com\/produkt\/trumpf-trutool-tpc-165-rezacka-panelu\/"},"modified":"2025-07-29T10:20:28","modified_gmt":"2025-07-29T08:20:28","slug":"trumpf-trutool-tpc-165-rezacka-panelu","status":"publish","type":"product","link":"https:\/\/hundtgroup.com\/cs\/produkt\/trumpf-trutool-tpc-165-rezacka-panelu\/","title":{"rendered":"TRUMPF TruTool TPC 165 \u0159eza\u010dka panel\u016f"},"content":{"rendered":"<p>S novou \u0159eza\u010dkou panel\u016f od spole\u010dnosti TRUMPF lze sendvi\u010dov\u00e9 panely (polyuretanov\u00e9 a polyisokyanur\u00e1tov\u00e9 sendvi\u010dov\u00e9 panely) o tlou\u0161\u0165ce a\u017e 165 mm \u0159ezat \u010dist\u011b a bez dodate\u010dn\u00e9ho opracov\u00e1n\u00ed v jedin\u00e9 operaci.<br \/>\nTo je nez\u00e1visl\u00e9 na tom, zda je povrch panel\u016f rovn\u00fd, trap\u00e9zov\u00fd nebo vlnit\u00fd.<br \/>\nStroj lze pou\u017e\u00edt pro \u0161irokou \u0161k\u00e1lu aplikac\u00ed, od \u0159ez\u00e1n\u00ed na d\u00e9lku a pravo\u00fahl\u00fdch \u0159ez\u016f a\u017e po vnit\u0159n\u00ed v\u00fd\u0159ezy a z\u00e1\u0159ezy.<br \/>\nS nov\u00fdm strojem TruTool TPC 165 lze snadno a p\u0159esn\u011b \u0159ezat i ji\u017e smontovan\u00e9 panely.<br \/>\nPonorn\u00fd mechanismus umo\u017e\u0148uje vnit\u0159n\u00ed v\u00fd\u0159ezy a z\u00e1\u0159ezy bez nutnosti vrt\u00e1n\u00ed po\u010d\u00e1te\u010dn\u00edho otvoru.<\/p>\n","protected":false},"excerpt":{"rendered":"<p>S novou \u0159eza\u010dkou panel\u016f od spole\u010dnosti TRUMPF lze sendvi\u010dov\u00e9 panely (polyuretanov\u00e9 a polyisokyanur\u00e1tov\u00e9 sendvi\u010dov\u00e9 panely) o tlou\u0161\u0165ce a\u017e 165 mm \u0159ezat \u010dist\u011b a bez dodate\u010dn\u00e9ho opracov\u00e1n\u00ed v jedin\u00e9 operaci. To je nez\u00e1visl\u00e9 na tom, zda je povrch panel\u016f rovn\u00fd, trap\u00e9zov\u00fd nebo vlnit\u00fd. Stroj lze pou\u017e\u00edt pro \u0161irokou \u0161k\u00e1lu aplikac\u00ed, od \u0159ez\u00e1n\u00ed na d\u00e9lku a pravo\u00fahl\u00fdch [&hellip;]<\/p>\n","protected":false},"featured_media":33624,"template":"","meta":{"_acf_changed":false,"inline_featured_image":false},"product_cat":[664,1656],"product_tag":[],"class_list":{"0":"post-35982","1":"product","2":"type-product","3":"status-publish","4":"has-post-thumbnail","6":"brand-trumpf","7":"product_cat-elektricke-naradi","8":"product_cat-retezova-pila","10":"first","11":"instock","12":"sale","13":"taxable","14":"shipping-taxable","15":"purchasable","16":"product-type-simple","17":"add-to-wishlist-before_image"},"acf":[],"yoast_head":"<!-- This site is optimized with the Yoast SEO plugin v27.3 - https:\/\/yoast.com\/product\/yoast-seo-wordpress\/ -->\n<title>TRUMPF TruTool TPC 165 \u0159eza\u010dka panel\u016f - Wilhelm Hundt GmbH<\/title>\n<meta name=\"robots\" content=\"index, follow, max-snippet:-1, max-image-preview:large, max-video-preview:-1\" \/>\n<link rel=\"canonical\" href=\"https:\/\/hundtgroup.com\/cs\/produkt\/trumpf-trutool-tpc-165-rezacka-panelu\/\" \/>\n<meta property=\"og:locale\" content=\"cs_CZ\" \/>\n<meta property=\"og:type\" content=\"article\" \/>\n<meta property=\"og:title\" content=\"TRUMPF TruTool TPC 165 \u0159eza\u010dka panel\u016f - Wilhelm Hundt GmbH\" \/>\n<meta property=\"og:description\" content=\"S novou \u0159eza\u010dkou panel\u016f od spole\u010dnosti TRUMPF lze sendvi\u010dov\u00e9 panely (polyuretanov\u00e9 a polyisokyanur\u00e1tov\u00e9 sendvi\u010dov\u00e9 panely) o tlou\u0161\u0165ce a\u017e 165 mm \u0159ezat \u010dist\u011b a bez dodate\u010dn\u00e9ho opracov\u00e1n\u00ed v jedin\u00e9 operaci. To je nez\u00e1visl\u00e9 na tom, zda je povrch panel\u016f rovn\u00fd, trap\u00e9zov\u00fd nebo vlnit\u00fd. Stroj lze pou\u017e\u00edt pro \u0161irokou \u0161k\u00e1lu aplikac\u00ed, od \u0159ez\u00e1n\u00ed na d\u00e9lku a pravo\u00fahl\u00fdch [&hellip;]\" \/>\n<meta property=\"og:url\" content=\"https:\/\/hundtgroup.com\/cs\/produkt\/trumpf-trutool-tpc-165-rezacka-panelu\/\" \/>\n<meta property=\"og:site_name\" content=\"Wilhelm Hundt GmbH\" \/>\n<meta property=\"article:modified_time\" content=\"2025-07-29T08:20:28+00:00\" \/>\n<meta property=\"og:image\" content=\"https:\/\/hundtgroup.com\/wp-content\/uploads\/351006-scaled.jpg\" \/>\n\t<meta property=\"og:image:width\" content=\"2560\" \/>\n\t<meta property=\"og:image:height\" content=\"1396\" \/>\n\t<meta property=\"og:image:type\" content=\"image\/jpeg\" \/>\n<meta name=\"twitter:card\" content=\"summary_large_image\" \/>\n<meta name=\"twitter:label1\" content=\"Odhadovan\u00e1 doba \u010dten\u00ed\" \/>\n\t<meta name=\"twitter:data1\" content=\"1 minuta\" \/>\n<script type=\"application\/ld+json\" class=\"yoast-schema-graph\">{\"@context\":\"https:\\\/\\\/schema.org\",\"@graph\":[{\"@type\":\"WebPage\",\"@id\":\"https:\\\/\\\/hundtgroup.com\\\/cs\\\/produkt\\\/trumpf-trutool-tpc-165-rezacka-panelu\\\/\",\"url\":\"https:\\\/\\\/hundtgroup.com\\\/cs\\\/produkt\\\/trumpf-trutool-tpc-165-rezacka-panelu\\\/\",\"name\":\"TRUMPF TruTool TPC 165 \u0159eza\u010dka panel\u016f - Wilhelm Hundt GmbH\",\"isPartOf\":{\"@id\":\"https:\\\/\\\/hundtgroup.com\\\/cs\\\/#website\"},\"primaryImageOfPage\":{\"@id\":\"https:\\\/\\\/hundtgroup.com\\\/cs\\\/produkt\\\/trumpf-trutool-tpc-165-rezacka-panelu\\\/#primaryimage\"},\"image\":{\"@id\":\"https:\\\/\\\/hundtgroup.com\\\/cs\\\/produkt\\\/trumpf-trutool-tpc-165-rezacka-panelu\\\/#primaryimage\"},\"thumbnailUrl\":\"https:\\\/\\\/hundtgroup.com\\\/wp-content\\\/uploads\\\/351006-scaled.jpg\",\"datePublished\":\"2022-08-23T13:56:03+00:00\",\"dateModified\":\"2025-07-29T08:20:28+00:00\",\"breadcrumb\":{\"@id\":\"https:\\\/\\\/hundtgroup.com\\\/cs\\\/produkt\\\/trumpf-trutool-tpc-165-rezacka-panelu\\\/#breadcrumb\"},\"inLanguage\":\"cs\",\"potentialAction\":[{\"@type\":\"ReadAction\",\"target\":[\"https:\\\/\\\/hundtgroup.com\\\/cs\\\/produkt\\\/trumpf-trutool-tpc-165-rezacka-panelu\\\/\"]}]},{\"@type\":\"ImageObject\",\"inLanguage\":\"cs\",\"@id\":\"https:\\\/\\\/hundtgroup.com\\\/cs\\\/produkt\\\/trumpf-trutool-tpc-165-rezacka-panelu\\\/#primaryimage\",\"url\":\"https:\\\/\\\/hundtgroup.com\\\/wp-content\\\/uploads\\\/351006-scaled.jpg\",\"contentUrl\":\"https:\\\/\\\/hundtgroup.com\\\/wp-content\\\/uploads\\\/351006-scaled.jpg\",\"width\":2560,\"height\":1396},{\"@type\":\"BreadcrumbList\",\"@id\":\"https:\\\/\\\/hundtgroup.com\\\/cs\\\/produkt\\\/trumpf-trutool-tpc-165-rezacka-panelu\\\/#breadcrumb\",\"itemListElement\":[{\"@type\":\"ListItem\",\"position\":1,\"name\":\"Startseite\",\"item\":\"https:\\\/\\\/hundtgroup.com\\\/cs\\\/home-nove\\\/\"},{\"@type\":\"ListItem\",\"position\":2,\"name\":\"Obchod\",\"item\":\"https:\\\/\\\/hundtgroup.com\\\/obchod\\\/\"},{\"@type\":\"ListItem\",\"position\":3,\"name\":\"TRUMPF TruTool TPC 165 \u0159eza\u010dka panel\u016f\"}]},{\"@type\":\"WebSite\",\"@id\":\"https:\\\/\\\/hundtgroup.com\\\/cs\\\/#website\",\"url\":\"https:\\\/\\\/hundtgroup.com\\\/cs\\\/\",\"name\":\"Wilhelm Hundt GmbH\",\"description\":\"V\u00e1\u0161 specialista na stroje a n\u00e1stroje pro zpracov\u00e1n\u00ed plechu\",\"potentialAction\":[{\"@type\":\"SearchAction\",\"target\":{\"@type\":\"EntryPoint\",\"urlTemplate\":\"https:\\\/\\\/hundtgroup.com\\\/cs\\\/?s={search_term_string}\"},\"query-input\":{\"@type\":\"PropertyValueSpecification\",\"valueRequired\":true,\"valueName\":\"search_term_string\"}}],\"inLanguage\":\"cs\"}]}<\/script>\n<!-- \/ Yoast SEO plugin. -->","yoast_head_json":{"title":"TRUMPF TruTool TPC 165 \u0159eza\u010dka panel\u016f - Wilhelm Hundt GmbH","robots":{"index":"index","follow":"follow","max-snippet":"max-snippet:-1","max-image-preview":"max-image-preview:large","max-video-preview":"max-video-preview:-1"},"canonical":"https:\/\/hundtgroup.com\/cs\/produkt\/trumpf-trutool-tpc-165-rezacka-panelu\/","og_locale":"cs_CZ","og_type":"article","og_title":"TRUMPF TruTool TPC 165 \u0159eza\u010dka panel\u016f - Wilhelm Hundt GmbH","og_description":"S novou \u0159eza\u010dkou panel\u016f od spole\u010dnosti TRUMPF lze sendvi\u010dov\u00e9 panely (polyuretanov\u00e9 a polyisokyanur\u00e1tov\u00e9 sendvi\u010dov\u00e9 panely) o tlou\u0161\u0165ce a\u017e 165 mm \u0159ezat \u010dist\u011b a bez dodate\u010dn\u00e9ho opracov\u00e1n\u00ed v jedin\u00e9 operaci. To je nez\u00e1visl\u00e9 na tom, zda je povrch panel\u016f rovn\u00fd, trap\u00e9zov\u00fd nebo vlnit\u00fd. Stroj lze pou\u017e\u00edt pro \u0161irokou \u0161k\u00e1lu aplikac\u00ed, od \u0159ez\u00e1n\u00ed na d\u00e9lku a pravo\u00fahl\u00fdch [&hellip;]","og_url":"https:\/\/hundtgroup.com\/cs\/produkt\/trumpf-trutool-tpc-165-rezacka-panelu\/","og_site_name":"Wilhelm Hundt GmbH","article_modified_time":"2025-07-29T08:20:28+00:00","og_image":[{"width":2560,"height":1396,"url":"https:\/\/hundtgroup.com\/wp-content\/uploads\/351006-scaled.jpg","type":"image\/jpeg"}],"twitter_card":"summary_large_image","twitter_misc":{"Odhadovan\u00e1 doba \u010dten\u00ed":"1 minuta"},"schema":{"@context":"https:\/\/schema.org","@graph":[{"@type":"WebPage","@id":"https:\/\/hundtgroup.com\/cs\/produkt\/trumpf-trutool-tpc-165-rezacka-panelu\/","url":"https:\/\/hundtgroup.com\/cs\/produkt\/trumpf-trutool-tpc-165-rezacka-panelu\/","name":"TRUMPF TruTool TPC 165 \u0159eza\u010dka panel\u016f - Wilhelm Hundt GmbH","isPartOf":{"@id":"https:\/\/hundtgroup.com\/cs\/#website"},"primaryImageOfPage":{"@id":"https:\/\/hundtgroup.com\/cs\/produkt\/trumpf-trutool-tpc-165-rezacka-panelu\/#primaryimage"},"image":{"@id":"https:\/\/hundtgroup.com\/cs\/produkt\/trumpf-trutool-tpc-165-rezacka-panelu\/#primaryimage"},"thumbnailUrl":"https:\/\/hundtgroup.com\/wp-content\/uploads\/351006-scaled.jpg","datePublished":"2022-08-23T13:56:03+00:00","dateModified":"2025-07-29T08:20:28+00:00","breadcrumb":{"@id":"https:\/\/hundtgroup.com\/cs\/produkt\/trumpf-trutool-tpc-165-rezacka-panelu\/#breadcrumb"},"inLanguage":"cs","potentialAction":[{"@type":"ReadAction","target":["https:\/\/hundtgroup.com\/cs\/produkt\/trumpf-trutool-tpc-165-rezacka-panelu\/"]}]},{"@type":"ImageObject","inLanguage":"cs","@id":"https:\/\/hundtgroup.com\/cs\/produkt\/trumpf-trutool-tpc-165-rezacka-panelu\/#primaryimage","url":"https:\/\/hundtgroup.com\/wp-content\/uploads\/351006-scaled.jpg","contentUrl":"https:\/\/hundtgroup.com\/wp-content\/uploads\/351006-scaled.jpg","width":2560,"height":1396},{"@type":"BreadcrumbList","@id":"https:\/\/hundtgroup.com\/cs\/produkt\/trumpf-trutool-tpc-165-rezacka-panelu\/#breadcrumb","itemListElement":[{"@type":"ListItem","position":1,"name":"Startseite","item":"https:\/\/hundtgroup.com\/cs\/home-nove\/"},{"@type":"ListItem","position":2,"name":"Obchod","item":"https:\/\/hundtgroup.com\/obchod\/"},{"@type":"ListItem","position":3,"name":"TRUMPF TruTool TPC 165 \u0159eza\u010dka panel\u016f"}]},{"@type":"WebSite","@id":"https:\/\/hundtgroup.com\/cs\/#website","url":"https:\/\/hundtgroup.com\/cs\/","name":"Wilhelm Hundt GmbH","description":"V\u00e1\u0161 specialista na stroje a n\u00e1stroje pro zpracov\u00e1n\u00ed plechu","potentialAction":[{"@type":"SearchAction","target":{"@type":"EntryPoint","urlTemplate":"https:\/\/hundtgroup.com\/cs\/?s={search_term_string}"},"query-input":{"@type":"PropertyValueSpecification","valueRequired":true,"valueName":"search_term_string"}}],"inLanguage":"cs"}]}},"_links":{"self":[{"href":"https:\/\/hundtgroup.com\/cs\/wp-json\/wp\/v2\/product\/35982","targetHints":{"allow":["GET"]}}],"collection":[{"href":"https:\/\/hundtgroup.com\/cs\/wp-json\/wp\/v2\/product"}],"about":[{"href":"https:\/\/hundtgroup.com\/cs\/wp-json\/wp\/v2\/types\/product"}],"wp:featuredmedia":[{"embeddable":true,"href":"https:\/\/hundtgroup.com\/cs\/wp-json\/wp\/v2\/media\/33624"}],"wp:attachment":[{"href":"https:\/\/hundtgroup.com\/cs\/wp-json\/wp\/v2\/media?parent=35982"}],"wp:term":[{"taxonomy":"product_cat","embeddable":true,"href":"https:\/\/hundtgroup.com\/cs\/wp-json\/wp\/v2\/product_cat?post=35982"},{"taxonomy":"product_tag","embeddable":true,"href":"https:\/\/hundtgroup.com\/cs\/wp-json\/wp\/v2\/product_tag?post=35982"}],"curies":[{"name":"wp","href":"https:\/\/api.w.org\/{rel}","templated":true}]}}