{"id":36178,"date":"2022-08-23T15:57:28","date_gmt":"2022-08-23T13:57:28","guid":{"rendered":"https:\/\/hundtgroup.com\/produkt\/sacek-na-trisky-trumpf-pro-trutool-n-200pn-200pn-201\/"},"modified":"2025-07-29T10:29:42","modified_gmt":"2025-07-29T08:29:42","slug":"sacek-na-trisky-trumpf-pro-trutool-n-200pn-200pn-201","status":"publish","type":"product","link":"https:\/\/hundtgroup.com\/cs\/produkt\/sacek-na-trisky-trumpf-pro-trutool-n-200pn-200pn-201\/","title":{"rendered":"S\u00e1\u010dek na t\u0159\u00edsky Trumpf pro TruTool N 200,PN 200,PN 201"},"content":{"rendered":"<p>S\u00e1\u010dek na t\u0159\u00edsky pro TruTool Nibblers N 200, PN 200, PN 201 nov\u011bj\u0161\u00ed a star\u0161\u00ed verze, tak\u00e9 za\u0159\u00edzen\u00ed na stla\u010den\u00fd vzduch<\/p>\n","protected":false},"excerpt":{"rendered":"<p>S\u00e1\u010dek na t\u0159\u00edsky pro TruTool Nibblers N 200, PN 200, PN 201 nov\u011bj\u0161\u00ed a star\u0161\u00ed verze, tak\u00e9 za\u0159\u00edzen\u00ed na stla\u010den\u00fd vzduch<\/p>\n","protected":false},"featured_media":34974,"template":"","meta":{"_acf_changed":false,"inline_featured_image":false},"product_cat":[1572,1551,1573,1549],"product_tag":[],"class_list":{"0":"post-36178","1":"product","2":"type-product","3":"status-publish","4":"has-post-thumbnail","6":"brand-trumpf","7":"product_cat-trutool-n-200-cs","8":"product_cat-nibbler-cs-3","9":"product_cat-trutool-pn-200-cs","10":"product_cat-baterie-elektricke-prislusenstvi","12":"first","13":"instock","14":"taxable","15":"shipping-taxable","16":"purchasable","17":"product-type-simple","18":"add-to-wishlist-before_image"},"acf":[],"yoast_head":"<!-- This site is optimized with the Yoast SEO plugin v27.3 - https:\/\/yoast.com\/product\/yoast-seo-wordpress\/ -->\n<title>S\u00e1\u010dek na t\u0159\u00edsky Trumpf pro TruTool N 200,PN 200,PN 201 - Wilhelm Hundt GmbH<\/title>\n<meta name=\"robots\" content=\"index, follow, max-snippet:-1, max-image-preview:large, max-video-preview:-1\" \/>\n<link rel=\"canonical\" href=\"https:\/\/hundtgroup.com\/cs\/produkt\/sacek-na-trisky-trumpf-pro-trutool-n-200pn-200pn-201\/\" \/>\n<meta property=\"og:locale\" content=\"cs_CZ\" \/>\n<meta property=\"og:type\" content=\"article\" \/>\n<meta property=\"og:title\" content=\"S\u00e1\u010dek na t\u0159\u00edsky Trumpf pro TruTool N 200,PN 200,PN 201 - Wilhelm Hundt GmbH\" \/>\n<meta property=\"og:description\" content=\"S\u00e1\u010dek na t\u0159\u00edsky pro TruTool Nibblers N 200, PN 200, PN 201 nov\u011bj\u0161\u00ed a star\u0161\u00ed verze, tak\u00e9 za\u0159\u00edzen\u00ed na stla\u010den\u00fd vzduch\" \/>\n<meta property=\"og:url\" content=\"https:\/\/hundtgroup.com\/cs\/produkt\/sacek-na-trisky-trumpf-pro-trutool-n-200pn-200pn-201\/\" \/>\n<meta property=\"og:site_name\" content=\"Wilhelm Hundt GmbH\" \/>\n<meta property=\"article:modified_time\" content=\"2025-07-29T08:29:42+00:00\" \/>\n<meta property=\"og:image\" content=\"https:\/\/hundtgroup.com\/wp-content\/uploads\/346104.png\" \/>\n\t<meta property=\"og:image:width\" content=\"417\" \/>\n\t<meta property=\"og:image:height\" content=\"584\" \/>\n\t<meta property=\"og:image:type\" content=\"image\/png\" \/>\n<meta name=\"twitter:card\" content=\"summary_large_image\" \/>\n<script type=\"application\/ld+json\" class=\"yoast-schema-graph\">{\"@context\":\"https:\\\/\\\/schema.org\",\"@graph\":[{\"@type\":\"WebPage\",\"@id\":\"https:\\\/\\\/hundtgroup.com\\\/cs\\\/produkt\\\/sacek-na-trisky-trumpf-pro-trutool-n-200pn-200pn-201\\\/\",\"url\":\"https:\\\/\\\/hundtgroup.com\\\/cs\\\/produkt\\\/sacek-na-trisky-trumpf-pro-trutool-n-200pn-200pn-201\\\/\",\"name\":\"S\u00e1\u010dek na t\u0159\u00edsky Trumpf pro TruTool N 200,PN 200,PN 201 - Wilhelm Hundt GmbH\",\"isPartOf\":{\"@id\":\"https:\\\/\\\/hundtgroup.com\\\/cs\\\/#website\"},\"primaryImageOfPage\":{\"@id\":\"https:\\\/\\\/hundtgroup.com\\\/cs\\\/produkt\\\/sacek-na-trisky-trumpf-pro-trutool-n-200pn-200pn-201\\\/#primaryimage\"},\"image\":{\"@id\":\"https:\\\/\\\/hundtgroup.com\\\/cs\\\/produkt\\\/sacek-na-trisky-trumpf-pro-trutool-n-200pn-200pn-201\\\/#primaryimage\"},\"thumbnailUrl\":\"https:\\\/\\\/hundtgroup.com\\\/wp-content\\\/uploads\\\/346104.png\",\"datePublished\":\"2022-08-23T13:57:28+00:00\",\"dateModified\":\"2025-07-29T08:29:42+00:00\",\"breadcrumb\":{\"@id\":\"https:\\\/\\\/hundtgroup.com\\\/cs\\\/produkt\\\/sacek-na-trisky-trumpf-pro-trutool-n-200pn-200pn-201\\\/#breadcrumb\"},\"inLanguage\":\"cs\",\"potentialAction\":[{\"@type\":\"ReadAction\",\"target\":[\"https:\\\/\\\/hundtgroup.com\\\/cs\\\/produkt\\\/sacek-na-trisky-trumpf-pro-trutool-n-200pn-200pn-201\\\/\"]}]},{\"@type\":\"ImageObject\",\"inLanguage\":\"cs\",\"@id\":\"https:\\\/\\\/hundtgroup.com\\\/cs\\\/produkt\\\/sacek-na-trisky-trumpf-pro-trutool-n-200pn-200pn-201\\\/#primaryimage\",\"url\":\"https:\\\/\\\/hundtgroup.com\\\/wp-content\\\/uploads\\\/346104.png\",\"contentUrl\":\"https:\\\/\\\/hundtgroup.com\\\/wp-content\\\/uploads\\\/346104.png\",\"width\":417,\"height\":584},{\"@type\":\"BreadcrumbList\",\"@id\":\"https:\\\/\\\/hundtgroup.com\\\/cs\\\/produkt\\\/sacek-na-trisky-trumpf-pro-trutool-n-200pn-200pn-201\\\/#breadcrumb\",\"itemListElement\":[{\"@type\":\"ListItem\",\"position\":1,\"name\":\"Startseite\",\"item\":\"https:\\\/\\\/hundtgroup.com\\\/cs\\\/home-nove\\\/\"},{\"@type\":\"ListItem\",\"position\":2,\"name\":\"Obchod\",\"item\":\"https:\\\/\\\/hundtgroup.com\\\/obchod\\\/\"},{\"@type\":\"ListItem\",\"position\":3,\"name\":\"S\u00e1\u010dek na t\u0159\u00edsky Trumpf pro TruTool N 200,PN 200,PN 201\"}]},{\"@type\":\"WebSite\",\"@id\":\"https:\\\/\\\/hundtgroup.com\\\/cs\\\/#website\",\"url\":\"https:\\\/\\\/hundtgroup.com\\\/cs\\\/\",\"name\":\"Wilhelm Hundt GmbH\",\"description\":\"V\u00e1\u0161 specialista na stroje a n\u00e1stroje pro zpracov\u00e1n\u00ed plechu\",\"potentialAction\":[{\"@type\":\"SearchAction\",\"target\":{\"@type\":\"EntryPoint\",\"urlTemplate\":\"https:\\\/\\\/hundtgroup.com\\\/cs\\\/?s={search_term_string}\"},\"query-input\":{\"@type\":\"PropertyValueSpecification\",\"valueRequired\":true,\"valueName\":\"search_term_string\"}}],\"inLanguage\":\"cs\"}]}<\/script>\n<!-- \/ Yoast SEO plugin. -->","yoast_head_json":{"title":"S\u00e1\u010dek na t\u0159\u00edsky Trumpf pro TruTool N 200,PN 200,PN 201 - Wilhelm Hundt GmbH","robots":{"index":"index","follow":"follow","max-snippet":"max-snippet:-1","max-image-preview":"max-image-preview:large","max-video-preview":"max-video-preview:-1"},"canonical":"https:\/\/hundtgroup.com\/cs\/produkt\/sacek-na-trisky-trumpf-pro-trutool-n-200pn-200pn-201\/","og_locale":"cs_CZ","og_type":"article","og_title":"S\u00e1\u010dek na t\u0159\u00edsky Trumpf pro TruTool N 200,PN 200,PN 201 - Wilhelm Hundt GmbH","og_description":"S\u00e1\u010dek na t\u0159\u00edsky pro TruTool Nibblers N 200, PN 200, PN 201 nov\u011bj\u0161\u00ed a star\u0161\u00ed verze, tak\u00e9 za\u0159\u00edzen\u00ed na stla\u010den\u00fd vzduch","og_url":"https:\/\/hundtgroup.com\/cs\/produkt\/sacek-na-trisky-trumpf-pro-trutool-n-200pn-200pn-201\/","og_site_name":"Wilhelm Hundt GmbH","article_modified_time":"2025-07-29T08:29:42+00:00","og_image":[{"width":417,"height":584,"url":"https:\/\/hundtgroup.com\/wp-content\/uploads\/346104.png","type":"image\/png"}],"twitter_card":"summary_large_image","schema":{"@context":"https:\/\/schema.org","@graph":[{"@type":"WebPage","@id":"https:\/\/hundtgroup.com\/cs\/produkt\/sacek-na-trisky-trumpf-pro-trutool-n-200pn-200pn-201\/","url":"https:\/\/hundtgroup.com\/cs\/produkt\/sacek-na-trisky-trumpf-pro-trutool-n-200pn-200pn-201\/","name":"S\u00e1\u010dek na t\u0159\u00edsky Trumpf pro TruTool N 200,PN 200,PN 201 - Wilhelm Hundt GmbH","isPartOf":{"@id":"https:\/\/hundtgroup.com\/cs\/#website"},"primaryImageOfPage":{"@id":"https:\/\/hundtgroup.com\/cs\/produkt\/sacek-na-trisky-trumpf-pro-trutool-n-200pn-200pn-201\/#primaryimage"},"image":{"@id":"https:\/\/hundtgroup.com\/cs\/produkt\/sacek-na-trisky-trumpf-pro-trutool-n-200pn-200pn-201\/#primaryimage"},"thumbnailUrl":"https:\/\/hundtgroup.com\/wp-content\/uploads\/346104.png","datePublished":"2022-08-23T13:57:28+00:00","dateModified":"2025-07-29T08:29:42+00:00","breadcrumb":{"@id":"https:\/\/hundtgroup.com\/cs\/produkt\/sacek-na-trisky-trumpf-pro-trutool-n-200pn-200pn-201\/#breadcrumb"},"inLanguage":"cs","potentialAction":[{"@type":"ReadAction","target":["https:\/\/hundtgroup.com\/cs\/produkt\/sacek-na-trisky-trumpf-pro-trutool-n-200pn-200pn-201\/"]}]},{"@type":"ImageObject","inLanguage":"cs","@id":"https:\/\/hundtgroup.com\/cs\/produkt\/sacek-na-trisky-trumpf-pro-trutool-n-200pn-200pn-201\/#primaryimage","url":"https:\/\/hundtgroup.com\/wp-content\/uploads\/346104.png","contentUrl":"https:\/\/hundtgroup.com\/wp-content\/uploads\/346104.png","width":417,"height":584},{"@type":"BreadcrumbList","@id":"https:\/\/hundtgroup.com\/cs\/produkt\/sacek-na-trisky-trumpf-pro-trutool-n-200pn-200pn-201\/#breadcrumb","itemListElement":[{"@type":"ListItem","position":1,"name":"Startseite","item":"https:\/\/hundtgroup.com\/cs\/home-nove\/"},{"@type":"ListItem","position":2,"name":"Obchod","item":"https:\/\/hundtgroup.com\/obchod\/"},{"@type":"ListItem","position":3,"name":"S\u00e1\u010dek na t\u0159\u00edsky Trumpf pro TruTool N 200,PN 200,PN 201"}]},{"@type":"WebSite","@id":"https:\/\/hundtgroup.com\/cs\/#website","url":"https:\/\/hundtgroup.com\/cs\/","name":"Wilhelm Hundt GmbH","description":"V\u00e1\u0161 specialista na stroje a n\u00e1stroje pro zpracov\u00e1n\u00ed plechu","potentialAction":[{"@type":"SearchAction","target":{"@type":"EntryPoint","urlTemplate":"https:\/\/hundtgroup.com\/cs\/?s={search_term_string}"},"query-input":{"@type":"PropertyValueSpecification","valueRequired":true,"valueName":"search_term_string"}}],"inLanguage":"cs"}]}},"_links":{"self":[{"href":"https:\/\/hundtgroup.com\/cs\/wp-json\/wp\/v2\/product\/36178","targetHints":{"allow":["GET"]}}],"collection":[{"href":"https:\/\/hundtgroup.com\/cs\/wp-json\/wp\/v2\/product"}],"about":[{"href":"https:\/\/hundtgroup.com\/cs\/wp-json\/wp\/v2\/types\/product"}],"wp:featuredmedia":[{"embeddable":true,"href":"https:\/\/hundtgroup.com\/cs\/wp-json\/wp\/v2\/media\/34974"}],"wp:attachment":[{"href":"https:\/\/hundtgroup.com\/cs\/wp-json\/wp\/v2\/media?parent=36178"}],"wp:term":[{"taxonomy":"product_cat","embeddable":true,"href":"https:\/\/hundtgroup.com\/cs\/wp-json\/wp\/v2\/product_cat?post=36178"},{"taxonomy":"product_tag","embeddable":true,"href":"https:\/\/hundtgroup.com\/cs\/wp-json\/wp\/v2\/product_tag?post=36178"}],"curies":[{"name":"wp","href":"https:\/\/api.w.org\/{rel}","templated":true}]}}