{"id":36349,"date":"2022-10-26T15:58:20","date_gmt":"2022-10-26T13:58:20","guid":{"rendered":"https:\/\/hundtgroup.com\/produkt\/kapesni-svinovaci-metr-typ-bm-30-w\/"},"modified":"2025-07-29T12:14:26","modified_gmt":"2025-07-29T10:14:26","slug":"kapesni-svinovaci-metr-typ-bm-30-w","status":"publish","type":"product","link":"https:\/\/hundtgroup.com\/cs\/produkt\/kapesni-svinovaci-metr-typ-bm-30-w\/","title":{"rendered":"Kapesn\u00ed svinovac\u00ed metr typ BM 30 W"},"content":{"rendered":"<p>Nerozbitn\u00e1 plastov\u00e1 kapsle s pr\u016fzorem pro vnit\u0159n\u00ed m\u011b\u0159en\u00ed.<br \/>\nZak\u0159iven\u00e1 ocelov\u00e1 p\u00e1ska pota\u017een\u00e1 polyamidem \u017elut\u00e9 barvy (vysok\u00e1 odolnost proti od\u011bru).<br \/>\nPosuvn\u00fd startovac\u00ed h\u00e1\u010dek s hrotem.<br \/>\nAutomatick\u00e9 p\u0159ev\u00edjen\u00ed p\u00e1sky.<br \/>\nZar\u00e1\u017eka pro zpomalen\u00ed a fixaci p\u0159ev\u00edjen\u00ed p\u00e1sky.<br \/>\nN\u00e1razn\u00edk na vstupu p\u00e1sky.<br \/>\n\u010cerven\u00e9 des\u00edtky.<br \/>\nS klipem na opasek.<\/p>\n","protected":false},"excerpt":{"rendered":"<p>Nerozbitn\u00e1 plastov\u00e1 kapsle s pr\u016fzorem pro vnit\u0159n\u00ed m\u011b\u0159en\u00ed. Zak\u0159iven\u00e1 ocelov\u00e1 p\u00e1ska pota\u017een\u00e1 polyamidem \u017elut\u00e9 barvy (vysok\u00e1 odolnost proti od\u011bru). Posuvn\u00fd startovac\u00ed h\u00e1\u010dek s hrotem. Automatick\u00e9 p\u0159ev\u00edjen\u00ed p\u00e1sky. Zar\u00e1\u017eka pro zpomalen\u00ed a fixaci p\u0159ev\u00edjen\u00ed p\u00e1sky. N\u00e1razn\u00edk na vstupu p\u00e1sky. \u010cerven\u00e9 des\u00edtky. S klipem na opasek.<\/p>\n","protected":false},"featured_media":34191,"template":"","meta":{"_acf_changed":false,"inline_featured_image":false},"product_cat":[715,2772,1561],"product_tag":[],"class_list":{"0":"post-36349","1":"product","2":"type-product","3":"status-publish","4":"has-post-thumbnail","6":"brand-stabila","7":"product_cat-rucni-naradi","8":"product_cat-paskovy-metr","9":"product_cat-merici-nastroje","11":"first","12":"instock","13":"taxable","14":"shipping-taxable","15":"purchasable","16":"product-type-simple","17":"add-to-wishlist-before_image"},"acf":[],"yoast_head":"<!-- This site is optimized with the Yoast SEO plugin v27.3 - https:\/\/yoast.com\/product\/yoast-seo-wordpress\/ -->\n<title>Kapesn\u00ed svinovac\u00ed metr typ BM 30 W - Wilhelm Hundt GmbH<\/title>\n<meta name=\"robots\" content=\"index, follow, max-snippet:-1, max-image-preview:large, max-video-preview:-1\" \/>\n<link rel=\"canonical\" href=\"https:\/\/hundtgroup.com\/cs\/produkt\/kapesni-svinovaci-metr-typ-bm-30-w\/\" \/>\n<meta property=\"og:locale\" content=\"cs_CZ\" \/>\n<meta property=\"og:type\" content=\"article\" \/>\n<meta property=\"og:title\" content=\"Kapesn\u00ed svinovac\u00ed metr typ BM 30 W - Wilhelm Hundt GmbH\" \/>\n<meta property=\"og:description\" content=\"Nerozbitn\u00e1 plastov\u00e1 kapsle s pr\u016fzorem pro vnit\u0159n\u00ed m\u011b\u0159en\u00ed. Zak\u0159iven\u00e1 ocelov\u00e1 p\u00e1ska pota\u017een\u00e1 polyamidem \u017elut\u00e9 barvy (vysok\u00e1 odolnost proti od\u011bru). Posuvn\u00fd startovac\u00ed h\u00e1\u010dek s hrotem. Automatick\u00e9 p\u0159ev\u00edjen\u00ed p\u00e1sky. Zar\u00e1\u017eka pro zpomalen\u00ed a fixaci p\u0159ev\u00edjen\u00ed p\u00e1sky. N\u00e1razn\u00edk na vstupu p\u00e1sky. \u010cerven\u00e9 des\u00edtky. S klipem na opasek.\" \/>\n<meta property=\"og:url\" content=\"https:\/\/hundtgroup.com\/cs\/produkt\/kapesni-svinovaci-metr-typ-bm-30-w\/\" \/>\n<meta property=\"og:site_name\" content=\"Wilhelm Hundt GmbH\" \/>\n<meta property=\"article:modified_time\" content=\"2025-07-29T10:14:26+00:00\" \/>\n<meta property=\"og:image\" content=\"https:\/\/hundtgroup.com\/wp-content\/uploads\/420047.png\" \/>\n\t<meta property=\"og:image:width\" content=\"301\" \/>\n\t<meta property=\"og:image:height\" content=\"265\" \/>\n\t<meta property=\"og:image:type\" content=\"image\/png\" \/>\n<meta name=\"twitter:card\" content=\"summary_large_image\" \/>\n<script type=\"application\/ld+json\" class=\"yoast-schema-graph\">{\"@context\":\"https:\\\/\\\/schema.org\",\"@graph\":[{\"@type\":\"WebPage\",\"@id\":\"https:\\\/\\\/hundtgroup.com\\\/cs\\\/produkt\\\/kapesni-svinovaci-metr-typ-bm-30-w\\\/\",\"url\":\"https:\\\/\\\/hundtgroup.com\\\/cs\\\/produkt\\\/kapesni-svinovaci-metr-typ-bm-30-w\\\/\",\"name\":\"Kapesn\u00ed svinovac\u00ed metr typ BM 30 W - Wilhelm Hundt GmbH\",\"isPartOf\":{\"@id\":\"https:\\\/\\\/hundtgroup.com\\\/cs\\\/#website\"},\"primaryImageOfPage\":{\"@id\":\"https:\\\/\\\/hundtgroup.com\\\/cs\\\/produkt\\\/kapesni-svinovaci-metr-typ-bm-30-w\\\/#primaryimage\"},\"image\":{\"@id\":\"https:\\\/\\\/hundtgroup.com\\\/cs\\\/produkt\\\/kapesni-svinovaci-metr-typ-bm-30-w\\\/#primaryimage\"},\"thumbnailUrl\":\"https:\\\/\\\/hundtgroup.com\\\/wp-content\\\/uploads\\\/420047.png\",\"datePublished\":\"2022-10-26T13:58:20+00:00\",\"dateModified\":\"2025-07-29T10:14:26+00:00\",\"breadcrumb\":{\"@id\":\"https:\\\/\\\/hundtgroup.com\\\/cs\\\/produkt\\\/kapesni-svinovaci-metr-typ-bm-30-w\\\/#breadcrumb\"},\"inLanguage\":\"cs\",\"potentialAction\":[{\"@type\":\"ReadAction\",\"target\":[\"https:\\\/\\\/hundtgroup.com\\\/cs\\\/produkt\\\/kapesni-svinovaci-metr-typ-bm-30-w\\\/\"]}]},{\"@type\":\"ImageObject\",\"inLanguage\":\"cs\",\"@id\":\"https:\\\/\\\/hundtgroup.com\\\/cs\\\/produkt\\\/kapesni-svinovaci-metr-typ-bm-30-w\\\/#primaryimage\",\"url\":\"https:\\\/\\\/hundtgroup.com\\\/wp-content\\\/uploads\\\/420047.png\",\"contentUrl\":\"https:\\\/\\\/hundtgroup.com\\\/wp-content\\\/uploads\\\/420047.png\",\"width\":301,\"height\":265},{\"@type\":\"BreadcrumbList\",\"@id\":\"https:\\\/\\\/hundtgroup.com\\\/cs\\\/produkt\\\/kapesni-svinovaci-metr-typ-bm-30-w\\\/#breadcrumb\",\"itemListElement\":[{\"@type\":\"ListItem\",\"position\":1,\"name\":\"Startseite\",\"item\":\"https:\\\/\\\/hundtgroup.com\\\/cs\\\/home-nove\\\/\"},{\"@type\":\"ListItem\",\"position\":2,\"name\":\"Obchod\",\"item\":\"https:\\\/\\\/hundtgroup.com\\\/obchod\\\/\"},{\"@type\":\"ListItem\",\"position\":3,\"name\":\"Kapesn\u00ed svinovac\u00ed metr typ BM 30 W\"}]},{\"@type\":\"WebSite\",\"@id\":\"https:\\\/\\\/hundtgroup.com\\\/cs\\\/#website\",\"url\":\"https:\\\/\\\/hundtgroup.com\\\/cs\\\/\",\"name\":\"Wilhelm Hundt GmbH\",\"description\":\"V\u00e1\u0161 specialista na stroje a n\u00e1stroje pro zpracov\u00e1n\u00ed plechu\",\"potentialAction\":[{\"@type\":\"SearchAction\",\"target\":{\"@type\":\"EntryPoint\",\"urlTemplate\":\"https:\\\/\\\/hundtgroup.com\\\/cs\\\/?s={search_term_string}\"},\"query-input\":{\"@type\":\"PropertyValueSpecification\",\"valueRequired\":true,\"valueName\":\"search_term_string\"}}],\"inLanguage\":\"cs\"}]}<\/script>\n<!-- \/ Yoast SEO plugin. -->","yoast_head_json":{"title":"Kapesn\u00ed svinovac\u00ed metr typ BM 30 W - Wilhelm Hundt GmbH","robots":{"index":"index","follow":"follow","max-snippet":"max-snippet:-1","max-image-preview":"max-image-preview:large","max-video-preview":"max-video-preview:-1"},"canonical":"https:\/\/hundtgroup.com\/cs\/produkt\/kapesni-svinovaci-metr-typ-bm-30-w\/","og_locale":"cs_CZ","og_type":"article","og_title":"Kapesn\u00ed svinovac\u00ed metr typ BM 30 W - Wilhelm Hundt GmbH","og_description":"Nerozbitn\u00e1 plastov\u00e1 kapsle s pr\u016fzorem pro vnit\u0159n\u00ed m\u011b\u0159en\u00ed. Zak\u0159iven\u00e1 ocelov\u00e1 p\u00e1ska pota\u017een\u00e1 polyamidem \u017elut\u00e9 barvy (vysok\u00e1 odolnost proti od\u011bru). Posuvn\u00fd startovac\u00ed h\u00e1\u010dek s hrotem. Automatick\u00e9 p\u0159ev\u00edjen\u00ed p\u00e1sky. Zar\u00e1\u017eka pro zpomalen\u00ed a fixaci p\u0159ev\u00edjen\u00ed p\u00e1sky. N\u00e1razn\u00edk na vstupu p\u00e1sky. \u010cerven\u00e9 des\u00edtky. S klipem na opasek.","og_url":"https:\/\/hundtgroup.com\/cs\/produkt\/kapesni-svinovaci-metr-typ-bm-30-w\/","og_site_name":"Wilhelm Hundt GmbH","article_modified_time":"2025-07-29T10:14:26+00:00","og_image":[{"width":301,"height":265,"url":"https:\/\/hundtgroup.com\/wp-content\/uploads\/420047.png","type":"image\/png"}],"twitter_card":"summary_large_image","schema":{"@context":"https:\/\/schema.org","@graph":[{"@type":"WebPage","@id":"https:\/\/hundtgroup.com\/cs\/produkt\/kapesni-svinovaci-metr-typ-bm-30-w\/","url":"https:\/\/hundtgroup.com\/cs\/produkt\/kapesni-svinovaci-metr-typ-bm-30-w\/","name":"Kapesn\u00ed svinovac\u00ed metr typ BM 30 W - Wilhelm Hundt GmbH","isPartOf":{"@id":"https:\/\/hundtgroup.com\/cs\/#website"},"primaryImageOfPage":{"@id":"https:\/\/hundtgroup.com\/cs\/produkt\/kapesni-svinovaci-metr-typ-bm-30-w\/#primaryimage"},"image":{"@id":"https:\/\/hundtgroup.com\/cs\/produkt\/kapesni-svinovaci-metr-typ-bm-30-w\/#primaryimage"},"thumbnailUrl":"https:\/\/hundtgroup.com\/wp-content\/uploads\/420047.png","datePublished":"2022-10-26T13:58:20+00:00","dateModified":"2025-07-29T10:14:26+00:00","breadcrumb":{"@id":"https:\/\/hundtgroup.com\/cs\/produkt\/kapesni-svinovaci-metr-typ-bm-30-w\/#breadcrumb"},"inLanguage":"cs","potentialAction":[{"@type":"ReadAction","target":["https:\/\/hundtgroup.com\/cs\/produkt\/kapesni-svinovaci-metr-typ-bm-30-w\/"]}]},{"@type":"ImageObject","inLanguage":"cs","@id":"https:\/\/hundtgroup.com\/cs\/produkt\/kapesni-svinovaci-metr-typ-bm-30-w\/#primaryimage","url":"https:\/\/hundtgroup.com\/wp-content\/uploads\/420047.png","contentUrl":"https:\/\/hundtgroup.com\/wp-content\/uploads\/420047.png","width":301,"height":265},{"@type":"BreadcrumbList","@id":"https:\/\/hundtgroup.com\/cs\/produkt\/kapesni-svinovaci-metr-typ-bm-30-w\/#breadcrumb","itemListElement":[{"@type":"ListItem","position":1,"name":"Startseite","item":"https:\/\/hundtgroup.com\/cs\/home-nove\/"},{"@type":"ListItem","position":2,"name":"Obchod","item":"https:\/\/hundtgroup.com\/obchod\/"},{"@type":"ListItem","position":3,"name":"Kapesn\u00ed svinovac\u00ed metr typ BM 30 W"}]},{"@type":"WebSite","@id":"https:\/\/hundtgroup.com\/cs\/#website","url":"https:\/\/hundtgroup.com\/cs\/","name":"Wilhelm Hundt GmbH","description":"V\u00e1\u0161 specialista na stroje a n\u00e1stroje pro zpracov\u00e1n\u00ed plechu","potentialAction":[{"@type":"SearchAction","target":{"@type":"EntryPoint","urlTemplate":"https:\/\/hundtgroup.com\/cs\/?s={search_term_string}"},"query-input":{"@type":"PropertyValueSpecification","valueRequired":true,"valueName":"search_term_string"}}],"inLanguage":"cs"}]}},"_links":{"self":[{"href":"https:\/\/hundtgroup.com\/cs\/wp-json\/wp\/v2\/product\/36349","targetHints":{"allow":["GET"]}}],"collection":[{"href":"https:\/\/hundtgroup.com\/cs\/wp-json\/wp\/v2\/product"}],"about":[{"href":"https:\/\/hundtgroup.com\/cs\/wp-json\/wp\/v2\/types\/product"}],"wp:featuredmedia":[{"embeddable":true,"href":"https:\/\/hundtgroup.com\/cs\/wp-json\/wp\/v2\/media\/34191"}],"wp:attachment":[{"href":"https:\/\/hundtgroup.com\/cs\/wp-json\/wp\/v2\/media?parent=36349"}],"wp:term":[{"taxonomy":"product_cat","embeddable":true,"href":"https:\/\/hundtgroup.com\/cs\/wp-json\/wp\/v2\/product_cat?post=36349"},{"taxonomy":"product_tag","embeddable":true,"href":"https:\/\/hundtgroup.com\/cs\/wp-json\/wp\/v2\/product_tag?post=36349"}],"curies":[{"name":"wp","href":"https:\/\/api.w.org\/{rel}","templated":true}]}}