{"id":36433,"date":"2022-10-26T15:58:36","date_gmt":"2022-10-26T13:58:36","guid":{"rendered":"https:\/\/hundtgroup.com\/produkt\/plechova-svorka-hundt-typ-m\/"},"modified":"2025-07-29T12:21:28","modified_gmt":"2025-07-29T10:21:28","slug":"plechova-svorka-hundt-typ-m","status":"publish","type":"product","link":"https:\/\/hundtgroup.com\/cs\/produkt\/plechova-svorka-hundt-typ-m\/","title":{"rendered":"Plechov\u00e1 svorka Hundt typ M"},"content":{"rendered":"<p>Kle\u0161\u0165ov\u00e1 plechov\u00e1 svorka typu M pro do\u010dasn\u00e9 upevn\u011bn\u00ed plechov\u00fdch konstrukc\u00ed, nap\u0159. pro uchycen\u00ed plechov\u00fdch segment\u016f p\u0159i stu\u017ekov\u00e1n\u00ed.<br \/>\nOdstra\u0148uje nutnost zdlouhav\u00e9ho do\u010dasn\u00e9ho \u0161roubov\u00e1n\u00ed.<\/p>\n","protected":false},"excerpt":{"rendered":"<p>Kle\u0161\u0165ov\u00e1 plechov\u00e1 svorka typu M pro do\u010dasn\u00e9 upevn\u011bn\u00ed plechov\u00fdch konstrukc\u00ed, nap\u0159. pro uchycen\u00ed plechov\u00fdch segment\u016f p\u0159i stu\u017ekov\u00e1n\u00ed. Odstra\u0148uje nutnost zdlouhav\u00e9ho do\u010dasn\u00e9ho \u0161roubov\u00e1n\u00ed.<\/p>\n","protected":false},"featured_media":34302,"template":"","meta":{"_acf_changed":false,"inline_featured_image":false},"product_cat":[715,1604],"product_tag":[],"class_list":{"0":"post-36433","1":"product","2":"type-product","3":"status-publish","4":"has-post-thumbnail","6":"brand-hundt","7":"product_cat-rucni-naradi","8":"product_cat-prislusenstvi-pro-rucni-naradi","10":"first","11":"instock","12":"taxable","13":"shipping-taxable","14":"purchasable","15":"product-type-simple","16":"add-to-wishlist-before_image"},"acf":[],"yoast_head":"<!-- This site is optimized with the Yoast SEO plugin v27.3 - https:\/\/yoast.com\/product\/yoast-seo-wordpress\/ -->\n<title>Plechov\u00e1 svorka Hundt typ M - Wilhelm Hundt GmbH<\/title>\n<meta name=\"robots\" content=\"index, follow, max-snippet:-1, max-image-preview:large, max-video-preview:-1\" \/>\n<link rel=\"canonical\" href=\"https:\/\/hundtgroup.com\/cs\/produkt\/plechova-svorka-hundt-typ-m\/\" \/>\n<meta property=\"og:locale\" content=\"cs_CZ\" \/>\n<meta property=\"og:type\" content=\"article\" \/>\n<meta property=\"og:title\" content=\"Plechov\u00e1 svorka Hundt typ M - Wilhelm Hundt GmbH\" \/>\n<meta property=\"og:description\" content=\"Kle\u0161\u0165ov\u00e1 plechov\u00e1 svorka typu M pro do\u010dasn\u00e9 upevn\u011bn\u00ed plechov\u00fdch konstrukc\u00ed, nap\u0159. pro uchycen\u00ed plechov\u00fdch segment\u016f p\u0159i stu\u017ekov\u00e1n\u00ed. Odstra\u0148uje nutnost zdlouhav\u00e9ho do\u010dasn\u00e9ho \u0161roubov\u00e1n\u00ed.\" \/>\n<meta property=\"og:url\" content=\"https:\/\/hundtgroup.com\/cs\/produkt\/plechova-svorka-hundt-typ-m\/\" \/>\n<meta property=\"og:site_name\" content=\"Wilhelm Hundt GmbH\" \/>\n<meta property=\"article:modified_time\" content=\"2025-07-29T10:21:28+00:00\" \/>\n<meta property=\"og:image\" content=\"https:\/\/hundtgroup.com\/wp-content\/uploads\/460510.png\" \/>\n\t<meta property=\"og:image:width\" content=\"338\" \/>\n\t<meta property=\"og:image:height\" content=\"268\" \/>\n\t<meta property=\"og:image:type\" content=\"image\/png\" \/>\n<meta name=\"twitter:card\" content=\"summary_large_image\" \/>\n<script type=\"application\/ld+json\" class=\"yoast-schema-graph\">{\"@context\":\"https:\\\/\\\/schema.org\",\"@graph\":[{\"@type\":\"WebPage\",\"@id\":\"https:\\\/\\\/hundtgroup.com\\\/cs\\\/produkt\\\/plechova-svorka-hundt-typ-m\\\/\",\"url\":\"https:\\\/\\\/hundtgroup.com\\\/cs\\\/produkt\\\/plechova-svorka-hundt-typ-m\\\/\",\"name\":\"Plechov\u00e1 svorka Hundt typ M - Wilhelm Hundt GmbH\",\"isPartOf\":{\"@id\":\"https:\\\/\\\/hundtgroup.com\\\/cs\\\/#website\"},\"primaryImageOfPage\":{\"@id\":\"https:\\\/\\\/hundtgroup.com\\\/cs\\\/produkt\\\/plechova-svorka-hundt-typ-m\\\/#primaryimage\"},\"image\":{\"@id\":\"https:\\\/\\\/hundtgroup.com\\\/cs\\\/produkt\\\/plechova-svorka-hundt-typ-m\\\/#primaryimage\"},\"thumbnailUrl\":\"https:\\\/\\\/hundtgroup.com\\\/wp-content\\\/uploads\\\/460510.png\",\"datePublished\":\"2022-10-26T13:58:36+00:00\",\"dateModified\":\"2025-07-29T10:21:28+00:00\",\"breadcrumb\":{\"@id\":\"https:\\\/\\\/hundtgroup.com\\\/cs\\\/produkt\\\/plechova-svorka-hundt-typ-m\\\/#breadcrumb\"},\"inLanguage\":\"cs\",\"potentialAction\":[{\"@type\":\"ReadAction\",\"target\":[\"https:\\\/\\\/hundtgroup.com\\\/cs\\\/produkt\\\/plechova-svorka-hundt-typ-m\\\/\"]}]},{\"@type\":\"ImageObject\",\"inLanguage\":\"cs\",\"@id\":\"https:\\\/\\\/hundtgroup.com\\\/cs\\\/produkt\\\/plechova-svorka-hundt-typ-m\\\/#primaryimage\",\"url\":\"https:\\\/\\\/hundtgroup.com\\\/wp-content\\\/uploads\\\/460510.png\",\"contentUrl\":\"https:\\\/\\\/hundtgroup.com\\\/wp-content\\\/uploads\\\/460510.png\",\"width\":338,\"height\":268},{\"@type\":\"BreadcrumbList\",\"@id\":\"https:\\\/\\\/hundtgroup.com\\\/cs\\\/produkt\\\/plechova-svorka-hundt-typ-m\\\/#breadcrumb\",\"itemListElement\":[{\"@type\":\"ListItem\",\"position\":1,\"name\":\"Startseite\",\"item\":\"https:\\\/\\\/hundtgroup.com\\\/cs\\\/home-nove\\\/\"},{\"@type\":\"ListItem\",\"position\":2,\"name\":\"Obchod\",\"item\":\"https:\\\/\\\/hundtgroup.com\\\/obchod\\\/\"},{\"@type\":\"ListItem\",\"position\":3,\"name\":\"Plechov\u00e1 svorka Hundt typ M\"}]},{\"@type\":\"WebSite\",\"@id\":\"https:\\\/\\\/hundtgroup.com\\\/cs\\\/#website\",\"url\":\"https:\\\/\\\/hundtgroup.com\\\/cs\\\/\",\"name\":\"Wilhelm Hundt GmbH\",\"description\":\"V\u00e1\u0161 specialista na stroje a n\u00e1stroje pro zpracov\u00e1n\u00ed plechu\",\"potentialAction\":[{\"@type\":\"SearchAction\",\"target\":{\"@type\":\"EntryPoint\",\"urlTemplate\":\"https:\\\/\\\/hundtgroup.com\\\/cs\\\/?s={search_term_string}\"},\"query-input\":{\"@type\":\"PropertyValueSpecification\",\"valueRequired\":true,\"valueName\":\"search_term_string\"}}],\"inLanguage\":\"cs\"}]}<\/script>\n<!-- \/ Yoast SEO plugin. -->","yoast_head_json":{"title":"Plechov\u00e1 svorka Hundt typ M - Wilhelm Hundt GmbH","robots":{"index":"index","follow":"follow","max-snippet":"max-snippet:-1","max-image-preview":"max-image-preview:large","max-video-preview":"max-video-preview:-1"},"canonical":"https:\/\/hundtgroup.com\/cs\/produkt\/plechova-svorka-hundt-typ-m\/","og_locale":"cs_CZ","og_type":"article","og_title":"Plechov\u00e1 svorka Hundt typ M - Wilhelm Hundt GmbH","og_description":"Kle\u0161\u0165ov\u00e1 plechov\u00e1 svorka typu M pro do\u010dasn\u00e9 upevn\u011bn\u00ed plechov\u00fdch konstrukc\u00ed, nap\u0159. pro uchycen\u00ed plechov\u00fdch segment\u016f p\u0159i stu\u017ekov\u00e1n\u00ed. Odstra\u0148uje nutnost zdlouhav\u00e9ho do\u010dasn\u00e9ho \u0161roubov\u00e1n\u00ed.","og_url":"https:\/\/hundtgroup.com\/cs\/produkt\/plechova-svorka-hundt-typ-m\/","og_site_name":"Wilhelm Hundt GmbH","article_modified_time":"2025-07-29T10:21:28+00:00","og_image":[{"width":338,"height":268,"url":"https:\/\/hundtgroup.com\/wp-content\/uploads\/460510.png","type":"image\/png"}],"twitter_card":"summary_large_image","schema":{"@context":"https:\/\/schema.org","@graph":[{"@type":"WebPage","@id":"https:\/\/hundtgroup.com\/cs\/produkt\/plechova-svorka-hundt-typ-m\/","url":"https:\/\/hundtgroup.com\/cs\/produkt\/plechova-svorka-hundt-typ-m\/","name":"Plechov\u00e1 svorka Hundt typ M - Wilhelm Hundt GmbH","isPartOf":{"@id":"https:\/\/hundtgroup.com\/cs\/#website"},"primaryImageOfPage":{"@id":"https:\/\/hundtgroup.com\/cs\/produkt\/plechova-svorka-hundt-typ-m\/#primaryimage"},"image":{"@id":"https:\/\/hundtgroup.com\/cs\/produkt\/plechova-svorka-hundt-typ-m\/#primaryimage"},"thumbnailUrl":"https:\/\/hundtgroup.com\/wp-content\/uploads\/460510.png","datePublished":"2022-10-26T13:58:36+00:00","dateModified":"2025-07-29T10:21:28+00:00","breadcrumb":{"@id":"https:\/\/hundtgroup.com\/cs\/produkt\/plechova-svorka-hundt-typ-m\/#breadcrumb"},"inLanguage":"cs","potentialAction":[{"@type":"ReadAction","target":["https:\/\/hundtgroup.com\/cs\/produkt\/plechova-svorka-hundt-typ-m\/"]}]},{"@type":"ImageObject","inLanguage":"cs","@id":"https:\/\/hundtgroup.com\/cs\/produkt\/plechova-svorka-hundt-typ-m\/#primaryimage","url":"https:\/\/hundtgroup.com\/wp-content\/uploads\/460510.png","contentUrl":"https:\/\/hundtgroup.com\/wp-content\/uploads\/460510.png","width":338,"height":268},{"@type":"BreadcrumbList","@id":"https:\/\/hundtgroup.com\/cs\/produkt\/plechova-svorka-hundt-typ-m\/#breadcrumb","itemListElement":[{"@type":"ListItem","position":1,"name":"Startseite","item":"https:\/\/hundtgroup.com\/cs\/home-nove\/"},{"@type":"ListItem","position":2,"name":"Obchod","item":"https:\/\/hundtgroup.com\/obchod\/"},{"@type":"ListItem","position":3,"name":"Plechov\u00e1 svorka Hundt typ M"}]},{"@type":"WebSite","@id":"https:\/\/hundtgroup.com\/cs\/#website","url":"https:\/\/hundtgroup.com\/cs\/","name":"Wilhelm Hundt GmbH","description":"V\u00e1\u0161 specialista na stroje a n\u00e1stroje pro zpracov\u00e1n\u00ed plechu","potentialAction":[{"@type":"SearchAction","target":{"@type":"EntryPoint","urlTemplate":"https:\/\/hundtgroup.com\/cs\/?s={search_term_string}"},"query-input":{"@type":"PropertyValueSpecification","valueRequired":true,"valueName":"search_term_string"}}],"inLanguage":"cs"}]}},"_links":{"self":[{"href":"https:\/\/hundtgroup.com\/cs\/wp-json\/wp\/v2\/product\/36433","targetHints":{"allow":["GET"]}}],"collection":[{"href":"https:\/\/hundtgroup.com\/cs\/wp-json\/wp\/v2\/product"}],"about":[{"href":"https:\/\/hundtgroup.com\/cs\/wp-json\/wp\/v2\/types\/product"}],"wp:featuredmedia":[{"embeddable":true,"href":"https:\/\/hundtgroup.com\/cs\/wp-json\/wp\/v2\/media\/34302"}],"wp:attachment":[{"href":"https:\/\/hundtgroup.com\/cs\/wp-json\/wp\/v2\/media?parent=36433"}],"wp:term":[{"taxonomy":"product_cat","embeddable":true,"href":"https:\/\/hundtgroup.com\/cs\/wp-json\/wp\/v2\/product_cat?post=36433"},{"taxonomy":"product_tag","embeddable":true,"href":"https:\/\/hundtgroup.com\/cs\/wp-json\/wp\/v2\/product_tag?post=36433"}],"curies":[{"name":"wp","href":"https:\/\/api.w.org\/{rel}","templated":true}]}}