{"id":36450,"date":"2022-10-26T15:58:36","date_gmt":"2022-10-26T13:58:36","guid":{"rendered":"https:\/\/hundtgroup.com\/produkt\/pakovy-derovac-21-8\/"},"modified":"2025-07-29T12:21:40","modified_gmt":"2025-07-29T10:21:40","slug":"pakovy-derovac-21-8","status":"publish","type":"product","link":"https:\/\/hundtgroup.com\/cs\/produkt\/pakovy-derovac-21-8\/","title":{"rendered":"P\u00e1kov\u00fd d\u011brova\u010d 21\/8"},"content":{"rendered":"<p>T\u011bleso d\u011brova\u010de z oceli odoln\u00e9 proti zkroucen\u00ed.<br \/>\nP\u0159evodovka ozuben\u00e9 p\u00e1ky.<br \/>\nVeden\u00ed d\u011brovac\u00edho suportu bez v\u016fle.<br \/>\nAretace p\u00e1ky pomoc\u00ed zkrutn\u00e9 pru\u017einy.<br \/>\nV\u0161echny d\u011brova\u010de lze vybavit speci\u00e1ln\u00edm d\u011brovac\u00edm za\u0159\u00edzen\u00edm do \u00d8 45 mm.<\/p>\n<p>P\u0159\u00edslu\u0161enstv\u00ed (nen\u00ed sou\u010d\u00e1st\u00ed dod\u00e1vky):<br \/>\nD\u011brovac\u00ed n\u00e1stroje \u00d8 3 &#8211; 18 mm.<\/p>\n","protected":false},"excerpt":{"rendered":"<p>T\u011bleso d\u011brova\u010de z oceli odoln\u00e9 proti zkroucen\u00ed. P\u0159evodovka ozuben\u00e9 p\u00e1ky. Veden\u00ed d\u011brovac\u00edho suportu bez v\u016fle. Aretace p\u00e1ky pomoc\u00ed zkrutn\u00e9 pru\u017einy. V\u0161echny d\u011brova\u010de lze vybavit speci\u00e1ln\u00edm d\u011brovac\u00edm za\u0159\u00edzen\u00edm do \u00d8 45 mm. P\u0159\u00edslu\u0161enstv\u00ed (nen\u00ed sou\u010d\u00e1st\u00ed dod\u00e1vky): D\u011brovac\u00ed n\u00e1stroje \u00d8 3 &#8211; 18 mm.<\/p>\n","protected":false},"featured_media":33918,"template":"","meta":{"_acf_changed":false,"inline_featured_image":false},"product_cat":[715,1601],"product_tag":[],"class_list":{"0":"post-36450","1":"product","2":"type-product","3":"status-publish","4":"has-post-thumbnail","6":"brand-hundt","7":"product_cat-rucni-naradi","8":"product_cat-derovani","10":"first","11":"instock","12":"taxable","13":"shipping-taxable","14":"purchasable","15":"product-type-simple","16":"add-to-wishlist-before_image"},"acf":[],"yoast_head":"<!-- This site is optimized with the Yoast SEO plugin v27.3 - https:\/\/yoast.com\/product\/yoast-seo-wordpress\/ -->\n<title>P\u00e1kov\u00fd d\u011brova\u010d 21\/8 - Wilhelm Hundt GmbH<\/title>\n<meta name=\"robots\" content=\"index, follow, max-snippet:-1, max-image-preview:large, max-video-preview:-1\" \/>\n<link rel=\"canonical\" href=\"https:\/\/hundtgroup.com\/cs\/produkt\/pakovy-derovac-21-8\/\" \/>\n<meta property=\"og:locale\" content=\"cs_CZ\" \/>\n<meta property=\"og:type\" content=\"article\" \/>\n<meta property=\"og:title\" content=\"P\u00e1kov\u00fd d\u011brova\u010d 21\/8 - Wilhelm Hundt GmbH\" \/>\n<meta property=\"og:description\" content=\"T\u011bleso d\u011brova\u010de z oceli odoln\u00e9 proti zkroucen\u00ed. P\u0159evodovka ozuben\u00e9 p\u00e1ky. Veden\u00ed d\u011brovac\u00edho suportu bez v\u016fle. Aretace p\u00e1ky pomoc\u00ed zkrutn\u00e9 pru\u017einy. V\u0161echny d\u011brova\u010de lze vybavit speci\u00e1ln\u00edm d\u011brovac\u00edm za\u0159\u00edzen\u00edm do \u00d8 45 mm. P\u0159\u00edslu\u0161enstv\u00ed (nen\u00ed sou\u010d\u00e1st\u00ed dod\u00e1vky): D\u011brovac\u00ed n\u00e1stroje \u00d8 3 &#8211; 18 mm.\" \/>\n<meta property=\"og:url\" content=\"https:\/\/hundtgroup.com\/cs\/produkt\/pakovy-derovac-21-8\/\" \/>\n<meta property=\"og:site_name\" content=\"Wilhelm Hundt GmbH\" \/>\n<meta property=\"article:modified_time\" content=\"2025-07-29T10:21:40+00:00\" \/>\n<meta property=\"og:image\" content=\"https:\/\/hundtgroup.com\/wp-content\/uploads\/298101.png\" \/>\n\t<meta property=\"og:image:width\" content=\"262\" \/>\n\t<meta property=\"og:image:height\" content=\"472\" \/>\n\t<meta property=\"og:image:type\" content=\"image\/png\" \/>\n<meta name=\"twitter:card\" content=\"summary_large_image\" \/>\n<script type=\"application\/ld+json\" class=\"yoast-schema-graph\">{\"@context\":\"https:\\\/\\\/schema.org\",\"@graph\":[{\"@type\":\"WebPage\",\"@id\":\"https:\\\/\\\/hundtgroup.com\\\/cs\\\/produkt\\\/pakovy-derovac-21-8\\\/\",\"url\":\"https:\\\/\\\/hundtgroup.com\\\/cs\\\/produkt\\\/pakovy-derovac-21-8\\\/\",\"name\":\"P\u00e1kov\u00fd d\u011brova\u010d 21\\\/8 - Wilhelm Hundt GmbH\",\"isPartOf\":{\"@id\":\"https:\\\/\\\/hundtgroup.com\\\/cs\\\/#website\"},\"primaryImageOfPage\":{\"@id\":\"https:\\\/\\\/hundtgroup.com\\\/cs\\\/produkt\\\/pakovy-derovac-21-8\\\/#primaryimage\"},\"image\":{\"@id\":\"https:\\\/\\\/hundtgroup.com\\\/cs\\\/produkt\\\/pakovy-derovac-21-8\\\/#primaryimage\"},\"thumbnailUrl\":\"https:\\\/\\\/hundtgroup.com\\\/wp-content\\\/uploads\\\/298101.png\",\"datePublished\":\"2022-10-26T13:58:36+00:00\",\"dateModified\":\"2025-07-29T10:21:40+00:00\",\"breadcrumb\":{\"@id\":\"https:\\\/\\\/hundtgroup.com\\\/cs\\\/produkt\\\/pakovy-derovac-21-8\\\/#breadcrumb\"},\"inLanguage\":\"cs\",\"potentialAction\":[{\"@type\":\"ReadAction\",\"target\":[\"https:\\\/\\\/hundtgroup.com\\\/cs\\\/produkt\\\/pakovy-derovac-21-8\\\/\"]}]},{\"@type\":\"ImageObject\",\"inLanguage\":\"cs\",\"@id\":\"https:\\\/\\\/hundtgroup.com\\\/cs\\\/produkt\\\/pakovy-derovac-21-8\\\/#primaryimage\",\"url\":\"https:\\\/\\\/hundtgroup.com\\\/wp-content\\\/uploads\\\/298101.png\",\"contentUrl\":\"https:\\\/\\\/hundtgroup.com\\\/wp-content\\\/uploads\\\/298101.png\",\"width\":262,\"height\":472},{\"@type\":\"BreadcrumbList\",\"@id\":\"https:\\\/\\\/hundtgroup.com\\\/cs\\\/produkt\\\/pakovy-derovac-21-8\\\/#breadcrumb\",\"itemListElement\":[{\"@type\":\"ListItem\",\"position\":1,\"name\":\"Startseite\",\"item\":\"https:\\\/\\\/hundtgroup.com\\\/cs\\\/home-nove\\\/\"},{\"@type\":\"ListItem\",\"position\":2,\"name\":\"Obchod\",\"item\":\"https:\\\/\\\/hundtgroup.com\\\/obchod\\\/\"},{\"@type\":\"ListItem\",\"position\":3,\"name\":\"P\u00e1kov\u00fd d\u011brova\u010d 21\\\/8\"}]},{\"@type\":\"WebSite\",\"@id\":\"https:\\\/\\\/hundtgroup.com\\\/cs\\\/#website\",\"url\":\"https:\\\/\\\/hundtgroup.com\\\/cs\\\/\",\"name\":\"Wilhelm Hundt GmbH\",\"description\":\"V\u00e1\u0161 specialista na stroje a n\u00e1stroje pro zpracov\u00e1n\u00ed plechu\",\"potentialAction\":[{\"@type\":\"SearchAction\",\"target\":{\"@type\":\"EntryPoint\",\"urlTemplate\":\"https:\\\/\\\/hundtgroup.com\\\/cs\\\/?s={search_term_string}\"},\"query-input\":{\"@type\":\"PropertyValueSpecification\",\"valueRequired\":true,\"valueName\":\"search_term_string\"}}],\"inLanguage\":\"cs\"}]}<\/script>\n<!-- \/ Yoast SEO plugin. -->","yoast_head_json":{"title":"P\u00e1kov\u00fd d\u011brova\u010d 21\/8 - Wilhelm Hundt GmbH","robots":{"index":"index","follow":"follow","max-snippet":"max-snippet:-1","max-image-preview":"max-image-preview:large","max-video-preview":"max-video-preview:-1"},"canonical":"https:\/\/hundtgroup.com\/cs\/produkt\/pakovy-derovac-21-8\/","og_locale":"cs_CZ","og_type":"article","og_title":"P\u00e1kov\u00fd d\u011brova\u010d 21\/8 - Wilhelm Hundt GmbH","og_description":"T\u011bleso d\u011brova\u010de z oceli odoln\u00e9 proti zkroucen\u00ed. P\u0159evodovka ozuben\u00e9 p\u00e1ky. Veden\u00ed d\u011brovac\u00edho suportu bez v\u016fle. Aretace p\u00e1ky pomoc\u00ed zkrutn\u00e9 pru\u017einy. V\u0161echny d\u011brova\u010de lze vybavit speci\u00e1ln\u00edm d\u011brovac\u00edm za\u0159\u00edzen\u00edm do \u00d8 45 mm. P\u0159\u00edslu\u0161enstv\u00ed (nen\u00ed sou\u010d\u00e1st\u00ed dod\u00e1vky): D\u011brovac\u00ed n\u00e1stroje \u00d8 3 &#8211; 18 mm.","og_url":"https:\/\/hundtgroup.com\/cs\/produkt\/pakovy-derovac-21-8\/","og_site_name":"Wilhelm Hundt GmbH","article_modified_time":"2025-07-29T10:21:40+00:00","og_image":[{"width":262,"height":472,"url":"https:\/\/hundtgroup.com\/wp-content\/uploads\/298101.png","type":"image\/png"}],"twitter_card":"summary_large_image","schema":{"@context":"https:\/\/schema.org","@graph":[{"@type":"WebPage","@id":"https:\/\/hundtgroup.com\/cs\/produkt\/pakovy-derovac-21-8\/","url":"https:\/\/hundtgroup.com\/cs\/produkt\/pakovy-derovac-21-8\/","name":"P\u00e1kov\u00fd d\u011brova\u010d 21\/8 - Wilhelm Hundt GmbH","isPartOf":{"@id":"https:\/\/hundtgroup.com\/cs\/#website"},"primaryImageOfPage":{"@id":"https:\/\/hundtgroup.com\/cs\/produkt\/pakovy-derovac-21-8\/#primaryimage"},"image":{"@id":"https:\/\/hundtgroup.com\/cs\/produkt\/pakovy-derovac-21-8\/#primaryimage"},"thumbnailUrl":"https:\/\/hundtgroup.com\/wp-content\/uploads\/298101.png","datePublished":"2022-10-26T13:58:36+00:00","dateModified":"2025-07-29T10:21:40+00:00","breadcrumb":{"@id":"https:\/\/hundtgroup.com\/cs\/produkt\/pakovy-derovac-21-8\/#breadcrumb"},"inLanguage":"cs","potentialAction":[{"@type":"ReadAction","target":["https:\/\/hundtgroup.com\/cs\/produkt\/pakovy-derovac-21-8\/"]}]},{"@type":"ImageObject","inLanguage":"cs","@id":"https:\/\/hundtgroup.com\/cs\/produkt\/pakovy-derovac-21-8\/#primaryimage","url":"https:\/\/hundtgroup.com\/wp-content\/uploads\/298101.png","contentUrl":"https:\/\/hundtgroup.com\/wp-content\/uploads\/298101.png","width":262,"height":472},{"@type":"BreadcrumbList","@id":"https:\/\/hundtgroup.com\/cs\/produkt\/pakovy-derovac-21-8\/#breadcrumb","itemListElement":[{"@type":"ListItem","position":1,"name":"Startseite","item":"https:\/\/hundtgroup.com\/cs\/home-nove\/"},{"@type":"ListItem","position":2,"name":"Obchod","item":"https:\/\/hundtgroup.com\/obchod\/"},{"@type":"ListItem","position":3,"name":"P\u00e1kov\u00fd d\u011brova\u010d 21\/8"}]},{"@type":"WebSite","@id":"https:\/\/hundtgroup.com\/cs\/#website","url":"https:\/\/hundtgroup.com\/cs\/","name":"Wilhelm Hundt GmbH","description":"V\u00e1\u0161 specialista na stroje a n\u00e1stroje pro zpracov\u00e1n\u00ed plechu","potentialAction":[{"@type":"SearchAction","target":{"@type":"EntryPoint","urlTemplate":"https:\/\/hundtgroup.com\/cs\/?s={search_term_string}"},"query-input":{"@type":"PropertyValueSpecification","valueRequired":true,"valueName":"search_term_string"}}],"inLanguage":"cs"}]}},"_links":{"self":[{"href":"https:\/\/hundtgroup.com\/cs\/wp-json\/wp\/v2\/product\/36450","targetHints":{"allow":["GET"]}}],"collection":[{"href":"https:\/\/hundtgroup.com\/cs\/wp-json\/wp\/v2\/product"}],"about":[{"href":"https:\/\/hundtgroup.com\/cs\/wp-json\/wp\/v2\/types\/product"}],"wp:featuredmedia":[{"embeddable":true,"href":"https:\/\/hundtgroup.com\/cs\/wp-json\/wp\/v2\/media\/33918"}],"wp:attachment":[{"href":"https:\/\/hundtgroup.com\/cs\/wp-json\/wp\/v2\/media?parent=36450"}],"wp:term":[{"taxonomy":"product_cat","embeddable":true,"href":"https:\/\/hundtgroup.com\/cs\/wp-json\/wp\/v2\/product_cat?post=36450"},{"taxonomy":"product_tag","embeddable":true,"href":"https:\/\/hundtgroup.com\/cs\/wp-json\/wp\/v2\/product_tag?post=36450"}],"curies":[{"name":"wp","href":"https:\/\/api.w.org\/{rel}","templated":true}]}}