{"id":36473,"date":"2022-10-26T15:58:53","date_gmt":"2022-10-26T13:58:53","guid":{"rendered":"https:\/\/hundtgroup.com\/produkt\/nahradni-pilovy-kotouc-puk\/"},"modified":"2025-07-29T12:48:00","modified_gmt":"2025-07-29T10:48:00","slug":"nahradni-pilovy-kotouc-puk","status":"publish","type":"product","link":"https:\/\/hundtgroup.com\/cs\/produkt\/nahradni-pilovy-kotouc-puk\/","title":{"rendered":"N\u00e1hradn\u00ed pilov\u00fd kotou\u010d Puk"},"content":{"rendered":"<p>N\u00e1hradn\u00ed pilov\u00fd list pro pilu PUK, k dost\u00e1n\u00ed samostatn\u011b<\/p>\n","protected":false},"excerpt":{"rendered":"<p>N\u00e1hradn\u00ed pilov\u00fd list pro pilu PUK, k dost\u00e1n\u00ed samostatn\u011b<\/p>\n","protected":false},"featured_media":33673,"template":"","meta":{"_acf_changed":false,"inline_featured_image":false},"product_cat":[715,1615],"product_tag":[],"class_list":{"0":"post-36473","1":"product","2":"type-product","3":"status-publish","4":"has-post-thumbnail","6":"brand-hundt","7":"product_cat-rucni-naradi","8":"product_cat-pily-cs","10":"first","11":"instock","12":"taxable","13":"shipping-taxable","14":"purchasable","15":"product-type-simple","16":"add-to-wishlist-before_image"},"acf":[],"yoast_head":"<!-- This site is optimized with the Yoast SEO plugin v27.3 - https:\/\/yoast.com\/product\/yoast-seo-wordpress\/ -->\n<title>N\u00e1hradn\u00ed pilov\u00fd kotou\u010d Puk - Wilhelm Hundt GmbH<\/title>\n<meta name=\"robots\" content=\"index, follow, max-snippet:-1, max-image-preview:large, max-video-preview:-1\" \/>\n<link rel=\"canonical\" href=\"https:\/\/hundtgroup.com\/cs\/produkt\/nahradni-pilovy-kotouc-puk\/\" \/>\n<meta property=\"og:locale\" content=\"cs_CZ\" \/>\n<meta property=\"og:type\" content=\"article\" \/>\n<meta property=\"og:title\" content=\"N\u00e1hradn\u00ed pilov\u00fd kotou\u010d Puk - Wilhelm Hundt GmbH\" \/>\n<meta property=\"og:description\" content=\"N\u00e1hradn\u00ed pilov\u00fd list pro pilu PUK, k dost\u00e1n\u00ed samostatn\u011b\" \/>\n<meta property=\"og:url\" content=\"https:\/\/hundtgroup.com\/cs\/produkt\/nahradni-pilovy-kotouc-puk\/\" \/>\n<meta property=\"og:site_name\" content=\"Wilhelm Hundt GmbH\" \/>\n<meta property=\"article:modified_time\" content=\"2025-07-29T10:48:00+00:00\" \/>\n<meta property=\"og:image\" content=\"https:\/\/hundtgroup.com\/wp-content\/uploads\/430312.jpg\" \/>\n\t<meta property=\"og:image:width\" content=\"450\" \/>\n\t<meta property=\"og:image:height\" content=\"337\" \/>\n\t<meta property=\"og:image:type\" content=\"image\/jpeg\" \/>\n<meta name=\"twitter:card\" content=\"summary_large_image\" \/>\n<script type=\"application\/ld+json\" class=\"yoast-schema-graph\">{\"@context\":\"https:\\\/\\\/schema.org\",\"@graph\":[{\"@type\":\"WebPage\",\"@id\":\"https:\\\/\\\/hundtgroup.com\\\/cs\\\/produkt\\\/nahradni-pilovy-kotouc-puk\\\/\",\"url\":\"https:\\\/\\\/hundtgroup.com\\\/cs\\\/produkt\\\/nahradni-pilovy-kotouc-puk\\\/\",\"name\":\"N\u00e1hradn\u00ed pilov\u00fd kotou\u010d Puk - Wilhelm Hundt GmbH\",\"isPartOf\":{\"@id\":\"https:\\\/\\\/hundtgroup.com\\\/cs\\\/#website\"},\"primaryImageOfPage\":{\"@id\":\"https:\\\/\\\/hundtgroup.com\\\/cs\\\/produkt\\\/nahradni-pilovy-kotouc-puk\\\/#primaryimage\"},\"image\":{\"@id\":\"https:\\\/\\\/hundtgroup.com\\\/cs\\\/produkt\\\/nahradni-pilovy-kotouc-puk\\\/#primaryimage\"},\"thumbnailUrl\":\"https:\\\/\\\/hundtgroup.com\\\/wp-content\\\/uploads\\\/430312.jpg\",\"datePublished\":\"2022-10-26T13:58:53+00:00\",\"dateModified\":\"2025-07-29T10:48:00+00:00\",\"breadcrumb\":{\"@id\":\"https:\\\/\\\/hundtgroup.com\\\/cs\\\/produkt\\\/nahradni-pilovy-kotouc-puk\\\/#breadcrumb\"},\"inLanguage\":\"cs\",\"potentialAction\":[{\"@type\":\"ReadAction\",\"target\":[\"https:\\\/\\\/hundtgroup.com\\\/cs\\\/produkt\\\/nahradni-pilovy-kotouc-puk\\\/\"]}]},{\"@type\":\"ImageObject\",\"inLanguage\":\"cs\",\"@id\":\"https:\\\/\\\/hundtgroup.com\\\/cs\\\/produkt\\\/nahradni-pilovy-kotouc-puk\\\/#primaryimage\",\"url\":\"https:\\\/\\\/hundtgroup.com\\\/wp-content\\\/uploads\\\/430312.jpg\",\"contentUrl\":\"https:\\\/\\\/hundtgroup.com\\\/wp-content\\\/uploads\\\/430312.jpg\",\"width\":450,\"height\":337},{\"@type\":\"BreadcrumbList\",\"@id\":\"https:\\\/\\\/hundtgroup.com\\\/cs\\\/produkt\\\/nahradni-pilovy-kotouc-puk\\\/#breadcrumb\",\"itemListElement\":[{\"@type\":\"ListItem\",\"position\":1,\"name\":\"Startseite\",\"item\":\"https:\\\/\\\/hundtgroup.com\\\/cs\\\/home-nove\\\/\"},{\"@type\":\"ListItem\",\"position\":2,\"name\":\"Obchod\",\"item\":\"https:\\\/\\\/hundtgroup.com\\\/obchod\\\/\"},{\"@type\":\"ListItem\",\"position\":3,\"name\":\"N\u00e1hradn\u00ed pilov\u00fd kotou\u010d Puk\"}]},{\"@type\":\"WebSite\",\"@id\":\"https:\\\/\\\/hundtgroup.com\\\/cs\\\/#website\",\"url\":\"https:\\\/\\\/hundtgroup.com\\\/cs\\\/\",\"name\":\"Wilhelm Hundt GmbH\",\"description\":\"V\u00e1\u0161 specialista na stroje a n\u00e1stroje pro zpracov\u00e1n\u00ed plechu\",\"potentialAction\":[{\"@type\":\"SearchAction\",\"target\":{\"@type\":\"EntryPoint\",\"urlTemplate\":\"https:\\\/\\\/hundtgroup.com\\\/cs\\\/?s={search_term_string}\"},\"query-input\":{\"@type\":\"PropertyValueSpecification\",\"valueRequired\":true,\"valueName\":\"search_term_string\"}}],\"inLanguage\":\"cs\"}]}<\/script>\n<!-- \/ Yoast SEO plugin. -->","yoast_head_json":{"title":"N\u00e1hradn\u00ed pilov\u00fd kotou\u010d Puk - Wilhelm Hundt GmbH","robots":{"index":"index","follow":"follow","max-snippet":"max-snippet:-1","max-image-preview":"max-image-preview:large","max-video-preview":"max-video-preview:-1"},"canonical":"https:\/\/hundtgroup.com\/cs\/produkt\/nahradni-pilovy-kotouc-puk\/","og_locale":"cs_CZ","og_type":"article","og_title":"N\u00e1hradn\u00ed pilov\u00fd kotou\u010d Puk - Wilhelm Hundt GmbH","og_description":"N\u00e1hradn\u00ed pilov\u00fd list pro pilu PUK, k dost\u00e1n\u00ed samostatn\u011b","og_url":"https:\/\/hundtgroup.com\/cs\/produkt\/nahradni-pilovy-kotouc-puk\/","og_site_name":"Wilhelm Hundt GmbH","article_modified_time":"2025-07-29T10:48:00+00:00","og_image":[{"width":450,"height":337,"url":"https:\/\/hundtgroup.com\/wp-content\/uploads\/430312.jpg","type":"image\/jpeg"}],"twitter_card":"summary_large_image","schema":{"@context":"https:\/\/schema.org","@graph":[{"@type":"WebPage","@id":"https:\/\/hundtgroup.com\/cs\/produkt\/nahradni-pilovy-kotouc-puk\/","url":"https:\/\/hundtgroup.com\/cs\/produkt\/nahradni-pilovy-kotouc-puk\/","name":"N\u00e1hradn\u00ed pilov\u00fd kotou\u010d Puk - Wilhelm Hundt GmbH","isPartOf":{"@id":"https:\/\/hundtgroup.com\/cs\/#website"},"primaryImageOfPage":{"@id":"https:\/\/hundtgroup.com\/cs\/produkt\/nahradni-pilovy-kotouc-puk\/#primaryimage"},"image":{"@id":"https:\/\/hundtgroup.com\/cs\/produkt\/nahradni-pilovy-kotouc-puk\/#primaryimage"},"thumbnailUrl":"https:\/\/hundtgroup.com\/wp-content\/uploads\/430312.jpg","datePublished":"2022-10-26T13:58:53+00:00","dateModified":"2025-07-29T10:48:00+00:00","breadcrumb":{"@id":"https:\/\/hundtgroup.com\/cs\/produkt\/nahradni-pilovy-kotouc-puk\/#breadcrumb"},"inLanguage":"cs","potentialAction":[{"@type":"ReadAction","target":["https:\/\/hundtgroup.com\/cs\/produkt\/nahradni-pilovy-kotouc-puk\/"]}]},{"@type":"ImageObject","inLanguage":"cs","@id":"https:\/\/hundtgroup.com\/cs\/produkt\/nahradni-pilovy-kotouc-puk\/#primaryimage","url":"https:\/\/hundtgroup.com\/wp-content\/uploads\/430312.jpg","contentUrl":"https:\/\/hundtgroup.com\/wp-content\/uploads\/430312.jpg","width":450,"height":337},{"@type":"BreadcrumbList","@id":"https:\/\/hundtgroup.com\/cs\/produkt\/nahradni-pilovy-kotouc-puk\/#breadcrumb","itemListElement":[{"@type":"ListItem","position":1,"name":"Startseite","item":"https:\/\/hundtgroup.com\/cs\/home-nove\/"},{"@type":"ListItem","position":2,"name":"Obchod","item":"https:\/\/hundtgroup.com\/obchod\/"},{"@type":"ListItem","position":3,"name":"N\u00e1hradn\u00ed pilov\u00fd kotou\u010d Puk"}]},{"@type":"WebSite","@id":"https:\/\/hundtgroup.com\/cs\/#website","url":"https:\/\/hundtgroup.com\/cs\/","name":"Wilhelm Hundt GmbH","description":"V\u00e1\u0161 specialista na stroje a n\u00e1stroje pro zpracov\u00e1n\u00ed plechu","potentialAction":[{"@type":"SearchAction","target":{"@type":"EntryPoint","urlTemplate":"https:\/\/hundtgroup.com\/cs\/?s={search_term_string}"},"query-input":{"@type":"PropertyValueSpecification","valueRequired":true,"valueName":"search_term_string"}}],"inLanguage":"cs"}]}},"_links":{"self":[{"href":"https:\/\/hundtgroup.com\/cs\/wp-json\/wp\/v2\/product\/36473","targetHints":{"allow":["GET"]}}],"collection":[{"href":"https:\/\/hundtgroup.com\/cs\/wp-json\/wp\/v2\/product"}],"about":[{"href":"https:\/\/hundtgroup.com\/cs\/wp-json\/wp\/v2\/types\/product"}],"wp:featuredmedia":[{"embeddable":true,"href":"https:\/\/hundtgroup.com\/cs\/wp-json\/wp\/v2\/media\/33673"}],"wp:attachment":[{"href":"https:\/\/hundtgroup.com\/cs\/wp-json\/wp\/v2\/media?parent=36473"}],"wp:term":[{"taxonomy":"product_cat","embeddable":true,"href":"https:\/\/hundtgroup.com\/cs\/wp-json\/wp\/v2\/product_cat?post=36473"},{"taxonomy":"product_tag","embeddable":true,"href":"https:\/\/hundtgroup.com\/cs\/wp-json\/wp\/v2\/product_tag?post=36473"}],"curies":[{"name":"wp","href":"https:\/\/api.w.org\/{rel}","templated":true}]}}