{"id":36474,"date":"2022-10-26T15:58:57","date_gmt":"2022-10-26T13:58:57","guid":{"rendered":"https:\/\/hundtgroup.com\/produkt\/skladacka-freund-s-mekkou-rukojeti\/"},"modified":"2025-07-29T12:47:51","modified_gmt":"2025-07-29T10:47:51","slug":"skladacka-freund-s-mekkou-rukojeti","status":"publish","type":"product","link":"https:\/\/hundtgroup.com\/cs\/produkt\/skladacka-freund-s-mekkou-rukojeti\/","title":{"rendered":"Skl\u00e1da\u010dka Freund s m\u011bkkou rukojet\u00ed"},"content":{"rendered":"<p>P\u0159\u00edmo\u010dar\u00e1 pila s k\u0159\u00ed\u017eov\u00fdm \u0159ezem<br \/>\nTlou\u0161\u0165ka \u010depele 1,2 mm<br \/>\nOchrann\u00fd povlak, tvrd\u011b kalen\u00e9 zuby pro dlouhotrvaj\u00edc\u00ed ostrost, 7 zub\u016f na palec, s ochranou zub\u016f<br \/>\nErgonomick\u00e1 dvouslo\u017ekov\u00e1 rukoje\u0165 s vod\u00edtkem pro ukazov\u00e1\u010dek<\/p>\n","protected":false},"excerpt":{"rendered":"<p>P\u0159\u00edmo\u010dar\u00e1 pila s k\u0159\u00ed\u017eov\u00fdm \u0159ezem Tlou\u0161\u0165ka \u010depele 1,2 mm Ochrann\u00fd povlak, tvrd\u011b kalen\u00e9 zuby pro dlouhotrvaj\u00edc\u00ed ostrost, 7 zub\u016f na palec, s ochranou zub\u016f Ergonomick\u00e1 dvouslo\u017ekov\u00e1 rukoje\u0165 s vod\u00edtkem pro ukazov\u00e1\u010dek<\/p>\n","protected":false},"featured_media":34163,"template":"","meta":{"_acf_changed":false,"inline_featured_image":false},"product_cat":[715,1615],"product_tag":[],"class_list":{"0":"post-36474","1":"product","2":"type-product","3":"status-publish","4":"has-post-thumbnail","6":"brand-freund","7":"product_cat-rucni-naradi","8":"product_cat-pily-cs","10":"first","11":"instock","12":"taxable","13":"shipping-taxable","14":"purchasable","15":"product-type-simple","16":"add-to-wishlist-before_image"},"acf":[],"yoast_head":"<!-- This site is optimized with the Yoast SEO plugin v27.3 - https:\/\/yoast.com\/product\/yoast-seo-wordpress\/ -->\n<title>Skl\u00e1da\u010dka Freund s m\u011bkkou rukojet\u00ed - Wilhelm Hundt GmbH<\/title>\n<meta name=\"robots\" content=\"index, follow, max-snippet:-1, max-image-preview:large, max-video-preview:-1\" \/>\n<link rel=\"canonical\" href=\"https:\/\/hundtgroup.com\/cs\/produkt\/skladacka-freund-s-mekkou-rukojeti\/\" \/>\n<meta property=\"og:locale\" content=\"cs_CZ\" \/>\n<meta property=\"og:type\" content=\"article\" \/>\n<meta property=\"og:title\" content=\"Skl\u00e1da\u010dka Freund s m\u011bkkou rukojet\u00ed - Wilhelm Hundt GmbH\" \/>\n<meta property=\"og:description\" content=\"P\u0159\u00edmo\u010dar\u00e1 pila s k\u0159\u00ed\u017eov\u00fdm \u0159ezem Tlou\u0161\u0165ka \u010depele 1,2 mm Ochrann\u00fd povlak, tvrd\u011b kalen\u00e9 zuby pro dlouhotrvaj\u00edc\u00ed ostrost, 7 zub\u016f na palec, s ochranou zub\u016f Ergonomick\u00e1 dvouslo\u017ekov\u00e1 rukoje\u0165 s vod\u00edtkem pro ukazov\u00e1\u010dek\" \/>\n<meta property=\"og:url\" content=\"https:\/\/hundtgroup.com\/cs\/produkt\/skladacka-freund-s-mekkou-rukojeti\/\" \/>\n<meta property=\"og:site_name\" content=\"Wilhelm Hundt GmbH\" \/>\n<meta property=\"article:modified_time\" content=\"2025-07-29T10:47:51+00:00\" \/>\n<meta property=\"og:image\" content=\"https:\/\/hundtgroup.com\/wp-content\/uploads\/410989.png\" \/>\n\t<meta property=\"og:image:width\" content=\"809\" \/>\n\t<meta property=\"og:image:height\" content=\"244\" \/>\n\t<meta property=\"og:image:type\" content=\"image\/png\" \/>\n<meta name=\"twitter:card\" content=\"summary_large_image\" \/>\n<script type=\"application\/ld+json\" class=\"yoast-schema-graph\">{\"@context\":\"https:\\\/\\\/schema.org\",\"@graph\":[{\"@type\":\"WebPage\",\"@id\":\"https:\\\/\\\/hundtgroup.com\\\/cs\\\/produkt\\\/skladacka-freund-s-mekkou-rukojeti\\\/\",\"url\":\"https:\\\/\\\/hundtgroup.com\\\/cs\\\/produkt\\\/skladacka-freund-s-mekkou-rukojeti\\\/\",\"name\":\"Skl\u00e1da\u010dka Freund s m\u011bkkou rukojet\u00ed - Wilhelm Hundt GmbH\",\"isPartOf\":{\"@id\":\"https:\\\/\\\/hundtgroup.com\\\/cs\\\/#website\"},\"primaryImageOfPage\":{\"@id\":\"https:\\\/\\\/hundtgroup.com\\\/cs\\\/produkt\\\/skladacka-freund-s-mekkou-rukojeti\\\/#primaryimage\"},\"image\":{\"@id\":\"https:\\\/\\\/hundtgroup.com\\\/cs\\\/produkt\\\/skladacka-freund-s-mekkou-rukojeti\\\/#primaryimage\"},\"thumbnailUrl\":\"https:\\\/\\\/hundtgroup.com\\\/wp-content\\\/uploads\\\/410989.png\",\"datePublished\":\"2022-10-26T13:58:57+00:00\",\"dateModified\":\"2025-07-29T10:47:51+00:00\",\"breadcrumb\":{\"@id\":\"https:\\\/\\\/hundtgroup.com\\\/cs\\\/produkt\\\/skladacka-freund-s-mekkou-rukojeti\\\/#breadcrumb\"},\"inLanguage\":\"cs\",\"potentialAction\":[{\"@type\":\"ReadAction\",\"target\":[\"https:\\\/\\\/hundtgroup.com\\\/cs\\\/produkt\\\/skladacka-freund-s-mekkou-rukojeti\\\/\"]}]},{\"@type\":\"ImageObject\",\"inLanguage\":\"cs\",\"@id\":\"https:\\\/\\\/hundtgroup.com\\\/cs\\\/produkt\\\/skladacka-freund-s-mekkou-rukojeti\\\/#primaryimage\",\"url\":\"https:\\\/\\\/hundtgroup.com\\\/wp-content\\\/uploads\\\/410989.png\",\"contentUrl\":\"https:\\\/\\\/hundtgroup.com\\\/wp-content\\\/uploads\\\/410989.png\",\"width\":809,\"height\":244},{\"@type\":\"BreadcrumbList\",\"@id\":\"https:\\\/\\\/hundtgroup.com\\\/cs\\\/produkt\\\/skladacka-freund-s-mekkou-rukojeti\\\/#breadcrumb\",\"itemListElement\":[{\"@type\":\"ListItem\",\"position\":1,\"name\":\"Startseite\",\"item\":\"https:\\\/\\\/hundtgroup.com\\\/cs\\\/home-nove\\\/\"},{\"@type\":\"ListItem\",\"position\":2,\"name\":\"Obchod\",\"item\":\"https:\\\/\\\/hundtgroup.com\\\/obchod\\\/\"},{\"@type\":\"ListItem\",\"position\":3,\"name\":\"Skl\u00e1da\u010dka Freund s m\u011bkkou rukojet\u00ed\"}]},{\"@type\":\"WebSite\",\"@id\":\"https:\\\/\\\/hundtgroup.com\\\/cs\\\/#website\",\"url\":\"https:\\\/\\\/hundtgroup.com\\\/cs\\\/\",\"name\":\"Wilhelm Hundt GmbH\",\"description\":\"V\u00e1\u0161 specialista na stroje a n\u00e1stroje pro zpracov\u00e1n\u00ed plechu\",\"potentialAction\":[{\"@type\":\"SearchAction\",\"target\":{\"@type\":\"EntryPoint\",\"urlTemplate\":\"https:\\\/\\\/hundtgroup.com\\\/cs\\\/?s={search_term_string}\"},\"query-input\":{\"@type\":\"PropertyValueSpecification\",\"valueRequired\":true,\"valueName\":\"search_term_string\"}}],\"inLanguage\":\"cs\"}]}<\/script>\n<!-- \/ Yoast SEO plugin. -->","yoast_head_json":{"title":"Skl\u00e1da\u010dka Freund s m\u011bkkou rukojet\u00ed - Wilhelm Hundt GmbH","robots":{"index":"index","follow":"follow","max-snippet":"max-snippet:-1","max-image-preview":"max-image-preview:large","max-video-preview":"max-video-preview:-1"},"canonical":"https:\/\/hundtgroup.com\/cs\/produkt\/skladacka-freund-s-mekkou-rukojeti\/","og_locale":"cs_CZ","og_type":"article","og_title":"Skl\u00e1da\u010dka Freund s m\u011bkkou rukojet\u00ed - Wilhelm Hundt GmbH","og_description":"P\u0159\u00edmo\u010dar\u00e1 pila s k\u0159\u00ed\u017eov\u00fdm \u0159ezem Tlou\u0161\u0165ka \u010depele 1,2 mm Ochrann\u00fd povlak, tvrd\u011b kalen\u00e9 zuby pro dlouhotrvaj\u00edc\u00ed ostrost, 7 zub\u016f na palec, s ochranou zub\u016f Ergonomick\u00e1 dvouslo\u017ekov\u00e1 rukoje\u0165 s vod\u00edtkem pro ukazov\u00e1\u010dek","og_url":"https:\/\/hundtgroup.com\/cs\/produkt\/skladacka-freund-s-mekkou-rukojeti\/","og_site_name":"Wilhelm Hundt GmbH","article_modified_time":"2025-07-29T10:47:51+00:00","og_image":[{"width":809,"height":244,"url":"https:\/\/hundtgroup.com\/wp-content\/uploads\/410989.png","type":"image\/png"}],"twitter_card":"summary_large_image","schema":{"@context":"https:\/\/schema.org","@graph":[{"@type":"WebPage","@id":"https:\/\/hundtgroup.com\/cs\/produkt\/skladacka-freund-s-mekkou-rukojeti\/","url":"https:\/\/hundtgroup.com\/cs\/produkt\/skladacka-freund-s-mekkou-rukojeti\/","name":"Skl\u00e1da\u010dka Freund s m\u011bkkou rukojet\u00ed - Wilhelm Hundt GmbH","isPartOf":{"@id":"https:\/\/hundtgroup.com\/cs\/#website"},"primaryImageOfPage":{"@id":"https:\/\/hundtgroup.com\/cs\/produkt\/skladacka-freund-s-mekkou-rukojeti\/#primaryimage"},"image":{"@id":"https:\/\/hundtgroup.com\/cs\/produkt\/skladacka-freund-s-mekkou-rukojeti\/#primaryimage"},"thumbnailUrl":"https:\/\/hundtgroup.com\/wp-content\/uploads\/410989.png","datePublished":"2022-10-26T13:58:57+00:00","dateModified":"2025-07-29T10:47:51+00:00","breadcrumb":{"@id":"https:\/\/hundtgroup.com\/cs\/produkt\/skladacka-freund-s-mekkou-rukojeti\/#breadcrumb"},"inLanguage":"cs","potentialAction":[{"@type":"ReadAction","target":["https:\/\/hundtgroup.com\/cs\/produkt\/skladacka-freund-s-mekkou-rukojeti\/"]}]},{"@type":"ImageObject","inLanguage":"cs","@id":"https:\/\/hundtgroup.com\/cs\/produkt\/skladacka-freund-s-mekkou-rukojeti\/#primaryimage","url":"https:\/\/hundtgroup.com\/wp-content\/uploads\/410989.png","contentUrl":"https:\/\/hundtgroup.com\/wp-content\/uploads\/410989.png","width":809,"height":244},{"@type":"BreadcrumbList","@id":"https:\/\/hundtgroup.com\/cs\/produkt\/skladacka-freund-s-mekkou-rukojeti\/#breadcrumb","itemListElement":[{"@type":"ListItem","position":1,"name":"Startseite","item":"https:\/\/hundtgroup.com\/cs\/home-nove\/"},{"@type":"ListItem","position":2,"name":"Obchod","item":"https:\/\/hundtgroup.com\/obchod\/"},{"@type":"ListItem","position":3,"name":"Skl\u00e1da\u010dka Freund s m\u011bkkou rukojet\u00ed"}]},{"@type":"WebSite","@id":"https:\/\/hundtgroup.com\/cs\/#website","url":"https:\/\/hundtgroup.com\/cs\/","name":"Wilhelm Hundt GmbH","description":"V\u00e1\u0161 specialista na stroje a n\u00e1stroje pro zpracov\u00e1n\u00ed plechu","potentialAction":[{"@type":"SearchAction","target":{"@type":"EntryPoint","urlTemplate":"https:\/\/hundtgroup.com\/cs\/?s={search_term_string}"},"query-input":{"@type":"PropertyValueSpecification","valueRequired":true,"valueName":"search_term_string"}}],"inLanguage":"cs"}]}},"_links":{"self":[{"href":"https:\/\/hundtgroup.com\/cs\/wp-json\/wp\/v2\/product\/36474","targetHints":{"allow":["GET"]}}],"collection":[{"href":"https:\/\/hundtgroup.com\/cs\/wp-json\/wp\/v2\/product"}],"about":[{"href":"https:\/\/hundtgroup.com\/cs\/wp-json\/wp\/v2\/types\/product"}],"wp:featuredmedia":[{"embeddable":true,"href":"https:\/\/hundtgroup.com\/cs\/wp-json\/wp\/v2\/media\/34163"}],"wp:attachment":[{"href":"https:\/\/hundtgroup.com\/cs\/wp-json\/wp\/v2\/media?parent=36474"}],"wp:term":[{"taxonomy":"product_cat","embeddable":true,"href":"https:\/\/hundtgroup.com\/cs\/wp-json\/wp\/v2\/product_cat?post=36474"},{"taxonomy":"product_tag","embeddable":true,"href":"https:\/\/hundtgroup.com\/cs\/wp-json\/wp\/v2\/product_tag?post=36474"}],"curies":[{"name":"wp","href":"https:\/\/api.w.org\/{rel}","templated":true}]}}