{"id":36612,"date":"2022-10-26T15:59:00","date_gmt":"2022-10-26T13:59:00","guid":{"rendered":"https:\/\/hundtgroup.com\/produkt\/ctyrdilna-sada-nozu-hundt\/"},"modified":"2025-07-29T12:54:55","modified_gmt":"2025-07-29T10:54:55","slug":"ctyrdilna-sada-nozu-hundt","status":"publish","type":"product","link":"https:\/\/hundtgroup.com\/cs\/produkt\/ctyrdilna-sada-nozu-hundt\/","title":{"rendered":"\u010cty\u0159d\u00edln\u00e1 sada no\u017e\u016f Hundt"},"content":{"rendered":"<p>4d\u00edln\u00e1 sada no\u017e\u016f na materi\u00e1l Armaflex v plastov\u00e9m kuf\u0159\u00edku, kter\u00e1 obsahuje:<br \/>\n3 no\u017ee<br \/>\n1 brusn\u00fd k\u00e1men.<\/p>\n","protected":false},"excerpt":{"rendered":"<p>4d\u00edln\u00e1 sada no\u017e\u016f na materi\u00e1l Armaflex v plastov\u00e9m kuf\u0159\u00edku, kter\u00e1 obsahuje: 3 no\u017ee 1 brusn\u00fd k\u00e1men.<\/p>\n","protected":false},"featured_media":34449,"template":"","meta":{"_acf_changed":false,"inline_featured_image":false},"product_cat":[715,1686,1616,1679],"product_tag":[],"class_list":{"0":"post-36612","1":"product","2":"type-product","3":"status-publish","4":"has-post-thumbnail","6":"brand-hundt","7":"product_cat-rucni-naradi","8":"product_cat-izolacni-nuz-cs","9":"product_cat-rezne-nastroje","10":"product_cat-noze-cs","12":"first","13":"instock","14":"taxable","15":"shipping-taxable","16":"purchasable","17":"product-type-simple","18":"add-to-wishlist-before_image"},"acf":[],"yoast_head":"<!-- This site is optimized with the Yoast SEO plugin v27.3 - https:\/\/yoast.com\/product\/yoast-seo-wordpress\/ -->\n<title>\u010cty\u0159d\u00edln\u00e1 sada no\u017e\u016f Hundt - Wilhelm Hundt GmbH<\/title>\n<meta name=\"robots\" content=\"index, follow, max-snippet:-1, max-image-preview:large, max-video-preview:-1\" \/>\n<link rel=\"canonical\" href=\"https:\/\/hundtgroup.com\/cs\/produkt\/ctyrdilna-sada-nozu-hundt\/\" \/>\n<meta property=\"og:locale\" content=\"cs_CZ\" \/>\n<meta property=\"og:type\" content=\"article\" \/>\n<meta property=\"og:title\" content=\"\u010cty\u0159d\u00edln\u00e1 sada no\u017e\u016f Hundt - Wilhelm Hundt GmbH\" \/>\n<meta property=\"og:description\" content=\"4d\u00edln\u00e1 sada no\u017e\u016f na materi\u00e1l Armaflex v plastov\u00e9m kuf\u0159\u00edku, kter\u00e1 obsahuje: 3 no\u017ee 1 brusn\u00fd k\u00e1men.\" \/>\n<meta property=\"og:url\" content=\"https:\/\/hundtgroup.com\/cs\/produkt\/ctyrdilna-sada-nozu-hundt\/\" \/>\n<meta property=\"og:site_name\" content=\"Wilhelm Hundt GmbH\" \/>\n<meta property=\"article:modified_time\" content=\"2025-07-29T10:54:55+00:00\" \/>\n<meta property=\"og:image\" content=\"https:\/\/hundtgroup.com\/wp-content\/uploads\/470199.png\" \/>\n\t<meta property=\"og:image:width\" content=\"580\" \/>\n\t<meta property=\"og:image:height\" content=\"297\" \/>\n\t<meta property=\"og:image:type\" content=\"image\/png\" \/>\n<meta name=\"twitter:card\" content=\"summary_large_image\" \/>\n<script type=\"application\/ld+json\" class=\"yoast-schema-graph\">{\"@context\":\"https:\\\/\\\/schema.org\",\"@graph\":[{\"@type\":\"WebPage\",\"@id\":\"https:\\\/\\\/hundtgroup.com\\\/cs\\\/produkt\\\/ctyrdilna-sada-nozu-hundt\\\/\",\"url\":\"https:\\\/\\\/hundtgroup.com\\\/cs\\\/produkt\\\/ctyrdilna-sada-nozu-hundt\\\/\",\"name\":\"\u010cty\u0159d\u00edln\u00e1 sada no\u017e\u016f Hundt - Wilhelm Hundt GmbH\",\"isPartOf\":{\"@id\":\"https:\\\/\\\/hundtgroup.com\\\/cs\\\/#website\"},\"primaryImageOfPage\":{\"@id\":\"https:\\\/\\\/hundtgroup.com\\\/cs\\\/produkt\\\/ctyrdilna-sada-nozu-hundt\\\/#primaryimage\"},\"image\":{\"@id\":\"https:\\\/\\\/hundtgroup.com\\\/cs\\\/produkt\\\/ctyrdilna-sada-nozu-hundt\\\/#primaryimage\"},\"thumbnailUrl\":\"https:\\\/\\\/hundtgroup.com\\\/wp-content\\\/uploads\\\/470199.png\",\"datePublished\":\"2022-10-26T13:59:00+00:00\",\"dateModified\":\"2025-07-29T10:54:55+00:00\",\"breadcrumb\":{\"@id\":\"https:\\\/\\\/hundtgroup.com\\\/cs\\\/produkt\\\/ctyrdilna-sada-nozu-hundt\\\/#breadcrumb\"},\"inLanguage\":\"cs\",\"potentialAction\":[{\"@type\":\"ReadAction\",\"target\":[\"https:\\\/\\\/hundtgroup.com\\\/cs\\\/produkt\\\/ctyrdilna-sada-nozu-hundt\\\/\"]}]},{\"@type\":\"ImageObject\",\"inLanguage\":\"cs\",\"@id\":\"https:\\\/\\\/hundtgroup.com\\\/cs\\\/produkt\\\/ctyrdilna-sada-nozu-hundt\\\/#primaryimage\",\"url\":\"https:\\\/\\\/hundtgroup.com\\\/wp-content\\\/uploads\\\/470199.png\",\"contentUrl\":\"https:\\\/\\\/hundtgroup.com\\\/wp-content\\\/uploads\\\/470199.png\",\"width\":580,\"height\":297},{\"@type\":\"BreadcrumbList\",\"@id\":\"https:\\\/\\\/hundtgroup.com\\\/cs\\\/produkt\\\/ctyrdilna-sada-nozu-hundt\\\/#breadcrumb\",\"itemListElement\":[{\"@type\":\"ListItem\",\"position\":1,\"name\":\"Startseite\",\"item\":\"https:\\\/\\\/hundtgroup.com\\\/cs\\\/home-nove\\\/\"},{\"@type\":\"ListItem\",\"position\":2,\"name\":\"Obchod\",\"item\":\"https:\\\/\\\/hundtgroup.com\\\/obchod\\\/\"},{\"@type\":\"ListItem\",\"position\":3,\"name\":\"\u010cty\u0159d\u00edln\u00e1 sada no\u017e\u016f Hundt\"}]},{\"@type\":\"WebSite\",\"@id\":\"https:\\\/\\\/hundtgroup.com\\\/cs\\\/#website\",\"url\":\"https:\\\/\\\/hundtgroup.com\\\/cs\\\/\",\"name\":\"Wilhelm Hundt GmbH\",\"description\":\"V\u00e1\u0161 specialista na stroje a n\u00e1stroje pro zpracov\u00e1n\u00ed plechu\",\"potentialAction\":[{\"@type\":\"SearchAction\",\"target\":{\"@type\":\"EntryPoint\",\"urlTemplate\":\"https:\\\/\\\/hundtgroup.com\\\/cs\\\/?s={search_term_string}\"},\"query-input\":{\"@type\":\"PropertyValueSpecification\",\"valueRequired\":true,\"valueName\":\"search_term_string\"}}],\"inLanguage\":\"cs\"}]}<\/script>\n<!-- \/ Yoast SEO plugin. -->","yoast_head_json":{"title":"\u010cty\u0159d\u00edln\u00e1 sada no\u017e\u016f Hundt - Wilhelm Hundt GmbH","robots":{"index":"index","follow":"follow","max-snippet":"max-snippet:-1","max-image-preview":"max-image-preview:large","max-video-preview":"max-video-preview:-1"},"canonical":"https:\/\/hundtgroup.com\/cs\/produkt\/ctyrdilna-sada-nozu-hundt\/","og_locale":"cs_CZ","og_type":"article","og_title":"\u010cty\u0159d\u00edln\u00e1 sada no\u017e\u016f Hundt - Wilhelm Hundt GmbH","og_description":"4d\u00edln\u00e1 sada no\u017e\u016f na materi\u00e1l Armaflex v plastov\u00e9m kuf\u0159\u00edku, kter\u00e1 obsahuje: 3 no\u017ee 1 brusn\u00fd k\u00e1men.","og_url":"https:\/\/hundtgroup.com\/cs\/produkt\/ctyrdilna-sada-nozu-hundt\/","og_site_name":"Wilhelm Hundt GmbH","article_modified_time":"2025-07-29T10:54:55+00:00","og_image":[{"width":580,"height":297,"url":"https:\/\/hundtgroup.com\/wp-content\/uploads\/470199.png","type":"image\/png"}],"twitter_card":"summary_large_image","schema":{"@context":"https:\/\/schema.org","@graph":[{"@type":"WebPage","@id":"https:\/\/hundtgroup.com\/cs\/produkt\/ctyrdilna-sada-nozu-hundt\/","url":"https:\/\/hundtgroup.com\/cs\/produkt\/ctyrdilna-sada-nozu-hundt\/","name":"\u010cty\u0159d\u00edln\u00e1 sada no\u017e\u016f Hundt - Wilhelm Hundt GmbH","isPartOf":{"@id":"https:\/\/hundtgroup.com\/cs\/#website"},"primaryImageOfPage":{"@id":"https:\/\/hundtgroup.com\/cs\/produkt\/ctyrdilna-sada-nozu-hundt\/#primaryimage"},"image":{"@id":"https:\/\/hundtgroup.com\/cs\/produkt\/ctyrdilna-sada-nozu-hundt\/#primaryimage"},"thumbnailUrl":"https:\/\/hundtgroup.com\/wp-content\/uploads\/470199.png","datePublished":"2022-10-26T13:59:00+00:00","dateModified":"2025-07-29T10:54:55+00:00","breadcrumb":{"@id":"https:\/\/hundtgroup.com\/cs\/produkt\/ctyrdilna-sada-nozu-hundt\/#breadcrumb"},"inLanguage":"cs","potentialAction":[{"@type":"ReadAction","target":["https:\/\/hundtgroup.com\/cs\/produkt\/ctyrdilna-sada-nozu-hundt\/"]}]},{"@type":"ImageObject","inLanguage":"cs","@id":"https:\/\/hundtgroup.com\/cs\/produkt\/ctyrdilna-sada-nozu-hundt\/#primaryimage","url":"https:\/\/hundtgroup.com\/wp-content\/uploads\/470199.png","contentUrl":"https:\/\/hundtgroup.com\/wp-content\/uploads\/470199.png","width":580,"height":297},{"@type":"BreadcrumbList","@id":"https:\/\/hundtgroup.com\/cs\/produkt\/ctyrdilna-sada-nozu-hundt\/#breadcrumb","itemListElement":[{"@type":"ListItem","position":1,"name":"Startseite","item":"https:\/\/hundtgroup.com\/cs\/home-nove\/"},{"@type":"ListItem","position":2,"name":"Obchod","item":"https:\/\/hundtgroup.com\/obchod\/"},{"@type":"ListItem","position":3,"name":"\u010cty\u0159d\u00edln\u00e1 sada no\u017e\u016f Hundt"}]},{"@type":"WebSite","@id":"https:\/\/hundtgroup.com\/cs\/#website","url":"https:\/\/hundtgroup.com\/cs\/","name":"Wilhelm Hundt GmbH","description":"V\u00e1\u0161 specialista na stroje a n\u00e1stroje pro zpracov\u00e1n\u00ed plechu","potentialAction":[{"@type":"SearchAction","target":{"@type":"EntryPoint","urlTemplate":"https:\/\/hundtgroup.com\/cs\/?s={search_term_string}"},"query-input":{"@type":"PropertyValueSpecification","valueRequired":true,"valueName":"search_term_string"}}],"inLanguage":"cs"}]}},"_links":{"self":[{"href":"https:\/\/hundtgroup.com\/cs\/wp-json\/wp\/v2\/product\/36612","targetHints":{"allow":["GET"]}}],"collection":[{"href":"https:\/\/hundtgroup.com\/cs\/wp-json\/wp\/v2\/product"}],"about":[{"href":"https:\/\/hundtgroup.com\/cs\/wp-json\/wp\/v2\/types\/product"}],"wp:featuredmedia":[{"embeddable":true,"href":"https:\/\/hundtgroup.com\/cs\/wp-json\/wp\/v2\/media\/34449"}],"wp:attachment":[{"href":"https:\/\/hundtgroup.com\/cs\/wp-json\/wp\/v2\/media?parent=36612"}],"wp:term":[{"taxonomy":"product_cat","embeddable":true,"href":"https:\/\/hundtgroup.com\/cs\/wp-json\/wp\/v2\/product_cat?post=36612"},{"taxonomy":"product_tag","embeddable":true,"href":"https:\/\/hundtgroup.com\/cs\/wp-json\/wp\/v2\/product_tag?post=36612"}],"curies":[{"name":"wp","href":"https:\/\/api.w.org\/{rel}","templated":true}]}}