{"id":36665,"date":"2022-10-26T15:59:20","date_gmt":"2022-10-26T13:59:20","guid":{"rendered":"https:\/\/hundtgroup.com\/produkt\/akumulatorova-vrtacka-bosch-gsr-12-v-15-20-ah\/"},"modified":"2025-07-29T13:11:28","modified_gmt":"2025-07-29T11:11:28","slug":"akumulatorova-vrtacka-bosch-gsr-12-v-15-20-ah","status":"publish","type":"product","link":"https:\/\/hundtgroup.com\/cs\/produkt\/akumulatorova-vrtacka-bosch-gsr-12-v-15-20-ah\/","title":{"rendered":"Akumul\u00e1torov\u00e1 vrta\u010dka Bosch GSR 12 V-15 2,0 Ah"},"content":{"rendered":"<p>\u0160ikovn\u00e1 pohonn\u00e1 jednotka: 169 mm, extr\u00e9mn\u011b kr\u00e1tk\u00e1 konstrukce pro optim\u00e1ln\u00ed manipulaci<br \/>\n, zejm\u00e9na pro vrt\u00e1n\u00ed a \u0161roubov\u00e1n\u00ed nad hlavou a<br \/>\nve st\u00edsn\u011bn\u00fdch prostorech, pln\u00e9 10mm skl\u00ed\u010didlo Auto-Lock, dvourychlostn\u00ed p\u0159evodovka pro siln\u00fd to\u010div\u00fd moment p\u0159i vrt\u00e1n\u00ed a \u0161roubov\u00e1n\u00ed.<\/p>\n","protected":false},"excerpt":{"rendered":"<p>\u0160ikovn\u00e1 pohonn\u00e1 jednotka: 169 mm, extr\u00e9mn\u011b kr\u00e1tk\u00e1 konstrukce pro optim\u00e1ln\u00ed manipulaci , zejm\u00e9na pro vrt\u00e1n\u00ed a \u0161roubov\u00e1n\u00ed nad hlavou a ve st\u00edsn\u011bn\u00fdch prostorech, pln\u00e9 10mm skl\u00ed\u010didlo Auto-Lock, dvourychlostn\u00ed p\u0159evodovka pro siln\u00fd to\u010div\u00fd moment p\u0159i vrt\u00e1n\u00ed a \u0161roubov\u00e1n\u00ed.<\/p>\n","protected":false},"featured_media":39710,"template":"","meta":{"_acf_changed":false,"inline_featured_image":false},"product_cat":[649,1629],"product_tag":[],"class_list":{"0":"post-36665","1":"product","2":"type-product","3":"status-publish","4":"has-post-thumbnail","6":"brand-bosch","7":"product_cat-bateriove-nastroje","8":"product_cat-ridic-vrtacky","10":"first","11":"instock","12":"taxable","13":"shipping-taxable","14":"purchasable","15":"product-type-simple","16":"add-to-wishlist-before_image"},"acf":[],"yoast_head":"<!-- This site is optimized with the Yoast SEO plugin v27.3 - https:\/\/yoast.com\/product\/yoast-seo-wordpress\/ -->\n<title>Akumul\u00e1torov\u00e1 vrta\u010dka Bosch GSR 12 V-15 2,0 Ah - Wilhelm Hundt GmbH<\/title>\n<meta name=\"robots\" content=\"index, follow, max-snippet:-1, max-image-preview:large, max-video-preview:-1\" \/>\n<link rel=\"canonical\" href=\"https:\/\/hundtgroup.com\/cs\/produkt\/akumulatorova-vrtacka-bosch-gsr-12-v-15-20-ah\/\" \/>\n<meta property=\"og:locale\" content=\"cs_CZ\" \/>\n<meta property=\"og:type\" content=\"article\" \/>\n<meta property=\"og:title\" content=\"Akumul\u00e1torov\u00e1 vrta\u010dka Bosch GSR 12 V-15 2,0 Ah - Wilhelm Hundt GmbH\" \/>\n<meta property=\"og:description\" content=\"\u0160ikovn\u00e1 pohonn\u00e1 jednotka: 169 mm, extr\u00e9mn\u011b kr\u00e1tk\u00e1 konstrukce pro optim\u00e1ln\u00ed manipulaci , zejm\u00e9na pro vrt\u00e1n\u00ed a \u0161roubov\u00e1n\u00ed nad hlavou a ve st\u00edsn\u011bn\u00fdch prostorech, pln\u00e9 10mm skl\u00ed\u010didlo Auto-Lock, dvourychlostn\u00ed p\u0159evodovka pro siln\u00fd to\u010div\u00fd moment p\u0159i vrt\u00e1n\u00ed a \u0161roubov\u00e1n\u00ed.\" \/>\n<meta property=\"og:url\" content=\"https:\/\/hundtgroup.com\/cs\/produkt\/akumulatorova-vrtacka-bosch-gsr-12-v-15-20-ah\/\" \/>\n<meta property=\"og:site_name\" content=\"Wilhelm Hundt GmbH\" \/>\n<meta property=\"article:modified_time\" content=\"2025-07-29T11:11:28+00:00\" \/>\n<meta property=\"og:image\" content=\"https:\/\/hundtgroup.com\/wp-content\/uploads\/340005.jpg\" \/>\n\t<meta property=\"og:image:width\" content=\"1200\" \/>\n\t<meta property=\"og:image:height\" content=\"1200\" \/>\n\t<meta property=\"og:image:type\" content=\"image\/jpeg\" \/>\n<meta name=\"twitter:card\" content=\"summary_large_image\" \/>\n<script type=\"application\/ld+json\" class=\"yoast-schema-graph\">{\"@context\":\"https:\\\/\\\/schema.org\",\"@graph\":[{\"@type\":\"WebPage\",\"@id\":\"https:\\\/\\\/hundtgroup.com\\\/cs\\\/produkt\\\/akumulatorova-vrtacka-bosch-gsr-12-v-15-20-ah\\\/\",\"url\":\"https:\\\/\\\/hundtgroup.com\\\/cs\\\/produkt\\\/akumulatorova-vrtacka-bosch-gsr-12-v-15-20-ah\\\/\",\"name\":\"Akumul\u00e1torov\u00e1 vrta\u010dka Bosch GSR 12 V-15 2,0 Ah - Wilhelm Hundt GmbH\",\"isPartOf\":{\"@id\":\"https:\\\/\\\/hundtgroup.com\\\/cs\\\/#website\"},\"primaryImageOfPage\":{\"@id\":\"https:\\\/\\\/hundtgroup.com\\\/cs\\\/produkt\\\/akumulatorova-vrtacka-bosch-gsr-12-v-15-20-ah\\\/#primaryimage\"},\"image\":{\"@id\":\"https:\\\/\\\/hundtgroup.com\\\/cs\\\/produkt\\\/akumulatorova-vrtacka-bosch-gsr-12-v-15-20-ah\\\/#primaryimage\"},\"thumbnailUrl\":\"https:\\\/\\\/hundtgroup.com\\\/wp-content\\\/uploads\\\/340005.jpg\",\"datePublished\":\"2022-10-26T13:59:20+00:00\",\"dateModified\":\"2025-07-29T11:11:28+00:00\",\"breadcrumb\":{\"@id\":\"https:\\\/\\\/hundtgroup.com\\\/cs\\\/produkt\\\/akumulatorova-vrtacka-bosch-gsr-12-v-15-20-ah\\\/#breadcrumb\"},\"inLanguage\":\"cs\",\"potentialAction\":[{\"@type\":\"ReadAction\",\"target\":[\"https:\\\/\\\/hundtgroup.com\\\/cs\\\/produkt\\\/akumulatorova-vrtacka-bosch-gsr-12-v-15-20-ah\\\/\"]}]},{\"@type\":\"ImageObject\",\"inLanguage\":\"cs\",\"@id\":\"https:\\\/\\\/hundtgroup.com\\\/cs\\\/produkt\\\/akumulatorova-vrtacka-bosch-gsr-12-v-15-20-ah\\\/#primaryimage\",\"url\":\"https:\\\/\\\/hundtgroup.com\\\/wp-content\\\/uploads\\\/340005.jpg\",\"contentUrl\":\"https:\\\/\\\/hundtgroup.com\\\/wp-content\\\/uploads\\\/340005.jpg\",\"width\":1200,\"height\":1200},{\"@type\":\"BreadcrumbList\",\"@id\":\"https:\\\/\\\/hundtgroup.com\\\/cs\\\/produkt\\\/akumulatorova-vrtacka-bosch-gsr-12-v-15-20-ah\\\/#breadcrumb\",\"itemListElement\":[{\"@type\":\"ListItem\",\"position\":1,\"name\":\"Startseite\",\"item\":\"https:\\\/\\\/hundtgroup.com\\\/cs\\\/home-nove\\\/\"},{\"@type\":\"ListItem\",\"position\":2,\"name\":\"Obchod\",\"item\":\"https:\\\/\\\/hundtgroup.com\\\/obchod\\\/\"},{\"@type\":\"ListItem\",\"position\":3,\"name\":\"Akumul\u00e1torov\u00e1 vrta\u010dka Bosch GSR 12 V-15 2,0 Ah\"}]},{\"@type\":\"WebSite\",\"@id\":\"https:\\\/\\\/hundtgroup.com\\\/cs\\\/#website\",\"url\":\"https:\\\/\\\/hundtgroup.com\\\/cs\\\/\",\"name\":\"Wilhelm Hundt GmbH\",\"description\":\"V\u00e1\u0161 specialista na stroje a n\u00e1stroje pro zpracov\u00e1n\u00ed plechu\",\"potentialAction\":[{\"@type\":\"SearchAction\",\"target\":{\"@type\":\"EntryPoint\",\"urlTemplate\":\"https:\\\/\\\/hundtgroup.com\\\/cs\\\/?s={search_term_string}\"},\"query-input\":{\"@type\":\"PropertyValueSpecification\",\"valueRequired\":true,\"valueName\":\"search_term_string\"}}],\"inLanguage\":\"cs\"}]}<\/script>\n<!-- \/ Yoast SEO plugin. -->","yoast_head_json":{"title":"Akumul\u00e1torov\u00e1 vrta\u010dka Bosch GSR 12 V-15 2,0 Ah - Wilhelm Hundt GmbH","robots":{"index":"index","follow":"follow","max-snippet":"max-snippet:-1","max-image-preview":"max-image-preview:large","max-video-preview":"max-video-preview:-1"},"canonical":"https:\/\/hundtgroup.com\/cs\/produkt\/akumulatorova-vrtacka-bosch-gsr-12-v-15-20-ah\/","og_locale":"cs_CZ","og_type":"article","og_title":"Akumul\u00e1torov\u00e1 vrta\u010dka Bosch GSR 12 V-15 2,0 Ah - Wilhelm Hundt GmbH","og_description":"\u0160ikovn\u00e1 pohonn\u00e1 jednotka: 169 mm, extr\u00e9mn\u011b kr\u00e1tk\u00e1 konstrukce pro optim\u00e1ln\u00ed manipulaci , zejm\u00e9na pro vrt\u00e1n\u00ed a \u0161roubov\u00e1n\u00ed nad hlavou a ve st\u00edsn\u011bn\u00fdch prostorech, pln\u00e9 10mm skl\u00ed\u010didlo Auto-Lock, dvourychlostn\u00ed p\u0159evodovka pro siln\u00fd to\u010div\u00fd moment p\u0159i vrt\u00e1n\u00ed a \u0161roubov\u00e1n\u00ed.","og_url":"https:\/\/hundtgroup.com\/cs\/produkt\/akumulatorova-vrtacka-bosch-gsr-12-v-15-20-ah\/","og_site_name":"Wilhelm Hundt GmbH","article_modified_time":"2025-07-29T11:11:28+00:00","og_image":[{"width":1200,"height":1200,"url":"https:\/\/hundtgroup.com\/wp-content\/uploads\/340005.jpg","type":"image\/jpeg"}],"twitter_card":"summary_large_image","schema":{"@context":"https:\/\/schema.org","@graph":[{"@type":"WebPage","@id":"https:\/\/hundtgroup.com\/cs\/produkt\/akumulatorova-vrtacka-bosch-gsr-12-v-15-20-ah\/","url":"https:\/\/hundtgroup.com\/cs\/produkt\/akumulatorova-vrtacka-bosch-gsr-12-v-15-20-ah\/","name":"Akumul\u00e1torov\u00e1 vrta\u010dka Bosch GSR 12 V-15 2,0 Ah - Wilhelm Hundt GmbH","isPartOf":{"@id":"https:\/\/hundtgroup.com\/cs\/#website"},"primaryImageOfPage":{"@id":"https:\/\/hundtgroup.com\/cs\/produkt\/akumulatorova-vrtacka-bosch-gsr-12-v-15-20-ah\/#primaryimage"},"image":{"@id":"https:\/\/hundtgroup.com\/cs\/produkt\/akumulatorova-vrtacka-bosch-gsr-12-v-15-20-ah\/#primaryimage"},"thumbnailUrl":"https:\/\/hundtgroup.com\/wp-content\/uploads\/340005.jpg","datePublished":"2022-10-26T13:59:20+00:00","dateModified":"2025-07-29T11:11:28+00:00","breadcrumb":{"@id":"https:\/\/hundtgroup.com\/cs\/produkt\/akumulatorova-vrtacka-bosch-gsr-12-v-15-20-ah\/#breadcrumb"},"inLanguage":"cs","potentialAction":[{"@type":"ReadAction","target":["https:\/\/hundtgroup.com\/cs\/produkt\/akumulatorova-vrtacka-bosch-gsr-12-v-15-20-ah\/"]}]},{"@type":"ImageObject","inLanguage":"cs","@id":"https:\/\/hundtgroup.com\/cs\/produkt\/akumulatorova-vrtacka-bosch-gsr-12-v-15-20-ah\/#primaryimage","url":"https:\/\/hundtgroup.com\/wp-content\/uploads\/340005.jpg","contentUrl":"https:\/\/hundtgroup.com\/wp-content\/uploads\/340005.jpg","width":1200,"height":1200},{"@type":"BreadcrumbList","@id":"https:\/\/hundtgroup.com\/cs\/produkt\/akumulatorova-vrtacka-bosch-gsr-12-v-15-20-ah\/#breadcrumb","itemListElement":[{"@type":"ListItem","position":1,"name":"Startseite","item":"https:\/\/hundtgroup.com\/cs\/home-nove\/"},{"@type":"ListItem","position":2,"name":"Obchod","item":"https:\/\/hundtgroup.com\/obchod\/"},{"@type":"ListItem","position":3,"name":"Akumul\u00e1torov\u00e1 vrta\u010dka Bosch GSR 12 V-15 2,0 Ah"}]},{"@type":"WebSite","@id":"https:\/\/hundtgroup.com\/cs\/#website","url":"https:\/\/hundtgroup.com\/cs\/","name":"Wilhelm Hundt GmbH","description":"V\u00e1\u0161 specialista na stroje a n\u00e1stroje pro zpracov\u00e1n\u00ed plechu","potentialAction":[{"@type":"SearchAction","target":{"@type":"EntryPoint","urlTemplate":"https:\/\/hundtgroup.com\/cs\/?s={search_term_string}"},"query-input":{"@type":"PropertyValueSpecification","valueRequired":true,"valueName":"search_term_string"}}],"inLanguage":"cs"}]}},"_links":{"self":[{"href":"https:\/\/hundtgroup.com\/cs\/wp-json\/wp\/v2\/product\/36665","targetHints":{"allow":["GET"]}}],"collection":[{"href":"https:\/\/hundtgroup.com\/cs\/wp-json\/wp\/v2\/product"}],"about":[{"href":"https:\/\/hundtgroup.com\/cs\/wp-json\/wp\/v2\/types\/product"}],"wp:featuredmedia":[{"embeddable":true,"href":"https:\/\/hundtgroup.com\/cs\/wp-json\/wp\/v2\/media\/39710"}],"wp:attachment":[{"href":"https:\/\/hundtgroup.com\/cs\/wp-json\/wp\/v2\/media?parent=36665"}],"wp:term":[{"taxonomy":"product_cat","embeddable":true,"href":"https:\/\/hundtgroup.com\/cs\/wp-json\/wp\/v2\/product_cat?post=36665"},{"taxonomy":"product_tag","embeddable":true,"href":"https:\/\/hundtgroup.com\/cs\/wp-json\/wp\/v2\/product_tag?post=36665"}],"curies":[{"name":"wp","href":"https:\/\/api.w.org\/{rel}","templated":true}]}}