{"id":36704,"date":"2022-10-26T15:59:16","date_gmt":"2022-10-26T13:59:16","guid":{"rendered":"https:\/\/hundtgroup.com\/produkt\/nabijeci-nytovac-accubird\/"},"modified":"2025-08-01T11:54:57","modified_gmt":"2025-08-01T09:54:57","slug":"nabijeci-nytovac-accubird","status":"publish","type":"product","link":"https:\/\/hundtgroup.com\/cs\/produkt\/nabijeci-nytovac-accubird\/","title":{"rendered":"Nab\u00edjec\u00ed n\u00fdtova\u010d AccuBird"},"content":{"rendered":"<p>Akumul\u00e1torov\u00fd n\u00e1stroj pro flexibiln\u00ed pou\u017eit\u00ed v mont\u00e1\u017en\u00ed a pr\u016fmyslov\u00e9 v\u00fdrob\u011b<br \/>\nVysok\u00e1 nastavovac\u00ed s\u00edla pro velk\u00fd pracovn\u00ed rozsah do pr\u016fm\u011bru 5 mm ve v\u0161ech materi\u00e1lech<br \/>\nSlep\u00e9 n\u00fdty BULB-TITE 4; hlin\u00edk a ocel o pr\u016fm\u011bru 5,2 a 6,3 mm<br \/>\nVysok\u00fd v\u00fdkon na jedno nabit\u00ed akumul\u00e1toru<br \/>\nVelk\u00fd zdvih n\u00e1stroje 20 mm.<\/p>\n","protected":false},"excerpt":{"rendered":"<p>Akumul\u00e1torov\u00fd n\u00e1stroj pro flexibiln\u00ed pou\u017eit\u00ed v mont\u00e1\u017en\u00ed a pr\u016fmyslov\u00e9 v\u00fdrob\u011b Vysok\u00e1 nastavovac\u00ed s\u00edla pro velk\u00fd pracovn\u00ed rozsah do pr\u016fm\u011bru 5 mm ve v\u0161ech materi\u00e1lech Slep\u00e9 n\u00fdty BULB-TITE 4; hlin\u00edk a ocel o pr\u016fm\u011bru 5,2 a 6,3 mm Vysok\u00fd v\u00fdkon na jedno nabit\u00ed akumul\u00e1toru Velk\u00fd zdvih n\u00e1stroje 20 mm.<\/p>\n","protected":false},"featured_media":33533,"template":"","meta":{"_acf_changed":false,"inline_featured_image":false},"product_cat":[2849,1626,1624,649,2832],"product_tag":[],"class_list":{"0":"post-36704","1":"product","2":"type-product","3":"status-publish","4":"has-post-thumbnail","6":"brand-gesipa","7":"product_cat-nytovaci-nastroje-cs","8":"product_cat-baterie-cs-2","9":"product_cat-nytovaci-nastroje","10":"product_cat-bateriove-nastroje","11":"product_cat-ohebne-ocelove-pravidlo","13":"first","14":"instock","15":"taxable","16":"shipping-taxable","17":"purchasable","18":"product-type-simple","19":"add-to-wishlist-before_image"},"acf":[],"yoast_head":"<!-- This site is optimized with the Yoast SEO plugin v27.3 - https:\/\/yoast.com\/product\/yoast-seo-wordpress\/ -->\n<title>Nab\u00edjec\u00ed n\u00fdtova\u010d AccuBird - Wilhelm Hundt GmbH<\/title>\n<meta name=\"robots\" content=\"index, follow, max-snippet:-1, max-image-preview:large, max-video-preview:-1\" \/>\n<link rel=\"canonical\" href=\"https:\/\/hundtgroup.com\/cs\/produkt\/nabijeci-nytovac-accubird\/\" \/>\n<meta property=\"og:locale\" content=\"cs_CZ\" \/>\n<meta property=\"og:type\" content=\"article\" \/>\n<meta property=\"og:title\" content=\"Nab\u00edjec\u00ed n\u00fdtova\u010d AccuBird - Wilhelm Hundt GmbH\" \/>\n<meta property=\"og:description\" content=\"Akumul\u00e1torov\u00fd n\u00e1stroj pro flexibiln\u00ed pou\u017eit\u00ed v mont\u00e1\u017en\u00ed a pr\u016fmyslov\u00e9 v\u00fdrob\u011b Vysok\u00e1 nastavovac\u00ed s\u00edla pro velk\u00fd pracovn\u00ed rozsah do pr\u016fm\u011bru 5 mm ve v\u0161ech materi\u00e1lech Slep\u00e9 n\u00fdty BULB-TITE 4; hlin\u00edk a ocel o pr\u016fm\u011bru 5,2 a 6,3 mm Vysok\u00fd v\u00fdkon na jedno nabit\u00ed akumul\u00e1toru Velk\u00fd zdvih n\u00e1stroje 20 mm.\" \/>\n<meta property=\"og:url\" content=\"https:\/\/hundtgroup.com\/cs\/produkt\/nabijeci-nytovac-accubird\/\" \/>\n<meta property=\"og:site_name\" content=\"Wilhelm Hundt GmbH\" \/>\n<meta property=\"article:modified_time\" content=\"2025-08-01T09:54:57+00:00\" \/>\n<meta property=\"og:image\" content=\"https:\/\/hundtgroup.com\/wp-content\/uploads\/500849.png\" \/>\n\t<meta property=\"og:image:width\" content=\"447\" \/>\n\t<meta property=\"og:image:height\" content=\"480\" \/>\n\t<meta property=\"og:image:type\" content=\"image\/png\" \/>\n<meta name=\"twitter:card\" content=\"summary_large_image\" \/>\n<script type=\"application\/ld+json\" class=\"yoast-schema-graph\">{\"@context\":\"https:\\\/\\\/schema.org\",\"@graph\":[{\"@type\":\"WebPage\",\"@id\":\"https:\\\/\\\/hundtgroup.com\\\/cs\\\/produkt\\\/nabijeci-nytovac-accubird\\\/\",\"url\":\"https:\\\/\\\/hundtgroup.com\\\/cs\\\/produkt\\\/nabijeci-nytovac-accubird\\\/\",\"name\":\"Nab\u00edjec\u00ed n\u00fdtova\u010d AccuBird - Wilhelm Hundt GmbH\",\"isPartOf\":{\"@id\":\"https:\\\/\\\/hundtgroup.com\\\/cs\\\/#website\"},\"primaryImageOfPage\":{\"@id\":\"https:\\\/\\\/hundtgroup.com\\\/cs\\\/produkt\\\/nabijeci-nytovac-accubird\\\/#primaryimage\"},\"image\":{\"@id\":\"https:\\\/\\\/hundtgroup.com\\\/cs\\\/produkt\\\/nabijeci-nytovac-accubird\\\/#primaryimage\"},\"thumbnailUrl\":\"https:\\\/\\\/hundtgroup.com\\\/wp-content\\\/uploads\\\/500849.png\",\"datePublished\":\"2022-10-26T13:59:16+00:00\",\"dateModified\":\"2025-08-01T09:54:57+00:00\",\"breadcrumb\":{\"@id\":\"https:\\\/\\\/hundtgroup.com\\\/cs\\\/produkt\\\/nabijeci-nytovac-accubird\\\/#breadcrumb\"},\"inLanguage\":\"cs\",\"potentialAction\":[{\"@type\":\"ReadAction\",\"target\":[\"https:\\\/\\\/hundtgroup.com\\\/cs\\\/produkt\\\/nabijeci-nytovac-accubird\\\/\"]}]},{\"@type\":\"ImageObject\",\"inLanguage\":\"cs\",\"@id\":\"https:\\\/\\\/hundtgroup.com\\\/cs\\\/produkt\\\/nabijeci-nytovac-accubird\\\/#primaryimage\",\"url\":\"https:\\\/\\\/hundtgroup.com\\\/wp-content\\\/uploads\\\/500849.png\",\"contentUrl\":\"https:\\\/\\\/hundtgroup.com\\\/wp-content\\\/uploads\\\/500849.png\",\"width\":447,\"height\":480},{\"@type\":\"BreadcrumbList\",\"@id\":\"https:\\\/\\\/hundtgroup.com\\\/cs\\\/produkt\\\/nabijeci-nytovac-accubird\\\/#breadcrumb\",\"itemListElement\":[{\"@type\":\"ListItem\",\"position\":1,\"name\":\"Startseite\",\"item\":\"https:\\\/\\\/hundtgroup.com\\\/cs\\\/home-nove\\\/\"},{\"@type\":\"ListItem\",\"position\":2,\"name\":\"Obchod\",\"item\":\"https:\\\/\\\/hundtgroup.com\\\/obchod\\\/\"},{\"@type\":\"ListItem\",\"position\":3,\"name\":\"Nab\u00edjec\u00ed n\u00fdtova\u010d AccuBird\"}]},{\"@type\":\"WebSite\",\"@id\":\"https:\\\/\\\/hundtgroup.com\\\/cs\\\/#website\",\"url\":\"https:\\\/\\\/hundtgroup.com\\\/cs\\\/\",\"name\":\"Wilhelm Hundt GmbH\",\"description\":\"V\u00e1\u0161 specialista na stroje a n\u00e1stroje pro zpracov\u00e1n\u00ed plechu\",\"potentialAction\":[{\"@type\":\"SearchAction\",\"target\":{\"@type\":\"EntryPoint\",\"urlTemplate\":\"https:\\\/\\\/hundtgroup.com\\\/cs\\\/?s={search_term_string}\"},\"query-input\":{\"@type\":\"PropertyValueSpecification\",\"valueRequired\":true,\"valueName\":\"search_term_string\"}}],\"inLanguage\":\"cs\"}]}<\/script>\n<!-- \/ Yoast SEO plugin. -->","yoast_head_json":{"title":"Nab\u00edjec\u00ed n\u00fdtova\u010d AccuBird - Wilhelm Hundt GmbH","robots":{"index":"index","follow":"follow","max-snippet":"max-snippet:-1","max-image-preview":"max-image-preview:large","max-video-preview":"max-video-preview:-1"},"canonical":"https:\/\/hundtgroup.com\/cs\/produkt\/nabijeci-nytovac-accubird\/","og_locale":"cs_CZ","og_type":"article","og_title":"Nab\u00edjec\u00ed n\u00fdtova\u010d AccuBird - Wilhelm Hundt GmbH","og_description":"Akumul\u00e1torov\u00fd n\u00e1stroj pro flexibiln\u00ed pou\u017eit\u00ed v mont\u00e1\u017en\u00ed a pr\u016fmyslov\u00e9 v\u00fdrob\u011b Vysok\u00e1 nastavovac\u00ed s\u00edla pro velk\u00fd pracovn\u00ed rozsah do pr\u016fm\u011bru 5 mm ve v\u0161ech materi\u00e1lech Slep\u00e9 n\u00fdty BULB-TITE 4; hlin\u00edk a ocel o pr\u016fm\u011bru 5,2 a 6,3 mm Vysok\u00fd v\u00fdkon na jedno nabit\u00ed akumul\u00e1toru Velk\u00fd zdvih n\u00e1stroje 20 mm.","og_url":"https:\/\/hundtgroup.com\/cs\/produkt\/nabijeci-nytovac-accubird\/","og_site_name":"Wilhelm Hundt GmbH","article_modified_time":"2025-08-01T09:54:57+00:00","og_image":[{"width":447,"height":480,"url":"https:\/\/hundtgroup.com\/wp-content\/uploads\/500849.png","type":"image\/png"}],"twitter_card":"summary_large_image","schema":{"@context":"https:\/\/schema.org","@graph":[{"@type":"WebPage","@id":"https:\/\/hundtgroup.com\/cs\/produkt\/nabijeci-nytovac-accubird\/","url":"https:\/\/hundtgroup.com\/cs\/produkt\/nabijeci-nytovac-accubird\/","name":"Nab\u00edjec\u00ed n\u00fdtova\u010d AccuBird - Wilhelm Hundt GmbH","isPartOf":{"@id":"https:\/\/hundtgroup.com\/cs\/#website"},"primaryImageOfPage":{"@id":"https:\/\/hundtgroup.com\/cs\/produkt\/nabijeci-nytovac-accubird\/#primaryimage"},"image":{"@id":"https:\/\/hundtgroup.com\/cs\/produkt\/nabijeci-nytovac-accubird\/#primaryimage"},"thumbnailUrl":"https:\/\/hundtgroup.com\/wp-content\/uploads\/500849.png","datePublished":"2022-10-26T13:59:16+00:00","dateModified":"2025-08-01T09:54:57+00:00","breadcrumb":{"@id":"https:\/\/hundtgroup.com\/cs\/produkt\/nabijeci-nytovac-accubird\/#breadcrumb"},"inLanguage":"cs","potentialAction":[{"@type":"ReadAction","target":["https:\/\/hundtgroup.com\/cs\/produkt\/nabijeci-nytovac-accubird\/"]}]},{"@type":"ImageObject","inLanguage":"cs","@id":"https:\/\/hundtgroup.com\/cs\/produkt\/nabijeci-nytovac-accubird\/#primaryimage","url":"https:\/\/hundtgroup.com\/wp-content\/uploads\/500849.png","contentUrl":"https:\/\/hundtgroup.com\/wp-content\/uploads\/500849.png","width":447,"height":480},{"@type":"BreadcrumbList","@id":"https:\/\/hundtgroup.com\/cs\/produkt\/nabijeci-nytovac-accubird\/#breadcrumb","itemListElement":[{"@type":"ListItem","position":1,"name":"Startseite","item":"https:\/\/hundtgroup.com\/cs\/home-nove\/"},{"@type":"ListItem","position":2,"name":"Obchod","item":"https:\/\/hundtgroup.com\/obchod\/"},{"@type":"ListItem","position":3,"name":"Nab\u00edjec\u00ed n\u00fdtova\u010d AccuBird"}]},{"@type":"WebSite","@id":"https:\/\/hundtgroup.com\/cs\/#website","url":"https:\/\/hundtgroup.com\/cs\/","name":"Wilhelm Hundt GmbH","description":"V\u00e1\u0161 specialista na stroje a n\u00e1stroje pro zpracov\u00e1n\u00ed plechu","potentialAction":[{"@type":"SearchAction","target":{"@type":"EntryPoint","urlTemplate":"https:\/\/hundtgroup.com\/cs\/?s={search_term_string}"},"query-input":{"@type":"PropertyValueSpecification","valueRequired":true,"valueName":"search_term_string"}}],"inLanguage":"cs"}]}},"_links":{"self":[{"href":"https:\/\/hundtgroup.com\/cs\/wp-json\/wp\/v2\/product\/36704","targetHints":{"allow":["GET"]}}],"collection":[{"href":"https:\/\/hundtgroup.com\/cs\/wp-json\/wp\/v2\/product"}],"about":[{"href":"https:\/\/hundtgroup.com\/cs\/wp-json\/wp\/v2\/types\/product"}],"wp:featuredmedia":[{"embeddable":true,"href":"https:\/\/hundtgroup.com\/cs\/wp-json\/wp\/v2\/media\/33533"}],"wp:attachment":[{"href":"https:\/\/hundtgroup.com\/cs\/wp-json\/wp\/v2\/media?parent=36704"}],"wp:term":[{"taxonomy":"product_cat","embeddable":true,"href":"https:\/\/hundtgroup.com\/cs\/wp-json\/wp\/v2\/product_cat?post=36704"},{"taxonomy":"product_tag","embeddable":true,"href":"https:\/\/hundtgroup.com\/cs\/wp-json\/wp\/v2\/product_tag?post=36704"}],"curies":[{"name":"wp","href":"https:\/\/api.w.org\/{rel}","templated":true}]}}