{"id":36747,"date":"2022-10-26T15:59:34","date_gmt":"2022-10-26T13:59:34","guid":{"rendered":"https:\/\/hundtgroup.com\/produkt\/bodova-svarovaci-pistole-telwin-digital-modular-230\/"},"modified":"2025-08-05T18:04:44","modified_gmt":"2025-08-05T16:04:44","slug":"bodova-svarovaci-pistole-telwin-digital-modular-230","status":"publish","type":"product","link":"https:\/\/hundtgroup.com\/cs\/produkt\/bodova-svarovaci-pistole-telwin-digital-modular-230\/","title":{"rendered":"Bodov\u00e1 sva\u0159ovac\u00ed pistole Telwin Digital Modular 230"},"content":{"rendered":"<p>P\u0159enosn\u00e1 jednof\u00e1zov\u00e1 mikroprocesorem \u0159\u00edzen\u00e1 bodov\u00e1 sv\u00e1\u0159e\u010dka,<br \/>\nvhodn\u00e1 pro bodov\u00e9 sva\u0159ov\u00e1n\u00ed plech\u016f do tlou\u0161\u0165ky 2 + 2 mm. Doba trv\u00e1n\u00ed<br \/>\na proud bodov\u00e9ho sva\u0159ov\u00e1n\u00ed se nastavuj\u00ed automaticky pro ka\u017edou tlou\u0161\u0165ku materi\u00e1lu. <\/p>\n","protected":false},"excerpt":{"rendered":"<p>P\u0159enosn\u00e1 jednof\u00e1zov\u00e1 mikroprocesorem \u0159\u00edzen\u00e1 bodov\u00e1 sv\u00e1\u0159e\u010dka, vhodn\u00e1 pro bodov\u00e9 sva\u0159ov\u00e1n\u00ed plech\u016f do tlou\u0161\u0165ky 2 + 2 mm. Doba trv\u00e1n\u00ed a proud bodov\u00e9ho sva\u0159ov\u00e1n\u00ed se nastavuj\u00ed automaticky pro ka\u017edou tlou\u0161\u0165ku materi\u00e1lu.<\/p>\n","protected":false},"featured_media":34037,"template":"","meta":{"_acf_changed":false,"inline_featured_image":false},"product_cat":[1631],"product_tag":[],"class_list":{"0":"post-36747","1":"product","2":"type-product","3":"status-publish","4":"has-post-thumbnail","6":"product_cat-svarovaci-nastroje","8":"first","9":"instock","10":"taxable","11":"shipping-taxable","12":"purchasable","13":"product-type-simple","14":"add-to-wishlist-before_image"},"acf":[],"yoast_head":"<!-- This site is optimized with the Yoast SEO plugin v27.3 - https:\/\/yoast.com\/product\/yoast-seo-wordpress\/ -->\n<title>Bodov\u00e1 sva\u0159ovac\u00ed pistole Telwin Digital Modular 230 - Wilhelm Hundt GmbH<\/title>\n<meta name=\"robots\" content=\"index, follow, max-snippet:-1, max-image-preview:large, max-video-preview:-1\" \/>\n<link rel=\"canonical\" href=\"https:\/\/hundtgroup.com\/cs\/produkt\/bodova-svarovaci-pistole-telwin-digital-modular-230\/\" \/>\n<meta property=\"og:locale\" content=\"cs_CZ\" \/>\n<meta property=\"og:type\" content=\"article\" \/>\n<meta property=\"og:title\" content=\"Bodov\u00e1 sva\u0159ovac\u00ed pistole Telwin Digital Modular 230 - Wilhelm Hundt GmbH\" \/>\n<meta property=\"og:description\" content=\"P\u0159enosn\u00e1 jednof\u00e1zov\u00e1 mikroprocesorem \u0159\u00edzen\u00e1 bodov\u00e1 sv\u00e1\u0159e\u010dka, vhodn\u00e1 pro bodov\u00e9 sva\u0159ov\u00e1n\u00ed plech\u016f do tlou\u0161\u0165ky 2 + 2 mm. Doba trv\u00e1n\u00ed a proud bodov\u00e9ho sva\u0159ov\u00e1n\u00ed se nastavuj\u00ed automaticky pro ka\u017edou tlou\u0161\u0165ku materi\u00e1lu.\" \/>\n<meta property=\"og:url\" content=\"https:\/\/hundtgroup.com\/cs\/produkt\/bodova-svarovaci-pistole-telwin-digital-modular-230\/\" \/>\n<meta property=\"og:site_name\" content=\"Wilhelm Hundt GmbH\" \/>\n<meta property=\"article:modified_time\" content=\"2025-08-05T16:04:44+00:00\" \/>\n<meta property=\"og:image\" content=\"https:\/\/hundtgroup.com\/wp-content\/uploads\/380100.png\" \/>\n\t<meta property=\"og:image:width\" content=\"657\" \/>\n\t<meta property=\"og:image:height\" content=\"572\" \/>\n\t<meta property=\"og:image:type\" content=\"image\/png\" \/>\n<meta name=\"twitter:card\" content=\"summary_large_image\" \/>\n<script type=\"application\/ld+json\" class=\"yoast-schema-graph\">{\"@context\":\"https:\\\/\\\/schema.org\",\"@graph\":[{\"@type\":\"WebPage\",\"@id\":\"https:\\\/\\\/hundtgroup.com\\\/cs\\\/produkt\\\/bodova-svarovaci-pistole-telwin-digital-modular-230\\\/\",\"url\":\"https:\\\/\\\/hundtgroup.com\\\/cs\\\/produkt\\\/bodova-svarovaci-pistole-telwin-digital-modular-230\\\/\",\"name\":\"Bodov\u00e1 sva\u0159ovac\u00ed pistole Telwin Digital Modular 230 - Wilhelm Hundt GmbH\",\"isPartOf\":{\"@id\":\"https:\\\/\\\/hundtgroup.com\\\/cs\\\/#website\"},\"primaryImageOfPage\":{\"@id\":\"https:\\\/\\\/hundtgroup.com\\\/cs\\\/produkt\\\/bodova-svarovaci-pistole-telwin-digital-modular-230\\\/#primaryimage\"},\"image\":{\"@id\":\"https:\\\/\\\/hundtgroup.com\\\/cs\\\/produkt\\\/bodova-svarovaci-pistole-telwin-digital-modular-230\\\/#primaryimage\"},\"thumbnailUrl\":\"https:\\\/\\\/hundtgroup.com\\\/wp-content\\\/uploads\\\/380100.png\",\"datePublished\":\"2022-10-26T13:59:34+00:00\",\"dateModified\":\"2025-08-05T16:04:44+00:00\",\"breadcrumb\":{\"@id\":\"https:\\\/\\\/hundtgroup.com\\\/cs\\\/produkt\\\/bodova-svarovaci-pistole-telwin-digital-modular-230\\\/#breadcrumb\"},\"inLanguage\":\"cs\",\"potentialAction\":[{\"@type\":\"ReadAction\",\"target\":[\"https:\\\/\\\/hundtgroup.com\\\/cs\\\/produkt\\\/bodova-svarovaci-pistole-telwin-digital-modular-230\\\/\"]}]},{\"@type\":\"ImageObject\",\"inLanguage\":\"cs\",\"@id\":\"https:\\\/\\\/hundtgroup.com\\\/cs\\\/produkt\\\/bodova-svarovaci-pistole-telwin-digital-modular-230\\\/#primaryimage\",\"url\":\"https:\\\/\\\/hundtgroup.com\\\/wp-content\\\/uploads\\\/380100.png\",\"contentUrl\":\"https:\\\/\\\/hundtgroup.com\\\/wp-content\\\/uploads\\\/380100.png\",\"width\":657,\"height\":572},{\"@type\":\"BreadcrumbList\",\"@id\":\"https:\\\/\\\/hundtgroup.com\\\/cs\\\/produkt\\\/bodova-svarovaci-pistole-telwin-digital-modular-230\\\/#breadcrumb\",\"itemListElement\":[{\"@type\":\"ListItem\",\"position\":1,\"name\":\"Startseite\",\"item\":\"https:\\\/\\\/hundtgroup.com\\\/cs\\\/home-nove\\\/\"},{\"@type\":\"ListItem\",\"position\":2,\"name\":\"Obchod\",\"item\":\"https:\\\/\\\/hundtgroup.com\\\/obchod\\\/\"},{\"@type\":\"ListItem\",\"position\":3,\"name\":\"Bodov\u00e1 sva\u0159ovac\u00ed pistole Telwin Digital Modular 230\"}]},{\"@type\":\"WebSite\",\"@id\":\"https:\\\/\\\/hundtgroup.com\\\/cs\\\/#website\",\"url\":\"https:\\\/\\\/hundtgroup.com\\\/cs\\\/\",\"name\":\"Wilhelm Hundt GmbH\",\"description\":\"V\u00e1\u0161 specialista na stroje a n\u00e1stroje pro zpracov\u00e1n\u00ed plechu\",\"potentialAction\":[{\"@type\":\"SearchAction\",\"target\":{\"@type\":\"EntryPoint\",\"urlTemplate\":\"https:\\\/\\\/hundtgroup.com\\\/cs\\\/?s={search_term_string}\"},\"query-input\":{\"@type\":\"PropertyValueSpecification\",\"valueRequired\":true,\"valueName\":\"search_term_string\"}}],\"inLanguage\":\"cs\"}]}<\/script>\n<!-- \/ Yoast SEO plugin. -->","yoast_head_json":{"title":"Bodov\u00e1 sva\u0159ovac\u00ed pistole Telwin Digital Modular 230 - Wilhelm Hundt GmbH","robots":{"index":"index","follow":"follow","max-snippet":"max-snippet:-1","max-image-preview":"max-image-preview:large","max-video-preview":"max-video-preview:-1"},"canonical":"https:\/\/hundtgroup.com\/cs\/produkt\/bodova-svarovaci-pistole-telwin-digital-modular-230\/","og_locale":"cs_CZ","og_type":"article","og_title":"Bodov\u00e1 sva\u0159ovac\u00ed pistole Telwin Digital Modular 230 - Wilhelm Hundt GmbH","og_description":"P\u0159enosn\u00e1 jednof\u00e1zov\u00e1 mikroprocesorem \u0159\u00edzen\u00e1 bodov\u00e1 sv\u00e1\u0159e\u010dka, vhodn\u00e1 pro bodov\u00e9 sva\u0159ov\u00e1n\u00ed plech\u016f do tlou\u0161\u0165ky 2 + 2 mm. Doba trv\u00e1n\u00ed a proud bodov\u00e9ho sva\u0159ov\u00e1n\u00ed se nastavuj\u00ed automaticky pro ka\u017edou tlou\u0161\u0165ku materi\u00e1lu.","og_url":"https:\/\/hundtgroup.com\/cs\/produkt\/bodova-svarovaci-pistole-telwin-digital-modular-230\/","og_site_name":"Wilhelm Hundt GmbH","article_modified_time":"2025-08-05T16:04:44+00:00","og_image":[{"width":657,"height":572,"url":"https:\/\/hundtgroup.com\/wp-content\/uploads\/380100.png","type":"image\/png"}],"twitter_card":"summary_large_image","schema":{"@context":"https:\/\/schema.org","@graph":[{"@type":"WebPage","@id":"https:\/\/hundtgroup.com\/cs\/produkt\/bodova-svarovaci-pistole-telwin-digital-modular-230\/","url":"https:\/\/hundtgroup.com\/cs\/produkt\/bodova-svarovaci-pistole-telwin-digital-modular-230\/","name":"Bodov\u00e1 sva\u0159ovac\u00ed pistole Telwin Digital Modular 230 - Wilhelm Hundt GmbH","isPartOf":{"@id":"https:\/\/hundtgroup.com\/cs\/#website"},"primaryImageOfPage":{"@id":"https:\/\/hundtgroup.com\/cs\/produkt\/bodova-svarovaci-pistole-telwin-digital-modular-230\/#primaryimage"},"image":{"@id":"https:\/\/hundtgroup.com\/cs\/produkt\/bodova-svarovaci-pistole-telwin-digital-modular-230\/#primaryimage"},"thumbnailUrl":"https:\/\/hundtgroup.com\/wp-content\/uploads\/380100.png","datePublished":"2022-10-26T13:59:34+00:00","dateModified":"2025-08-05T16:04:44+00:00","breadcrumb":{"@id":"https:\/\/hundtgroup.com\/cs\/produkt\/bodova-svarovaci-pistole-telwin-digital-modular-230\/#breadcrumb"},"inLanguage":"cs","potentialAction":[{"@type":"ReadAction","target":["https:\/\/hundtgroup.com\/cs\/produkt\/bodova-svarovaci-pistole-telwin-digital-modular-230\/"]}]},{"@type":"ImageObject","inLanguage":"cs","@id":"https:\/\/hundtgroup.com\/cs\/produkt\/bodova-svarovaci-pistole-telwin-digital-modular-230\/#primaryimage","url":"https:\/\/hundtgroup.com\/wp-content\/uploads\/380100.png","contentUrl":"https:\/\/hundtgroup.com\/wp-content\/uploads\/380100.png","width":657,"height":572},{"@type":"BreadcrumbList","@id":"https:\/\/hundtgroup.com\/cs\/produkt\/bodova-svarovaci-pistole-telwin-digital-modular-230\/#breadcrumb","itemListElement":[{"@type":"ListItem","position":1,"name":"Startseite","item":"https:\/\/hundtgroup.com\/cs\/home-nove\/"},{"@type":"ListItem","position":2,"name":"Obchod","item":"https:\/\/hundtgroup.com\/obchod\/"},{"@type":"ListItem","position":3,"name":"Bodov\u00e1 sva\u0159ovac\u00ed pistole Telwin Digital Modular 230"}]},{"@type":"WebSite","@id":"https:\/\/hundtgroup.com\/cs\/#website","url":"https:\/\/hundtgroup.com\/cs\/","name":"Wilhelm Hundt GmbH","description":"V\u00e1\u0161 specialista na stroje a n\u00e1stroje pro zpracov\u00e1n\u00ed plechu","potentialAction":[{"@type":"SearchAction","target":{"@type":"EntryPoint","urlTemplate":"https:\/\/hundtgroup.com\/cs\/?s={search_term_string}"},"query-input":{"@type":"PropertyValueSpecification","valueRequired":true,"valueName":"search_term_string"}}],"inLanguage":"cs"}]}},"_links":{"self":[{"href":"https:\/\/hundtgroup.com\/cs\/wp-json\/wp\/v2\/product\/36747","targetHints":{"allow":["GET"]}}],"collection":[{"href":"https:\/\/hundtgroup.com\/cs\/wp-json\/wp\/v2\/product"}],"about":[{"href":"https:\/\/hundtgroup.com\/cs\/wp-json\/wp\/v2\/types\/product"}],"wp:featuredmedia":[{"embeddable":true,"href":"https:\/\/hundtgroup.com\/cs\/wp-json\/wp\/v2\/media\/34037"}],"wp:attachment":[{"href":"https:\/\/hundtgroup.com\/cs\/wp-json\/wp\/v2\/media?parent=36747"}],"wp:term":[{"taxonomy":"product_cat","embeddable":true,"href":"https:\/\/hundtgroup.com\/cs\/wp-json\/wp\/v2\/product_cat?post=36747"},{"taxonomy":"product_tag","embeddable":true,"href":"https:\/\/hundtgroup.com\/cs\/wp-json\/wp\/v2\/product_tag?post=36747"}],"curies":[{"name":"wp","href":"https:\/\/api.w.org\/{rel}","templated":true}]}}