{"id":37292,"date":"2025-06-18T18:31:33","date_gmt":"2025-06-18T16:31:33","guid":{"rendered":"https:\/\/hundtgroup.com\/produkt\/akumulatorova-primocara-pila-bosch-gsa-18v-32\/"},"modified":"2025-07-29T14:26:03","modified_gmt":"2025-07-29T12:26:03","slug":"akumulatorova-primocara-pila-bosch-gsa-18v-32","status":"publish","type":"product","link":"https:\/\/hundtgroup.com\/cs\/produkt\/akumulatorova-primocara-pila-bosch-gsa-18v-32\/","title":{"rendered":"Akumul\u00e1torov\u00e1 p\u0159\u00edmo\u010dar\u00e1 pila Bosch GSA 18V-32"},"content":{"rendered":"<p>Jedine\u010dn\u00fd ergonomick\u00fd tvar rukojeti a mimo\u0159\u00e1dn\u011b dlouh\u00fd sp\u00edna\u010d pro pr\u00e1ci bez \u00fanavy-<br \/>\ni nad hlavou nebo v omezen\u00fdch prostor\u00e1ch, bezkart\u00e1\u010dov\u00fd motor, extr\u00e9mn\u011b n\u00edzk\u00e9 vibrace, SDS pro snadnou a bezpe\u010dnou<br \/>\nv\u00fdm\u011bnu pilov\u00e9ho listu, p\u0159edvolba \u0159ezn\u00e9 rychlosti, nastaviteln\u00e1 patka pro pln\u00e9 vyu\u017eit\u00ed pilov\u00e9ho listu.<\/p>\n","protected":false},"excerpt":{"rendered":"<p>Jedine\u010dn\u00fd ergonomick\u00fd tvar rukojeti a mimo\u0159\u00e1dn\u011b dlouh\u00fd sp\u00edna\u010d pro pr\u00e1ci bez \u00fanavy- i nad hlavou nebo v omezen\u00fdch prostor\u00e1ch, bezkart\u00e1\u010dov\u00fd motor, extr\u00e9mn\u011b n\u00edzk\u00e9 vibrace, SDS pro snadnou a bezpe\u010dnou v\u00fdm\u011bnu pilov\u00e9ho listu, p\u0159edvolba \u0159ezn\u00e9 rychlosti, nastaviteln\u00e1 patka pro pln\u00e9 vyu\u017eit\u00ed pilov\u00e9ho listu.<\/p>\n","protected":false},"featured_media":35369,"template":"","meta":{"_acf_changed":false,"inline_featured_image":false},"product_cat":[649,1707],"product_tag":[],"class_list":{"0":"post-37292","1":"product","2":"type-product","3":"status-publish","4":"has-post-thumbnail","6":"brand-bosch","7":"product_cat-bateriove-nastroje","8":"product_cat-pistove-pily","10":"first","11":"instock","12":"taxable","13":"shipping-taxable","14":"purchasable","15":"product-type-simple","16":"add-to-wishlist-before_image"},"acf":[],"yoast_head":"<!-- This site is optimized with the Yoast SEO plugin v27.3 - https:\/\/yoast.com\/product\/yoast-seo-wordpress\/ -->\n<title>Akumul\u00e1torov\u00e1 p\u0159\u00edmo\u010dar\u00e1 pila Bosch GSA 18V-32 - Wilhelm Hundt GmbH<\/title>\n<meta name=\"robots\" content=\"index, follow, max-snippet:-1, max-image-preview:large, max-video-preview:-1\" \/>\n<link rel=\"canonical\" href=\"https:\/\/hundtgroup.com\/cs\/produkt\/akumulatorova-primocara-pila-bosch-gsa-18v-32\/\" \/>\n<meta property=\"og:locale\" content=\"cs_CZ\" \/>\n<meta property=\"og:type\" content=\"article\" \/>\n<meta property=\"og:title\" content=\"Akumul\u00e1torov\u00e1 p\u0159\u00edmo\u010dar\u00e1 pila Bosch GSA 18V-32 - Wilhelm Hundt GmbH\" \/>\n<meta property=\"og:description\" content=\"Jedine\u010dn\u00fd ergonomick\u00fd tvar rukojeti a mimo\u0159\u00e1dn\u011b dlouh\u00fd sp\u00edna\u010d pro pr\u00e1ci bez \u00fanavy- i nad hlavou nebo v omezen\u00fdch prostor\u00e1ch, bezkart\u00e1\u010dov\u00fd motor, extr\u00e9mn\u011b n\u00edzk\u00e9 vibrace, SDS pro snadnou a bezpe\u010dnou v\u00fdm\u011bnu pilov\u00e9ho listu, p\u0159edvolba \u0159ezn\u00e9 rychlosti, nastaviteln\u00e1 patka pro pln\u00e9 vyu\u017eit\u00ed pilov\u00e9ho listu.\" \/>\n<meta property=\"og:url\" content=\"https:\/\/hundtgroup.com\/cs\/produkt\/akumulatorova-primocara-pila-bosch-gsa-18v-32\/\" \/>\n<meta property=\"og:site_name\" content=\"Wilhelm Hundt GmbH\" \/>\n<meta property=\"article:modified_time\" content=\"2025-07-29T12:26:03+00:00\" \/>\n<meta property=\"og:image\" content=\"https:\/\/hundtgroup.com\/wp-content\/uploads\/341187.jpg\" \/>\n\t<meta property=\"og:image:width\" content=\"520\" \/>\n\t<meta property=\"og:image:height\" content=\"520\" \/>\n\t<meta property=\"og:image:type\" content=\"image\/jpeg\" \/>\n<meta name=\"twitter:card\" content=\"summary_large_image\" \/>\n<script type=\"application\/ld+json\" class=\"yoast-schema-graph\">{\"@context\":\"https:\\\/\\\/schema.org\",\"@graph\":[{\"@type\":\"WebPage\",\"@id\":\"https:\\\/\\\/hundtgroup.com\\\/cs\\\/produkt\\\/akumulatorova-primocara-pila-bosch-gsa-18v-32\\\/\",\"url\":\"https:\\\/\\\/hundtgroup.com\\\/cs\\\/produkt\\\/akumulatorova-primocara-pila-bosch-gsa-18v-32\\\/\",\"name\":\"Akumul\u00e1torov\u00e1 p\u0159\u00edmo\u010dar\u00e1 pila Bosch GSA 18V-32 - Wilhelm Hundt GmbH\",\"isPartOf\":{\"@id\":\"https:\\\/\\\/hundtgroup.com\\\/cs\\\/#website\"},\"primaryImageOfPage\":{\"@id\":\"https:\\\/\\\/hundtgroup.com\\\/cs\\\/produkt\\\/akumulatorova-primocara-pila-bosch-gsa-18v-32\\\/#primaryimage\"},\"image\":{\"@id\":\"https:\\\/\\\/hundtgroup.com\\\/cs\\\/produkt\\\/akumulatorova-primocara-pila-bosch-gsa-18v-32\\\/#primaryimage\"},\"thumbnailUrl\":\"https:\\\/\\\/hundtgroup.com\\\/wp-content\\\/uploads\\\/341187.jpg\",\"datePublished\":\"2025-06-18T16:31:33+00:00\",\"dateModified\":\"2025-07-29T12:26:03+00:00\",\"breadcrumb\":{\"@id\":\"https:\\\/\\\/hundtgroup.com\\\/cs\\\/produkt\\\/akumulatorova-primocara-pila-bosch-gsa-18v-32\\\/#breadcrumb\"},\"inLanguage\":\"cs\",\"potentialAction\":[{\"@type\":\"ReadAction\",\"target\":[\"https:\\\/\\\/hundtgroup.com\\\/cs\\\/produkt\\\/akumulatorova-primocara-pila-bosch-gsa-18v-32\\\/\"]}]},{\"@type\":\"ImageObject\",\"inLanguage\":\"cs\",\"@id\":\"https:\\\/\\\/hundtgroup.com\\\/cs\\\/produkt\\\/akumulatorova-primocara-pila-bosch-gsa-18v-32\\\/#primaryimage\",\"url\":\"https:\\\/\\\/hundtgroup.com\\\/wp-content\\\/uploads\\\/341187.jpg\",\"contentUrl\":\"https:\\\/\\\/hundtgroup.com\\\/wp-content\\\/uploads\\\/341187.jpg\",\"width\":520,\"height\":520},{\"@type\":\"BreadcrumbList\",\"@id\":\"https:\\\/\\\/hundtgroup.com\\\/cs\\\/produkt\\\/akumulatorova-primocara-pila-bosch-gsa-18v-32\\\/#breadcrumb\",\"itemListElement\":[{\"@type\":\"ListItem\",\"position\":1,\"name\":\"Startseite\",\"item\":\"https:\\\/\\\/hundtgroup.com\\\/cs\\\/home-nove\\\/\"},{\"@type\":\"ListItem\",\"position\":2,\"name\":\"Obchod\",\"item\":\"https:\\\/\\\/hundtgroup.com\\\/obchod\\\/\"},{\"@type\":\"ListItem\",\"position\":3,\"name\":\"Akumul\u00e1torov\u00e1 p\u0159\u00edmo\u010dar\u00e1 pila Bosch GSA 18V-32\"}]},{\"@type\":\"WebSite\",\"@id\":\"https:\\\/\\\/hundtgroup.com\\\/cs\\\/#website\",\"url\":\"https:\\\/\\\/hundtgroup.com\\\/cs\\\/\",\"name\":\"Wilhelm Hundt GmbH\",\"description\":\"V\u00e1\u0161 specialista na stroje a n\u00e1stroje pro zpracov\u00e1n\u00ed plechu\",\"potentialAction\":[{\"@type\":\"SearchAction\",\"target\":{\"@type\":\"EntryPoint\",\"urlTemplate\":\"https:\\\/\\\/hundtgroup.com\\\/cs\\\/?s={search_term_string}\"},\"query-input\":{\"@type\":\"PropertyValueSpecification\",\"valueRequired\":true,\"valueName\":\"search_term_string\"}}],\"inLanguage\":\"cs\"}]}<\/script>\n<!-- \/ Yoast SEO plugin. -->","yoast_head_json":{"title":"Akumul\u00e1torov\u00e1 p\u0159\u00edmo\u010dar\u00e1 pila Bosch GSA 18V-32 - Wilhelm Hundt GmbH","robots":{"index":"index","follow":"follow","max-snippet":"max-snippet:-1","max-image-preview":"max-image-preview:large","max-video-preview":"max-video-preview:-1"},"canonical":"https:\/\/hundtgroup.com\/cs\/produkt\/akumulatorova-primocara-pila-bosch-gsa-18v-32\/","og_locale":"cs_CZ","og_type":"article","og_title":"Akumul\u00e1torov\u00e1 p\u0159\u00edmo\u010dar\u00e1 pila Bosch GSA 18V-32 - Wilhelm Hundt GmbH","og_description":"Jedine\u010dn\u00fd ergonomick\u00fd tvar rukojeti a mimo\u0159\u00e1dn\u011b dlouh\u00fd sp\u00edna\u010d pro pr\u00e1ci bez \u00fanavy- i nad hlavou nebo v omezen\u00fdch prostor\u00e1ch, bezkart\u00e1\u010dov\u00fd motor, extr\u00e9mn\u011b n\u00edzk\u00e9 vibrace, SDS pro snadnou a bezpe\u010dnou v\u00fdm\u011bnu pilov\u00e9ho listu, p\u0159edvolba \u0159ezn\u00e9 rychlosti, nastaviteln\u00e1 patka pro pln\u00e9 vyu\u017eit\u00ed pilov\u00e9ho listu.","og_url":"https:\/\/hundtgroup.com\/cs\/produkt\/akumulatorova-primocara-pila-bosch-gsa-18v-32\/","og_site_name":"Wilhelm Hundt GmbH","article_modified_time":"2025-07-29T12:26:03+00:00","og_image":[{"width":520,"height":520,"url":"https:\/\/hundtgroup.com\/wp-content\/uploads\/341187.jpg","type":"image\/jpeg"}],"twitter_card":"summary_large_image","schema":{"@context":"https:\/\/schema.org","@graph":[{"@type":"WebPage","@id":"https:\/\/hundtgroup.com\/cs\/produkt\/akumulatorova-primocara-pila-bosch-gsa-18v-32\/","url":"https:\/\/hundtgroup.com\/cs\/produkt\/akumulatorova-primocara-pila-bosch-gsa-18v-32\/","name":"Akumul\u00e1torov\u00e1 p\u0159\u00edmo\u010dar\u00e1 pila Bosch GSA 18V-32 - Wilhelm Hundt GmbH","isPartOf":{"@id":"https:\/\/hundtgroup.com\/cs\/#website"},"primaryImageOfPage":{"@id":"https:\/\/hundtgroup.com\/cs\/produkt\/akumulatorova-primocara-pila-bosch-gsa-18v-32\/#primaryimage"},"image":{"@id":"https:\/\/hundtgroup.com\/cs\/produkt\/akumulatorova-primocara-pila-bosch-gsa-18v-32\/#primaryimage"},"thumbnailUrl":"https:\/\/hundtgroup.com\/wp-content\/uploads\/341187.jpg","datePublished":"2025-06-18T16:31:33+00:00","dateModified":"2025-07-29T12:26:03+00:00","breadcrumb":{"@id":"https:\/\/hundtgroup.com\/cs\/produkt\/akumulatorova-primocara-pila-bosch-gsa-18v-32\/#breadcrumb"},"inLanguage":"cs","potentialAction":[{"@type":"ReadAction","target":["https:\/\/hundtgroup.com\/cs\/produkt\/akumulatorova-primocara-pila-bosch-gsa-18v-32\/"]}]},{"@type":"ImageObject","inLanguage":"cs","@id":"https:\/\/hundtgroup.com\/cs\/produkt\/akumulatorova-primocara-pila-bosch-gsa-18v-32\/#primaryimage","url":"https:\/\/hundtgroup.com\/wp-content\/uploads\/341187.jpg","contentUrl":"https:\/\/hundtgroup.com\/wp-content\/uploads\/341187.jpg","width":520,"height":520},{"@type":"BreadcrumbList","@id":"https:\/\/hundtgroup.com\/cs\/produkt\/akumulatorova-primocara-pila-bosch-gsa-18v-32\/#breadcrumb","itemListElement":[{"@type":"ListItem","position":1,"name":"Startseite","item":"https:\/\/hundtgroup.com\/cs\/home-nove\/"},{"@type":"ListItem","position":2,"name":"Obchod","item":"https:\/\/hundtgroup.com\/obchod\/"},{"@type":"ListItem","position":3,"name":"Akumul\u00e1torov\u00e1 p\u0159\u00edmo\u010dar\u00e1 pila Bosch GSA 18V-32"}]},{"@type":"WebSite","@id":"https:\/\/hundtgroup.com\/cs\/#website","url":"https:\/\/hundtgroup.com\/cs\/","name":"Wilhelm Hundt GmbH","description":"V\u00e1\u0161 specialista na stroje a n\u00e1stroje pro zpracov\u00e1n\u00ed plechu","potentialAction":[{"@type":"SearchAction","target":{"@type":"EntryPoint","urlTemplate":"https:\/\/hundtgroup.com\/cs\/?s={search_term_string}"},"query-input":{"@type":"PropertyValueSpecification","valueRequired":true,"valueName":"search_term_string"}}],"inLanguage":"cs"}]}},"_links":{"self":[{"href":"https:\/\/hundtgroup.com\/cs\/wp-json\/wp\/v2\/product\/37292","targetHints":{"allow":["GET"]}}],"collection":[{"href":"https:\/\/hundtgroup.com\/cs\/wp-json\/wp\/v2\/product"}],"about":[{"href":"https:\/\/hundtgroup.com\/cs\/wp-json\/wp\/v2\/types\/product"}],"wp:featuredmedia":[{"embeddable":true,"href":"https:\/\/hundtgroup.com\/cs\/wp-json\/wp\/v2\/media\/35369"}],"wp:attachment":[{"href":"https:\/\/hundtgroup.com\/cs\/wp-json\/wp\/v2\/media?parent=37292"}],"wp:term":[{"taxonomy":"product_cat","embeddable":true,"href":"https:\/\/hundtgroup.com\/cs\/wp-json\/wp\/v2\/product_cat?post=37292"},{"taxonomy":"product_tag","embeddable":true,"href":"https:\/\/hundtgroup.com\/cs\/wp-json\/wp\/v2\/product_tag?post=37292"}],"curies":[{"name":"wp","href":"https:\/\/api.w.org\/{rel}","templated":true}]}}