{"id":37323,"date":"2025-06-18T18:31:36","date_gmt":"2025-06-18T16:31:36","guid":{"rendered":"https:\/\/hundtgroup.com\/produkt\/vrtaci-sroubovak-makita-dp2010j\/"},"modified":"2025-07-28T16:43:25","modified_gmt":"2025-07-28T14:43:25","slug":"vrtaci-sroubovak-makita-dp2010j","status":"publish","type":"product","link":"https:\/\/hundtgroup.com\/cs\/produkt\/vrtaci-sroubovak-makita-dp2010j\/","title":{"rendered":"Vrtac\u00ed \u0161roubov\u00e1k Makita DP2010J"},"content":{"rendered":"<p>Kompaktn\u00ed vysokorychlostn\u00ed vrta\u010dka s p\u0159\u00edkonem 370 W. Za\u0159\u00edzen\u00ed m\u00e1 prom\u011bnliv\u00e9 ot\u00e1\u010dky v rozmez\u00ed 0 a\u017e 4200 ot\/min a je ide\u00e1ln\u00ed pro mont\u00e9ry klimatiza\u010dn\u00edch syst\u00e9m\u016f pro vrt\u00e1n\u00ed mal\u00fdch pr\u016fm\u011br\u016f otvor\u016f, nap\u0159. pro slep\u00e9 n\u00fdty. S krou\u017ekov\u00fdm skl\u00ed\u010didlem s \u0161\u00ed\u0159kou upnut\u00ed 0,5 a\u017e 6,5 mm.  <\/p>\n","protected":false},"excerpt":{"rendered":"<p>Kompaktn\u00ed vysokorychlostn\u00ed vrta\u010dka s p\u0159\u00edkonem 370 W. Za\u0159\u00edzen\u00ed m\u00e1 prom\u011bnliv\u00e9 ot\u00e1\u010dky v rozmez\u00ed 0 a\u017e 4200 ot\/min a je ide\u00e1ln\u00ed pro mont\u00e9ry klimatiza\u010dn\u00edch syst\u00e9m\u016f pro vrt\u00e1n\u00ed mal\u00fdch pr\u016fm\u011br\u016f otvor\u016f, nap\u0159. pro slep\u00e9 n\u00fdty. S krou\u017ekov\u00fdm skl\u00ed\u010didlem s \u0161\u00ed\u0159kou upnut\u00ed 0,5 a\u017e 6,5 mm.<\/p>\n","protected":false},"featured_media":35313,"template":"","meta":{"_acf_changed":false,"inline_featured_image":false},"product_cat":[664,1711],"product_tag":[],"class_list":{"0":"post-37323","1":"product","2":"type-product","3":"status-publish","4":"has-post-thumbnail","6":"brand-makita","7":"product_cat-elektricke-naradi","8":"product_cat-ridic-vrtacky-cs","10":"first","11":"instock","12":"taxable","13":"shipping-taxable","14":"purchasable","15":"product-type-simple","16":"add-to-wishlist-before_image"},"acf":[],"yoast_head":"<!-- This site is optimized with the Yoast SEO plugin v27.3 - https:\/\/yoast.com\/product\/yoast-seo-wordpress\/ -->\n<title>Vrtac\u00ed \u0161roubov\u00e1k Makita DP2010J - Wilhelm Hundt GmbH<\/title>\n<meta name=\"robots\" content=\"index, follow, max-snippet:-1, max-image-preview:large, max-video-preview:-1\" \/>\n<link rel=\"canonical\" href=\"https:\/\/hundtgroup.com\/cs\/produkt\/vrtaci-sroubovak-makita-dp2010j\/\" \/>\n<meta property=\"og:locale\" content=\"cs_CZ\" \/>\n<meta property=\"og:type\" content=\"article\" \/>\n<meta property=\"og:title\" content=\"Vrtac\u00ed \u0161roubov\u00e1k Makita DP2010J - Wilhelm Hundt GmbH\" \/>\n<meta property=\"og:description\" content=\"Kompaktn\u00ed vysokorychlostn\u00ed vrta\u010dka s p\u0159\u00edkonem 370 W. Za\u0159\u00edzen\u00ed m\u00e1 prom\u011bnliv\u00e9 ot\u00e1\u010dky v rozmez\u00ed 0 a\u017e 4200 ot\/min a je ide\u00e1ln\u00ed pro mont\u00e9ry klimatiza\u010dn\u00edch syst\u00e9m\u016f pro vrt\u00e1n\u00ed mal\u00fdch pr\u016fm\u011br\u016f otvor\u016f, nap\u0159. pro slep\u00e9 n\u00fdty. S krou\u017ekov\u00fdm skl\u00ed\u010didlem s \u0161\u00ed\u0159kou upnut\u00ed 0,5 a\u017e 6,5 mm.\" \/>\n<meta property=\"og:url\" content=\"https:\/\/hundtgroup.com\/cs\/produkt\/vrtaci-sroubovak-makita-dp2010j\/\" \/>\n<meta property=\"og:site_name\" content=\"Wilhelm Hundt GmbH\" \/>\n<meta property=\"article:modified_time\" content=\"2025-07-28T14:43:25+00:00\" \/>\n<meta property=\"og:image\" content=\"https:\/\/hundtgroup.com\/wp-content\/uploads\/316501.jpg\" \/>\n\t<meta property=\"og:image:width\" content=\"1000\" \/>\n\t<meta property=\"og:image:height\" content=\"952\" \/>\n\t<meta property=\"og:image:type\" content=\"image\/jpeg\" \/>\n<meta name=\"twitter:card\" content=\"summary_large_image\" \/>\n<script type=\"application\/ld+json\" class=\"yoast-schema-graph\">{\"@context\":\"https:\\\/\\\/schema.org\",\"@graph\":[{\"@type\":\"WebPage\",\"@id\":\"https:\\\/\\\/hundtgroup.com\\\/cs\\\/produkt\\\/vrtaci-sroubovak-makita-dp2010j\\\/\",\"url\":\"https:\\\/\\\/hundtgroup.com\\\/cs\\\/produkt\\\/vrtaci-sroubovak-makita-dp2010j\\\/\",\"name\":\"Vrtac\u00ed \u0161roubov\u00e1k Makita DP2010J - Wilhelm Hundt GmbH\",\"isPartOf\":{\"@id\":\"https:\\\/\\\/hundtgroup.com\\\/cs\\\/#website\"},\"primaryImageOfPage\":{\"@id\":\"https:\\\/\\\/hundtgroup.com\\\/cs\\\/produkt\\\/vrtaci-sroubovak-makita-dp2010j\\\/#primaryimage\"},\"image\":{\"@id\":\"https:\\\/\\\/hundtgroup.com\\\/cs\\\/produkt\\\/vrtaci-sroubovak-makita-dp2010j\\\/#primaryimage\"},\"thumbnailUrl\":\"https:\\\/\\\/hundtgroup.com\\\/wp-content\\\/uploads\\\/316501.jpg\",\"datePublished\":\"2025-06-18T16:31:36+00:00\",\"dateModified\":\"2025-07-28T14:43:25+00:00\",\"breadcrumb\":{\"@id\":\"https:\\\/\\\/hundtgroup.com\\\/cs\\\/produkt\\\/vrtaci-sroubovak-makita-dp2010j\\\/#breadcrumb\"},\"inLanguage\":\"cs\",\"potentialAction\":[{\"@type\":\"ReadAction\",\"target\":[\"https:\\\/\\\/hundtgroup.com\\\/cs\\\/produkt\\\/vrtaci-sroubovak-makita-dp2010j\\\/\"]}]},{\"@type\":\"ImageObject\",\"inLanguage\":\"cs\",\"@id\":\"https:\\\/\\\/hundtgroup.com\\\/cs\\\/produkt\\\/vrtaci-sroubovak-makita-dp2010j\\\/#primaryimage\",\"url\":\"https:\\\/\\\/hundtgroup.com\\\/wp-content\\\/uploads\\\/316501.jpg\",\"contentUrl\":\"https:\\\/\\\/hundtgroup.com\\\/wp-content\\\/uploads\\\/316501.jpg\",\"width\":1000,\"height\":952},{\"@type\":\"BreadcrumbList\",\"@id\":\"https:\\\/\\\/hundtgroup.com\\\/cs\\\/produkt\\\/vrtaci-sroubovak-makita-dp2010j\\\/#breadcrumb\",\"itemListElement\":[{\"@type\":\"ListItem\",\"position\":1,\"name\":\"Startseite\",\"item\":\"https:\\\/\\\/hundtgroup.com\\\/cs\\\/home-nove\\\/\"},{\"@type\":\"ListItem\",\"position\":2,\"name\":\"Obchod\",\"item\":\"https:\\\/\\\/hundtgroup.com\\\/obchod\\\/\"},{\"@type\":\"ListItem\",\"position\":3,\"name\":\"Vrtac\u00ed \u0161roubov\u00e1k Makita DP2010J\"}]},{\"@type\":\"WebSite\",\"@id\":\"https:\\\/\\\/hundtgroup.com\\\/cs\\\/#website\",\"url\":\"https:\\\/\\\/hundtgroup.com\\\/cs\\\/\",\"name\":\"Wilhelm Hundt GmbH\",\"description\":\"V\u00e1\u0161 specialista na stroje a n\u00e1stroje pro zpracov\u00e1n\u00ed plechu\",\"potentialAction\":[{\"@type\":\"SearchAction\",\"target\":{\"@type\":\"EntryPoint\",\"urlTemplate\":\"https:\\\/\\\/hundtgroup.com\\\/cs\\\/?s={search_term_string}\"},\"query-input\":{\"@type\":\"PropertyValueSpecification\",\"valueRequired\":true,\"valueName\":\"search_term_string\"}}],\"inLanguage\":\"cs\"}]}<\/script>\n<!-- \/ Yoast SEO plugin. -->","yoast_head_json":{"title":"Vrtac\u00ed \u0161roubov\u00e1k Makita DP2010J - Wilhelm Hundt GmbH","robots":{"index":"index","follow":"follow","max-snippet":"max-snippet:-1","max-image-preview":"max-image-preview:large","max-video-preview":"max-video-preview:-1"},"canonical":"https:\/\/hundtgroup.com\/cs\/produkt\/vrtaci-sroubovak-makita-dp2010j\/","og_locale":"cs_CZ","og_type":"article","og_title":"Vrtac\u00ed \u0161roubov\u00e1k Makita DP2010J - Wilhelm Hundt GmbH","og_description":"Kompaktn\u00ed vysokorychlostn\u00ed vrta\u010dka s p\u0159\u00edkonem 370 W. Za\u0159\u00edzen\u00ed m\u00e1 prom\u011bnliv\u00e9 ot\u00e1\u010dky v rozmez\u00ed 0 a\u017e 4200 ot\/min a je ide\u00e1ln\u00ed pro mont\u00e9ry klimatiza\u010dn\u00edch syst\u00e9m\u016f pro vrt\u00e1n\u00ed mal\u00fdch pr\u016fm\u011br\u016f otvor\u016f, nap\u0159. pro slep\u00e9 n\u00fdty. S krou\u017ekov\u00fdm skl\u00ed\u010didlem s \u0161\u00ed\u0159kou upnut\u00ed 0,5 a\u017e 6,5 mm.","og_url":"https:\/\/hundtgroup.com\/cs\/produkt\/vrtaci-sroubovak-makita-dp2010j\/","og_site_name":"Wilhelm Hundt GmbH","article_modified_time":"2025-07-28T14:43:25+00:00","og_image":[{"width":1000,"height":952,"url":"https:\/\/hundtgroup.com\/wp-content\/uploads\/316501.jpg","type":"image\/jpeg"}],"twitter_card":"summary_large_image","schema":{"@context":"https:\/\/schema.org","@graph":[{"@type":"WebPage","@id":"https:\/\/hundtgroup.com\/cs\/produkt\/vrtaci-sroubovak-makita-dp2010j\/","url":"https:\/\/hundtgroup.com\/cs\/produkt\/vrtaci-sroubovak-makita-dp2010j\/","name":"Vrtac\u00ed \u0161roubov\u00e1k Makita DP2010J - Wilhelm Hundt GmbH","isPartOf":{"@id":"https:\/\/hundtgroup.com\/cs\/#website"},"primaryImageOfPage":{"@id":"https:\/\/hundtgroup.com\/cs\/produkt\/vrtaci-sroubovak-makita-dp2010j\/#primaryimage"},"image":{"@id":"https:\/\/hundtgroup.com\/cs\/produkt\/vrtaci-sroubovak-makita-dp2010j\/#primaryimage"},"thumbnailUrl":"https:\/\/hundtgroup.com\/wp-content\/uploads\/316501.jpg","datePublished":"2025-06-18T16:31:36+00:00","dateModified":"2025-07-28T14:43:25+00:00","breadcrumb":{"@id":"https:\/\/hundtgroup.com\/cs\/produkt\/vrtaci-sroubovak-makita-dp2010j\/#breadcrumb"},"inLanguage":"cs","potentialAction":[{"@type":"ReadAction","target":["https:\/\/hundtgroup.com\/cs\/produkt\/vrtaci-sroubovak-makita-dp2010j\/"]}]},{"@type":"ImageObject","inLanguage":"cs","@id":"https:\/\/hundtgroup.com\/cs\/produkt\/vrtaci-sroubovak-makita-dp2010j\/#primaryimage","url":"https:\/\/hundtgroup.com\/wp-content\/uploads\/316501.jpg","contentUrl":"https:\/\/hundtgroup.com\/wp-content\/uploads\/316501.jpg","width":1000,"height":952},{"@type":"BreadcrumbList","@id":"https:\/\/hundtgroup.com\/cs\/produkt\/vrtaci-sroubovak-makita-dp2010j\/#breadcrumb","itemListElement":[{"@type":"ListItem","position":1,"name":"Startseite","item":"https:\/\/hundtgroup.com\/cs\/home-nove\/"},{"@type":"ListItem","position":2,"name":"Obchod","item":"https:\/\/hundtgroup.com\/obchod\/"},{"@type":"ListItem","position":3,"name":"Vrtac\u00ed \u0161roubov\u00e1k Makita DP2010J"}]},{"@type":"WebSite","@id":"https:\/\/hundtgroup.com\/cs\/#website","url":"https:\/\/hundtgroup.com\/cs\/","name":"Wilhelm Hundt GmbH","description":"V\u00e1\u0161 specialista na stroje a n\u00e1stroje pro zpracov\u00e1n\u00ed plechu","potentialAction":[{"@type":"SearchAction","target":{"@type":"EntryPoint","urlTemplate":"https:\/\/hundtgroup.com\/cs\/?s={search_term_string}"},"query-input":{"@type":"PropertyValueSpecification","valueRequired":true,"valueName":"search_term_string"}}],"inLanguage":"cs"}]}},"_links":{"self":[{"href":"https:\/\/hundtgroup.com\/cs\/wp-json\/wp\/v2\/product\/37323","targetHints":{"allow":["GET"]}}],"collection":[{"href":"https:\/\/hundtgroup.com\/cs\/wp-json\/wp\/v2\/product"}],"about":[{"href":"https:\/\/hundtgroup.com\/cs\/wp-json\/wp\/v2\/types\/product"}],"wp:featuredmedia":[{"embeddable":true,"href":"https:\/\/hundtgroup.com\/cs\/wp-json\/wp\/v2\/media\/35313"}],"wp:attachment":[{"href":"https:\/\/hundtgroup.com\/cs\/wp-json\/wp\/v2\/media?parent=37323"}],"wp:term":[{"taxonomy":"product_cat","embeddable":true,"href":"https:\/\/hundtgroup.com\/cs\/wp-json\/wp\/v2\/product_cat?post=37323"},{"taxonomy":"product_tag","embeddable":true,"href":"https:\/\/hundtgroup.com\/cs\/wp-json\/wp\/v2\/product_tag?post=37323"}],"curies":[{"name":"wp","href":"https:\/\/api.w.org\/{rel}","templated":true}]}}