{"id":37592,"date":"2025-06-18T18:32:05","date_gmt":"2025-06-18T16:32:05","guid":{"rendered":"https:\/\/hundtgroup.com\/produkt\/postroj-artex-ax11\/"},"modified":"2025-08-05T18:09:20","modified_gmt":"2025-08-05T16:09:20","slug":"postroj-artex-ax11","status":"publish","type":"product","link":"https:\/\/hundtgroup.com\/cs\/produkt\/postroj-artex-ax11\/","title":{"rendered":"Postroj Artex AX11"},"content":{"rendered":"<p>O\u010dko pro zachycen\u00ed p\u00e1du v oblasti ramen, rychloup\u00ednac\u00ed uz\u00e1v\u011br na bedern\u00edm a nohavicov\u00e9m popruhu, nastaviteln\u00e1 d\u00e9lka ramenn\u00edch, bedern\u00edch a nohavicov\u00fdch popruh\u016f, vhodn\u00e9 pro n\u00e1sleduj\u00edc\u00ed pou\u017eit\u00ed: zachycen\u00ed, dr\u017een\u00ed, z\u00e1chrana. Nutn\u00e9 jsou tak\u00e9 \u0161\u0148\u016fry s tlumi\u010di n\u00e1raz\u016f. \u0160\u00ed\u0159ka opasku: 45 mm, materi\u00e1l opasku: polyamid, norma EN 361.  <\/p>\n","protected":false},"excerpt":{"rendered":"<p>O\u010dko pro zachycen\u00ed p\u00e1du v oblasti ramen, rychloup\u00ednac\u00ed uz\u00e1v\u011br na bedern\u00edm a nohavicov\u00e9m popruhu, nastaviteln\u00e1 d\u00e9lka ramenn\u00edch, bedern\u00edch a nohavicov\u00fdch popruh\u016f, vhodn\u00e9 pro n\u00e1sleduj\u00edc\u00ed pou\u017eit\u00ed: zachycen\u00ed, dr\u017een\u00ed, z\u00e1chrana. Nutn\u00e9 jsou tak\u00e9 \u0161\u0148\u016fry s tlumi\u010di n\u00e1raz\u016f. \u0160\u00ed\u0159ka opasku: 45 mm, materi\u00e1l opasku: polyamid, norma EN 361.<\/p>\n","protected":false},"featured_media":35243,"template":"","meta":{"_acf_changed":false,"inline_featured_image":false},"product_cat":[1720,1547],"product_tag":[],"class_list":{"0":"post-37592","1":"product","2":"type-product","3":"status-publish","4":"has-post-thumbnail","6":"brand-delta-plus","7":"product_cat-ochrana-proti-padu","8":"product_cat-bezpecnost-prace","10":"first","11":"instock","12":"taxable","13":"shipping-taxable","14":"purchasable","15":"product-type-simple","16":"add-to-wishlist-before_image"},"acf":[],"yoast_head":"<!-- This site is optimized with the Yoast SEO plugin v27.3 - https:\/\/yoast.com\/product\/yoast-seo-wordpress\/ -->\n<title>Postroj Artex AX11 - Wilhelm Hundt GmbH<\/title>\n<meta name=\"robots\" content=\"index, follow, max-snippet:-1, max-image-preview:large, max-video-preview:-1\" \/>\n<link rel=\"canonical\" href=\"https:\/\/hundtgroup.com\/cs\/produkt\/postroj-artex-ax11\/\" \/>\n<meta property=\"og:locale\" content=\"cs_CZ\" \/>\n<meta property=\"og:type\" content=\"article\" \/>\n<meta property=\"og:title\" content=\"Postroj Artex AX11 - Wilhelm Hundt GmbH\" \/>\n<meta property=\"og:description\" content=\"O\u010dko pro zachycen\u00ed p\u00e1du v oblasti ramen, rychloup\u00ednac\u00ed uz\u00e1v\u011br na bedern\u00edm a nohavicov\u00e9m popruhu, nastaviteln\u00e1 d\u00e9lka ramenn\u00edch, bedern\u00edch a nohavicov\u00fdch popruh\u016f, vhodn\u00e9 pro n\u00e1sleduj\u00edc\u00ed pou\u017eit\u00ed: zachycen\u00ed, dr\u017een\u00ed, z\u00e1chrana. Nutn\u00e9 jsou tak\u00e9 \u0161\u0148\u016fry s tlumi\u010di n\u00e1raz\u016f. \u0160\u00ed\u0159ka opasku: 45 mm, materi\u00e1l opasku: polyamid, norma EN 361.\" \/>\n<meta property=\"og:url\" content=\"https:\/\/hundtgroup.com\/cs\/produkt\/postroj-artex-ax11\/\" \/>\n<meta property=\"og:site_name\" content=\"Wilhelm Hundt GmbH\" \/>\n<meta property=\"article:modified_time\" content=\"2025-08-05T16:09:20+00:00\" \/>\n<meta property=\"og:image\" content=\"https:\/\/hundtgroup.com\/wp-content\/uploads\/290161.jpg\" \/>\n\t<meta property=\"og:image:width\" content=\"400\" \/>\n\t<meta property=\"og:image:height\" content=\"787\" \/>\n\t<meta property=\"og:image:type\" content=\"image\/jpeg\" \/>\n<meta name=\"twitter:card\" content=\"summary_large_image\" \/>\n<script type=\"application\/ld+json\" class=\"yoast-schema-graph\">{\"@context\":\"https:\\\/\\\/schema.org\",\"@graph\":[{\"@type\":\"WebPage\",\"@id\":\"https:\\\/\\\/hundtgroup.com\\\/cs\\\/produkt\\\/postroj-artex-ax11\\\/\",\"url\":\"https:\\\/\\\/hundtgroup.com\\\/cs\\\/produkt\\\/postroj-artex-ax11\\\/\",\"name\":\"Postroj Artex AX11 - Wilhelm Hundt GmbH\",\"isPartOf\":{\"@id\":\"https:\\\/\\\/hundtgroup.com\\\/cs\\\/#website\"},\"primaryImageOfPage\":{\"@id\":\"https:\\\/\\\/hundtgroup.com\\\/cs\\\/produkt\\\/postroj-artex-ax11\\\/#primaryimage\"},\"image\":{\"@id\":\"https:\\\/\\\/hundtgroup.com\\\/cs\\\/produkt\\\/postroj-artex-ax11\\\/#primaryimage\"},\"thumbnailUrl\":\"https:\\\/\\\/hundtgroup.com\\\/wp-content\\\/uploads\\\/290161.jpg\",\"datePublished\":\"2025-06-18T16:32:05+00:00\",\"dateModified\":\"2025-08-05T16:09:20+00:00\",\"breadcrumb\":{\"@id\":\"https:\\\/\\\/hundtgroup.com\\\/cs\\\/produkt\\\/postroj-artex-ax11\\\/#breadcrumb\"},\"inLanguage\":\"cs\",\"potentialAction\":[{\"@type\":\"ReadAction\",\"target\":[\"https:\\\/\\\/hundtgroup.com\\\/cs\\\/produkt\\\/postroj-artex-ax11\\\/\"]}]},{\"@type\":\"ImageObject\",\"inLanguage\":\"cs\",\"@id\":\"https:\\\/\\\/hundtgroup.com\\\/cs\\\/produkt\\\/postroj-artex-ax11\\\/#primaryimage\",\"url\":\"https:\\\/\\\/hundtgroup.com\\\/wp-content\\\/uploads\\\/290161.jpg\",\"contentUrl\":\"https:\\\/\\\/hundtgroup.com\\\/wp-content\\\/uploads\\\/290161.jpg\",\"width\":400,\"height\":787},{\"@type\":\"BreadcrumbList\",\"@id\":\"https:\\\/\\\/hundtgroup.com\\\/cs\\\/produkt\\\/postroj-artex-ax11\\\/#breadcrumb\",\"itemListElement\":[{\"@type\":\"ListItem\",\"position\":1,\"name\":\"Startseite\",\"item\":\"https:\\\/\\\/hundtgroup.com\\\/cs\\\/home-nove\\\/\"},{\"@type\":\"ListItem\",\"position\":2,\"name\":\"Obchod\",\"item\":\"https:\\\/\\\/hundtgroup.com\\\/obchod\\\/\"},{\"@type\":\"ListItem\",\"position\":3,\"name\":\"Postroj Artex AX11\"}]},{\"@type\":\"WebSite\",\"@id\":\"https:\\\/\\\/hundtgroup.com\\\/cs\\\/#website\",\"url\":\"https:\\\/\\\/hundtgroup.com\\\/cs\\\/\",\"name\":\"Wilhelm Hundt GmbH\",\"description\":\"V\u00e1\u0161 specialista na stroje a n\u00e1stroje pro zpracov\u00e1n\u00ed plechu\",\"potentialAction\":[{\"@type\":\"SearchAction\",\"target\":{\"@type\":\"EntryPoint\",\"urlTemplate\":\"https:\\\/\\\/hundtgroup.com\\\/cs\\\/?s={search_term_string}\"},\"query-input\":{\"@type\":\"PropertyValueSpecification\",\"valueRequired\":true,\"valueName\":\"search_term_string\"}}],\"inLanguage\":\"cs\"}]}<\/script>\n<!-- \/ Yoast SEO plugin. -->","yoast_head_json":{"title":"Postroj Artex AX11 - Wilhelm Hundt GmbH","robots":{"index":"index","follow":"follow","max-snippet":"max-snippet:-1","max-image-preview":"max-image-preview:large","max-video-preview":"max-video-preview:-1"},"canonical":"https:\/\/hundtgroup.com\/cs\/produkt\/postroj-artex-ax11\/","og_locale":"cs_CZ","og_type":"article","og_title":"Postroj Artex AX11 - Wilhelm Hundt GmbH","og_description":"O\u010dko pro zachycen\u00ed p\u00e1du v oblasti ramen, rychloup\u00ednac\u00ed uz\u00e1v\u011br na bedern\u00edm a nohavicov\u00e9m popruhu, nastaviteln\u00e1 d\u00e9lka ramenn\u00edch, bedern\u00edch a nohavicov\u00fdch popruh\u016f, vhodn\u00e9 pro n\u00e1sleduj\u00edc\u00ed pou\u017eit\u00ed: zachycen\u00ed, dr\u017een\u00ed, z\u00e1chrana. Nutn\u00e9 jsou tak\u00e9 \u0161\u0148\u016fry s tlumi\u010di n\u00e1raz\u016f. \u0160\u00ed\u0159ka opasku: 45 mm, materi\u00e1l opasku: polyamid, norma EN 361.","og_url":"https:\/\/hundtgroup.com\/cs\/produkt\/postroj-artex-ax11\/","og_site_name":"Wilhelm Hundt GmbH","article_modified_time":"2025-08-05T16:09:20+00:00","og_image":[{"width":400,"height":787,"url":"https:\/\/hundtgroup.com\/wp-content\/uploads\/290161.jpg","type":"image\/jpeg"}],"twitter_card":"summary_large_image","schema":{"@context":"https:\/\/schema.org","@graph":[{"@type":"WebPage","@id":"https:\/\/hundtgroup.com\/cs\/produkt\/postroj-artex-ax11\/","url":"https:\/\/hundtgroup.com\/cs\/produkt\/postroj-artex-ax11\/","name":"Postroj Artex AX11 - Wilhelm Hundt GmbH","isPartOf":{"@id":"https:\/\/hundtgroup.com\/cs\/#website"},"primaryImageOfPage":{"@id":"https:\/\/hundtgroup.com\/cs\/produkt\/postroj-artex-ax11\/#primaryimage"},"image":{"@id":"https:\/\/hundtgroup.com\/cs\/produkt\/postroj-artex-ax11\/#primaryimage"},"thumbnailUrl":"https:\/\/hundtgroup.com\/wp-content\/uploads\/290161.jpg","datePublished":"2025-06-18T16:32:05+00:00","dateModified":"2025-08-05T16:09:20+00:00","breadcrumb":{"@id":"https:\/\/hundtgroup.com\/cs\/produkt\/postroj-artex-ax11\/#breadcrumb"},"inLanguage":"cs","potentialAction":[{"@type":"ReadAction","target":["https:\/\/hundtgroup.com\/cs\/produkt\/postroj-artex-ax11\/"]}]},{"@type":"ImageObject","inLanguage":"cs","@id":"https:\/\/hundtgroup.com\/cs\/produkt\/postroj-artex-ax11\/#primaryimage","url":"https:\/\/hundtgroup.com\/wp-content\/uploads\/290161.jpg","contentUrl":"https:\/\/hundtgroup.com\/wp-content\/uploads\/290161.jpg","width":400,"height":787},{"@type":"BreadcrumbList","@id":"https:\/\/hundtgroup.com\/cs\/produkt\/postroj-artex-ax11\/#breadcrumb","itemListElement":[{"@type":"ListItem","position":1,"name":"Startseite","item":"https:\/\/hundtgroup.com\/cs\/home-nove\/"},{"@type":"ListItem","position":2,"name":"Obchod","item":"https:\/\/hundtgroup.com\/obchod\/"},{"@type":"ListItem","position":3,"name":"Postroj Artex AX11"}]},{"@type":"WebSite","@id":"https:\/\/hundtgroup.com\/cs\/#website","url":"https:\/\/hundtgroup.com\/cs\/","name":"Wilhelm Hundt GmbH","description":"V\u00e1\u0161 specialista na stroje a n\u00e1stroje pro zpracov\u00e1n\u00ed plechu","potentialAction":[{"@type":"SearchAction","target":{"@type":"EntryPoint","urlTemplate":"https:\/\/hundtgroup.com\/cs\/?s={search_term_string}"},"query-input":{"@type":"PropertyValueSpecification","valueRequired":true,"valueName":"search_term_string"}}],"inLanguage":"cs"}]}},"_links":{"self":[{"href":"https:\/\/hundtgroup.com\/cs\/wp-json\/wp\/v2\/product\/37592","targetHints":{"allow":["GET"]}}],"collection":[{"href":"https:\/\/hundtgroup.com\/cs\/wp-json\/wp\/v2\/product"}],"about":[{"href":"https:\/\/hundtgroup.com\/cs\/wp-json\/wp\/v2\/types\/product"}],"wp:featuredmedia":[{"embeddable":true,"href":"https:\/\/hundtgroup.com\/cs\/wp-json\/wp\/v2\/media\/35243"}],"wp:attachment":[{"href":"https:\/\/hundtgroup.com\/cs\/wp-json\/wp\/v2\/media?parent=37592"}],"wp:term":[{"taxonomy":"product_cat","embeddable":true,"href":"https:\/\/hundtgroup.com\/cs\/wp-json\/wp\/v2\/product_cat?post=37592"},{"taxonomy":"product_tag","embeddable":true,"href":"https:\/\/hundtgroup.com\/cs\/wp-json\/wp\/v2\/product_tag?post=37592"}],"curies":[{"name":"wp","href":"https:\/\/api.w.org\/{rel}","templated":true}]}}