{"id":40449,"date":"2026-01-28T10:17:39","date_gmt":"2026-01-28T09:17:39","guid":{"rendered":"https:\/\/hundtgroup.com\/produkt\/akumulatorova-priklepova-vrtacka-bosch-exsb18v-150-55-ah-a-80-ah\/"},"modified":"2026-01-28T10:17:39","modified_gmt":"2026-01-28T09:17:39","slug":"akumulatorova-priklepova-vrtacka-bosch-exsb18v-150-55-ah-a-80-ah","status":"publish","type":"product","link":"https:\/\/hundtgroup.com\/cs\/produkt\/akumulatorova-priklepova-vrtacka-bosch-exsb18v-150-55-ah-a-80-ah\/","title":{"rendered":"Akumul\u00e1torov\u00e1 p\u0159\u00edklepov\u00e1 vrta\u010dka Bosch EXSB18V-150 5,5 Ah a 8,0 Ah"},"content":{"rendered":"<p>A\u017e o 75 % vy\u0161\u0161\u00ed v\u00fdkon ne\u017e GSB 18V-110 C Professional\u00b9<br \/>\nExtr\u00e9mn\u00ed v\u00fdkon: max. to\u010div\u00fd moment 150 Nm. To\u010div\u00fd moment, ide\u00e1ln\u00ed pro vrt\u00e1n\u00ed do kovu s \u00d8 16 mm, \u0159ez\u00e1n\u00ed d\u011br do d\u0159eva s \u00d8 150 mm a do zdiva s \u00d8 20 mm<br \/>\nBITURBO BRUSHLESS: Vysoce v\u00fdkonn\u00fd motor a pohonn\u00fd syst\u00e9m, navr\u017een\u00fd pro extr\u00e9mn\u00ed v\u00fdkon akumul\u00e1tor\u016f EXPERT<br \/>\nPokro\u010dil\u00e1 ochrana u\u017eivatele: KickBack Control (zapnut\u00ed\/vypnut\u00ed) minimalizuje riziko zran\u011bn\u00ed t\u00edm, \u017ee se vypne, pokud se vrt\u00e1k zasekne<br \/>\nElektronick\u00e1 detekce \u00fahlu: Vkl\u00e1d\u00e1n\u00ed \u0161roub\u016f do tr\u00e1m\u016f pod nastaviteln\u00fdm \u00fahlem pro vytvo\u0159en\u00ed robustn\u00ed konstrukce. <\/p>\n","protected":false},"excerpt":{"rendered":"<p>A\u017e o 75 % vy\u0161\u0161\u00ed v\u00fdkon ne\u017e GSB 18V-110 C Professional\u00b9 Extr\u00e9mn\u00ed v\u00fdkon: max. to\u010div\u00fd moment 150 Nm. To\u010div\u00fd moment, ide\u00e1ln\u00ed pro vrt\u00e1n\u00ed do kovu s \u00d8 16 mm, \u0159ez\u00e1n\u00ed d\u011br do d\u0159eva s \u00d8 150 mm a do zdiva s \u00d8 20 mm BITURBO BRUSHLESS: Vysoce v\u00fdkonn\u00fd motor a pohonn\u00fd syst\u00e9m, navr\u017een\u00fd pro extr\u00e9mn\u00ed [&hellip;]<\/p>\n","protected":false},"featured_media":40451,"template":"","meta":{"_acf_changed":false,"inline_featured_image":false},"product_cat":[3259,649],"product_tag":[],"class_list":{"0":"post-40449","1":"product","2":"type-product","3":"status-publish","4":"has-post-thumbnail","6":"brand-bosch-expert","7":"product_cat-priklepova-vrtacka","8":"product_cat-bateriove-nastroje","10":"first","11":"instock","12":"taxable","13":"shipping-taxable","14":"purchasable","15":"product-type-simple","16":"add-to-wishlist-before_image"},"acf":[],"yoast_head":"<!-- This site is optimized with the Yoast SEO plugin v27.3 - https:\/\/yoast.com\/product\/yoast-seo-wordpress\/ -->\n<title>Akumul\u00e1torov\u00e1 p\u0159\u00edklepov\u00e1 vrta\u010dka Bosch EXSB18V-150 5,5 Ah a 8,0 Ah - Wilhelm Hundt GmbH<\/title>\n<meta name=\"robots\" content=\"index, follow, max-snippet:-1, max-image-preview:large, max-video-preview:-1\" \/>\n<link rel=\"canonical\" href=\"https:\/\/hundtgroup.com\/cs\/produkt\/akumulatorova-priklepova-vrtacka-bosch-exsb18v-150-55-ah-a-80-ah\/\" \/>\n<meta property=\"og:locale\" content=\"cs_CZ\" \/>\n<meta property=\"og:type\" content=\"article\" \/>\n<meta property=\"og:title\" content=\"Akumul\u00e1torov\u00e1 p\u0159\u00edklepov\u00e1 vrta\u010dka Bosch EXSB18V-150 5,5 Ah a 8,0 Ah - Wilhelm Hundt GmbH\" \/>\n<meta property=\"og:description\" content=\"A\u017e o 75 % vy\u0161\u0161\u00ed v\u00fdkon ne\u017e GSB 18V-110 C Professional\u00b9 Extr\u00e9mn\u00ed v\u00fdkon: max. to\u010div\u00fd moment 150 Nm. To\u010div\u00fd moment, ide\u00e1ln\u00ed pro vrt\u00e1n\u00ed do kovu s \u00d8 16 mm, \u0159ez\u00e1n\u00ed d\u011br do d\u0159eva s \u00d8 150 mm a do zdiva s \u00d8 20 mm BITURBO BRUSHLESS: Vysoce v\u00fdkonn\u00fd motor a pohonn\u00fd syst\u00e9m, navr\u017een\u00fd pro extr\u00e9mn\u00ed [&hellip;]\" \/>\n<meta property=\"og:url\" content=\"https:\/\/hundtgroup.com\/cs\/produkt\/akumulatorova-priklepova-vrtacka-bosch-exsb18v-150-55-ah-a-80-ah\/\" \/>\n<meta property=\"og:site_name\" content=\"Wilhelm Hundt GmbH\" \/>\n<meta property=\"og:image\" content=\"https:\/\/hundtgroup.com\/wp-content\/uploads\/340824.jpg\" \/>\n\t<meta property=\"og:image:width\" content=\"600\" \/>\n\t<meta property=\"og:image:height\" content=\"600\" \/>\n\t<meta property=\"og:image:type\" content=\"image\/jpeg\" \/>\n<meta name=\"twitter:card\" content=\"summary_large_image\" \/>\n<meta name=\"twitter:label1\" content=\"Odhadovan\u00e1 doba \u010dten\u00ed\" \/>\n\t<meta name=\"twitter:data1\" content=\"1 minuta\" \/>\n<script type=\"application\/ld+json\" class=\"yoast-schema-graph\">{\"@context\":\"https:\\\/\\\/schema.org\",\"@graph\":[{\"@type\":\"WebPage\",\"@id\":\"https:\\\/\\\/hundtgroup.com\\\/cs\\\/produkt\\\/akumulatorova-priklepova-vrtacka-bosch-exsb18v-150-55-ah-a-80-ah\\\/\",\"url\":\"https:\\\/\\\/hundtgroup.com\\\/cs\\\/produkt\\\/akumulatorova-priklepova-vrtacka-bosch-exsb18v-150-55-ah-a-80-ah\\\/\",\"name\":\"Akumul\u00e1torov\u00e1 p\u0159\u00edklepov\u00e1 vrta\u010dka Bosch EXSB18V-150 5,5 Ah a 8,0 Ah - Wilhelm Hundt GmbH\",\"isPartOf\":{\"@id\":\"https:\\\/\\\/hundtgroup.com\\\/cs\\\/#website\"},\"primaryImageOfPage\":{\"@id\":\"https:\\\/\\\/hundtgroup.com\\\/cs\\\/produkt\\\/akumulatorova-priklepova-vrtacka-bosch-exsb18v-150-55-ah-a-80-ah\\\/#primaryimage\"},\"image\":{\"@id\":\"https:\\\/\\\/hundtgroup.com\\\/cs\\\/produkt\\\/akumulatorova-priklepova-vrtacka-bosch-exsb18v-150-55-ah-a-80-ah\\\/#primaryimage\"},\"thumbnailUrl\":\"https:\\\/\\\/hundtgroup.com\\\/wp-content\\\/uploads\\\/340824.jpg\",\"datePublished\":\"2026-01-28T09:17:39+00:00\",\"breadcrumb\":{\"@id\":\"https:\\\/\\\/hundtgroup.com\\\/cs\\\/produkt\\\/akumulatorova-priklepova-vrtacka-bosch-exsb18v-150-55-ah-a-80-ah\\\/#breadcrumb\"},\"inLanguage\":\"cs\",\"potentialAction\":[{\"@type\":\"ReadAction\",\"target\":[\"https:\\\/\\\/hundtgroup.com\\\/cs\\\/produkt\\\/akumulatorova-priklepova-vrtacka-bosch-exsb18v-150-55-ah-a-80-ah\\\/\"]}]},{\"@type\":\"ImageObject\",\"inLanguage\":\"cs\",\"@id\":\"https:\\\/\\\/hundtgroup.com\\\/cs\\\/produkt\\\/akumulatorova-priklepova-vrtacka-bosch-exsb18v-150-55-ah-a-80-ah\\\/#primaryimage\",\"url\":\"https:\\\/\\\/hundtgroup.com\\\/wp-content\\\/uploads\\\/340824.jpg\",\"contentUrl\":\"https:\\\/\\\/hundtgroup.com\\\/wp-content\\\/uploads\\\/340824.jpg\",\"width\":600,\"height\":600},{\"@type\":\"BreadcrumbList\",\"@id\":\"https:\\\/\\\/hundtgroup.com\\\/cs\\\/produkt\\\/akumulatorova-priklepova-vrtacka-bosch-exsb18v-150-55-ah-a-80-ah\\\/#breadcrumb\",\"itemListElement\":[{\"@type\":\"ListItem\",\"position\":1,\"name\":\"Startseite\",\"item\":\"https:\\\/\\\/hundtgroup.com\\\/cs\\\/home-nove\\\/\"},{\"@type\":\"ListItem\",\"position\":2,\"name\":\"Obchod\",\"item\":\"https:\\\/\\\/hundtgroup.com\\\/obchod\\\/\"},{\"@type\":\"ListItem\",\"position\":3,\"name\":\"Akumul\u00e1torov\u00e1 p\u0159\u00edklepov\u00e1 vrta\u010dka Bosch EXSB18V-150 5,5 Ah a 8,0 Ah\"}]},{\"@type\":\"WebSite\",\"@id\":\"https:\\\/\\\/hundtgroup.com\\\/cs\\\/#website\",\"url\":\"https:\\\/\\\/hundtgroup.com\\\/cs\\\/\",\"name\":\"Wilhelm Hundt GmbH\",\"description\":\"V\u00e1\u0161 specialista na stroje a n\u00e1stroje pro zpracov\u00e1n\u00ed plechu\",\"potentialAction\":[{\"@type\":\"SearchAction\",\"target\":{\"@type\":\"EntryPoint\",\"urlTemplate\":\"https:\\\/\\\/hundtgroup.com\\\/cs\\\/?s={search_term_string}\"},\"query-input\":{\"@type\":\"PropertyValueSpecification\",\"valueRequired\":true,\"valueName\":\"search_term_string\"}}],\"inLanguage\":\"cs\"}]}<\/script>\n<!-- \/ Yoast SEO plugin. -->","yoast_head_json":{"title":"Akumul\u00e1torov\u00e1 p\u0159\u00edklepov\u00e1 vrta\u010dka Bosch EXSB18V-150 5,5 Ah a 8,0 Ah - Wilhelm Hundt GmbH","robots":{"index":"index","follow":"follow","max-snippet":"max-snippet:-1","max-image-preview":"max-image-preview:large","max-video-preview":"max-video-preview:-1"},"canonical":"https:\/\/hundtgroup.com\/cs\/produkt\/akumulatorova-priklepova-vrtacka-bosch-exsb18v-150-55-ah-a-80-ah\/","og_locale":"cs_CZ","og_type":"article","og_title":"Akumul\u00e1torov\u00e1 p\u0159\u00edklepov\u00e1 vrta\u010dka Bosch EXSB18V-150 5,5 Ah a 8,0 Ah - Wilhelm Hundt GmbH","og_description":"A\u017e o 75 % vy\u0161\u0161\u00ed v\u00fdkon ne\u017e GSB 18V-110 C Professional\u00b9 Extr\u00e9mn\u00ed v\u00fdkon: max. to\u010div\u00fd moment 150 Nm. To\u010div\u00fd moment, ide\u00e1ln\u00ed pro vrt\u00e1n\u00ed do kovu s \u00d8 16 mm, \u0159ez\u00e1n\u00ed d\u011br do d\u0159eva s \u00d8 150 mm a do zdiva s \u00d8 20 mm BITURBO BRUSHLESS: Vysoce v\u00fdkonn\u00fd motor a pohonn\u00fd syst\u00e9m, navr\u017een\u00fd pro extr\u00e9mn\u00ed [&hellip;]","og_url":"https:\/\/hundtgroup.com\/cs\/produkt\/akumulatorova-priklepova-vrtacka-bosch-exsb18v-150-55-ah-a-80-ah\/","og_site_name":"Wilhelm Hundt GmbH","og_image":[{"width":600,"height":600,"url":"https:\/\/hundtgroup.com\/wp-content\/uploads\/340824.jpg","type":"image\/jpeg"}],"twitter_card":"summary_large_image","twitter_misc":{"Odhadovan\u00e1 doba \u010dten\u00ed":"1 minuta"},"schema":{"@context":"https:\/\/schema.org","@graph":[{"@type":"WebPage","@id":"https:\/\/hundtgroup.com\/cs\/produkt\/akumulatorova-priklepova-vrtacka-bosch-exsb18v-150-55-ah-a-80-ah\/","url":"https:\/\/hundtgroup.com\/cs\/produkt\/akumulatorova-priklepova-vrtacka-bosch-exsb18v-150-55-ah-a-80-ah\/","name":"Akumul\u00e1torov\u00e1 p\u0159\u00edklepov\u00e1 vrta\u010dka Bosch EXSB18V-150 5,5 Ah a 8,0 Ah - Wilhelm Hundt GmbH","isPartOf":{"@id":"https:\/\/hundtgroup.com\/cs\/#website"},"primaryImageOfPage":{"@id":"https:\/\/hundtgroup.com\/cs\/produkt\/akumulatorova-priklepova-vrtacka-bosch-exsb18v-150-55-ah-a-80-ah\/#primaryimage"},"image":{"@id":"https:\/\/hundtgroup.com\/cs\/produkt\/akumulatorova-priklepova-vrtacka-bosch-exsb18v-150-55-ah-a-80-ah\/#primaryimage"},"thumbnailUrl":"https:\/\/hundtgroup.com\/wp-content\/uploads\/340824.jpg","datePublished":"2026-01-28T09:17:39+00:00","breadcrumb":{"@id":"https:\/\/hundtgroup.com\/cs\/produkt\/akumulatorova-priklepova-vrtacka-bosch-exsb18v-150-55-ah-a-80-ah\/#breadcrumb"},"inLanguage":"cs","potentialAction":[{"@type":"ReadAction","target":["https:\/\/hundtgroup.com\/cs\/produkt\/akumulatorova-priklepova-vrtacka-bosch-exsb18v-150-55-ah-a-80-ah\/"]}]},{"@type":"ImageObject","inLanguage":"cs","@id":"https:\/\/hundtgroup.com\/cs\/produkt\/akumulatorova-priklepova-vrtacka-bosch-exsb18v-150-55-ah-a-80-ah\/#primaryimage","url":"https:\/\/hundtgroup.com\/wp-content\/uploads\/340824.jpg","contentUrl":"https:\/\/hundtgroup.com\/wp-content\/uploads\/340824.jpg","width":600,"height":600},{"@type":"BreadcrumbList","@id":"https:\/\/hundtgroup.com\/cs\/produkt\/akumulatorova-priklepova-vrtacka-bosch-exsb18v-150-55-ah-a-80-ah\/#breadcrumb","itemListElement":[{"@type":"ListItem","position":1,"name":"Startseite","item":"https:\/\/hundtgroup.com\/cs\/home-nove\/"},{"@type":"ListItem","position":2,"name":"Obchod","item":"https:\/\/hundtgroup.com\/obchod\/"},{"@type":"ListItem","position":3,"name":"Akumul\u00e1torov\u00e1 p\u0159\u00edklepov\u00e1 vrta\u010dka Bosch EXSB18V-150 5,5 Ah a 8,0 Ah"}]},{"@type":"WebSite","@id":"https:\/\/hundtgroup.com\/cs\/#website","url":"https:\/\/hundtgroup.com\/cs\/","name":"Wilhelm Hundt GmbH","description":"V\u00e1\u0161 specialista na stroje a n\u00e1stroje pro zpracov\u00e1n\u00ed plechu","potentialAction":[{"@type":"SearchAction","target":{"@type":"EntryPoint","urlTemplate":"https:\/\/hundtgroup.com\/cs\/?s={search_term_string}"},"query-input":{"@type":"PropertyValueSpecification","valueRequired":true,"valueName":"search_term_string"}}],"inLanguage":"cs"}]}},"_links":{"self":[{"href":"https:\/\/hundtgroup.com\/cs\/wp-json\/wp\/v2\/product\/40449","targetHints":{"allow":["GET"]}}],"collection":[{"href":"https:\/\/hundtgroup.com\/cs\/wp-json\/wp\/v2\/product"}],"about":[{"href":"https:\/\/hundtgroup.com\/cs\/wp-json\/wp\/v2\/types\/product"}],"wp:featuredmedia":[{"embeddable":true,"href":"https:\/\/hundtgroup.com\/cs\/wp-json\/wp\/v2\/media\/40451"}],"wp:attachment":[{"href":"https:\/\/hundtgroup.com\/cs\/wp-json\/wp\/v2\/media?parent=40449"}],"wp:term":[{"taxonomy":"product_cat","embeddable":true,"href":"https:\/\/hundtgroup.com\/cs\/wp-json\/wp\/v2\/product_cat?post=40449"},{"taxonomy":"product_tag","embeddable":true,"href":"https:\/\/hundtgroup.com\/cs\/wp-json\/wp\/v2\/product_tag?post=40449"}],"curies":[{"name":"wp","href":"https:\/\/api.w.org\/{rel}","templated":true}]}}