{"id":40567,"date":"2026-01-28T10:17:44","date_gmt":"2026-01-28T09:17:44","guid":{"rendered":"https:\/\/hundtgroup.com\/produkt\/akumulatorova-uhlova-bruska-bosch-exws18v2-230p-solo\/"},"modified":"2026-01-28T10:17:44","modified_gmt":"2026-01-28T09:17:44","slug":"akumulatorova-uhlova-bruska-bosch-exws18v2-230p-solo","status":"publish","type":"product","link":"https:\/\/hundtgroup.com\/cs\/produkt\/akumulatorova-uhlova-bruska-bosch-exws18v2-230p-solo\/","title":{"rendered":"Akumul\u00e1torov\u00e1 \u00fahlov\u00e1 bruska Bosch EXWS18V2-230P solo"},"content":{"rendered":"<p>Ekvivalent v\u00fdkonu \u0161\u0148\u016frov\u00e9ho n\u00e1\u0159ad\u00ed a\u017e 2700 W<br \/>\nVynikaj\u00edc\u00ed v\u00fdkon: Ekvivalent v\u00fdkonu \u0161\u0148\u016frov\u00e9ho n\u00e1\u0159ad\u00ed a\u017e ?2700 W pro n\u00e1ro\u010dn\u00e9 \u0159ezac\u00ed a brusn\u00e9 aplikace<br \/>\nBITURBO BRUSHLESS: Vysoce v\u00fdkonn\u00fd motor a pohonn\u00fd syst\u00e9m 2&#215;18 V, navr\u017een\u00fd pro extr\u00e9mn\u00ed v\u00fdkon akumul\u00e1tor\u016f EXPERT<br \/>\nOptim\u00e1ln\u00ed ovl\u00e1d\u00e1n\u00ed n\u00e1stroje: Dokonale vyv\u00e1\u017een\u00e1 konstrukce a rota\u010dn\u00ed kryt motoru zaru\u010duj\u00ed nejlep\u0161\u00ed mo\u017en\u00e9 ovl\u00e1d\u00e1n\u00ed a zaji\u0161\u0165uj\u00ed, \u017ee pro v\u0161echny aplikace lze v\u017edy naj\u00edt ide\u00e1ln\u00ed polohu<br \/>\nPokro\u010dil\u00e1 ochrana: KickBack Control minimalizuje riziko poran\u011bn\u00ed t\u00edm, \u017ee se vypne, kdy\u017e je kotou\u010d zablokov\u00e1n.<\/p>\n","protected":false},"excerpt":{"rendered":"<p>Ekvivalent v\u00fdkonu \u0161\u0148\u016frov\u00e9ho n\u00e1\u0159ad\u00ed a\u017e 2700 W Vynikaj\u00edc\u00ed v\u00fdkon: Ekvivalent v\u00fdkonu \u0161\u0148\u016frov\u00e9ho n\u00e1\u0159ad\u00ed a\u017e ?2700 W pro n\u00e1ro\u010dn\u00e9 \u0159ezac\u00ed a brusn\u00e9 aplikace BITURBO BRUSHLESS: Vysoce v\u00fdkonn\u00fd motor a pohonn\u00fd syst\u00e9m 2&#215;18 V, navr\u017een\u00fd pro extr\u00e9mn\u00ed v\u00fdkon akumul\u00e1tor\u016f EXPERT Optim\u00e1ln\u00ed ovl\u00e1d\u00e1n\u00ed n\u00e1stroje: Dokonale vyv\u00e1\u017een\u00e1 konstrukce a rota\u010dn\u00ed kryt motoru zaru\u010duj\u00ed nejlep\u0161\u00ed mo\u017en\u00e9 ovl\u00e1d\u00e1n\u00ed a zaji\u0161\u0165uj\u00ed, \u017ee [&hellip;]<\/p>\n","protected":false},"featured_media":40568,"template":"","meta":{"_acf_changed":false,"inline_featured_image":false},"product_cat":[649,1708],"product_tag":[],"class_list":{"0":"post-40567","1":"product","2":"type-product","3":"status-publish","4":"has-post-thumbnail","6":"brand-bosch-expert","7":"product_cat-bateriove-nastroje","8":"product_cat-uhlova-bruska","10":"first","11":"instock","12":"taxable","13":"shipping-taxable","14":"purchasable","15":"product-type-simple","16":"add-to-wishlist-before_image"},"acf":[],"yoast_head":"<!-- This site is optimized with the Yoast SEO plugin v27.3 - https:\/\/yoast.com\/product\/yoast-seo-wordpress\/ -->\n<title>Akumul\u00e1torov\u00e1 \u00fahlov\u00e1 bruska Bosch EXWS18V2-230P solo - Wilhelm Hundt GmbH<\/title>\n<meta name=\"robots\" content=\"index, follow, max-snippet:-1, max-image-preview:large, max-video-preview:-1\" \/>\n<link rel=\"canonical\" href=\"https:\/\/hundtgroup.com\/cs\/produkt\/akumulatorova-uhlova-bruska-bosch-exws18v2-230p-solo\/\" \/>\n<meta property=\"og:locale\" content=\"cs_CZ\" \/>\n<meta property=\"og:type\" content=\"article\" \/>\n<meta property=\"og:title\" content=\"Akumul\u00e1torov\u00e1 \u00fahlov\u00e1 bruska Bosch EXWS18V2-230P solo - Wilhelm Hundt GmbH\" \/>\n<meta property=\"og:description\" content=\"Ekvivalent v\u00fdkonu \u0161\u0148\u016frov\u00e9ho n\u00e1\u0159ad\u00ed a\u017e 2700 W Vynikaj\u00edc\u00ed v\u00fdkon: Ekvivalent v\u00fdkonu \u0161\u0148\u016frov\u00e9ho n\u00e1\u0159ad\u00ed a\u017e ?2700 W pro n\u00e1ro\u010dn\u00e9 \u0159ezac\u00ed a brusn\u00e9 aplikace BITURBO BRUSHLESS: Vysoce v\u00fdkonn\u00fd motor a pohonn\u00fd syst\u00e9m 2&#215;18 V, navr\u017een\u00fd pro extr\u00e9mn\u00ed v\u00fdkon akumul\u00e1tor\u016f EXPERT Optim\u00e1ln\u00ed ovl\u00e1d\u00e1n\u00ed n\u00e1stroje: Dokonale vyv\u00e1\u017een\u00e1 konstrukce a rota\u010dn\u00ed kryt motoru zaru\u010duj\u00ed nejlep\u0161\u00ed mo\u017en\u00e9 ovl\u00e1d\u00e1n\u00ed a zaji\u0161\u0165uj\u00ed, \u017ee [&hellip;]\" \/>\n<meta property=\"og:url\" content=\"https:\/\/hundtgroup.com\/cs\/produkt\/akumulatorova-uhlova-bruska-bosch-exws18v2-230p-solo\/\" \/>\n<meta property=\"og:site_name\" content=\"Wilhelm Hundt GmbH\" \/>\n<meta property=\"og:image\" content=\"https:\/\/hundtgroup.com\/wp-content\/uploads\/340838.jpg\" \/>\n\t<meta property=\"og:image:width\" content=\"939\" \/>\n\t<meta property=\"og:image:height\" content=\"683\" \/>\n\t<meta property=\"og:image:type\" content=\"image\/jpeg\" \/>\n<meta name=\"twitter:card\" content=\"summary_large_image\" \/>\n<meta name=\"twitter:label1\" content=\"Odhadovan\u00e1 doba \u010dten\u00ed\" \/>\n\t<meta name=\"twitter:data1\" content=\"1 minuta\" \/>\n<script type=\"application\/ld+json\" class=\"yoast-schema-graph\">{\"@context\":\"https:\\\/\\\/schema.org\",\"@graph\":[{\"@type\":\"WebPage\",\"@id\":\"https:\\\/\\\/hundtgroup.com\\\/cs\\\/produkt\\\/akumulatorova-uhlova-bruska-bosch-exws18v2-230p-solo\\\/\",\"url\":\"https:\\\/\\\/hundtgroup.com\\\/cs\\\/produkt\\\/akumulatorova-uhlova-bruska-bosch-exws18v2-230p-solo\\\/\",\"name\":\"Akumul\u00e1torov\u00e1 \u00fahlov\u00e1 bruska Bosch EXWS18V2-230P solo - Wilhelm Hundt GmbH\",\"isPartOf\":{\"@id\":\"https:\\\/\\\/hundtgroup.com\\\/cs\\\/#website\"},\"primaryImageOfPage\":{\"@id\":\"https:\\\/\\\/hundtgroup.com\\\/cs\\\/produkt\\\/akumulatorova-uhlova-bruska-bosch-exws18v2-230p-solo\\\/#primaryimage\"},\"image\":{\"@id\":\"https:\\\/\\\/hundtgroup.com\\\/cs\\\/produkt\\\/akumulatorova-uhlova-bruska-bosch-exws18v2-230p-solo\\\/#primaryimage\"},\"thumbnailUrl\":\"https:\\\/\\\/hundtgroup.com\\\/wp-content\\\/uploads\\\/340838.jpg\",\"datePublished\":\"2026-01-28T09:17:44+00:00\",\"breadcrumb\":{\"@id\":\"https:\\\/\\\/hundtgroup.com\\\/cs\\\/produkt\\\/akumulatorova-uhlova-bruska-bosch-exws18v2-230p-solo\\\/#breadcrumb\"},\"inLanguage\":\"cs\",\"potentialAction\":[{\"@type\":\"ReadAction\",\"target\":[\"https:\\\/\\\/hundtgroup.com\\\/cs\\\/produkt\\\/akumulatorova-uhlova-bruska-bosch-exws18v2-230p-solo\\\/\"]}]},{\"@type\":\"ImageObject\",\"inLanguage\":\"cs\",\"@id\":\"https:\\\/\\\/hundtgroup.com\\\/cs\\\/produkt\\\/akumulatorova-uhlova-bruska-bosch-exws18v2-230p-solo\\\/#primaryimage\",\"url\":\"https:\\\/\\\/hundtgroup.com\\\/wp-content\\\/uploads\\\/340838.jpg\",\"contentUrl\":\"https:\\\/\\\/hundtgroup.com\\\/wp-content\\\/uploads\\\/340838.jpg\",\"width\":939,\"height\":683},{\"@type\":\"BreadcrumbList\",\"@id\":\"https:\\\/\\\/hundtgroup.com\\\/cs\\\/produkt\\\/akumulatorova-uhlova-bruska-bosch-exws18v2-230p-solo\\\/#breadcrumb\",\"itemListElement\":[{\"@type\":\"ListItem\",\"position\":1,\"name\":\"Startseite\",\"item\":\"https:\\\/\\\/hundtgroup.com\\\/cs\\\/home-nove\\\/\"},{\"@type\":\"ListItem\",\"position\":2,\"name\":\"Obchod\",\"item\":\"https:\\\/\\\/hundtgroup.com\\\/obchod\\\/\"},{\"@type\":\"ListItem\",\"position\":3,\"name\":\"Akumul\u00e1torov\u00e1 \u00fahlov\u00e1 bruska Bosch EXWS18V2-230P solo\"}]},{\"@type\":\"WebSite\",\"@id\":\"https:\\\/\\\/hundtgroup.com\\\/cs\\\/#website\",\"url\":\"https:\\\/\\\/hundtgroup.com\\\/cs\\\/\",\"name\":\"Wilhelm Hundt GmbH\",\"description\":\"V\u00e1\u0161 specialista na stroje a n\u00e1stroje pro zpracov\u00e1n\u00ed plechu\",\"potentialAction\":[{\"@type\":\"SearchAction\",\"target\":{\"@type\":\"EntryPoint\",\"urlTemplate\":\"https:\\\/\\\/hundtgroup.com\\\/cs\\\/?s={search_term_string}\"},\"query-input\":{\"@type\":\"PropertyValueSpecification\",\"valueRequired\":true,\"valueName\":\"search_term_string\"}}],\"inLanguage\":\"cs\"}]}<\/script>\n<!-- \/ Yoast SEO plugin. -->","yoast_head_json":{"title":"Akumul\u00e1torov\u00e1 \u00fahlov\u00e1 bruska Bosch EXWS18V2-230P solo - Wilhelm Hundt GmbH","robots":{"index":"index","follow":"follow","max-snippet":"max-snippet:-1","max-image-preview":"max-image-preview:large","max-video-preview":"max-video-preview:-1"},"canonical":"https:\/\/hundtgroup.com\/cs\/produkt\/akumulatorova-uhlova-bruska-bosch-exws18v2-230p-solo\/","og_locale":"cs_CZ","og_type":"article","og_title":"Akumul\u00e1torov\u00e1 \u00fahlov\u00e1 bruska Bosch EXWS18V2-230P solo - Wilhelm Hundt GmbH","og_description":"Ekvivalent v\u00fdkonu \u0161\u0148\u016frov\u00e9ho n\u00e1\u0159ad\u00ed a\u017e 2700 W Vynikaj\u00edc\u00ed v\u00fdkon: Ekvivalent v\u00fdkonu \u0161\u0148\u016frov\u00e9ho n\u00e1\u0159ad\u00ed a\u017e ?2700 W pro n\u00e1ro\u010dn\u00e9 \u0159ezac\u00ed a brusn\u00e9 aplikace BITURBO BRUSHLESS: Vysoce v\u00fdkonn\u00fd motor a pohonn\u00fd syst\u00e9m 2&#215;18 V, navr\u017een\u00fd pro extr\u00e9mn\u00ed v\u00fdkon akumul\u00e1tor\u016f EXPERT Optim\u00e1ln\u00ed ovl\u00e1d\u00e1n\u00ed n\u00e1stroje: Dokonale vyv\u00e1\u017een\u00e1 konstrukce a rota\u010dn\u00ed kryt motoru zaru\u010duj\u00ed nejlep\u0161\u00ed mo\u017en\u00e9 ovl\u00e1d\u00e1n\u00ed a zaji\u0161\u0165uj\u00ed, \u017ee [&hellip;]","og_url":"https:\/\/hundtgroup.com\/cs\/produkt\/akumulatorova-uhlova-bruska-bosch-exws18v2-230p-solo\/","og_site_name":"Wilhelm Hundt GmbH","og_image":[{"width":939,"height":683,"url":"https:\/\/hundtgroup.com\/wp-content\/uploads\/340838.jpg","type":"image\/jpeg"}],"twitter_card":"summary_large_image","twitter_misc":{"Odhadovan\u00e1 doba \u010dten\u00ed":"1 minuta"},"schema":{"@context":"https:\/\/schema.org","@graph":[{"@type":"WebPage","@id":"https:\/\/hundtgroup.com\/cs\/produkt\/akumulatorova-uhlova-bruska-bosch-exws18v2-230p-solo\/","url":"https:\/\/hundtgroup.com\/cs\/produkt\/akumulatorova-uhlova-bruska-bosch-exws18v2-230p-solo\/","name":"Akumul\u00e1torov\u00e1 \u00fahlov\u00e1 bruska Bosch EXWS18V2-230P solo - Wilhelm Hundt GmbH","isPartOf":{"@id":"https:\/\/hundtgroup.com\/cs\/#website"},"primaryImageOfPage":{"@id":"https:\/\/hundtgroup.com\/cs\/produkt\/akumulatorova-uhlova-bruska-bosch-exws18v2-230p-solo\/#primaryimage"},"image":{"@id":"https:\/\/hundtgroup.com\/cs\/produkt\/akumulatorova-uhlova-bruska-bosch-exws18v2-230p-solo\/#primaryimage"},"thumbnailUrl":"https:\/\/hundtgroup.com\/wp-content\/uploads\/340838.jpg","datePublished":"2026-01-28T09:17:44+00:00","breadcrumb":{"@id":"https:\/\/hundtgroup.com\/cs\/produkt\/akumulatorova-uhlova-bruska-bosch-exws18v2-230p-solo\/#breadcrumb"},"inLanguage":"cs","potentialAction":[{"@type":"ReadAction","target":["https:\/\/hundtgroup.com\/cs\/produkt\/akumulatorova-uhlova-bruska-bosch-exws18v2-230p-solo\/"]}]},{"@type":"ImageObject","inLanguage":"cs","@id":"https:\/\/hundtgroup.com\/cs\/produkt\/akumulatorova-uhlova-bruska-bosch-exws18v2-230p-solo\/#primaryimage","url":"https:\/\/hundtgroup.com\/wp-content\/uploads\/340838.jpg","contentUrl":"https:\/\/hundtgroup.com\/wp-content\/uploads\/340838.jpg","width":939,"height":683},{"@type":"BreadcrumbList","@id":"https:\/\/hundtgroup.com\/cs\/produkt\/akumulatorova-uhlova-bruska-bosch-exws18v2-230p-solo\/#breadcrumb","itemListElement":[{"@type":"ListItem","position":1,"name":"Startseite","item":"https:\/\/hundtgroup.com\/cs\/home-nove\/"},{"@type":"ListItem","position":2,"name":"Obchod","item":"https:\/\/hundtgroup.com\/obchod\/"},{"@type":"ListItem","position":3,"name":"Akumul\u00e1torov\u00e1 \u00fahlov\u00e1 bruska Bosch EXWS18V2-230P solo"}]},{"@type":"WebSite","@id":"https:\/\/hundtgroup.com\/cs\/#website","url":"https:\/\/hundtgroup.com\/cs\/","name":"Wilhelm Hundt GmbH","description":"V\u00e1\u0161 specialista na stroje a n\u00e1stroje pro zpracov\u00e1n\u00ed plechu","potentialAction":[{"@type":"SearchAction","target":{"@type":"EntryPoint","urlTemplate":"https:\/\/hundtgroup.com\/cs\/?s={search_term_string}"},"query-input":{"@type":"PropertyValueSpecification","valueRequired":true,"valueName":"search_term_string"}}],"inLanguage":"cs"}]}},"_links":{"self":[{"href":"https:\/\/hundtgroup.com\/cs\/wp-json\/wp\/v2\/product\/40567","targetHints":{"allow":["GET"]}}],"collection":[{"href":"https:\/\/hundtgroup.com\/cs\/wp-json\/wp\/v2\/product"}],"about":[{"href":"https:\/\/hundtgroup.com\/cs\/wp-json\/wp\/v2\/types\/product"}],"wp:featuredmedia":[{"embeddable":true,"href":"https:\/\/hundtgroup.com\/cs\/wp-json\/wp\/v2\/media\/40568"}],"wp:attachment":[{"href":"https:\/\/hundtgroup.com\/cs\/wp-json\/wp\/v2\/media?parent=40567"}],"wp:term":[{"taxonomy":"product_cat","embeddable":true,"href":"https:\/\/hundtgroup.com\/cs\/wp-json\/wp\/v2\/product_cat?post=40567"},{"taxonomy":"product_tag","embeddable":true,"href":"https:\/\/hundtgroup.com\/cs\/wp-json\/wp\/v2\/product_tag?post=40567"}],"curies":[{"name":"wp","href":"https:\/\/api.w.org\/{rel}","templated":true}]}}