{"id":40819,"date":"2026-01-28T10:18:01","date_gmt":"2026-01-28T09:18:01","guid":{"rendered":"https:\/\/hundtgroup.com\/produkt\/startovaci-sada-bosch-expert-2x55-ah-2x80-ah-18v-320\/"},"modified":"2026-01-28T10:18:01","modified_gmt":"2026-01-28T09:18:01","slug":"startovaci-sada-bosch-expert-2x55-ah-2x80-ah-18v-320","status":"publish","type":"product","link":"https:\/\/hundtgroup.com\/cs\/produkt\/startovaci-sada-bosch-expert-2x55-ah-2x80-ah-18v-320\/","title":{"rendered":"Startovac\u00ed sada Bosch EXPERT 2&#215;5,5 Ah + 2&#215;8,0 Ah 18V-320"},"content":{"rendered":"<p>A\u017e o 120 % del\u0161\u00ed doba provozu ne\u017e u profesion\u00e1ln\u00edho 18V GBA 4.0Ah\u00b9<br \/>\nEXBA18V-80 s extr\u00e9mn\u00ed dobou provozu a EXBA18V-55 s vysok\u00fdm v\u00fdkonem a\u017e 2000 W (na z\u00e1klad\u011b intern\u00edho laboratorn\u00edho testu, okam\u017eit\u00fd maxim\u00e1ln\u00ed v\u00fdkon, pln\u011b nabit\u00e1, nov\u00e1 baterie)<br \/>\nEXBA18V-80 s v\u00fdkonn\u00fdmi beztabulkov\u00fdmi \u010dl\u00e1nky pro maxim\u00e1ln\u00ed v\u00fdkon a\u017e 2400 W (na z\u00e1klad\u011b intern\u00edho laboratorn\u00edho testu, okam\u017eit\u00fd maxim\u00e1ln\u00ed v\u00fdkon, pln\u011b nabit\u00e1, nov\u00e1 baterie) a EXBA18V-55 s vysok\u00fdm v\u00fdkonem a vynikaj\u00edc\u00ed hustotou energie<br \/>\nUltrarychl\u00e9 paraleln\u00ed nab\u00edjen\u00ed: Nab\u00edjec\u00ed proud 16 A pro nabit\u00ed dvou akumul\u00e1tor\u016f EXBA18V-55 za 31 minut a dvou akumul\u00e1tor\u016f EXBA18V-80 za 39 minut<br \/>\nJeden akumul\u00e1tor pro v\u0161echny: Kompatibiln\u00ed se syst\u00e9mem Bosch Professional 18V a alianc\u00ed akumul\u00e1tor\u016f AMPShare nap\u0159\u00ed\u010d zna\u010dkami.<\/p>\n","protected":false},"excerpt":{"rendered":"<p>A\u017e o 120 % del\u0161\u00ed doba provozu ne\u017e u profesion\u00e1ln\u00edho 18V GBA 4.0Ah\u00b9 EXBA18V-80 s extr\u00e9mn\u00ed dobou provozu a EXBA18V-55 s vysok\u00fdm v\u00fdkonem a\u017e 2000 W (na z\u00e1klad\u011b intern\u00edho laboratorn\u00edho testu, okam\u017eit\u00fd maxim\u00e1ln\u00ed v\u00fdkon, pln\u011b nabit\u00e1, nov\u00e1 baterie) EXBA18V-80 s v\u00fdkonn\u00fdmi beztabulkov\u00fdmi \u010dl\u00e1nky pro maxim\u00e1ln\u00ed v\u00fdkon a\u017e 2400 W (na z\u00e1klad\u011b intern\u00edho laboratorn\u00edho testu, okam\u017eit\u00fd [&hellip;]<\/p>\n","protected":false},"featured_media":40820,"template":"","meta":{"_acf_changed":false,"inline_featured_image":false},"product_cat":[1549,1712],"product_tag":[],"class_list":{"0":"post-40819","1":"product","2":"type-product","3":"status-publish","4":"has-post-thumbnail","6":"brand-bosch-expert","7":"product_cat-baterie-elektricke-prislusenstvi","8":"product_cat-startovaci-sada","10":"first","11":"instock","12":"taxable","13":"shipping-taxable","14":"purchasable","15":"product-type-simple","16":"add-to-wishlist-before_image"},"acf":[],"yoast_head":"<!-- This site is optimized with the Yoast SEO plugin v27.3 - https:\/\/yoast.com\/product\/yoast-seo-wordpress\/ -->\n<title>Startovac\u00ed sada Bosch EXPERT 2x5,5 Ah + 2x8,0 Ah 18V-320 - Wilhelm Hundt GmbH<\/title>\n<meta name=\"robots\" content=\"index, follow, max-snippet:-1, max-image-preview:large, max-video-preview:-1\" \/>\n<link rel=\"canonical\" href=\"https:\/\/hundtgroup.com\/cs\/produkt\/startovaci-sada-bosch-expert-2x55-ah-2x80-ah-18v-320\/\" \/>\n<meta property=\"og:locale\" content=\"cs_CZ\" \/>\n<meta property=\"og:type\" content=\"article\" \/>\n<meta property=\"og:title\" content=\"Startovac\u00ed sada Bosch EXPERT 2x5,5 Ah + 2x8,0 Ah 18V-320 - Wilhelm Hundt GmbH\" \/>\n<meta property=\"og:description\" content=\"A\u017e o 120 % del\u0161\u00ed doba provozu ne\u017e u profesion\u00e1ln\u00edho 18V GBA 4.0Ah\u00b9 EXBA18V-80 s extr\u00e9mn\u00ed dobou provozu a EXBA18V-55 s vysok\u00fdm v\u00fdkonem a\u017e 2000 W (na z\u00e1klad\u011b intern\u00edho laboratorn\u00edho testu, okam\u017eit\u00fd maxim\u00e1ln\u00ed v\u00fdkon, pln\u011b nabit\u00e1, nov\u00e1 baterie) EXBA18V-80 s v\u00fdkonn\u00fdmi beztabulkov\u00fdmi \u010dl\u00e1nky pro maxim\u00e1ln\u00ed v\u00fdkon a\u017e 2400 W (na z\u00e1klad\u011b intern\u00edho laboratorn\u00edho testu, okam\u017eit\u00fd [&hellip;]\" \/>\n<meta property=\"og:url\" content=\"https:\/\/hundtgroup.com\/cs\/produkt\/startovaci-sada-bosch-expert-2x55-ah-2x80-ah-18v-320\/\" \/>\n<meta property=\"og:site_name\" content=\"Wilhelm Hundt GmbH\" \/>\n<meta property=\"og:image\" content=\"https:\/\/hundtgroup.com\/wp-content\/uploads\/340870.jpg\" \/>\n\t<meta property=\"og:image:width\" content=\"564\" \/>\n\t<meta property=\"og:image:height\" content=\"541\" \/>\n\t<meta property=\"og:image:type\" content=\"image\/jpeg\" \/>\n<meta name=\"twitter:card\" content=\"summary_large_image\" \/>\n<meta name=\"twitter:label1\" content=\"Odhadovan\u00e1 doba \u010dten\u00ed\" \/>\n\t<meta name=\"twitter:data1\" content=\"1 minuta\" \/>\n<script type=\"application\/ld+json\" class=\"yoast-schema-graph\">{\"@context\":\"https:\\\/\\\/schema.org\",\"@graph\":[{\"@type\":\"WebPage\",\"@id\":\"https:\\\/\\\/hundtgroup.com\\\/cs\\\/produkt\\\/startovaci-sada-bosch-expert-2x55-ah-2x80-ah-18v-320\\\/\",\"url\":\"https:\\\/\\\/hundtgroup.com\\\/cs\\\/produkt\\\/startovaci-sada-bosch-expert-2x55-ah-2x80-ah-18v-320\\\/\",\"name\":\"Startovac\u00ed sada Bosch EXPERT 2x5,5 Ah + 2x8,0 Ah 18V-320 - Wilhelm Hundt GmbH\",\"isPartOf\":{\"@id\":\"https:\\\/\\\/hundtgroup.com\\\/cs\\\/#website\"},\"primaryImageOfPage\":{\"@id\":\"https:\\\/\\\/hundtgroup.com\\\/cs\\\/produkt\\\/startovaci-sada-bosch-expert-2x55-ah-2x80-ah-18v-320\\\/#primaryimage\"},\"image\":{\"@id\":\"https:\\\/\\\/hundtgroup.com\\\/cs\\\/produkt\\\/startovaci-sada-bosch-expert-2x55-ah-2x80-ah-18v-320\\\/#primaryimage\"},\"thumbnailUrl\":\"https:\\\/\\\/hundtgroup.com\\\/wp-content\\\/uploads\\\/340870.jpg\",\"datePublished\":\"2026-01-28T09:18:01+00:00\",\"breadcrumb\":{\"@id\":\"https:\\\/\\\/hundtgroup.com\\\/cs\\\/produkt\\\/startovaci-sada-bosch-expert-2x55-ah-2x80-ah-18v-320\\\/#breadcrumb\"},\"inLanguage\":\"cs\",\"potentialAction\":[{\"@type\":\"ReadAction\",\"target\":[\"https:\\\/\\\/hundtgroup.com\\\/cs\\\/produkt\\\/startovaci-sada-bosch-expert-2x55-ah-2x80-ah-18v-320\\\/\"]}]},{\"@type\":\"ImageObject\",\"inLanguage\":\"cs\",\"@id\":\"https:\\\/\\\/hundtgroup.com\\\/cs\\\/produkt\\\/startovaci-sada-bosch-expert-2x55-ah-2x80-ah-18v-320\\\/#primaryimage\",\"url\":\"https:\\\/\\\/hundtgroup.com\\\/wp-content\\\/uploads\\\/340870.jpg\",\"contentUrl\":\"https:\\\/\\\/hundtgroup.com\\\/wp-content\\\/uploads\\\/340870.jpg\",\"width\":564,\"height\":541},{\"@type\":\"BreadcrumbList\",\"@id\":\"https:\\\/\\\/hundtgroup.com\\\/cs\\\/produkt\\\/startovaci-sada-bosch-expert-2x55-ah-2x80-ah-18v-320\\\/#breadcrumb\",\"itemListElement\":[{\"@type\":\"ListItem\",\"position\":1,\"name\":\"Startseite\",\"item\":\"https:\\\/\\\/hundtgroup.com\\\/cs\\\/home-nove\\\/\"},{\"@type\":\"ListItem\",\"position\":2,\"name\":\"Obchod\",\"item\":\"https:\\\/\\\/hundtgroup.com\\\/obchod\\\/\"},{\"@type\":\"ListItem\",\"position\":3,\"name\":\"Startovac\u00ed sada Bosch EXPERT 2&#215;5,5 Ah + 2&#215;8,0 Ah 18V-320\"}]},{\"@type\":\"WebSite\",\"@id\":\"https:\\\/\\\/hundtgroup.com\\\/cs\\\/#website\",\"url\":\"https:\\\/\\\/hundtgroup.com\\\/cs\\\/\",\"name\":\"Wilhelm Hundt GmbH\",\"description\":\"V\u00e1\u0161 specialista na stroje a n\u00e1stroje pro zpracov\u00e1n\u00ed plechu\",\"potentialAction\":[{\"@type\":\"SearchAction\",\"target\":{\"@type\":\"EntryPoint\",\"urlTemplate\":\"https:\\\/\\\/hundtgroup.com\\\/cs\\\/?s={search_term_string}\"},\"query-input\":{\"@type\":\"PropertyValueSpecification\",\"valueRequired\":true,\"valueName\":\"search_term_string\"}}],\"inLanguage\":\"cs\"}]}<\/script>\n<!-- \/ Yoast SEO plugin. -->","yoast_head_json":{"title":"Startovac\u00ed sada Bosch EXPERT 2x5,5 Ah + 2x8,0 Ah 18V-320 - Wilhelm Hundt GmbH","robots":{"index":"index","follow":"follow","max-snippet":"max-snippet:-1","max-image-preview":"max-image-preview:large","max-video-preview":"max-video-preview:-1"},"canonical":"https:\/\/hundtgroup.com\/cs\/produkt\/startovaci-sada-bosch-expert-2x55-ah-2x80-ah-18v-320\/","og_locale":"cs_CZ","og_type":"article","og_title":"Startovac\u00ed sada Bosch EXPERT 2x5,5 Ah + 2x8,0 Ah 18V-320 - Wilhelm Hundt GmbH","og_description":"A\u017e o 120 % del\u0161\u00ed doba provozu ne\u017e u profesion\u00e1ln\u00edho 18V GBA 4.0Ah\u00b9 EXBA18V-80 s extr\u00e9mn\u00ed dobou provozu a EXBA18V-55 s vysok\u00fdm v\u00fdkonem a\u017e 2000 W (na z\u00e1klad\u011b intern\u00edho laboratorn\u00edho testu, okam\u017eit\u00fd maxim\u00e1ln\u00ed v\u00fdkon, pln\u011b nabit\u00e1, nov\u00e1 baterie) EXBA18V-80 s v\u00fdkonn\u00fdmi beztabulkov\u00fdmi \u010dl\u00e1nky pro maxim\u00e1ln\u00ed v\u00fdkon a\u017e 2400 W (na z\u00e1klad\u011b intern\u00edho laboratorn\u00edho testu, okam\u017eit\u00fd [&hellip;]","og_url":"https:\/\/hundtgroup.com\/cs\/produkt\/startovaci-sada-bosch-expert-2x55-ah-2x80-ah-18v-320\/","og_site_name":"Wilhelm Hundt GmbH","og_image":[{"width":564,"height":541,"url":"https:\/\/hundtgroup.com\/wp-content\/uploads\/340870.jpg","type":"image\/jpeg"}],"twitter_card":"summary_large_image","twitter_misc":{"Odhadovan\u00e1 doba \u010dten\u00ed":"1 minuta"},"schema":{"@context":"https:\/\/schema.org","@graph":[{"@type":"WebPage","@id":"https:\/\/hundtgroup.com\/cs\/produkt\/startovaci-sada-bosch-expert-2x55-ah-2x80-ah-18v-320\/","url":"https:\/\/hundtgroup.com\/cs\/produkt\/startovaci-sada-bosch-expert-2x55-ah-2x80-ah-18v-320\/","name":"Startovac\u00ed sada Bosch EXPERT 2x5,5 Ah + 2x8,0 Ah 18V-320 - Wilhelm Hundt GmbH","isPartOf":{"@id":"https:\/\/hundtgroup.com\/cs\/#website"},"primaryImageOfPage":{"@id":"https:\/\/hundtgroup.com\/cs\/produkt\/startovaci-sada-bosch-expert-2x55-ah-2x80-ah-18v-320\/#primaryimage"},"image":{"@id":"https:\/\/hundtgroup.com\/cs\/produkt\/startovaci-sada-bosch-expert-2x55-ah-2x80-ah-18v-320\/#primaryimage"},"thumbnailUrl":"https:\/\/hundtgroup.com\/wp-content\/uploads\/340870.jpg","datePublished":"2026-01-28T09:18:01+00:00","breadcrumb":{"@id":"https:\/\/hundtgroup.com\/cs\/produkt\/startovaci-sada-bosch-expert-2x55-ah-2x80-ah-18v-320\/#breadcrumb"},"inLanguage":"cs","potentialAction":[{"@type":"ReadAction","target":["https:\/\/hundtgroup.com\/cs\/produkt\/startovaci-sada-bosch-expert-2x55-ah-2x80-ah-18v-320\/"]}]},{"@type":"ImageObject","inLanguage":"cs","@id":"https:\/\/hundtgroup.com\/cs\/produkt\/startovaci-sada-bosch-expert-2x55-ah-2x80-ah-18v-320\/#primaryimage","url":"https:\/\/hundtgroup.com\/wp-content\/uploads\/340870.jpg","contentUrl":"https:\/\/hundtgroup.com\/wp-content\/uploads\/340870.jpg","width":564,"height":541},{"@type":"BreadcrumbList","@id":"https:\/\/hundtgroup.com\/cs\/produkt\/startovaci-sada-bosch-expert-2x55-ah-2x80-ah-18v-320\/#breadcrumb","itemListElement":[{"@type":"ListItem","position":1,"name":"Startseite","item":"https:\/\/hundtgroup.com\/cs\/home-nove\/"},{"@type":"ListItem","position":2,"name":"Obchod","item":"https:\/\/hundtgroup.com\/obchod\/"},{"@type":"ListItem","position":3,"name":"Startovac\u00ed sada Bosch EXPERT 2&#215;5,5 Ah + 2&#215;8,0 Ah 18V-320"}]},{"@type":"WebSite","@id":"https:\/\/hundtgroup.com\/cs\/#website","url":"https:\/\/hundtgroup.com\/cs\/","name":"Wilhelm Hundt GmbH","description":"V\u00e1\u0161 specialista na stroje a n\u00e1stroje pro zpracov\u00e1n\u00ed plechu","potentialAction":[{"@type":"SearchAction","target":{"@type":"EntryPoint","urlTemplate":"https:\/\/hundtgroup.com\/cs\/?s={search_term_string}"},"query-input":{"@type":"PropertyValueSpecification","valueRequired":true,"valueName":"search_term_string"}}],"inLanguage":"cs"}]}},"_links":{"self":[{"href":"https:\/\/hundtgroup.com\/cs\/wp-json\/wp\/v2\/product\/40819","targetHints":{"allow":["GET"]}}],"collection":[{"href":"https:\/\/hundtgroup.com\/cs\/wp-json\/wp\/v2\/product"}],"about":[{"href":"https:\/\/hundtgroup.com\/cs\/wp-json\/wp\/v2\/types\/product"}],"wp:featuredmedia":[{"embeddable":true,"href":"https:\/\/hundtgroup.com\/cs\/wp-json\/wp\/v2\/media\/40820"}],"wp:attachment":[{"href":"https:\/\/hundtgroup.com\/cs\/wp-json\/wp\/v2\/media?parent=40819"}],"wp:term":[{"taxonomy":"product_cat","embeddable":true,"href":"https:\/\/hundtgroup.com\/cs\/wp-json\/wp\/v2\/product_cat?post=40819"},{"taxonomy":"product_tag","embeddable":true,"href":"https:\/\/hundtgroup.com\/cs\/wp-json\/wp\/v2\/product_tag?post=40819"}],"curies":[{"name":"wp","href":"https:\/\/api.w.org\/{rel}","templated":true}]}}