{"id":40924,"date":"2026-01-28T10:18:01","date_gmt":"2026-01-28T09:18:01","guid":{"rendered":"https:\/\/hundtgroup.com\/produkt\/carovy-laser-bosch-exll18v-120-33cg\/"},"modified":"2026-01-28T10:18:01","modified_gmt":"2026-01-28T09:18:01","slug":"carovy-laser-bosch-exll18v-120-33cg","status":"publish","type":"product","link":"https:\/\/hundtgroup.com\/cs\/produkt\/carovy-laser-bosch-exll18v-120-33cg\/","title":{"rendered":"\u010c\u00e1rov\u00fd laser Bosch EXLL18V-120-33CG"},"content":{"rendered":"<p>18V \u010d\u00e1rov\u00fd laser se t\u0159emi mo\u017enostmi nap\u00e1jen\u00ed, kryt\u00edm IP65 a pracovn\u00edm dosahem 120 m\u00b9<br \/>\nTroj\u00ed zdroj nap\u00e1jen\u00ed: Snadn\u00e1 zm\u011bna mezi 18V akumul\u00e1torem, 12V akumul\u00e1torem a alkalick\u00fdmi bateriemi C<br \/>\nVynikaj\u00edc\u00ed pracovn\u00ed dosah: 120 m polom\u011br s p\u0159ij\u00edma\u010dem<br \/>\nVhodn\u00fd pro nejn\u00e1ro\u010dn\u011bj\u0161\u00ed stavby: Bezpe\u010dn\u00e9 upevn\u011bn\u00ed a p\u0159esn\u00e1 pr\u00e1ce: Pry\u017e\u00ed vyztu\u017een\u00fd kryt, laserov\u00e9 ok\u00e9nko a kryt\u00ed IP65<br \/>\nBezpe\u010dn\u00e9 upevn\u011bn\u00ed a p\u0159esn\u00e1 pr\u00e1ce: Integrovan\u00fd dr\u017e\u00e1k se siln\u00fdmi magnety a oto\u010dn\u00fdm jemn\u00fdm nastaven\u00edm.<\/p>\n","protected":false},"excerpt":{"rendered":"<p>18V \u010d\u00e1rov\u00fd laser se t\u0159emi mo\u017enostmi nap\u00e1jen\u00ed, kryt\u00edm IP65 a pracovn\u00edm dosahem 120 m\u00b9 Troj\u00ed zdroj nap\u00e1jen\u00ed: Snadn\u00e1 zm\u011bna mezi 18V akumul\u00e1torem, 12V akumul\u00e1torem a alkalick\u00fdmi bateriemi C Vynikaj\u00edc\u00ed pracovn\u00ed dosah: 120 m polom\u011br s p\u0159ij\u00edma\u010dem Vhodn\u00fd pro nejn\u00e1ro\u010dn\u011bj\u0161\u00ed stavby: Bezpe\u010dn\u00e9 upevn\u011bn\u00ed a p\u0159esn\u00e1 pr\u00e1ce: Pry\u017e\u00ed vyztu\u017een\u00fd kryt, laserov\u00e9 ok\u00e9nko a kryt\u00ed IP65 Bezpe\u010dn\u00e9 upevn\u011bn\u00ed [&hellip;]<\/p>\n","protected":false},"featured_media":40926,"template":"","meta":{"_acf_changed":false,"inline_featured_image":false},"product_cat":[3291,649],"product_tag":[],"class_list":{"0":"post-40924","1":"product","2":"type-product","3":"status-publish","4":"has-post-thumbnail","6":"brand-bosch-expert","7":"product_cat-carovy-laser","8":"product_cat-bateriove-nastroje","10":"first","11":"instock","12":"taxable","13":"shipping-taxable","14":"purchasable","15":"product-type-simple","16":"add-to-wishlist-before_image"},"acf":[],"yoast_head":"<!-- This site is optimized with the Yoast SEO plugin v27.3 - https:\/\/yoast.com\/product\/yoast-seo-wordpress\/ -->\n<title>\u010c\u00e1rov\u00fd laser Bosch EXLL18V-120-33CG - Wilhelm Hundt GmbH<\/title>\n<meta name=\"robots\" content=\"index, follow, max-snippet:-1, max-image-preview:large, max-video-preview:-1\" \/>\n<link rel=\"canonical\" href=\"https:\/\/hundtgroup.com\/cs\/produkt\/carovy-laser-bosch-exll18v-120-33cg\/\" \/>\n<meta property=\"og:locale\" content=\"cs_CZ\" \/>\n<meta property=\"og:type\" content=\"article\" \/>\n<meta property=\"og:title\" content=\"\u010c\u00e1rov\u00fd laser Bosch EXLL18V-120-33CG - Wilhelm Hundt GmbH\" \/>\n<meta property=\"og:description\" content=\"18V \u010d\u00e1rov\u00fd laser se t\u0159emi mo\u017enostmi nap\u00e1jen\u00ed, kryt\u00edm IP65 a pracovn\u00edm dosahem 120 m\u00b9 Troj\u00ed zdroj nap\u00e1jen\u00ed: Snadn\u00e1 zm\u011bna mezi 18V akumul\u00e1torem, 12V akumul\u00e1torem a alkalick\u00fdmi bateriemi C Vynikaj\u00edc\u00ed pracovn\u00ed dosah: 120 m polom\u011br s p\u0159ij\u00edma\u010dem Vhodn\u00fd pro nejn\u00e1ro\u010dn\u011bj\u0161\u00ed stavby: Bezpe\u010dn\u00e9 upevn\u011bn\u00ed a p\u0159esn\u00e1 pr\u00e1ce: Pry\u017e\u00ed vyztu\u017een\u00fd kryt, laserov\u00e9 ok\u00e9nko a kryt\u00ed IP65 Bezpe\u010dn\u00e9 upevn\u011bn\u00ed [&hellip;]\" \/>\n<meta property=\"og:url\" content=\"https:\/\/hundtgroup.com\/cs\/produkt\/carovy-laser-bosch-exll18v-120-33cg\/\" \/>\n<meta property=\"og:site_name\" content=\"Wilhelm Hundt GmbH\" \/>\n<meta property=\"og:image\" content=\"https:\/\/hundtgroup.com\/wp-content\/uploads\/340872.jpg\" \/>\n\t<meta property=\"og:image:width\" content=\"1120\" \/>\n\t<meta property=\"og:image:height\" content=\"981\" \/>\n\t<meta property=\"og:image:type\" content=\"image\/jpeg\" \/>\n<meta name=\"twitter:card\" content=\"summary_large_image\" \/>\n<script type=\"application\/ld+json\" class=\"yoast-schema-graph\">{\"@context\":\"https:\\\/\\\/schema.org\",\"@graph\":[{\"@type\":\"WebPage\",\"@id\":\"https:\\\/\\\/hundtgroup.com\\\/cs\\\/produkt\\\/carovy-laser-bosch-exll18v-120-33cg\\\/\",\"url\":\"https:\\\/\\\/hundtgroup.com\\\/cs\\\/produkt\\\/carovy-laser-bosch-exll18v-120-33cg\\\/\",\"name\":\"\u010c\u00e1rov\u00fd laser Bosch EXLL18V-120-33CG - Wilhelm Hundt GmbH\",\"isPartOf\":{\"@id\":\"https:\\\/\\\/hundtgroup.com\\\/cs\\\/#website\"},\"primaryImageOfPage\":{\"@id\":\"https:\\\/\\\/hundtgroup.com\\\/cs\\\/produkt\\\/carovy-laser-bosch-exll18v-120-33cg\\\/#primaryimage\"},\"image\":{\"@id\":\"https:\\\/\\\/hundtgroup.com\\\/cs\\\/produkt\\\/carovy-laser-bosch-exll18v-120-33cg\\\/#primaryimage\"},\"thumbnailUrl\":\"https:\\\/\\\/hundtgroup.com\\\/wp-content\\\/uploads\\\/340872.jpg\",\"datePublished\":\"2026-01-28T09:18:01+00:00\",\"breadcrumb\":{\"@id\":\"https:\\\/\\\/hundtgroup.com\\\/cs\\\/produkt\\\/carovy-laser-bosch-exll18v-120-33cg\\\/#breadcrumb\"},\"inLanguage\":\"cs\",\"potentialAction\":[{\"@type\":\"ReadAction\",\"target\":[\"https:\\\/\\\/hundtgroup.com\\\/cs\\\/produkt\\\/carovy-laser-bosch-exll18v-120-33cg\\\/\"]}]},{\"@type\":\"ImageObject\",\"inLanguage\":\"cs\",\"@id\":\"https:\\\/\\\/hundtgroup.com\\\/cs\\\/produkt\\\/carovy-laser-bosch-exll18v-120-33cg\\\/#primaryimage\",\"url\":\"https:\\\/\\\/hundtgroup.com\\\/wp-content\\\/uploads\\\/340872.jpg\",\"contentUrl\":\"https:\\\/\\\/hundtgroup.com\\\/wp-content\\\/uploads\\\/340872.jpg\",\"width\":1120,\"height\":981},{\"@type\":\"BreadcrumbList\",\"@id\":\"https:\\\/\\\/hundtgroup.com\\\/cs\\\/produkt\\\/carovy-laser-bosch-exll18v-120-33cg\\\/#breadcrumb\",\"itemListElement\":[{\"@type\":\"ListItem\",\"position\":1,\"name\":\"Startseite\",\"item\":\"https:\\\/\\\/hundtgroup.com\\\/cs\\\/home-nove\\\/\"},{\"@type\":\"ListItem\",\"position\":2,\"name\":\"Obchod\",\"item\":\"https:\\\/\\\/hundtgroup.com\\\/obchod\\\/\"},{\"@type\":\"ListItem\",\"position\":3,\"name\":\"\u010c\u00e1rov\u00fd laser Bosch EXLL18V-120-33CG\"}]},{\"@type\":\"WebSite\",\"@id\":\"https:\\\/\\\/hundtgroup.com\\\/cs\\\/#website\",\"url\":\"https:\\\/\\\/hundtgroup.com\\\/cs\\\/\",\"name\":\"Wilhelm Hundt GmbH\",\"description\":\"V\u00e1\u0161 specialista na stroje a n\u00e1stroje pro zpracov\u00e1n\u00ed plechu\",\"potentialAction\":[{\"@type\":\"SearchAction\",\"target\":{\"@type\":\"EntryPoint\",\"urlTemplate\":\"https:\\\/\\\/hundtgroup.com\\\/cs\\\/?s={search_term_string}\"},\"query-input\":{\"@type\":\"PropertyValueSpecification\",\"valueRequired\":true,\"valueName\":\"search_term_string\"}}],\"inLanguage\":\"cs\"}]}<\/script>\n<!-- \/ Yoast SEO plugin. -->","yoast_head_json":{"title":"\u010c\u00e1rov\u00fd laser Bosch EXLL18V-120-33CG - Wilhelm Hundt GmbH","robots":{"index":"index","follow":"follow","max-snippet":"max-snippet:-1","max-image-preview":"max-image-preview:large","max-video-preview":"max-video-preview:-1"},"canonical":"https:\/\/hundtgroup.com\/cs\/produkt\/carovy-laser-bosch-exll18v-120-33cg\/","og_locale":"cs_CZ","og_type":"article","og_title":"\u010c\u00e1rov\u00fd laser Bosch EXLL18V-120-33CG - Wilhelm Hundt GmbH","og_description":"18V \u010d\u00e1rov\u00fd laser se t\u0159emi mo\u017enostmi nap\u00e1jen\u00ed, kryt\u00edm IP65 a pracovn\u00edm dosahem 120 m\u00b9 Troj\u00ed zdroj nap\u00e1jen\u00ed: Snadn\u00e1 zm\u011bna mezi 18V akumul\u00e1torem, 12V akumul\u00e1torem a alkalick\u00fdmi bateriemi C Vynikaj\u00edc\u00ed pracovn\u00ed dosah: 120 m polom\u011br s p\u0159ij\u00edma\u010dem Vhodn\u00fd pro nejn\u00e1ro\u010dn\u011bj\u0161\u00ed stavby: Bezpe\u010dn\u00e9 upevn\u011bn\u00ed a p\u0159esn\u00e1 pr\u00e1ce: Pry\u017e\u00ed vyztu\u017een\u00fd kryt, laserov\u00e9 ok\u00e9nko a kryt\u00ed IP65 Bezpe\u010dn\u00e9 upevn\u011bn\u00ed [&hellip;]","og_url":"https:\/\/hundtgroup.com\/cs\/produkt\/carovy-laser-bosch-exll18v-120-33cg\/","og_site_name":"Wilhelm Hundt GmbH","og_image":[{"width":1120,"height":981,"url":"https:\/\/hundtgroup.com\/wp-content\/uploads\/340872.jpg","type":"image\/jpeg"}],"twitter_card":"summary_large_image","schema":{"@context":"https:\/\/schema.org","@graph":[{"@type":"WebPage","@id":"https:\/\/hundtgroup.com\/cs\/produkt\/carovy-laser-bosch-exll18v-120-33cg\/","url":"https:\/\/hundtgroup.com\/cs\/produkt\/carovy-laser-bosch-exll18v-120-33cg\/","name":"\u010c\u00e1rov\u00fd laser Bosch EXLL18V-120-33CG - Wilhelm Hundt GmbH","isPartOf":{"@id":"https:\/\/hundtgroup.com\/cs\/#website"},"primaryImageOfPage":{"@id":"https:\/\/hundtgroup.com\/cs\/produkt\/carovy-laser-bosch-exll18v-120-33cg\/#primaryimage"},"image":{"@id":"https:\/\/hundtgroup.com\/cs\/produkt\/carovy-laser-bosch-exll18v-120-33cg\/#primaryimage"},"thumbnailUrl":"https:\/\/hundtgroup.com\/wp-content\/uploads\/340872.jpg","datePublished":"2026-01-28T09:18:01+00:00","breadcrumb":{"@id":"https:\/\/hundtgroup.com\/cs\/produkt\/carovy-laser-bosch-exll18v-120-33cg\/#breadcrumb"},"inLanguage":"cs","potentialAction":[{"@type":"ReadAction","target":["https:\/\/hundtgroup.com\/cs\/produkt\/carovy-laser-bosch-exll18v-120-33cg\/"]}]},{"@type":"ImageObject","inLanguage":"cs","@id":"https:\/\/hundtgroup.com\/cs\/produkt\/carovy-laser-bosch-exll18v-120-33cg\/#primaryimage","url":"https:\/\/hundtgroup.com\/wp-content\/uploads\/340872.jpg","contentUrl":"https:\/\/hundtgroup.com\/wp-content\/uploads\/340872.jpg","width":1120,"height":981},{"@type":"BreadcrumbList","@id":"https:\/\/hundtgroup.com\/cs\/produkt\/carovy-laser-bosch-exll18v-120-33cg\/#breadcrumb","itemListElement":[{"@type":"ListItem","position":1,"name":"Startseite","item":"https:\/\/hundtgroup.com\/cs\/home-nove\/"},{"@type":"ListItem","position":2,"name":"Obchod","item":"https:\/\/hundtgroup.com\/obchod\/"},{"@type":"ListItem","position":3,"name":"\u010c\u00e1rov\u00fd laser Bosch EXLL18V-120-33CG"}]},{"@type":"WebSite","@id":"https:\/\/hundtgroup.com\/cs\/#website","url":"https:\/\/hundtgroup.com\/cs\/","name":"Wilhelm Hundt GmbH","description":"V\u00e1\u0161 specialista na stroje a n\u00e1stroje pro zpracov\u00e1n\u00ed plechu","potentialAction":[{"@type":"SearchAction","target":{"@type":"EntryPoint","urlTemplate":"https:\/\/hundtgroup.com\/cs\/?s={search_term_string}"},"query-input":{"@type":"PropertyValueSpecification","valueRequired":true,"valueName":"search_term_string"}}],"inLanguage":"cs"}]}},"_links":{"self":[{"href":"https:\/\/hundtgroup.com\/cs\/wp-json\/wp\/v2\/product\/40924","targetHints":{"allow":["GET"]}}],"collection":[{"href":"https:\/\/hundtgroup.com\/cs\/wp-json\/wp\/v2\/product"}],"about":[{"href":"https:\/\/hundtgroup.com\/cs\/wp-json\/wp\/v2\/types\/product"}],"wp:featuredmedia":[{"embeddable":true,"href":"https:\/\/hundtgroup.com\/cs\/wp-json\/wp\/v2\/media\/40926"}],"wp:attachment":[{"href":"https:\/\/hundtgroup.com\/cs\/wp-json\/wp\/v2\/media?parent=40924"}],"wp:term":[{"taxonomy":"product_cat","embeddable":true,"href":"https:\/\/hundtgroup.com\/cs\/wp-json\/wp\/v2\/product_cat?post=40924"},{"taxonomy":"product_tag","embeddable":true,"href":"https:\/\/hundtgroup.com\/cs\/wp-json\/wp\/v2\/product_tag?post=40924"}],"curies":[{"name":"wp","href":"https:\/\/api.w.org\/{rel}","templated":true}]}}