{"id":41019,"date":"2026-01-28T10:18:01","date_gmt":"2026-01-28T09:18:01","guid":{"rendered":"https:\/\/hundtgroup.com\/produkt\/univerzalni-lokator-bosch-d-tect-18v-200-17c\/"},"modified":"2026-01-28T10:18:01","modified_gmt":"2026-01-28T09:18:01","slug":"univerzalni-lokator-bosch-d-tect-18v-200-17c","status":"publish","type":"product","link":"https:\/\/hundtgroup.com\/cs\/produkt\/univerzalni-lokator-bosch-d-tect-18v-200-17c\/","title":{"rendered":"Univerz\u00e1ln\u00ed lok\u00e1tor Bosch D-tect 18V-200-17C"},"content":{"rendered":"<p>Vynikaj\u00edc\u00ed detek\u010dn\u00ed v\u00fdkon s radarovou technologi\u00ed Bosch<br \/>\nVynikaj\u00edc\u00ed kvalita detekce: D\u00edky technologii um\u011bl\u00e9 inteligence detekuje skryt\u00e9 p\u0159edm\u011bty a\u017e do hloubky 200 mm<br \/>\nRadarov\u00e1 technologie Bosch: Zaji\u0161\u0165uje p\u0159esnou detekci, aby se zabr\u00e1nilo n\u00e1kladn\u00fdm \u0161kod\u00e1m a bezpe\u010dnostn\u00edm rizik\u016fm<br \/>\n 18V nap\u00e1jen\u00ed: Efektivn\u00ed pr\u00e1ce bez p\u0159eru\u0161en\u00ed d\u00edky 18V bateriov\u00e9 platform\u011b<br \/>\nFunkce 3D zobrazov\u00e1n\u00ed: Poskytuje snadno interpretovateln\u00fd pohled na oblasti st\u011bn a skryt\u00e9 p\u0159edm\u011bty.<\/p>\n","protected":false},"excerpt":{"rendered":"<p>Vynikaj\u00edc\u00ed detek\u010dn\u00ed v\u00fdkon s radarovou technologi\u00ed Bosch Vynikaj\u00edc\u00ed kvalita detekce: D\u00edky technologii um\u011bl\u00e9 inteligence detekuje skryt\u00e9 p\u0159edm\u011bty a\u017e do hloubky 200 mm Radarov\u00e1 technologie Bosch: Zaji\u0161\u0165uje p\u0159esnou detekci, aby se zabr\u00e1nilo n\u00e1kladn\u00fdm \u0161kod\u00e1m a bezpe\u010dnostn\u00edm rizik\u016fm 18V nap\u00e1jen\u00ed: Efektivn\u00ed pr\u00e1ce bez p\u0159eru\u0161en\u00ed d\u00edky 18V bateriov\u00e9 platform\u011b Funkce 3D zobrazov\u00e1n\u00ed: Poskytuje snadno interpretovateln\u00fd pohled na oblasti [&hellip;]<\/p>\n","protected":false},"featured_media":41020,"template":"","meta":{"_acf_changed":false,"inline_featured_image":false},"product_cat":[3314,649],"product_tag":[],"class_list":{"0":"post-41019","1":"product","2":"type-product","3":"status-publish","4":"has-post-thumbnail","6":"brand-bosch-expert","7":"product_cat-univerzalni-lokalizator","8":"product_cat-bateriove-nastroje","10":"first","11":"instock","12":"taxable","13":"shipping-taxable","14":"purchasable","15":"product-type-simple","16":"add-to-wishlist-before_image"},"acf":[],"yoast_head":"<!-- This site is optimized with the Yoast SEO plugin v27.3 - https:\/\/yoast.com\/product\/yoast-seo-wordpress\/ -->\n<title>Univerz\u00e1ln\u00ed lok\u00e1tor Bosch D-tect 18V-200-17C - Wilhelm Hundt GmbH<\/title>\n<meta name=\"robots\" content=\"index, follow, max-snippet:-1, max-image-preview:large, max-video-preview:-1\" \/>\n<link rel=\"canonical\" href=\"https:\/\/hundtgroup.com\/cs\/produkt\/univerzalni-lokator-bosch-d-tect-18v-200-17c\/\" \/>\n<meta property=\"og:locale\" content=\"cs_CZ\" \/>\n<meta property=\"og:type\" content=\"article\" \/>\n<meta property=\"og:title\" content=\"Univerz\u00e1ln\u00ed lok\u00e1tor Bosch D-tect 18V-200-17C - Wilhelm Hundt GmbH\" \/>\n<meta property=\"og:description\" content=\"Vynikaj\u00edc\u00ed detek\u010dn\u00ed v\u00fdkon s radarovou technologi\u00ed Bosch Vynikaj\u00edc\u00ed kvalita detekce: D\u00edky technologii um\u011bl\u00e9 inteligence detekuje skryt\u00e9 p\u0159edm\u011bty a\u017e do hloubky 200 mm Radarov\u00e1 technologie Bosch: Zaji\u0161\u0165uje p\u0159esnou detekci, aby se zabr\u00e1nilo n\u00e1kladn\u00fdm \u0161kod\u00e1m a bezpe\u010dnostn\u00edm rizik\u016fm 18V nap\u00e1jen\u00ed: Efektivn\u00ed pr\u00e1ce bez p\u0159eru\u0161en\u00ed d\u00edky 18V bateriov\u00e9 platform\u011b Funkce 3D zobrazov\u00e1n\u00ed: Poskytuje snadno interpretovateln\u00fd pohled na oblasti [&hellip;]\" \/>\n<meta property=\"og:url\" content=\"https:\/\/hundtgroup.com\/cs\/produkt\/univerzalni-lokator-bosch-d-tect-18v-200-17c\/\" \/>\n<meta property=\"og:site_name\" content=\"Wilhelm Hundt GmbH\" \/>\n<meta property=\"og:image\" content=\"https:\/\/hundtgroup.com\/wp-content\/uploads\/340871.jpg\" \/>\n\t<meta property=\"og:image:width\" content=\"1041\" \/>\n\t<meta property=\"og:image:height\" content=\"983\" \/>\n\t<meta property=\"og:image:type\" content=\"image\/jpeg\" \/>\n<meta name=\"twitter:card\" content=\"summary_large_image\" \/>\n<script type=\"application\/ld+json\" class=\"yoast-schema-graph\">{\"@context\":\"https:\\\/\\\/schema.org\",\"@graph\":[{\"@type\":\"WebPage\",\"@id\":\"https:\\\/\\\/hundtgroup.com\\\/cs\\\/produkt\\\/univerzalni-lokator-bosch-d-tect-18v-200-17c\\\/\",\"url\":\"https:\\\/\\\/hundtgroup.com\\\/cs\\\/produkt\\\/univerzalni-lokator-bosch-d-tect-18v-200-17c\\\/\",\"name\":\"Univerz\u00e1ln\u00ed lok\u00e1tor Bosch D-tect 18V-200-17C - Wilhelm Hundt GmbH\",\"isPartOf\":{\"@id\":\"https:\\\/\\\/hundtgroup.com\\\/cs\\\/#website\"},\"primaryImageOfPage\":{\"@id\":\"https:\\\/\\\/hundtgroup.com\\\/cs\\\/produkt\\\/univerzalni-lokator-bosch-d-tect-18v-200-17c\\\/#primaryimage\"},\"image\":{\"@id\":\"https:\\\/\\\/hundtgroup.com\\\/cs\\\/produkt\\\/univerzalni-lokator-bosch-d-tect-18v-200-17c\\\/#primaryimage\"},\"thumbnailUrl\":\"https:\\\/\\\/hundtgroup.com\\\/wp-content\\\/uploads\\\/340871.jpg\",\"datePublished\":\"2026-01-28T09:18:01+00:00\",\"breadcrumb\":{\"@id\":\"https:\\\/\\\/hundtgroup.com\\\/cs\\\/produkt\\\/univerzalni-lokator-bosch-d-tect-18v-200-17c\\\/#breadcrumb\"},\"inLanguage\":\"cs\",\"potentialAction\":[{\"@type\":\"ReadAction\",\"target\":[\"https:\\\/\\\/hundtgroup.com\\\/cs\\\/produkt\\\/univerzalni-lokator-bosch-d-tect-18v-200-17c\\\/\"]}]},{\"@type\":\"ImageObject\",\"inLanguage\":\"cs\",\"@id\":\"https:\\\/\\\/hundtgroup.com\\\/cs\\\/produkt\\\/univerzalni-lokator-bosch-d-tect-18v-200-17c\\\/#primaryimage\",\"url\":\"https:\\\/\\\/hundtgroup.com\\\/wp-content\\\/uploads\\\/340871.jpg\",\"contentUrl\":\"https:\\\/\\\/hundtgroup.com\\\/wp-content\\\/uploads\\\/340871.jpg\",\"width\":1041,\"height\":983},{\"@type\":\"BreadcrumbList\",\"@id\":\"https:\\\/\\\/hundtgroup.com\\\/cs\\\/produkt\\\/univerzalni-lokator-bosch-d-tect-18v-200-17c\\\/#breadcrumb\",\"itemListElement\":[{\"@type\":\"ListItem\",\"position\":1,\"name\":\"Startseite\",\"item\":\"https:\\\/\\\/hundtgroup.com\\\/cs\\\/home-nove\\\/\"},{\"@type\":\"ListItem\",\"position\":2,\"name\":\"Obchod\",\"item\":\"https:\\\/\\\/hundtgroup.com\\\/obchod\\\/\"},{\"@type\":\"ListItem\",\"position\":3,\"name\":\"Univerz\u00e1ln\u00ed lok\u00e1tor Bosch D-tect 18V-200-17C\"}]},{\"@type\":\"WebSite\",\"@id\":\"https:\\\/\\\/hundtgroup.com\\\/cs\\\/#website\",\"url\":\"https:\\\/\\\/hundtgroup.com\\\/cs\\\/\",\"name\":\"Wilhelm Hundt GmbH\",\"description\":\"V\u00e1\u0161 specialista na stroje a n\u00e1stroje pro zpracov\u00e1n\u00ed plechu\",\"potentialAction\":[{\"@type\":\"SearchAction\",\"target\":{\"@type\":\"EntryPoint\",\"urlTemplate\":\"https:\\\/\\\/hundtgroup.com\\\/cs\\\/?s={search_term_string}\"},\"query-input\":{\"@type\":\"PropertyValueSpecification\",\"valueRequired\":true,\"valueName\":\"search_term_string\"}}],\"inLanguage\":\"cs\"}]}<\/script>\n<!-- \/ Yoast SEO plugin. -->","yoast_head_json":{"title":"Univerz\u00e1ln\u00ed lok\u00e1tor Bosch D-tect 18V-200-17C - Wilhelm Hundt GmbH","robots":{"index":"index","follow":"follow","max-snippet":"max-snippet:-1","max-image-preview":"max-image-preview:large","max-video-preview":"max-video-preview:-1"},"canonical":"https:\/\/hundtgroup.com\/cs\/produkt\/univerzalni-lokator-bosch-d-tect-18v-200-17c\/","og_locale":"cs_CZ","og_type":"article","og_title":"Univerz\u00e1ln\u00ed lok\u00e1tor Bosch D-tect 18V-200-17C - Wilhelm Hundt GmbH","og_description":"Vynikaj\u00edc\u00ed detek\u010dn\u00ed v\u00fdkon s radarovou technologi\u00ed Bosch Vynikaj\u00edc\u00ed kvalita detekce: D\u00edky technologii um\u011bl\u00e9 inteligence detekuje skryt\u00e9 p\u0159edm\u011bty a\u017e do hloubky 200 mm Radarov\u00e1 technologie Bosch: Zaji\u0161\u0165uje p\u0159esnou detekci, aby se zabr\u00e1nilo n\u00e1kladn\u00fdm \u0161kod\u00e1m a bezpe\u010dnostn\u00edm rizik\u016fm 18V nap\u00e1jen\u00ed: Efektivn\u00ed pr\u00e1ce bez p\u0159eru\u0161en\u00ed d\u00edky 18V bateriov\u00e9 platform\u011b Funkce 3D zobrazov\u00e1n\u00ed: Poskytuje snadno interpretovateln\u00fd pohled na oblasti [&hellip;]","og_url":"https:\/\/hundtgroup.com\/cs\/produkt\/univerzalni-lokator-bosch-d-tect-18v-200-17c\/","og_site_name":"Wilhelm Hundt GmbH","og_image":[{"width":1041,"height":983,"url":"https:\/\/hundtgroup.com\/wp-content\/uploads\/340871.jpg","type":"image\/jpeg"}],"twitter_card":"summary_large_image","schema":{"@context":"https:\/\/schema.org","@graph":[{"@type":"WebPage","@id":"https:\/\/hundtgroup.com\/cs\/produkt\/univerzalni-lokator-bosch-d-tect-18v-200-17c\/","url":"https:\/\/hundtgroup.com\/cs\/produkt\/univerzalni-lokator-bosch-d-tect-18v-200-17c\/","name":"Univerz\u00e1ln\u00ed lok\u00e1tor Bosch D-tect 18V-200-17C - Wilhelm Hundt GmbH","isPartOf":{"@id":"https:\/\/hundtgroup.com\/cs\/#website"},"primaryImageOfPage":{"@id":"https:\/\/hundtgroup.com\/cs\/produkt\/univerzalni-lokator-bosch-d-tect-18v-200-17c\/#primaryimage"},"image":{"@id":"https:\/\/hundtgroup.com\/cs\/produkt\/univerzalni-lokator-bosch-d-tect-18v-200-17c\/#primaryimage"},"thumbnailUrl":"https:\/\/hundtgroup.com\/wp-content\/uploads\/340871.jpg","datePublished":"2026-01-28T09:18:01+00:00","breadcrumb":{"@id":"https:\/\/hundtgroup.com\/cs\/produkt\/univerzalni-lokator-bosch-d-tect-18v-200-17c\/#breadcrumb"},"inLanguage":"cs","potentialAction":[{"@type":"ReadAction","target":["https:\/\/hundtgroup.com\/cs\/produkt\/univerzalni-lokator-bosch-d-tect-18v-200-17c\/"]}]},{"@type":"ImageObject","inLanguage":"cs","@id":"https:\/\/hundtgroup.com\/cs\/produkt\/univerzalni-lokator-bosch-d-tect-18v-200-17c\/#primaryimage","url":"https:\/\/hundtgroup.com\/wp-content\/uploads\/340871.jpg","contentUrl":"https:\/\/hundtgroup.com\/wp-content\/uploads\/340871.jpg","width":1041,"height":983},{"@type":"BreadcrumbList","@id":"https:\/\/hundtgroup.com\/cs\/produkt\/univerzalni-lokator-bosch-d-tect-18v-200-17c\/#breadcrumb","itemListElement":[{"@type":"ListItem","position":1,"name":"Startseite","item":"https:\/\/hundtgroup.com\/cs\/home-nove\/"},{"@type":"ListItem","position":2,"name":"Obchod","item":"https:\/\/hundtgroup.com\/obchod\/"},{"@type":"ListItem","position":3,"name":"Univerz\u00e1ln\u00ed lok\u00e1tor Bosch D-tect 18V-200-17C"}]},{"@type":"WebSite","@id":"https:\/\/hundtgroup.com\/cs\/#website","url":"https:\/\/hundtgroup.com\/cs\/","name":"Wilhelm Hundt GmbH","description":"V\u00e1\u0161 specialista na stroje a n\u00e1stroje pro zpracov\u00e1n\u00ed plechu","potentialAction":[{"@type":"SearchAction","target":{"@type":"EntryPoint","urlTemplate":"https:\/\/hundtgroup.com\/cs\/?s={search_term_string}"},"query-input":{"@type":"PropertyValueSpecification","valueRequired":true,"valueName":"search_term_string"}}],"inLanguage":"cs"}]}},"_links":{"self":[{"href":"https:\/\/hundtgroup.com\/cs\/wp-json\/wp\/v2\/product\/41019","targetHints":{"allow":["GET"]}}],"collection":[{"href":"https:\/\/hundtgroup.com\/cs\/wp-json\/wp\/v2\/product"}],"about":[{"href":"https:\/\/hundtgroup.com\/cs\/wp-json\/wp\/v2\/types\/product"}],"wp:featuredmedia":[{"embeddable":true,"href":"https:\/\/hundtgroup.com\/cs\/wp-json\/wp\/v2\/media\/41020"}],"wp:attachment":[{"href":"https:\/\/hundtgroup.com\/cs\/wp-json\/wp\/v2\/media?parent=41019"}],"wp:term":[{"taxonomy":"product_cat","embeddable":true,"href":"https:\/\/hundtgroup.com\/cs\/wp-json\/wp\/v2\/product_cat?post=41019"},{"taxonomy":"product_tag","embeddable":true,"href":"https:\/\/hundtgroup.com\/cs\/wp-json\/wp\/v2\/product_tag?post=41019"}],"curies":[{"name":"wp","href":"https:\/\/api.w.org\/{rel}","templated":true}]}}