{"id":41031,"date":"2026-01-28T10:17:57","date_gmt":"2026-01-28T09:17:57","guid":{"rendered":"https:\/\/hundtgroup.com\/produkt\/nabijecka-bosch-exal18v-320-expert\/"},"modified":"2026-01-28T10:17:57","modified_gmt":"2026-01-28T09:17:57","slug":"nabijecka-bosch-exal18v-320-expert","status":"publish","type":"product","link":"https:\/\/hundtgroup.com\/cs\/produkt\/nabijecka-bosch-exal18v-320-expert\/","title":{"rendered":"Nab\u00edje\u010dka Bosch EXAL18V-320 EXPERT"},"content":{"rendered":"<p>A\u017e 6kr\u00e1t rychlej\u0161\u00ed ne\u017e profesion\u00e1ln\u00ed GAL 18V-40\u00b9<br \/>\nUltra rychl\u00e9 paraleln\u00ed nab\u00edjen\u00ed: Pln\u00e9 nabit\u00ed dvou akumul\u00e1tor\u016f EXPERT EXBA18V-80 za 39 minut<br \/>\nUltra Speed Tech: Paraleln\u00ed nab\u00edjen\u00ed s proudem 16 A na nab\u00edjec\u00ed \u0161achtu<br \/>\nM\u00e9n\u011b prostoj\u016f: Aktivn\u00ed chlazen\u00ed vzduchem 3.0 chlad\u00ed akumul\u00e1tory, zat\u00edmco nab\u00edjen\u00ed FlexTemp zvy\u0161uje rozsah nab\u00edjec\u00edch teplot akumul\u00e1tor\u016f EXPERT<br \/>\n\u0158e\u0161en\u00ed pro mobilitu a skladov\u00e1n\u00ed: Pohodln\u00e9 nab\u00edjen\u00ed, p\u0159eprava a skladov\u00e1n\u00ed nab\u00edje\u010dky a akumul\u00e1tor\u016f ve speci\u00e1ln\u011b upraven\u00e9m L-BOXXu.<\/p>\n","protected":false},"excerpt":{"rendered":"<p>A\u017e 6kr\u00e1t rychlej\u0161\u00ed ne\u017e profesion\u00e1ln\u00ed GAL 18V-40\u00b9 Ultra rychl\u00e9 paraleln\u00ed nab\u00edjen\u00ed: Pln\u00e9 nabit\u00ed dvou akumul\u00e1tor\u016f EXPERT EXBA18V-80 za 39 minut Ultra Speed Tech: Paraleln\u00ed nab\u00edjen\u00ed s proudem 16 A na nab\u00edjec\u00ed \u0161achtu M\u00e9n\u011b prostoj\u016f: Aktivn\u00ed chlazen\u00ed vzduchem 3.0 chlad\u00ed akumul\u00e1tory, zat\u00edmco nab\u00edjen\u00ed FlexTemp zvy\u0161uje rozsah nab\u00edjec\u00edch teplot akumul\u00e1tor\u016f EXPERT \u0158e\u0161en\u00ed pro mobilitu a skladov\u00e1n\u00ed: Pohodln\u00e9 [&hellip;]<\/p>\n","protected":false},"featured_media":41032,"template":"","meta":{"_acf_changed":false,"inline_featured_image":false},"product_cat":[1549,1713],"product_tag":[],"class_list":{"0":"post-41031","1":"product","2":"type-product","3":"status-publish","4":"has-post-thumbnail","6":"brand-bosch-expert","7":"product_cat-baterie-elektricke-prislusenstvi","8":"product_cat-nabijecka","10":"first","11":"instock","12":"taxable","13":"shipping-taxable","14":"purchasable","15":"product-type-simple","16":"add-to-wishlist-before_image"},"acf":[],"yoast_head":"<!-- This site is optimized with the Yoast SEO plugin v27.3 - https:\/\/yoast.com\/product\/yoast-seo-wordpress\/ -->\n<title>Nab\u00edje\u010dka Bosch EXAL18V-320 EXPERT - Wilhelm Hundt GmbH<\/title>\n<meta name=\"robots\" content=\"index, follow, max-snippet:-1, max-image-preview:large, max-video-preview:-1\" \/>\n<link rel=\"canonical\" href=\"https:\/\/hundtgroup.com\/cs\/produkt\/nabijecka-bosch-exal18v-320-expert\/\" \/>\n<meta property=\"og:locale\" content=\"cs_CZ\" \/>\n<meta property=\"og:type\" content=\"article\" \/>\n<meta property=\"og:title\" content=\"Nab\u00edje\u010dka Bosch EXAL18V-320 EXPERT - Wilhelm Hundt GmbH\" \/>\n<meta property=\"og:description\" content=\"A\u017e 6kr\u00e1t rychlej\u0161\u00ed ne\u017e profesion\u00e1ln\u00ed GAL 18V-40\u00b9 Ultra rychl\u00e9 paraleln\u00ed nab\u00edjen\u00ed: Pln\u00e9 nabit\u00ed dvou akumul\u00e1tor\u016f EXPERT EXBA18V-80 za 39 minut Ultra Speed Tech: Paraleln\u00ed nab\u00edjen\u00ed s proudem 16 A na nab\u00edjec\u00ed \u0161achtu M\u00e9n\u011b prostoj\u016f: Aktivn\u00ed chlazen\u00ed vzduchem 3.0 chlad\u00ed akumul\u00e1tory, zat\u00edmco nab\u00edjen\u00ed FlexTemp zvy\u0161uje rozsah nab\u00edjec\u00edch teplot akumul\u00e1tor\u016f EXPERT \u0158e\u0161en\u00ed pro mobilitu a skladov\u00e1n\u00ed: Pohodln\u00e9 [&hellip;]\" \/>\n<meta property=\"og:url\" content=\"https:\/\/hundtgroup.com\/cs\/produkt\/nabijecka-bosch-exal18v-320-expert\/\" \/>\n<meta property=\"og:site_name\" content=\"Wilhelm Hundt GmbH\" \/>\n<meta property=\"og:image\" content=\"https:\/\/hundtgroup.com\/wp-content\/uploads\/340869.jpg\" \/>\n\t<meta property=\"og:image:width\" content=\"1200\" \/>\n\t<meta property=\"og:image:height\" content=\"856\" \/>\n\t<meta property=\"og:image:type\" content=\"image\/jpeg\" \/>\n<meta name=\"twitter:card\" content=\"summary_large_image\" \/>\n<script type=\"application\/ld+json\" class=\"yoast-schema-graph\">{\"@context\":\"https:\\\/\\\/schema.org\",\"@graph\":[{\"@type\":\"WebPage\",\"@id\":\"https:\\\/\\\/hundtgroup.com\\\/cs\\\/produkt\\\/nabijecka-bosch-exal18v-320-expert\\\/\",\"url\":\"https:\\\/\\\/hundtgroup.com\\\/cs\\\/produkt\\\/nabijecka-bosch-exal18v-320-expert\\\/\",\"name\":\"Nab\u00edje\u010dka Bosch EXAL18V-320 EXPERT - Wilhelm Hundt GmbH\",\"isPartOf\":{\"@id\":\"https:\\\/\\\/hundtgroup.com\\\/cs\\\/#website\"},\"primaryImageOfPage\":{\"@id\":\"https:\\\/\\\/hundtgroup.com\\\/cs\\\/produkt\\\/nabijecka-bosch-exal18v-320-expert\\\/#primaryimage\"},\"image\":{\"@id\":\"https:\\\/\\\/hundtgroup.com\\\/cs\\\/produkt\\\/nabijecka-bosch-exal18v-320-expert\\\/#primaryimage\"},\"thumbnailUrl\":\"https:\\\/\\\/hundtgroup.com\\\/wp-content\\\/uploads\\\/340869.jpg\",\"datePublished\":\"2026-01-28T09:17:57+00:00\",\"breadcrumb\":{\"@id\":\"https:\\\/\\\/hundtgroup.com\\\/cs\\\/produkt\\\/nabijecka-bosch-exal18v-320-expert\\\/#breadcrumb\"},\"inLanguage\":\"cs\",\"potentialAction\":[{\"@type\":\"ReadAction\",\"target\":[\"https:\\\/\\\/hundtgroup.com\\\/cs\\\/produkt\\\/nabijecka-bosch-exal18v-320-expert\\\/\"]}]},{\"@type\":\"ImageObject\",\"inLanguage\":\"cs\",\"@id\":\"https:\\\/\\\/hundtgroup.com\\\/cs\\\/produkt\\\/nabijecka-bosch-exal18v-320-expert\\\/#primaryimage\",\"url\":\"https:\\\/\\\/hundtgroup.com\\\/wp-content\\\/uploads\\\/340869.jpg\",\"contentUrl\":\"https:\\\/\\\/hundtgroup.com\\\/wp-content\\\/uploads\\\/340869.jpg\",\"width\":1200,\"height\":856},{\"@type\":\"BreadcrumbList\",\"@id\":\"https:\\\/\\\/hundtgroup.com\\\/cs\\\/produkt\\\/nabijecka-bosch-exal18v-320-expert\\\/#breadcrumb\",\"itemListElement\":[{\"@type\":\"ListItem\",\"position\":1,\"name\":\"Startseite\",\"item\":\"https:\\\/\\\/hundtgroup.com\\\/cs\\\/home-nove\\\/\"},{\"@type\":\"ListItem\",\"position\":2,\"name\":\"Obchod\",\"item\":\"https:\\\/\\\/hundtgroup.com\\\/obchod\\\/\"},{\"@type\":\"ListItem\",\"position\":3,\"name\":\"Nab\u00edje\u010dka Bosch EXAL18V-320 EXPERT\"}]},{\"@type\":\"WebSite\",\"@id\":\"https:\\\/\\\/hundtgroup.com\\\/cs\\\/#website\",\"url\":\"https:\\\/\\\/hundtgroup.com\\\/cs\\\/\",\"name\":\"Wilhelm Hundt GmbH\",\"description\":\"V\u00e1\u0161 specialista na stroje a n\u00e1stroje pro zpracov\u00e1n\u00ed plechu\",\"potentialAction\":[{\"@type\":\"SearchAction\",\"target\":{\"@type\":\"EntryPoint\",\"urlTemplate\":\"https:\\\/\\\/hundtgroup.com\\\/cs\\\/?s={search_term_string}\"},\"query-input\":{\"@type\":\"PropertyValueSpecification\",\"valueRequired\":true,\"valueName\":\"search_term_string\"}}],\"inLanguage\":\"cs\"}]}<\/script>\n<!-- \/ Yoast SEO plugin. -->","yoast_head_json":{"title":"Nab\u00edje\u010dka Bosch EXAL18V-320 EXPERT - Wilhelm Hundt GmbH","robots":{"index":"index","follow":"follow","max-snippet":"max-snippet:-1","max-image-preview":"max-image-preview:large","max-video-preview":"max-video-preview:-1"},"canonical":"https:\/\/hundtgroup.com\/cs\/produkt\/nabijecka-bosch-exal18v-320-expert\/","og_locale":"cs_CZ","og_type":"article","og_title":"Nab\u00edje\u010dka Bosch EXAL18V-320 EXPERT - Wilhelm Hundt GmbH","og_description":"A\u017e 6kr\u00e1t rychlej\u0161\u00ed ne\u017e profesion\u00e1ln\u00ed GAL 18V-40\u00b9 Ultra rychl\u00e9 paraleln\u00ed nab\u00edjen\u00ed: Pln\u00e9 nabit\u00ed dvou akumul\u00e1tor\u016f EXPERT EXBA18V-80 za 39 minut Ultra Speed Tech: Paraleln\u00ed nab\u00edjen\u00ed s proudem 16 A na nab\u00edjec\u00ed \u0161achtu M\u00e9n\u011b prostoj\u016f: Aktivn\u00ed chlazen\u00ed vzduchem 3.0 chlad\u00ed akumul\u00e1tory, zat\u00edmco nab\u00edjen\u00ed FlexTemp zvy\u0161uje rozsah nab\u00edjec\u00edch teplot akumul\u00e1tor\u016f EXPERT \u0158e\u0161en\u00ed pro mobilitu a skladov\u00e1n\u00ed: Pohodln\u00e9 [&hellip;]","og_url":"https:\/\/hundtgroup.com\/cs\/produkt\/nabijecka-bosch-exal18v-320-expert\/","og_site_name":"Wilhelm Hundt GmbH","og_image":[{"width":1200,"height":856,"url":"https:\/\/hundtgroup.com\/wp-content\/uploads\/340869.jpg","type":"image\/jpeg"}],"twitter_card":"summary_large_image","schema":{"@context":"https:\/\/schema.org","@graph":[{"@type":"WebPage","@id":"https:\/\/hundtgroup.com\/cs\/produkt\/nabijecka-bosch-exal18v-320-expert\/","url":"https:\/\/hundtgroup.com\/cs\/produkt\/nabijecka-bosch-exal18v-320-expert\/","name":"Nab\u00edje\u010dka Bosch EXAL18V-320 EXPERT - Wilhelm Hundt GmbH","isPartOf":{"@id":"https:\/\/hundtgroup.com\/cs\/#website"},"primaryImageOfPage":{"@id":"https:\/\/hundtgroup.com\/cs\/produkt\/nabijecka-bosch-exal18v-320-expert\/#primaryimage"},"image":{"@id":"https:\/\/hundtgroup.com\/cs\/produkt\/nabijecka-bosch-exal18v-320-expert\/#primaryimage"},"thumbnailUrl":"https:\/\/hundtgroup.com\/wp-content\/uploads\/340869.jpg","datePublished":"2026-01-28T09:17:57+00:00","breadcrumb":{"@id":"https:\/\/hundtgroup.com\/cs\/produkt\/nabijecka-bosch-exal18v-320-expert\/#breadcrumb"},"inLanguage":"cs","potentialAction":[{"@type":"ReadAction","target":["https:\/\/hundtgroup.com\/cs\/produkt\/nabijecka-bosch-exal18v-320-expert\/"]}]},{"@type":"ImageObject","inLanguage":"cs","@id":"https:\/\/hundtgroup.com\/cs\/produkt\/nabijecka-bosch-exal18v-320-expert\/#primaryimage","url":"https:\/\/hundtgroup.com\/wp-content\/uploads\/340869.jpg","contentUrl":"https:\/\/hundtgroup.com\/wp-content\/uploads\/340869.jpg","width":1200,"height":856},{"@type":"BreadcrumbList","@id":"https:\/\/hundtgroup.com\/cs\/produkt\/nabijecka-bosch-exal18v-320-expert\/#breadcrumb","itemListElement":[{"@type":"ListItem","position":1,"name":"Startseite","item":"https:\/\/hundtgroup.com\/cs\/home-nove\/"},{"@type":"ListItem","position":2,"name":"Obchod","item":"https:\/\/hundtgroup.com\/obchod\/"},{"@type":"ListItem","position":3,"name":"Nab\u00edje\u010dka Bosch EXAL18V-320 EXPERT"}]},{"@type":"WebSite","@id":"https:\/\/hundtgroup.com\/cs\/#website","url":"https:\/\/hundtgroup.com\/cs\/","name":"Wilhelm Hundt GmbH","description":"V\u00e1\u0161 specialista na stroje a n\u00e1stroje pro zpracov\u00e1n\u00ed plechu","potentialAction":[{"@type":"SearchAction","target":{"@type":"EntryPoint","urlTemplate":"https:\/\/hundtgroup.com\/cs\/?s={search_term_string}"},"query-input":{"@type":"PropertyValueSpecification","valueRequired":true,"valueName":"search_term_string"}}],"inLanguage":"cs"}]}},"_links":{"self":[{"href":"https:\/\/hundtgroup.com\/cs\/wp-json\/wp\/v2\/product\/41031","targetHints":{"allow":["GET"]}}],"collection":[{"href":"https:\/\/hundtgroup.com\/cs\/wp-json\/wp\/v2\/product"}],"about":[{"href":"https:\/\/hundtgroup.com\/cs\/wp-json\/wp\/v2\/types\/product"}],"wp:featuredmedia":[{"embeddable":true,"href":"https:\/\/hundtgroup.com\/cs\/wp-json\/wp\/v2\/media\/41032"}],"wp:attachment":[{"href":"https:\/\/hundtgroup.com\/cs\/wp-json\/wp\/v2\/media?parent=41031"}],"wp:term":[{"taxonomy":"product_cat","embeddable":true,"href":"https:\/\/hundtgroup.com\/cs\/wp-json\/wp\/v2\/product_cat?post=41031"},{"taxonomy":"product_tag","embeddable":true,"href":"https:\/\/hundtgroup.com\/cs\/wp-json\/wp\/v2\/product_tag?post=41031"}],"curies":[{"name":"wp","href":"https:\/\/api.w.org\/{rel}","templated":true}]}}