{"id":41310,"date":"2026-01-28T10:17:52","date_gmt":"2026-01-28T09:17:52","guid":{"rendered":"https:\/\/hundtgroup.com\/produkt\/nahradni-baterie-bosch-expert-2x-40-ah\/"},"modified":"2026-01-28T10:17:52","modified_gmt":"2026-01-28T09:17:52","slug":"nahradni-baterie-bosch-expert-2x-40-ah","status":"publish","type":"product","link":"https:\/\/hundtgroup.com\/cs\/produkt\/nahradni-baterie-bosch-expert-2x-40-ah\/","title":{"rendered":"N\u00e1hradn\u00ed baterie Bosch EXPERT 2x 4,0 Ah"},"content":{"rendered":"<p>A\u017e 2x vy\u0161\u0161\u00ed maxim\u00e1ln\u00ed v\u00fdkon ne\u017e u profesion\u00e1ln\u00ed baterie GBA 18V 4,0Ah\u00b9<br \/>\nVysok\u00fd v\u00fdkon: Maxim\u00e1ln\u00ed v\u00fdkon a\u017e 2000 W pro n\u00e1ro\u010dn\u00e9 aplikace (intern\u00ed laboratorn\u00ed test, okam\u017eit\u00fd maxim\u00e1ln\u00ed v\u00fdkon, pln\u011b nabit\u00e1, nov\u00e1 baterie)<br \/>\nV\u00fdkonn\u00e9 beztabulkov\u00e9 \u010dl\u00e1nky: Ni\u017e\u0161\u00ed vnit\u0159n\u00ed odpor pro vysok\u00fd v\u00fdkon a vynikaj\u00edc\u00ed energetickou hustotu<br \/>\nDlouh\u00e1 \u017eivotnost: Robustn\u00ed konstrukce, zes\u00edlen\u00e9 pouzdro a vynikaj\u00edc\u00ed tepeln\u00fd management s technologi\u00ed COOLPACK 2.0 a beztabulkov\u00fdmi \u010dl\u00e1nky<br \/>\nJeden akumul\u00e1tor pro v\u0161echny: Kompatibiln\u00ed se syst\u00e9mem Bosch Professional 18V a alianc\u00ed akumul\u00e1tor\u016f AMPShare nap\u0159\u00ed\u010d zna\u010dkami.<\/p>\n","protected":false},"excerpt":{"rendered":"<p>A\u017e 2x vy\u0161\u0161\u00ed maxim\u00e1ln\u00ed v\u00fdkon ne\u017e u profesion\u00e1ln\u00ed baterie GBA 18V 4,0Ah\u00b9 Vysok\u00fd v\u00fdkon: Maxim\u00e1ln\u00ed v\u00fdkon a\u017e 2000 W pro n\u00e1ro\u010dn\u00e9 aplikace (intern\u00ed laboratorn\u00ed test, okam\u017eit\u00fd maxim\u00e1ln\u00ed v\u00fdkon, pln\u011b nabit\u00e1, nov\u00e1 baterie) V\u00fdkonn\u00e9 beztabulkov\u00e9 \u010dl\u00e1nky: Ni\u017e\u0161\u00ed vnit\u0159n\u00ed odpor pro vysok\u00fd v\u00fdkon a vynikaj\u00edc\u00ed energetickou hustotu Dlouh\u00e1 \u017eivotnost: Robustn\u00ed konstrukce, zes\u00edlen\u00e9 pouzdro a vynikaj\u00edc\u00ed tepeln\u00fd management [&hellip;]<\/p>\n","protected":false},"featured_media":41312,"template":"","meta":{"_acf_changed":false,"inline_featured_image":false},"product_cat":[1549,1557],"product_tag":[],"class_list":{"0":"post-41310","1":"product","2":"type-product","3":"status-publish","4":"has-post-thumbnail","6":"brand-bosch-expert","7":"product_cat-baterie-elektricke-prislusenstvi","8":"product_cat-baterie-cs","10":"first","11":"instock","12":"taxable","13":"shipping-taxable","14":"purchasable","15":"product-type-simple","16":"add-to-wishlist-before_image"},"acf":[],"yoast_head":"<!-- This site is optimized with the Yoast SEO plugin v27.3 - https:\/\/yoast.com\/product\/yoast-seo-wordpress\/ -->\n<title>N\u00e1hradn\u00ed baterie Bosch EXPERT 2x 4,0 Ah - Wilhelm Hundt GmbH<\/title>\n<meta name=\"robots\" content=\"index, follow, max-snippet:-1, max-image-preview:large, max-video-preview:-1\" \/>\n<link rel=\"canonical\" href=\"https:\/\/hundtgroup.com\/cs\/produkt\/nahradni-baterie-bosch-expert-2x-40-ah\/\" \/>\n<meta property=\"og:locale\" content=\"cs_CZ\" \/>\n<meta property=\"og:type\" content=\"article\" \/>\n<meta property=\"og:title\" content=\"N\u00e1hradn\u00ed baterie Bosch EXPERT 2x 4,0 Ah - Wilhelm Hundt GmbH\" \/>\n<meta property=\"og:description\" content=\"A\u017e 2x vy\u0161\u0161\u00ed maxim\u00e1ln\u00ed v\u00fdkon ne\u017e u profesion\u00e1ln\u00ed baterie GBA 18V 4,0Ah\u00b9 Vysok\u00fd v\u00fdkon: Maxim\u00e1ln\u00ed v\u00fdkon a\u017e 2000 W pro n\u00e1ro\u010dn\u00e9 aplikace (intern\u00ed laboratorn\u00ed test, okam\u017eit\u00fd maxim\u00e1ln\u00ed v\u00fdkon, pln\u011b nabit\u00e1, nov\u00e1 baterie) V\u00fdkonn\u00e9 beztabulkov\u00e9 \u010dl\u00e1nky: Ni\u017e\u0161\u00ed vnit\u0159n\u00ed odpor pro vysok\u00fd v\u00fdkon a vynikaj\u00edc\u00ed energetickou hustotu Dlouh\u00e1 \u017eivotnost: Robustn\u00ed konstrukce, zes\u00edlen\u00e9 pouzdro a vynikaj\u00edc\u00ed tepeln\u00fd management [&hellip;]\" \/>\n<meta property=\"og:url\" content=\"https:\/\/hundtgroup.com\/cs\/produkt\/nahradni-baterie-bosch-expert-2x-40-ah\/\" \/>\n<meta property=\"og:site_name\" content=\"Wilhelm Hundt GmbH\" \/>\n<meta property=\"og:image\" content=\"https:\/\/hundtgroup.com\/wp-content\/uploads\/340857.jpg\" \/>\n\t<meta property=\"og:image:width\" content=\"500\" \/>\n\t<meta property=\"og:image:height\" content=\"500\" \/>\n\t<meta property=\"og:image:type\" content=\"image\/jpeg\" \/>\n<meta name=\"twitter:card\" content=\"summary_large_image\" \/>\n<meta name=\"twitter:label1\" content=\"Odhadovan\u00e1 doba \u010dten\u00ed\" \/>\n\t<meta name=\"twitter:data1\" content=\"1 minuta\" \/>\n<script type=\"application\/ld+json\" class=\"yoast-schema-graph\">{\"@context\":\"https:\\\/\\\/schema.org\",\"@graph\":[{\"@type\":\"WebPage\",\"@id\":\"https:\\\/\\\/hundtgroup.com\\\/cs\\\/produkt\\\/nahradni-baterie-bosch-expert-2x-40-ah\\\/\",\"url\":\"https:\\\/\\\/hundtgroup.com\\\/cs\\\/produkt\\\/nahradni-baterie-bosch-expert-2x-40-ah\\\/\",\"name\":\"N\u00e1hradn\u00ed baterie Bosch EXPERT 2x 4,0 Ah - Wilhelm Hundt GmbH\",\"isPartOf\":{\"@id\":\"https:\\\/\\\/hundtgroup.com\\\/cs\\\/#website\"},\"primaryImageOfPage\":{\"@id\":\"https:\\\/\\\/hundtgroup.com\\\/cs\\\/produkt\\\/nahradni-baterie-bosch-expert-2x-40-ah\\\/#primaryimage\"},\"image\":{\"@id\":\"https:\\\/\\\/hundtgroup.com\\\/cs\\\/produkt\\\/nahradni-baterie-bosch-expert-2x-40-ah\\\/#primaryimage\"},\"thumbnailUrl\":\"https:\\\/\\\/hundtgroup.com\\\/wp-content\\\/uploads\\\/340857.jpg\",\"datePublished\":\"2026-01-28T09:17:52+00:00\",\"breadcrumb\":{\"@id\":\"https:\\\/\\\/hundtgroup.com\\\/cs\\\/produkt\\\/nahradni-baterie-bosch-expert-2x-40-ah\\\/#breadcrumb\"},\"inLanguage\":\"cs\",\"potentialAction\":[{\"@type\":\"ReadAction\",\"target\":[\"https:\\\/\\\/hundtgroup.com\\\/cs\\\/produkt\\\/nahradni-baterie-bosch-expert-2x-40-ah\\\/\"]}]},{\"@type\":\"ImageObject\",\"inLanguage\":\"cs\",\"@id\":\"https:\\\/\\\/hundtgroup.com\\\/cs\\\/produkt\\\/nahradni-baterie-bosch-expert-2x-40-ah\\\/#primaryimage\",\"url\":\"https:\\\/\\\/hundtgroup.com\\\/wp-content\\\/uploads\\\/340857.jpg\",\"contentUrl\":\"https:\\\/\\\/hundtgroup.com\\\/wp-content\\\/uploads\\\/340857.jpg\",\"width\":500,\"height\":500},{\"@type\":\"BreadcrumbList\",\"@id\":\"https:\\\/\\\/hundtgroup.com\\\/cs\\\/produkt\\\/nahradni-baterie-bosch-expert-2x-40-ah\\\/#breadcrumb\",\"itemListElement\":[{\"@type\":\"ListItem\",\"position\":1,\"name\":\"Startseite\",\"item\":\"https:\\\/\\\/hundtgroup.com\\\/cs\\\/home-nove\\\/\"},{\"@type\":\"ListItem\",\"position\":2,\"name\":\"Obchod\",\"item\":\"https:\\\/\\\/hundtgroup.com\\\/obchod\\\/\"},{\"@type\":\"ListItem\",\"position\":3,\"name\":\"N\u00e1hradn\u00ed baterie Bosch EXPERT 2x 4,0 Ah\"}]},{\"@type\":\"WebSite\",\"@id\":\"https:\\\/\\\/hundtgroup.com\\\/cs\\\/#website\",\"url\":\"https:\\\/\\\/hundtgroup.com\\\/cs\\\/\",\"name\":\"Wilhelm Hundt GmbH\",\"description\":\"V\u00e1\u0161 specialista na stroje a n\u00e1stroje pro zpracov\u00e1n\u00ed plechu\",\"potentialAction\":[{\"@type\":\"SearchAction\",\"target\":{\"@type\":\"EntryPoint\",\"urlTemplate\":\"https:\\\/\\\/hundtgroup.com\\\/cs\\\/?s={search_term_string}\"},\"query-input\":{\"@type\":\"PropertyValueSpecification\",\"valueRequired\":true,\"valueName\":\"search_term_string\"}}],\"inLanguage\":\"cs\"}]}<\/script>\n<!-- \/ Yoast SEO plugin. -->","yoast_head_json":{"title":"N\u00e1hradn\u00ed baterie Bosch EXPERT 2x 4,0 Ah - Wilhelm Hundt GmbH","robots":{"index":"index","follow":"follow","max-snippet":"max-snippet:-1","max-image-preview":"max-image-preview:large","max-video-preview":"max-video-preview:-1"},"canonical":"https:\/\/hundtgroup.com\/cs\/produkt\/nahradni-baterie-bosch-expert-2x-40-ah\/","og_locale":"cs_CZ","og_type":"article","og_title":"N\u00e1hradn\u00ed baterie Bosch EXPERT 2x 4,0 Ah - Wilhelm Hundt GmbH","og_description":"A\u017e 2x vy\u0161\u0161\u00ed maxim\u00e1ln\u00ed v\u00fdkon ne\u017e u profesion\u00e1ln\u00ed baterie GBA 18V 4,0Ah\u00b9 Vysok\u00fd v\u00fdkon: Maxim\u00e1ln\u00ed v\u00fdkon a\u017e 2000 W pro n\u00e1ro\u010dn\u00e9 aplikace (intern\u00ed laboratorn\u00ed test, okam\u017eit\u00fd maxim\u00e1ln\u00ed v\u00fdkon, pln\u011b nabit\u00e1, nov\u00e1 baterie) V\u00fdkonn\u00e9 beztabulkov\u00e9 \u010dl\u00e1nky: Ni\u017e\u0161\u00ed vnit\u0159n\u00ed odpor pro vysok\u00fd v\u00fdkon a vynikaj\u00edc\u00ed energetickou hustotu Dlouh\u00e1 \u017eivotnost: Robustn\u00ed konstrukce, zes\u00edlen\u00e9 pouzdro a vynikaj\u00edc\u00ed tepeln\u00fd management [&hellip;]","og_url":"https:\/\/hundtgroup.com\/cs\/produkt\/nahradni-baterie-bosch-expert-2x-40-ah\/","og_site_name":"Wilhelm Hundt GmbH","og_image":[{"width":500,"height":500,"url":"https:\/\/hundtgroup.com\/wp-content\/uploads\/340857.jpg","type":"image\/jpeg"}],"twitter_card":"summary_large_image","twitter_misc":{"Odhadovan\u00e1 doba \u010dten\u00ed":"1 minuta"},"schema":{"@context":"https:\/\/schema.org","@graph":[{"@type":"WebPage","@id":"https:\/\/hundtgroup.com\/cs\/produkt\/nahradni-baterie-bosch-expert-2x-40-ah\/","url":"https:\/\/hundtgroup.com\/cs\/produkt\/nahradni-baterie-bosch-expert-2x-40-ah\/","name":"N\u00e1hradn\u00ed baterie Bosch EXPERT 2x 4,0 Ah - Wilhelm Hundt GmbH","isPartOf":{"@id":"https:\/\/hundtgroup.com\/cs\/#website"},"primaryImageOfPage":{"@id":"https:\/\/hundtgroup.com\/cs\/produkt\/nahradni-baterie-bosch-expert-2x-40-ah\/#primaryimage"},"image":{"@id":"https:\/\/hundtgroup.com\/cs\/produkt\/nahradni-baterie-bosch-expert-2x-40-ah\/#primaryimage"},"thumbnailUrl":"https:\/\/hundtgroup.com\/wp-content\/uploads\/340857.jpg","datePublished":"2026-01-28T09:17:52+00:00","breadcrumb":{"@id":"https:\/\/hundtgroup.com\/cs\/produkt\/nahradni-baterie-bosch-expert-2x-40-ah\/#breadcrumb"},"inLanguage":"cs","potentialAction":[{"@type":"ReadAction","target":["https:\/\/hundtgroup.com\/cs\/produkt\/nahradni-baterie-bosch-expert-2x-40-ah\/"]}]},{"@type":"ImageObject","inLanguage":"cs","@id":"https:\/\/hundtgroup.com\/cs\/produkt\/nahradni-baterie-bosch-expert-2x-40-ah\/#primaryimage","url":"https:\/\/hundtgroup.com\/wp-content\/uploads\/340857.jpg","contentUrl":"https:\/\/hundtgroup.com\/wp-content\/uploads\/340857.jpg","width":500,"height":500},{"@type":"BreadcrumbList","@id":"https:\/\/hundtgroup.com\/cs\/produkt\/nahradni-baterie-bosch-expert-2x-40-ah\/#breadcrumb","itemListElement":[{"@type":"ListItem","position":1,"name":"Startseite","item":"https:\/\/hundtgroup.com\/cs\/home-nove\/"},{"@type":"ListItem","position":2,"name":"Obchod","item":"https:\/\/hundtgroup.com\/obchod\/"},{"@type":"ListItem","position":3,"name":"N\u00e1hradn\u00ed baterie Bosch EXPERT 2x 4,0 Ah"}]},{"@type":"WebSite","@id":"https:\/\/hundtgroup.com\/cs\/#website","url":"https:\/\/hundtgroup.com\/cs\/","name":"Wilhelm Hundt GmbH","description":"V\u00e1\u0161 specialista na stroje a n\u00e1stroje pro zpracov\u00e1n\u00ed plechu","potentialAction":[{"@type":"SearchAction","target":{"@type":"EntryPoint","urlTemplate":"https:\/\/hundtgroup.com\/cs\/?s={search_term_string}"},"query-input":{"@type":"PropertyValueSpecification","valueRequired":true,"valueName":"search_term_string"}}],"inLanguage":"cs"}]}},"_links":{"self":[{"href":"https:\/\/hundtgroup.com\/cs\/wp-json\/wp\/v2\/product\/41310","targetHints":{"allow":["GET"]}}],"collection":[{"href":"https:\/\/hundtgroup.com\/cs\/wp-json\/wp\/v2\/product"}],"about":[{"href":"https:\/\/hundtgroup.com\/cs\/wp-json\/wp\/v2\/types\/product"}],"wp:featuredmedia":[{"embeddable":true,"href":"https:\/\/hundtgroup.com\/cs\/wp-json\/wp\/v2\/media\/41312"}],"wp:attachment":[{"href":"https:\/\/hundtgroup.com\/cs\/wp-json\/wp\/v2\/media?parent=41310"}],"wp:term":[{"taxonomy":"product_cat","embeddable":true,"href":"https:\/\/hundtgroup.com\/cs\/wp-json\/wp\/v2\/product_cat?post=41310"},{"taxonomy":"product_tag","embeddable":true,"href":"https:\/\/hundtgroup.com\/cs\/wp-json\/wp\/v2\/product_tag?post=41310"}],"curies":[{"name":"wp","href":"https:\/\/api.w.org\/{rel}","templated":true}]}}