{"id":41503,"date":"2026-01-28T10:17:35","date_gmt":"2026-01-28T09:17:35","guid":{"rendered":"https:\/\/hundtgroup.com\/produkt\/akumulatorova-diamantova-vrtacka-bosch-exdb18v2-180-solo\/"},"modified":"2026-01-28T10:17:35","modified_gmt":"2026-01-28T09:17:35","slug":"akumulatorova-diamantova-vrtacka-bosch-exdb18v2-180-solo","status":"publish","type":"product","link":"https:\/\/hundtgroup.com\/cs\/produkt\/akumulatorova-diamantova-vrtacka-bosch-exdb18v2-180-solo\/","title":{"rendered":"Akumul\u00e1torov\u00e1 diamantov\u00e1 vrta\u010dka Bosch EXDB18V2-180 solo"},"content":{"rendered":"<p>Vynikaj\u00edc\u00ed v\u00fdkon: Ekvivalentn\u00ed p\u0159\u00edkon 2500 W p\u0159i pou\u017eit\u00ed kabelu pro rychlej\u0161\u00ed vrt\u00e1n\u00ed i do t\u011bch nejtvrd\u0161\u00edch materi\u00e1l\u016f a\u017e do pr\u016fm\u011bru 180 mm<br \/>\nBITURBO BRUSHLESS: Vysoce v\u00fdkonn\u00fd motor a pohonn\u00fd syst\u00e9m 2x18V se 2 p\u0159evodovkami, navr\u017een\u00fd pro extr\u00e9mn\u00ed v\u00fdkon akumul\u00e1tor\u016f EXPERT<br \/>\nPokro\u010dil\u00e1 ochrana: Minimalizuje riziko poran\u011bn\u00ed vypnut\u00edm v p\u0159\u00edpad\u011b zaseknut\u00ed vrt\u00e1ku<br \/>\nV\u00fdkonn\u00fd univerz\u00e1ln\u00ed p\u0159\u00edstroj: Stojanov\u00fd a ru\u010dn\u00ed provoz, stejn\u011b jako mokr\u00e9 a such\u00e9 vrt\u00e1n\u00ed pro pr\u00e1ci se v\u0161emi typy materi\u00e1l\u016f.<\/p>\n","protected":false},"excerpt":{"rendered":"<p>Vynikaj\u00edc\u00ed v\u00fdkon: Ekvivalentn\u00ed p\u0159\u00edkon 2500 W p\u0159i pou\u017eit\u00ed kabelu pro rychlej\u0161\u00ed vrt\u00e1n\u00ed i do t\u011bch nejtvrd\u0161\u00edch materi\u00e1l\u016f a\u017e do pr\u016fm\u011bru 180 mm BITURBO BRUSHLESS: Vysoce v\u00fdkonn\u00fd motor a pohonn\u00fd syst\u00e9m 2x18V se 2 p\u0159evodovkami, navr\u017een\u00fd pro extr\u00e9mn\u00ed v\u00fdkon akumul\u00e1tor\u016f EXPERT Pokro\u010dil\u00e1 ochrana: Minimalizuje riziko poran\u011bn\u00ed vypnut\u00edm v p\u0159\u00edpad\u011b zaseknut\u00ed vrt\u00e1ku V\u00fdkonn\u00fd univerz\u00e1ln\u00ed p\u0159\u00edstroj: Stojanov\u00fd a [&hellip;]<\/p>\n","protected":false},"featured_media":41504,"template":"","meta":{"_acf_changed":false,"inline_featured_image":false},"product_cat":[3354,649],"product_tag":[],"class_list":{"0":"post-41503","1":"product","2":"type-product","3":"status-publish","4":"has-post-thumbnail","6":"brand-bosch-expert","7":"product_cat-diamantove-vrtaci-stroje","8":"product_cat-bateriove-nastroje","10":"first","11":"instock","12":"taxable","13":"shipping-taxable","14":"purchasable","15":"product-type-simple","16":"add-to-wishlist-before_image"},"acf":[],"yoast_head":"<!-- This site is optimized with the Yoast SEO plugin v27.3 - https:\/\/yoast.com\/product\/yoast-seo-wordpress\/ -->\n<title>Akumul\u00e1torov\u00e1 diamantov\u00e1 vrta\u010dka Bosch EXDB18V2-180 solo - Wilhelm Hundt GmbH<\/title>\n<meta name=\"robots\" content=\"index, follow, max-snippet:-1, max-image-preview:large, max-video-preview:-1\" \/>\n<link rel=\"canonical\" href=\"https:\/\/hundtgroup.com\/cs\/produkt\/akumulatorova-diamantova-vrtacka-bosch-exdb18v2-180-solo\/\" \/>\n<meta property=\"og:locale\" content=\"cs_CZ\" \/>\n<meta property=\"og:type\" content=\"article\" \/>\n<meta property=\"og:title\" content=\"Akumul\u00e1torov\u00e1 diamantov\u00e1 vrta\u010dka Bosch EXDB18V2-180 solo - Wilhelm Hundt GmbH\" \/>\n<meta property=\"og:description\" content=\"Vynikaj\u00edc\u00ed v\u00fdkon: Ekvivalentn\u00ed p\u0159\u00edkon 2500 W p\u0159i pou\u017eit\u00ed kabelu pro rychlej\u0161\u00ed vrt\u00e1n\u00ed i do t\u011bch nejtvrd\u0161\u00edch materi\u00e1l\u016f a\u017e do pr\u016fm\u011bru 180 mm BITURBO BRUSHLESS: Vysoce v\u00fdkonn\u00fd motor a pohonn\u00fd syst\u00e9m 2x18V se 2 p\u0159evodovkami, navr\u017een\u00fd pro extr\u00e9mn\u00ed v\u00fdkon akumul\u00e1tor\u016f EXPERT Pokro\u010dil\u00e1 ochrana: Minimalizuje riziko poran\u011bn\u00ed vypnut\u00edm v p\u0159\u00edpad\u011b zaseknut\u00ed vrt\u00e1ku V\u00fdkonn\u00fd univerz\u00e1ln\u00ed p\u0159\u00edstroj: Stojanov\u00fd a [&hellip;]\" \/>\n<meta property=\"og:url\" content=\"https:\/\/hundtgroup.com\/cs\/produkt\/akumulatorova-diamantova-vrtacka-bosch-exdb18v2-180-solo\/\" \/>\n<meta property=\"og:site_name\" content=\"Wilhelm Hundt GmbH\" \/>\n<meta property=\"og:image\" content=\"https:\/\/hundtgroup.com\/wp-content\/uploads\/340813.jpg\" \/>\n\t<meta property=\"og:image:width\" content=\"800\" \/>\n\t<meta property=\"og:image:height\" content=\"600\" \/>\n\t<meta property=\"og:image:type\" content=\"image\/jpeg\" \/>\n<meta name=\"twitter:card\" content=\"summary_large_image\" \/>\n<script type=\"application\/ld+json\" class=\"yoast-schema-graph\">{\"@context\":\"https:\\\/\\\/schema.org\",\"@graph\":[{\"@type\":\"WebPage\",\"@id\":\"https:\\\/\\\/hundtgroup.com\\\/cs\\\/produkt\\\/akumulatorova-diamantova-vrtacka-bosch-exdb18v2-180-solo\\\/\",\"url\":\"https:\\\/\\\/hundtgroup.com\\\/cs\\\/produkt\\\/akumulatorova-diamantova-vrtacka-bosch-exdb18v2-180-solo\\\/\",\"name\":\"Akumul\u00e1torov\u00e1 diamantov\u00e1 vrta\u010dka Bosch EXDB18V2-180 solo - Wilhelm Hundt GmbH\",\"isPartOf\":{\"@id\":\"https:\\\/\\\/hundtgroup.com\\\/cs\\\/#website\"},\"primaryImageOfPage\":{\"@id\":\"https:\\\/\\\/hundtgroup.com\\\/cs\\\/produkt\\\/akumulatorova-diamantova-vrtacka-bosch-exdb18v2-180-solo\\\/#primaryimage\"},\"image\":{\"@id\":\"https:\\\/\\\/hundtgroup.com\\\/cs\\\/produkt\\\/akumulatorova-diamantova-vrtacka-bosch-exdb18v2-180-solo\\\/#primaryimage\"},\"thumbnailUrl\":\"https:\\\/\\\/hundtgroup.com\\\/wp-content\\\/uploads\\\/340813.jpg\",\"datePublished\":\"2026-01-28T09:17:35+00:00\",\"breadcrumb\":{\"@id\":\"https:\\\/\\\/hundtgroup.com\\\/cs\\\/produkt\\\/akumulatorova-diamantova-vrtacka-bosch-exdb18v2-180-solo\\\/#breadcrumb\"},\"inLanguage\":\"cs\",\"potentialAction\":[{\"@type\":\"ReadAction\",\"target\":[\"https:\\\/\\\/hundtgroup.com\\\/cs\\\/produkt\\\/akumulatorova-diamantova-vrtacka-bosch-exdb18v2-180-solo\\\/\"]}]},{\"@type\":\"ImageObject\",\"inLanguage\":\"cs\",\"@id\":\"https:\\\/\\\/hundtgroup.com\\\/cs\\\/produkt\\\/akumulatorova-diamantova-vrtacka-bosch-exdb18v2-180-solo\\\/#primaryimage\",\"url\":\"https:\\\/\\\/hundtgroup.com\\\/wp-content\\\/uploads\\\/340813.jpg\",\"contentUrl\":\"https:\\\/\\\/hundtgroup.com\\\/wp-content\\\/uploads\\\/340813.jpg\",\"width\":800,\"height\":600},{\"@type\":\"BreadcrumbList\",\"@id\":\"https:\\\/\\\/hundtgroup.com\\\/cs\\\/produkt\\\/akumulatorova-diamantova-vrtacka-bosch-exdb18v2-180-solo\\\/#breadcrumb\",\"itemListElement\":[{\"@type\":\"ListItem\",\"position\":1,\"name\":\"Startseite\",\"item\":\"https:\\\/\\\/hundtgroup.com\\\/cs\\\/home-nove\\\/\"},{\"@type\":\"ListItem\",\"position\":2,\"name\":\"Obchod\",\"item\":\"https:\\\/\\\/hundtgroup.com\\\/obchod\\\/\"},{\"@type\":\"ListItem\",\"position\":3,\"name\":\"Akumul\u00e1torov\u00e1 diamantov\u00e1 vrta\u010dka Bosch EXDB18V2-180 solo\"}]},{\"@type\":\"WebSite\",\"@id\":\"https:\\\/\\\/hundtgroup.com\\\/cs\\\/#website\",\"url\":\"https:\\\/\\\/hundtgroup.com\\\/cs\\\/\",\"name\":\"Wilhelm Hundt GmbH\",\"description\":\"V\u00e1\u0161 specialista na stroje a n\u00e1stroje pro zpracov\u00e1n\u00ed plechu\",\"potentialAction\":[{\"@type\":\"SearchAction\",\"target\":{\"@type\":\"EntryPoint\",\"urlTemplate\":\"https:\\\/\\\/hundtgroup.com\\\/cs\\\/?s={search_term_string}\"},\"query-input\":{\"@type\":\"PropertyValueSpecification\",\"valueRequired\":true,\"valueName\":\"search_term_string\"}}],\"inLanguage\":\"cs\"}]}<\/script>\n<!-- \/ Yoast SEO plugin. -->","yoast_head_json":{"title":"Akumul\u00e1torov\u00e1 diamantov\u00e1 vrta\u010dka Bosch EXDB18V2-180 solo - Wilhelm Hundt GmbH","robots":{"index":"index","follow":"follow","max-snippet":"max-snippet:-1","max-image-preview":"max-image-preview:large","max-video-preview":"max-video-preview:-1"},"canonical":"https:\/\/hundtgroup.com\/cs\/produkt\/akumulatorova-diamantova-vrtacka-bosch-exdb18v2-180-solo\/","og_locale":"cs_CZ","og_type":"article","og_title":"Akumul\u00e1torov\u00e1 diamantov\u00e1 vrta\u010dka Bosch EXDB18V2-180 solo - Wilhelm Hundt GmbH","og_description":"Vynikaj\u00edc\u00ed v\u00fdkon: Ekvivalentn\u00ed p\u0159\u00edkon 2500 W p\u0159i pou\u017eit\u00ed kabelu pro rychlej\u0161\u00ed vrt\u00e1n\u00ed i do t\u011bch nejtvrd\u0161\u00edch materi\u00e1l\u016f a\u017e do pr\u016fm\u011bru 180 mm BITURBO BRUSHLESS: Vysoce v\u00fdkonn\u00fd motor a pohonn\u00fd syst\u00e9m 2x18V se 2 p\u0159evodovkami, navr\u017een\u00fd pro extr\u00e9mn\u00ed v\u00fdkon akumul\u00e1tor\u016f EXPERT Pokro\u010dil\u00e1 ochrana: Minimalizuje riziko poran\u011bn\u00ed vypnut\u00edm v p\u0159\u00edpad\u011b zaseknut\u00ed vrt\u00e1ku V\u00fdkonn\u00fd univerz\u00e1ln\u00ed p\u0159\u00edstroj: Stojanov\u00fd a [&hellip;]","og_url":"https:\/\/hundtgroup.com\/cs\/produkt\/akumulatorova-diamantova-vrtacka-bosch-exdb18v2-180-solo\/","og_site_name":"Wilhelm Hundt GmbH","og_image":[{"width":800,"height":600,"url":"https:\/\/hundtgroup.com\/wp-content\/uploads\/340813.jpg","type":"image\/jpeg"}],"twitter_card":"summary_large_image","schema":{"@context":"https:\/\/schema.org","@graph":[{"@type":"WebPage","@id":"https:\/\/hundtgroup.com\/cs\/produkt\/akumulatorova-diamantova-vrtacka-bosch-exdb18v2-180-solo\/","url":"https:\/\/hundtgroup.com\/cs\/produkt\/akumulatorova-diamantova-vrtacka-bosch-exdb18v2-180-solo\/","name":"Akumul\u00e1torov\u00e1 diamantov\u00e1 vrta\u010dka Bosch EXDB18V2-180 solo - Wilhelm Hundt GmbH","isPartOf":{"@id":"https:\/\/hundtgroup.com\/cs\/#website"},"primaryImageOfPage":{"@id":"https:\/\/hundtgroup.com\/cs\/produkt\/akumulatorova-diamantova-vrtacka-bosch-exdb18v2-180-solo\/#primaryimage"},"image":{"@id":"https:\/\/hundtgroup.com\/cs\/produkt\/akumulatorova-diamantova-vrtacka-bosch-exdb18v2-180-solo\/#primaryimage"},"thumbnailUrl":"https:\/\/hundtgroup.com\/wp-content\/uploads\/340813.jpg","datePublished":"2026-01-28T09:17:35+00:00","breadcrumb":{"@id":"https:\/\/hundtgroup.com\/cs\/produkt\/akumulatorova-diamantova-vrtacka-bosch-exdb18v2-180-solo\/#breadcrumb"},"inLanguage":"cs","potentialAction":[{"@type":"ReadAction","target":["https:\/\/hundtgroup.com\/cs\/produkt\/akumulatorova-diamantova-vrtacka-bosch-exdb18v2-180-solo\/"]}]},{"@type":"ImageObject","inLanguage":"cs","@id":"https:\/\/hundtgroup.com\/cs\/produkt\/akumulatorova-diamantova-vrtacka-bosch-exdb18v2-180-solo\/#primaryimage","url":"https:\/\/hundtgroup.com\/wp-content\/uploads\/340813.jpg","contentUrl":"https:\/\/hundtgroup.com\/wp-content\/uploads\/340813.jpg","width":800,"height":600},{"@type":"BreadcrumbList","@id":"https:\/\/hundtgroup.com\/cs\/produkt\/akumulatorova-diamantova-vrtacka-bosch-exdb18v2-180-solo\/#breadcrumb","itemListElement":[{"@type":"ListItem","position":1,"name":"Startseite","item":"https:\/\/hundtgroup.com\/cs\/home-nove\/"},{"@type":"ListItem","position":2,"name":"Obchod","item":"https:\/\/hundtgroup.com\/obchod\/"},{"@type":"ListItem","position":3,"name":"Akumul\u00e1torov\u00e1 diamantov\u00e1 vrta\u010dka Bosch EXDB18V2-180 solo"}]},{"@type":"WebSite","@id":"https:\/\/hundtgroup.com\/cs\/#website","url":"https:\/\/hundtgroup.com\/cs\/","name":"Wilhelm Hundt GmbH","description":"V\u00e1\u0161 specialista na stroje a n\u00e1stroje pro zpracov\u00e1n\u00ed plechu","potentialAction":[{"@type":"SearchAction","target":{"@type":"EntryPoint","urlTemplate":"https:\/\/hundtgroup.com\/cs\/?s={search_term_string}"},"query-input":{"@type":"PropertyValueSpecification","valueRequired":true,"valueName":"search_term_string"}}],"inLanguage":"cs"}]}},"_links":{"self":[{"href":"https:\/\/hundtgroup.com\/cs\/wp-json\/wp\/v2\/product\/41503","targetHints":{"allow":["GET"]}}],"collection":[{"href":"https:\/\/hundtgroup.com\/cs\/wp-json\/wp\/v2\/product"}],"about":[{"href":"https:\/\/hundtgroup.com\/cs\/wp-json\/wp\/v2\/types\/product"}],"wp:featuredmedia":[{"embeddable":true,"href":"https:\/\/hundtgroup.com\/cs\/wp-json\/wp\/v2\/media\/41504"}],"wp:attachment":[{"href":"https:\/\/hundtgroup.com\/cs\/wp-json\/wp\/v2\/media?parent=41503"}],"wp:term":[{"taxonomy":"product_cat","embeddable":true,"href":"https:\/\/hundtgroup.com\/cs\/wp-json\/wp\/v2\/product_cat?post=41503"},{"taxonomy":"product_tag","embeddable":true,"href":"https:\/\/hundtgroup.com\/cs\/wp-json\/wp\/v2\/product_tag?post=41503"}],"curies":[{"name":"wp","href":"https:\/\/api.w.org\/{rel}","templated":true}]}}