{"id":41551,"date":"2026-01-28T10:17:35","date_gmt":"2026-01-28T09:17:35","guid":{"rendered":"https:\/\/hundtgroup.com\/produkt\/akumulatorova-nahodna-orbitalni-bruska-bosch-exex18v-150-5-solo-2\/"},"modified":"2026-01-28T10:17:35","modified_gmt":"2026-01-28T09:17:35","slug":"akumulatorova-nahodna-orbitalni-bruska-bosch-exex18v-150-5-solo-2","status":"publish","type":"product","link":"https:\/\/hundtgroup.com\/cs\/produkt\/akumulatorova-nahodna-orbitalni-bruska-bosch-exex18v-150-5-solo-2\/","title":{"rendered":"Akumul\u00e1torov\u00e1 n\u00e1hodn\u00e1 orbit\u00e1ln\u00ed bruska Bosch EXEX18V-150-5 solo"},"content":{"rendered":"<p>Vysok\u00e1 rychlost \u00fab\u011bru, rychl\u00fd postup pr\u00e1ce a vysok\u00e1 kvalita povrchu.<br \/>\nVelk\u00fd pr\u016fm\u011br oscila\u010dn\u00edho kruhu: 5 mm oscila\u010dn\u00ed kruh a 150 mm brusn\u00fd kotou\u010d a konstantn\u00ed v\u00fdkon<br \/>\nVynikaj\u00edc\u00ed ergonomie: Vynikaj\u00edc\u00ed vyv\u00e1\u017een\u00ed a n\u00edzk\u00e1 v\u00fd\u0161ka n\u00e1stroje, s rukojet\u00ed bl\u00edzko obrobku, nab\u00edz\u00ed optim\u00e1ln\u00ed ovl\u00e1d\u00e1n\u00ed a snadnou manipulaci jednou nebo ob\u011bma rukama<br \/>\nOchrana proti prachu: V\u00edceotvorov\u00fd brusn\u00fd kotou\u010d s Venturiho vzduchov\u00fdmi kan\u00e1ly a prachov\u00fd box s HEPA filtrem zaji\u0161\u0165uj\u00ed nejlep\u0161\u00ed mo\u017enou ochranu proti prachu.<\/p>\n","protected":false},"excerpt":{"rendered":"<p>Vysok\u00e1 rychlost \u00fab\u011bru, rychl\u00fd postup pr\u00e1ce a vysok\u00e1 kvalita povrchu. Velk\u00fd pr\u016fm\u011br oscila\u010dn\u00edho kruhu: 5 mm oscila\u010dn\u00ed kruh a 150 mm brusn\u00fd kotou\u010d a konstantn\u00ed v\u00fdkon Vynikaj\u00edc\u00ed ergonomie: Vynikaj\u00edc\u00ed vyv\u00e1\u017een\u00ed a n\u00edzk\u00e1 v\u00fd\u0161ka n\u00e1stroje, s rukojet\u00ed bl\u00edzko obrobku, nab\u00edz\u00ed optim\u00e1ln\u00ed ovl\u00e1d\u00e1n\u00ed a snadnou manipulaci jednou nebo ob\u011bma rukama Ochrana proti prachu: V\u00edceotvorov\u00fd brusn\u00fd kotou\u010d s [&hellip;]<\/p>\n","protected":false},"featured_media":41554,"template":"","meta":{"_acf_changed":false,"inline_featured_image":false},"product_cat":[3371,649],"product_tag":[],"class_list":{"0":"post-41551","1":"product","2":"type-product","3":"status-publish","4":"has-post-thumbnail","6":"brand-bosch-expert","7":"product_cat-nahodna-orbitalni-bruska","8":"product_cat-bateriove-nastroje","10":"first","11":"instock","12":"taxable","13":"shipping-taxable","14":"purchasable","15":"product-type-simple","16":"add-to-wishlist-before_image"},"acf":[],"yoast_head":"<!-- This site is optimized with the Yoast SEO plugin v27.3 - https:\/\/yoast.com\/product\/yoast-seo-wordpress\/ -->\n<title>Akumul\u00e1torov\u00e1 n\u00e1hodn\u00e1 orbit\u00e1ln\u00ed bruska Bosch EXEX18V-150-5 solo - Wilhelm Hundt GmbH<\/title>\n<meta name=\"robots\" content=\"index, follow, max-snippet:-1, max-image-preview:large, max-video-preview:-1\" \/>\n<link rel=\"canonical\" href=\"https:\/\/hundtgroup.com\/cs\/produkt\/akumulatorova-nahodna-orbitalni-bruska-bosch-exex18v-150-5-solo-2\/\" \/>\n<meta property=\"og:locale\" content=\"cs_CZ\" \/>\n<meta property=\"og:type\" content=\"article\" \/>\n<meta property=\"og:title\" content=\"Akumul\u00e1torov\u00e1 n\u00e1hodn\u00e1 orbit\u00e1ln\u00ed bruska Bosch EXEX18V-150-5 solo - Wilhelm Hundt GmbH\" \/>\n<meta property=\"og:description\" content=\"Vysok\u00e1 rychlost \u00fab\u011bru, rychl\u00fd postup pr\u00e1ce a vysok\u00e1 kvalita povrchu. Velk\u00fd pr\u016fm\u011br oscila\u010dn\u00edho kruhu: 5 mm oscila\u010dn\u00ed kruh a 150 mm brusn\u00fd kotou\u010d a konstantn\u00ed v\u00fdkon Vynikaj\u00edc\u00ed ergonomie: Vynikaj\u00edc\u00ed vyv\u00e1\u017een\u00ed a n\u00edzk\u00e1 v\u00fd\u0161ka n\u00e1stroje, s rukojet\u00ed bl\u00edzko obrobku, nab\u00edz\u00ed optim\u00e1ln\u00ed ovl\u00e1d\u00e1n\u00ed a snadnou manipulaci jednou nebo ob\u011bma rukama Ochrana proti prachu: V\u00edceotvorov\u00fd brusn\u00fd kotou\u010d s [&hellip;]\" \/>\n<meta property=\"og:url\" content=\"https:\/\/hundtgroup.com\/cs\/produkt\/akumulatorova-nahodna-orbitalni-bruska-bosch-exex18v-150-5-solo-2\/\" \/>\n<meta property=\"og:site_name\" content=\"Wilhelm Hundt GmbH\" \/>\n<meta property=\"og:image\" content=\"https:\/\/hundtgroup.com\/wp-content\/uploads\/340810.jpg\" \/>\n\t<meta property=\"og:image:width\" content=\"600\" \/>\n\t<meta property=\"og:image:height\" content=\"600\" \/>\n\t<meta property=\"og:image:type\" content=\"image\/jpeg\" \/>\n<meta name=\"twitter:card\" content=\"summary_large_image\" \/>\n<script type=\"application\/ld+json\" class=\"yoast-schema-graph\">{\"@context\":\"https:\\\/\\\/schema.org\",\"@graph\":[{\"@type\":\"WebPage\",\"@id\":\"https:\\\/\\\/hundtgroup.com\\\/cs\\\/produkt\\\/akumulatorova-nahodna-orbitalni-bruska-bosch-exex18v-150-5-solo-2\\\/\",\"url\":\"https:\\\/\\\/hundtgroup.com\\\/cs\\\/produkt\\\/akumulatorova-nahodna-orbitalni-bruska-bosch-exex18v-150-5-solo-2\\\/\",\"name\":\"Akumul\u00e1torov\u00e1 n\u00e1hodn\u00e1 orbit\u00e1ln\u00ed bruska Bosch EXEX18V-150-5 solo - Wilhelm Hundt GmbH\",\"isPartOf\":{\"@id\":\"https:\\\/\\\/hundtgroup.com\\\/cs\\\/#website\"},\"primaryImageOfPage\":{\"@id\":\"https:\\\/\\\/hundtgroup.com\\\/cs\\\/produkt\\\/akumulatorova-nahodna-orbitalni-bruska-bosch-exex18v-150-5-solo-2\\\/#primaryimage\"},\"image\":{\"@id\":\"https:\\\/\\\/hundtgroup.com\\\/cs\\\/produkt\\\/akumulatorova-nahodna-orbitalni-bruska-bosch-exex18v-150-5-solo-2\\\/#primaryimage\"},\"thumbnailUrl\":\"https:\\\/\\\/hundtgroup.com\\\/wp-content\\\/uploads\\\/340810.jpg\",\"datePublished\":\"2026-01-28T09:17:35+00:00\",\"breadcrumb\":{\"@id\":\"https:\\\/\\\/hundtgroup.com\\\/cs\\\/produkt\\\/akumulatorova-nahodna-orbitalni-bruska-bosch-exex18v-150-5-solo-2\\\/#breadcrumb\"},\"inLanguage\":\"cs\",\"potentialAction\":[{\"@type\":\"ReadAction\",\"target\":[\"https:\\\/\\\/hundtgroup.com\\\/cs\\\/produkt\\\/akumulatorova-nahodna-orbitalni-bruska-bosch-exex18v-150-5-solo-2\\\/\"]}]},{\"@type\":\"ImageObject\",\"inLanguage\":\"cs\",\"@id\":\"https:\\\/\\\/hundtgroup.com\\\/cs\\\/produkt\\\/akumulatorova-nahodna-orbitalni-bruska-bosch-exex18v-150-5-solo-2\\\/#primaryimage\",\"url\":\"https:\\\/\\\/hundtgroup.com\\\/wp-content\\\/uploads\\\/340810.jpg\",\"contentUrl\":\"https:\\\/\\\/hundtgroup.com\\\/wp-content\\\/uploads\\\/340810.jpg\",\"width\":600,\"height\":600},{\"@type\":\"BreadcrumbList\",\"@id\":\"https:\\\/\\\/hundtgroup.com\\\/cs\\\/produkt\\\/akumulatorova-nahodna-orbitalni-bruska-bosch-exex18v-150-5-solo-2\\\/#breadcrumb\",\"itemListElement\":[{\"@type\":\"ListItem\",\"position\":1,\"name\":\"Startseite\",\"item\":\"https:\\\/\\\/hundtgroup.com\\\/cs\\\/home-nove\\\/\"},{\"@type\":\"ListItem\",\"position\":2,\"name\":\"Obchod\",\"item\":\"https:\\\/\\\/hundtgroup.com\\\/obchod\\\/\"},{\"@type\":\"ListItem\",\"position\":3,\"name\":\"Akumul\u00e1torov\u00e1 n\u00e1hodn\u00e1 orbit\u00e1ln\u00ed bruska Bosch EXEX18V-150-5 solo\"}]},{\"@type\":\"WebSite\",\"@id\":\"https:\\\/\\\/hundtgroup.com\\\/cs\\\/#website\",\"url\":\"https:\\\/\\\/hundtgroup.com\\\/cs\\\/\",\"name\":\"Wilhelm Hundt GmbH\",\"description\":\"V\u00e1\u0161 specialista na stroje a n\u00e1stroje pro zpracov\u00e1n\u00ed plechu\",\"potentialAction\":[{\"@type\":\"SearchAction\",\"target\":{\"@type\":\"EntryPoint\",\"urlTemplate\":\"https:\\\/\\\/hundtgroup.com\\\/cs\\\/?s={search_term_string}\"},\"query-input\":{\"@type\":\"PropertyValueSpecification\",\"valueRequired\":true,\"valueName\":\"search_term_string\"}}],\"inLanguage\":\"cs\"}]}<\/script>\n<!-- \/ Yoast SEO plugin. -->","yoast_head_json":{"title":"Akumul\u00e1torov\u00e1 n\u00e1hodn\u00e1 orbit\u00e1ln\u00ed bruska Bosch EXEX18V-150-5 solo - Wilhelm Hundt GmbH","robots":{"index":"index","follow":"follow","max-snippet":"max-snippet:-1","max-image-preview":"max-image-preview:large","max-video-preview":"max-video-preview:-1"},"canonical":"https:\/\/hundtgroup.com\/cs\/produkt\/akumulatorova-nahodna-orbitalni-bruska-bosch-exex18v-150-5-solo-2\/","og_locale":"cs_CZ","og_type":"article","og_title":"Akumul\u00e1torov\u00e1 n\u00e1hodn\u00e1 orbit\u00e1ln\u00ed bruska Bosch EXEX18V-150-5 solo - Wilhelm Hundt GmbH","og_description":"Vysok\u00e1 rychlost \u00fab\u011bru, rychl\u00fd postup pr\u00e1ce a vysok\u00e1 kvalita povrchu. Velk\u00fd pr\u016fm\u011br oscila\u010dn\u00edho kruhu: 5 mm oscila\u010dn\u00ed kruh a 150 mm brusn\u00fd kotou\u010d a konstantn\u00ed v\u00fdkon Vynikaj\u00edc\u00ed ergonomie: Vynikaj\u00edc\u00ed vyv\u00e1\u017een\u00ed a n\u00edzk\u00e1 v\u00fd\u0161ka n\u00e1stroje, s rukojet\u00ed bl\u00edzko obrobku, nab\u00edz\u00ed optim\u00e1ln\u00ed ovl\u00e1d\u00e1n\u00ed a snadnou manipulaci jednou nebo ob\u011bma rukama Ochrana proti prachu: V\u00edceotvorov\u00fd brusn\u00fd kotou\u010d s [&hellip;]","og_url":"https:\/\/hundtgroup.com\/cs\/produkt\/akumulatorova-nahodna-orbitalni-bruska-bosch-exex18v-150-5-solo-2\/","og_site_name":"Wilhelm Hundt GmbH","og_image":[{"width":600,"height":600,"url":"https:\/\/hundtgroup.com\/wp-content\/uploads\/340810.jpg","type":"image\/jpeg"}],"twitter_card":"summary_large_image","schema":{"@context":"https:\/\/schema.org","@graph":[{"@type":"WebPage","@id":"https:\/\/hundtgroup.com\/cs\/produkt\/akumulatorova-nahodna-orbitalni-bruska-bosch-exex18v-150-5-solo-2\/","url":"https:\/\/hundtgroup.com\/cs\/produkt\/akumulatorova-nahodna-orbitalni-bruska-bosch-exex18v-150-5-solo-2\/","name":"Akumul\u00e1torov\u00e1 n\u00e1hodn\u00e1 orbit\u00e1ln\u00ed bruska Bosch EXEX18V-150-5 solo - Wilhelm Hundt GmbH","isPartOf":{"@id":"https:\/\/hundtgroup.com\/cs\/#website"},"primaryImageOfPage":{"@id":"https:\/\/hundtgroup.com\/cs\/produkt\/akumulatorova-nahodna-orbitalni-bruska-bosch-exex18v-150-5-solo-2\/#primaryimage"},"image":{"@id":"https:\/\/hundtgroup.com\/cs\/produkt\/akumulatorova-nahodna-orbitalni-bruska-bosch-exex18v-150-5-solo-2\/#primaryimage"},"thumbnailUrl":"https:\/\/hundtgroup.com\/wp-content\/uploads\/340810.jpg","datePublished":"2026-01-28T09:17:35+00:00","breadcrumb":{"@id":"https:\/\/hundtgroup.com\/cs\/produkt\/akumulatorova-nahodna-orbitalni-bruska-bosch-exex18v-150-5-solo-2\/#breadcrumb"},"inLanguage":"cs","potentialAction":[{"@type":"ReadAction","target":["https:\/\/hundtgroup.com\/cs\/produkt\/akumulatorova-nahodna-orbitalni-bruska-bosch-exex18v-150-5-solo-2\/"]}]},{"@type":"ImageObject","inLanguage":"cs","@id":"https:\/\/hundtgroup.com\/cs\/produkt\/akumulatorova-nahodna-orbitalni-bruska-bosch-exex18v-150-5-solo-2\/#primaryimage","url":"https:\/\/hundtgroup.com\/wp-content\/uploads\/340810.jpg","contentUrl":"https:\/\/hundtgroup.com\/wp-content\/uploads\/340810.jpg","width":600,"height":600},{"@type":"BreadcrumbList","@id":"https:\/\/hundtgroup.com\/cs\/produkt\/akumulatorova-nahodna-orbitalni-bruska-bosch-exex18v-150-5-solo-2\/#breadcrumb","itemListElement":[{"@type":"ListItem","position":1,"name":"Startseite","item":"https:\/\/hundtgroup.com\/cs\/home-nove\/"},{"@type":"ListItem","position":2,"name":"Obchod","item":"https:\/\/hundtgroup.com\/obchod\/"},{"@type":"ListItem","position":3,"name":"Akumul\u00e1torov\u00e1 n\u00e1hodn\u00e1 orbit\u00e1ln\u00ed bruska Bosch EXEX18V-150-5 solo"}]},{"@type":"WebSite","@id":"https:\/\/hundtgroup.com\/cs\/#website","url":"https:\/\/hundtgroup.com\/cs\/","name":"Wilhelm Hundt GmbH","description":"V\u00e1\u0161 specialista na stroje a n\u00e1stroje pro zpracov\u00e1n\u00ed plechu","potentialAction":[{"@type":"SearchAction","target":{"@type":"EntryPoint","urlTemplate":"https:\/\/hundtgroup.com\/cs\/?s={search_term_string}"},"query-input":{"@type":"PropertyValueSpecification","valueRequired":true,"valueName":"search_term_string"}}],"inLanguage":"cs"}]}},"_links":{"self":[{"href":"https:\/\/hundtgroup.com\/cs\/wp-json\/wp\/v2\/product\/41551","targetHints":{"allow":["GET"]}}],"collection":[{"href":"https:\/\/hundtgroup.com\/cs\/wp-json\/wp\/v2\/product"}],"about":[{"href":"https:\/\/hundtgroup.com\/cs\/wp-json\/wp\/v2\/types\/product"}],"wp:featuredmedia":[{"embeddable":true,"href":"https:\/\/hundtgroup.com\/cs\/wp-json\/wp\/v2\/media\/41554"}],"wp:attachment":[{"href":"https:\/\/hundtgroup.com\/cs\/wp-json\/wp\/v2\/media?parent=41551"}],"wp:term":[{"taxonomy":"product_cat","embeddable":true,"href":"https:\/\/hundtgroup.com\/cs\/wp-json\/wp\/v2\/product_cat?post=41551"},{"taxonomy":"product_tag","embeddable":true,"href":"https:\/\/hundtgroup.com\/cs\/wp-json\/wp\/v2\/product_tag?post=41551"}],"curies":[{"name":"wp","href":"https:\/\/api.w.org\/{rel}","templated":true}]}}