{"id":41572,"date":"2026-01-28T10:17:35","date_gmt":"2026-01-28T09:17:35","guid":{"rendered":"https:\/\/hundtgroup.com\/produkt\/akumulatorova-multifunkcni-freza-bosch-exop18v-40-solo\/"},"modified":"2026-01-28T10:17:35","modified_gmt":"2026-01-28T09:17:35","slug":"akumulatorova-multifunkcni-freza-bosch-exop18v-40-solo","status":"publish","type":"product","link":"https:\/\/hundtgroup.com\/cs\/produkt\/akumulatorova-multifunkcni-freza-bosch-exop18v-40-solo\/","title":{"rendered":"Akumul\u00e1torov\u00e1 multifunk\u010dn\u00ed fr\u00e9za Bosch EXOP18V-40 solo"},"content":{"rendered":"<p>A\u017e o 20 % vy\u0161\u0161\u00ed ot\u00e1\u010dky ve srovn\u00e1n\u00ed s profesion\u00e1ln\u00edm n\u00e1\u0159ad\u00edm GOP 18V-34\u00b9<br \/>\nVynikaj\u00edc\u00ed v\u00fdkon a rychlost: Ani nejn\u00e1ro\u010dn\u011bj\u0161\u00ed pr\u00e1ce s jak\u00fdmkoli p\u0159\u00edslu\u0161enstv\u00edm Starlock, v\u010detn\u011b StarlockMax, nejsou probl\u00e9mem<br \/>\nV\u00fdkonn\u00fd bezkart\u00e1\u010dov\u00fd motor: Extr\u00e9mn\u011b siln\u00e1 oscilace s v\u00fdkonem odpov\u00eddaj\u00edc\u00edm 550 W u kabelov\u00e9ho n\u00e1\u0159ad\u00ed a \u00fahlem oscilace 4,0\u00b0<br \/>\nJednoduch\u00e9 zacvaknut\u00ed: V\u00fdm\u011bna p\u0159\u00edslu\u0161enstv\u00ed b\u011bhem n\u011bkolika sekund. Nen\u00ed t\u0159eba \u017e\u00e1dn\u00e9 dal\u0161\u00ed n\u00e1\u0159ad\u00ed a nehroz\u00ed ztr\u00e1ta upev\u0148ovac\u00edho \u0161roubu<br \/>\nMaxim\u00e1ln\u00ed pohodl\u00ed: Perfektn\u00ed manipulace d\u00edky syst\u00e9mu Vibration Control a d\u00edky mal\u00e9mu obvodu rukojeti pouh\u00fdch 150 mm. <\/p>\n","protected":false},"excerpt":{"rendered":"<p>A\u017e o 20 % vy\u0161\u0161\u00ed ot\u00e1\u010dky ve srovn\u00e1n\u00ed s profesion\u00e1ln\u00edm n\u00e1\u0159ad\u00edm GOP 18V-34\u00b9 Vynikaj\u00edc\u00ed v\u00fdkon a rychlost: Ani nejn\u00e1ro\u010dn\u011bj\u0161\u00ed pr\u00e1ce s jak\u00fdmkoli p\u0159\u00edslu\u0161enstv\u00edm Starlock, v\u010detn\u011b StarlockMax, nejsou probl\u00e9mem V\u00fdkonn\u00fd bezkart\u00e1\u010dov\u00fd motor: Extr\u00e9mn\u011b siln\u00e1 oscilace s v\u00fdkonem odpov\u00eddaj\u00edc\u00edm 550 W u kabelov\u00e9ho n\u00e1\u0159ad\u00ed a \u00fahlem oscilace 4,0\u00b0 Jednoduch\u00e9 zacvaknut\u00ed: V\u00fdm\u011bna p\u0159\u00edslu\u0161enstv\u00ed b\u011bhem n\u011bkolika sekund. Nen\u00ed t\u0159eba [&hellip;]<\/p>\n","protected":false},"featured_media":41574,"template":"","meta":{"_acf_changed":false,"inline_featured_image":false},"product_cat":[3376,649],"product_tag":[],"class_list":{"0":"post-41572","1":"product","2":"type-product","3":"status-publish","4":"has-post-thumbnail","6":"brand-bosch-expert","7":"product_cat-multi-cutter","8":"product_cat-bateriove-nastroje","10":"first","11":"instock","12":"taxable","13":"shipping-taxable","14":"purchasable","15":"product-type-simple","16":"add-to-wishlist-before_image"},"acf":[],"yoast_head":"<!-- This site is optimized with the Yoast SEO plugin v27.3 - https:\/\/yoast.com\/product\/yoast-seo-wordpress\/ -->\n<title>Akumul\u00e1torov\u00e1 multifunk\u010dn\u00ed fr\u00e9za Bosch EXOP18V-40 solo - Wilhelm Hundt GmbH<\/title>\n<meta name=\"robots\" content=\"index, follow, max-snippet:-1, max-image-preview:large, max-video-preview:-1\" \/>\n<link rel=\"canonical\" href=\"https:\/\/hundtgroup.com\/cs\/produkt\/akumulatorova-multifunkcni-freza-bosch-exop18v-40-solo\/\" \/>\n<meta property=\"og:locale\" content=\"cs_CZ\" \/>\n<meta property=\"og:type\" content=\"article\" \/>\n<meta property=\"og:title\" content=\"Akumul\u00e1torov\u00e1 multifunk\u010dn\u00ed fr\u00e9za Bosch EXOP18V-40 solo - Wilhelm Hundt GmbH\" \/>\n<meta property=\"og:description\" content=\"A\u017e o 20 % vy\u0161\u0161\u00ed ot\u00e1\u010dky ve srovn\u00e1n\u00ed s profesion\u00e1ln\u00edm n\u00e1\u0159ad\u00edm GOP 18V-34\u00b9 Vynikaj\u00edc\u00ed v\u00fdkon a rychlost: Ani nejn\u00e1ro\u010dn\u011bj\u0161\u00ed pr\u00e1ce s jak\u00fdmkoli p\u0159\u00edslu\u0161enstv\u00edm Starlock, v\u010detn\u011b StarlockMax, nejsou probl\u00e9mem V\u00fdkonn\u00fd bezkart\u00e1\u010dov\u00fd motor: Extr\u00e9mn\u011b siln\u00e1 oscilace s v\u00fdkonem odpov\u00eddaj\u00edc\u00edm 550 W u kabelov\u00e9ho n\u00e1\u0159ad\u00ed a \u00fahlem oscilace 4,0\u00b0 Jednoduch\u00e9 zacvaknut\u00ed: V\u00fdm\u011bna p\u0159\u00edslu\u0161enstv\u00ed b\u011bhem n\u011bkolika sekund. Nen\u00ed t\u0159eba [&hellip;]\" \/>\n<meta property=\"og:url\" content=\"https:\/\/hundtgroup.com\/cs\/produkt\/akumulatorova-multifunkcni-freza-bosch-exop18v-40-solo\/\" \/>\n<meta property=\"og:site_name\" content=\"Wilhelm Hundt GmbH\" \/>\n<meta property=\"og:image\" content=\"https:\/\/hundtgroup.com\/wp-content\/uploads\/340818.jpg\" \/>\n\t<meta property=\"og:image:width\" content=\"600\" \/>\n\t<meta property=\"og:image:height\" content=\"600\" \/>\n\t<meta property=\"og:image:type\" content=\"image\/jpeg\" \/>\n<meta name=\"twitter:card\" content=\"summary_large_image\" \/>\n<meta name=\"twitter:label1\" content=\"Odhadovan\u00e1 doba \u010dten\u00ed\" \/>\n\t<meta name=\"twitter:data1\" content=\"1 minuta\" \/>\n<script type=\"application\/ld+json\" class=\"yoast-schema-graph\">{\"@context\":\"https:\\\/\\\/schema.org\",\"@graph\":[{\"@type\":\"WebPage\",\"@id\":\"https:\\\/\\\/hundtgroup.com\\\/cs\\\/produkt\\\/akumulatorova-multifunkcni-freza-bosch-exop18v-40-solo\\\/\",\"url\":\"https:\\\/\\\/hundtgroup.com\\\/cs\\\/produkt\\\/akumulatorova-multifunkcni-freza-bosch-exop18v-40-solo\\\/\",\"name\":\"Akumul\u00e1torov\u00e1 multifunk\u010dn\u00ed fr\u00e9za Bosch EXOP18V-40 solo - Wilhelm Hundt GmbH\",\"isPartOf\":{\"@id\":\"https:\\\/\\\/hundtgroup.com\\\/cs\\\/#website\"},\"primaryImageOfPage\":{\"@id\":\"https:\\\/\\\/hundtgroup.com\\\/cs\\\/produkt\\\/akumulatorova-multifunkcni-freza-bosch-exop18v-40-solo\\\/#primaryimage\"},\"image\":{\"@id\":\"https:\\\/\\\/hundtgroup.com\\\/cs\\\/produkt\\\/akumulatorova-multifunkcni-freza-bosch-exop18v-40-solo\\\/#primaryimage\"},\"thumbnailUrl\":\"https:\\\/\\\/hundtgroup.com\\\/wp-content\\\/uploads\\\/340818.jpg\",\"datePublished\":\"2026-01-28T09:17:35+00:00\",\"breadcrumb\":{\"@id\":\"https:\\\/\\\/hundtgroup.com\\\/cs\\\/produkt\\\/akumulatorova-multifunkcni-freza-bosch-exop18v-40-solo\\\/#breadcrumb\"},\"inLanguage\":\"cs\",\"potentialAction\":[{\"@type\":\"ReadAction\",\"target\":[\"https:\\\/\\\/hundtgroup.com\\\/cs\\\/produkt\\\/akumulatorova-multifunkcni-freza-bosch-exop18v-40-solo\\\/\"]}]},{\"@type\":\"ImageObject\",\"inLanguage\":\"cs\",\"@id\":\"https:\\\/\\\/hundtgroup.com\\\/cs\\\/produkt\\\/akumulatorova-multifunkcni-freza-bosch-exop18v-40-solo\\\/#primaryimage\",\"url\":\"https:\\\/\\\/hundtgroup.com\\\/wp-content\\\/uploads\\\/340818.jpg\",\"contentUrl\":\"https:\\\/\\\/hundtgroup.com\\\/wp-content\\\/uploads\\\/340818.jpg\",\"width\":600,\"height\":600},{\"@type\":\"BreadcrumbList\",\"@id\":\"https:\\\/\\\/hundtgroup.com\\\/cs\\\/produkt\\\/akumulatorova-multifunkcni-freza-bosch-exop18v-40-solo\\\/#breadcrumb\",\"itemListElement\":[{\"@type\":\"ListItem\",\"position\":1,\"name\":\"Startseite\",\"item\":\"https:\\\/\\\/hundtgroup.com\\\/cs\\\/home-nove\\\/\"},{\"@type\":\"ListItem\",\"position\":2,\"name\":\"Obchod\",\"item\":\"https:\\\/\\\/hundtgroup.com\\\/obchod\\\/\"},{\"@type\":\"ListItem\",\"position\":3,\"name\":\"Akumul\u00e1torov\u00e1 multifunk\u010dn\u00ed fr\u00e9za Bosch EXOP18V-40 solo\"}]},{\"@type\":\"WebSite\",\"@id\":\"https:\\\/\\\/hundtgroup.com\\\/cs\\\/#website\",\"url\":\"https:\\\/\\\/hundtgroup.com\\\/cs\\\/\",\"name\":\"Wilhelm Hundt GmbH\",\"description\":\"V\u00e1\u0161 specialista na stroje a n\u00e1stroje pro zpracov\u00e1n\u00ed plechu\",\"potentialAction\":[{\"@type\":\"SearchAction\",\"target\":{\"@type\":\"EntryPoint\",\"urlTemplate\":\"https:\\\/\\\/hundtgroup.com\\\/cs\\\/?s={search_term_string}\"},\"query-input\":{\"@type\":\"PropertyValueSpecification\",\"valueRequired\":true,\"valueName\":\"search_term_string\"}}],\"inLanguage\":\"cs\"}]}<\/script>\n<!-- \/ Yoast SEO plugin. -->","yoast_head_json":{"title":"Akumul\u00e1torov\u00e1 multifunk\u010dn\u00ed fr\u00e9za Bosch EXOP18V-40 solo - Wilhelm Hundt GmbH","robots":{"index":"index","follow":"follow","max-snippet":"max-snippet:-1","max-image-preview":"max-image-preview:large","max-video-preview":"max-video-preview:-1"},"canonical":"https:\/\/hundtgroup.com\/cs\/produkt\/akumulatorova-multifunkcni-freza-bosch-exop18v-40-solo\/","og_locale":"cs_CZ","og_type":"article","og_title":"Akumul\u00e1torov\u00e1 multifunk\u010dn\u00ed fr\u00e9za Bosch EXOP18V-40 solo - Wilhelm Hundt GmbH","og_description":"A\u017e o 20 % vy\u0161\u0161\u00ed ot\u00e1\u010dky ve srovn\u00e1n\u00ed s profesion\u00e1ln\u00edm n\u00e1\u0159ad\u00edm GOP 18V-34\u00b9 Vynikaj\u00edc\u00ed v\u00fdkon a rychlost: Ani nejn\u00e1ro\u010dn\u011bj\u0161\u00ed pr\u00e1ce s jak\u00fdmkoli p\u0159\u00edslu\u0161enstv\u00edm Starlock, v\u010detn\u011b StarlockMax, nejsou probl\u00e9mem V\u00fdkonn\u00fd bezkart\u00e1\u010dov\u00fd motor: Extr\u00e9mn\u011b siln\u00e1 oscilace s v\u00fdkonem odpov\u00eddaj\u00edc\u00edm 550 W u kabelov\u00e9ho n\u00e1\u0159ad\u00ed a \u00fahlem oscilace 4,0\u00b0 Jednoduch\u00e9 zacvaknut\u00ed: V\u00fdm\u011bna p\u0159\u00edslu\u0161enstv\u00ed b\u011bhem n\u011bkolika sekund. Nen\u00ed t\u0159eba [&hellip;]","og_url":"https:\/\/hundtgroup.com\/cs\/produkt\/akumulatorova-multifunkcni-freza-bosch-exop18v-40-solo\/","og_site_name":"Wilhelm Hundt GmbH","og_image":[{"width":600,"height":600,"url":"https:\/\/hundtgroup.com\/wp-content\/uploads\/340818.jpg","type":"image\/jpeg"}],"twitter_card":"summary_large_image","twitter_misc":{"Odhadovan\u00e1 doba \u010dten\u00ed":"1 minuta"},"schema":{"@context":"https:\/\/schema.org","@graph":[{"@type":"WebPage","@id":"https:\/\/hundtgroup.com\/cs\/produkt\/akumulatorova-multifunkcni-freza-bosch-exop18v-40-solo\/","url":"https:\/\/hundtgroup.com\/cs\/produkt\/akumulatorova-multifunkcni-freza-bosch-exop18v-40-solo\/","name":"Akumul\u00e1torov\u00e1 multifunk\u010dn\u00ed fr\u00e9za Bosch EXOP18V-40 solo - Wilhelm Hundt GmbH","isPartOf":{"@id":"https:\/\/hundtgroup.com\/cs\/#website"},"primaryImageOfPage":{"@id":"https:\/\/hundtgroup.com\/cs\/produkt\/akumulatorova-multifunkcni-freza-bosch-exop18v-40-solo\/#primaryimage"},"image":{"@id":"https:\/\/hundtgroup.com\/cs\/produkt\/akumulatorova-multifunkcni-freza-bosch-exop18v-40-solo\/#primaryimage"},"thumbnailUrl":"https:\/\/hundtgroup.com\/wp-content\/uploads\/340818.jpg","datePublished":"2026-01-28T09:17:35+00:00","breadcrumb":{"@id":"https:\/\/hundtgroup.com\/cs\/produkt\/akumulatorova-multifunkcni-freza-bosch-exop18v-40-solo\/#breadcrumb"},"inLanguage":"cs","potentialAction":[{"@type":"ReadAction","target":["https:\/\/hundtgroup.com\/cs\/produkt\/akumulatorova-multifunkcni-freza-bosch-exop18v-40-solo\/"]}]},{"@type":"ImageObject","inLanguage":"cs","@id":"https:\/\/hundtgroup.com\/cs\/produkt\/akumulatorova-multifunkcni-freza-bosch-exop18v-40-solo\/#primaryimage","url":"https:\/\/hundtgroup.com\/wp-content\/uploads\/340818.jpg","contentUrl":"https:\/\/hundtgroup.com\/wp-content\/uploads\/340818.jpg","width":600,"height":600},{"@type":"BreadcrumbList","@id":"https:\/\/hundtgroup.com\/cs\/produkt\/akumulatorova-multifunkcni-freza-bosch-exop18v-40-solo\/#breadcrumb","itemListElement":[{"@type":"ListItem","position":1,"name":"Startseite","item":"https:\/\/hundtgroup.com\/cs\/home-nove\/"},{"@type":"ListItem","position":2,"name":"Obchod","item":"https:\/\/hundtgroup.com\/obchod\/"},{"@type":"ListItem","position":3,"name":"Akumul\u00e1torov\u00e1 multifunk\u010dn\u00ed fr\u00e9za Bosch EXOP18V-40 solo"}]},{"@type":"WebSite","@id":"https:\/\/hundtgroup.com\/cs\/#website","url":"https:\/\/hundtgroup.com\/cs\/","name":"Wilhelm Hundt GmbH","description":"V\u00e1\u0161 specialista na stroje a n\u00e1stroje pro zpracov\u00e1n\u00ed plechu","potentialAction":[{"@type":"SearchAction","target":{"@type":"EntryPoint","urlTemplate":"https:\/\/hundtgroup.com\/cs\/?s={search_term_string}"},"query-input":{"@type":"PropertyValueSpecification","valueRequired":true,"valueName":"search_term_string"}}],"inLanguage":"cs"}]}},"_links":{"self":[{"href":"https:\/\/hundtgroup.com\/cs\/wp-json\/wp\/v2\/product\/41572","targetHints":{"allow":["GET"]}}],"collection":[{"href":"https:\/\/hundtgroup.com\/cs\/wp-json\/wp\/v2\/product"}],"about":[{"href":"https:\/\/hundtgroup.com\/cs\/wp-json\/wp\/v2\/types\/product"}],"wp:featuredmedia":[{"embeddable":true,"href":"https:\/\/hundtgroup.com\/cs\/wp-json\/wp\/v2\/media\/41574"}],"wp:attachment":[{"href":"https:\/\/hundtgroup.com\/cs\/wp-json\/wp\/v2\/media?parent=41572"}],"wp:term":[{"taxonomy":"product_cat","embeddable":true,"href":"https:\/\/hundtgroup.com\/cs\/wp-json\/wp\/v2\/product_cat?post=41572"},{"taxonomy":"product_tag","embeddable":true,"href":"https:\/\/hundtgroup.com\/cs\/wp-json\/wp\/v2\/product_tag?post=41572"}],"curies":[{"name":"wp","href":"https:\/\/api.w.org\/{rel}","templated":true}]}}