{"id":41592,"date":"2026-01-28T10:17:35","date_gmt":"2026-01-28T09:17:35","guid":{"rendered":"https:\/\/hundtgroup.com\/produkt\/akumulatorova-primocara-pila-bosch-exst18v-155b-solo\/"},"modified":"2026-01-28T10:17:35","modified_gmt":"2026-01-28T09:17:35","slug":"akumulatorova-primocara-pila-bosch-exst18v-155b-solo","status":"publish","type":"product","link":"https:\/\/hundtgroup.com\/cs\/produkt\/akumulatorova-primocara-pila-bosch-exst18v-155b-solo\/","title":{"rendered":"Akumul\u00e1torov\u00e1 p\u0159\u00edmo\u010dar\u00e1 pila Bosch EXST18V-155B solo"},"content":{"rendered":"<p>A\u017e \u010dty\u0159ikr\u00e1t p\u0159esn\u011bj\u0161\u00ed ne\u017e profesion\u00e1ln\u00ed GST 18V-125\u00b9<br \/>\nMaxim\u00e1ln\u00ed p\u0159esnost: Vodic\u00ed li\u0161ta pily zabra\u0148uje pohybu pilov\u00e9ho kotou\u010de i v \u00fazk\u00fdch zat\u00e1\u010dk\u00e1ch a zaji\u0161\u0165uje dokonalou p\u0159esnost<br \/>\nP\u0159esn\u00e9 ovl\u00e1d\u00e1n\u00ed: Plocha rukojeti v horn\u00ed \u010d\u00e1sti a sp\u00edna\u010d plynu zaru\u010duj\u00ed dokonal\u00e9 ovl\u00e1d\u00e1n\u00ed n\u00e1stroje a maxim\u00e1ln\u00ed p\u0159esnost<br \/>\nPokro\u010dil\u00e1 ochrana u\u017eivatele: Syst\u00e9m Drop Control minimalizuje riziko zran\u011bn\u00ed t\u00edm, \u017ee p\u0159i p\u00e1du okam\u017eit\u011b vypne n\u00e1stroj<br \/>\nOds\u00e1v\u00e1n\u00ed prachu: Snadno p\u0159ipojiteln\u00fd sac\u00ed adapt\u00e9r s kloubem pro flexibiln\u00ed um\u00edst\u011bn\u00ed sac\u00ed hadice.<\/p>\n","protected":false},"excerpt":{"rendered":"<p>A\u017e \u010dty\u0159ikr\u00e1t p\u0159esn\u011bj\u0161\u00ed ne\u017e profesion\u00e1ln\u00ed GST 18V-125\u00b9 Maxim\u00e1ln\u00ed p\u0159esnost: Vodic\u00ed li\u0161ta pily zabra\u0148uje pohybu pilov\u00e9ho kotou\u010de i v \u00fazk\u00fdch zat\u00e1\u010dk\u00e1ch a zaji\u0161\u0165uje dokonalou p\u0159esnost P\u0159esn\u00e9 ovl\u00e1d\u00e1n\u00ed: Plocha rukojeti v horn\u00ed \u010d\u00e1sti a sp\u00edna\u010d plynu zaru\u010duj\u00ed dokonal\u00e9 ovl\u00e1d\u00e1n\u00ed n\u00e1stroje a maxim\u00e1ln\u00ed p\u0159esnost Pokro\u010dil\u00e1 ochrana u\u017eivatele: Syst\u00e9m Drop Control minimalizuje riziko zran\u011bn\u00ed t\u00edm, \u017ee p\u0159i p\u00e1du okam\u017eit\u011b [&hellip;]<\/p>\n","protected":false},"featured_media":41593,"template":"","meta":{"_acf_changed":false,"inline_featured_image":false},"product_cat":[649,1706],"product_tag":[],"class_list":{"0":"post-41592","1":"product","2":"type-product","3":"status-publish","4":"has-post-thumbnail","6":"brand-bosch-expert","7":"product_cat-bateriove-nastroje","8":"product_cat-skladacky","10":"first","11":"instock","12":"taxable","13":"shipping-taxable","14":"purchasable","15":"product-type-simple","16":"add-to-wishlist-before_image"},"acf":[],"yoast_head":"<!-- This site is optimized with the Yoast SEO plugin v27.3 - https:\/\/yoast.com\/product\/yoast-seo-wordpress\/ -->\n<title>Akumul\u00e1torov\u00e1 p\u0159\u00edmo\u010dar\u00e1 pila Bosch EXST18V-155B solo - Wilhelm Hundt GmbH<\/title>\n<meta name=\"robots\" content=\"index, follow, max-snippet:-1, max-image-preview:large, max-video-preview:-1\" \/>\n<link rel=\"canonical\" href=\"https:\/\/hundtgroup.com\/cs\/produkt\/akumulatorova-primocara-pila-bosch-exst18v-155b-solo\/\" \/>\n<meta property=\"og:locale\" content=\"cs_CZ\" \/>\n<meta property=\"og:type\" content=\"article\" \/>\n<meta property=\"og:title\" content=\"Akumul\u00e1torov\u00e1 p\u0159\u00edmo\u010dar\u00e1 pila Bosch EXST18V-155B solo - Wilhelm Hundt GmbH\" \/>\n<meta property=\"og:description\" content=\"A\u017e \u010dty\u0159ikr\u00e1t p\u0159esn\u011bj\u0161\u00ed ne\u017e profesion\u00e1ln\u00ed GST 18V-125\u00b9 Maxim\u00e1ln\u00ed p\u0159esnost: Vodic\u00ed li\u0161ta pily zabra\u0148uje pohybu pilov\u00e9ho kotou\u010de i v \u00fazk\u00fdch zat\u00e1\u010dk\u00e1ch a zaji\u0161\u0165uje dokonalou p\u0159esnost P\u0159esn\u00e9 ovl\u00e1d\u00e1n\u00ed: Plocha rukojeti v horn\u00ed \u010d\u00e1sti a sp\u00edna\u010d plynu zaru\u010duj\u00ed dokonal\u00e9 ovl\u00e1d\u00e1n\u00ed n\u00e1stroje a maxim\u00e1ln\u00ed p\u0159esnost Pokro\u010dil\u00e1 ochrana u\u017eivatele: Syst\u00e9m Drop Control minimalizuje riziko zran\u011bn\u00ed t\u00edm, \u017ee p\u0159i p\u00e1du okam\u017eit\u011b [&hellip;]\" \/>\n<meta property=\"og:url\" content=\"https:\/\/hundtgroup.com\/cs\/produkt\/akumulatorova-primocara-pila-bosch-exst18v-155b-solo\/\" \/>\n<meta property=\"og:site_name\" content=\"Wilhelm Hundt GmbH\" \/>\n<meta property=\"og:image\" content=\"https:\/\/hundtgroup.com\/wp-content\/uploads\/340816.jpg\" \/>\n\t<meta property=\"og:image:width\" content=\"1062\" \/>\n\t<meta property=\"og:image:height\" content=\"985\" \/>\n\t<meta property=\"og:image:type\" content=\"image\/jpeg\" \/>\n<meta name=\"twitter:card\" content=\"summary_large_image\" \/>\n<meta name=\"twitter:label1\" content=\"Odhadovan\u00e1 doba \u010dten\u00ed\" \/>\n\t<meta name=\"twitter:data1\" content=\"1 minuta\" \/>\n<script type=\"application\/ld+json\" class=\"yoast-schema-graph\">{\"@context\":\"https:\\\/\\\/schema.org\",\"@graph\":[{\"@type\":\"WebPage\",\"@id\":\"https:\\\/\\\/hundtgroup.com\\\/cs\\\/produkt\\\/akumulatorova-primocara-pila-bosch-exst18v-155b-solo\\\/\",\"url\":\"https:\\\/\\\/hundtgroup.com\\\/cs\\\/produkt\\\/akumulatorova-primocara-pila-bosch-exst18v-155b-solo\\\/\",\"name\":\"Akumul\u00e1torov\u00e1 p\u0159\u00edmo\u010dar\u00e1 pila Bosch EXST18V-155B solo - Wilhelm Hundt GmbH\",\"isPartOf\":{\"@id\":\"https:\\\/\\\/hundtgroup.com\\\/cs\\\/#website\"},\"primaryImageOfPage\":{\"@id\":\"https:\\\/\\\/hundtgroup.com\\\/cs\\\/produkt\\\/akumulatorova-primocara-pila-bosch-exst18v-155b-solo\\\/#primaryimage\"},\"image\":{\"@id\":\"https:\\\/\\\/hundtgroup.com\\\/cs\\\/produkt\\\/akumulatorova-primocara-pila-bosch-exst18v-155b-solo\\\/#primaryimage\"},\"thumbnailUrl\":\"https:\\\/\\\/hundtgroup.com\\\/wp-content\\\/uploads\\\/340816.jpg\",\"datePublished\":\"2026-01-28T09:17:35+00:00\",\"breadcrumb\":{\"@id\":\"https:\\\/\\\/hundtgroup.com\\\/cs\\\/produkt\\\/akumulatorova-primocara-pila-bosch-exst18v-155b-solo\\\/#breadcrumb\"},\"inLanguage\":\"cs\",\"potentialAction\":[{\"@type\":\"ReadAction\",\"target\":[\"https:\\\/\\\/hundtgroup.com\\\/cs\\\/produkt\\\/akumulatorova-primocara-pila-bosch-exst18v-155b-solo\\\/\"]}]},{\"@type\":\"ImageObject\",\"inLanguage\":\"cs\",\"@id\":\"https:\\\/\\\/hundtgroup.com\\\/cs\\\/produkt\\\/akumulatorova-primocara-pila-bosch-exst18v-155b-solo\\\/#primaryimage\",\"url\":\"https:\\\/\\\/hundtgroup.com\\\/wp-content\\\/uploads\\\/340816.jpg\",\"contentUrl\":\"https:\\\/\\\/hundtgroup.com\\\/wp-content\\\/uploads\\\/340816.jpg\",\"width\":1062,\"height\":985},{\"@type\":\"BreadcrumbList\",\"@id\":\"https:\\\/\\\/hundtgroup.com\\\/cs\\\/produkt\\\/akumulatorova-primocara-pila-bosch-exst18v-155b-solo\\\/#breadcrumb\",\"itemListElement\":[{\"@type\":\"ListItem\",\"position\":1,\"name\":\"Startseite\",\"item\":\"https:\\\/\\\/hundtgroup.com\\\/cs\\\/home-nove\\\/\"},{\"@type\":\"ListItem\",\"position\":2,\"name\":\"Obchod\",\"item\":\"https:\\\/\\\/hundtgroup.com\\\/obchod\\\/\"},{\"@type\":\"ListItem\",\"position\":3,\"name\":\"Akumul\u00e1torov\u00e1 p\u0159\u00edmo\u010dar\u00e1 pila Bosch EXST18V-155B solo\"}]},{\"@type\":\"WebSite\",\"@id\":\"https:\\\/\\\/hundtgroup.com\\\/cs\\\/#website\",\"url\":\"https:\\\/\\\/hundtgroup.com\\\/cs\\\/\",\"name\":\"Wilhelm Hundt GmbH\",\"description\":\"V\u00e1\u0161 specialista na stroje a n\u00e1stroje pro zpracov\u00e1n\u00ed plechu\",\"potentialAction\":[{\"@type\":\"SearchAction\",\"target\":{\"@type\":\"EntryPoint\",\"urlTemplate\":\"https:\\\/\\\/hundtgroup.com\\\/cs\\\/?s={search_term_string}\"},\"query-input\":{\"@type\":\"PropertyValueSpecification\",\"valueRequired\":true,\"valueName\":\"search_term_string\"}}],\"inLanguage\":\"cs\"}]}<\/script>\n<!-- \/ Yoast SEO plugin. -->","yoast_head_json":{"title":"Akumul\u00e1torov\u00e1 p\u0159\u00edmo\u010dar\u00e1 pila Bosch EXST18V-155B solo - Wilhelm Hundt GmbH","robots":{"index":"index","follow":"follow","max-snippet":"max-snippet:-1","max-image-preview":"max-image-preview:large","max-video-preview":"max-video-preview:-1"},"canonical":"https:\/\/hundtgroup.com\/cs\/produkt\/akumulatorova-primocara-pila-bosch-exst18v-155b-solo\/","og_locale":"cs_CZ","og_type":"article","og_title":"Akumul\u00e1torov\u00e1 p\u0159\u00edmo\u010dar\u00e1 pila Bosch EXST18V-155B solo - Wilhelm Hundt GmbH","og_description":"A\u017e \u010dty\u0159ikr\u00e1t p\u0159esn\u011bj\u0161\u00ed ne\u017e profesion\u00e1ln\u00ed GST 18V-125\u00b9 Maxim\u00e1ln\u00ed p\u0159esnost: Vodic\u00ed li\u0161ta pily zabra\u0148uje pohybu pilov\u00e9ho kotou\u010de i v \u00fazk\u00fdch zat\u00e1\u010dk\u00e1ch a zaji\u0161\u0165uje dokonalou p\u0159esnost P\u0159esn\u00e9 ovl\u00e1d\u00e1n\u00ed: Plocha rukojeti v horn\u00ed \u010d\u00e1sti a sp\u00edna\u010d plynu zaru\u010duj\u00ed dokonal\u00e9 ovl\u00e1d\u00e1n\u00ed n\u00e1stroje a maxim\u00e1ln\u00ed p\u0159esnost Pokro\u010dil\u00e1 ochrana u\u017eivatele: Syst\u00e9m Drop Control minimalizuje riziko zran\u011bn\u00ed t\u00edm, \u017ee p\u0159i p\u00e1du okam\u017eit\u011b [&hellip;]","og_url":"https:\/\/hundtgroup.com\/cs\/produkt\/akumulatorova-primocara-pila-bosch-exst18v-155b-solo\/","og_site_name":"Wilhelm Hundt GmbH","og_image":[{"width":1062,"height":985,"url":"https:\/\/hundtgroup.com\/wp-content\/uploads\/340816.jpg","type":"image\/jpeg"}],"twitter_card":"summary_large_image","twitter_misc":{"Odhadovan\u00e1 doba \u010dten\u00ed":"1 minuta"},"schema":{"@context":"https:\/\/schema.org","@graph":[{"@type":"WebPage","@id":"https:\/\/hundtgroup.com\/cs\/produkt\/akumulatorova-primocara-pila-bosch-exst18v-155b-solo\/","url":"https:\/\/hundtgroup.com\/cs\/produkt\/akumulatorova-primocara-pila-bosch-exst18v-155b-solo\/","name":"Akumul\u00e1torov\u00e1 p\u0159\u00edmo\u010dar\u00e1 pila Bosch EXST18V-155B solo - Wilhelm Hundt GmbH","isPartOf":{"@id":"https:\/\/hundtgroup.com\/cs\/#website"},"primaryImageOfPage":{"@id":"https:\/\/hundtgroup.com\/cs\/produkt\/akumulatorova-primocara-pila-bosch-exst18v-155b-solo\/#primaryimage"},"image":{"@id":"https:\/\/hundtgroup.com\/cs\/produkt\/akumulatorova-primocara-pila-bosch-exst18v-155b-solo\/#primaryimage"},"thumbnailUrl":"https:\/\/hundtgroup.com\/wp-content\/uploads\/340816.jpg","datePublished":"2026-01-28T09:17:35+00:00","breadcrumb":{"@id":"https:\/\/hundtgroup.com\/cs\/produkt\/akumulatorova-primocara-pila-bosch-exst18v-155b-solo\/#breadcrumb"},"inLanguage":"cs","potentialAction":[{"@type":"ReadAction","target":["https:\/\/hundtgroup.com\/cs\/produkt\/akumulatorova-primocara-pila-bosch-exst18v-155b-solo\/"]}]},{"@type":"ImageObject","inLanguage":"cs","@id":"https:\/\/hundtgroup.com\/cs\/produkt\/akumulatorova-primocara-pila-bosch-exst18v-155b-solo\/#primaryimage","url":"https:\/\/hundtgroup.com\/wp-content\/uploads\/340816.jpg","contentUrl":"https:\/\/hundtgroup.com\/wp-content\/uploads\/340816.jpg","width":1062,"height":985},{"@type":"BreadcrumbList","@id":"https:\/\/hundtgroup.com\/cs\/produkt\/akumulatorova-primocara-pila-bosch-exst18v-155b-solo\/#breadcrumb","itemListElement":[{"@type":"ListItem","position":1,"name":"Startseite","item":"https:\/\/hundtgroup.com\/cs\/home-nove\/"},{"@type":"ListItem","position":2,"name":"Obchod","item":"https:\/\/hundtgroup.com\/obchod\/"},{"@type":"ListItem","position":3,"name":"Akumul\u00e1torov\u00e1 p\u0159\u00edmo\u010dar\u00e1 pila Bosch EXST18V-155B solo"}]},{"@type":"WebSite","@id":"https:\/\/hundtgroup.com\/cs\/#website","url":"https:\/\/hundtgroup.com\/cs\/","name":"Wilhelm Hundt GmbH","description":"V\u00e1\u0161 specialista na stroje a n\u00e1stroje pro zpracov\u00e1n\u00ed plechu","potentialAction":[{"@type":"SearchAction","target":{"@type":"EntryPoint","urlTemplate":"https:\/\/hundtgroup.com\/cs\/?s={search_term_string}"},"query-input":{"@type":"PropertyValueSpecification","valueRequired":true,"valueName":"search_term_string"}}],"inLanguage":"cs"}]}},"_links":{"self":[{"href":"https:\/\/hundtgroup.com\/cs\/wp-json\/wp\/v2\/product\/41592","targetHints":{"allow":["GET"]}}],"collection":[{"href":"https:\/\/hundtgroup.com\/cs\/wp-json\/wp\/v2\/product"}],"about":[{"href":"https:\/\/hundtgroup.com\/cs\/wp-json\/wp\/v2\/types\/product"}],"wp:featuredmedia":[{"embeddable":true,"href":"https:\/\/hundtgroup.com\/cs\/wp-json\/wp\/v2\/media\/41593"}],"wp:attachment":[{"href":"https:\/\/hundtgroup.com\/cs\/wp-json\/wp\/v2\/media?parent=41592"}],"wp:term":[{"taxonomy":"product_cat","embeddable":true,"href":"https:\/\/hundtgroup.com\/cs\/wp-json\/wp\/v2\/product_cat?post=41592"},{"taxonomy":"product_tag","embeddable":true,"href":"https:\/\/hundtgroup.com\/cs\/wp-json\/wp\/v2\/product_tag?post=41592"}],"curies":[{"name":"wp","href":"https:\/\/api.w.org\/{rel}","templated":true}]}}