{"id":12569,"date":"2022-01-12T13:24:49","date_gmt":"2022-01-12T12:24:49","guid":{"rendered":"https:\/\/hundtgroup.com\/pie-de-imprenta\/"},"modified":"2026-03-09T11:44:56","modified_gmt":"2026-03-09T10:44:56","slug":"pie-de-imprenta","status":"publish","type":"page","link":"https:\/\/hundtgroup.com\/es\/pie-de-imprenta\/","title":{"rendered":"Pie de imprenta"},"content":{"rendered":"<div id='av_section_1'  class='avia-section av-2pdom-4d54d6115f624e781df8c822ab0805b5 main_color avia-section-default avia-no-border-styling  avia-builder-el-0  avia-builder-el-no-sibling  avia-bg-style-scroll container_wrap fullsize'  ><div class='container av-section-cont-open' ><main  role=\"main\" itemprop=\"mainContentOfPage\"  class='template-page content  av-content-full alpha units'><div class='post-entry post-entry-type-page post-entry-12569'><div class='entry-content-wrapper clearfix'>\n<div  class='flex_column av-1yzzq-79b7dbdb201c3fba310c1bec065b8309 av_one_full  avia-builder-el-1  el_before_av_one_third  avia-builder-el-first  first av-break-at-tablet flex_column_div  '     ><div class=\"pxl-headline pxl-hl hl-wrap | hl-sub--off hl--align-left hl--no-margin   \">\n    <div class=\"hl-inner\">\n            <h1 class=\"hl-main hl-line |  hl_main--default  \">Pie de imprenta<\/h1>\n            <div class=\"overline lightgrey\">\n              \n              <span class=\"overline-slant\"><\/span>\n            <\/div>\n    <\/div>\n<\/div><\/div><div  class='flex_column av-1q3gu-de69cde9496513c1f988bc8698058253 av_one_third  avia-builder-el-3  el_after_av_one_full  el_before_av_two_third  first av-break-at-tablet flex_column_div  column-top-margin'     ><section  class='av_textblock_section av-kyllbexa-97fec898083ace43742066cbd8a872fc '   itemscope=\"itemscope\" itemtype=\"https:\/\/schema.org\/CreativeWork\" ><div class='avia_textblock'  itemprop=\"text\" ><p>Wilhelm Hundt GmbH<br \/>\nSchwabhausen 25<br \/>\n42349 Wuppertal<\/p>\n<p>Registro mercantil: HRB 9042<br \/>\nTribunal de registro: Juzgado de Primera Instancia de Wuppertal<\/p>\n<p><strong>Representado por los directores generales:<\/strong><br \/>\nWilhelm Hundt, Silke Droste, Markus Larssen<\/p>\n<p><strong>Contacto<\/strong><br \/>\nTel\u00e9fono: +49 202 <a href=\"tel:0202%20430448-0\"> 430448-0<\/a><br \/>\nFax: +49 202 430448-20<br \/>\nCorreo electr\u00f3nico: <a href=\"mailto:info@hundt.de\">info@hundt.de<\/a><\/p>\n<p><strong>Impuesto sobre el valor a\u00f1adido<\/strong><br \/>\nN\u00famero de identificaci\u00f3n fiscal:<br \/>\nDE184046058<\/p>\n<p><strong>Responsable del contenido<\/strong><br \/>\nWilhelm Hundt GmbH<br \/>\nSchwabhausen 25<br \/>\n42349 Wuppertal<\/p>\n<p><strong>Concepto, dise\u00f1o y programaci\u00f3n<\/strong><br \/>\nPixelProduction<br \/>\nAgencia de servicios integrales para PYMES<br \/>\n<a href=\"http:\/\/www.pixelproduction.de\" target=\"_blank\" rel=\"noopener\">www.pixelproduction.de<\/a><\/p>\n<\/div><\/section><\/div><div  class='flex_column av-2kpy-bc1d0561cbc1a871538ada7456750cce av_two_third  avia-builder-el-5  el_after_av_one_third  el_before_av_one_full  av-break-at-tablet flex_column_div  column-top-margin'     ><section  class='av_textblock_section av-kyllct0k-fb23679b936d5608d5b577dc0fcec8b4 '   itemscope=\"itemscope\" itemtype=\"https:\/\/schema.org\/CreativeWork\" ><div class='avia_textblock'  itemprop=\"text\" ><p><strong>Responsabilidad de los enlaces<\/strong><br \/>\nNuestro sitio web contiene enlaces a sitios web externos de terceros sobre cuyo contenido no tenemos ninguna influencia. Por lo tanto, no podemos aceptar ninguna responsabilidad por este contenido de terceros. El respectivo proveedor u operador de las p\u00e1ginas es siempre responsable del contenido de las p\u00e1ginas enlazadas. Las p\u00e1ginas enlazadas se comprobaron en el momento de enlazarlas para detectar posibles infracciones legales. Los contenidos ilegales no eran reconocibles en el momento de establecer el enlace.    <\/p>\n<p>Sin embargo, la supervisi\u00f3n permanente del contenido de las p\u00e1ginas enlazadas no es razonable sin pruebas concretas de una infracci\u00f3n. Si tenemos conocimiento de alguna infracci\u00f3n legal, eliminaremos dichos enlaces inmediatamente. <\/p>\n<p><strong>Copyright<\/strong><br \/>\nEl contenido y las obras creadas por los operadores del sitio en estas p\u00e1ginas est\u00e1n sujetos a la ley alemana de derechos de autor. La duplicaci\u00f3n, procesamiento, distribuci\u00f3n y cualquier forma de comercializaci\u00f3n de dicho material m\u00e1s all\u00e1 del alcance de la ley de derechos de autor requerir\u00e1 el consentimiento previo por escrito de su respectivo autor o creador. Las descargas y copias de este sitio s\u00f3lo est\u00e1n permitidas para uso privado y no comercial.  <\/p>\n<p>En la medida en que el contenido de este sitio no haya sido creado por el operador, se respetan los derechos de autor de terceros. En particular, el contenido de terceros est\u00e1 etiquetado como tal. No obstante, si tuvieras conocimiento de una infracci\u00f3n de los derechos de autor, te rogamos que nos lo comuniques. Si tenemos conocimiento de alguna infracci\u00f3n, eliminaremos dicho contenido inmediatamente.<\/p>\n<\/div><\/section><\/div><div  class='flex_column av-4td4om-c75621792286bc0907b0ba131e3eed67 av_one_full  avia-builder-el-7  el_after_av_two_third  el_before_av_one_full  first av-break-at-tablet flex_column_div  column-top-margin'     ><div class=\"pxl-headline pxl-hl hl-wrap | hl-sub--off hl--align-left hl--no-margin   \">\n    <div class=\"hl-inner\">\n            <h2 class=\"hl-main hl-line |  hl_main--default  \">Cr\u00e9ditos de las im\u00e1genes<\/h2>\n            <div class=\"overline lightgrey\">\n              \n              <span class=\"overline-slant\"><\/span>\n            <\/div>\n    <\/div>\n<\/div><\/div><div  class='flex_column av-4sq422-3348fa49c2c5bdc61932a482b5b932e4 av_one_full  avia-builder-el-9  el_after_av_one_full  avia-builder-el-last  first flex_column_div  column-top-margin'     ><div class='avia-data-table-wrap av-4s7d4u-f0de9b79a1de0e23c0375469e71b4663 avia_responsive_table avia-table-1'><table  class='avia-table avia-data-table avia_pricing_minimal  avia-builder-el-10  avia-builder-el-no-sibling '  itemscope=\"itemscope\" itemtype=\"https:\/\/schema.org\/Table\" ><tbody><tr class='avia-heading-row'><th class=''>Mostrar p\u00e1gina<\/th><th class=''>Colocaci\u00f3n<\/th><th class=''>Motivo<\/th><th class=''>Fuente<br \/>\n<\/th><th class=''>N\u00famero de imagen<br \/>\n<\/th><\/tr><tr class=''><td class=''>P\u00e1gina de inicio<br \/>\n<\/td><td class=''>Cabeza<br \/>\n<\/td><td class=''>Chapa perforada<\/td><td class=''>Adobe Stock<br \/>\n<\/td><td class=''>452926646<br \/>\n<\/td><\/tr><tr class=''><td class=''>P\u00e1gina de inicio<br \/>\n<\/td><td class=''>M\u00e1quinas + Servicio<br \/>\n<\/td><td class=''>Chapa de acero<br \/>\n<\/td><td class=''>Adobe Stock<br \/>\n<\/td><td class=''>33337544<br \/>\n<\/td><\/tr><tr class=''><td class=''>Visi\u00f3n general de las m\u00e1quinas<br \/>\n<\/td><td class=''>Cabeza<br \/>\n<\/td><td class=''>Chapa perforada<br \/>\n<\/td><td class=''>Adobe Stock<br \/>\n<\/td><td class=''>127055083<br \/>\n<\/td><\/tr><tr class=''><td class=''>Visi\u00f3n general de las m\u00e1quinas<br \/>\n<\/td><td class=''>M\u00e1quinas aisladoras<br \/>\n<\/td><td class=''>Chapa de acero<br \/>\n<\/td><td class=''>Adobe Stock<br \/>\n<\/td><td class=''>33337544<br \/>\n<\/td><\/tr><tr class=''><td class=''>M\u00e1quinas de rebordear<br \/>\n<\/td><td class=''>Cabeza<br \/>\n<\/td><td class=''>Chapa perforada<br \/>\n<\/td><td class=''>Adobe Stock<br \/>\n<\/td><td class=''>127055083<br \/>\n<\/td><\/tr><tr class=''><td class=''>M\u00e1quinas de rebordear<br \/>\n<\/td><td class=''>M\u00e1quinas de rebordear<br \/>\n<\/td><td class=''>Chapa de acero<br \/>\n<\/td><td class=''>Adobe Stock<br \/>\n<\/td><td class=''>33337544<br \/>\n<\/td><\/tr><tr class=''><td class=''>M\u00e1quinas curvadoras redondas<br \/>\n<\/td><td class=''>Cabeza<br \/>\n<\/td><td class=''>Chapa perforada<br \/>\n<\/td><td class=''>Adobe Stock<br \/>\n<\/td><td class=''>127055083<br \/>\n<\/td><\/tr><tr class=''><td class=''>M\u00e1quinas curvadoras redondas<br \/>\n<\/td><td class=''>M\u00e1quinas curvadoras redondas<br \/>\n<\/td><td class=''>Chapa de acero<br \/>\n<\/td><td class=''>Adobe Stock<br \/>\n<\/td><td class=''>33337544<br \/>\n<\/td><\/tr><tr class=''><td class=''>Tijeras<br \/>\n<\/td><td class=''>Cabeza<br \/>\n<\/td><td class=''>Chapa perforada<br \/>\n<\/td><td class=''>Adobe Stock<br \/>\n<\/td><td class=''>127055083<br \/>\n<\/td><\/tr><tr class=''><td class=''>Tijeras<br \/>\n<\/td><td class=''>Tijeras<br \/>\n<\/td><td class=''>Chapa de acero<br \/>\n<\/td><td class=''>Adobe Stock<br \/>\n<\/td><td class=''>33337544<br \/>\n<\/td><\/tr><tr class=''><td class=''>M\u00e1quinas curvadoras giratorias<br \/>\n<\/td><td class=''>Cabeza<br \/>\n<\/td><td class=''>Chapa perforada<br \/>\n<\/td><td class=''>Adobe Stock<br \/>\n<\/td><td class=''>127055083<br \/>\n<\/td><\/tr><tr class=''><td class=''>M\u00e1quinas curvadoras giratorias<br \/>\n<\/td><td class=''>M\u00e1quinas curvadoras giratorias<br \/>\n<\/td><td class=''>Chapa de acero<br \/>\n<\/td><td class=''>Adobe Stock<br \/>\n<\/td><td class=''>33337544<br \/>\n<\/td><\/tr><tr class=''><td class=''>Punzonadoras y entalladoras<br \/>\n<\/td><td class=''>Cabeza<br \/>\n<\/td><td class=''>Chapa perforada<br \/>\n<\/td><td class=''>Adobe Stock<br \/>\n<\/td><td class=''>127055083<br \/>\n<\/td><\/tr><tr class=''><td class=''>Punzonadoras y entalladoras<br \/>\n<\/td><td class=''>Punzonadoras y entalladoras<br \/>\n<\/td><td class=''>Chapa de acero<br \/>\n<\/td><td class=''>Adobe Stock<br \/>\n<\/td><td class=''>33337544<br \/>\n<\/td><\/tr><tr class=''><td class=''>Dispositivos de desenrollado<br \/>\n<\/td><td class=''>Cabeza<br \/>\n<\/td><td class=''>Chapa perforada<br \/>\n<\/td><td class=''>Adobe Stock<br \/>\n<\/td><td class=''>127055083<br \/>\n<\/td><\/tr><tr class=''><td class=''>Dispositivos de desenrollado<br \/>\n<\/td><td class=''>Dispositivos de desenrollado<br \/>\n<\/td><td class=''>Chapa de acero<br \/>\n<\/td><td class=''>Adobe Stock<br \/>\n<\/td><td class=''>33337544<br \/>\n<\/td><\/tr><tr class=''><td class=''>Equipo de soldadura<br \/>\n<\/td><td class=''>Cabeza<br \/>\n<\/td><td class=''>Chapa perforada<br \/>\n<\/td><td class=''>Adobe Stock<br \/>\n<\/td><td class=''>127055083<br \/>\n<\/td><\/tr><tr class=''><td class=''>Equipo de soldadura<br \/>\n<\/td><td class=''>Equipo de soldadura<br \/>\n<\/td><td class=''>Chapa de acero<br \/>\n<\/td><td class=''>Adobe Stock<br \/>\n<\/td><td class=''>33337544<br \/>\n<\/td><\/tr><tr class=''><td class=''>M\u00e1quinas usadas<br \/>\n<\/td><td class=''>Cabeza<br \/>\n<\/td><td class=''>Chapa perforada<br \/>\n<\/td><td class=''>Adobe Stock<br \/>\n<\/td><td class=''>127055083<br \/>\n<\/td><\/tr><tr class=''><td class=''>M\u00e1quinas usadas<br \/>\n<\/td><td class=''>M\u00e1quinas usadas<br \/>\n<\/td><td class=''>Chapa de acero<br \/>\n<\/td><td class=''>Adobe Stock<br \/>\n<\/td><td class=''>33337544<br \/>\n<\/td><\/tr><tr class=''><td class=''>M\u00e1quinas de alquiler<br \/>\n<\/td><td class=''>Cabeza<br \/>\n<\/td><td class=''>Chapa perforada<br \/>\n<\/td><td class=''>Adobe Stock<br \/>\n<\/td><td class=''>127055083<br \/>\n<\/td><\/tr><tr class=''><td class=''>M\u00e1quinas de alquiler<br \/>\n<\/td><td class=''>M\u00e1quinas de alquiler<br \/>\n<\/td><td class=''>Chapa de acero<br \/>\n<\/td><td class=''>Adobe Stock<br \/>\n<\/td><td class=''>33337544<br \/>\n<\/td><\/tr><tr class=''><td class=''>Herramientas<br \/>\n<\/td><td class=''>Cabeza<br \/>\n<\/td><td class=''>chapa doblada<br \/>\n<\/td><td class=''>Adobe Stock<br \/>\n<\/td><td class=''>470925436<br \/>\n<\/td><\/tr><tr class=''><td class=''>Requisitos de aislamiento<br \/>\n<\/td><td class=''>Cabeza<br \/>\n<\/td><td class=''>Chapa de acero<br \/>\n<\/td><td class=''>Adobe Stock<br \/>\n<\/td><td class=''>198019364<br \/>\n<\/td><\/tr><tr class=''><td class=''>Requisitos de aislamiento<br \/>\n<\/td><td class=''>Remaches ciegos<br \/>\n<\/td><td class=''>Remaches<br \/>\n<\/td><td class=''>Adobe Stock<br \/>\n<\/td><td class=''>257825519<br \/>\n<\/td><\/tr><tr class=''><td class=''>Requisitos de aislamiento<br \/>\n<\/td><td class=''>Correas tensoras<br \/>\n<\/td><td class=''>Correas tensoras<br \/>\n<\/td><td class=''>Adobe Stock<br \/>\n<\/td><td class=''>135354999<br \/>\n<\/td><\/tr><tr class=''><td class=''>Tornillos autorroscantes<br \/>\n<\/td><td class=''>Cabeza<br \/>\n<\/td><td class=''>Chapa de acero<br \/>\n<\/td><td class=''>Adobe Stock<br \/>\n<\/td><td class=''>198019364<br \/>\n<\/td><\/tr><tr class=''><td class=''>Remaches ciegos<br \/>\n<\/td><td class=''>Cabeza<br \/>\n<\/td><td class=''>Chapa de acero<br \/>\n<\/td><td class=''>Adobe Stock<br \/>\n<\/td><td class=''>198019364<br \/>\n<\/td><\/tr><tr class=''><td class=''>Remaches ciegos<br \/>\n<\/td><td class=''>Remaches ciegos<br \/>\n<\/td><td class=''>Remaches<br \/>\n<\/td><td class=''>Adobe Stock<br \/>\n<\/td><td class=''>257825519<br \/>\n<\/td><\/tr><tr class=''><td class=''>Ganchos, manguitos, cierres<br \/>\n<\/td><td class=''>Cabeza<br \/>\n<\/td><td class=''>Chapa de acero<br \/>\n<\/td><td class=''>Adobe Stock<br \/>\n<\/td><td class=''>198019364<br \/>\n<\/td><\/tr><tr class=''><td class=''>Cierres de tapa<br \/>\n<\/td><td class=''>Cabeza<br \/>\n<\/td><td class=''>Chapa de acero<br \/>\n<\/td><td class=''>Adobe Stock<br \/>\n<\/td><td class=''>198019364<br \/>\n<\/td><\/tr><tr class=''><td class=''>Correas tensoras<br \/>\n<\/td><td class=''>Cabeza<br \/>\n<\/td><td class=''>Chapa de acero<br \/>\n<\/td><td class=''>Adobe Stock<br \/>\n<\/td><td class=''>198019364<br \/>\n<\/td><\/tr><tr class=''><td class=''>Correas tensoras<br \/>\n<\/td><td class=''>Correas tensoras<br \/>\n<\/td><td class=''>Correas tensoras<br \/>\n<\/td><td class=''>Adobe Stock<br \/>\n<\/td><td class=''>135354999<br \/>\n<\/td><\/tr><tr class=''><td class=''>Material para talleres<br \/>\n<\/td><td class=''>Cabeza<br \/>\n<\/td><td class=''>Tiras de chapa<br \/>\n<\/td><td class=''>Adobe Stock<br \/>\n<\/td><td class=''>256516437<br \/>\n<\/td><\/tr><tr class=''><td class=''>Productos TRUMPF<br \/>\n<\/td><td class=''>Cabeza<br \/>\n<\/td><td class=''>Bordes de la hoja<br \/>\n<\/td><td class=''>Adobe Stock<br \/>\n<\/td><td class=''>167289987<br \/>\n<\/td><\/tr><tr class=''><td class=''>Servicio<br \/>\n<\/td><td class=''>Cabeza<br \/>\n<\/td><td class=''>Retrato hombre<br \/>\n<\/td><td class=''>Adobe Stock<br \/>\n<\/td><td class=''>269092425<br \/>\n<\/td><\/tr><tr class=''><td class=''>Servicio<br \/>\n<\/td><td class=''>Servicios &#8211; Mantenimiento\/reparaci\u00f3n<br \/>\n<\/td><td class=''>Mano<br \/>\n<\/td><td class=''>Adobe Stock<br \/>\n<\/td><td class=''>29474853<br \/>\n<\/td><\/tr><tr class=''><td class=''>Servicio<br \/>\n<\/td><td class=''>Servicios &#8211; Recambios<br \/>\n<\/td><td class=''>Almac\u00e9n de estanter\u00edas<br \/>\n<\/td><td class=''>Adobe Stock<br \/>\n<\/td><td class=''>176145628<br \/>\n<\/td><\/tr><tr class=''><td class=''>Servicio<br \/>\n<\/td><td class=''>Servicios &#8211; Accesorios<br \/>\n<\/td><td class=''>Piezas met\u00e1licas<br \/>\n<\/td><td class=''>Adobe Stock<br \/>\n<\/td><td class=''>112309031<br \/>\n<\/td><\/tr><tr class=''><td class=''>Equipo<br \/>\n<\/td><td class=''>Cabeza<br \/>\n<\/td><td class=''>Chapa perforada<br \/>\n<\/td><td class=''>Adobe Stock<br \/>\n<\/td><td class=''>366770915<br \/>\n<\/td><\/tr><tr class=''><td class=''>Equipo<br \/>\n<\/td><td class=''>Cabeza<br \/>\n<\/td><td class=''>Dos hombres<br \/>\n<\/td><td class=''>Adobe Stock<br \/>\n<\/td><td class=''>331579794<br \/>\n<\/td><\/tr><tr class=''><td class=''>\u00daltimas noticias<br \/>\n<\/td><td class=''>Cabeza<br \/>\n<\/td><td class=''>Chapa perforada<br \/>\n<\/td><td class=''>Adobe Stock<br \/>\n<\/td><td class=''>366770915<br \/>\n<\/td><\/tr><tr class=''><td class=''>\u00daltimas noticias<br \/>\n<\/td><td class=''>Cabeza<br \/>\n<\/td><td class=''>Hashtag<br \/>\n<\/td><td class=''>Adobe Stock<br \/>\n<\/td><td class=''>251127556<br \/>\n<\/td><\/tr><tr class=''><td class=''>Carrera profesional<br \/>\n<\/td><td class=''>Cabeza<br \/>\n<\/td><td class=''>Dos hombres<br \/>\n<\/td><td class=''>Adobe Stock<br \/>\n<\/td><td class=''>331579794<br \/>\n<\/td><\/tr><tr class=''><td class=''>Carrera profesional<br \/>\n<\/td><td class=''>Beneficios<br \/>\n<\/td><td class=''>Chapa de acero<br \/>\n<\/td><td class=''>Adobe Stock<br \/>\n<\/td><td class=''>33337544<br \/>\n<\/td><\/tr><tr class=''><td class=''>Centro de prensa<br \/>\n<\/td><td class=''>Cabeza<br \/>\n<\/td><td class=''>Chapas curvadas<br \/>\n<\/td><td class=''>Adobe Stock<br \/>\n<\/td><td class=''>293173747<br \/>\n<\/td><\/tr><tr class=''><td class=''>Centro de prensa<br \/>\n<\/td><td class=''>Cabeza<br \/>\n<\/td><td class=''>Libro<br \/>\n<\/td><td class=''>Adobe Stock<br \/>\n<\/td><td class=''>317613837<br \/>\n<\/td><\/tr><\/tbody><\/table><\/div><style type='text\/css'>.avia-table-1 td:nth-of-type(1):before { content: 'Mostrar p\u00e1gina'; } .avia-table-1 td:nth-of-type(2):before { content: 'Colocaci\u00f3n'; } .avia-table-1 td:nth-of-type(3):before { content: 'Motivo'; } .avia-table-1 td:nth-of-type(4):before { content: 'Fuente\n'; } .avia-table-1 td:nth-of-type(5):before { content: 'N\u00famero de imagen\n'; } <\/style><\/div>\n","protected":false},"excerpt":{"rendered":"","protected":false},"author":1,"featured_media":0,"parent":0,"menu_order":13,"comment_status":"closed","ping_status":"closed","template":"","meta":{"_acf_changed":false,"inline_featured_image":false,"footnotes":""},"class_list":["post-12569","page","type-page","status-publish","hentry"],"acf":[],"yoast_head":"<!-- This site is optimized with the Yoast SEO plugin v27.3 - https:\/\/yoast.com\/product\/yoast-seo-wordpress\/ -->\n<title>Pie de imprenta | Wilhelm Hundt GmbH<\/title>\n<meta name=\"description\" content=\"Wilhelm Hundt GmbH: Pie de imprenta\" \/>\n<meta name=\"robots\" content=\"index, follow, max-snippet:-1, max-image-preview:large, max-video-preview:-1\" \/>\n<link rel=\"canonical\" href=\"https:\/\/hundtgroup.com\/es\/pie-de-imprenta\/\" \/>\n<meta property=\"og:locale\" content=\"es_ES\" \/>\n<meta property=\"og:type\" content=\"article\" \/>\n<meta property=\"og:title\" content=\"Pie de imprenta | Wilhelm Hundt GmbH\" \/>\n<meta property=\"og:description\" content=\"Wilhelm Hundt GmbH: Pie de imprenta\" \/>\n<meta property=\"og:url\" content=\"https:\/\/hundtgroup.com\/es\/pie-de-imprenta\/\" \/>\n<meta property=\"og:site_name\" content=\"Wilhelm Hundt GmbH\" \/>\n<meta property=\"article:modified_time\" content=\"2026-03-09T10:44:56+00:00\" \/>\n<meta name=\"twitter:card\" content=\"summary_large_image\" \/>\n<meta name=\"twitter:label1\" content=\"Tiempo de lectura\" \/>\n\t<meta name=\"twitter:data1\" content=\"5 minuto\" \/>\n<script type=\"application\/ld+json\" class=\"yoast-schema-graph\">{\"@context\":\"https:\\\/\\\/schema.org\",\"@graph\":[{\"@type\":\"WebPage\",\"@id\":\"https:\\\/\\\/hundtgroup.com\\\/es\\\/pie-de-imprenta\\\/\",\"url\":\"https:\\\/\\\/hundtgroup.com\\\/es\\\/pie-de-imprenta\\\/\",\"name\":\"Pie de imprenta | Wilhelm Hundt GmbH\",\"isPartOf\":{\"@id\":\"https:\\\/\\\/hundtgroup.com\\\/es\\\/#website\"},\"datePublished\":\"2022-01-12T12:24:49+00:00\",\"dateModified\":\"2026-03-09T10:44:56+00:00\",\"description\":\"Wilhelm Hundt GmbH: Pie de imprenta\",\"breadcrumb\":{\"@id\":\"https:\\\/\\\/hundtgroup.com\\\/es\\\/pie-de-imprenta\\\/#breadcrumb\"},\"inLanguage\":\"es\",\"potentialAction\":[{\"@type\":\"ReadAction\",\"target\":[\"https:\\\/\\\/hundtgroup.com\\\/es\\\/pie-de-imprenta\\\/\"]}]},{\"@type\":\"BreadcrumbList\",\"@id\":\"https:\\\/\\\/hundtgroup.com\\\/es\\\/pie-de-imprenta\\\/#breadcrumb\",\"itemListElement\":[{\"@type\":\"ListItem\",\"position\":1,\"name\":\"Startseite\",\"item\":\"https:\\\/\\\/hundtgroup.com\\\/es\\\/inicio-nuevo\\\/\"},{\"@type\":\"ListItem\",\"position\":2,\"name\":\"Pie de imprenta\"}]},{\"@type\":\"WebSite\",\"@id\":\"https:\\\/\\\/hundtgroup.com\\\/es\\\/#website\",\"url\":\"https:\\\/\\\/hundtgroup.com\\\/es\\\/\",\"name\":\"Wilhelm Hundt GmbH\",\"description\":\"Tu especialista en m\u00e1quinas y herramientas para la transformaci\u00f3n de la chapa\",\"potentialAction\":[{\"@type\":\"SearchAction\",\"target\":{\"@type\":\"EntryPoint\",\"urlTemplate\":\"https:\\\/\\\/hundtgroup.com\\\/es\\\/?s={search_term_string}\"},\"query-input\":{\"@type\":\"PropertyValueSpecification\",\"valueRequired\":true,\"valueName\":\"search_term_string\"}}],\"inLanguage\":\"es\"}]}<\/script>\n<!-- \/ Yoast SEO plugin. -->","yoast_head_json":{"title":"Pie de imprenta | Wilhelm Hundt GmbH","description":"Wilhelm Hundt GmbH: Pie de imprenta","robots":{"index":"index","follow":"follow","max-snippet":"max-snippet:-1","max-image-preview":"max-image-preview:large","max-video-preview":"max-video-preview:-1"},"canonical":"https:\/\/hundtgroup.com\/es\/pie-de-imprenta\/","og_locale":"es_ES","og_type":"article","og_title":"Pie de imprenta | Wilhelm Hundt GmbH","og_description":"Wilhelm Hundt GmbH: Pie de imprenta","og_url":"https:\/\/hundtgroup.com\/es\/pie-de-imprenta\/","og_site_name":"Wilhelm Hundt GmbH","article_modified_time":"2026-03-09T10:44:56+00:00","twitter_card":"summary_large_image","twitter_misc":{"Tiempo de lectura":"5 minuto"},"schema":{"@context":"https:\/\/schema.org","@graph":[{"@type":"WebPage","@id":"https:\/\/hundtgroup.com\/es\/pie-de-imprenta\/","url":"https:\/\/hundtgroup.com\/es\/pie-de-imprenta\/","name":"Pie de imprenta | Wilhelm Hundt GmbH","isPartOf":{"@id":"https:\/\/hundtgroup.com\/es\/#website"},"datePublished":"2022-01-12T12:24:49+00:00","dateModified":"2026-03-09T10:44:56+00:00","description":"Wilhelm Hundt GmbH: Pie de imprenta","breadcrumb":{"@id":"https:\/\/hundtgroup.com\/es\/pie-de-imprenta\/#breadcrumb"},"inLanguage":"es","potentialAction":[{"@type":"ReadAction","target":["https:\/\/hundtgroup.com\/es\/pie-de-imprenta\/"]}]},{"@type":"BreadcrumbList","@id":"https:\/\/hundtgroup.com\/es\/pie-de-imprenta\/#breadcrumb","itemListElement":[{"@type":"ListItem","position":1,"name":"Startseite","item":"https:\/\/hundtgroup.com\/es\/inicio-nuevo\/"},{"@type":"ListItem","position":2,"name":"Pie de imprenta"}]},{"@type":"WebSite","@id":"https:\/\/hundtgroup.com\/es\/#website","url":"https:\/\/hundtgroup.com\/es\/","name":"Wilhelm Hundt GmbH","description":"Tu especialista en m\u00e1quinas y herramientas para la transformaci\u00f3n de la chapa","potentialAction":[{"@type":"SearchAction","target":{"@type":"EntryPoint","urlTemplate":"https:\/\/hundtgroup.com\/es\/?s={search_term_string}"},"query-input":{"@type":"PropertyValueSpecification","valueRequired":true,"valueName":"search_term_string"}}],"inLanguage":"es"}]}},"_links":{"self":[{"href":"https:\/\/hundtgroup.com\/es\/wp-json\/wp\/v2\/pages\/12569","targetHints":{"allow":["GET"]}}],"collection":[{"href":"https:\/\/hundtgroup.com\/es\/wp-json\/wp\/v2\/pages"}],"about":[{"href":"https:\/\/hundtgroup.com\/es\/wp-json\/wp\/v2\/types\/page"}],"author":[{"embeddable":true,"href":"https:\/\/hundtgroup.com\/es\/wp-json\/wp\/v2\/users\/1"}],"replies":[{"embeddable":true,"href":"https:\/\/hundtgroup.com\/es\/wp-json\/wp\/v2\/comments?post=12569"}],"version-history":[{"count":10,"href":"https:\/\/hundtgroup.com\/es\/wp-json\/wp\/v2\/pages\/12569\/revisions"}],"predecessor-version":[{"id":41767,"href":"https:\/\/hundtgroup.com\/es\/wp-json\/wp\/v2\/pages\/12569\/revisions\/41767"}],"wp:attachment":[{"href":"https:\/\/hundtgroup.com\/es\/wp-json\/wp\/v2\/media?parent=12569"}],"curies":[{"name":"wp","href":"https:\/\/api.w.org\/{rel}","templated":true}]}}