{"id":12631,"date":"2022-01-17T15:13:39","date_gmt":"2022-01-17T14:13:39","guid":{"rendered":"https:\/\/hundtgroup.com\/carrera-profesional\/"},"modified":"2025-06-26T12:07:24","modified_gmt":"2025-06-26T10:07:24","slug":"carrera-profesional","status":"publish","type":"page","link":"https:\/\/hundtgroup.com\/es\/sobre-nosotros\/carrera-profesional\/","title":{"rendered":"Carrera profesional"},"content":{"rendered":"<div id='av_section_1'  class='avia-section av-7k2xh-ff5a1b8c55739fe29c49a5b988ca468b main_color avia-section-default avia-no-border-styling  avia-builder-el-0  el_before_av_section  avia-builder-el-first  section-no-padding-bottom avia-bg-style-scroll container_wrap fullsize'  ><div class='container av-section-cont-open' ><main  role=\"main\" itemprop=\"mainContentOfPage\"  class='template-page content  av-content-full alpha units'><div class='post-entry post-entry-type-page post-entry-12631'><div class='entry-content-wrapper clearfix'>\n<div  class='flex_column av-kyirpm96-a90b33f083ca7e815b92472bd1d3d5f8 av_one_full  avia-builder-el-1  avia-builder-el-no-sibling  max-width-three-fourth first flex_column_div  '     ><section  class='av_textblock_section av-kyirp8mp-5026a82b04e8424b85b9f1f86d7c14af '   itemscope=\"itemscope\" itemtype=\"https:\/\/schema.org\/CreativeWork\" ><div class='avia_textblock'  itemprop=\"text\" ><p>Llevamos 50 a\u00f1os firmemente asentados en el mercado como especialistas en mecanizado de chapa y herramientas: \u00a1convi\u00e9rtete en parte de esta historia de \u00e9xito! Como empresa en crecimiento din\u00e1mico, siempre estamos buscando nuevos empleados comprometidos. Te ofrecemos tareas apasionantes y variadas, una remuneraci\u00f3n justa y un ambiente de trabajo agradable en el seno de una empresa familiar dirigida por sus propietarios.<\/p>\n<\/div><\/section><\/div>\n\n<\/div><\/div><\/main><!-- close content main element --><\/div><\/div><div id='av_section_2'  class='avia-section av-esv1p-3ee1199b615e894f539766df8c524f84 main_color avia-section-default avia-no-border-styling  avia-builder-el-3  el_after_av_section  el_before_av_section  avia-bg-style-scroll container_wrap fullsize'  ><div class='container av-section-cont-open' ><div class='template-page content  av-content-full alpha units'><div class='post-entry post-entry-type-page post-entry-12631'><div class='entry-content-wrapper clearfix'>\n<div  class='flex_column av-kyisucmu-9885f5334ed90f6c7faafba57b7ddae2 av_one_full  avia-builder-el-4  el_before_av_one_full  avia-builder-el-first  max-width-four-fifth first flex_column_div  '     ><p><div class=\"pxl-headline pxl-hl hl-wrap | hl-sub--top hl--align-left hl--large-margin   \">\n    <div class=\"hl-inner\">\n            <h2 class=\"hl-main hl-line |  hl_main--default  \">Nuestras <span>vacantes<\/span> actuales<\/h2>\n            <div class=\"overline lightgrey\">\n              <span class=\"hl-sub hl-line |  hl_sub--default  \">Solicitar ahora<\/span>\n              <span class=\"overline-slant\"><\/span>\n            <\/div>\n    <\/div>\n<\/div>\n<br \/>\n<section  class='av_textblock_section av-6mqb9-f433746f831ff1f8533e557d10332d3b '   itemscope=\"itemscope\" itemtype=\"https:\/\/schema.org\/CreativeWork\" ><div class='avia_textblock'  itemprop=\"text\" ><p>Aqu\u00ed encontrar\u00e1s un resumen de nuestras vacantes. Esperamos recibir tu solicitud detallada. \u00bfNo encuentras lo que buscas? Vuelve, actualizamos esta secci\u00f3n con regularidad.<\/p>\n<\/div><\/section><\/p><\/div><div  class='flex_column av-feq31-5f5be21c17ea82a4698c3c611d9055e7 av_one_full  avia-builder-el-7  el_after_av_one_full  avia-builder-el-last  first flex_column_div  column-top-margin'     ><div class=\"grid grid-jobs\">\n\t<a id=\"jobs\" class=\"anchor\"><\/a>\n\t<div class=\"grid-items grid-inner\">\n\t\t\t\t\t<div class=\"job-card av_one_third flex_column first \">\n\t<div class=\"card-content\">\n\t\t\t\t<a href=\"https:\/\/hundtgroup.com\/es\/ueber-uns\/karriere\/empleado-de-almacen-jornada-completa\/\"><h3>Empleado de almac\u00e9n (jornada completa)<\/h3><\/a>\n\t\t<span class=\"gender\">(h\/m\/d)<\/span>\n\t\t\t\t<\/div>\n\t\t<div class=\"card-action\">\n\t\t\t<div class=\"avia-button-wrap white\">\n\t\t\t\t<a href=\"https:\/\/hundtgroup.com\/es\/ueber-uns\/karriere\/empleado-de-almacen-jornada-completa\/\" class=\"avia-button avia-color-theme-color avia-icon_select-no avia-size-medium avia-position-left\"><span>Saber m\u00e1s<\/span><\/a>\n\t\t\t<\/div>\n\t\t<\/div>\n<\/div>\n\t\t\t<\/div>\n<\/div><\/div>\n\n<\/div><\/div><\/div><!-- close content main div --><\/div><\/div>\n<style type=\"text\/css\" data-created_by=\"avia_inline_auto\" id=\"style-css-av-kyirs700-08cbab76013bc746cb5e42dfcf382aa5\">\n.avia-section.av-kyirs700-08cbab76013bc746cb5e42dfcf382aa5{\nbackground-repeat:no-repeat;\nbackground-image:url(https:\/\/hundtgroup.com\/wp-content\/uploads\/hundt_background_metall.jpg);\nbackground-position:50% 50%;\nbackground-attachment:scroll;\n}\n<\/style>\n<div id='av_section_3'  class='avia-section av-kyirs700-08cbab76013bc746cb5e42dfcf382aa5 main_color avia-section-default avia-no-border-styling  avia-builder-el-9  el_after_av_section  avia-builder-el-last  avia-full-stretch avia-bg-style-scroll container_wrap fullsize'  data-section-bg-repeat='stretch'><div class='container av-section-cont-open' ><div class='template-page content  av-content-full alpha units'><div class='post-entry post-entry-type-page post-entry-12631'><div class='entry-content-wrapper clearfix'>\n<div  class='flex_column av-8ibyd-7f6592657a8d92922cad4a09c653f4f3 av_one_full  avia-builder-el-10  el_before_av_one_third  avia-builder-el-first  first flex_column_div  '     ><div class=\"pxl-headline pxl-hl hl-wrap | hl-sub--top hl--align-left hl--big-margin   \">\n    <div class=\"hl-inner\">\n            <h2 class=\"hl-main hl-line |  hl_main--default  \">Algunas de nuestras <span>ventajas.<\/span><\/h2>\n            <div class=\"overline darkgrey\">\n              <span class=\"hl-sub hl-line |  hl_sub--default  \">Qu\u00e9 podemos ofrecerte<\/span>\n              <span class=\"overline-slant\"><\/span>\n            <\/div>\n    <\/div>\n<\/div><\/div><div  class='flex_column av-grulp-f219df64774b7cd6407d45c712913850 av_one_third  avia-builder-el-12  el_after_av_one_full  el_before_av_one_third  first flex_column_div  column-top-margin'     ><div class=\"pixel-iconbox-wrap has-icon \">\n\n    \n    <div class=\"left-col \">\n\n            <div class=\"pixel-iconbox-icon-number-wrap\">\n        <img decoding=\"async\" src=\"https:\/\/hundtgroup.com\/wp-content\/uploads\/hundt-icon-checkmark.svg\" alt=\"https:\/\/hundtgroup.com\/wp-content\/uploads\/hundt-icon-checkmark.svg\" \/>\n      <\/div>\n      \n      \n    <\/div>\n\n    \n    \n    <div class=\"right-col\">\n\n      <div class=\"pixel-iconbox-content-wrap\">\n\n        <div class=\"pxl-headline pxl-hl hl-wrap | hl--align-left hl--no-margin\">\n          <div class=\"hl-inner\">\n            <h3 class=\"hl-main hl-line |  hl_main--default\">Pago justo<\/h3>\n          <\/div>\n        <\/div>\n\n                <p>Un buen trabajo debe merecer la pena. Por eso damos gran importancia a una remuneraci\u00f3n justa. <\/p>\n        \n      <\/div>\n\n      \n          <\/div>\n<\/div><\/div><div  class='flex_column av-ri25h-26b53f614047b635f46a4291d2bd19f0 av_one_third  avia-builder-el-14  el_after_av_one_third  el_before_av_one_third  flex_column_div  column-top-margin'     ><div class=\"pixel-iconbox-wrap has-icon \">\n\n    \n    <div class=\"left-col \">\n\n            <div class=\"pixel-iconbox-icon-number-wrap\">\n        <img decoding=\"async\" src=\"https:\/\/hundtgroup.com\/wp-content\/uploads\/hundt-icon-checkmark.svg\" alt=\"https:\/\/hundtgroup.com\/wp-content\/uploads\/hundt-icon-checkmark.svg\" \/>\n      <\/div>\n      \n      \n    <\/div>\n\n    \n    \n    <div class=\"right-col\">\n\n      <div class=\"pixel-iconbox-content-wrap\">\n\n        <div class=\"pxl-headline pxl-hl hl-wrap | hl--align-left hl--no-margin\">\n          <div class=\"hl-inner\">\n            <h3 class=\"hl-main hl-line |  hl_main--default\">Tareas emocionantes<\/h3>\n          <\/div>\n        <\/div>\n\n                <p>No hay dos proyectos iguales. La emoci\u00f3n y la variedad forman parte de nuestro trabajo diario. <\/p>\n        \n      <\/div>\n\n      \n          <\/div>\n<\/div><\/div><div  class='flex_column av-g7bel-f0d6c04f2fd1b558566f4a5d561ec3e7 av_one_third  avia-builder-el-16  el_after_av_one_third  el_before_av_one_third  flex_column_div  column-top-margin'     ><div class=\"pixel-iconbox-wrap has-icon \">\n\n    \n    <div class=\"left-col \">\n\n            <div class=\"pixel-iconbox-icon-number-wrap\">\n        <img decoding=\"async\" src=\"https:\/\/hundtgroup.com\/wp-content\/uploads\/hundt-icon-checkmark.svg\" alt=\"https:\/\/hundtgroup.com\/wp-content\/uploads\/hundt-icon-checkmark.svg\" \/>\n      <\/div>\n      \n      \n    <\/div>\n\n    \n    \n    <div class=\"right-col\">\n\n      <div class=\"pixel-iconbox-content-wrap\">\n\n        <div class=\"pxl-headline pxl-hl hl-wrap | hl--align-left hl--no-margin\">\n          <div class=\"hl-inner\">\n            <h3 class=\"hl-main hl-line |  hl_main--default\">Agradecimiento<\/h3>\n          <\/div>\n        <\/div>\n\n                <p>Valoramos el rendimiento de nuestros empleados porque son la clave de nuestro \u00e9xito.<\/p>\n        \n      <\/div>\n\n      \n          <\/div>\n<\/div><\/div><div  class='flex_column av-2a6id-d05d515416c68a53e1fc65d316336e80 av_one_third  avia-builder-el-18  el_after_av_one_third  el_before_av_one_third  first flex_column_div  column-top-margin'     ><div class=\"pixel-iconbox-wrap has-icon \">\n\n    \n    <div class=\"left-col \">\n\n            <div class=\"pixel-iconbox-icon-number-wrap\">\n        <img decoding=\"async\" src=\"https:\/\/hundtgroup.com\/wp-content\/uploads\/hundt-icon-checkmark.svg\" alt=\"https:\/\/hundtgroup.com\/wp-content\/uploads\/hundt-icon-checkmark.svg\" \/>\n      <\/div>\n      \n      \n    <\/div>\n\n    \n    \n    <div class=\"right-col\">\n\n      <div class=\"pixel-iconbox-content-wrap\">\n\n        <div class=\"pxl-headline pxl-hl hl-wrap | hl--align-left hl--no-margin\">\n          <div class=\"hl-inner\">\n            <h3 class=\"hl-main hl-line |  hl_main--default\">Responsabilidad personal<\/h3>\n          <\/div>\n        <\/div>\n\n                <p>Eres el experto en tu campo y te beneficias de un alto nivel de responsabilidad personal.<\/p>\n        \n      <\/div>\n\n      \n          <\/div>\n<\/div><\/div><div  class='flex_column av-ehi3h-451046005684609ba08aa6f280ad8524 av_one_third  avia-builder-el-20  el_after_av_one_third  el_before_av_one_third  flex_column_div  column-top-margin'     ><div class=\"pixel-iconbox-wrap has-icon \">\n\n    \n    <div class=\"left-col \">\n\n            <div class=\"pixel-iconbox-icon-number-wrap\">\n        <img decoding=\"async\" src=\"https:\/\/hundtgroup.com\/wp-content\/uploads\/hundt-icon-checkmark.svg\" alt=\"https:\/\/hundtgroup.com\/wp-content\/uploads\/hundt-icon-checkmark.svg\" \/>\n      <\/div>\n      \n      \n    <\/div>\n\n    \n    \n    <div class=\"right-col\">\n\n      <div class=\"pixel-iconbox-content-wrap\">\n\n        <div class=\"pxl-headline pxl-hl hl-wrap | hl--align-left hl--no-margin\">\n          <div class=\"hl-inner\">\n            <h3 class=\"hl-main hl-line |  hl_main--default\">Jerarqu\u00edas planas<\/h3>\n          <\/div>\n        <\/div>\n\n                <p>Las jerarqu\u00edas planas en lugar de aprobaciones complejas nos facilitan la organizaci\u00f3n del trabajo.<\/p>\n        \n      <\/div>\n\n      \n          <\/div>\n<\/div><\/div><div  class='flex_column av-bq4xp-de87c65db392d4a81e22ff500903ff93 av_one_third  avia-builder-el-22  el_after_av_one_third  avia-builder-el-last  flex_column_div  column-top-margin'     ><div class=\"pixel-iconbox-wrap has-icon \">\n\n    \n    <div class=\"left-col \">\n\n            <div class=\"pixel-iconbox-icon-number-wrap\">\n        <img decoding=\"async\" src=\"https:\/\/hundtgroup.com\/wp-content\/uploads\/hundt-icon-checkmark.svg\" alt=\"https:\/\/hundtgroup.com\/wp-content\/uploads\/hundt-icon-checkmark.svg\" \/>\n      <\/div>\n      \n      \n    <\/div>\n\n    \n    \n    <div class=\"right-col\">\n\n      <div class=\"pixel-iconbox-content-wrap\">\n\n        <div class=\"pxl-headline pxl-hl hl-wrap | hl--align-left hl--no-margin\">\n          <div class=\"hl-inner\">\n            <h3 class=\"hl-main hl-line |  hl_main--default\">Esp\u00edritu de equipo<\/h3>\n          <\/div>\n        <\/div>\n\n                <p>Uno para todos, todos para uno: somos un equipo bien ensayado y siempre permanecemos unidos.<\/p>\n        \n      <\/div>\n\n      \n          <\/div>\n<\/div><\/div>\n\n","protected":false},"excerpt":{"rendered":"","protected":false},"author":1,"featured_media":0,"parent":12964,"menu_order":2,"comment_status":"closed","ping_status":"closed","template":"","meta":{"_acf_changed":false,"inline_featured_image":false,"footnotes":""},"class_list":["post-12631","page","type-page","status-publish","hentry"],"acf":[],"yoast_head":"<!-- This site is optimized with the Yoast SEO plugin v27.3 - https:\/\/yoast.com\/product\/yoast-seo-wordpress\/ -->\n<title>Carrera - Ofertas de empleo en Hundt<\/title>\n<meta name=\"description\" content=\"Empieza tu carrera en el Grupo Hundt y forma parte de nuestro exitoso equipo. \u25ba\u00a1Inf\u00f3rmate ahora!\" \/>\n<meta name=\"robots\" content=\"index, follow, max-snippet:-1, max-image-preview:large, max-video-preview:-1\" \/>\n<link rel=\"canonical\" href=\"https:\/\/hundtgroup.com\/es\/sobre-nosotros\/carrera-profesional\/\" \/>\n<meta property=\"og:locale\" content=\"es_ES\" \/>\n<meta property=\"og:type\" content=\"article\" \/>\n<meta property=\"og:title\" content=\"Carrera - Ofertas de empleo en Hundt\" \/>\n<meta property=\"og:description\" content=\"Empieza tu carrera en el Grupo Hundt y forma parte de nuestro exitoso equipo. \u25ba\u00a1Inf\u00f3rmate ahora!\" \/>\n<meta property=\"og:url\" content=\"https:\/\/hundtgroup.com\/es\/sobre-nosotros\/carrera-profesional\/\" \/>\n<meta property=\"og:site_name\" content=\"Wilhelm Hundt GmbH\" \/>\n<meta property=\"article:modified_time\" content=\"2025-06-26T10:07:24+00:00\" \/>\n<meta name=\"twitter:card\" content=\"summary_large_image\" \/>\n<meta name=\"twitter:label1\" content=\"Tiempo de lectura\" \/>\n\t<meta name=\"twitter:data1\" content=\"19 minuto\" \/>\n<script type=\"application\/ld+json\" class=\"yoast-schema-graph\">{\"@context\":\"https:\\\/\\\/schema.org\",\"@graph\":[{\"@type\":\"WebPage\",\"@id\":\"https:\\\/\\\/hundtgroup.com\\\/es\\\/sobre-nosotros\\\/carrera-profesional\\\/\",\"url\":\"https:\\\/\\\/hundtgroup.com\\\/es\\\/sobre-nosotros\\\/carrera-profesional\\\/\",\"name\":\"Carrera - Ofertas de empleo en Hundt\",\"isPartOf\":{\"@id\":\"https:\\\/\\\/hundtgroup.com\\\/es\\\/#website\"},\"datePublished\":\"2022-01-17T14:13:39+00:00\",\"dateModified\":\"2025-06-26T10:07:24+00:00\",\"description\":\"Empieza tu carrera en el Grupo Hundt y forma parte de nuestro exitoso equipo. \u25ba\u00a1Inf\u00f3rmate ahora!\",\"breadcrumb\":{\"@id\":\"https:\\\/\\\/hundtgroup.com\\\/es\\\/sobre-nosotros\\\/carrera-profesional\\\/#breadcrumb\"},\"inLanguage\":\"es\",\"potentialAction\":[{\"@type\":\"ReadAction\",\"target\":[\"https:\\\/\\\/hundtgroup.com\\\/es\\\/sobre-nosotros\\\/carrera-profesional\\\/\"]}]},{\"@type\":\"BreadcrumbList\",\"@id\":\"https:\\\/\\\/hundtgroup.com\\\/es\\\/sobre-nosotros\\\/carrera-profesional\\\/#breadcrumb\",\"itemListElement\":[{\"@type\":\"ListItem\",\"position\":1,\"name\":\"Startseite\",\"item\":\"https:\\\/\\\/hundtgroup.com\\\/es\\\/inicio-nuevo\\\/\"},{\"@type\":\"ListItem\",\"position\":2,\"name\":\"Sobre nosotros\",\"item\":\"https:\\\/\\\/hundtgroup.com\\\/es\\\/sobre-nosotros\\\/\"},{\"@type\":\"ListItem\",\"position\":3,\"name\":\"Carrera profesional\"}]},{\"@type\":\"WebSite\",\"@id\":\"https:\\\/\\\/hundtgroup.com\\\/es\\\/#website\",\"url\":\"https:\\\/\\\/hundtgroup.com\\\/es\\\/\",\"name\":\"Wilhelm Hundt GmbH\",\"description\":\"Tu especialista en m\u00e1quinas y herramientas para la transformaci\u00f3n de la chapa\",\"potentialAction\":[{\"@type\":\"SearchAction\",\"target\":{\"@type\":\"EntryPoint\",\"urlTemplate\":\"https:\\\/\\\/hundtgroup.com\\\/es\\\/?s={search_term_string}\"},\"query-input\":{\"@type\":\"PropertyValueSpecification\",\"valueRequired\":true,\"valueName\":\"search_term_string\"}}],\"inLanguage\":\"es\"}]}<\/script>\n<!-- \/ Yoast SEO plugin. -->","yoast_head_json":{"title":"Carrera - Ofertas de empleo en Hundt","description":"Empieza tu carrera en el Grupo Hundt y forma parte de nuestro exitoso equipo. \u25ba\u00a1Inf\u00f3rmate ahora!","robots":{"index":"index","follow":"follow","max-snippet":"max-snippet:-1","max-image-preview":"max-image-preview:large","max-video-preview":"max-video-preview:-1"},"canonical":"https:\/\/hundtgroup.com\/es\/sobre-nosotros\/carrera-profesional\/","og_locale":"es_ES","og_type":"article","og_title":"Carrera - Ofertas de empleo en Hundt","og_description":"Empieza tu carrera en el Grupo Hundt y forma parte de nuestro exitoso equipo. \u25ba\u00a1Inf\u00f3rmate ahora!","og_url":"https:\/\/hundtgroup.com\/es\/sobre-nosotros\/carrera-profesional\/","og_site_name":"Wilhelm Hundt GmbH","article_modified_time":"2025-06-26T10:07:24+00:00","twitter_card":"summary_large_image","twitter_misc":{"Tiempo de lectura":"19 minuto"},"schema":{"@context":"https:\/\/schema.org","@graph":[{"@type":"WebPage","@id":"https:\/\/hundtgroup.com\/es\/sobre-nosotros\/carrera-profesional\/","url":"https:\/\/hundtgroup.com\/es\/sobre-nosotros\/carrera-profesional\/","name":"Carrera - Ofertas de empleo en Hundt","isPartOf":{"@id":"https:\/\/hundtgroup.com\/es\/#website"},"datePublished":"2022-01-17T14:13:39+00:00","dateModified":"2025-06-26T10:07:24+00:00","description":"Empieza tu carrera en el Grupo Hundt y forma parte de nuestro exitoso equipo. \u25ba\u00a1Inf\u00f3rmate ahora!","breadcrumb":{"@id":"https:\/\/hundtgroup.com\/es\/sobre-nosotros\/carrera-profesional\/#breadcrumb"},"inLanguage":"es","potentialAction":[{"@type":"ReadAction","target":["https:\/\/hundtgroup.com\/es\/sobre-nosotros\/carrera-profesional\/"]}]},{"@type":"BreadcrumbList","@id":"https:\/\/hundtgroup.com\/es\/sobre-nosotros\/carrera-profesional\/#breadcrumb","itemListElement":[{"@type":"ListItem","position":1,"name":"Startseite","item":"https:\/\/hundtgroup.com\/es\/inicio-nuevo\/"},{"@type":"ListItem","position":2,"name":"Sobre nosotros","item":"https:\/\/hundtgroup.com\/es\/sobre-nosotros\/"},{"@type":"ListItem","position":3,"name":"Carrera profesional"}]},{"@type":"WebSite","@id":"https:\/\/hundtgroup.com\/es\/#website","url":"https:\/\/hundtgroup.com\/es\/","name":"Wilhelm Hundt GmbH","description":"Tu especialista en m\u00e1quinas y herramientas para la transformaci\u00f3n de la chapa","potentialAction":[{"@type":"SearchAction","target":{"@type":"EntryPoint","urlTemplate":"https:\/\/hundtgroup.com\/es\/?s={search_term_string}"},"query-input":{"@type":"PropertyValueSpecification","valueRequired":true,"valueName":"search_term_string"}}],"inLanguage":"es"}]}},"_links":{"self":[{"href":"https:\/\/hundtgroup.com\/es\/wp-json\/wp\/v2\/pages\/12631","targetHints":{"allow":["GET"]}}],"collection":[{"href":"https:\/\/hundtgroup.com\/es\/wp-json\/wp\/v2\/pages"}],"about":[{"href":"https:\/\/hundtgroup.com\/es\/wp-json\/wp\/v2\/types\/page"}],"author":[{"embeddable":true,"href":"https:\/\/hundtgroup.com\/es\/wp-json\/wp\/v2\/users\/1"}],"replies":[{"embeddable":true,"href":"https:\/\/hundtgroup.com\/es\/wp-json\/wp\/v2\/comments?post=12631"}],"version-history":[{"count":0,"href":"https:\/\/hundtgroup.com\/es\/wp-json\/wp\/v2\/pages\/12631\/revisions"}],"up":[{"embeddable":true,"href":"https:\/\/hundtgroup.com\/es\/wp-json\/wp\/v2\/pages\/12964"}],"wp:attachment":[{"href":"https:\/\/hundtgroup.com\/es\/wp-json\/wp\/v2\/media?parent=12631"}],"curies":[{"name":"wp","href":"https:\/\/api.w.org\/{rel}","templated":true}]}}