{"id":12964,"date":"2022-01-12T12:31:26","date_gmt":"2022-01-12T11:31:26","guid":{"rendered":"https:\/\/hundtgroup.com\/sobre-nosotros\/"},"modified":"2025-06-26T12:07:24","modified_gmt":"2025-06-26T10:07:24","slug":"sobre-nosotros","status":"publish","type":"page","link":"https:\/\/hundtgroup.com\/es\/sobre-nosotros\/","title":{"rendered":"Sobre nosotros"},"content":{"rendered":"<div id='av_section_1'  class='avia-section av-gl9o3-425af46ea03858fa49a438b9f349d8f3 main_color avia-section-default avia-no-border-styling  avia-builder-el-0  el_before_av_section  avia-builder-el-first  avia-bg-style-scroll container_wrap fullsize'  ><div class='container av-section-cont-open' ><main  role=\"main\" itemprop=\"mainContentOfPage\"  class='template-page content  av-content-full alpha units'><div class='post-entry post-entry-type-page post-entry-12964'><div class='entry-content-wrapper clearfix'>\n<div  class='flex_column av-kyilu3c2-e2911f97e8c4ff0d1127785feeb546d5 av_one_full  avia-builder-el-1  avia-builder-el-no-sibling  max-width-three-fourth first flex_column_div  '     ><section  class='av_textblock_section av-kyilsobd-6fab9c6f6e6ab38388d31b0eda83217d '   itemscope=\"itemscope\" itemtype=\"https:\/\/schema.org\/CreativeWork\" ><div class='avia_textblock'  itemprop=\"text\" ><p>M\u00e1s de 50 a\u00f1os de experiencia constituyen la base de nuestro trabajo. Como especialistas en m\u00e1quinas de transformaci\u00f3n de chapa y expertos en herramientas, somos un socio consolidado de numerosas industrias con nuestros propios productos y nuestro taller. Siempre estamos al d\u00eda para ofrecerte s\u00f3lo las mejores soluciones. En este contexto, los servicios posventa integrales tambi\u00e9n son algo natural para nosotros, porque: No s\u00f3lo vendemos m\u00e1quinas y herramientas. Vendemos soluciones adaptadas a tus necesidades.<\/p>\n<\/div><\/section><\/div>\n\n<\/div><\/div><\/main><!-- close content main element --><\/div><\/div><div id='av_section_2'  class='avia-section av-kyilydx5-6025958b2cd3a3893bc42f7b82f13bb4 alternate_color avia-section-default avia-no-border-styling  avia-builder-el-3  el_after_av_section  avia-builder-el-last  avia-bg-style-scroll container_wrap fullsize'  ><div class='container av-section-cont-open' ><div class='template-page content  av-content-full alpha units'><div class='post-entry post-entry-type-page post-entry-12964'><div class='entry-content-wrapper clearfix'>\n<div  class='flex_column av-75uj7-983a81e7e753c7c47ec0386e281c0652 av_one_full  avia-builder-el-4  el_before_av_one_full  avia-builder-el-first  first flex_column_div  '     ><div class=\"pxl-headline pxl-hl hl-wrap | hl-sub--top hl--align-left hl--no-margin   \">\n    <div class=\"hl-inner\">\n            <h2 class=\"hl-main hl-line |  hl_main--default  \">La historia de nuestro \u00e9xito<\/h2>\n            <div class=\"overline grey\">\n              <span class=\"hl-sub hl-line |  hl_sub--default  \">Comprometidos con la tradici\u00f3n<\/span>\n              <span class=\"overline-slant\"><\/span>\n            <\/div>\n    <\/div>\n<\/div><\/div><div  class='flex_column av-9rkrf-2467f6028caf0d3c3a315c025b99539b av_one_full  avia-builder-el-6  el_after_av_one_full  el_before_av_codeblock  first flex_column_div  column-top-margin'     ><div class=\"pixel-quote-wrap\">\n  <div class=\"left-col\" style=\"background-image: url('https:\/\/hundtgroup.com\/wp-content\/uploads\/hundt_content_geschichte.jpg')\">\n  <\/div>\n  <div class=\"right-col\">\n    <div class=\"pixel-quote-content-wrap\">\n      <div class=\"pxl-headline pxl-hl hl-wrap | hl-sub--top hl--align-left hl--no-margin\">\n        <div class=\"hl-inner\">\n          <h2 class=\"hl-main hl-line |  hl_main--default\">&quot;Tradici\u00f3n con futuro&quot;.<\/h2>\n        <\/div>\n      <\/div>\n      <span><br \/>\nEva Larssen, 4\u00aa generaci\u00f3n<br \/>\n<\/span>\n    <\/div>\n  <\/div>\n<\/div><\/div><div  class='flex_column av-12gyx7-e50acb5f09fa2691ece1df76f4f47159 av_one_third  avia-builder-el-9  el_after_av_codeblock  el_before_av_one_third  first flex_column_div  '     ><div class=\"pixel-history-wrap\">\n\n    \n    <div class=\"pixel-history-content\">\n\n            <div class=\"pxl-headline pxl-hl hl-wrap | hl--align-left hl--no-margin\">\n        <div class=\"hl-inner\">\n          <h3 class=\"hl-main hl-line |  hl_main--default\">1950<\/h3>\n          <span class=\"hl-sub hl-line |  hl_sub--default\">A\u00f1o de fundaci\u00f3n<\/span>\n        <\/div>\n      <\/div>\n      \n            <p><br \/>\nHundt se fund\u00f3 en 1950 como minorista de herramientas.<br \/>\n<\/p>\n      \n        <\/div>\n<\/div><\/div><div  class='flex_column av-38bmj-c742f52df299520d30ce8ef4cfd9dcab av_one_third  avia-builder-el-11  el_after_av_one_third  el_before_av_one_third  flex_column_div  '     ><div class=\"pixel-history-wrap\">\n\n    \n    <div class=\"pixel-history-content\">\n\n            <div class=\"pxl-headline pxl-hl hl-wrap | hl--align-left hl--no-margin\">\n        <div class=\"hl-inner\">\n          <h3 class=\"hl-main hl-line |  hl_main--default\">60s<\/h3>\n          <span class=\"hl-sub hl-line |  hl_sub--default\">Especializaci\u00f3n<\/span>\n        <\/div>\n      <\/div>\n      \n            <p><br \/>\nEn los a\u00f1os 60, la empresa se especializ\u00f3 en la demanda de aisladores WKS y m\u00e1quinas para el mecanizado manual de chapa fina y delgada.<br \/>\n<\/p>\n      \n        <\/div>\n<\/div><\/div><div  class='flex_column av-tl6kr-771df90745890ca6c880cd8e905da628 av_one_third  avia-builder-el-13  el_after_av_one_third  el_before_av_one_third  flex_column_div  '     ><div class=\"pixel-history-wrap\">\n\n    \n    <div class=\"pixel-history-content\">\n\n            <div class=\"pxl-headline pxl-hl hl-wrap | hl--align-left hl--no-margin\">\n        <div class=\"hl-inner\">\n          <h3 class=\"hl-main hl-line |  hl_main--default\">70s<\/h3>\n          <span class=\"hl-sub hl-line |  hl_sub--default\">Desarrollo ulterior<\/span>\n        <\/div>\n      <\/div>\n      \n            <p><br \/>\nSe dise\u00f1a y construye la primera m\u00e1quina rebordeadora. Desde entonces, hemos ampliado continuamente la fabricaci\u00f3n y el mantenimiento de m\u00e1quinas de procesamiento de chapa.<br \/>\n<\/p>\n      \n        <\/div>\n<\/div><\/div><div  class='flex_column av-n5t3n-dd8572d0a5e0092eb04a6fe331ec07a9 av_one_third  avia-builder-el-15  el_after_av_one_third  el_before_av_one_third  first flex_column_div  column-top-margin'     ><div class=\"pixel-history-wrap\">\n\n    \n    <div class=\"pixel-history-content\">\n\n            <div class=\"pxl-headline pxl-hl hl-wrap | hl--align-left hl--no-margin\">\n        <div class=\"hl-inner\">\n          <h3 class=\"hl-main hl-line |  hl_main--default\">1997<\/h3>\n          <span class=\"hl-sub hl-line |  hl_sub--default\">Salida<\/span>\n        <\/div>\n      <\/div>\n      \n            <p><br \/>\nLa empresa funciona como una GmbH. Los directores generales Wilhelm Hundt y Silke Droste son la tercera generaci\u00f3n que dirige la empresa.<br \/>\n<\/p>\n      \n        <\/div>\n<\/div><\/div><div  class='flex_column av-dq7sj-1017f55bb7e3af77e27dbcca11c3f5b2 av_one_third  avia-builder-el-17  el_after_av_one_third  el_before_av_one_third  flex_column_div  column-top-margin'     ><div class=\"pixel-history-wrap\">\n\n    \n    <div class=\"pixel-history-content\">\n\n            <div class=\"pxl-headline pxl-hl hl-wrap | hl--align-left hl--no-margin\">\n        <div class=\"hl-inner\">\n          <h3 class=\"hl-main hl-line |  hl_main--default\">1999<\/h3>\n          <span class=\"hl-sub hl-line |  hl_sub--default\">Digitalizaci\u00f3n<\/span>\n        <\/div>\n      <\/div>\n      \n            <p><br \/>\nLa tienda en l\u00ednea HUNDT DIREKT, una divisi\u00f3n de Wilhelm Hundt GmbH, ofrece ahora a empresas y comerciantes la oportunidad de pedir en l\u00ednea herramientas el\u00e9ctricas y manuales de alta calidad de fabricantes de marcas conocidas, a precios atractivos.<br \/>\n<\/p>\n      \n        <\/div>\n<\/div><\/div><div  class='flex_column av-6lbc3-07b10d36ca74d1601a2a1baa6ba1e7ed av_one_third  avia-builder-el-19  el_after_av_one_third  el_before_av_codeblock  flex_column_div  column-top-margin'     ><div class=\"pixel-history-wrap\">\n\n    \n    <div class=\"pixel-history-content\">\n\n            <div class=\"pxl-headline pxl-hl hl-wrap | hl--align-left hl--no-margin\">\n        <div class=\"hl-inner\">\n          <h3 class=\"hl-main hl-line |  hl_main--default\">2022<\/h3>\n          <span class=\"hl-sub hl-line |  hl_sub--default\">Tradici\u00f3n<\/span>\n        <\/div>\n      <\/div>\n      \n            <p><br \/>\nMuchos a\u00f1os de experiencia y pericia con el uso de herramientas y m\u00e9todos modernos.<br \/>\n<\/p>\n      \n        <\/div>\n<\/div><\/div>\n\n","protected":false},"excerpt":{"rendered":"","protected":false},"author":1,"featured_media":0,"parent":0,"menu_order":12,"comment_status":"closed","ping_status":"closed","template":"","meta":{"_acf_changed":false,"inline_featured_image":false,"footnotes":""},"class_list":["post-12964","page","type-page","status-publish","hentry"],"acf":[],"yoast_head":"<!-- This site is optimized with the Yoast SEO plugin v27.3 - https:\/\/yoast.com\/product\/yoast-seo-wordpress\/ -->\n<title>Sobre nosotros - Wilhelm Hundt GmbH<\/title>\n<meta name=\"robots\" content=\"index, follow, max-snippet:-1, max-image-preview:large, max-video-preview:-1\" \/>\n<link rel=\"canonical\" href=\"https:\/\/hundtgroup.com\/es\/sobre-nosotros\/\" \/>\n<meta property=\"og:locale\" content=\"es_ES\" \/>\n<meta property=\"og:type\" content=\"article\" \/>\n<meta property=\"og:title\" content=\"Sobre nosotros - Wilhelm Hundt GmbH\" \/>\n<meta property=\"og:url\" content=\"https:\/\/hundtgroup.com\/es\/sobre-nosotros\/\" \/>\n<meta property=\"og:site_name\" content=\"Wilhelm Hundt GmbH\" \/>\n<meta property=\"article:modified_time\" content=\"2025-06-26T10:07:24+00:00\" \/>\n<meta name=\"twitter:card\" content=\"summary_large_image\" \/>\n<meta name=\"twitter:label1\" content=\"Tiempo de lectura\" \/>\n\t<meta name=\"twitter:data1\" content=\"17 minuto\" \/>\n<script type=\"application\/ld+json\" class=\"yoast-schema-graph\">{\"@context\":\"https:\\\/\\\/schema.org\",\"@graph\":[{\"@type\":\"WebPage\",\"@id\":\"https:\\\/\\\/hundtgroup.com\\\/es\\\/sobre-nosotros\\\/\",\"url\":\"https:\\\/\\\/hundtgroup.com\\\/es\\\/sobre-nosotros\\\/\",\"name\":\"Sobre nosotros - Wilhelm Hundt GmbH\",\"isPartOf\":{\"@id\":\"https:\\\/\\\/hundtgroup.com\\\/es\\\/#website\"},\"datePublished\":\"2022-01-12T11:31:26+00:00\",\"dateModified\":\"2025-06-26T10:07:24+00:00\",\"breadcrumb\":{\"@id\":\"https:\\\/\\\/hundtgroup.com\\\/es\\\/sobre-nosotros\\\/#breadcrumb\"},\"inLanguage\":\"es\",\"potentialAction\":[{\"@type\":\"ReadAction\",\"target\":[\"https:\\\/\\\/hundtgroup.com\\\/es\\\/sobre-nosotros\\\/\"]}]},{\"@type\":\"BreadcrumbList\",\"@id\":\"https:\\\/\\\/hundtgroup.com\\\/es\\\/sobre-nosotros\\\/#breadcrumb\",\"itemListElement\":[{\"@type\":\"ListItem\",\"position\":1,\"name\":\"Startseite\",\"item\":\"https:\\\/\\\/hundtgroup.com\\\/es\\\/inicio-nuevo\\\/\"},{\"@type\":\"ListItem\",\"position\":2,\"name\":\"Sobre nosotros\"}]},{\"@type\":\"WebSite\",\"@id\":\"https:\\\/\\\/hundtgroup.com\\\/es\\\/#website\",\"url\":\"https:\\\/\\\/hundtgroup.com\\\/es\\\/\",\"name\":\"Wilhelm Hundt GmbH\",\"description\":\"Tu especialista en m\u00e1quinas y herramientas para la transformaci\u00f3n de la chapa\",\"potentialAction\":[{\"@type\":\"SearchAction\",\"target\":{\"@type\":\"EntryPoint\",\"urlTemplate\":\"https:\\\/\\\/hundtgroup.com\\\/es\\\/?s={search_term_string}\"},\"query-input\":{\"@type\":\"PropertyValueSpecification\",\"valueRequired\":true,\"valueName\":\"search_term_string\"}}],\"inLanguage\":\"es\"}]}<\/script>\n<!-- \/ Yoast SEO plugin. -->","yoast_head_json":{"title":"Sobre nosotros - Wilhelm Hundt GmbH","robots":{"index":"index","follow":"follow","max-snippet":"max-snippet:-1","max-image-preview":"max-image-preview:large","max-video-preview":"max-video-preview:-1"},"canonical":"https:\/\/hundtgroup.com\/es\/sobre-nosotros\/","og_locale":"es_ES","og_type":"article","og_title":"Sobre nosotros - Wilhelm Hundt GmbH","og_url":"https:\/\/hundtgroup.com\/es\/sobre-nosotros\/","og_site_name":"Wilhelm Hundt GmbH","article_modified_time":"2025-06-26T10:07:24+00:00","twitter_card":"summary_large_image","twitter_misc":{"Tiempo de lectura":"17 minuto"},"schema":{"@context":"https:\/\/schema.org","@graph":[{"@type":"WebPage","@id":"https:\/\/hundtgroup.com\/es\/sobre-nosotros\/","url":"https:\/\/hundtgroup.com\/es\/sobre-nosotros\/","name":"Sobre nosotros - Wilhelm Hundt GmbH","isPartOf":{"@id":"https:\/\/hundtgroup.com\/es\/#website"},"datePublished":"2022-01-12T11:31:26+00:00","dateModified":"2025-06-26T10:07:24+00:00","breadcrumb":{"@id":"https:\/\/hundtgroup.com\/es\/sobre-nosotros\/#breadcrumb"},"inLanguage":"es","potentialAction":[{"@type":"ReadAction","target":["https:\/\/hundtgroup.com\/es\/sobre-nosotros\/"]}]},{"@type":"BreadcrumbList","@id":"https:\/\/hundtgroup.com\/es\/sobre-nosotros\/#breadcrumb","itemListElement":[{"@type":"ListItem","position":1,"name":"Startseite","item":"https:\/\/hundtgroup.com\/es\/inicio-nuevo\/"},{"@type":"ListItem","position":2,"name":"Sobre nosotros"}]},{"@type":"WebSite","@id":"https:\/\/hundtgroup.com\/es\/#website","url":"https:\/\/hundtgroup.com\/es\/","name":"Wilhelm Hundt GmbH","description":"Tu especialista en m\u00e1quinas y herramientas para la transformaci\u00f3n de la chapa","potentialAction":[{"@type":"SearchAction","target":{"@type":"EntryPoint","urlTemplate":"https:\/\/hundtgroup.com\/es\/?s={search_term_string}"},"query-input":{"@type":"PropertyValueSpecification","valueRequired":true,"valueName":"search_term_string"}}],"inLanguage":"es"}]}},"_links":{"self":[{"href":"https:\/\/hundtgroup.com\/es\/wp-json\/wp\/v2\/pages\/12964","targetHints":{"allow":["GET"]}}],"collection":[{"href":"https:\/\/hundtgroup.com\/es\/wp-json\/wp\/v2\/pages"}],"about":[{"href":"https:\/\/hundtgroup.com\/es\/wp-json\/wp\/v2\/types\/page"}],"author":[{"embeddable":true,"href":"https:\/\/hundtgroup.com\/es\/wp-json\/wp\/v2\/users\/1"}],"replies":[{"embeddable":true,"href":"https:\/\/hundtgroup.com\/es\/wp-json\/wp\/v2\/comments?post=12964"}],"version-history":[{"count":0,"href":"https:\/\/hundtgroup.com\/es\/wp-json\/wp\/v2\/pages\/12964\/revisions"}],"wp:attachment":[{"href":"https:\/\/hundtgroup.com\/es\/wp-json\/wp\/v2\/media?parent=12964"}],"curies":[{"name":"wp","href":"https:\/\/api.w.org\/{rel}","templated":true}]}}