{"id":12973,"date":"2022-01-12T12:31:26","date_gmt":"2022-01-12T11:31:26","guid":{"rendered":"https:\/\/hundtgroup.com\/servicio\/"},"modified":"2025-06-26T12:07:26","modified_gmt":"2025-06-26T10:07:26","slug":"servicio","status":"publish","type":"page","link":"https:\/\/hundtgroup.com\/es\/servicio\/","title":{"rendered":"Servicio"},"content":{"rendered":"<div id='av_section_1'  class='avia-section av-wj3o-1e827280363d54ed45cf4028db29a615 main_color avia-section-default avia-no-border-styling  avia-builder-el-0  el_before_av_section  avia-builder-el-first  section-no-padding-bottom avia-bg-style-scroll container_wrap fullsize'  ><div class='container av-section-cont-open' ><main  role=\"main\" itemprop=\"mainContentOfPage\"  class='template-page content  av-content-full alpha units'><div class='post-entry post-entry-type-page post-entry-12973'><div class='entry-content-wrapper clearfix'>\n<div  class='flex_column av-kyk731yy-cf8a5835a34297e4dc568349f20e2810 av_one_full  avia-builder-el-1  avia-builder-el-no-sibling  max-width-three-fourth first flex_column_div  '     ><section  class='av_textblock_section av-kyk72t85-87be2851494756aab3df702a03229fbf '   itemscope=\"itemscope\" itemtype=\"https:\/\/schema.org\/CreativeWork\" ><div class='avia_textblock'  itemprop=\"text\" ><p>No s\u00f3lo vendemos m\u00e1quinas y herramientas para el mecanizado de chapa: con nuestro servicio integral, tambi\u00e9n te ofrecemos el paquete completo adecuado para tu producto. Tanto si necesitas accesorios y piezas de repuesto como mantenimiento y reparaciones, \u00a1puedes confiar en nosotros!<\/p>\n<\/div><\/section><\/div>\n\n<\/div><\/div><\/main><!-- close content main element --><\/div><\/div><div id='av_section_2'  class='avia-section av-23woc-090c89ebba0e95338abaa139e592d60f main_color avia-section-default avia-no-border-styling  avia-builder-el-3  el_after_av_section  el_before_av_postcontent  responsive-two-col avia-bg-style-scroll container_wrap fullsize'  ><div class='container av-section-cont-open' ><div class='template-page content  av-content-full alpha units'><div class='post-entry post-entry-type-page post-entry-12973'><div class='entry-content-wrapper clearfix'>\n<div  class='flex_column av-5n78-f6dd8cda115f1a6cbe3213083f676723 av_one_full  avia-builder-el-4  el_before_av_one_third  avia-builder-el-first  first flex_column_div  '     ><div class=\"pxl-headline pxl-hl hl-wrap | hl-sub--top hl--align-left hl--no-margin   \">\n    <div class=\"hl-inner\">\n            <h2 class=\"hl-main hl-line |  hl_main--default  \">Nuestros <span>servicios<\/span><\/h2>\n            <div class=\"overline lightgrey\">\n              <span class=\"hl-sub hl-line |  hl_sub--default  \">Qu\u00e9 te ofrecemos<\/span>\n              <span class=\"overline-slant\"><\/span>\n            <\/div>\n    <\/div>\n<\/div><\/div><div  class='flex_column av-12i2k-3546af1944e50f8226e5292f8e10ae09 av_one_third  avia-builder-el-6  el_after_av_one_full  el_before_av_one_third  first flex_column_div  column-top-margin'     ><p>\n<style type=\"text\/css\" data-created_by=\"avia_inline_auto\" id=\"style-css-av-kyk75r28-dc8fe87e603d51a3b14ebc87432e9922\">\n.avia-image-container.av-kyk75r28-dc8fe87e603d51a3b14ebc87432e9922 img.avia_image{\nbox-shadow:none;\n}\n.avia-image-container.av-kyk75r28-dc8fe87e603d51a3b14ebc87432e9922 .av-image-caption-overlay-center{\ncolor:#ffffff;\n}\n<\/style>\n<div  class='avia-image-container av-kyk75r28-dc8fe87e603d51a3b14ebc87432e9922 av-styling- avia-align-center  avia-builder-el-7  el_before_pixel_sc_headline  avia-builder-el-first '   itemprop=\"image\" itemscope=\"itemscope\" itemtype=\"https:\/\/schema.org\/ImageObject\" ><div class=\"avia-image-container-inner\"><div class=\"avia-image-overlay-wrap\"><img decoding=\"async\" fetchpriority=\"high\" class='wp-image-32570 avia-img-lazy-loading-not-32570 avia_image ' src=\"https:\/\/hundtgroup.com\/wp-content\/uploads\/hundt_content_reparatur.jpg\" alt='' title='hundt_content_reparatur'  height=\"424\" width=\"680\"  itemprop=\"thumbnailUrl\" srcset=\"https:\/\/hundtgroup.com\/wp-content\/uploads\/hundt_content_reparatur.jpg 680w, https:\/\/hundtgroup.com\/wp-content\/uploads\/hundt_content_reparatur-620x387.jpg 620w, https:\/\/hundtgroup.com\/wp-content\/uploads\/hundt_content_reparatur-300x187.jpg 300w\" sizes=\"(max-width: 680px) 100vw, 680px\" \/><\/div><\/div><\/div><br \/>\n<div class=\"pxl-headline pxl-hl hl-wrap | hl-sub--off hl--align-left hl--std-margin   \">\n    <div class=\"hl-inner\">\n            <h3 class=\"hl-main hl-line |  hl_main--default  \">Mantenimiento \/ Reparaci\u00f3n<\/h3>\n            <div class=\"overline lightgrey\">\n              \n              <span class=\"overline-slant\"><\/span>\n            <\/div>\n    <\/div>\n<\/div>\n<br \/>\n<section  class='av_textblock_section av-kyk76rij-0700ee1dff679528a303a45154d59478 '   itemscope=\"itemscope\" itemtype=\"https:\/\/schema.org\/CreativeWork\" ><div class='avia_textblock'  itemprop=\"text\" ><p>Las m\u00e1quinas que llevan mucho tiempo sin ser revisadas suelen representar un riesgo para la seguridad. Dado que en su d\u00eda supusieron una inversi\u00f3n importante, tiene sentido desde el punto de vista econ\u00f3mico someter estas m\u00e1quinas a una inspecci\u00f3n.   <strong>\u00a1Env\u00edanos tus m\u00e1quinas para que las \u00abcuremos\u00bb!<\/strong><\/p>\n<ul>\n<li>Inspecci\u00f3n profesional de tus m\u00e1quinas y sustituci\u00f3n de piezas defectuosas<\/li>\n<li>Repintado<\/li>\n<li>Conversi\u00f3n de m\u00e1quinas accionadas el\u00e9ctricamente de acuerdo con la normativa vigente de las asociaciones patronales de seguros de responsabilidad civil<\/li>\n<li>Inspecci\u00f3n seg\u00fan DGUV V3 para garantizar la seguridad el\u00e9ctrica<\/li>\n<li>Reparaci\u00f3n de todas las m\u00e1quinas suministradas por nosotros y tambi\u00e9n de m\u00e1quinas de otros fabricantes<\/li>\n<\/ul>\n<\/div><\/section><\/p><\/div><div  class='flex_column av-2z4o8-89c03b2f1040d0d9fff764e1e9394c84 av_one_third  avia-builder-el-10  el_after_av_one_third  el_before_av_one_third  flex_column_div  column-top-margin'     ><p>\n<style type=\"text\/css\" data-created_by=\"avia_inline_auto\" id=\"style-css-av-20ed4-c37f85773b5ce369a65032671724d8a5\">\n.avia-image-container.av-20ed4-c37f85773b5ce369a65032671724d8a5 img.avia_image{\nbox-shadow:none;\n}\n.avia-image-container.av-20ed4-c37f85773b5ce369a65032671724d8a5 .av-image-caption-overlay-center{\ncolor:#ffffff;\n}\n<\/style>\n<div  class='avia-image-container av-20ed4-c37f85773b5ce369a65032671724d8a5 av-styling- avia-align-center  avia-builder-el-11  el_before_pixel_sc_headline  avia-builder-el-first '   itemprop=\"image\" itemscope=\"itemscope\" itemtype=\"https:\/\/schema.org\/ImageObject\" ><div class=\"avia-image-container-inner\"><div class=\"avia-image-overlay-wrap\"><img decoding=\"async\" fetchpriority=\"high\" class='wp-image-32822 avia-img-lazy-loading-not-32822 avia_image ' src=\"https:\/\/hundtgroup.com\/wp-content\/uploads\/hundt_content_ersatzteile_green_2.jpg\" alt='' title='hundt_content_ersatzteile_green_2'  height=\"424\" width=\"680\"  itemprop=\"thumbnailUrl\" srcset=\"https:\/\/hundtgroup.com\/wp-content\/uploads\/hundt_content_ersatzteile_green_2.jpg 680w, https:\/\/hundtgroup.com\/wp-content\/uploads\/hundt_content_ersatzteile_green_2-620x387.jpg 620w, https:\/\/hundtgroup.com\/wp-content\/uploads\/hundt_content_ersatzteile_green_2-300x187.jpg 300w\" sizes=\"(max-width: 680px) 100vw, 680px\" \/><\/div><\/div><\/div><br \/>\n<div class=\"pxl-headline pxl-hl hl-wrap | hl-sub--off hl--align-left hl--std-margin   \">\n    <div class=\"hl-inner\">\n            <h3 class=\"hl-main hl-line |  hl_main--default  \">Piezas de recambio<\/h3>\n            <div class=\"overline lightgrey\">\n              \n              <span class=\"overline-slant\"><\/span>\n            <\/div>\n    <\/div>\n<\/div>\n<br \/>\n<section  class='av_textblock_section av-kyk78pfu-1bb0253996a4742ba07b704f573c0229 '   itemscope=\"itemscope\" itemtype=\"https:\/\/schema.org\/CreativeWork\" ><div class='avia_textblock'  itemprop=\"text\" ><p>Nuestro almac\u00e9n almacena piezas de recambio para muchas m\u00e1quinas aisladoras (HUNDT y otras marcas).  <strong>Para ti, esto significa un servicio fiable y r\u00e1pido.<\/strong><\/p>\n<ul>\n<li>M\u00e1s de 1000 piezas en stock<\/li>\n<li>Entrega en dos d\u00edas laborables<\/li>\n<li>Asesoramiento e instalaci\u00f3n profesional de piezas de recambio por nuestros t\u00e9cnicos de servicio<\/li>\n<li>Retroadaptaci\u00f3n y modernizaci\u00f3n<\/li>\n<\/ul>\n<\/div><\/section><\/p><\/div><div  class='flex_column av-1erqk-89190ad1a4c6c6f266304d4ae63f6038 av_one_third  avia-builder-el-14  el_after_av_one_third  avia-builder-el-last  flex_column_div  column-top-margin'     ><p>\n<style type=\"text\/css\" data-created_by=\"avia_inline_auto\" id=\"style-css-av-13e0k-1cf47b34fec5019f7500bc6cf42b1370\">\n.avia-image-container.av-13e0k-1cf47b34fec5019f7500bc6cf42b1370 img.avia_image{\nbox-shadow:none;\n}\n.avia-image-container.av-13e0k-1cf47b34fec5019f7500bc6cf42b1370 .av-image-caption-overlay-center{\ncolor:#ffffff;\n}\n<\/style>\n<div  class='avia-image-container av-13e0k-1cf47b34fec5019f7500bc6cf42b1370 av-styling- avia-align-center  avia-builder-el-15  el_before_pixel_sc_headline  avia-builder-el-first '   itemprop=\"image\" itemscope=\"itemscope\" itemtype=\"https:\/\/schema.org\/ImageObject\" ><div class=\"avia-image-container-inner\"><div class=\"avia-image-overlay-wrap\"><img decoding=\"async\" fetchpriority=\"high\" class='wp-image-32556 avia-img-lazy-loading-not-32556 avia_image ' src=\"https:\/\/hundtgroup.com\/wp-content\/uploads\/hundt_content_zubehoer.jpg\" alt='' title='hundt_content_zubehoer'  height=\"424\" width=\"680\"  itemprop=\"thumbnailUrl\" srcset=\"https:\/\/hundtgroup.com\/wp-content\/uploads\/hundt_content_zubehoer.jpg 680w, https:\/\/hundtgroup.com\/wp-content\/uploads\/hundt_content_zubehoer-620x387.jpg 620w, https:\/\/hundtgroup.com\/wp-content\/uploads\/hundt_content_zubehoer-300x187.jpg 300w\" sizes=\"(max-width: 680px) 100vw, 680px\" \/><\/div><\/div><\/div><br \/>\n<div class=\"pxl-headline pxl-hl hl-wrap | hl-sub--off hl--align-left hl--std-margin   \">\n    <div class=\"hl-inner\">\n            <h3 class=\"hl-main hl-line |  hl_main--default  \">Accesorios<\/h3>\n            <div class=\"overline lightgrey\">\n              \n              <span class=\"overline-slant\"><\/span>\n            <\/div>\n    <\/div>\n<\/div>\n<br \/>\n<section  class='av_textblock_section av-kyk79rhs-f7c1ecf4c2abd1d6f678f69ad04c926c '   itemscope=\"itemscope\" itemtype=\"https:\/\/schema.org\/CreativeWork\" ><div class='avia_textblock'  itemprop=\"text\" ><p>Nos complace equipar las m\u00e1quinas existentes con equipos adicionales. Por ejemplo <\/p>\n<ul>\n<li><strong>Punzonado en hilera:<\/strong><br \/>\nUnidades de punzonado<br \/>\nPunzones y matrices<\/li>\n<li><strong>Rebordeadoras:<\/strong><br \/>\nRodillos<br \/>\nLlave de rodillos<br \/>\nDispositivos de transporte de apiladoras<\/li>\n<li><strong>Cizallas de palanca:<\/strong><br \/>\nCuchillas de cizalla<br \/>\nDispositivos de transporte para carretillas elevadoras<\/li>\n<li><strong>M\u00e1quinas curvadoras giratorias:<\/strong><br \/>\nRa\u00edles planos<br \/>\nRa\u00edles de inserci\u00f3n<br \/>\nTopes de profundidad<\/li>\n<\/ul>\n<\/div><\/section><\/p><\/div>[av_section min_height='' min_height_pc='25' min_height_px='500px' padding='default' custom_margin='0px' custom_margin_sync='true' svg_div_top='' svg_div_top_color='#333333' svg_div_top_width='100' svg_div_top_height='50' svg_div_top_max_height='none' svg_div_top_opacity='' svg_div_bottom='' svg_div_bottom_color='#333333' svg_div_bottom_width='100' svg_div_bottom_height='50' svg_div_bottom_max_height='none' svg_div_bottom_opacity='' color='alternate_color' background='bg_color' custom_bg='' background_gradient_direction='vertical' background_gradient_color1='#000000' background_gradient_color2='#ffffff' background_gradient_color3='' src='' attachment='' attachment_size='' attach='scroll' position='top left' repeat='no-repeat' video='' video_ratio='16:9' overlay_opacity='0.5' overlay_color='' overlay_pattern='' overlay_custom_pattern='' shadow='no-border-styling' bottom_border='no-border-styling' bottom_border_diagonal_color='#333333' bottom_border_diagonal_direction='' bottom_border_style='' custom_arrow_bg='' id='' custom_class='' template_class='' aria_label='' av_element_hidden_in_editor='0' av_uid='av-1ypnr' sc_version='1.0']\n\n[av_one_full first min_height='' vertical_alignment='av-align-top' space='' row_boxshadow='' row_boxshadow_color='' row_boxshadow_width='10' custom_margin='' margin='0px' mobile_breaking='' mobile_column_order='' min_col_height='' padding='' svg_div_top='' svg_div_top_color='#333333' svg_div_top_width='100' svg_div_top_height='50' svg_div_top_max_height='none' svg_div_top_flip='' svg_div_top_invert='' svg_div_top_front='' svg_div_top_opacity='' svg_div_top_preview='' svg_div_bottom='' svg_div_bottom_color='#333333' svg_div_bottom_width='100' svg_div_bottom_height='50' svg_div_bottom_max_height='none' svg_div_bottom_flip='' svg_div_bottom_invert='' svg_div_bottom_front='' svg_div_bottom_opacity='' svg_div_bottom_preview='' border='' border_style='solid' border_color='' radius='' column_boxshadow='' column_boxshadow_color='' column_boxshadow_width='10' background='bg_color' background_color='' background_gradient_direction='vertical' background_gradient_color1='#000000' background_gradient_color2='#ffffff' background_gradient_color3='' src='' background_position='top left' background_repeat='no-repeat' highlight='' highlight_size='' animation='' link='' linktarget='' link_hover='' title_attr='' alt_attr='' mobile_display='' mobile_col_pos='0' id='' custom_class='' template_class='' aria_label='' av_uid='av-yfkb' sc_version='1.0']\n\n[pixel_sc_headline hl_main='\u00a1Estaremos encantados de hacerte <span>una oferta!<\/span>' hl_main_tag='h2' hl_sub_check='top' hl_sub='Tu contacto con nosotros' hl_sub_bg='grey' hl_sub_tag='span' align='left' hl_main_alias='default' hl_main_class='' hl_sub_alias='default' hl_sub_class='' hl_margin='hl--no-margin' hl_link='' hl_target='' custom_class='' template_class='' av_uid='av-kybixar1' sc_version='1.0']\n\n[\/av_one_full][av_one_third first min_height='' vertical_alignment='av-align-top' space='' row_boxshadow_color='' row_boxshadow_width='10' margin='0px' margin_sync='true' mobile_breaking='' mobile_column_order='' min_col_height='' padding='' padding_sync='true' svg_div_top='' svg_div_top_color='#333333' svg_div_top_width='100' svg_div_top_height='50' svg_div_top_max_height='none' svg_div_top_opacity='' svg_div_bottom='' svg_div_bottom_color='#333333' svg_div_bottom_width='100' svg_div_bottom_height='50' svg_div_bottom_max_height='none' svg_div_bottom_opacity='' border='' border_style='solid' border_color='' radius='' radius_sync='true' column_boxshadow_color='' column_boxshadow_width='10' background='bg_color' background_color='' background_gradient_direction='vertical' background_gradient_color1='#000000' background_gradient_color2='#ffffff' background_gradient_color3='' src='' attachment='' attachment_size='' background_position='top left' background_repeat='no-repeat' highlight_size='1.1' animation='' link='' linktarget='' link_hover='' title_attr='' alt_attr='' mobile_display='' mobile_col_pos='0' id='' custom_class='cf-infobox' template_class='' aria_label='' av_uid='av-1fbz3' sc_version='1.0']\n\n[av_textblock textblock_styling_align='' textblock_styling='' textblock_styling_gap='' textblock_styling_mobile='' size='' av-medium-font-size='' av-small-font-size='' av-mini-font-size='' font_color='' color='' id='' custom_class='' template_class='' av_uid='av-kybn8262' sc_version='1.0' admin_preview_bg='']\n<h4>Wilhelm Hundt GmbH<\/h4>\nSchwabhausen 25, 42349 Wuppertal\n\n<strong>Tel:<\/strong> <a href=\"tel:0202%20430448-0\">+49 202 430448-0<\/a>\n<strong>Fax:<\/strong> +49 202 430448-20\n<a href=\"mailto:info@hundt.de\">info@hundt.de<\/a>\n\n<strong>Horario de oficina<\/strong>\nLun - Jue 7h - 17h\nVie 7h - 14h\n[\/av_textblock]\n\n[av_social_share title='' buttons='custom' btn_action='profile' share_facebook='aviaTBshare_facebook' share_linkedin='aviaTBshare_linkedin' yelp_link='https:\/\/www.yelp.com' facebook_profile='https:\/\/de-de.facebook.com\/WilhelmHundtGmbH\/' twitter_profile='' whatsapp_profile='' pinterest_profile='' reddit_profile='' linkedin_profile='https:\/\/de.linkedin.com\/company\/wilhelm-hundt-gmbh?trk=public_profile_experience-item_profile-section-card_subtitle-click' tumblr_profile='' vk_profile='' mail_profile='' yelp_profile='' five_100_px_profile='' behance_profile='' dribbble_profile='' flickr_profile='' instagram_profile='' skype_profile='' soundcloud_profile='' vimeo_profile='' xing_profile='' youtube_profile='' style='av-social-sharing-box-circle' alignment='' alb_description='' id='' custom_class='' template_class='' av_uid='av-kznw6i99' sc_version='1.0' admin_preview_bg='']\n\n[\/av_one_third][av_two_third min_height='' vertical_alignment='av-align-top' space='' row_boxshadow_color='' row_boxshadow_width='10' margin='0px' margin_sync='true' mobile_breaking='' mobile_column_order='' min_col_height='' padding='' padding_sync='true' svg_div_top='' svg_div_top_color='#333333' svg_div_top_width='100' svg_div_top_height='50' svg_div_top_max_height='none' svg_div_top_opacity='' svg_div_bottom='' svg_div_bottom_color='#333333' svg_div_bottom_width='100' svg_div_bottom_height='50' svg_div_bottom_max_height='none' svg_div_bottom_opacity='' border='' border_style='solid' border_color='' radius='' radius_sync='true' column_boxshadow_color='' column_boxshadow_width='10' background='bg_color' background_color='' background_gradient_direction='vertical' background_gradient_color1='#000000' background_gradient_color2='#ffffff' background_gradient_color3='' src='' attachment='' attachment_size='' background_position='top left' background_repeat='no-repeat' highlight_size='1.1' animation='' link='' linktarget='' link_hover='' title_attr='' alt_attr='' mobile_display='' mobile_col_pos='0' id='' custom_class='cf-form' template_class='' aria_label='' av_uid='av-qx6z' sc_version='1.0']\n\n[av_codeblock wrapper_element='' wrapper_element_attributes='' codeblock_type='' alb_description='' id='' custom_class='' template_class='' av_uid='av-kybiq5f2' sc_version='1.0']\n[contact-form-7 id=\"434\" title=\"Kontakt-Formular\"]\n[\/av_codeblock]\n\n[\/av_two_third][\/av_section]<\/p>\n","protected":false},"excerpt":{"rendered":"","protected":false},"author":1,"featured_media":0,"parent":0,"menu_order":11,"comment_status":"closed","ping_status":"closed","template":"","meta":{"_acf_changed":false,"inline_featured_image":false,"footnotes":""},"class_list":["post-12973","page","type-page","status-publish","hentry"],"acf":[],"yoast_head":"<!-- This site is optimized with the Yoast SEO plugin v27.3 - https:\/\/yoast.com\/product\/yoast-seo-wordpress\/ -->\n<title>Nuestro servicio | Wilhelm Hundt GmbH<\/title>\n<meta name=\"description\" content=\"Servicios de Hundt: \u2713 Mantenimiento\/reparaci\u00f3n \u2713 Piezas de recambio \u2713 Accesorios \u25ba \u00a1Inf\u00f3rmate ahora!\" \/>\n<meta name=\"robots\" content=\"index, follow, max-snippet:-1, max-image-preview:large, max-video-preview:-1\" \/>\n<link rel=\"canonical\" href=\"https:\/\/hundtgroup.com\/es\/servicio\/\" \/>\n<meta property=\"og:locale\" content=\"es_ES\" \/>\n<meta property=\"og:type\" content=\"article\" \/>\n<meta property=\"og:title\" content=\"Nuestro servicio | Wilhelm Hundt GmbH\" \/>\n<meta property=\"og:description\" content=\"Servicios de Hundt: \u2713 Mantenimiento\/reparaci\u00f3n \u2713 Piezas de recambio \u2713 Accesorios \u25ba \u00a1Inf\u00f3rmate ahora!\" \/>\n<meta property=\"og:url\" content=\"https:\/\/hundtgroup.com\/es\/servicio\/\" \/>\n<meta property=\"og:site_name\" content=\"Wilhelm Hundt GmbH\" \/>\n<meta property=\"article:modified_time\" content=\"2025-06-26T10:07:26+00:00\" \/>\n<meta name=\"twitter:card\" content=\"summary_large_image\" \/>\n<meta name=\"twitter:label1\" content=\"Tiempo de lectura\" \/>\n\t<meta name=\"twitter:data1\" content=\"14 minuto\" \/>\n<script type=\"application\/ld+json\" class=\"yoast-schema-graph\">{\"@context\":\"https:\\\/\\\/schema.org\",\"@graph\":[{\"@type\":\"WebPage\",\"@id\":\"https:\\\/\\\/hundtgroup.com\\\/es\\\/servicio\\\/\",\"url\":\"https:\\\/\\\/hundtgroup.com\\\/es\\\/servicio\\\/\",\"name\":\"Nuestro servicio | Wilhelm Hundt GmbH\",\"isPartOf\":{\"@id\":\"https:\\\/\\\/hundtgroup.com\\\/es\\\/#website\"},\"datePublished\":\"2022-01-12T11:31:26+00:00\",\"dateModified\":\"2025-06-26T10:07:26+00:00\",\"description\":\"Servicios de Hundt: \u2713 Mantenimiento\\\/reparaci\u00f3n \u2713 Piezas de recambio \u2713 Accesorios \u25ba \u00a1Inf\u00f3rmate ahora!\",\"breadcrumb\":{\"@id\":\"https:\\\/\\\/hundtgroup.com\\\/es\\\/servicio\\\/#breadcrumb\"},\"inLanguage\":\"es\",\"potentialAction\":[{\"@type\":\"ReadAction\",\"target\":[\"https:\\\/\\\/hundtgroup.com\\\/es\\\/servicio\\\/\"]}]},{\"@type\":\"BreadcrumbList\",\"@id\":\"https:\\\/\\\/hundtgroup.com\\\/es\\\/servicio\\\/#breadcrumb\",\"itemListElement\":[{\"@type\":\"ListItem\",\"position\":1,\"name\":\"Startseite\",\"item\":\"https:\\\/\\\/hundtgroup.com\\\/es\\\/inicio-nuevo\\\/\"},{\"@type\":\"ListItem\",\"position\":2,\"name\":\"Servicio\"}]},{\"@type\":\"WebSite\",\"@id\":\"https:\\\/\\\/hundtgroup.com\\\/es\\\/#website\",\"url\":\"https:\\\/\\\/hundtgroup.com\\\/es\\\/\",\"name\":\"Wilhelm Hundt GmbH\",\"description\":\"Tu especialista en m\u00e1quinas y herramientas para la transformaci\u00f3n de la chapa\",\"potentialAction\":[{\"@type\":\"SearchAction\",\"target\":{\"@type\":\"EntryPoint\",\"urlTemplate\":\"https:\\\/\\\/hundtgroup.com\\\/es\\\/?s={search_term_string}\"},\"query-input\":{\"@type\":\"PropertyValueSpecification\",\"valueRequired\":true,\"valueName\":\"search_term_string\"}}],\"inLanguage\":\"es\"}]}<\/script>\n<!-- \/ Yoast SEO plugin. -->","yoast_head_json":{"title":"Nuestro servicio | Wilhelm Hundt GmbH","description":"Servicios de Hundt: \u2713 Mantenimiento\/reparaci\u00f3n \u2713 Piezas de recambio \u2713 Accesorios \u25ba \u00a1Inf\u00f3rmate ahora!","robots":{"index":"index","follow":"follow","max-snippet":"max-snippet:-1","max-image-preview":"max-image-preview:large","max-video-preview":"max-video-preview:-1"},"canonical":"https:\/\/hundtgroup.com\/es\/servicio\/","og_locale":"es_ES","og_type":"article","og_title":"Nuestro servicio | Wilhelm Hundt GmbH","og_description":"Servicios de Hundt: \u2713 Mantenimiento\/reparaci\u00f3n \u2713 Piezas de recambio \u2713 Accesorios \u25ba \u00a1Inf\u00f3rmate ahora!","og_url":"https:\/\/hundtgroup.com\/es\/servicio\/","og_site_name":"Wilhelm Hundt GmbH","article_modified_time":"2025-06-26T10:07:26+00:00","twitter_card":"summary_large_image","twitter_misc":{"Tiempo de lectura":"14 minuto"},"schema":{"@context":"https:\/\/schema.org","@graph":[{"@type":"WebPage","@id":"https:\/\/hundtgroup.com\/es\/servicio\/","url":"https:\/\/hundtgroup.com\/es\/servicio\/","name":"Nuestro servicio | Wilhelm Hundt GmbH","isPartOf":{"@id":"https:\/\/hundtgroup.com\/es\/#website"},"datePublished":"2022-01-12T11:31:26+00:00","dateModified":"2025-06-26T10:07:26+00:00","description":"Servicios de Hundt: \u2713 Mantenimiento\/reparaci\u00f3n \u2713 Piezas de recambio \u2713 Accesorios \u25ba \u00a1Inf\u00f3rmate ahora!","breadcrumb":{"@id":"https:\/\/hundtgroup.com\/es\/servicio\/#breadcrumb"},"inLanguage":"es","potentialAction":[{"@type":"ReadAction","target":["https:\/\/hundtgroup.com\/es\/servicio\/"]}]},{"@type":"BreadcrumbList","@id":"https:\/\/hundtgroup.com\/es\/servicio\/#breadcrumb","itemListElement":[{"@type":"ListItem","position":1,"name":"Startseite","item":"https:\/\/hundtgroup.com\/es\/inicio-nuevo\/"},{"@type":"ListItem","position":2,"name":"Servicio"}]},{"@type":"WebSite","@id":"https:\/\/hundtgroup.com\/es\/#website","url":"https:\/\/hundtgroup.com\/es\/","name":"Wilhelm Hundt GmbH","description":"Tu especialista en m\u00e1quinas y herramientas para la transformaci\u00f3n de la chapa","potentialAction":[{"@type":"SearchAction","target":{"@type":"EntryPoint","urlTemplate":"https:\/\/hundtgroup.com\/es\/?s={search_term_string}"},"query-input":{"@type":"PropertyValueSpecification","valueRequired":true,"valueName":"search_term_string"}}],"inLanguage":"es"}]}},"_links":{"self":[{"href":"https:\/\/hundtgroup.com\/es\/wp-json\/wp\/v2\/pages\/12973","targetHints":{"allow":["GET"]}}],"collection":[{"href":"https:\/\/hundtgroup.com\/es\/wp-json\/wp\/v2\/pages"}],"about":[{"href":"https:\/\/hundtgroup.com\/es\/wp-json\/wp\/v2\/types\/page"}],"author":[{"embeddable":true,"href":"https:\/\/hundtgroup.com\/es\/wp-json\/wp\/v2\/users\/1"}],"replies":[{"embeddable":true,"href":"https:\/\/hundtgroup.com\/es\/wp-json\/wp\/v2\/comments?post=12973"}],"version-history":[{"count":0,"href":"https:\/\/hundtgroup.com\/es\/wp-json\/wp\/v2\/pages\/12973\/revisions"}],"wp:attachment":[{"href":"https:\/\/hundtgroup.com\/es\/wp-json\/wp\/v2\/media?parent=12973"}],"curies":[{"name":"wp","href":"https:\/\/api.w.org\/{rel}","templated":true}]}}