{"id":13045,"date":"2022-03-11T14:37:28","date_gmt":"2022-03-11T13:37:28","guid":{"rendered":"https:\/\/hundtgroup.com\/vision-general-de-la-tienda\/"},"modified":"2025-07-01T11:48:32","modified_gmt":"2025-07-01T09:48:32","slug":"vision-general-de-la-tienda","status":"publish","type":"page","link":"https:\/\/hundtgroup.com\/es\/vision-general-de-la-tienda\/","title":{"rendered":"Visi\u00f3n general de la tienda"},"content":{"rendered":"\n<style type=\"text\/css\" data-created_by=\"avia_inline_auto\" id=\"style-css-av-mn34v3-135a8903f89016ef95f2b2a551ab71c5\">\n.avia-section.av-mn34v3-135a8903f89016ef95f2b2a551ab71c5{\nmargin-top:0;\n}\n<\/style>\n<div id='av_section_1'  class='avia-section av-mn34v3-135a8903f89016ef95f2b2a551ab71c5 main_color avia-section-default avia-no-border-styling  avia-builder-el-0  el_before_av_section  avia-builder-el-first  product-cat-grid-overview avia-bg-style-scroll container_wrap fullsize'  ><div class='container av-section-cont-open' ><main  role=\"main\" itemprop=\"mainContentOfPage\"  class='template-page content  av-content-full alpha units'><div class='post-entry post-entry-type-page post-entry-13045'><div class='entry-content-wrapper clearfix'>\n<div  class='flex_column av-lbulq7-74851427fb2e45b9296ee8008e2bfd72 av_one_full  avia-builder-el-1  el_before_av_codeblock  avia-builder-el-first  first flex_column_div  '     ><div class=\"pxl-headline pxl-hl hl-wrap | hl-sub--off hl--align-left hl--std-margin   \">\n    <div class=\"hl-inner\">\n            <h2 class=\"hl-main hl-line |  hl_main--default  \">Productos por categor\u00eda<\/h2>\n            <div class=\"overline lightgrey\">\n              \n              <span class=\"overline-slant\"><\/span>\n            <\/div>\n    <\/div>\n<\/div><\/div>\n\n<\/div><\/div><\/main><!-- close content main element --><\/div><\/div>\n<style type=\"text\/css\" data-created_by=\"avia_inline_auto\" id=\"style-css-av-fi2b0f-2582e96d67cc7d2f50990095b1ca487d\">\n.avia-section.av-fi2b0f-2582e96d67cc7d2f50990095b1ca487d{\nbackground-repeat:repeat-y;\nbackground-image:url(https:\/\/hundtgroup.com\/wp-content\/uploads\/grey_pattren_bg.jpg);\nbackground-position:50% 50%;\nbackground-attachment:scroll;\n}\n<\/style>\n<div id='av_section_2'  class='avia-section av-fi2b0f-2582e96d67cc7d2f50990095b1ca487d main_color avia-section-default avia-no-border-styling  avia-builder-el-4  el_after_av_section  el_before_av_section  responsive-two-col avia-bg-style-scroll container_wrap fullsize'  data-section-bg-repeat='repeat-y'><div class='container av-section-cont-open' ><div class='template-page content  av-content-full alpha units'><div class='post-entry post-entry-type-page post-entry-13045'><div class='entry-content-wrapper clearfix'>\n<div  class='flex_column av-e8253j-634b30ae3940d01116f2bc19ea4037f6 av_one_full  avia-builder-el-5  el_before_av_one_full  avia-builder-el-first  first flex_column_div  '     ><div class=\"pxl-headline pxl-hl hl-wrap | hl-sub--off hl--align-left hl--std-margin   \">\n    <div class=\"hl-inner\">\n            <h2 class=\"hl-main hl-line |  hl_main--default  \">Innovaciones y promociones de productos<\/h2>\n            <div class=\"overline darkgrey\">\n              \n              <span class=\"overline-slant\"><\/span>\n            <\/div>\n    <\/div>\n<\/div><\/div><div  class='flex_column av-b3ccun-3f9da1cf5aa6b6fabb60a8bf0a95941b av_one_full  avia-builder-el-7  el_after_av_one_full  avia-builder-el-last  first flex_column_div  column-top-margin'     ><p><br \/>\n<div  class='avia-button-wrap black avia-button-center  avia-builder-el-9  el_after_av_codeblock  avia-builder-el-last  dark-grey responsive-fullwidth' ><a href='https:\/\/hundtgroup.com\/produkt-kategorie\/neuheiten-aktionen\/'  class='avia-button av-ldmqz26i-494201b8151087f4519dad4f23b2deb9 avia-icon_select-no avia-size-medium avia-position-center avia-color-theme-color ' ><span class='avia_iconbox_title' >Todos los nuevos productos y promociones<\/span><\/a><\/div><\/p><\/div>\n\n<\/div><\/div><\/div><!-- close content main div --><\/div><\/div><div id='av_section_3'  class='avia-section av-7q2kn3-d9903d9b2796261cb9dedeada58c9e58 main_color avia-section-default avia-no-border-styling  avia-builder-el-10  el_after_av_section  avia-builder-el-last  responsive-two-col avia-bg-style-scroll container_wrap fullsize'  ><div class='container av-section-cont-open' ><div class='template-page content  av-content-full alpha units'><div class='post-entry post-entry-type-page post-entry-13045'><div class='entry-content-wrapper clearfix'>\n<div  class='flex_column av-5t4ksf-80bc379988925ef8a5ec2a16c85777b1 av_one_full  avia-builder-el-11  el_before_av_codeblock  avia-builder-el-first  max-width-three-fourth first flex_column_div  '     ><div class=\"pxl-headline pxl-hl hl-wrap | hl-sub--off hl--align-left hl--std-margin   \">\n    <div class=\"hl-inner\">\n            <h2 class=\"hl-main hl-line |  hl_main--default  \">La mejor calidad de marcas l\u00edderes<\/h2>\n            <div class=\"overline lightgrey\">\n              \n              <span class=\"overline-slant\"><\/span>\n            <\/div>\n    <\/div>\n<\/div><\/div>\n\n","protected":false},"excerpt":{"rendered":"","protected":false},"author":1,"featured_media":0,"parent":0,"menu_order":0,"comment_status":"closed","ping_status":"closed","template":"","meta":{"_acf_changed":false,"inline_featured_image":false,"footnotes":""},"class_list":["post-13045","page","type-page","status-publish","hentry"],"acf":[],"yoast_head":"<!-- This site is optimized with the Yoast SEO plugin v27.3 - https:\/\/yoast.com\/product\/yoast-seo-wordpress\/ -->\n<title>M\u00e1quinas y herramientas para la transformaci\u00f3n de chapa en Hundt<\/title>\n<meta name=\"description\" content=\"Descubre la amplia gama de m\u00e1quinas y herramientas para trabajar la chapa de Wilhelm Hundt GmbH.\" \/>\n<meta name=\"robots\" content=\"index, follow, max-snippet:-1, max-image-preview:large, max-video-preview:-1\" \/>\n<link rel=\"canonical\" href=\"https:\/\/hundtgroup.com\/es\/vision-general-de-la-tienda\/\" \/>\n<meta property=\"og:locale\" content=\"es_ES\" \/>\n<meta property=\"og:type\" content=\"article\" \/>\n<meta property=\"og:title\" content=\"M\u00e1quinas y herramientas para la transformaci\u00f3n de chapa en Hundt\" \/>\n<meta property=\"og:description\" content=\"Descubre la amplia gama de m\u00e1quinas y herramientas para trabajar la chapa de Wilhelm Hundt GmbH.\" \/>\n<meta property=\"og:url\" content=\"https:\/\/hundtgroup.com\/es\/vision-general-de-la-tienda\/\" \/>\n<meta property=\"og:site_name\" content=\"Wilhelm Hundt GmbH\" \/>\n<meta property=\"article:modified_time\" content=\"2025-07-01T09:48:32+00:00\" \/>\n<meta name=\"twitter:card\" content=\"summary_large_image\" \/>\n<meta name=\"twitter:label1\" content=\"Tiempo de lectura\" \/>\n\t<meta name=\"twitter:data1\" content=\"13 minuto\" \/>\n<script type=\"application\/ld+json\" class=\"yoast-schema-graph\">{\"@context\":\"https:\\\/\\\/schema.org\",\"@graph\":[{\"@type\":\"WebPage\",\"@id\":\"https:\\\/\\\/hundtgroup.com\\\/es\\\/vision-general-de-la-tienda\\\/\",\"url\":\"https:\\\/\\\/hundtgroup.com\\\/es\\\/vision-general-de-la-tienda\\\/\",\"name\":\"M\u00e1quinas y herramientas para la transformaci\u00f3n de chapa en Hundt\",\"isPartOf\":{\"@id\":\"https:\\\/\\\/hundtgroup.com\\\/es\\\/#website\"},\"datePublished\":\"2022-03-11T13:37:28+00:00\",\"dateModified\":\"2025-07-01T09:48:32+00:00\",\"description\":\"Descubre la amplia gama de m\u00e1quinas y herramientas para trabajar la chapa de Wilhelm Hundt GmbH.\",\"breadcrumb\":{\"@id\":\"https:\\\/\\\/hundtgroup.com\\\/es\\\/vision-general-de-la-tienda\\\/#breadcrumb\"},\"inLanguage\":\"es\",\"potentialAction\":[{\"@type\":\"ReadAction\",\"target\":[\"https:\\\/\\\/hundtgroup.com\\\/es\\\/vision-general-de-la-tienda\\\/\"]}]},{\"@type\":\"BreadcrumbList\",\"@id\":\"https:\\\/\\\/hundtgroup.com\\\/es\\\/vision-general-de-la-tienda\\\/#breadcrumb\",\"itemListElement\":[{\"@type\":\"ListItem\",\"position\":1,\"name\":\"Startseite\",\"item\":\"https:\\\/\\\/hundtgroup.com\\\/es\\\/inicio-nuevo\\\/\"},{\"@type\":\"ListItem\",\"position\":2,\"name\":\"Visi\u00f3n general de la tienda\"}]},{\"@type\":\"WebSite\",\"@id\":\"https:\\\/\\\/hundtgroup.com\\\/es\\\/#website\",\"url\":\"https:\\\/\\\/hundtgroup.com\\\/es\\\/\",\"name\":\"Wilhelm Hundt GmbH\",\"description\":\"Tu especialista en m\u00e1quinas y herramientas para la transformaci\u00f3n de la chapa\",\"potentialAction\":[{\"@type\":\"SearchAction\",\"target\":{\"@type\":\"EntryPoint\",\"urlTemplate\":\"https:\\\/\\\/hundtgroup.com\\\/es\\\/?s={search_term_string}\"},\"query-input\":{\"@type\":\"PropertyValueSpecification\",\"valueRequired\":true,\"valueName\":\"search_term_string\"}}],\"inLanguage\":\"es\"}]}<\/script>\n<!-- \/ Yoast SEO plugin. -->","yoast_head_json":{"title":"M\u00e1quinas y herramientas para la transformaci\u00f3n de chapa en Hundt","description":"Descubre la amplia gama de m\u00e1quinas y herramientas para trabajar la chapa de Wilhelm Hundt GmbH.","robots":{"index":"index","follow":"follow","max-snippet":"max-snippet:-1","max-image-preview":"max-image-preview:large","max-video-preview":"max-video-preview:-1"},"canonical":"https:\/\/hundtgroup.com\/es\/vision-general-de-la-tienda\/","og_locale":"es_ES","og_type":"article","og_title":"M\u00e1quinas y herramientas para la transformaci\u00f3n de chapa en Hundt","og_description":"Descubre la amplia gama de m\u00e1quinas y herramientas para trabajar la chapa de Wilhelm Hundt GmbH.","og_url":"https:\/\/hundtgroup.com\/es\/vision-general-de-la-tienda\/","og_site_name":"Wilhelm Hundt GmbH","article_modified_time":"2025-07-01T09:48:32+00:00","twitter_card":"summary_large_image","twitter_misc":{"Tiempo de lectura":"13 minuto"},"schema":{"@context":"https:\/\/schema.org","@graph":[{"@type":"WebPage","@id":"https:\/\/hundtgroup.com\/es\/vision-general-de-la-tienda\/","url":"https:\/\/hundtgroup.com\/es\/vision-general-de-la-tienda\/","name":"M\u00e1quinas y herramientas para la transformaci\u00f3n de chapa en Hundt","isPartOf":{"@id":"https:\/\/hundtgroup.com\/es\/#website"},"datePublished":"2022-03-11T13:37:28+00:00","dateModified":"2025-07-01T09:48:32+00:00","description":"Descubre la amplia gama de m\u00e1quinas y herramientas para trabajar la chapa de Wilhelm Hundt GmbH.","breadcrumb":{"@id":"https:\/\/hundtgroup.com\/es\/vision-general-de-la-tienda\/#breadcrumb"},"inLanguage":"es","potentialAction":[{"@type":"ReadAction","target":["https:\/\/hundtgroup.com\/es\/vision-general-de-la-tienda\/"]}]},{"@type":"BreadcrumbList","@id":"https:\/\/hundtgroup.com\/es\/vision-general-de-la-tienda\/#breadcrumb","itemListElement":[{"@type":"ListItem","position":1,"name":"Startseite","item":"https:\/\/hundtgroup.com\/es\/inicio-nuevo\/"},{"@type":"ListItem","position":2,"name":"Visi\u00f3n general de la tienda"}]},{"@type":"WebSite","@id":"https:\/\/hundtgroup.com\/es\/#website","url":"https:\/\/hundtgroup.com\/es\/","name":"Wilhelm Hundt GmbH","description":"Tu especialista en m\u00e1quinas y herramientas para la transformaci\u00f3n de la chapa","potentialAction":[{"@type":"SearchAction","target":{"@type":"EntryPoint","urlTemplate":"https:\/\/hundtgroup.com\/es\/?s={search_term_string}"},"query-input":{"@type":"PropertyValueSpecification","valueRequired":true,"valueName":"search_term_string"}}],"inLanguage":"es"}]}},"_links":{"self":[{"href":"https:\/\/hundtgroup.com\/es\/wp-json\/wp\/v2\/pages\/13045","targetHints":{"allow":["GET"]}}],"collection":[{"href":"https:\/\/hundtgroup.com\/es\/wp-json\/wp\/v2\/pages"}],"about":[{"href":"https:\/\/hundtgroup.com\/es\/wp-json\/wp\/v2\/types\/page"}],"author":[{"embeddable":true,"href":"https:\/\/hundtgroup.com\/es\/wp-json\/wp\/v2\/users\/1"}],"replies":[{"embeddable":true,"href":"https:\/\/hundtgroup.com\/es\/wp-json\/wp\/v2\/comments?post=13045"}],"version-history":[{"count":0,"href":"https:\/\/hundtgroup.com\/es\/wp-json\/wp\/v2\/pages\/13045\/revisions"}],"wp:attachment":[{"href":"https:\/\/hundtgroup.com\/es\/wp-json\/wp\/v2\/media?parent=13045"}],"curies":[{"name":"wp","href":"https:\/\/api.w.org\/{rel}","templated":true}]}}