{"id":13062,"date":"2022-03-16T11:55:46","date_gmt":"2022-03-16T10:55:46","guid":{"rendered":"https:\/\/hundtgroup.com\/politica-de-cancelacion\/"},"modified":"2025-06-26T12:09:23","modified_gmt":"2025-06-26T10:09:23","slug":"politica-de-cancelacion","status":"publish","type":"page","link":"https:\/\/hundtgroup.com\/es\/tienda\/politica-de-cancelacion\/","title":{"rendered":"Pol\u00edtica de cancelaci\u00f3n"},"content":{"rendered":"<div id='av_section_1'  class='avia-section av-2sl9s-ce1ce7ae9fb18ca1bfd02c768aeff783 main_color avia-section-default avia-no-border-styling  avia-builder-el-0  avia-builder-el-no-sibling  avia-bg-style-scroll container_wrap fullsize'  ><div class='container av-section-cont-open' ><main  role=\"main\" itemprop=\"mainContentOfPage\"  class='template-page content  av-content-full alpha units'><div class='post-entry post-entry-type-page post-entry-13062'><div class='entry-content-wrapper clearfix'>\n<div  class='flex_column av-2bm5s-12e59aa6892b139d7db93fa9c175de19 av_one_full  avia-builder-el-1  el_before_av_one_half  avia-builder-el-first  first av-break-at-tablet flex_column_div  '     ><div class=\"pxl-headline pxl-hl hl-wrap | hl-sub--off hl--align-left hl--no-margin   \">\n    <div class=\"hl-inner\">\n            <h1 class=\"hl-main hl-line |  hl_main--default  \">Derecho de cancelaci\u00f3n<\/h1>\n            <div class=\"overline lightgrey\">\n              \n              <span class=\"overline-slant\"><\/span>\n            <\/div>\n    <\/div>\n<\/div><\/div><div  class='flex_column av-19duk-203c71f2b7316c109b6c9028b2bb783c av_one_half  avia-builder-el-3  el_after_av_one_full  el_before_av_one_half  first av-break-at-tablet flex_column_div  column-top-margin'     ><section  class='av_textblock_section av-kyllgorp-ab49c557e96d149ccd0bdfb148880aa9 '   itemscope=\"itemscope\" itemtype=\"https:\/\/schema.org\/CreativeWork\" ><div class='avia_textblock'  itemprop=\"text\" ><h3>Derecho de cancelaci\u00f3n<\/h3>\n<p>Tienes derecho a rescindir el contrato en un plazo de catorce d\u00edas sin indicar el motivo.<\/p>\n<p>Un contrato efectivo con nosotros se celebra despu\u00e9s de que hayas recibido nuestra confirmaci\u00f3n de pedido.<\/p>\n<p>El plazo de desistimiento es de catorce d\u00edas a partir del d\u00eda en que t\u00fa o un tercero nombrado por ti, que no sea el transportista, haya tomado posesi\u00f3n de los bienes.<\/p>\n<p>Para ejercer tu derecho de cancelaci\u00f3n, debes informarnos, Wilhelm Hundt GmbH, Schwabhausen 25, 42349 Wuppertal, Tel.: 0202\/430448-0\/ Fax: 0202\/430448-20, correo electr\u00f3nico: info@hundt.de de tu decisi\u00f3n de cancelar el contrato mediante una declaraci\u00f3n clara (por ejemplo, una carta enviada por correo postal, fax o correo electr\u00f3nico). Puedes utilizar el modelo de formulario de cancelaci\u00f3n adjunto, pero no es obligatorio.<\/p>\n<p>Puedes rellenar el modelo de formulario de cancelaci\u00f3n u otra declaraci\u00f3n clara y envi\u00e1rnosla utilizando los datos indicados m\u00e1s arriba. Para cumplir el plazo de cancelaci\u00f3n, basta con que env\u00edes tu notificaci\u00f3n de ejercicio del derecho de cancelaci\u00f3n antes de que expire el plazo de cancelaci\u00f3n. <\/p>\n<h3>Consecuencias de la cancelaci\u00f3n<\/h3>\n<p>Si desistes de un contrato, te reembolsaremos todos los pagos que hayamos recibido de ti, incluidos los gastos de entrega (con excepci\u00f3n de los gastos suplementarios resultantes de tu elecci\u00f3n de un tipo de entrega distinto del tipo menos costoso de entrega est\u00e1ndar que ofrezcamos), sin ninguna demora indebida y, en cualquier caso, a m\u00e1s tardar 14 d\u00edas a partir del d\u00eda en que se nos informe de tu decisi\u00f3n de desistir de este contrato. Para este reembolso, utilizaremos el mismo medio de pago que utilizaste para la transacci\u00f3n original, a menos que se acuerde expresamente otra cosa contigo; en ning\u00fan caso se te cobrar\u00e1n comisiones por este reembolso. <\/p>\n<p>T\u00fa asumes los costes directos de devoluci\u00f3n de la mercanc\u00eda.<\/p>\n<p>Podemos negarnos a reembolsarte el importe hasta que hayamos recibido la mercanc\u00eda de vuelta o hasta que hayas presentado una prueba de que has devuelto la mercanc\u00eda, lo que ocurra primero.<\/p>\n<\/div><\/section><\/div><div  class='flex_column av-rl3w-f06583f4044d095245411ef6c8430cfc av_one_half  avia-builder-el-5  el_after_av_one_half  avia-builder-el-last  av-break-at-tablet flex_column_div  column-top-margin'     ><section  class='av_textblock_section av-kyllqexe-41b8fbccf53431dd941cd32608e1feca '   itemscope=\"itemscope\" itemtype=\"https:\/\/schema.org\/CreativeWork\" ><div class='avia_textblock'  itemprop=\"text\" ><h3>Modelo de formulario de cancelaci\u00f3n<\/h3>\n<p>Si deseas cancelar un contrato, rellena este formulario y devu\u00e9lvenoslo:<br \/>\nWilhelm Hundt GmbH, Schwabhausen 25, 42349 Wuppertal, Fax 0202\/430448-20, info@hundt.de<\/p>\n<ul>\n<li>Yo\/nosotros (*) revoco\/revocamos el contrato celebrado por m\u00ed\/nosotros (*) para la compra de<\/li>\n<li>de los siguientes bienes (*)\/la prestaci\u00f3n del siguiente servicio (*):<br \/>\nPedido el (*)\/recibido el (*):<\/li>\n<li>Nombre del consumidor o consumidores:<\/li>\n<li>Direcci\u00f3n del consumidor o consumidores:<\/li>\n<li>Firma del consumidor o consumidores (s\u00f3lo para notificaciones en papel):<br \/>\nFecha:<\/li>\n<\/ul>\n<p>(*) T\u00e1chese lo que no proceda<\/p>\n<\/div><\/section><\/div>\n","protected":false},"excerpt":{"rendered":"","protected":false},"author":1,"featured_media":0,"parent":13345,"menu_order":4,"comment_status":"closed","ping_status":"closed","template":"","meta":{"_acf_changed":false,"inline_featured_image":false,"footnotes":""},"class_list":["post-13062","page","type-page","status-publish","hentry"],"acf":[],"yoast_head":"<!-- This site is optimized with the Yoast SEO plugin v27.3 - https:\/\/yoast.com\/product\/yoast-seo-wordpress\/ -->\n<title>Pol\u00edtica de cancelaci\u00f3n en Hundt: tus derechos de un vistazo<\/title>\n<meta name=\"description\" content=\"Inf\u00f3rmate sobre tus derechos como cliente de Hundt.\" \/>\n<meta name=\"robots\" content=\"index, follow, max-snippet:-1, max-image-preview:large, max-video-preview:-1\" \/>\n<link rel=\"canonical\" href=\"https:\/\/hundtgroup.com\/es\/tienda\/politica-de-cancelacion\/\" \/>\n<meta property=\"og:locale\" content=\"es_ES\" \/>\n<meta property=\"og:type\" content=\"article\" \/>\n<meta property=\"og:title\" content=\"Pol\u00edtica de cancelaci\u00f3n en Hundt: tus derechos de un vistazo\" \/>\n<meta property=\"og:description\" content=\"Inf\u00f3rmate sobre tus derechos como cliente de Hundt.\" \/>\n<meta property=\"og:url\" content=\"https:\/\/hundtgroup.com\/es\/tienda\/politica-de-cancelacion\/\" \/>\n<meta property=\"og:site_name\" content=\"Wilhelm Hundt GmbH\" \/>\n<meta property=\"article:modified_time\" content=\"2025-06-26T10:09:23+00:00\" \/>\n<meta name=\"twitter:card\" content=\"summary_large_image\" \/>\n<meta name=\"twitter:label1\" content=\"Tiempo de lectura\" \/>\n\t<meta name=\"twitter:data1\" content=\"8 minuto\" \/>\n<script type=\"application\/ld+json\" class=\"yoast-schema-graph\">{\"@context\":\"https:\\\/\\\/schema.org\",\"@graph\":[{\"@type\":\"WebPage\",\"@id\":\"https:\\\/\\\/hundtgroup.com\\\/es\\\/tienda\\\/politica-de-cancelacion\\\/\",\"url\":\"https:\\\/\\\/hundtgroup.com\\\/es\\\/tienda\\\/politica-de-cancelacion\\\/\",\"name\":\"Pol\u00edtica de cancelaci\u00f3n en Hundt: tus derechos de un vistazo\",\"isPartOf\":{\"@id\":\"https:\\\/\\\/hundtgroup.com\\\/es\\\/#website\"},\"datePublished\":\"2022-03-16T10:55:46+00:00\",\"dateModified\":\"2025-06-26T10:09:23+00:00\",\"description\":\"Inf\u00f3rmate sobre tus derechos como cliente de Hundt.\",\"breadcrumb\":{\"@id\":\"https:\\\/\\\/hundtgroup.com\\\/es\\\/tienda\\\/politica-de-cancelacion\\\/#breadcrumb\"},\"inLanguage\":\"es\",\"potentialAction\":[{\"@type\":\"ReadAction\",\"target\":[\"https:\\\/\\\/hundtgroup.com\\\/es\\\/tienda\\\/politica-de-cancelacion\\\/\"]}]},{\"@type\":\"BreadcrumbList\",\"@id\":\"https:\\\/\\\/hundtgroup.com\\\/es\\\/tienda\\\/politica-de-cancelacion\\\/#breadcrumb\",\"itemListElement\":[{\"@type\":\"ListItem\",\"position\":1,\"name\":\"Startseite\",\"item\":\"https:\\\/\\\/hundtgroup.com\\\/es\\\/inicio-nuevo\\\/\"},{\"@type\":\"ListItem\",\"position\":2,\"name\":\"Tienda\",\"item\":\"https:\\\/\\\/hundtgroup.com\\\/es\\\/tienda\\\/\"},{\"@type\":\"ListItem\",\"position\":3,\"name\":\"Pol\u00edtica de cancelaci\u00f3n\"}]},{\"@type\":\"WebSite\",\"@id\":\"https:\\\/\\\/hundtgroup.com\\\/es\\\/#website\",\"url\":\"https:\\\/\\\/hundtgroup.com\\\/es\\\/\",\"name\":\"Wilhelm Hundt GmbH\",\"description\":\"Tu especialista en m\u00e1quinas y herramientas para la transformaci\u00f3n de la chapa\",\"potentialAction\":[{\"@type\":\"SearchAction\",\"target\":{\"@type\":\"EntryPoint\",\"urlTemplate\":\"https:\\\/\\\/hundtgroup.com\\\/es\\\/?s={search_term_string}\"},\"query-input\":{\"@type\":\"PropertyValueSpecification\",\"valueRequired\":true,\"valueName\":\"search_term_string\"}}],\"inLanguage\":\"es\"}]}<\/script>\n<!-- \/ Yoast SEO plugin. -->","yoast_head_json":{"title":"Pol\u00edtica de cancelaci\u00f3n en Hundt: tus derechos de un vistazo","description":"Inf\u00f3rmate sobre tus derechos como cliente de Hundt.","robots":{"index":"index","follow":"follow","max-snippet":"max-snippet:-1","max-image-preview":"max-image-preview:large","max-video-preview":"max-video-preview:-1"},"canonical":"https:\/\/hundtgroup.com\/es\/tienda\/politica-de-cancelacion\/","og_locale":"es_ES","og_type":"article","og_title":"Pol\u00edtica de cancelaci\u00f3n en Hundt: tus derechos de un vistazo","og_description":"Inf\u00f3rmate sobre tus derechos como cliente de Hundt.","og_url":"https:\/\/hundtgroup.com\/es\/tienda\/politica-de-cancelacion\/","og_site_name":"Wilhelm Hundt GmbH","article_modified_time":"2025-06-26T10:09:23+00:00","twitter_card":"summary_large_image","twitter_misc":{"Tiempo de lectura":"8 minuto"},"schema":{"@context":"https:\/\/schema.org","@graph":[{"@type":"WebPage","@id":"https:\/\/hundtgroup.com\/es\/tienda\/politica-de-cancelacion\/","url":"https:\/\/hundtgroup.com\/es\/tienda\/politica-de-cancelacion\/","name":"Pol\u00edtica de cancelaci\u00f3n en Hundt: tus derechos de un vistazo","isPartOf":{"@id":"https:\/\/hundtgroup.com\/es\/#website"},"datePublished":"2022-03-16T10:55:46+00:00","dateModified":"2025-06-26T10:09:23+00:00","description":"Inf\u00f3rmate sobre tus derechos como cliente de Hundt.","breadcrumb":{"@id":"https:\/\/hundtgroup.com\/es\/tienda\/politica-de-cancelacion\/#breadcrumb"},"inLanguage":"es","potentialAction":[{"@type":"ReadAction","target":["https:\/\/hundtgroup.com\/es\/tienda\/politica-de-cancelacion\/"]}]},{"@type":"BreadcrumbList","@id":"https:\/\/hundtgroup.com\/es\/tienda\/politica-de-cancelacion\/#breadcrumb","itemListElement":[{"@type":"ListItem","position":1,"name":"Startseite","item":"https:\/\/hundtgroup.com\/es\/inicio-nuevo\/"},{"@type":"ListItem","position":2,"name":"Tienda","item":"https:\/\/hundtgroup.com\/es\/tienda\/"},{"@type":"ListItem","position":3,"name":"Pol\u00edtica de cancelaci\u00f3n"}]},{"@type":"WebSite","@id":"https:\/\/hundtgroup.com\/es\/#website","url":"https:\/\/hundtgroup.com\/es\/","name":"Wilhelm Hundt GmbH","description":"Tu especialista en m\u00e1quinas y herramientas para la transformaci\u00f3n de la chapa","potentialAction":[{"@type":"SearchAction","target":{"@type":"EntryPoint","urlTemplate":"https:\/\/hundtgroup.com\/es\/?s={search_term_string}"},"query-input":{"@type":"PropertyValueSpecification","valueRequired":true,"valueName":"search_term_string"}}],"inLanguage":"es"}]}},"_links":{"self":[{"href":"https:\/\/hundtgroup.com\/es\/wp-json\/wp\/v2\/pages\/13062","targetHints":{"allow":["GET"]}}],"collection":[{"href":"https:\/\/hundtgroup.com\/es\/wp-json\/wp\/v2\/pages"}],"about":[{"href":"https:\/\/hundtgroup.com\/es\/wp-json\/wp\/v2\/types\/page"}],"author":[{"embeddable":true,"href":"https:\/\/hundtgroup.com\/es\/wp-json\/wp\/v2\/users\/1"}],"replies":[{"embeddable":true,"href":"https:\/\/hundtgroup.com\/es\/wp-json\/wp\/v2\/comments?post=13062"}],"version-history":[{"count":0,"href":"https:\/\/hundtgroup.com\/es\/wp-json\/wp\/v2\/pages\/13062\/revisions"}],"up":[{"embeddable":true,"href":"https:\/\/hundtgroup.com\/es\/wp-json\/wp\/v2\/pages\/13345"}],"wp:attachment":[{"href":"https:\/\/hundtgroup.com\/es\/wp-json\/wp\/v2\/media?parent=13062"}],"curies":[{"name":"wp","href":"https:\/\/api.w.org\/{rel}","templated":true}]}}