{"id":15582,"date":"2022-08-23T15:55:42","date_gmt":"2022-08-23T13:55:42","guid":{"rendered":"https:\/\/hundtgroup.com\/produkt\/cortadora-trutool-n-700-trumpf\/"},"modified":"2025-07-29T10:19:54","modified_gmt":"2025-07-29T08:19:54","slug":"cortadora-trutool-n-700-trumpf","status":"publish","type":"product","link":"https:\/\/hundtgroup.com\/es\/produkt\/cortadora-trutool-n-700-trumpf\/","title":{"rendered":"Cortadora TruTool N 700 TRUMPF"},"content":{"rendered":"<p>Punz\u00f3n cuadrado: gran movilidad gracias a la forma estrecha del punz\u00f3n<br \/>\n4 direcciones de corte<br \/>\nAjuste sin herramientas de la direcci\u00f3n de corte<br \/>\nIdeal para cortes a trav\u00e9s de bordes, cordones de soldadura y chapas dobladas<br \/>\nDos empu\u00f1aduras diferentes para un trabajo a medida<br \/>\nTambi\u00e9n para zonas estrechas y de dif\u00edcil acceso<br \/>\nGran comodidad de manejo gracias a la empu\u00f1adura ajustable del motor<\/p>\n","protected":false},"excerpt":{"rendered":"<p>Punz\u00f3n cuadrado: gran movilidad gracias a la forma estrecha del punz\u00f3n 4 direcciones de corte Ajuste sin herramientas de la direcci\u00f3n de corte Ideal para cortes a trav\u00e9s de bordes, cordones de soldadura y chapas dobladas Dos empu\u00f1aduras diferentes para un trabajo a medida Tambi\u00e9n para zonas estrechas y de dif\u00edcil acceso Gran comodidad de [&hellip;]<\/p>\n","protected":false},"featured_media":15584,"template":"","meta":{"_acf_changed":false,"inline_featured_image":false},"product_cat":[682,672],"product_tag":[],"class_list":{"0":"post-15582","1":"product","2":"type-product","3":"status-publish","4":"has-post-thumbnail","6":"brand-trumpf","7":"product_cat-mordisqueador","8":"product_cat-herramientas-electricas","10":"first","11":"instock","12":"sale","13":"taxable","14":"shipping-taxable","15":"purchasable","16":"product-type-simple","17":"add-to-wishlist-before_image"},"acf":[],"yoast_head":"<!-- This site is optimized with the Yoast SEO plugin v27.3 - https:\/\/yoast.com\/product\/yoast-seo-wordpress\/ -->\n<title>Cortadora TruTool N 700 TRUMPF - Wilhelm Hundt GmbH<\/title>\n<meta name=\"robots\" content=\"index, follow, max-snippet:-1, max-image-preview:large, max-video-preview:-1\" \/>\n<link rel=\"canonical\" href=\"https:\/\/hundtgroup.com\/es\/produkt\/cortadora-trutool-n-700-trumpf\/\" \/>\n<meta property=\"og:locale\" content=\"es_ES\" \/>\n<meta property=\"og:type\" content=\"article\" \/>\n<meta property=\"og:title\" content=\"Cortadora TruTool N 700 TRUMPF - Wilhelm Hundt GmbH\" \/>\n<meta property=\"og:description\" content=\"Punz\u00f3n cuadrado: gran movilidad gracias a la forma estrecha del punz\u00f3n 4 direcciones de corte Ajuste sin herramientas de la direcci\u00f3n de corte Ideal para cortes a trav\u00e9s de bordes, cordones de soldadura y chapas dobladas Dos empu\u00f1aduras diferentes para un trabajo a medida Tambi\u00e9n para zonas estrechas y de dif\u00edcil acceso Gran comodidad de [&hellip;]\" \/>\n<meta property=\"og:url\" content=\"https:\/\/hundtgroup.com\/es\/produkt\/cortadora-trutool-n-700-trumpf\/\" \/>\n<meta property=\"og:site_name\" content=\"Wilhelm Hundt GmbH\" \/>\n<meta property=\"article:modified_time\" content=\"2025-07-29T08:19:54+00:00\" \/>\n<meta property=\"og:image\" content=\"https:\/\/hundtgroup.com\/wp-content\/uploads\/357000-scaled.jpg\" \/>\n\t<meta property=\"og:image:width\" content=\"2560\" \/>\n\t<meta property=\"og:image:height\" content=\"2560\" \/>\n\t<meta property=\"og:image:type\" content=\"image\/jpeg\" \/>\n<meta name=\"twitter:card\" content=\"summary_large_image\" \/>\n<script type=\"application\/ld+json\" class=\"yoast-schema-graph\">{\"@context\":\"https:\\\/\\\/schema.org\",\"@graph\":[{\"@type\":\"WebPage\",\"@id\":\"https:\\\/\\\/hundtgroup.com\\\/es\\\/produkt\\\/cortadora-trutool-n-700-trumpf\\\/\",\"url\":\"https:\\\/\\\/hundtgroup.com\\\/es\\\/produkt\\\/cortadora-trutool-n-700-trumpf\\\/\",\"name\":\"Cortadora TruTool N 700 TRUMPF - Wilhelm Hundt GmbH\",\"isPartOf\":{\"@id\":\"https:\\\/\\\/hundtgroup.com\\\/es\\\/#website\"},\"primaryImageOfPage\":{\"@id\":\"https:\\\/\\\/hundtgroup.com\\\/es\\\/produkt\\\/cortadora-trutool-n-700-trumpf\\\/#primaryimage\"},\"image\":{\"@id\":\"https:\\\/\\\/hundtgroup.com\\\/es\\\/produkt\\\/cortadora-trutool-n-700-trumpf\\\/#primaryimage\"},\"thumbnailUrl\":\"https:\\\/\\\/hundtgroup.com\\\/wp-content\\\/uploads\\\/357000-scaled.jpg\",\"datePublished\":\"2022-08-23T13:55:42+00:00\",\"dateModified\":\"2025-07-29T08:19:54+00:00\",\"breadcrumb\":{\"@id\":\"https:\\\/\\\/hundtgroup.com\\\/es\\\/produkt\\\/cortadora-trutool-n-700-trumpf\\\/#breadcrumb\"},\"inLanguage\":\"es\",\"potentialAction\":[{\"@type\":\"ReadAction\",\"target\":[\"https:\\\/\\\/hundtgroup.com\\\/es\\\/produkt\\\/cortadora-trutool-n-700-trumpf\\\/\"]}]},{\"@type\":\"ImageObject\",\"inLanguage\":\"es\",\"@id\":\"https:\\\/\\\/hundtgroup.com\\\/es\\\/produkt\\\/cortadora-trutool-n-700-trumpf\\\/#primaryimage\",\"url\":\"https:\\\/\\\/hundtgroup.com\\\/wp-content\\\/uploads\\\/357000-scaled.jpg\",\"contentUrl\":\"https:\\\/\\\/hundtgroup.com\\\/wp-content\\\/uploads\\\/357000-scaled.jpg\",\"width\":2560,\"height\":2560},{\"@type\":\"BreadcrumbList\",\"@id\":\"https:\\\/\\\/hundtgroup.com\\\/es\\\/produkt\\\/cortadora-trutool-n-700-trumpf\\\/#breadcrumb\",\"itemListElement\":[{\"@type\":\"ListItem\",\"position\":1,\"name\":\"Startseite\",\"item\":\"https:\\\/\\\/hundtgroup.com\\\/es\\\/inicio-nuevo\\\/\"},{\"@type\":\"ListItem\",\"position\":2,\"name\":\"Tienda\",\"item\":\"https:\\\/\\\/hundtgroup.com\\\/tienda\\\/\"},{\"@type\":\"ListItem\",\"position\":3,\"name\":\"Cortadora TruTool N 700 TRUMPF\"}]},{\"@type\":\"WebSite\",\"@id\":\"https:\\\/\\\/hundtgroup.com\\\/es\\\/#website\",\"url\":\"https:\\\/\\\/hundtgroup.com\\\/es\\\/\",\"name\":\"Wilhelm Hundt GmbH\",\"description\":\"Tu especialista en m\u00e1quinas y herramientas para la transformaci\u00f3n de la chapa\",\"potentialAction\":[{\"@type\":\"SearchAction\",\"target\":{\"@type\":\"EntryPoint\",\"urlTemplate\":\"https:\\\/\\\/hundtgroup.com\\\/es\\\/?s={search_term_string}\"},\"query-input\":{\"@type\":\"PropertyValueSpecification\",\"valueRequired\":true,\"valueName\":\"search_term_string\"}}],\"inLanguage\":\"es\"}]}<\/script>\n<!-- \/ Yoast SEO plugin. -->","yoast_head_json":{"title":"Cortadora TruTool N 700 TRUMPF - Wilhelm Hundt GmbH","robots":{"index":"index","follow":"follow","max-snippet":"max-snippet:-1","max-image-preview":"max-image-preview:large","max-video-preview":"max-video-preview:-1"},"canonical":"https:\/\/hundtgroup.com\/es\/produkt\/cortadora-trutool-n-700-trumpf\/","og_locale":"es_ES","og_type":"article","og_title":"Cortadora TruTool N 700 TRUMPF - Wilhelm Hundt GmbH","og_description":"Punz\u00f3n cuadrado: gran movilidad gracias a la forma estrecha del punz\u00f3n 4 direcciones de corte Ajuste sin herramientas de la direcci\u00f3n de corte Ideal para cortes a trav\u00e9s de bordes, cordones de soldadura y chapas dobladas Dos empu\u00f1aduras diferentes para un trabajo a medida Tambi\u00e9n para zonas estrechas y de dif\u00edcil acceso Gran comodidad de [&hellip;]","og_url":"https:\/\/hundtgroup.com\/es\/produkt\/cortadora-trutool-n-700-trumpf\/","og_site_name":"Wilhelm Hundt GmbH","article_modified_time":"2025-07-29T08:19:54+00:00","og_image":[{"width":2560,"height":2560,"url":"https:\/\/hundtgroup.com\/wp-content\/uploads\/357000-scaled.jpg","type":"image\/jpeg"}],"twitter_card":"summary_large_image","schema":{"@context":"https:\/\/schema.org","@graph":[{"@type":"WebPage","@id":"https:\/\/hundtgroup.com\/es\/produkt\/cortadora-trutool-n-700-trumpf\/","url":"https:\/\/hundtgroup.com\/es\/produkt\/cortadora-trutool-n-700-trumpf\/","name":"Cortadora TruTool N 700 TRUMPF - Wilhelm Hundt GmbH","isPartOf":{"@id":"https:\/\/hundtgroup.com\/es\/#website"},"primaryImageOfPage":{"@id":"https:\/\/hundtgroup.com\/es\/produkt\/cortadora-trutool-n-700-trumpf\/#primaryimage"},"image":{"@id":"https:\/\/hundtgroup.com\/es\/produkt\/cortadora-trutool-n-700-trumpf\/#primaryimage"},"thumbnailUrl":"https:\/\/hundtgroup.com\/wp-content\/uploads\/357000-scaled.jpg","datePublished":"2022-08-23T13:55:42+00:00","dateModified":"2025-07-29T08:19:54+00:00","breadcrumb":{"@id":"https:\/\/hundtgroup.com\/es\/produkt\/cortadora-trutool-n-700-trumpf\/#breadcrumb"},"inLanguage":"es","potentialAction":[{"@type":"ReadAction","target":["https:\/\/hundtgroup.com\/es\/produkt\/cortadora-trutool-n-700-trumpf\/"]}]},{"@type":"ImageObject","inLanguage":"es","@id":"https:\/\/hundtgroup.com\/es\/produkt\/cortadora-trutool-n-700-trumpf\/#primaryimage","url":"https:\/\/hundtgroup.com\/wp-content\/uploads\/357000-scaled.jpg","contentUrl":"https:\/\/hundtgroup.com\/wp-content\/uploads\/357000-scaled.jpg","width":2560,"height":2560},{"@type":"BreadcrumbList","@id":"https:\/\/hundtgroup.com\/es\/produkt\/cortadora-trutool-n-700-trumpf\/#breadcrumb","itemListElement":[{"@type":"ListItem","position":1,"name":"Startseite","item":"https:\/\/hundtgroup.com\/es\/inicio-nuevo\/"},{"@type":"ListItem","position":2,"name":"Tienda","item":"https:\/\/hundtgroup.com\/tienda\/"},{"@type":"ListItem","position":3,"name":"Cortadora TruTool N 700 TRUMPF"}]},{"@type":"WebSite","@id":"https:\/\/hundtgroup.com\/es\/#website","url":"https:\/\/hundtgroup.com\/es\/","name":"Wilhelm Hundt GmbH","description":"Tu especialista en m\u00e1quinas y herramientas para la transformaci\u00f3n de la chapa","potentialAction":[{"@type":"SearchAction","target":{"@type":"EntryPoint","urlTemplate":"https:\/\/hundtgroup.com\/es\/?s={search_term_string}"},"query-input":{"@type":"PropertyValueSpecification","valueRequired":true,"valueName":"search_term_string"}}],"inLanguage":"es"}]}},"_links":{"self":[{"href":"https:\/\/hundtgroup.com\/es\/wp-json\/wp\/v2\/product\/15582","targetHints":{"allow":["GET"]}}],"collection":[{"href":"https:\/\/hundtgroup.com\/es\/wp-json\/wp\/v2\/product"}],"about":[{"href":"https:\/\/hundtgroup.com\/es\/wp-json\/wp\/v2\/types\/product"}],"wp:featuredmedia":[{"embeddable":true,"href":"https:\/\/hundtgroup.com\/es\/wp-json\/wp\/v2\/media\/15584"}],"wp:attachment":[{"href":"https:\/\/hundtgroup.com\/es\/wp-json\/wp\/v2\/media?parent=15582"}],"wp:term":[{"taxonomy":"product_cat","embeddable":true,"href":"https:\/\/hundtgroup.com\/es\/wp-json\/wp\/v2\/product_cat?post=15582"},{"taxonomy":"product_tag","embeddable":true,"href":"https:\/\/hundtgroup.com\/es\/wp-json\/wp\/v2\/product_tag?post=15582"}],"curies":[{"name":"wp","href":"https:\/\/api.w.org\/{rel}","templated":true}]}}