{"id":15596,"date":"2022-08-23T15:55:42","date_gmt":"2022-08-23T13:55:42","guid":{"rendered":"https:\/\/hundtgroup.com\/produkt\/plumilla-trumpf-trutool-n-500\/"},"modified":"2025-07-29T10:20:08","modified_gmt":"2025-07-29T08:20:08","slug":"plumilla-trumpf-trutool-n-500","status":"publish","type":"product","link":"https:\/\/hundtgroup.com\/es\/produkt\/plumilla-trumpf-trutool-n-500\/","title":{"rendered":"Plumilla TRUMPF TruTool N 500"},"content":{"rendered":"<p>La nueva Trumpf N 500 se ha dise\u00f1ado para que pueda cortar en las 4 direcciones, incluso hacia atr\u00e1s. Esto mejora su manejo y es \u00fanico en el mundo en su clase de rendimiento para chapas de acero de hasta 5 mm. Gracias a esta funci\u00f3n, los usuarios pueden tirar de la herramienta hacia ellos horizontalmente o guiarla de arriba abajo verticalmente con muy poco esfuerzo.<br \/>\nAjuste sin herramientas en 4 direcciones de corte<br \/>\nCambio de punz\u00f3n sin herramientas<br \/>\nErgonom\u00eda de agarre perfecta<br \/>\nCorta a trav\u00e9s de bordes, cordones de soldadura y chapas dobladas  <\/p>\n<p>Accesorios suministrados:<br \/>\nPunz\u00f3n 5\/P5 instalado<br \/>\nMatriz 5 instalada<br \/>\nManual de instrucciones<br \/>\nCaja TRUMPF<br \/>\nTubo de grasa<br \/>\nMango<br \/>\nEnganche r\u00e1pido<br \/>\nLlave hexagonal<\/p>\n<p>&nbsp;<\/p>\n<p>&nbsp;<\/p>\n<p>&nbsp;<\/p>\n","protected":false},"excerpt":{"rendered":"<p>La nueva Trumpf N 500 se ha dise\u00f1ado para que pueda cortar en las 4 direcciones, incluso hacia atr\u00e1s. Esto mejora su manejo y es \u00fanico en el mundo en su clase de rendimiento para chapas de acero de hasta 5 mm. Gracias a esta funci\u00f3n, los usuarios pueden tirar de la herramienta hacia ellos [&hellip;]<\/p>\n","protected":false},"featured_media":15598,"template":"","meta":{"_acf_changed":false,"inline_featured_image":false},"product_cat":[682,672],"product_tag":[],"class_list":{"0":"post-15596","1":"product","2":"type-product","3":"status-publish","4":"has-post-thumbnail","6":"brand-trumpf","7":"product_cat-mordisqueador","8":"product_cat-herramientas-electricas","10":"first","11":"instock","12":"sale","13":"taxable","14":"shipping-taxable","15":"purchasable","16":"product-type-simple","17":"add-to-wishlist-before_image"},"acf":[],"yoast_head":"<!-- This site is optimized with the Yoast SEO plugin v27.3 - https:\/\/yoast.com\/product\/yoast-seo-wordpress\/ -->\n<title>Plumilla TRUMPF TruTool N 500 - Wilhelm Hundt GmbH<\/title>\n<meta name=\"robots\" content=\"index, follow, max-snippet:-1, max-image-preview:large, max-video-preview:-1\" \/>\n<link rel=\"canonical\" href=\"https:\/\/hundtgroup.com\/es\/produkt\/plumilla-trumpf-trutool-n-500\/\" \/>\n<meta property=\"og:locale\" content=\"es_ES\" \/>\n<meta property=\"og:type\" content=\"article\" \/>\n<meta property=\"og:title\" content=\"Plumilla TRUMPF TruTool N 500 - Wilhelm Hundt GmbH\" \/>\n<meta property=\"og:description\" content=\"La nueva Trumpf N 500 se ha dise\u00f1ado para que pueda cortar en las 4 direcciones, incluso hacia atr\u00e1s. Esto mejora su manejo y es \u00fanico en el mundo en su clase de rendimiento para chapas de acero de hasta 5 mm. Gracias a esta funci\u00f3n, los usuarios pueden tirar de la herramienta hacia ellos [&hellip;]\" \/>\n<meta property=\"og:url\" content=\"https:\/\/hundtgroup.com\/es\/produkt\/plumilla-trumpf-trutool-n-500\/\" \/>\n<meta property=\"og:site_name\" content=\"Wilhelm Hundt GmbH\" \/>\n<meta property=\"article:modified_time\" content=\"2025-07-29T08:20:08+00:00\" \/>\n<meta property=\"og:image\" content=\"https:\/\/hundtgroup.com\/wp-content\/uploads\/355004-scaled.jpg\" \/>\n\t<meta property=\"og:image:width\" content=\"2560\" \/>\n\t<meta property=\"og:image:height\" content=\"2048\" \/>\n\t<meta property=\"og:image:type\" content=\"image\/jpeg\" \/>\n<meta name=\"twitter:card\" content=\"summary_large_image\" \/>\n<meta name=\"twitter:label1\" content=\"Tiempo de lectura\" \/>\n\t<meta name=\"twitter:data1\" content=\"1 minuto\" \/>\n<script type=\"application\/ld+json\" class=\"yoast-schema-graph\">{\"@context\":\"https:\\\/\\\/schema.org\",\"@graph\":[{\"@type\":\"WebPage\",\"@id\":\"https:\\\/\\\/hundtgroup.com\\\/es\\\/produkt\\\/plumilla-trumpf-trutool-n-500\\\/\",\"url\":\"https:\\\/\\\/hundtgroup.com\\\/es\\\/produkt\\\/plumilla-trumpf-trutool-n-500\\\/\",\"name\":\"Plumilla TRUMPF TruTool N 500 - Wilhelm Hundt GmbH\",\"isPartOf\":{\"@id\":\"https:\\\/\\\/hundtgroup.com\\\/es\\\/#website\"},\"primaryImageOfPage\":{\"@id\":\"https:\\\/\\\/hundtgroup.com\\\/es\\\/produkt\\\/plumilla-trumpf-trutool-n-500\\\/#primaryimage\"},\"image\":{\"@id\":\"https:\\\/\\\/hundtgroup.com\\\/es\\\/produkt\\\/plumilla-trumpf-trutool-n-500\\\/#primaryimage\"},\"thumbnailUrl\":\"https:\\\/\\\/hundtgroup.com\\\/wp-content\\\/uploads\\\/355004-scaled.jpg\",\"datePublished\":\"2022-08-23T13:55:42+00:00\",\"dateModified\":\"2025-07-29T08:20:08+00:00\",\"breadcrumb\":{\"@id\":\"https:\\\/\\\/hundtgroup.com\\\/es\\\/produkt\\\/plumilla-trumpf-trutool-n-500\\\/#breadcrumb\"},\"inLanguage\":\"es\",\"potentialAction\":[{\"@type\":\"ReadAction\",\"target\":[\"https:\\\/\\\/hundtgroup.com\\\/es\\\/produkt\\\/plumilla-trumpf-trutool-n-500\\\/\"]}]},{\"@type\":\"ImageObject\",\"inLanguage\":\"es\",\"@id\":\"https:\\\/\\\/hundtgroup.com\\\/es\\\/produkt\\\/plumilla-trumpf-trutool-n-500\\\/#primaryimage\",\"url\":\"https:\\\/\\\/hundtgroup.com\\\/wp-content\\\/uploads\\\/355004-scaled.jpg\",\"contentUrl\":\"https:\\\/\\\/hundtgroup.com\\\/wp-content\\\/uploads\\\/355004-scaled.jpg\",\"width\":2560,\"height\":2048},{\"@type\":\"BreadcrumbList\",\"@id\":\"https:\\\/\\\/hundtgroup.com\\\/es\\\/produkt\\\/plumilla-trumpf-trutool-n-500\\\/#breadcrumb\",\"itemListElement\":[{\"@type\":\"ListItem\",\"position\":1,\"name\":\"Startseite\",\"item\":\"https:\\\/\\\/hundtgroup.com\\\/es\\\/inicio-nuevo\\\/\"},{\"@type\":\"ListItem\",\"position\":2,\"name\":\"Tienda\",\"item\":\"https:\\\/\\\/hundtgroup.com\\\/tienda\\\/\"},{\"@type\":\"ListItem\",\"position\":3,\"name\":\"Plumilla TRUMPF TruTool N 500\"}]},{\"@type\":\"WebSite\",\"@id\":\"https:\\\/\\\/hundtgroup.com\\\/es\\\/#website\",\"url\":\"https:\\\/\\\/hundtgroup.com\\\/es\\\/\",\"name\":\"Wilhelm Hundt GmbH\",\"description\":\"Tu especialista en m\u00e1quinas y herramientas para la transformaci\u00f3n de la chapa\",\"potentialAction\":[{\"@type\":\"SearchAction\",\"target\":{\"@type\":\"EntryPoint\",\"urlTemplate\":\"https:\\\/\\\/hundtgroup.com\\\/es\\\/?s={search_term_string}\"},\"query-input\":{\"@type\":\"PropertyValueSpecification\",\"valueRequired\":true,\"valueName\":\"search_term_string\"}}],\"inLanguage\":\"es\"}]}<\/script>\n<!-- \/ Yoast SEO plugin. -->","yoast_head_json":{"title":"Plumilla TRUMPF TruTool N 500 - Wilhelm Hundt GmbH","robots":{"index":"index","follow":"follow","max-snippet":"max-snippet:-1","max-image-preview":"max-image-preview:large","max-video-preview":"max-video-preview:-1"},"canonical":"https:\/\/hundtgroup.com\/es\/produkt\/plumilla-trumpf-trutool-n-500\/","og_locale":"es_ES","og_type":"article","og_title":"Plumilla TRUMPF TruTool N 500 - Wilhelm Hundt GmbH","og_description":"La nueva Trumpf N 500 se ha dise\u00f1ado para que pueda cortar en las 4 direcciones, incluso hacia atr\u00e1s. Esto mejora su manejo y es \u00fanico en el mundo en su clase de rendimiento para chapas de acero de hasta 5 mm. Gracias a esta funci\u00f3n, los usuarios pueden tirar de la herramienta hacia ellos [&hellip;]","og_url":"https:\/\/hundtgroup.com\/es\/produkt\/plumilla-trumpf-trutool-n-500\/","og_site_name":"Wilhelm Hundt GmbH","article_modified_time":"2025-07-29T08:20:08+00:00","og_image":[{"width":2560,"height":2048,"url":"https:\/\/hundtgroup.com\/wp-content\/uploads\/355004-scaled.jpg","type":"image\/jpeg"}],"twitter_card":"summary_large_image","twitter_misc":{"Tiempo de lectura":"1 minuto"},"schema":{"@context":"https:\/\/schema.org","@graph":[{"@type":"WebPage","@id":"https:\/\/hundtgroup.com\/es\/produkt\/plumilla-trumpf-trutool-n-500\/","url":"https:\/\/hundtgroup.com\/es\/produkt\/plumilla-trumpf-trutool-n-500\/","name":"Plumilla TRUMPF TruTool N 500 - Wilhelm Hundt GmbH","isPartOf":{"@id":"https:\/\/hundtgroup.com\/es\/#website"},"primaryImageOfPage":{"@id":"https:\/\/hundtgroup.com\/es\/produkt\/plumilla-trumpf-trutool-n-500\/#primaryimage"},"image":{"@id":"https:\/\/hundtgroup.com\/es\/produkt\/plumilla-trumpf-trutool-n-500\/#primaryimage"},"thumbnailUrl":"https:\/\/hundtgroup.com\/wp-content\/uploads\/355004-scaled.jpg","datePublished":"2022-08-23T13:55:42+00:00","dateModified":"2025-07-29T08:20:08+00:00","breadcrumb":{"@id":"https:\/\/hundtgroup.com\/es\/produkt\/plumilla-trumpf-trutool-n-500\/#breadcrumb"},"inLanguage":"es","potentialAction":[{"@type":"ReadAction","target":["https:\/\/hundtgroup.com\/es\/produkt\/plumilla-trumpf-trutool-n-500\/"]}]},{"@type":"ImageObject","inLanguage":"es","@id":"https:\/\/hundtgroup.com\/es\/produkt\/plumilla-trumpf-trutool-n-500\/#primaryimage","url":"https:\/\/hundtgroup.com\/wp-content\/uploads\/355004-scaled.jpg","contentUrl":"https:\/\/hundtgroup.com\/wp-content\/uploads\/355004-scaled.jpg","width":2560,"height":2048},{"@type":"BreadcrumbList","@id":"https:\/\/hundtgroup.com\/es\/produkt\/plumilla-trumpf-trutool-n-500\/#breadcrumb","itemListElement":[{"@type":"ListItem","position":1,"name":"Startseite","item":"https:\/\/hundtgroup.com\/es\/inicio-nuevo\/"},{"@type":"ListItem","position":2,"name":"Tienda","item":"https:\/\/hundtgroup.com\/tienda\/"},{"@type":"ListItem","position":3,"name":"Plumilla TRUMPF TruTool N 500"}]},{"@type":"WebSite","@id":"https:\/\/hundtgroup.com\/es\/#website","url":"https:\/\/hundtgroup.com\/es\/","name":"Wilhelm Hundt GmbH","description":"Tu especialista en m\u00e1quinas y herramientas para la transformaci\u00f3n de la chapa","potentialAction":[{"@type":"SearchAction","target":{"@type":"EntryPoint","urlTemplate":"https:\/\/hundtgroup.com\/es\/?s={search_term_string}"},"query-input":{"@type":"PropertyValueSpecification","valueRequired":true,"valueName":"search_term_string"}}],"inLanguage":"es"}]}},"_links":{"self":[{"href":"https:\/\/hundtgroup.com\/es\/wp-json\/wp\/v2\/product\/15596","targetHints":{"allow":["GET"]}}],"collection":[{"href":"https:\/\/hundtgroup.com\/es\/wp-json\/wp\/v2\/product"}],"about":[{"href":"https:\/\/hundtgroup.com\/es\/wp-json\/wp\/v2\/types\/product"}],"wp:featuredmedia":[{"embeddable":true,"href":"https:\/\/hundtgroup.com\/es\/wp-json\/wp\/v2\/media\/15598"}],"wp:attachment":[{"href":"https:\/\/hundtgroup.com\/es\/wp-json\/wp\/v2\/media?parent=15596"}],"wp:term":[{"taxonomy":"product_cat","embeddable":true,"href":"https:\/\/hundtgroup.com\/es\/wp-json\/wp\/v2\/product_cat?post=15596"},{"taxonomy":"product_tag","embeddable":true,"href":"https:\/\/hundtgroup.com\/es\/wp-json\/wp\/v2\/product_tag?post=15596"}],"curies":[{"name":"wp","href":"https:\/\/api.w.org\/{rel}","templated":true}]}}