{"id":15704,"date":"2022-08-23T15:55:42","date_gmt":"2022-08-23T13:55:42","guid":{"rendered":"https:\/\/hundtgroup.com\/produkt\/trumpf-trutool-s-250-18v-40ah-cizalla-de-chapa-sin-cable\/"},"modified":"2025-07-29T10:13:28","modified_gmt":"2025-07-29T08:13:28","slug":"trumpf-trutool-s-250-18v-40ah-cizalla-de-chapa-sin-cable","status":"publish","type":"product","link":"https:\/\/hundtgroup.com\/es\/produkt\/trumpf-trutool-s-250-18v-40ah-cizalla-de-chapa-sin-cable\/","title":{"rendered":"TRUMPF TruTool S 250 18V 4,0Ah cizalla de chapa sin cable"},"content":{"rendered":"<p>Corta hojas de hasta 2,5 mm.<br \/>\nIdeal para curvas cerradas y dif\u00edciles.<br \/>\nCorte preciso y sin rebabas, sin influencias t\u00e9rmicas, incluso en posici\u00f3n elevada.<br \/>\nVisi\u00f3n clara de la superficie de trabajo y de la l\u00ednea de corte.<br \/>\nBajos costes de funcionamiento gracias a la opci\u00f3n de inversi\u00f3n cu\u00e1druple de la hoja.<br \/>\nEsfuerzo m\u00ednimo gracias a la geometr\u00eda de corte \u00f3ptima.<br \/>\nHasta un 60% m\u00e1s de potencia de la bater\u00eda gracias a la tecnolog\u00eda PowerHead y al motor sin escobillas.<br \/>\nEmpu\u00f1adura suave para trabajar con pocas vibraciones.<\/p>\n<p>Rendimiento de funcionamiento en metros por carga de bater\u00eda (acero dulce 400 N\/mm\u00b2):<br \/>\n2,5 mm: con 4 Ah: 78 metros<br \/>\n1,5 mm: con 4 Ah: 130 metros<\/p>\n","protected":false},"excerpt":{"rendered":"<p>Corta hojas de hasta 2,5 mm. Ideal para curvas cerradas y dif\u00edciles. Corte preciso y sin rebabas, sin influencias t\u00e9rmicas, incluso en posici\u00f3n elevada. Visi\u00f3n clara de la superficie de trabajo y de la l\u00ednea de corte. Bajos costes de funcionamiento gracias a la opci\u00f3n de inversi\u00f3n cu\u00e1druple de la hoja. Esfuerzo m\u00ednimo gracias a [&hellip;]<\/p>\n","protected":false},"featured_media":15705,"template":"","meta":{"_acf_changed":false,"inline_featured_image":false},"product_cat":[662,713],"product_tag":[],"class_list":{"0":"post-15704","1":"product","2":"type-product","3":"status-publish","4":"has-post-thumbnail","6":"brand-trumpf","7":"product_cat-herramientas-a-bateria","8":"product_cat-tijeras-de-hojalatero-es","10":"first","11":"instock","12":"sale","13":"taxable","14":"shipping-taxable","15":"purchasable","16":"product-type-simple","17":"add-to-wishlist-before_image"},"acf":[],"yoast_head":"<!-- This site is optimized with the Yoast SEO plugin v27.3 - https:\/\/yoast.com\/product\/yoast-seo-wordpress\/ -->\n<title>TRUMPF TruTool S 250 18V 4,0Ah cizalla de chapa sin cable - Wilhelm Hundt GmbH<\/title>\n<meta name=\"robots\" content=\"index, follow, max-snippet:-1, max-image-preview:large, max-video-preview:-1\" \/>\n<link rel=\"canonical\" href=\"https:\/\/hundtgroup.com\/es\/produkt\/trumpf-trutool-s-250-18v-40ah-cizalla-de-chapa-sin-cable\/\" \/>\n<meta property=\"og:locale\" content=\"es_ES\" \/>\n<meta property=\"og:type\" content=\"article\" \/>\n<meta property=\"og:title\" content=\"TRUMPF TruTool S 250 18V 4,0Ah cizalla de chapa sin cable - Wilhelm Hundt GmbH\" \/>\n<meta property=\"og:description\" content=\"Corta hojas de hasta 2,5 mm. Ideal para curvas cerradas y dif\u00edciles. Corte preciso y sin rebabas, sin influencias t\u00e9rmicas, incluso en posici\u00f3n elevada. Visi\u00f3n clara de la superficie de trabajo y de la l\u00ednea de corte. Bajos costes de funcionamiento gracias a la opci\u00f3n de inversi\u00f3n cu\u00e1druple de la hoja. Esfuerzo m\u00ednimo gracias a [&hellip;]\" \/>\n<meta property=\"og:url\" content=\"https:\/\/hundtgroup.com\/es\/produkt\/trumpf-trutool-s-250-18v-40ah-cizalla-de-chapa-sin-cable\/\" \/>\n<meta property=\"og:site_name\" content=\"Wilhelm Hundt GmbH\" \/>\n<meta property=\"article:modified_time\" content=\"2025-07-29T08:13:28+00:00\" \/>\n<meta property=\"og:image\" content=\"https:\/\/hundtgroup.com\/wp-content\/uploads\/351119-1-scaled.jpg\" \/>\n\t<meta property=\"og:image:width\" content=\"2560\" \/>\n\t<meta property=\"og:image:height\" content=\"2194\" \/>\n\t<meta property=\"og:image:type\" content=\"image\/jpeg\" \/>\n<meta name=\"twitter:card\" content=\"summary_large_image\" \/>\n<meta name=\"twitter:label1\" content=\"Tiempo de lectura\" \/>\n\t<meta name=\"twitter:data1\" content=\"1 minuto\" \/>\n<script type=\"application\/ld+json\" class=\"yoast-schema-graph\">{\"@context\":\"https:\\\/\\\/schema.org\",\"@graph\":[{\"@type\":\"WebPage\",\"@id\":\"https:\\\/\\\/hundtgroup.com\\\/es\\\/produkt\\\/trumpf-trutool-s-250-18v-40ah-cizalla-de-chapa-sin-cable\\\/\",\"url\":\"https:\\\/\\\/hundtgroup.com\\\/es\\\/produkt\\\/trumpf-trutool-s-250-18v-40ah-cizalla-de-chapa-sin-cable\\\/\",\"name\":\"TRUMPF TruTool S 250 18V 4,0Ah cizalla de chapa sin cable - Wilhelm Hundt GmbH\",\"isPartOf\":{\"@id\":\"https:\\\/\\\/hundtgroup.com\\\/es\\\/#website\"},\"primaryImageOfPage\":{\"@id\":\"https:\\\/\\\/hundtgroup.com\\\/es\\\/produkt\\\/trumpf-trutool-s-250-18v-40ah-cizalla-de-chapa-sin-cable\\\/#primaryimage\"},\"image\":{\"@id\":\"https:\\\/\\\/hundtgroup.com\\\/es\\\/produkt\\\/trumpf-trutool-s-250-18v-40ah-cizalla-de-chapa-sin-cable\\\/#primaryimage\"},\"thumbnailUrl\":\"https:\\\/\\\/hundtgroup.com\\\/wp-content\\\/uploads\\\/351119-1-scaled.jpg\",\"datePublished\":\"2022-08-23T13:55:42+00:00\",\"dateModified\":\"2025-07-29T08:13:28+00:00\",\"breadcrumb\":{\"@id\":\"https:\\\/\\\/hundtgroup.com\\\/es\\\/produkt\\\/trumpf-trutool-s-250-18v-40ah-cizalla-de-chapa-sin-cable\\\/#breadcrumb\"},\"inLanguage\":\"es\",\"potentialAction\":[{\"@type\":\"ReadAction\",\"target\":[\"https:\\\/\\\/hundtgroup.com\\\/es\\\/produkt\\\/trumpf-trutool-s-250-18v-40ah-cizalla-de-chapa-sin-cable\\\/\"]}]},{\"@type\":\"ImageObject\",\"inLanguage\":\"es\",\"@id\":\"https:\\\/\\\/hundtgroup.com\\\/es\\\/produkt\\\/trumpf-trutool-s-250-18v-40ah-cizalla-de-chapa-sin-cable\\\/#primaryimage\",\"url\":\"https:\\\/\\\/hundtgroup.com\\\/wp-content\\\/uploads\\\/351119-1-scaled.jpg\",\"contentUrl\":\"https:\\\/\\\/hundtgroup.com\\\/wp-content\\\/uploads\\\/351119-1-scaled.jpg\",\"width\":2560,\"height\":2194},{\"@type\":\"BreadcrumbList\",\"@id\":\"https:\\\/\\\/hundtgroup.com\\\/es\\\/produkt\\\/trumpf-trutool-s-250-18v-40ah-cizalla-de-chapa-sin-cable\\\/#breadcrumb\",\"itemListElement\":[{\"@type\":\"ListItem\",\"position\":1,\"name\":\"Startseite\",\"item\":\"https:\\\/\\\/hundtgroup.com\\\/es\\\/inicio-nuevo\\\/\"},{\"@type\":\"ListItem\",\"position\":2,\"name\":\"Tienda\",\"item\":\"https:\\\/\\\/hundtgroup.com\\\/tienda\\\/\"},{\"@type\":\"ListItem\",\"position\":3,\"name\":\"TRUMPF TruTool S 250 18V 4,0Ah cizalla de chapa sin cable\"}]},{\"@type\":\"WebSite\",\"@id\":\"https:\\\/\\\/hundtgroup.com\\\/es\\\/#website\",\"url\":\"https:\\\/\\\/hundtgroup.com\\\/es\\\/\",\"name\":\"Wilhelm Hundt GmbH\",\"description\":\"Tu especialista en m\u00e1quinas y herramientas para la transformaci\u00f3n de la chapa\",\"potentialAction\":[{\"@type\":\"SearchAction\",\"target\":{\"@type\":\"EntryPoint\",\"urlTemplate\":\"https:\\\/\\\/hundtgroup.com\\\/es\\\/?s={search_term_string}\"},\"query-input\":{\"@type\":\"PropertyValueSpecification\",\"valueRequired\":true,\"valueName\":\"search_term_string\"}}],\"inLanguage\":\"es\"}]}<\/script>\n<!-- \/ Yoast SEO plugin. -->","yoast_head_json":{"title":"TRUMPF TruTool S 250 18V 4,0Ah cizalla de chapa sin cable - Wilhelm Hundt GmbH","robots":{"index":"index","follow":"follow","max-snippet":"max-snippet:-1","max-image-preview":"max-image-preview:large","max-video-preview":"max-video-preview:-1"},"canonical":"https:\/\/hundtgroup.com\/es\/produkt\/trumpf-trutool-s-250-18v-40ah-cizalla-de-chapa-sin-cable\/","og_locale":"es_ES","og_type":"article","og_title":"TRUMPF TruTool S 250 18V 4,0Ah cizalla de chapa sin cable - Wilhelm Hundt GmbH","og_description":"Corta hojas de hasta 2,5 mm. Ideal para curvas cerradas y dif\u00edciles. Corte preciso y sin rebabas, sin influencias t\u00e9rmicas, incluso en posici\u00f3n elevada. Visi\u00f3n clara de la superficie de trabajo y de la l\u00ednea de corte. Bajos costes de funcionamiento gracias a la opci\u00f3n de inversi\u00f3n cu\u00e1druple de la hoja. Esfuerzo m\u00ednimo gracias a [&hellip;]","og_url":"https:\/\/hundtgroup.com\/es\/produkt\/trumpf-trutool-s-250-18v-40ah-cizalla-de-chapa-sin-cable\/","og_site_name":"Wilhelm Hundt GmbH","article_modified_time":"2025-07-29T08:13:28+00:00","og_image":[{"width":2560,"height":2194,"url":"https:\/\/hundtgroup.com\/wp-content\/uploads\/351119-1-scaled.jpg","type":"image\/jpeg"}],"twitter_card":"summary_large_image","twitter_misc":{"Tiempo de lectura":"1 minuto"},"schema":{"@context":"https:\/\/schema.org","@graph":[{"@type":"WebPage","@id":"https:\/\/hundtgroup.com\/es\/produkt\/trumpf-trutool-s-250-18v-40ah-cizalla-de-chapa-sin-cable\/","url":"https:\/\/hundtgroup.com\/es\/produkt\/trumpf-trutool-s-250-18v-40ah-cizalla-de-chapa-sin-cable\/","name":"TRUMPF TruTool S 250 18V 4,0Ah cizalla de chapa sin cable - Wilhelm Hundt GmbH","isPartOf":{"@id":"https:\/\/hundtgroup.com\/es\/#website"},"primaryImageOfPage":{"@id":"https:\/\/hundtgroup.com\/es\/produkt\/trumpf-trutool-s-250-18v-40ah-cizalla-de-chapa-sin-cable\/#primaryimage"},"image":{"@id":"https:\/\/hundtgroup.com\/es\/produkt\/trumpf-trutool-s-250-18v-40ah-cizalla-de-chapa-sin-cable\/#primaryimage"},"thumbnailUrl":"https:\/\/hundtgroup.com\/wp-content\/uploads\/351119-1-scaled.jpg","datePublished":"2022-08-23T13:55:42+00:00","dateModified":"2025-07-29T08:13:28+00:00","breadcrumb":{"@id":"https:\/\/hundtgroup.com\/es\/produkt\/trumpf-trutool-s-250-18v-40ah-cizalla-de-chapa-sin-cable\/#breadcrumb"},"inLanguage":"es","potentialAction":[{"@type":"ReadAction","target":["https:\/\/hundtgroup.com\/es\/produkt\/trumpf-trutool-s-250-18v-40ah-cizalla-de-chapa-sin-cable\/"]}]},{"@type":"ImageObject","inLanguage":"es","@id":"https:\/\/hundtgroup.com\/es\/produkt\/trumpf-trutool-s-250-18v-40ah-cizalla-de-chapa-sin-cable\/#primaryimage","url":"https:\/\/hundtgroup.com\/wp-content\/uploads\/351119-1-scaled.jpg","contentUrl":"https:\/\/hundtgroup.com\/wp-content\/uploads\/351119-1-scaled.jpg","width":2560,"height":2194},{"@type":"BreadcrumbList","@id":"https:\/\/hundtgroup.com\/es\/produkt\/trumpf-trutool-s-250-18v-40ah-cizalla-de-chapa-sin-cable\/#breadcrumb","itemListElement":[{"@type":"ListItem","position":1,"name":"Startseite","item":"https:\/\/hundtgroup.com\/es\/inicio-nuevo\/"},{"@type":"ListItem","position":2,"name":"Tienda","item":"https:\/\/hundtgroup.com\/tienda\/"},{"@type":"ListItem","position":3,"name":"TRUMPF TruTool S 250 18V 4,0Ah cizalla de chapa sin cable"}]},{"@type":"WebSite","@id":"https:\/\/hundtgroup.com\/es\/#website","url":"https:\/\/hundtgroup.com\/es\/","name":"Wilhelm Hundt GmbH","description":"Tu especialista en m\u00e1quinas y herramientas para la transformaci\u00f3n de la chapa","potentialAction":[{"@type":"SearchAction","target":{"@type":"EntryPoint","urlTemplate":"https:\/\/hundtgroup.com\/es\/?s={search_term_string}"},"query-input":{"@type":"PropertyValueSpecification","valueRequired":true,"valueName":"search_term_string"}}],"inLanguage":"es"}]}},"_links":{"self":[{"href":"https:\/\/hundtgroup.com\/es\/wp-json\/wp\/v2\/product\/15704","targetHints":{"allow":["GET"]}}],"collection":[{"href":"https:\/\/hundtgroup.com\/es\/wp-json\/wp\/v2\/product"}],"about":[{"href":"https:\/\/hundtgroup.com\/es\/wp-json\/wp\/v2\/types\/product"}],"wp:featuredmedia":[{"embeddable":true,"href":"https:\/\/hundtgroup.com\/es\/wp-json\/wp\/v2\/media\/15705"}],"wp:attachment":[{"href":"https:\/\/hundtgroup.com\/es\/wp-json\/wp\/v2\/media?parent=15704"}],"wp:term":[{"taxonomy":"product_cat","embeddable":true,"href":"https:\/\/hundtgroup.com\/es\/wp-json\/wp\/v2\/product_cat?post=15704"},{"taxonomy":"product_tag","embeddable":true,"href":"https:\/\/hundtgroup.com\/es\/wp-json\/wp\/v2\/product_tag?post=15704"}],"curies":[{"name":"wp","href":"https:\/\/api.w.org\/{rel}","templated":true}]}}