{"id":15746,"date":"2022-08-23T15:55:42","date_gmt":"2022-08-23T13:55:42","guid":{"rendered":"https:\/\/hundtgroup.com\/produkt\/trumpf-trutool-c-250-18v-40ah-cizalla-sin-cable\/"},"modified":"2025-07-29T10:13:37","modified_gmt":"2025-07-29T08:13:37","slug":"trumpf-trutool-c-250-18v-40ah-cizalla-sin-cable","status":"publish","type":"product","link":"https:\/\/hundtgroup.com\/es\/produkt\/trumpf-trutool-c-250-18v-40ah-cizalla-sin-cable\/","title":{"rendered":"TRUMPF TruTool C 250 18V 4,0Ah cizalla sin cable"},"content":{"rendered":"<p>Corta chapas de hasta 2,5 mm<br \/>\nPerfecta para cortes interiores, muescas y curvas.<br \/>\nCorte sin torsi\u00f3n, calidad de corte excepcional.<br \/>\nEl rompevirutas integrado puede manejarse con una sola mano.<br \/>\nVelocidad de trabajo \u00f3ptima gracias al regulador de velocidad.<br \/>\nHasta un 60% m\u00e1s de bater\u00eda gracias a la tecnolog\u00eda PowerHead y al motor sin escobillas.<br \/>\nEmpu\u00f1adura blanda para trabajar con pocas vibraciones.<\/p>\n<p>Rendimiento de trabajo en metros por carga de bater\u00eda (acero dulce 400 N\/mm\u00b2):<br \/>\n2,5 mm: con 4 Ah: 32 metros<br \/>\n1,5 mm: con 4 Ah: 105 metros<\/p>\n","protected":false},"excerpt":{"rendered":"<p>Corta chapas de hasta 2,5 mm Perfecta para cortes interiores, muescas y curvas. Corte sin torsi\u00f3n, calidad de corte excepcional. El rompevirutas integrado puede manejarse con una sola mano. Velocidad de trabajo \u00f3ptima gracias al regulador de velocidad. Hasta un 60% m\u00e1s de bater\u00eda gracias a la tecnolog\u00eda PowerHead y al motor sin escobillas. Empu\u00f1adura [&hellip;]<\/p>\n","protected":false},"featured_media":15747,"template":"","meta":{"_acf_changed":false,"inline_featured_image":false},"product_cat":[662,713],"product_tag":[],"class_list":{"0":"post-15746","1":"product","2":"type-product","3":"status-publish","4":"has-post-thumbnail","6":"brand-trumpf","7":"product_cat-herramientas-a-bateria","8":"product_cat-tijeras-de-hojalatero-es","10":"first","11":"instock","12":"sale","13":"taxable","14":"shipping-taxable","15":"purchasable","16":"product-type-simple","17":"add-to-wishlist-before_image"},"acf":[],"yoast_head":"<!-- This site is optimized with the Yoast SEO plugin v27.3 - https:\/\/yoast.com\/product\/yoast-seo-wordpress\/ -->\n<title>TRUMPF TruTool C 250 18V 4,0Ah cizalla sin cable - Wilhelm Hundt GmbH<\/title>\n<meta name=\"robots\" content=\"index, follow, max-snippet:-1, max-image-preview:large, max-video-preview:-1\" \/>\n<link rel=\"canonical\" href=\"https:\/\/hundtgroup.com\/es\/produkt\/trumpf-trutool-c-250-18v-40ah-cizalla-sin-cable\/\" \/>\n<meta property=\"og:locale\" content=\"es_ES\" \/>\n<meta property=\"og:type\" content=\"article\" \/>\n<meta property=\"og:title\" content=\"TRUMPF TruTool C 250 18V 4,0Ah cizalla sin cable - Wilhelm Hundt GmbH\" \/>\n<meta property=\"og:description\" content=\"Corta chapas de hasta 2,5 mm Perfecta para cortes interiores, muescas y curvas. Corte sin torsi\u00f3n, calidad de corte excepcional. El rompevirutas integrado puede manejarse con una sola mano. Velocidad de trabajo \u00f3ptima gracias al regulador de velocidad. Hasta un 60% m\u00e1s de bater\u00eda gracias a la tecnolog\u00eda PowerHead y al motor sin escobillas. Empu\u00f1adura [&hellip;]\" \/>\n<meta property=\"og:url\" content=\"https:\/\/hundtgroup.com\/es\/produkt\/trumpf-trutool-c-250-18v-40ah-cizalla-sin-cable\/\" \/>\n<meta property=\"og:site_name\" content=\"Wilhelm Hundt GmbH\" \/>\n<meta property=\"article:modified_time\" content=\"2025-07-29T08:13:37+00:00\" \/>\n<meta property=\"og:image\" content=\"https:\/\/hundtgroup.com\/wp-content\/uploads\/351112-1-scaled.jpg\" \/>\n\t<meta property=\"og:image:width\" content=\"2560\" \/>\n\t<meta property=\"og:image:height\" content=\"1920\" \/>\n\t<meta property=\"og:image:type\" content=\"image\/jpeg\" \/>\n<meta name=\"twitter:card\" content=\"summary_large_image\" \/>\n<script type=\"application\/ld+json\" class=\"yoast-schema-graph\">{\"@context\":\"https:\\\/\\\/schema.org\",\"@graph\":[{\"@type\":\"WebPage\",\"@id\":\"https:\\\/\\\/hundtgroup.com\\\/es\\\/produkt\\\/trumpf-trutool-c-250-18v-40ah-cizalla-sin-cable\\\/\",\"url\":\"https:\\\/\\\/hundtgroup.com\\\/es\\\/produkt\\\/trumpf-trutool-c-250-18v-40ah-cizalla-sin-cable\\\/\",\"name\":\"TRUMPF TruTool C 250 18V 4,0Ah cizalla sin cable - Wilhelm Hundt GmbH\",\"isPartOf\":{\"@id\":\"https:\\\/\\\/hundtgroup.com\\\/es\\\/#website\"},\"primaryImageOfPage\":{\"@id\":\"https:\\\/\\\/hundtgroup.com\\\/es\\\/produkt\\\/trumpf-trutool-c-250-18v-40ah-cizalla-sin-cable\\\/#primaryimage\"},\"image\":{\"@id\":\"https:\\\/\\\/hundtgroup.com\\\/es\\\/produkt\\\/trumpf-trutool-c-250-18v-40ah-cizalla-sin-cable\\\/#primaryimage\"},\"thumbnailUrl\":\"https:\\\/\\\/hundtgroup.com\\\/wp-content\\\/uploads\\\/351112-1-scaled.jpg\",\"datePublished\":\"2022-08-23T13:55:42+00:00\",\"dateModified\":\"2025-07-29T08:13:37+00:00\",\"breadcrumb\":{\"@id\":\"https:\\\/\\\/hundtgroup.com\\\/es\\\/produkt\\\/trumpf-trutool-c-250-18v-40ah-cizalla-sin-cable\\\/#breadcrumb\"},\"inLanguage\":\"es\",\"potentialAction\":[{\"@type\":\"ReadAction\",\"target\":[\"https:\\\/\\\/hundtgroup.com\\\/es\\\/produkt\\\/trumpf-trutool-c-250-18v-40ah-cizalla-sin-cable\\\/\"]}]},{\"@type\":\"ImageObject\",\"inLanguage\":\"es\",\"@id\":\"https:\\\/\\\/hundtgroup.com\\\/es\\\/produkt\\\/trumpf-trutool-c-250-18v-40ah-cizalla-sin-cable\\\/#primaryimage\",\"url\":\"https:\\\/\\\/hundtgroup.com\\\/wp-content\\\/uploads\\\/351112-1-scaled.jpg\",\"contentUrl\":\"https:\\\/\\\/hundtgroup.com\\\/wp-content\\\/uploads\\\/351112-1-scaled.jpg\",\"width\":2560,\"height\":1920},{\"@type\":\"BreadcrumbList\",\"@id\":\"https:\\\/\\\/hundtgroup.com\\\/es\\\/produkt\\\/trumpf-trutool-c-250-18v-40ah-cizalla-sin-cable\\\/#breadcrumb\",\"itemListElement\":[{\"@type\":\"ListItem\",\"position\":1,\"name\":\"Startseite\",\"item\":\"https:\\\/\\\/hundtgroup.com\\\/es\\\/inicio-nuevo\\\/\"},{\"@type\":\"ListItem\",\"position\":2,\"name\":\"Tienda\",\"item\":\"https:\\\/\\\/hundtgroup.com\\\/tienda\\\/\"},{\"@type\":\"ListItem\",\"position\":3,\"name\":\"TRUMPF TruTool C 250 18V 4,0Ah cizalla sin cable\"}]},{\"@type\":\"WebSite\",\"@id\":\"https:\\\/\\\/hundtgroup.com\\\/es\\\/#website\",\"url\":\"https:\\\/\\\/hundtgroup.com\\\/es\\\/\",\"name\":\"Wilhelm Hundt GmbH\",\"description\":\"Tu especialista en m\u00e1quinas y herramientas para la transformaci\u00f3n de la chapa\",\"potentialAction\":[{\"@type\":\"SearchAction\",\"target\":{\"@type\":\"EntryPoint\",\"urlTemplate\":\"https:\\\/\\\/hundtgroup.com\\\/es\\\/?s={search_term_string}\"},\"query-input\":{\"@type\":\"PropertyValueSpecification\",\"valueRequired\":true,\"valueName\":\"search_term_string\"}}],\"inLanguage\":\"es\"}]}<\/script>\n<!-- \/ Yoast SEO plugin. -->","yoast_head_json":{"title":"TRUMPF TruTool C 250 18V 4,0Ah cizalla sin cable - Wilhelm Hundt GmbH","robots":{"index":"index","follow":"follow","max-snippet":"max-snippet:-1","max-image-preview":"max-image-preview:large","max-video-preview":"max-video-preview:-1"},"canonical":"https:\/\/hundtgroup.com\/es\/produkt\/trumpf-trutool-c-250-18v-40ah-cizalla-sin-cable\/","og_locale":"es_ES","og_type":"article","og_title":"TRUMPF TruTool C 250 18V 4,0Ah cizalla sin cable - Wilhelm Hundt GmbH","og_description":"Corta chapas de hasta 2,5 mm Perfecta para cortes interiores, muescas y curvas. Corte sin torsi\u00f3n, calidad de corte excepcional. El rompevirutas integrado puede manejarse con una sola mano. Velocidad de trabajo \u00f3ptima gracias al regulador de velocidad. Hasta un 60% m\u00e1s de bater\u00eda gracias a la tecnolog\u00eda PowerHead y al motor sin escobillas. Empu\u00f1adura [&hellip;]","og_url":"https:\/\/hundtgroup.com\/es\/produkt\/trumpf-trutool-c-250-18v-40ah-cizalla-sin-cable\/","og_site_name":"Wilhelm Hundt GmbH","article_modified_time":"2025-07-29T08:13:37+00:00","og_image":[{"width":2560,"height":1920,"url":"https:\/\/hundtgroup.com\/wp-content\/uploads\/351112-1-scaled.jpg","type":"image\/jpeg"}],"twitter_card":"summary_large_image","schema":{"@context":"https:\/\/schema.org","@graph":[{"@type":"WebPage","@id":"https:\/\/hundtgroup.com\/es\/produkt\/trumpf-trutool-c-250-18v-40ah-cizalla-sin-cable\/","url":"https:\/\/hundtgroup.com\/es\/produkt\/trumpf-trutool-c-250-18v-40ah-cizalla-sin-cable\/","name":"TRUMPF TruTool C 250 18V 4,0Ah cizalla sin cable - Wilhelm Hundt GmbH","isPartOf":{"@id":"https:\/\/hundtgroup.com\/es\/#website"},"primaryImageOfPage":{"@id":"https:\/\/hundtgroup.com\/es\/produkt\/trumpf-trutool-c-250-18v-40ah-cizalla-sin-cable\/#primaryimage"},"image":{"@id":"https:\/\/hundtgroup.com\/es\/produkt\/trumpf-trutool-c-250-18v-40ah-cizalla-sin-cable\/#primaryimage"},"thumbnailUrl":"https:\/\/hundtgroup.com\/wp-content\/uploads\/351112-1-scaled.jpg","datePublished":"2022-08-23T13:55:42+00:00","dateModified":"2025-07-29T08:13:37+00:00","breadcrumb":{"@id":"https:\/\/hundtgroup.com\/es\/produkt\/trumpf-trutool-c-250-18v-40ah-cizalla-sin-cable\/#breadcrumb"},"inLanguage":"es","potentialAction":[{"@type":"ReadAction","target":["https:\/\/hundtgroup.com\/es\/produkt\/trumpf-trutool-c-250-18v-40ah-cizalla-sin-cable\/"]}]},{"@type":"ImageObject","inLanguage":"es","@id":"https:\/\/hundtgroup.com\/es\/produkt\/trumpf-trutool-c-250-18v-40ah-cizalla-sin-cable\/#primaryimage","url":"https:\/\/hundtgroup.com\/wp-content\/uploads\/351112-1-scaled.jpg","contentUrl":"https:\/\/hundtgroup.com\/wp-content\/uploads\/351112-1-scaled.jpg","width":2560,"height":1920},{"@type":"BreadcrumbList","@id":"https:\/\/hundtgroup.com\/es\/produkt\/trumpf-trutool-c-250-18v-40ah-cizalla-sin-cable\/#breadcrumb","itemListElement":[{"@type":"ListItem","position":1,"name":"Startseite","item":"https:\/\/hundtgroup.com\/es\/inicio-nuevo\/"},{"@type":"ListItem","position":2,"name":"Tienda","item":"https:\/\/hundtgroup.com\/tienda\/"},{"@type":"ListItem","position":3,"name":"TRUMPF TruTool C 250 18V 4,0Ah cizalla sin cable"}]},{"@type":"WebSite","@id":"https:\/\/hundtgroup.com\/es\/#website","url":"https:\/\/hundtgroup.com\/es\/","name":"Wilhelm Hundt GmbH","description":"Tu especialista en m\u00e1quinas y herramientas para la transformaci\u00f3n de la chapa","potentialAction":[{"@type":"SearchAction","target":{"@type":"EntryPoint","urlTemplate":"https:\/\/hundtgroup.com\/es\/?s={search_term_string}"},"query-input":{"@type":"PropertyValueSpecification","valueRequired":true,"valueName":"search_term_string"}}],"inLanguage":"es"}]}},"_links":{"self":[{"href":"https:\/\/hundtgroup.com\/es\/wp-json\/wp\/v2\/product\/15746","targetHints":{"allow":["GET"]}}],"collection":[{"href":"https:\/\/hundtgroup.com\/es\/wp-json\/wp\/v2\/product"}],"about":[{"href":"https:\/\/hundtgroup.com\/es\/wp-json\/wp\/v2\/types\/product"}],"wp:featuredmedia":[{"embeddable":true,"href":"https:\/\/hundtgroup.com\/es\/wp-json\/wp\/v2\/media\/15747"}],"wp:attachment":[{"href":"https:\/\/hundtgroup.com\/es\/wp-json\/wp\/v2\/media?parent=15746"}],"wp:term":[{"taxonomy":"product_cat","embeddable":true,"href":"https:\/\/hundtgroup.com\/es\/wp-json\/wp\/v2\/product_cat?post=15746"},{"taxonomy":"product_tag","embeddable":true,"href":"https:\/\/hundtgroup.com\/es\/wp-json\/wp\/v2\/product_tag?post=15746"}],"curies":[{"name":"wp","href":"https:\/\/api.w.org\/{rel}","templated":true}]}}