{"id":18748,"date":"2025-06-18T18:30:57","date_gmt":"2025-06-18T16:30:57","guid":{"rendered":"https:\/\/hundtgroup.com\/produkt\/dset15-juego-de-tijeras-ideal\/"},"modified":"2025-08-01T13:14:34","modified_gmt":"2025-08-01T11:14:34","slug":"dset15-juego-de-tijeras-ideal","status":"publish","type":"product","link":"https:\/\/hundtgroup.com\/es\/produkt\/dset15-juego-de-tijeras-ideal\/","title":{"rendered":"DSET15 Juego de tijeras Ideal"},"content":{"rendered":"<p>Con transmisi\u00f3n por palanca.<br \/>\nPara cortes rectos y curvos continuos.<br \/>\nExtremadamente maniobrable gracias a la geometr\u00eda especial del cabezal de corte &#8211; ideal para radios especialmente peque\u00f1os y zonas de dif\u00edcil acceso.<br \/>\nPr\u00e1ctica combinaci\u00f3n de bloqueo y parada.<br \/>\nEmpu\u00f1adura ERGO para trabajar sin fatiga.<br \/>\nEquipamiento: D15A, D15AL, D15S en bolsa de rodillos<\/p>\n","protected":false},"excerpt":{"rendered":"<p>Con transmisi\u00f3n por palanca. Para cortes rectos y curvos continuos. Extremadamente maniobrable gracias a la geometr\u00eda especial del cabezal de corte &#8211; ideal para radios especialmente peque\u00f1os y zonas de dif\u00edcil acceso. Pr\u00e1ctica combinaci\u00f3n de bloqueo y parada. Empu\u00f1adura ERGO para trabajar sin fatiga. Equipamiento: D15A, D15AL, D15S en bolsa de rodillos<\/p>\n","protected":false},"featured_media":18750,"template":"","meta":{"_acf_changed":false,"inline_featured_image":false},"product_cat":[1754,1827,1905],"product_tag":[],"class_list":{"0":"post-18748","1":"product","2":"type-product","3":"status-publish","4":"has-post-thumbnail","6":"brand-erdi","7":"product_cat-herramientas-manuales","8":"product_cat-herramientas-de-corte","9":"product_cat-tijeras-ideales-es","11":"first","12":"instock","13":"taxable","14":"shipping-taxable","15":"purchasable","16":"product-type-simple","17":"add-to-wishlist-before_image"},"acf":[],"yoast_head":"<!-- This site is optimized with the Yoast SEO plugin v27.3 - https:\/\/yoast.com\/product\/yoast-seo-wordpress\/ -->\n<title>DSET15 Juego de tijeras Ideal - Wilhelm Hundt GmbH<\/title>\n<meta name=\"robots\" content=\"index, follow, max-snippet:-1, max-image-preview:large, max-video-preview:-1\" \/>\n<link rel=\"canonical\" href=\"https:\/\/hundtgroup.com\/es\/produkt\/dset15-juego-de-tijeras-ideal\/\" \/>\n<meta property=\"og:locale\" content=\"es_ES\" \/>\n<meta property=\"og:type\" content=\"article\" \/>\n<meta property=\"og:title\" content=\"DSET15 Juego de tijeras Ideal - Wilhelm Hundt GmbH\" \/>\n<meta property=\"og:description\" content=\"Con transmisi\u00f3n por palanca. Para cortes rectos y curvos continuos. Extremadamente maniobrable gracias a la geometr\u00eda especial del cabezal de corte &#8211; ideal para radios especialmente peque\u00f1os y zonas de dif\u00edcil acceso. Pr\u00e1ctica combinaci\u00f3n de bloqueo y parada. Empu\u00f1adura ERGO para trabajar sin fatiga. Equipamiento: D15A, D15AL, D15S en bolsa de rodillos\" \/>\n<meta property=\"og:url\" content=\"https:\/\/hundtgroup.com\/es\/produkt\/dset15-juego-de-tijeras-ideal\/\" \/>\n<meta property=\"og:site_name\" content=\"Wilhelm Hundt GmbH\" \/>\n<meta property=\"article:modified_time\" content=\"2025-08-01T11:14:34+00:00\" \/>\n<meta property=\"og:image\" content=\"https:\/\/hundtgroup.com\/wp-content\/uploads\/400166.jpg\" \/>\n\t<meta property=\"og:image:width\" content=\"300\" \/>\n\t<meta property=\"og:image:height\" content=\"334\" \/>\n\t<meta property=\"og:image:type\" content=\"image\/jpeg\" \/>\n<meta name=\"twitter:card\" content=\"summary_large_image\" \/>\n<script type=\"application\/ld+json\" class=\"yoast-schema-graph\">{\"@context\":\"https:\\\/\\\/schema.org\",\"@graph\":[{\"@type\":\"WebPage\",\"@id\":\"https:\\\/\\\/hundtgroup.com\\\/es\\\/produkt\\\/dset15-juego-de-tijeras-ideal\\\/\",\"url\":\"https:\\\/\\\/hundtgroup.com\\\/es\\\/produkt\\\/dset15-juego-de-tijeras-ideal\\\/\",\"name\":\"DSET15 Juego de tijeras Ideal - Wilhelm Hundt GmbH\",\"isPartOf\":{\"@id\":\"https:\\\/\\\/hundtgroup.com\\\/es\\\/#website\"},\"primaryImageOfPage\":{\"@id\":\"https:\\\/\\\/hundtgroup.com\\\/es\\\/produkt\\\/dset15-juego-de-tijeras-ideal\\\/#primaryimage\"},\"image\":{\"@id\":\"https:\\\/\\\/hundtgroup.com\\\/es\\\/produkt\\\/dset15-juego-de-tijeras-ideal\\\/#primaryimage\"},\"thumbnailUrl\":\"https:\\\/\\\/hundtgroup.com\\\/wp-content\\\/uploads\\\/400166.jpg\",\"datePublished\":\"2025-06-18T16:30:57+00:00\",\"dateModified\":\"2025-08-01T11:14:34+00:00\",\"breadcrumb\":{\"@id\":\"https:\\\/\\\/hundtgroup.com\\\/es\\\/produkt\\\/dset15-juego-de-tijeras-ideal\\\/#breadcrumb\"},\"inLanguage\":\"es\",\"potentialAction\":[{\"@type\":\"ReadAction\",\"target\":[\"https:\\\/\\\/hundtgroup.com\\\/es\\\/produkt\\\/dset15-juego-de-tijeras-ideal\\\/\"]}]},{\"@type\":\"ImageObject\",\"inLanguage\":\"es\",\"@id\":\"https:\\\/\\\/hundtgroup.com\\\/es\\\/produkt\\\/dset15-juego-de-tijeras-ideal\\\/#primaryimage\",\"url\":\"https:\\\/\\\/hundtgroup.com\\\/wp-content\\\/uploads\\\/400166.jpg\",\"contentUrl\":\"https:\\\/\\\/hundtgroup.com\\\/wp-content\\\/uploads\\\/400166.jpg\",\"width\":300,\"height\":334},{\"@type\":\"BreadcrumbList\",\"@id\":\"https:\\\/\\\/hundtgroup.com\\\/es\\\/produkt\\\/dset15-juego-de-tijeras-ideal\\\/#breadcrumb\",\"itemListElement\":[{\"@type\":\"ListItem\",\"position\":1,\"name\":\"Startseite\",\"item\":\"https:\\\/\\\/hundtgroup.com\\\/es\\\/inicio-nuevo\\\/\"},{\"@type\":\"ListItem\",\"position\":2,\"name\":\"Tienda\",\"item\":\"https:\\\/\\\/hundtgroup.com\\\/tienda\\\/\"},{\"@type\":\"ListItem\",\"position\":3,\"name\":\"DSET15 Juego de tijeras Ideal\"}]},{\"@type\":\"WebSite\",\"@id\":\"https:\\\/\\\/hundtgroup.com\\\/es\\\/#website\",\"url\":\"https:\\\/\\\/hundtgroup.com\\\/es\\\/\",\"name\":\"Wilhelm Hundt GmbH\",\"description\":\"Tu especialista en m\u00e1quinas y herramientas para la transformaci\u00f3n de la chapa\",\"potentialAction\":[{\"@type\":\"SearchAction\",\"target\":{\"@type\":\"EntryPoint\",\"urlTemplate\":\"https:\\\/\\\/hundtgroup.com\\\/es\\\/?s={search_term_string}\"},\"query-input\":{\"@type\":\"PropertyValueSpecification\",\"valueRequired\":true,\"valueName\":\"search_term_string\"}}],\"inLanguage\":\"es\"}]}<\/script>\n<!-- \/ Yoast SEO plugin. -->","yoast_head_json":{"title":"DSET15 Juego de tijeras Ideal - Wilhelm Hundt GmbH","robots":{"index":"index","follow":"follow","max-snippet":"max-snippet:-1","max-image-preview":"max-image-preview:large","max-video-preview":"max-video-preview:-1"},"canonical":"https:\/\/hundtgroup.com\/es\/produkt\/dset15-juego-de-tijeras-ideal\/","og_locale":"es_ES","og_type":"article","og_title":"DSET15 Juego de tijeras Ideal - Wilhelm Hundt GmbH","og_description":"Con transmisi\u00f3n por palanca. Para cortes rectos y curvos continuos. Extremadamente maniobrable gracias a la geometr\u00eda especial del cabezal de corte &#8211; ideal para radios especialmente peque\u00f1os y zonas de dif\u00edcil acceso. Pr\u00e1ctica combinaci\u00f3n de bloqueo y parada. Empu\u00f1adura ERGO para trabajar sin fatiga. Equipamiento: D15A, D15AL, D15S en bolsa de rodillos","og_url":"https:\/\/hundtgroup.com\/es\/produkt\/dset15-juego-de-tijeras-ideal\/","og_site_name":"Wilhelm Hundt GmbH","article_modified_time":"2025-08-01T11:14:34+00:00","og_image":[{"width":300,"height":334,"url":"https:\/\/hundtgroup.com\/wp-content\/uploads\/400166.jpg","type":"image\/jpeg"}],"twitter_card":"summary_large_image","schema":{"@context":"https:\/\/schema.org","@graph":[{"@type":"WebPage","@id":"https:\/\/hundtgroup.com\/es\/produkt\/dset15-juego-de-tijeras-ideal\/","url":"https:\/\/hundtgroup.com\/es\/produkt\/dset15-juego-de-tijeras-ideal\/","name":"DSET15 Juego de tijeras Ideal - Wilhelm Hundt GmbH","isPartOf":{"@id":"https:\/\/hundtgroup.com\/es\/#website"},"primaryImageOfPage":{"@id":"https:\/\/hundtgroup.com\/es\/produkt\/dset15-juego-de-tijeras-ideal\/#primaryimage"},"image":{"@id":"https:\/\/hundtgroup.com\/es\/produkt\/dset15-juego-de-tijeras-ideal\/#primaryimage"},"thumbnailUrl":"https:\/\/hundtgroup.com\/wp-content\/uploads\/400166.jpg","datePublished":"2025-06-18T16:30:57+00:00","dateModified":"2025-08-01T11:14:34+00:00","breadcrumb":{"@id":"https:\/\/hundtgroup.com\/es\/produkt\/dset15-juego-de-tijeras-ideal\/#breadcrumb"},"inLanguage":"es","potentialAction":[{"@type":"ReadAction","target":["https:\/\/hundtgroup.com\/es\/produkt\/dset15-juego-de-tijeras-ideal\/"]}]},{"@type":"ImageObject","inLanguage":"es","@id":"https:\/\/hundtgroup.com\/es\/produkt\/dset15-juego-de-tijeras-ideal\/#primaryimage","url":"https:\/\/hundtgroup.com\/wp-content\/uploads\/400166.jpg","contentUrl":"https:\/\/hundtgroup.com\/wp-content\/uploads\/400166.jpg","width":300,"height":334},{"@type":"BreadcrumbList","@id":"https:\/\/hundtgroup.com\/es\/produkt\/dset15-juego-de-tijeras-ideal\/#breadcrumb","itemListElement":[{"@type":"ListItem","position":1,"name":"Startseite","item":"https:\/\/hundtgroup.com\/es\/inicio-nuevo\/"},{"@type":"ListItem","position":2,"name":"Tienda","item":"https:\/\/hundtgroup.com\/tienda\/"},{"@type":"ListItem","position":3,"name":"DSET15 Juego de tijeras Ideal"}]},{"@type":"WebSite","@id":"https:\/\/hundtgroup.com\/es\/#website","url":"https:\/\/hundtgroup.com\/es\/","name":"Wilhelm Hundt GmbH","description":"Tu especialista en m\u00e1quinas y herramientas para la transformaci\u00f3n de la chapa","potentialAction":[{"@type":"SearchAction","target":{"@type":"EntryPoint","urlTemplate":"https:\/\/hundtgroup.com\/es\/?s={search_term_string}"},"query-input":{"@type":"PropertyValueSpecification","valueRequired":true,"valueName":"search_term_string"}}],"inLanguage":"es"}]}},"_links":{"self":[{"href":"https:\/\/hundtgroup.com\/es\/wp-json\/wp\/v2\/product\/18748","targetHints":{"allow":["GET"]}}],"collection":[{"href":"https:\/\/hundtgroup.com\/es\/wp-json\/wp\/v2\/product"}],"about":[{"href":"https:\/\/hundtgroup.com\/es\/wp-json\/wp\/v2\/types\/product"}],"wp:featuredmedia":[{"embeddable":true,"href":"https:\/\/hundtgroup.com\/es\/wp-json\/wp\/v2\/media\/18750"}],"wp:attachment":[{"href":"https:\/\/hundtgroup.com\/es\/wp-json\/wp\/v2\/media?parent=18748"}],"wp:term":[{"taxonomy":"product_cat","embeddable":true,"href":"https:\/\/hundtgroup.com\/es\/wp-json\/wp\/v2\/product_cat?post=18748"},{"taxonomy":"product_tag","embeddable":true,"href":"https:\/\/hundtgroup.com\/es\/wp-json\/wp\/v2\/product_tag?post=18748"}],"curies":[{"name":"wp","href":"https:\/\/api.w.org\/{rel}","templated":true}]}}