{"id":20040,"date":"2022-10-26T15:58:47","date_gmt":"2022-10-26T13:58:47","guid":{"rendered":"https:\/\/hundtgroup.com\/produkt\/alicates-para-bombas-de-agua-alligator-88-01-180\/"},"modified":"2025-07-29T12:39:20","modified_gmt":"2025-07-29T10:39:20","slug":"alicates-para-bombas-de-agua-alligator-88-01-180","status":"publish","type":"product","link":"https:\/\/hundtgroup.com\/es\/produkt\/alicates-para-bombas-de-agua-alligator-88-01-180\/","title":{"rendered":"Alicates para bombas de agua Alligator 88 01 180"},"content":{"rendered":"<p>Autoapriete en tubos y tuercas: no resbala en la pieza, trabajo sin esfuerzo<br \/>\nSuperficies de agarre con dientes especialmente endurecidos, dureza de los dientes aprox. 61 HRC: agarre permanentemente seguro gracias a la alta resistencia al desgaste<br \/>\nArticulaci\u00f3n de empuje: gran estabilidad gracias a la doble gu\u00eda<br \/>\nDise\u00f1o robusto, resistente a la suciedad; especialmente adecuado para trabajos al aire libre<br \/>\nLa protecci\u00f3n contra aprisionamiento evita lesiones por aplastamiento<br \/>\nAcero el\u00e9ctrico al cromo vanadio, forjado, templado en aceite<\/p>\n","protected":false},"excerpt":{"rendered":"<p>Autoapriete en tubos y tuercas: no resbala en la pieza, trabajo sin esfuerzo Superficies de agarre con dientes especialmente endurecidos, dureza de los dientes aprox. 61 HRC: agarre permanentemente seguro gracias a la alta resistencia al desgaste Articulaci\u00f3n de empuje: gran estabilidad gracias a la doble gu\u00eda Dise\u00f1o robusto, resistente a la suciedad; especialmente adecuado [&hellip;]<\/p>\n","protected":false},"featured_media":19981,"template":"","meta":{"_acf_changed":false,"inline_featured_image":false},"product_cat":[1754,1820,1811],"product_tag":[],"class_list":{"0":"post-20040","1":"product","2":"type-product","3":"status-publish","4":"has-post-thumbnail","6":"brand-knipex","7":"product_cat-herramientas-manuales","8":"product_cat-alicates-para-bombas-de-agua","9":"product_cat-alicates","11":"first","12":"instock","13":"taxable","14":"shipping-taxable","15":"purchasable","16":"product-type-simple","17":"add-to-wishlist-before_image"},"acf":[],"yoast_head":"<!-- This site is optimized with the Yoast SEO plugin v27.3 - https:\/\/yoast.com\/product\/yoast-seo-wordpress\/ -->\n<title>Alicates para bombas de agua Alligator 88 01 180 - Wilhelm Hundt GmbH<\/title>\n<meta name=\"robots\" content=\"index, follow, max-snippet:-1, max-image-preview:large, max-video-preview:-1\" \/>\n<link rel=\"canonical\" href=\"https:\/\/hundtgroup.com\/es\/produkt\/alicates-para-bombas-de-agua-alligator-88-01-180\/\" \/>\n<meta property=\"og:locale\" content=\"es_ES\" \/>\n<meta property=\"og:type\" content=\"article\" \/>\n<meta property=\"og:title\" content=\"Alicates para bombas de agua Alligator 88 01 180 - Wilhelm Hundt GmbH\" \/>\n<meta property=\"og:description\" content=\"Autoapriete en tubos y tuercas: no resbala en la pieza, trabajo sin esfuerzo Superficies de agarre con dientes especialmente endurecidos, dureza de los dientes aprox. 61 HRC: agarre permanentemente seguro gracias a la alta resistencia al desgaste Articulaci\u00f3n de empuje: gran estabilidad gracias a la doble gu\u00eda Dise\u00f1o robusto, resistente a la suciedad; especialmente adecuado [&hellip;]\" \/>\n<meta property=\"og:url\" content=\"https:\/\/hundtgroup.com\/es\/produkt\/alicates-para-bombas-de-agua-alligator-88-01-180\/\" \/>\n<meta property=\"og:site_name\" content=\"Wilhelm Hundt GmbH\" \/>\n<meta property=\"article:modified_time\" content=\"2025-07-29T10:39:20+00:00\" \/>\n<meta property=\"og:image\" content=\"https:\/\/hundtgroup.com\/wp-content\/uploads\/410724.png\" \/>\n\t<meta property=\"og:image:width\" content=\"815\" \/>\n\t<meta property=\"og:image:height\" content=\"179\" \/>\n\t<meta property=\"og:image:type\" content=\"image\/png\" \/>\n<meta name=\"twitter:card\" content=\"summary_large_image\" \/>\n<script type=\"application\/ld+json\" class=\"yoast-schema-graph\">{\"@context\":\"https:\\\/\\\/schema.org\",\"@graph\":[{\"@type\":\"WebPage\",\"@id\":\"https:\\\/\\\/hundtgroup.com\\\/es\\\/produkt\\\/alicates-para-bombas-de-agua-alligator-88-01-180\\\/\",\"url\":\"https:\\\/\\\/hundtgroup.com\\\/es\\\/produkt\\\/alicates-para-bombas-de-agua-alligator-88-01-180\\\/\",\"name\":\"Alicates para bombas de agua Alligator 88 01 180 - Wilhelm Hundt GmbH\",\"isPartOf\":{\"@id\":\"https:\\\/\\\/hundtgroup.com\\\/es\\\/#website\"},\"primaryImageOfPage\":{\"@id\":\"https:\\\/\\\/hundtgroup.com\\\/es\\\/produkt\\\/alicates-para-bombas-de-agua-alligator-88-01-180\\\/#primaryimage\"},\"image\":{\"@id\":\"https:\\\/\\\/hundtgroup.com\\\/es\\\/produkt\\\/alicates-para-bombas-de-agua-alligator-88-01-180\\\/#primaryimage\"},\"thumbnailUrl\":\"https:\\\/\\\/hundtgroup.com\\\/wp-content\\\/uploads\\\/410724.png\",\"datePublished\":\"2022-10-26T13:58:47+00:00\",\"dateModified\":\"2025-07-29T10:39:20+00:00\",\"breadcrumb\":{\"@id\":\"https:\\\/\\\/hundtgroup.com\\\/es\\\/produkt\\\/alicates-para-bombas-de-agua-alligator-88-01-180\\\/#breadcrumb\"},\"inLanguage\":\"es\",\"potentialAction\":[{\"@type\":\"ReadAction\",\"target\":[\"https:\\\/\\\/hundtgroup.com\\\/es\\\/produkt\\\/alicates-para-bombas-de-agua-alligator-88-01-180\\\/\"]}]},{\"@type\":\"ImageObject\",\"inLanguage\":\"es\",\"@id\":\"https:\\\/\\\/hundtgroup.com\\\/es\\\/produkt\\\/alicates-para-bombas-de-agua-alligator-88-01-180\\\/#primaryimage\",\"url\":\"https:\\\/\\\/hundtgroup.com\\\/wp-content\\\/uploads\\\/410724.png\",\"contentUrl\":\"https:\\\/\\\/hundtgroup.com\\\/wp-content\\\/uploads\\\/410724.png\",\"width\":815,\"height\":179},{\"@type\":\"BreadcrumbList\",\"@id\":\"https:\\\/\\\/hundtgroup.com\\\/es\\\/produkt\\\/alicates-para-bombas-de-agua-alligator-88-01-180\\\/#breadcrumb\",\"itemListElement\":[{\"@type\":\"ListItem\",\"position\":1,\"name\":\"Startseite\",\"item\":\"https:\\\/\\\/hundtgroup.com\\\/es\\\/inicio-nuevo\\\/\"},{\"@type\":\"ListItem\",\"position\":2,\"name\":\"Tienda\",\"item\":\"https:\\\/\\\/hundtgroup.com\\\/tienda\\\/\"},{\"@type\":\"ListItem\",\"position\":3,\"name\":\"Alicates para bombas de agua Alligator 88 01 180\"}]},{\"@type\":\"WebSite\",\"@id\":\"https:\\\/\\\/hundtgroup.com\\\/es\\\/#website\",\"url\":\"https:\\\/\\\/hundtgroup.com\\\/es\\\/\",\"name\":\"Wilhelm Hundt GmbH\",\"description\":\"Tu especialista en m\u00e1quinas y herramientas para la transformaci\u00f3n de la chapa\",\"potentialAction\":[{\"@type\":\"SearchAction\",\"target\":{\"@type\":\"EntryPoint\",\"urlTemplate\":\"https:\\\/\\\/hundtgroup.com\\\/es\\\/?s={search_term_string}\"},\"query-input\":{\"@type\":\"PropertyValueSpecification\",\"valueRequired\":true,\"valueName\":\"search_term_string\"}}],\"inLanguage\":\"es\"}]}<\/script>\n<!-- \/ Yoast SEO plugin. -->","yoast_head_json":{"title":"Alicates para bombas de agua Alligator 88 01 180 - Wilhelm Hundt GmbH","robots":{"index":"index","follow":"follow","max-snippet":"max-snippet:-1","max-image-preview":"max-image-preview:large","max-video-preview":"max-video-preview:-1"},"canonical":"https:\/\/hundtgroup.com\/es\/produkt\/alicates-para-bombas-de-agua-alligator-88-01-180\/","og_locale":"es_ES","og_type":"article","og_title":"Alicates para bombas de agua Alligator 88 01 180 - Wilhelm Hundt GmbH","og_description":"Autoapriete en tubos y tuercas: no resbala en la pieza, trabajo sin esfuerzo Superficies de agarre con dientes especialmente endurecidos, dureza de los dientes aprox. 61 HRC: agarre permanentemente seguro gracias a la alta resistencia al desgaste Articulaci\u00f3n de empuje: gran estabilidad gracias a la doble gu\u00eda Dise\u00f1o robusto, resistente a la suciedad; especialmente adecuado [&hellip;]","og_url":"https:\/\/hundtgroup.com\/es\/produkt\/alicates-para-bombas-de-agua-alligator-88-01-180\/","og_site_name":"Wilhelm Hundt GmbH","article_modified_time":"2025-07-29T10:39:20+00:00","og_image":[{"width":815,"height":179,"url":"https:\/\/hundtgroup.com\/wp-content\/uploads\/410724.png","type":"image\/png"}],"twitter_card":"summary_large_image","schema":{"@context":"https:\/\/schema.org","@graph":[{"@type":"WebPage","@id":"https:\/\/hundtgroup.com\/es\/produkt\/alicates-para-bombas-de-agua-alligator-88-01-180\/","url":"https:\/\/hundtgroup.com\/es\/produkt\/alicates-para-bombas-de-agua-alligator-88-01-180\/","name":"Alicates para bombas de agua Alligator 88 01 180 - Wilhelm Hundt GmbH","isPartOf":{"@id":"https:\/\/hundtgroup.com\/es\/#website"},"primaryImageOfPage":{"@id":"https:\/\/hundtgroup.com\/es\/produkt\/alicates-para-bombas-de-agua-alligator-88-01-180\/#primaryimage"},"image":{"@id":"https:\/\/hundtgroup.com\/es\/produkt\/alicates-para-bombas-de-agua-alligator-88-01-180\/#primaryimage"},"thumbnailUrl":"https:\/\/hundtgroup.com\/wp-content\/uploads\/410724.png","datePublished":"2022-10-26T13:58:47+00:00","dateModified":"2025-07-29T10:39:20+00:00","breadcrumb":{"@id":"https:\/\/hundtgroup.com\/es\/produkt\/alicates-para-bombas-de-agua-alligator-88-01-180\/#breadcrumb"},"inLanguage":"es","potentialAction":[{"@type":"ReadAction","target":["https:\/\/hundtgroup.com\/es\/produkt\/alicates-para-bombas-de-agua-alligator-88-01-180\/"]}]},{"@type":"ImageObject","inLanguage":"es","@id":"https:\/\/hundtgroup.com\/es\/produkt\/alicates-para-bombas-de-agua-alligator-88-01-180\/#primaryimage","url":"https:\/\/hundtgroup.com\/wp-content\/uploads\/410724.png","contentUrl":"https:\/\/hundtgroup.com\/wp-content\/uploads\/410724.png","width":815,"height":179},{"@type":"BreadcrumbList","@id":"https:\/\/hundtgroup.com\/es\/produkt\/alicates-para-bombas-de-agua-alligator-88-01-180\/#breadcrumb","itemListElement":[{"@type":"ListItem","position":1,"name":"Startseite","item":"https:\/\/hundtgroup.com\/es\/inicio-nuevo\/"},{"@type":"ListItem","position":2,"name":"Tienda","item":"https:\/\/hundtgroup.com\/tienda\/"},{"@type":"ListItem","position":3,"name":"Alicates para bombas de agua Alligator 88 01 180"}]},{"@type":"WebSite","@id":"https:\/\/hundtgroup.com\/es\/#website","url":"https:\/\/hundtgroup.com\/es\/","name":"Wilhelm Hundt GmbH","description":"Tu especialista en m\u00e1quinas y herramientas para la transformaci\u00f3n de la chapa","potentialAction":[{"@type":"SearchAction","target":{"@type":"EntryPoint","urlTemplate":"https:\/\/hundtgroup.com\/es\/?s={search_term_string}"},"query-input":{"@type":"PropertyValueSpecification","valueRequired":true,"valueName":"search_term_string"}}],"inLanguage":"es"}]}},"_links":{"self":[{"href":"https:\/\/hundtgroup.com\/es\/wp-json\/wp\/v2\/product\/20040","targetHints":{"allow":["GET"]}}],"collection":[{"href":"https:\/\/hundtgroup.com\/es\/wp-json\/wp\/v2\/product"}],"about":[{"href":"https:\/\/hundtgroup.com\/es\/wp-json\/wp\/v2\/types\/product"}],"wp:featuredmedia":[{"embeddable":true,"href":"https:\/\/hundtgroup.com\/es\/wp-json\/wp\/v2\/media\/19981"}],"wp:attachment":[{"href":"https:\/\/hundtgroup.com\/es\/wp-json\/wp\/v2\/media?parent=20040"}],"wp:term":[{"taxonomy":"product_cat","embeddable":true,"href":"https:\/\/hundtgroup.com\/es\/wp-json\/wp\/v2\/product_cat?post=20040"},{"taxonomy":"product_tag","embeddable":true,"href":"https:\/\/hundtgroup.com\/es\/wp-json\/wp\/v2\/product_tag?post=20040"}],"curies":[{"name":"wp","href":"https:\/\/api.w.org\/{rel}","templated":true}]}}