{"id":21705,"date":"2025-06-18T18:32:02","date_gmt":"2025-06-18T16:32:02","guid":{"rendered":"https:\/\/hundtgroup.com\/produkt\/orejeras-hundt-optime-i\/"},"modified":"2025-08-05T18:08:01","modified_gmt":"2025-08-05T16:08:01","slug":"orejeras-hundt-optime-i","status":"publish","type":"product","link":"https:\/\/hundtgroup.com\/es\/produkt\/orejeras-hundt-optime-i\/","title":{"rendered":"Orejeras Hundt OPTIME I"},"content":{"rendered":"<p>Orejeras especialmente ligeras, protecci\u00f3n integral perfecta para muchos \u00e1mbitos de aplicaci\u00f3n, marco de acero el\u00e1stico de acero inoxidable, perfil muy fino que ofrece opciones de combinaci\u00f3n perfectas con otros equipos de protecci\u00f3n, gran comodidad de uso<\/p>\n","protected":false},"excerpt":{"rendered":"<p>Orejeras especialmente ligeras, protecci\u00f3n integral perfecta para muchos \u00e1mbitos de aplicaci\u00f3n, marco de acero el\u00e1stico de acero inoxidable, perfil muy fino que ofrece opciones de combinaci\u00f3n perfectas con otros equipos de protecci\u00f3n, gran comodidad de uso<\/p>\n","protected":false},"featured_media":21708,"template":"","meta":{"_acf_changed":false,"inline_featured_image":false},"product_cat":[1931,1752],"product_tag":[],"class_list":{"0":"post-21705","1":"product","2":"type-product","3":"status-publish","4":"has-post-thumbnail","6":"brand-hundt","7":"product_cat-proteccion-auditiva","8":"product_cat-seguridad-laboral","10":"first","11":"instock","12":"taxable","13":"shipping-taxable","14":"purchasable","15":"product-type-simple","16":"add-to-wishlist-before_image"},"acf":[],"yoast_head":"<!-- This site is optimized with the Yoast SEO plugin v27.3 - https:\/\/yoast.com\/product\/yoast-seo-wordpress\/ -->\n<title>Orejeras Hundt OPTIME I - Wilhelm Hundt GmbH<\/title>\n<meta name=\"robots\" content=\"index, follow, max-snippet:-1, max-image-preview:large, max-video-preview:-1\" \/>\n<link rel=\"canonical\" href=\"https:\/\/hundtgroup.com\/es\/produkt\/orejeras-hundt-optime-i\/\" \/>\n<meta property=\"og:locale\" content=\"es_ES\" \/>\n<meta property=\"og:type\" content=\"article\" \/>\n<meta property=\"og:title\" content=\"Orejeras Hundt OPTIME I - Wilhelm Hundt GmbH\" \/>\n<meta property=\"og:description\" content=\"Orejeras especialmente ligeras, protecci\u00f3n integral perfecta para muchos \u00e1mbitos de aplicaci\u00f3n, marco de acero el\u00e1stico de acero inoxidable, perfil muy fino que ofrece opciones de combinaci\u00f3n perfectas con otros equipos de protecci\u00f3n, gran comodidad de uso\" \/>\n<meta property=\"og:url\" content=\"https:\/\/hundtgroup.com\/es\/produkt\/orejeras-hundt-optime-i\/\" \/>\n<meta property=\"og:site_name\" content=\"Wilhelm Hundt GmbH\" \/>\n<meta property=\"article:modified_time\" content=\"2025-08-05T16:08:01+00:00\" \/>\n<meta property=\"og:image\" content=\"https:\/\/hundtgroup.com\/wp-content\/uploads\/290127.jpg\" \/>\n\t<meta property=\"og:image:width\" content=\"300\" \/>\n\t<meta property=\"og:image:height\" content=\"197\" \/>\n\t<meta property=\"og:image:type\" content=\"image\/jpeg\" \/>\n<meta name=\"twitter:card\" content=\"summary_large_image\" \/>\n<script type=\"application\/ld+json\" class=\"yoast-schema-graph\">{\"@context\":\"https:\\\/\\\/schema.org\",\"@graph\":[{\"@type\":\"WebPage\",\"@id\":\"https:\\\/\\\/hundtgroup.com\\\/es\\\/produkt\\\/orejeras-hundt-optime-i\\\/\",\"url\":\"https:\\\/\\\/hundtgroup.com\\\/es\\\/produkt\\\/orejeras-hundt-optime-i\\\/\",\"name\":\"Orejeras Hundt OPTIME I - Wilhelm Hundt GmbH\",\"isPartOf\":{\"@id\":\"https:\\\/\\\/hundtgroup.com\\\/es\\\/#website\"},\"primaryImageOfPage\":{\"@id\":\"https:\\\/\\\/hundtgroup.com\\\/es\\\/produkt\\\/orejeras-hundt-optime-i\\\/#primaryimage\"},\"image\":{\"@id\":\"https:\\\/\\\/hundtgroup.com\\\/es\\\/produkt\\\/orejeras-hundt-optime-i\\\/#primaryimage\"},\"thumbnailUrl\":\"https:\\\/\\\/hundtgroup.com\\\/wp-content\\\/uploads\\\/290127.jpg\",\"datePublished\":\"2025-06-18T16:32:02+00:00\",\"dateModified\":\"2025-08-05T16:08:01+00:00\",\"breadcrumb\":{\"@id\":\"https:\\\/\\\/hundtgroup.com\\\/es\\\/produkt\\\/orejeras-hundt-optime-i\\\/#breadcrumb\"},\"inLanguage\":\"es\",\"potentialAction\":[{\"@type\":\"ReadAction\",\"target\":[\"https:\\\/\\\/hundtgroup.com\\\/es\\\/produkt\\\/orejeras-hundt-optime-i\\\/\"]}]},{\"@type\":\"ImageObject\",\"inLanguage\":\"es\",\"@id\":\"https:\\\/\\\/hundtgroup.com\\\/es\\\/produkt\\\/orejeras-hundt-optime-i\\\/#primaryimage\",\"url\":\"https:\\\/\\\/hundtgroup.com\\\/wp-content\\\/uploads\\\/290127.jpg\",\"contentUrl\":\"https:\\\/\\\/hundtgroup.com\\\/wp-content\\\/uploads\\\/290127.jpg\",\"width\":300,\"height\":197},{\"@type\":\"BreadcrumbList\",\"@id\":\"https:\\\/\\\/hundtgroup.com\\\/es\\\/produkt\\\/orejeras-hundt-optime-i\\\/#breadcrumb\",\"itemListElement\":[{\"@type\":\"ListItem\",\"position\":1,\"name\":\"Startseite\",\"item\":\"https:\\\/\\\/hundtgroup.com\\\/es\\\/inicio-nuevo\\\/\"},{\"@type\":\"ListItem\",\"position\":2,\"name\":\"Tienda\",\"item\":\"https:\\\/\\\/hundtgroup.com\\\/tienda\\\/\"},{\"@type\":\"ListItem\",\"position\":3,\"name\":\"Orejeras Hundt OPTIME I\"}]},{\"@type\":\"WebSite\",\"@id\":\"https:\\\/\\\/hundtgroup.com\\\/es\\\/#website\",\"url\":\"https:\\\/\\\/hundtgroup.com\\\/es\\\/\",\"name\":\"Wilhelm Hundt GmbH\",\"description\":\"Tu especialista en m\u00e1quinas y herramientas para la transformaci\u00f3n de la chapa\",\"potentialAction\":[{\"@type\":\"SearchAction\",\"target\":{\"@type\":\"EntryPoint\",\"urlTemplate\":\"https:\\\/\\\/hundtgroup.com\\\/es\\\/?s={search_term_string}\"},\"query-input\":{\"@type\":\"PropertyValueSpecification\",\"valueRequired\":true,\"valueName\":\"search_term_string\"}}],\"inLanguage\":\"es\"}]}<\/script>\n<!-- \/ Yoast SEO plugin. -->","yoast_head_json":{"title":"Orejeras Hundt OPTIME I - Wilhelm Hundt GmbH","robots":{"index":"index","follow":"follow","max-snippet":"max-snippet:-1","max-image-preview":"max-image-preview:large","max-video-preview":"max-video-preview:-1"},"canonical":"https:\/\/hundtgroup.com\/es\/produkt\/orejeras-hundt-optime-i\/","og_locale":"es_ES","og_type":"article","og_title":"Orejeras Hundt OPTIME I - Wilhelm Hundt GmbH","og_description":"Orejeras especialmente ligeras, protecci\u00f3n integral perfecta para muchos \u00e1mbitos de aplicaci\u00f3n, marco de acero el\u00e1stico de acero inoxidable, perfil muy fino que ofrece opciones de combinaci\u00f3n perfectas con otros equipos de protecci\u00f3n, gran comodidad de uso","og_url":"https:\/\/hundtgroup.com\/es\/produkt\/orejeras-hundt-optime-i\/","og_site_name":"Wilhelm Hundt GmbH","article_modified_time":"2025-08-05T16:08:01+00:00","og_image":[{"width":300,"height":197,"url":"https:\/\/hundtgroup.com\/wp-content\/uploads\/290127.jpg","type":"image\/jpeg"}],"twitter_card":"summary_large_image","schema":{"@context":"https:\/\/schema.org","@graph":[{"@type":"WebPage","@id":"https:\/\/hundtgroup.com\/es\/produkt\/orejeras-hundt-optime-i\/","url":"https:\/\/hundtgroup.com\/es\/produkt\/orejeras-hundt-optime-i\/","name":"Orejeras Hundt OPTIME I - Wilhelm Hundt GmbH","isPartOf":{"@id":"https:\/\/hundtgroup.com\/es\/#website"},"primaryImageOfPage":{"@id":"https:\/\/hundtgroup.com\/es\/produkt\/orejeras-hundt-optime-i\/#primaryimage"},"image":{"@id":"https:\/\/hundtgroup.com\/es\/produkt\/orejeras-hundt-optime-i\/#primaryimage"},"thumbnailUrl":"https:\/\/hundtgroup.com\/wp-content\/uploads\/290127.jpg","datePublished":"2025-06-18T16:32:02+00:00","dateModified":"2025-08-05T16:08:01+00:00","breadcrumb":{"@id":"https:\/\/hundtgroup.com\/es\/produkt\/orejeras-hundt-optime-i\/#breadcrumb"},"inLanguage":"es","potentialAction":[{"@type":"ReadAction","target":["https:\/\/hundtgroup.com\/es\/produkt\/orejeras-hundt-optime-i\/"]}]},{"@type":"ImageObject","inLanguage":"es","@id":"https:\/\/hundtgroup.com\/es\/produkt\/orejeras-hundt-optime-i\/#primaryimage","url":"https:\/\/hundtgroup.com\/wp-content\/uploads\/290127.jpg","contentUrl":"https:\/\/hundtgroup.com\/wp-content\/uploads\/290127.jpg","width":300,"height":197},{"@type":"BreadcrumbList","@id":"https:\/\/hundtgroup.com\/es\/produkt\/orejeras-hundt-optime-i\/#breadcrumb","itemListElement":[{"@type":"ListItem","position":1,"name":"Startseite","item":"https:\/\/hundtgroup.com\/es\/inicio-nuevo\/"},{"@type":"ListItem","position":2,"name":"Tienda","item":"https:\/\/hundtgroup.com\/tienda\/"},{"@type":"ListItem","position":3,"name":"Orejeras Hundt OPTIME I"}]},{"@type":"WebSite","@id":"https:\/\/hundtgroup.com\/es\/#website","url":"https:\/\/hundtgroup.com\/es\/","name":"Wilhelm Hundt GmbH","description":"Tu especialista en m\u00e1quinas y herramientas para la transformaci\u00f3n de la chapa","potentialAction":[{"@type":"SearchAction","target":{"@type":"EntryPoint","urlTemplate":"https:\/\/hundtgroup.com\/es\/?s={search_term_string}"},"query-input":{"@type":"PropertyValueSpecification","valueRequired":true,"valueName":"search_term_string"}}],"inLanguage":"es"}]}},"_links":{"self":[{"href":"https:\/\/hundtgroup.com\/es\/wp-json\/wp\/v2\/product\/21705","targetHints":{"allow":["GET"]}}],"collection":[{"href":"https:\/\/hundtgroup.com\/es\/wp-json\/wp\/v2\/product"}],"about":[{"href":"https:\/\/hundtgroup.com\/es\/wp-json\/wp\/v2\/types\/product"}],"wp:featuredmedia":[{"embeddable":true,"href":"https:\/\/hundtgroup.com\/es\/wp-json\/wp\/v2\/media\/21708"}],"wp:attachment":[{"href":"https:\/\/hundtgroup.com\/es\/wp-json\/wp\/v2\/media?parent=21705"}],"wp:term":[{"taxonomy":"product_cat","embeddable":true,"href":"https:\/\/hundtgroup.com\/es\/wp-json\/wp\/v2\/product_cat?post=21705"},{"taxonomy":"product_tag","embeddable":true,"href":"https:\/\/hundtgroup.com\/es\/wp-json\/wp\/v2\/product_tag?post=21705"}],"curies":[{"name":"wp","href":"https:\/\/api.w.org\/{rel}","templated":true}]}}