{"id":22334,"date":"2025-06-18T18:31:54","date_gmt":"2025-06-18T16:31:54","guid":{"rendered":"https:\/\/hundtgroup.com\/produkt\/acculineflexlampara-de-bateria-recargable-con-chip-led-de-10-vatios\/"},"modified":"2025-07-29T13:29:59","modified_gmt":"2025-07-29T11:29:59","slug":"acculineflexlampara-de-bateria-recargable-con-chip-led-de-10-vatios","status":"publish","type":"product","link":"https:\/\/hundtgroup.com\/es\/produkt\/acculineflexlampara-de-bateria-recargable-con-chip-led-de-10-vatios\/","title":{"rendered":"AcculineFlexL\u00e1mpara de bater\u00eda recargable con chip LED de 10 vatios"},"content":{"rendered":"<p>El foco recargable LED con fijaci\u00f3n magn\u00e9tica tiene LED de larga duraci\u00f3n con una vida \u00fatil de m\u00e1s de 50.000 horas.<br \/>\nLa robusta carcasa de aluminio, extremadamente delgada y con protecci\u00f3n en los bordes, tiene un fuerte im\u00e1n para fijarla a superficies met\u00e1licas.<\/p>\n","protected":false},"excerpt":{"rendered":"<p>El foco recargable LED con fijaci\u00f3n magn\u00e9tica tiene LED de larga duraci\u00f3n con una vida \u00fatil de m\u00e1s de 50.000 horas. La robusta carcasa de aluminio, extremadamente delgada y con protecci\u00f3n en los bordes, tiene un fuerte im\u00e1n para fijarla a superficies met\u00e1licas.<\/p>\n","protected":false},"featured_media":22223,"template":"","meta":{"_acf_changed":false,"inline_featured_image":false},"product_cat":[1930,1771],"product_tag":[],"class_list":{"0":"post-22334","1":"product","2":"type-product","3":"status-publish","4":"has-post-thumbnail","6":"brand-hundt","7":"product_cat-foco","8":"product_cat-equipamiento-para-obras","10":"first","11":"instock","12":"taxable","13":"shipping-taxable","14":"purchasable","15":"product-type-simple","16":"add-to-wishlist-before_image"},"acf":[],"yoast_head":"<!-- This site is optimized with the Yoast SEO plugin v27.3 - https:\/\/yoast.com\/product\/yoast-seo-wordpress\/ -->\n<title>AcculineFlexL\u00e1mpara de bater\u00eda recargable con chip LED de 10 vatios - Wilhelm Hundt GmbH<\/title>\n<meta name=\"robots\" content=\"index, follow, max-snippet:-1, max-image-preview:large, max-video-preview:-1\" \/>\n<link rel=\"canonical\" href=\"https:\/\/hundtgroup.com\/es\/produkt\/acculineflexlampara-de-bateria-recargable-con-chip-led-de-10-vatios\/\" \/>\n<meta property=\"og:locale\" content=\"es_ES\" \/>\n<meta property=\"og:type\" content=\"article\" \/>\n<meta property=\"og:title\" content=\"AcculineFlexL\u00e1mpara de bater\u00eda recargable con chip LED de 10 vatios - Wilhelm Hundt GmbH\" \/>\n<meta property=\"og:description\" content=\"El foco recargable LED con fijaci\u00f3n magn\u00e9tica tiene LED de larga duraci\u00f3n con una vida \u00fatil de m\u00e1s de 50.000 horas. La robusta carcasa de aluminio, extremadamente delgada y con protecci\u00f3n en los bordes, tiene un fuerte im\u00e1n para fijarla a superficies met\u00e1licas.\" \/>\n<meta property=\"og:url\" content=\"https:\/\/hundtgroup.com\/es\/produkt\/acculineflexlampara-de-bateria-recargable-con-chip-led-de-10-vatios\/\" \/>\n<meta property=\"og:site_name\" content=\"Wilhelm Hundt GmbH\" \/>\n<meta property=\"article:modified_time\" content=\"2025-07-29T11:29:59+00:00\" \/>\n<meta property=\"og:image\" content=\"https:\/\/hundtgroup.com\/wp-content\/uploads\/230278.jpg\" \/>\n\t<meta property=\"og:image:width\" content=\"1200\" \/>\n\t<meta property=\"og:image:height\" content=\"810\" \/>\n\t<meta property=\"og:image:type\" content=\"image\/jpeg\" \/>\n<meta name=\"twitter:card\" content=\"summary_large_image\" \/>\n<script type=\"application\/ld+json\" class=\"yoast-schema-graph\">{\"@context\":\"https:\\\/\\\/schema.org\",\"@graph\":[{\"@type\":\"WebPage\",\"@id\":\"https:\\\/\\\/hundtgroup.com\\\/es\\\/produkt\\\/acculineflexlampara-de-bateria-recargable-con-chip-led-de-10-vatios\\\/\",\"url\":\"https:\\\/\\\/hundtgroup.com\\\/es\\\/produkt\\\/acculineflexlampara-de-bateria-recargable-con-chip-led-de-10-vatios\\\/\",\"name\":\"AcculineFlexL\u00e1mpara de bater\u00eda recargable con chip LED de 10 vatios - Wilhelm Hundt GmbH\",\"isPartOf\":{\"@id\":\"https:\\\/\\\/hundtgroup.com\\\/es\\\/#website\"},\"primaryImageOfPage\":{\"@id\":\"https:\\\/\\\/hundtgroup.com\\\/es\\\/produkt\\\/acculineflexlampara-de-bateria-recargable-con-chip-led-de-10-vatios\\\/#primaryimage\"},\"image\":{\"@id\":\"https:\\\/\\\/hundtgroup.com\\\/es\\\/produkt\\\/acculineflexlampara-de-bateria-recargable-con-chip-led-de-10-vatios\\\/#primaryimage\"},\"thumbnailUrl\":\"https:\\\/\\\/hundtgroup.com\\\/wp-content\\\/uploads\\\/230278.jpg\",\"datePublished\":\"2025-06-18T16:31:54+00:00\",\"dateModified\":\"2025-07-29T11:29:59+00:00\",\"breadcrumb\":{\"@id\":\"https:\\\/\\\/hundtgroup.com\\\/es\\\/produkt\\\/acculineflexlampara-de-bateria-recargable-con-chip-led-de-10-vatios\\\/#breadcrumb\"},\"inLanguage\":\"es\",\"potentialAction\":[{\"@type\":\"ReadAction\",\"target\":[\"https:\\\/\\\/hundtgroup.com\\\/es\\\/produkt\\\/acculineflexlampara-de-bateria-recargable-con-chip-led-de-10-vatios\\\/\"]}]},{\"@type\":\"ImageObject\",\"inLanguage\":\"es\",\"@id\":\"https:\\\/\\\/hundtgroup.com\\\/es\\\/produkt\\\/acculineflexlampara-de-bateria-recargable-con-chip-led-de-10-vatios\\\/#primaryimage\",\"url\":\"https:\\\/\\\/hundtgroup.com\\\/wp-content\\\/uploads\\\/230278.jpg\",\"contentUrl\":\"https:\\\/\\\/hundtgroup.com\\\/wp-content\\\/uploads\\\/230278.jpg\",\"width\":1200,\"height\":810},{\"@type\":\"BreadcrumbList\",\"@id\":\"https:\\\/\\\/hundtgroup.com\\\/es\\\/produkt\\\/acculineflexlampara-de-bateria-recargable-con-chip-led-de-10-vatios\\\/#breadcrumb\",\"itemListElement\":[{\"@type\":\"ListItem\",\"position\":1,\"name\":\"Startseite\",\"item\":\"https:\\\/\\\/hundtgroup.com\\\/es\\\/inicio-nuevo\\\/\"},{\"@type\":\"ListItem\",\"position\":2,\"name\":\"Tienda\",\"item\":\"https:\\\/\\\/hundtgroup.com\\\/tienda\\\/\"},{\"@type\":\"ListItem\",\"position\":3,\"name\":\"AcculineFlexL\u00e1mpara de bater\u00eda recargable con chip LED de 10 vatios\"}]},{\"@type\":\"WebSite\",\"@id\":\"https:\\\/\\\/hundtgroup.com\\\/es\\\/#website\",\"url\":\"https:\\\/\\\/hundtgroup.com\\\/es\\\/\",\"name\":\"Wilhelm Hundt GmbH\",\"description\":\"Tu especialista en m\u00e1quinas y herramientas para la transformaci\u00f3n de la chapa\",\"potentialAction\":[{\"@type\":\"SearchAction\",\"target\":{\"@type\":\"EntryPoint\",\"urlTemplate\":\"https:\\\/\\\/hundtgroup.com\\\/es\\\/?s={search_term_string}\"},\"query-input\":{\"@type\":\"PropertyValueSpecification\",\"valueRequired\":true,\"valueName\":\"search_term_string\"}}],\"inLanguage\":\"es\"}]}<\/script>\n<!-- \/ Yoast SEO plugin. -->","yoast_head_json":{"title":"AcculineFlexL\u00e1mpara de bater\u00eda recargable con chip LED de 10 vatios - Wilhelm Hundt GmbH","robots":{"index":"index","follow":"follow","max-snippet":"max-snippet:-1","max-image-preview":"max-image-preview:large","max-video-preview":"max-video-preview:-1"},"canonical":"https:\/\/hundtgroup.com\/es\/produkt\/acculineflexlampara-de-bateria-recargable-con-chip-led-de-10-vatios\/","og_locale":"es_ES","og_type":"article","og_title":"AcculineFlexL\u00e1mpara de bater\u00eda recargable con chip LED de 10 vatios - Wilhelm Hundt GmbH","og_description":"El foco recargable LED con fijaci\u00f3n magn\u00e9tica tiene LED de larga duraci\u00f3n con una vida \u00fatil de m\u00e1s de 50.000 horas. La robusta carcasa de aluminio, extremadamente delgada y con protecci\u00f3n en los bordes, tiene un fuerte im\u00e1n para fijarla a superficies met\u00e1licas.","og_url":"https:\/\/hundtgroup.com\/es\/produkt\/acculineflexlampara-de-bateria-recargable-con-chip-led-de-10-vatios\/","og_site_name":"Wilhelm Hundt GmbH","article_modified_time":"2025-07-29T11:29:59+00:00","og_image":[{"width":1200,"height":810,"url":"https:\/\/hundtgroup.com\/wp-content\/uploads\/230278.jpg","type":"image\/jpeg"}],"twitter_card":"summary_large_image","schema":{"@context":"https:\/\/schema.org","@graph":[{"@type":"WebPage","@id":"https:\/\/hundtgroup.com\/es\/produkt\/acculineflexlampara-de-bateria-recargable-con-chip-led-de-10-vatios\/","url":"https:\/\/hundtgroup.com\/es\/produkt\/acculineflexlampara-de-bateria-recargable-con-chip-led-de-10-vatios\/","name":"AcculineFlexL\u00e1mpara de bater\u00eda recargable con chip LED de 10 vatios - Wilhelm Hundt GmbH","isPartOf":{"@id":"https:\/\/hundtgroup.com\/es\/#website"},"primaryImageOfPage":{"@id":"https:\/\/hundtgroup.com\/es\/produkt\/acculineflexlampara-de-bateria-recargable-con-chip-led-de-10-vatios\/#primaryimage"},"image":{"@id":"https:\/\/hundtgroup.com\/es\/produkt\/acculineflexlampara-de-bateria-recargable-con-chip-led-de-10-vatios\/#primaryimage"},"thumbnailUrl":"https:\/\/hundtgroup.com\/wp-content\/uploads\/230278.jpg","datePublished":"2025-06-18T16:31:54+00:00","dateModified":"2025-07-29T11:29:59+00:00","breadcrumb":{"@id":"https:\/\/hundtgroup.com\/es\/produkt\/acculineflexlampara-de-bateria-recargable-con-chip-led-de-10-vatios\/#breadcrumb"},"inLanguage":"es","potentialAction":[{"@type":"ReadAction","target":["https:\/\/hundtgroup.com\/es\/produkt\/acculineflexlampara-de-bateria-recargable-con-chip-led-de-10-vatios\/"]}]},{"@type":"ImageObject","inLanguage":"es","@id":"https:\/\/hundtgroup.com\/es\/produkt\/acculineflexlampara-de-bateria-recargable-con-chip-led-de-10-vatios\/#primaryimage","url":"https:\/\/hundtgroup.com\/wp-content\/uploads\/230278.jpg","contentUrl":"https:\/\/hundtgroup.com\/wp-content\/uploads\/230278.jpg","width":1200,"height":810},{"@type":"BreadcrumbList","@id":"https:\/\/hundtgroup.com\/es\/produkt\/acculineflexlampara-de-bateria-recargable-con-chip-led-de-10-vatios\/#breadcrumb","itemListElement":[{"@type":"ListItem","position":1,"name":"Startseite","item":"https:\/\/hundtgroup.com\/es\/inicio-nuevo\/"},{"@type":"ListItem","position":2,"name":"Tienda","item":"https:\/\/hundtgroup.com\/tienda\/"},{"@type":"ListItem","position":3,"name":"AcculineFlexL\u00e1mpara de bater\u00eda recargable con chip LED de 10 vatios"}]},{"@type":"WebSite","@id":"https:\/\/hundtgroup.com\/es\/#website","url":"https:\/\/hundtgroup.com\/es\/","name":"Wilhelm Hundt GmbH","description":"Tu especialista en m\u00e1quinas y herramientas para la transformaci\u00f3n de la chapa","potentialAction":[{"@type":"SearchAction","target":{"@type":"EntryPoint","urlTemplate":"https:\/\/hundtgroup.com\/es\/?s={search_term_string}"},"query-input":{"@type":"PropertyValueSpecification","valueRequired":true,"valueName":"search_term_string"}}],"inLanguage":"es"}]}},"_links":{"self":[{"href":"https:\/\/hundtgroup.com\/es\/wp-json\/wp\/v2\/product\/22334","targetHints":{"allow":["GET"]}}],"collection":[{"href":"https:\/\/hundtgroup.com\/es\/wp-json\/wp\/v2\/product"}],"about":[{"href":"https:\/\/hundtgroup.com\/es\/wp-json\/wp\/v2\/types\/product"}],"wp:featuredmedia":[{"embeddable":true,"href":"https:\/\/hundtgroup.com\/es\/wp-json\/wp\/v2\/media\/22223"}],"wp:attachment":[{"href":"https:\/\/hundtgroup.com\/es\/wp-json\/wp\/v2\/media?parent=22334"}],"wp:term":[{"taxonomy":"product_cat","embeddable":true,"href":"https:\/\/hundtgroup.com\/es\/wp-json\/wp\/v2\/product_cat?post=22334"},{"taxonomy":"product_tag","embeddable":true,"href":"https:\/\/hundtgroup.com\/es\/wp-json\/wp\/v2\/product_tag?post=22334"}],"curies":[{"name":"wp","href":"https:\/\/api.w.org\/{rel}","templated":true}]}}