{"id":22541,"date":"2025-06-18T18:31:27","date_gmt":"2025-06-18T16:31:27","guid":{"rendered":"https:\/\/hundtgroup.com\/produkt\/taladro-angular-sin-cable-makita-da333dz-12-v\/"},"modified":"2025-07-28T16:37:45","modified_gmt":"2025-07-28T14:37:45","slug":"taladro-angular-sin-cable-makita-da333dz-12-v","status":"publish","type":"product","link":"https:\/\/hundtgroup.com\/es\/produkt\/taladro-angular-sin-cable-makita-da333dz-12-v\/","title":{"rendered":"Taladro angular sin cable Makita DA333DZ 12 V"},"content":{"rendered":"<p>S\u00f3lo 84 mm desde el borde superior del cabezal del engranaje hasta la punta del portabrocas, freno motor,<br \/>\nLED brillante con funci\u00f3n de posiluminaci\u00f3n, compatible con todas las bater\u00edas deslizantes de iones de litio de 10,8 V de Makita<\/p>\n","protected":false},"excerpt":{"rendered":"<p>S\u00f3lo 84 mm desde el borde superior del cabezal del engranaje hasta la punta del portabrocas, freno motor, LED brillante con funci\u00f3n de posiluminaci\u00f3n, compatible con todas las bater\u00edas deslizantes de iones de litio de 10,8 V de Makita<\/p>\n","protected":false},"featured_media":22542,"template":"","meta":{"_acf_changed":false,"inline_featured_image":false},"product_cat":[662,1840],"product_tag":[],"class_list":{"0":"post-22541","1":"product","2":"type-product","3":"status-publish","4":"has-post-thumbnail","6":"brand-makita","7":"product_cat-herramientas-a-bateria","8":"product_cat-taladradora","10":"first","11":"instock","12":"taxable","13":"shipping-taxable","14":"purchasable","15":"product-type-simple","16":"add-to-wishlist-before_image"},"acf":[],"yoast_head":"<!-- This site is optimized with the Yoast SEO plugin v27.3 - https:\/\/yoast.com\/product\/yoast-seo-wordpress\/ -->\n<title>Taladro angular sin cable Makita DA333DZ 12 V - Wilhelm Hundt GmbH<\/title>\n<meta name=\"robots\" content=\"index, follow, max-snippet:-1, max-image-preview:large, max-video-preview:-1\" \/>\n<link rel=\"canonical\" href=\"https:\/\/hundtgroup.com\/es\/produkt\/taladro-angular-sin-cable-makita-da333dz-12-v\/\" \/>\n<meta property=\"og:locale\" content=\"es_ES\" \/>\n<meta property=\"og:type\" content=\"article\" \/>\n<meta property=\"og:title\" content=\"Taladro angular sin cable Makita DA333DZ 12 V - Wilhelm Hundt GmbH\" \/>\n<meta property=\"og:description\" content=\"S\u00f3lo 84 mm desde el borde superior del cabezal del engranaje hasta la punta del portabrocas, freno motor, LED brillante con funci\u00f3n de posiluminaci\u00f3n, compatible con todas las bater\u00edas deslizantes de iones de litio de 10,8 V de Makita\" \/>\n<meta property=\"og:url\" content=\"https:\/\/hundtgroup.com\/es\/produkt\/taladro-angular-sin-cable-makita-da333dz-12-v\/\" \/>\n<meta property=\"og:site_name\" content=\"Wilhelm Hundt GmbH\" \/>\n<meta property=\"article:modified_time\" content=\"2025-07-28T14:37:45+00:00\" \/>\n<meta property=\"og:image\" content=\"https:\/\/hundtgroup.com\/wp-content\/uploads\/300225.jpg\" \/>\n\t<meta property=\"og:image:width\" content=\"1000\" \/>\n\t<meta property=\"og:image:height\" content=\"569\" \/>\n\t<meta property=\"og:image:type\" content=\"image\/jpeg\" \/>\n<meta name=\"twitter:card\" content=\"summary_large_image\" \/>\n<script type=\"application\/ld+json\" class=\"yoast-schema-graph\">{\"@context\":\"https:\\\/\\\/schema.org\",\"@graph\":[{\"@type\":\"WebPage\",\"@id\":\"https:\\\/\\\/hundtgroup.com\\\/es\\\/produkt\\\/taladro-angular-sin-cable-makita-da333dz-12-v\\\/\",\"url\":\"https:\\\/\\\/hundtgroup.com\\\/es\\\/produkt\\\/taladro-angular-sin-cable-makita-da333dz-12-v\\\/\",\"name\":\"Taladro angular sin cable Makita DA333DZ 12 V - Wilhelm Hundt GmbH\",\"isPartOf\":{\"@id\":\"https:\\\/\\\/hundtgroup.com\\\/es\\\/#website\"},\"primaryImageOfPage\":{\"@id\":\"https:\\\/\\\/hundtgroup.com\\\/es\\\/produkt\\\/taladro-angular-sin-cable-makita-da333dz-12-v\\\/#primaryimage\"},\"image\":{\"@id\":\"https:\\\/\\\/hundtgroup.com\\\/es\\\/produkt\\\/taladro-angular-sin-cable-makita-da333dz-12-v\\\/#primaryimage\"},\"thumbnailUrl\":\"https:\\\/\\\/hundtgroup.com\\\/wp-content\\\/uploads\\\/300225.jpg\",\"datePublished\":\"2025-06-18T16:31:27+00:00\",\"dateModified\":\"2025-07-28T14:37:45+00:00\",\"breadcrumb\":{\"@id\":\"https:\\\/\\\/hundtgroup.com\\\/es\\\/produkt\\\/taladro-angular-sin-cable-makita-da333dz-12-v\\\/#breadcrumb\"},\"inLanguage\":\"es\",\"potentialAction\":[{\"@type\":\"ReadAction\",\"target\":[\"https:\\\/\\\/hundtgroup.com\\\/es\\\/produkt\\\/taladro-angular-sin-cable-makita-da333dz-12-v\\\/\"]}]},{\"@type\":\"ImageObject\",\"inLanguage\":\"es\",\"@id\":\"https:\\\/\\\/hundtgroup.com\\\/es\\\/produkt\\\/taladro-angular-sin-cable-makita-da333dz-12-v\\\/#primaryimage\",\"url\":\"https:\\\/\\\/hundtgroup.com\\\/wp-content\\\/uploads\\\/300225.jpg\",\"contentUrl\":\"https:\\\/\\\/hundtgroup.com\\\/wp-content\\\/uploads\\\/300225.jpg\",\"width\":1000,\"height\":569},{\"@type\":\"BreadcrumbList\",\"@id\":\"https:\\\/\\\/hundtgroup.com\\\/es\\\/produkt\\\/taladro-angular-sin-cable-makita-da333dz-12-v\\\/#breadcrumb\",\"itemListElement\":[{\"@type\":\"ListItem\",\"position\":1,\"name\":\"Startseite\",\"item\":\"https:\\\/\\\/hundtgroup.com\\\/es\\\/inicio-nuevo\\\/\"},{\"@type\":\"ListItem\",\"position\":2,\"name\":\"Tienda\",\"item\":\"https:\\\/\\\/hundtgroup.com\\\/tienda\\\/\"},{\"@type\":\"ListItem\",\"position\":3,\"name\":\"Taladro angular sin cable Makita DA333DZ 12 V\"}]},{\"@type\":\"WebSite\",\"@id\":\"https:\\\/\\\/hundtgroup.com\\\/es\\\/#website\",\"url\":\"https:\\\/\\\/hundtgroup.com\\\/es\\\/\",\"name\":\"Wilhelm Hundt GmbH\",\"description\":\"Tu especialista en m\u00e1quinas y herramientas para la transformaci\u00f3n de la chapa\",\"potentialAction\":[{\"@type\":\"SearchAction\",\"target\":{\"@type\":\"EntryPoint\",\"urlTemplate\":\"https:\\\/\\\/hundtgroup.com\\\/es\\\/?s={search_term_string}\"},\"query-input\":{\"@type\":\"PropertyValueSpecification\",\"valueRequired\":true,\"valueName\":\"search_term_string\"}}],\"inLanguage\":\"es\"}]}<\/script>\n<!-- \/ Yoast SEO plugin. -->","yoast_head_json":{"title":"Taladro angular sin cable Makita DA333DZ 12 V - Wilhelm Hundt GmbH","robots":{"index":"index","follow":"follow","max-snippet":"max-snippet:-1","max-image-preview":"max-image-preview:large","max-video-preview":"max-video-preview:-1"},"canonical":"https:\/\/hundtgroup.com\/es\/produkt\/taladro-angular-sin-cable-makita-da333dz-12-v\/","og_locale":"es_ES","og_type":"article","og_title":"Taladro angular sin cable Makita DA333DZ 12 V - Wilhelm Hundt GmbH","og_description":"S\u00f3lo 84 mm desde el borde superior del cabezal del engranaje hasta la punta del portabrocas, freno motor, LED brillante con funci\u00f3n de posiluminaci\u00f3n, compatible con todas las bater\u00edas deslizantes de iones de litio de 10,8 V de Makita","og_url":"https:\/\/hundtgroup.com\/es\/produkt\/taladro-angular-sin-cable-makita-da333dz-12-v\/","og_site_name":"Wilhelm Hundt GmbH","article_modified_time":"2025-07-28T14:37:45+00:00","og_image":[{"width":1000,"height":569,"url":"https:\/\/hundtgroup.com\/wp-content\/uploads\/300225.jpg","type":"image\/jpeg"}],"twitter_card":"summary_large_image","schema":{"@context":"https:\/\/schema.org","@graph":[{"@type":"WebPage","@id":"https:\/\/hundtgroup.com\/es\/produkt\/taladro-angular-sin-cable-makita-da333dz-12-v\/","url":"https:\/\/hundtgroup.com\/es\/produkt\/taladro-angular-sin-cable-makita-da333dz-12-v\/","name":"Taladro angular sin cable Makita DA333DZ 12 V - Wilhelm Hundt GmbH","isPartOf":{"@id":"https:\/\/hundtgroup.com\/es\/#website"},"primaryImageOfPage":{"@id":"https:\/\/hundtgroup.com\/es\/produkt\/taladro-angular-sin-cable-makita-da333dz-12-v\/#primaryimage"},"image":{"@id":"https:\/\/hundtgroup.com\/es\/produkt\/taladro-angular-sin-cable-makita-da333dz-12-v\/#primaryimage"},"thumbnailUrl":"https:\/\/hundtgroup.com\/wp-content\/uploads\/300225.jpg","datePublished":"2025-06-18T16:31:27+00:00","dateModified":"2025-07-28T14:37:45+00:00","breadcrumb":{"@id":"https:\/\/hundtgroup.com\/es\/produkt\/taladro-angular-sin-cable-makita-da333dz-12-v\/#breadcrumb"},"inLanguage":"es","potentialAction":[{"@type":"ReadAction","target":["https:\/\/hundtgroup.com\/es\/produkt\/taladro-angular-sin-cable-makita-da333dz-12-v\/"]}]},{"@type":"ImageObject","inLanguage":"es","@id":"https:\/\/hundtgroup.com\/es\/produkt\/taladro-angular-sin-cable-makita-da333dz-12-v\/#primaryimage","url":"https:\/\/hundtgroup.com\/wp-content\/uploads\/300225.jpg","contentUrl":"https:\/\/hundtgroup.com\/wp-content\/uploads\/300225.jpg","width":1000,"height":569},{"@type":"BreadcrumbList","@id":"https:\/\/hundtgroup.com\/es\/produkt\/taladro-angular-sin-cable-makita-da333dz-12-v\/#breadcrumb","itemListElement":[{"@type":"ListItem","position":1,"name":"Startseite","item":"https:\/\/hundtgroup.com\/es\/inicio-nuevo\/"},{"@type":"ListItem","position":2,"name":"Tienda","item":"https:\/\/hundtgroup.com\/tienda\/"},{"@type":"ListItem","position":3,"name":"Taladro angular sin cable Makita DA333DZ 12 V"}]},{"@type":"WebSite","@id":"https:\/\/hundtgroup.com\/es\/#website","url":"https:\/\/hundtgroup.com\/es\/","name":"Wilhelm Hundt GmbH","description":"Tu especialista en m\u00e1quinas y herramientas para la transformaci\u00f3n de la chapa","potentialAction":[{"@type":"SearchAction","target":{"@type":"EntryPoint","urlTemplate":"https:\/\/hundtgroup.com\/es\/?s={search_term_string}"},"query-input":{"@type":"PropertyValueSpecification","valueRequired":true,"valueName":"search_term_string"}}],"inLanguage":"es"}]}},"_links":{"self":[{"href":"https:\/\/hundtgroup.com\/es\/wp-json\/wp\/v2\/product\/22541","targetHints":{"allow":["GET"]}}],"collection":[{"href":"https:\/\/hundtgroup.com\/es\/wp-json\/wp\/v2\/product"}],"about":[{"href":"https:\/\/hundtgroup.com\/es\/wp-json\/wp\/v2\/types\/product"}],"wp:featuredmedia":[{"embeddable":true,"href":"https:\/\/hundtgroup.com\/es\/wp-json\/wp\/v2\/media\/22542"}],"wp:attachment":[{"href":"https:\/\/hundtgroup.com\/es\/wp-json\/wp\/v2\/media?parent=22541"}],"wp:term":[{"taxonomy":"product_cat","embeddable":true,"href":"https:\/\/hundtgroup.com\/es\/wp-json\/wp\/v2\/product_cat?post=22541"},{"taxonomy":"product_tag","embeddable":true,"href":"https:\/\/hundtgroup.com\/es\/wp-json\/wp\/v2\/product_tag?post=22541"}],"curies":[{"name":"wp","href":"https:\/\/api.w.org\/{rel}","templated":true}]}}