{"id":22574,"date":"2025-06-18T18:31:30","date_gmt":"2025-06-18T16:31:30","guid":{"rendered":"https:\/\/hundtgroup.com\/produkt\/bosch-gsc-12-v-13-tijeras-de-hojalatero-sin-cable-30-ah\/"},"modified":"2025-07-28T16:34:42","modified_gmt":"2025-07-28T14:34:42","slug":"bosch-gsc-12-v-13-tijeras-de-hojalatero-sin-cable-30-ah","status":"publish","type":"product","link":"https:\/\/hundtgroup.com\/es\/produkt\/bosch-gsc-12-v-13-tijeras-de-hojalatero-sin-cable-30-ah\/","title":{"rendered":"Bosch GSC 12 V-13 Tijeras de hojalatero sin cable 3,0 Ah"},"content":{"rendered":"<p>Extremadamente potente: corta sin esfuerzo hasta 1,3 mm en metal,<br \/>\npr\u00e1ctico indicador del nivel de carga de la bater\u00eda con 3 LED, rendimiento de corte de hasta<br \/>\n60 m en acero con una sola carga de bater\u00eda, hoja reversible con 4 filos de corte<br \/>\npara una mayor vida \u00fatil<\/p>\n","protected":false},"excerpt":{"rendered":"<p>Extremadamente potente: corta sin esfuerzo hasta 1,3 mm en metal, pr\u00e1ctico indicador del nivel de carga de la bater\u00eda con 3 LED, rendimiento de corte de hasta 60 m en acero con una sola carga de bater\u00eda, hoja reversible con 4 filos de corte para una mayor vida \u00fatil<\/p>\n","protected":false},"featured_media":22556,"template":"","meta":{"_acf_changed":false,"inline_featured_image":false},"product_cat":[662,713],"product_tag":[],"class_list":{"0":"post-22574","1":"product","2":"type-product","3":"status-publish","4":"has-post-thumbnail","6":"brand-bosch","7":"product_cat-herramientas-a-bateria","8":"product_cat-tijeras-de-hojalatero-es","10":"first","11":"instock","12":"taxable","13":"shipping-taxable","14":"purchasable","15":"product-type-simple","16":"add-to-wishlist-before_image"},"acf":[],"yoast_head":"<!-- This site is optimized with the Yoast SEO plugin v27.3 - https:\/\/yoast.com\/product\/yoast-seo-wordpress\/ -->\n<title>Bosch GSC 12 V-13 Tijeras de hojalatero sin cable 3,0 Ah - Wilhelm Hundt GmbH<\/title>\n<meta name=\"robots\" content=\"index, follow, max-snippet:-1, max-image-preview:large, max-video-preview:-1\" \/>\n<link rel=\"canonical\" href=\"https:\/\/hundtgroup.com\/es\/produkt\/bosch-gsc-12-v-13-tijeras-de-hojalatero-sin-cable-30-ah\/\" \/>\n<meta property=\"og:locale\" content=\"es_ES\" \/>\n<meta property=\"og:type\" content=\"article\" \/>\n<meta property=\"og:title\" content=\"Bosch GSC 12 V-13 Tijeras de hojalatero sin cable 3,0 Ah - Wilhelm Hundt GmbH\" \/>\n<meta property=\"og:description\" content=\"Extremadamente potente: corta sin esfuerzo hasta 1,3 mm en metal, pr\u00e1ctico indicador del nivel de carga de la bater\u00eda con 3 LED, rendimiento de corte de hasta 60 m en acero con una sola carga de bater\u00eda, hoja reversible con 4 filos de corte para una mayor vida \u00fatil\" \/>\n<meta property=\"og:url\" content=\"https:\/\/hundtgroup.com\/es\/produkt\/bosch-gsc-12-v-13-tijeras-de-hojalatero-sin-cable-30-ah\/\" \/>\n<meta property=\"og:site_name\" content=\"Wilhelm Hundt GmbH\" \/>\n<meta property=\"article:modified_time\" content=\"2025-07-28T14:34:42+00:00\" \/>\n<meta property=\"og:image\" content=\"https:\/\/hundtgroup.com\/wp-content\/uploads\/343096.jpg\" \/>\n\t<meta property=\"og:image:width\" content=\"1386\" \/>\n\t<meta property=\"og:image:height\" content=\"1325\" \/>\n\t<meta property=\"og:image:type\" content=\"image\/jpeg\" \/>\n<meta name=\"twitter:card\" content=\"summary_large_image\" \/>\n<script type=\"application\/ld+json\" class=\"yoast-schema-graph\">{\"@context\":\"https:\\\/\\\/schema.org\",\"@graph\":[{\"@type\":\"WebPage\",\"@id\":\"https:\\\/\\\/hundtgroup.com\\\/es\\\/produkt\\\/bosch-gsc-12-v-13-tijeras-de-hojalatero-sin-cable-30-ah\\\/\",\"url\":\"https:\\\/\\\/hundtgroup.com\\\/es\\\/produkt\\\/bosch-gsc-12-v-13-tijeras-de-hojalatero-sin-cable-30-ah\\\/\",\"name\":\"Bosch GSC 12 V-13 Tijeras de hojalatero sin cable 3,0 Ah - Wilhelm Hundt GmbH\",\"isPartOf\":{\"@id\":\"https:\\\/\\\/hundtgroup.com\\\/es\\\/#website\"},\"primaryImageOfPage\":{\"@id\":\"https:\\\/\\\/hundtgroup.com\\\/es\\\/produkt\\\/bosch-gsc-12-v-13-tijeras-de-hojalatero-sin-cable-30-ah\\\/#primaryimage\"},\"image\":{\"@id\":\"https:\\\/\\\/hundtgroup.com\\\/es\\\/produkt\\\/bosch-gsc-12-v-13-tijeras-de-hojalatero-sin-cable-30-ah\\\/#primaryimage\"},\"thumbnailUrl\":\"https:\\\/\\\/hundtgroup.com\\\/wp-content\\\/uploads\\\/343096.jpg\",\"datePublished\":\"2025-06-18T16:31:30+00:00\",\"dateModified\":\"2025-07-28T14:34:42+00:00\",\"breadcrumb\":{\"@id\":\"https:\\\/\\\/hundtgroup.com\\\/es\\\/produkt\\\/bosch-gsc-12-v-13-tijeras-de-hojalatero-sin-cable-30-ah\\\/#breadcrumb\"},\"inLanguage\":\"es\",\"potentialAction\":[{\"@type\":\"ReadAction\",\"target\":[\"https:\\\/\\\/hundtgroup.com\\\/es\\\/produkt\\\/bosch-gsc-12-v-13-tijeras-de-hojalatero-sin-cable-30-ah\\\/\"]}]},{\"@type\":\"ImageObject\",\"inLanguage\":\"es\",\"@id\":\"https:\\\/\\\/hundtgroup.com\\\/es\\\/produkt\\\/bosch-gsc-12-v-13-tijeras-de-hojalatero-sin-cable-30-ah\\\/#primaryimage\",\"url\":\"https:\\\/\\\/hundtgroup.com\\\/wp-content\\\/uploads\\\/343096.jpg\",\"contentUrl\":\"https:\\\/\\\/hundtgroup.com\\\/wp-content\\\/uploads\\\/343096.jpg\",\"width\":1386,\"height\":1325},{\"@type\":\"BreadcrumbList\",\"@id\":\"https:\\\/\\\/hundtgroup.com\\\/es\\\/produkt\\\/bosch-gsc-12-v-13-tijeras-de-hojalatero-sin-cable-30-ah\\\/#breadcrumb\",\"itemListElement\":[{\"@type\":\"ListItem\",\"position\":1,\"name\":\"Startseite\",\"item\":\"https:\\\/\\\/hundtgroup.com\\\/es\\\/inicio-nuevo\\\/\"},{\"@type\":\"ListItem\",\"position\":2,\"name\":\"Tienda\",\"item\":\"https:\\\/\\\/hundtgroup.com\\\/tienda\\\/\"},{\"@type\":\"ListItem\",\"position\":3,\"name\":\"Bosch GSC 12 V-13 Tijeras de hojalatero sin cable 3,0 Ah\"}]},{\"@type\":\"WebSite\",\"@id\":\"https:\\\/\\\/hundtgroup.com\\\/es\\\/#website\",\"url\":\"https:\\\/\\\/hundtgroup.com\\\/es\\\/\",\"name\":\"Wilhelm Hundt GmbH\",\"description\":\"Tu especialista en m\u00e1quinas y herramientas para la transformaci\u00f3n de la chapa\",\"potentialAction\":[{\"@type\":\"SearchAction\",\"target\":{\"@type\":\"EntryPoint\",\"urlTemplate\":\"https:\\\/\\\/hundtgroup.com\\\/es\\\/?s={search_term_string}\"},\"query-input\":{\"@type\":\"PropertyValueSpecification\",\"valueRequired\":true,\"valueName\":\"search_term_string\"}}],\"inLanguage\":\"es\"}]}<\/script>\n<!-- \/ Yoast SEO plugin. -->","yoast_head_json":{"title":"Bosch GSC 12 V-13 Tijeras de hojalatero sin cable 3,0 Ah - Wilhelm Hundt GmbH","robots":{"index":"index","follow":"follow","max-snippet":"max-snippet:-1","max-image-preview":"max-image-preview:large","max-video-preview":"max-video-preview:-1"},"canonical":"https:\/\/hundtgroup.com\/es\/produkt\/bosch-gsc-12-v-13-tijeras-de-hojalatero-sin-cable-30-ah\/","og_locale":"es_ES","og_type":"article","og_title":"Bosch GSC 12 V-13 Tijeras de hojalatero sin cable 3,0 Ah - Wilhelm Hundt GmbH","og_description":"Extremadamente potente: corta sin esfuerzo hasta 1,3 mm en metal, pr\u00e1ctico indicador del nivel de carga de la bater\u00eda con 3 LED, rendimiento de corte de hasta 60 m en acero con una sola carga de bater\u00eda, hoja reversible con 4 filos de corte para una mayor vida \u00fatil","og_url":"https:\/\/hundtgroup.com\/es\/produkt\/bosch-gsc-12-v-13-tijeras-de-hojalatero-sin-cable-30-ah\/","og_site_name":"Wilhelm Hundt GmbH","article_modified_time":"2025-07-28T14:34:42+00:00","og_image":[{"width":1386,"height":1325,"url":"https:\/\/hundtgroup.com\/wp-content\/uploads\/343096.jpg","type":"image\/jpeg"}],"twitter_card":"summary_large_image","schema":{"@context":"https:\/\/schema.org","@graph":[{"@type":"WebPage","@id":"https:\/\/hundtgroup.com\/es\/produkt\/bosch-gsc-12-v-13-tijeras-de-hojalatero-sin-cable-30-ah\/","url":"https:\/\/hundtgroup.com\/es\/produkt\/bosch-gsc-12-v-13-tijeras-de-hojalatero-sin-cable-30-ah\/","name":"Bosch GSC 12 V-13 Tijeras de hojalatero sin cable 3,0 Ah - Wilhelm Hundt GmbH","isPartOf":{"@id":"https:\/\/hundtgroup.com\/es\/#website"},"primaryImageOfPage":{"@id":"https:\/\/hundtgroup.com\/es\/produkt\/bosch-gsc-12-v-13-tijeras-de-hojalatero-sin-cable-30-ah\/#primaryimage"},"image":{"@id":"https:\/\/hundtgroup.com\/es\/produkt\/bosch-gsc-12-v-13-tijeras-de-hojalatero-sin-cable-30-ah\/#primaryimage"},"thumbnailUrl":"https:\/\/hundtgroup.com\/wp-content\/uploads\/343096.jpg","datePublished":"2025-06-18T16:31:30+00:00","dateModified":"2025-07-28T14:34:42+00:00","breadcrumb":{"@id":"https:\/\/hundtgroup.com\/es\/produkt\/bosch-gsc-12-v-13-tijeras-de-hojalatero-sin-cable-30-ah\/#breadcrumb"},"inLanguage":"es","potentialAction":[{"@type":"ReadAction","target":["https:\/\/hundtgroup.com\/es\/produkt\/bosch-gsc-12-v-13-tijeras-de-hojalatero-sin-cable-30-ah\/"]}]},{"@type":"ImageObject","inLanguage":"es","@id":"https:\/\/hundtgroup.com\/es\/produkt\/bosch-gsc-12-v-13-tijeras-de-hojalatero-sin-cable-30-ah\/#primaryimage","url":"https:\/\/hundtgroup.com\/wp-content\/uploads\/343096.jpg","contentUrl":"https:\/\/hundtgroup.com\/wp-content\/uploads\/343096.jpg","width":1386,"height":1325},{"@type":"BreadcrumbList","@id":"https:\/\/hundtgroup.com\/es\/produkt\/bosch-gsc-12-v-13-tijeras-de-hojalatero-sin-cable-30-ah\/#breadcrumb","itemListElement":[{"@type":"ListItem","position":1,"name":"Startseite","item":"https:\/\/hundtgroup.com\/es\/inicio-nuevo\/"},{"@type":"ListItem","position":2,"name":"Tienda","item":"https:\/\/hundtgroup.com\/tienda\/"},{"@type":"ListItem","position":3,"name":"Bosch GSC 12 V-13 Tijeras de hojalatero sin cable 3,0 Ah"}]},{"@type":"WebSite","@id":"https:\/\/hundtgroup.com\/es\/#website","url":"https:\/\/hundtgroup.com\/es\/","name":"Wilhelm Hundt GmbH","description":"Tu especialista en m\u00e1quinas y herramientas para la transformaci\u00f3n de la chapa","potentialAction":[{"@type":"SearchAction","target":{"@type":"EntryPoint","urlTemplate":"https:\/\/hundtgroup.com\/es\/?s={search_term_string}"},"query-input":{"@type":"PropertyValueSpecification","valueRequired":true,"valueName":"search_term_string"}}],"inLanguage":"es"}]}},"_links":{"self":[{"href":"https:\/\/hundtgroup.com\/es\/wp-json\/wp\/v2\/product\/22574","targetHints":{"allow":["GET"]}}],"collection":[{"href":"https:\/\/hundtgroup.com\/es\/wp-json\/wp\/v2\/product"}],"about":[{"href":"https:\/\/hundtgroup.com\/es\/wp-json\/wp\/v2\/types\/product"}],"wp:featuredmedia":[{"embeddable":true,"href":"https:\/\/hundtgroup.com\/es\/wp-json\/wp\/v2\/media\/22556"}],"wp:attachment":[{"href":"https:\/\/hundtgroup.com\/es\/wp-json\/wp\/v2\/media?parent=22574"}],"wp:term":[{"taxonomy":"product_cat","embeddable":true,"href":"https:\/\/hundtgroup.com\/es\/wp-json\/wp\/v2\/product_cat?post=22574"},{"taxonomy":"product_tag","embeddable":true,"href":"https:\/\/hundtgroup.com\/es\/wp-json\/wp\/v2\/product_tag?post=22574"}],"curies":[{"name":"wp","href":"https:\/\/api.w.org\/{rel}","templated":true}]}}